{"id":2962,"date":"2024-10-21T05:47:29","date_gmt":"2024-10-21T05:47:29","guid":{"rendered":"https:\/\/presfab.ca\/das-unternehmen\/"},"modified":"2025-02-09T01:46:11","modified_gmt":"2025-02-09T01:46:11","slug":"das-unternehmen","status":"publish","type":"page","link":"https:\/\/presfab.ca\/de\/das-unternehmen\/","title":{"rendered":"Das Unternehmen"},"content":{"rendered":"\t\t<div data-elementor-type=\"wp-page\" data-elementor-id=\"2962\" class=\"elementor elementor-2962 elementor-22\" data-elementor-post-type=\"page\">\n\t\t\t\t\t\t<section class=\"elementor-section elementor-top-section elementor-element elementor-element-7a3a191 elementor-section-height-min-height elementor-section-boxed elementor-section-height-default elementor-section-items-middle\" data-id=\"7a3a191\" data-element_type=\"section\" data-settings=\"{&quot;background_background&quot;:&quot;classic&quot;,&quot;ekit_has_onepagescroll_dot&quot;:&quot;yes&quot;}\">\n\t\t\t\t\t\t<div class=\"elementor-container elementor-column-gap-default\">\n\t\t\t\t\t<div class=\"elementor-column elementor-col-100 elementor-top-column elementor-element elementor-element-5f92ac9\" data-id=\"5f92ac9\" data-element_type=\"column\">\n\t\t\t<div class=\"elementor-widget-wrap\">\n\t\t\t\t\t\t\t<\/div>\n\t\t<\/div>\n\t\t\t\t\t<\/div>\n\t\t<\/section>\n\t\t\t\t<section class=\"elementor-section elementor-top-section elementor-element elementor-element-78eafe81 elementor-section-boxed elementor-section-height-default elementor-section-height-default\" data-id=\"78eafe81\" data-element_type=\"section\" data-settings=\"{&quot;background_background&quot;:&quot;classic&quot;,&quot;ekit_has_onepagescroll_dot&quot;:&quot;yes&quot;}\">\n\t\t\t\t\t\t<div class=\"elementor-container elementor-column-gap-default\">\n\t\t\t\t\t<div class=\"elementor-column elementor-col-50 elementor-top-column elementor-element elementor-element-204611d2\" data-id=\"204611d2\" data-element_type=\"column\">\n\t\t\t<div class=\"elementor-widget-wrap elementor-element-populated\">\n\t\t\t\t\t\t<section class=\"elementor-section elementor-inner-section elementor-element elementor-element-7b5d708e elementor-section-boxed elementor-section-height-default elementor-section-height-default\" data-id=\"7b5d708e\" data-element_type=\"section\" data-settings=\"{&quot;ekit_has_onepagescroll_dot&quot;:&quot;yes&quot;}\">\n\t\t\t\t\t\t<div class=\"elementor-container elementor-column-gap-default\">\n\t\t\t\t\t<div class=\"elementor-column elementor-col-100 elementor-inner-column elementor-element elementor-element-45bdf85a\" data-id=\"45bdf85a\" data-element_type=\"column\">\n\t\t\t<div class=\"elementor-widget-wrap elementor-element-populated\">\n\t\t\t\t\t\t<div class=\"elementor-element elementor-element-5bf3f558 elementor-invisible elementor-widget elementor-widget-heading\" data-id=\"5bf3f558\" data-element_type=\"widget\" data-settings=\"{&quot;_animation&quot;:&quot;fadeInDown&quot;,&quot;ekit_we_effect_on&quot;:&quot;none&quot;}\" data-widget_type=\"heading.default\">\n\t\t\t\t<div class=\"elementor-widget-container\">\n\t\t\t\t\t<h2 class=\"elementor-heading-title elementor-size-default\">DIE MISSION<\/h2>\t\t\t\t<\/div>\n\t\t\t\t<\/div>\n\t\t\t\t<div class=\"elementor-element elementor-element-7b941da0 elementor-invisible elementor-widget elementor-widget-text-editor\" data-id=\"7b941da0\" data-element_type=\"widget\" data-settings=\"{&quot;_animation&quot;:&quot;fadeInDown&quot;,&quot;ekit_we_effect_on&quot;:&quot;none&quot;}\" data-widget_type=\"text-editor.default\">\n\t\t\t\t<div class=\"elementor-widget-container\">\n\t\t\t\t\t\t\t\t\t<p>Presfab Inc. Ist ein Produktionsunternehmen, das sich auf das Design und die Entwicklung von Produkten f\u00fcr die Instandhaltung von Stra\u00dfennetzen spezialisiert hat. Unser Ziel ist es, eine Reihe von Produkten anzubieten, die den Bed\u00fcrfnissen unserer Kunden entsprechen.<\/p>\n<p>Presfab Inc. vertreibt seine Stahlprodukte unter dem Markennamen Ring-O-Pave\u2122 und Highway &amp; Rubber unter dem Markennamen Flex-O-Ring\u2122.<\/p>\n<p>Wir sind spezialisiert auf die Herstellung von Stahlringen und Gummiringen aus 100% recyceltem Gummi. Unsere Produktpalette deckt den Bedarf von St\u00e4dten und Interessengruppen, die sich auf die Instandhaltung von Stra\u00dfen und die Reparatur von: Auffangbecken, Sch\u00e4chten, elektrischen Leitungen, Ventilk\u00e4sten, Gasleitungen und anderen spezialisiert haben.<\/p>\n<p>Dar\u00fcber hinaus ist Highway Rubber auf die Herstellung von verkehrsberuhigenden Produkten und Verkehrssicherheitsprodukten aus recyceltem Gummi spezialisiert, die alle Anforderungen an die Verkehrssicherheit erf\u00fcllen. Unsere Produkte: Bodenschwellen, Radstopper, sinusf\u00f6rmige Bodenschwellen und unser U-f\u00f6rmiger Sockel f\u00fcr tempor\u00e4re Schilder erf\u00fcllen die Bed\u00fcrfnisse einer Vielzahl von Akteuren in der Verkehrssicherheitsbranche.<\/p>\n\t\t\t\t\t\t\t\t<\/div>\n\t\t\t\t<\/div>\n\t\t\t\t\t<\/div>\n\t\t<\/div>\n\t\t\t\t\t<\/div>\n\t\t<\/section>\n\t\t\t\t\t<\/div>\n\t\t<\/div>\n\t\t\t\t<div class=\"elementor-column elementor-col-50 elementor-top-column elementor-element elementor-element-61544660\" data-id=\"61544660\" data-element_type=\"column\">\n\t\t\t<div class=\"elementor-widget-wrap elementor-element-populated\">\n\t\t\t\t\t\t<section class=\"elementor-section elementor-inner-section elementor-element elementor-element-725bf91e elementor-section-boxed elementor-section-height-default elementor-section-height-default\" data-id=\"725bf91e\" data-element_type=\"section\" data-settings=\"{&quot;ekit_has_onepagescroll_dot&quot;:&quot;yes&quot;}\">\n\t\t\t\t\t\t<div class=\"elementor-container elementor-column-gap-default\">\n\t\t\t\t\t<div class=\"elementor-column elementor-col-100 elementor-inner-column elementor-element elementor-element-aa44e7e\" data-id=\"aa44e7e\" data-element_type=\"column\">\n\t\t\t<div class=\"elementor-widget-wrap elementor-element-populated\">\n\t\t\t\t\t\t<div class=\"elementor-element elementor-element-71ffad70 elementor-invisible elementor-widget elementor-widget-image\" data-id=\"71ffad70\" data-element_type=\"widget\" data-settings=\"{&quot;_animation&quot;:&quot;fadeInDown&quot;,&quot;ekit_we_effect_on&quot;:&quot;none&quot;}\" data-widget_type=\"image.default\">\n\t\t\t\t<div class=\"elementor-widget-container\">\n\t\t\t\t\t\t\t\t\t\t\t\t\t\t\t<img decoding=\"async\" width=\"230\" height=\"80\" src=\"https:\/\/presfab.ca\/wp-content\/uploads\/2024\/10\/logo_HighwayGarantie-1.jpg\" class=\"attachment-full size-full wp-image-348\" alt=\"\" \/>\t\t\t\t\t\t\t\t\t\t\t\t\t\t\t<\/div>\n\t\t\t\t<\/div>\n\t\t\t\t\t<\/div>\n\t\t<\/div>\n\t\t\t\t\t<\/div>\n\t\t<\/section>\n\t\t\t\t\t<\/div>\n\t\t<\/div>\n\t\t\t\t\t<\/div>\n\t\t<\/section>\n\t\t\t\t<section class=\"elementor-section elementor-top-section elementor-element elementor-element-7784814 elementor-section-boxed elementor-section-height-default elementor-section-height-default\" data-id=\"7784814\" data-element_type=\"section\" data-settings=\"{&quot;background_background&quot;:&quot;classic&quot;,&quot;ekit_has_onepagescroll_dot&quot;:&quot;yes&quot;}\">\n\t\t\t\t\t\t<div class=\"elementor-container elementor-column-gap-default\">\n\t\t\t\t\t<div class=\"elementor-column elementor-col-50 elementor-top-column elementor-element elementor-element-abef8fc\" data-id=\"abef8fc\" data-element_type=\"column\">\n\t\t\t<div class=\"elementor-widget-wrap elementor-element-populated\">\n\t\t\t\t\t\t<section class=\"elementor-section elementor-inner-section elementor-element elementor-element-0940c92 elementor-section-boxed elementor-section-height-default elementor-section-height-default\" data-id=\"0940c92\" data-element_type=\"section\" data-settings=\"{&quot;ekit_has_onepagescroll_dot&quot;:&quot;yes&quot;}\">\n\t\t\t\t\t\t<div class=\"elementor-container elementor-column-gap-default\">\n\t\t\t\t\t<div class=\"elementor-column elementor-col-100 elementor-inner-column elementor-element elementor-element-92867e6\" data-id=\"92867e6\" data-element_type=\"column\">\n\t\t\t<div class=\"elementor-widget-wrap elementor-element-populated\">\n\t\t\t\t\t\t<div class=\"elementor-element elementor-element-f864f8c elementor-invisible elementor-widget elementor-widget-image\" data-id=\"f864f8c\" data-element_type=\"widget\" data-settings=\"{&quot;_animation&quot;:&quot;fadeInDown&quot;,&quot;ekit_we_effect_on&quot;:&quot;none&quot;}\" data-widget_type=\"image.default\">\n\t\t\t\t<div class=\"elementor-widget-container\">\n\t\t\t\t\t\t\t\t\t\t\t\t\t\t\t<img decoding=\"async\" width=\"230\" height=\"80\" src=\"https:\/\/presfab.ca\/wp-content\/uploads\/2024\/10\/logoPresfab_garantie.jpg\" class=\"attachment-full size-full wp-image-315\" alt=\"\" \/>\t\t\t\t\t\t\t\t\t\t\t\t\t\t\t<\/div>\n\t\t\t\t<\/div>\n\t\t\t\t\t<\/div>\n\t\t<\/div>\n\t\t\t\t\t<\/div>\n\t\t<\/section>\n\t\t\t\t\t<\/div>\n\t\t<\/div>\n\t\t\t\t<div class=\"elementor-column elementor-col-50 elementor-top-column elementor-element elementor-element-06b17a4\" data-id=\"06b17a4\" data-element_type=\"column\">\n\t\t\t<div class=\"elementor-widget-wrap elementor-element-populated\">\n\t\t\t\t\t\t<section class=\"elementor-section elementor-inner-section elementor-element elementor-element-366aa88 elementor-section-boxed elementor-section-height-default elementor-section-height-default\" data-id=\"366aa88\" data-element_type=\"section\" data-settings=\"{&quot;ekit_has_onepagescroll_dot&quot;:&quot;yes&quot;}\">\n\t\t\t\t\t\t<div class=\"elementor-container elementor-column-gap-default\">\n\t\t\t\t\t<div class=\"elementor-column elementor-col-100 elementor-inner-column elementor-element elementor-element-a36ff52\" data-id=\"a36ff52\" data-element_type=\"column\">\n\t\t\t<div class=\"elementor-widget-wrap elementor-element-populated\">\n\t\t\t\t\t\t<div class=\"elementor-element elementor-element-79eabdd elementor-invisible elementor-widget elementor-widget-heading\" data-id=\"79eabdd\" data-element_type=\"widget\" data-settings=\"{&quot;_animation&quot;:&quot;fadeInDown&quot;,&quot;ekit_we_effect_on&quot;:&quot;none&quot;}\" data-widget_type=\"heading.default\">\n\t\t\t\t<div class=\"elementor-widget-container\">\n\t\t\t\t\t<h2 class=\"elementor-heading-title elementor-size-default\">GESCHICHTE<\/h2>\t\t\t\t<\/div>\n\t\t\t\t<\/div>\n\t\t\t\t<div class=\"elementor-element elementor-element-35aa8fd elementor-invisible elementor-widget elementor-widget-text-editor\" data-id=\"35aa8fd\" data-element_type=\"widget\" data-settings=\"{&quot;_animation&quot;:&quot;fadeInDown&quot;,&quot;ekit_we_effect_on&quot;:&quot;none&quot;}\" data-widget_type=\"text-editor.default\">\n\t\t\t\t<div class=\"elementor-widget-container\">\n\t\t\t\t\t\t\t\t\t<p>Alles begann im Jahr 1976, als Alain Prescott Prescott Metal gr\u00fcndete. Urspr\u00fcnglich war das Unternehmen auf die Herstellung von Stahlteilen f\u00fcr die Schwerindustrie wie Bergwerke, Friedhofsanlagen und andere spezialisierte Kunden spezialisiert. Auf die Bitte eines Kunden (Foundry) hin, eine L\u00f6sung und Alternative zu allen gegossenen Veredelungen zu finden, die brechen, f\u00fchrte Herr Prescott seine eigene Analyse durch und begann mit der Produktion eines Veredelungsrings aus Stahl, der unter dem Markennamen Ring-O-Pave verkauft wurde. Dies war der Beginn eines neuen Abenteuers.<\/p>\n<p>1986 verkaufte Mr. Prescott Prescott Metal, um sich ausschlie\u00dflich auf die Herstellung des Ring-O-Pave-Produkts zu konzentrieren. Mr. Prescott erhielt 5 Patente f\u00fcr den Ring-O-Pave, nachdem das Produkt in Branchen wie Bergwerken, Brennereien, Gie\u00dfereien, Kl\u00e4ranlagen und anderen Kunden erfolgreich eingesetzt wurde.<\/p>\n<p>Im Jahr 1994 entsteht ein neuer Markt mit der Herstellung von Produkten aus recycelten Reifen. Dies ist der Beginn einer neuen \u00c4ra, die Einf\u00fchrung des Flex-O-Rings. Dieser Rahmen aus 100% recyceltem Gummi ist das Ergebnis von zwei Jahren Forschung und Entwicklung, die zu einem weiteren Patent gef\u00fchrt haben. Nach dem Erfolg bei seiner Einf\u00fchrung erf\u00fcllt der Flex-O-Ring weiterhin die Bed\u00fcrfnisse von St\u00e4dten und anderen Akteuren im Bereich der Stra\u00dfeninstandhaltung.<\/p>\n<p>Das Jahr 2005 war ein schwieriges Jahr: Ein Feuer verw\u00fcstete die Einrichtungen des Unternehmens. Mit seinem Unternehmergeist traf Herr Prescott die Entscheidung, das Unternehmen zu reorganisieren und in eine gr\u00f6\u00dfere Anlage in Boisbriand zu verlegen. Obwohl der Beginn des Jahres schwierig war, war diese Situation in gewisser Weise vorteilhaft f\u00fcr das Unternehmen, denn sie erm\u00f6glichte es dem Unternehmen, sich neu zu positionieren und durch die Einf\u00fchrung eines eigenen automatisierten Prozesses und effizienterer Ger\u00e4te zu einem der produktivsten Werke in Nordamerika zu werden.<\/p>\n<p>Im Jahr 2006 begann das Unternehmen mit dem Verkauf seiner Produkte auf dem europ\u00e4ischen Kontinent und ist heute eines der erfolgreichsten Unternehmen in der Entwicklung und Herstellung von Sonderanfertigungen f\u00fcr seine Kunden. Unsere Produkte, Ring-O-Pave, Flex-O-Ring und alle speziellen Stra\u00dfen- und Sicherheitsprodukte, sind \u00fcber unser Vertriebsnetz in ganz Nordamerika erh\u00e4ltlich.<\/p>\n\t\t\t\t\t\t\t\t<\/div>\n\t\t\t\t<\/div>\n\t\t\t\t\t<\/div>\n\t\t<\/div>\n\t\t\t\t\t<\/div>\n\t\t<\/section>\n\t\t\t\t\t<\/div>\n\t\t<\/div>\n\t\t\t\t\t<\/div>\n\t\t<\/section>\n\t\t\t\t<\/div>\n\t\t","protected":false},"excerpt":{"rendered":"<p>DIE MISSION Presfab Inc. Ist ein Produktionsunternehmen, das sich auf das Design und die Entwicklung von Produkten f\u00fcr die Instandhaltung von Stra\u00dfennetzen spezialisiert hat. Unser Ziel ist es, eine Reihe von Produkten anzubieten, die den Bed\u00fcrfnissen unserer Kunden entsprechen. Presfab Inc. vertreibt seine Stahlprodukte unter dem Markennamen Ring-O-Pave\u2122 und Highway &amp; Rubber unter dem Markennamen [&hellip;]<\/p>\n","protected":false},"author":1,"featured_media":0,"parent":0,"menu_order":0,"comment_status":"closed","ping_status":"closed","template":"elementor_header_footer","meta":{"content-type":"","footnotes":""},"class_list":["post-2962","page","type-page","status-publish","hentry"],"yoast_head":"<!-- This site is optimized with the Yoast SEO Premium plugin v24.3 (Yoast SEO v24.3) - https:\/\/yoast.com\/wordpress\/plugins\/seo\/ -->\n<title>Das Unternehmen - PRESFAB HIGHWAY<\/title>\n<meta name=\"robots\" content=\"index, follow, max-snippet:-1, max-image-preview:large, max-video-preview:-1\" \/>\n<link rel=\"canonical\" href=\"https:\/\/presfab.ca\/de\/das-unternehmen\/\" \/>\n<meta property=\"og:locale\" content=\"de_DE\" \/>\n<meta property=\"og:type\" content=\"article\" \/>\n<meta property=\"og:title\" content=\"Das Unternehmen\" \/>\n<meta property=\"og:description\" content=\"DIE MISSION Presfab Inc. Ist ein Produktionsunternehmen, das sich auf das Design und die Entwicklung von Produkten f\u00fcr die Instandhaltung von Stra\u00dfennetzen spezialisiert hat. Unser Ziel ist es, eine Reihe von Produkten anzubieten, die den Bed\u00fcrfnissen unserer Kunden entsprechen. Presfab Inc. vertreibt seine Stahlprodukte unter dem Markennamen Ring-O-Pave\u2122 und Highway &amp; Rubber unter dem Markennamen [&hellip;]\" \/>\n<meta property=\"og:url\" content=\"https:\/\/presfab.ca\/de\/das-unternehmen\/\" \/>\n<meta property=\"og:site_name\" content=\"PRESFAB HIGHWAY\" \/>\n<meta property=\"article:publisher\" content=\"https:\/\/www.facebook.com\/PresfabHighway\" \/>\n<meta property=\"article:modified_time\" content=\"2025-02-09T01:46:11+00:00\" \/>\n<meta property=\"og:image\" content=\"https:\/\/presfab.ca\/wp-content\/uploads\/2024\/10\/logo_HighwayGarantie-1.jpg\" \/>\n\t<meta property=\"og:image:width\" content=\"230\" \/>\n\t<meta property=\"og:image:height\" content=\"80\" \/>\n\t<meta property=\"og:image:type\" content=\"image\/jpeg\" \/>\n<meta name=\"twitter:card\" content=\"summary_large_image\" \/>\n<meta name=\"twitter:site\" content=\"@PresfabHighway\" \/>\n<meta name=\"twitter:label1\" content=\"Gesch\u00e4tzte Lesezeit\" \/>\n\t<meta name=\"twitter:data1\" content=\"3\u00a0Minuten\" \/>\n<script type=\"application\/ld+json\" class=\"yoast-schema-graph\">{\"@context\":\"https:\/\/schema.org\",\"@graph\":[{\"@type\":\"WebPage\",\"@id\":\"https:\/\/presfab.ca\/de\/das-unternehmen\/\",\"url\":\"https:\/\/presfab.ca\/de\/das-unternehmen\/\",\"name\":\"Das Unternehmen - PRESFAB HIGHWAY\",\"isPartOf\":{\"@id\":\"https:\/\/presfab.ca\/de\/#website\"},\"primaryImageOfPage\":{\"@id\":\"https:\/\/presfab.ca\/de\/das-unternehmen\/#primaryimage\"},\"image\":{\"@id\":\"https:\/\/presfab.ca\/de\/das-unternehmen\/#primaryimage\"},\"thumbnailUrl\":\"https:\/\/presfab.ca\/wp-content\/uploads\/2024\/10\/logo_HighwayGarantie-1.jpg\",\"datePublished\":\"2024-10-21T05:47:29+00:00\",\"dateModified\":\"2025-02-09T01:46:11+00:00\",\"breadcrumb\":{\"@id\":\"https:\/\/presfab.ca\/de\/das-unternehmen\/#breadcrumb\"},\"inLanguage\":\"de\",\"potentialAction\":[{\"@type\":\"ReadAction\",\"target\":[\"https:\/\/presfab.ca\/de\/das-unternehmen\/\"]}]},{\"@type\":\"ImageObject\",\"inLanguage\":\"de\",\"@id\":\"https:\/\/presfab.ca\/de\/das-unternehmen\/#primaryimage\",\"url\":\"https:\/\/presfab.ca\/wp-content\/uploads\/2024\/10\/logo_HighwayGarantie-1.jpg\",\"contentUrl\":\"https:\/\/presfab.ca\/wp-content\/uploads\/2024\/10\/logo_HighwayGarantie-1.jpg\"},{\"@type\":\"BreadcrumbList\",\"@id\":\"https:\/\/presfab.ca\/de\/das-unternehmen\/#breadcrumb\",\"itemListElement\":[{\"@type\":\"ListItem\",\"position\":1,\"name\":\"Home\",\"item\":\"https:\/\/presfab.ca\/de\/\"},{\"@type\":\"ListItem\",\"position\":2,\"name\":\"Das Unternehmen\"}]},{\"@type\":\"WebSite\",\"@id\":\"https:\/\/presfab.ca\/de\/#website\",\"url\":\"https:\/\/presfab.ca\/de\/\",\"name\":\"PRESFAB HIGHWAY\",\"description\":\"Manhole Riser Rings, Delineator Bases, Channelizer Bases, Sign bases and more!\",\"publisher\":{\"@id\":\"https:\/\/presfab.ca\/de\/#organization\"},\"potentialAction\":[{\"@type\":\"SearchAction\",\"target\":{\"@type\":\"EntryPoint\",\"urlTemplate\":\"https:\/\/presfab.ca\/de\/?s={search_term_string}\"},\"query-input\":{\"@type\":\"PropertyValueSpecification\",\"valueRequired\":true,\"valueName\":\"search_term_string\"}}],\"inLanguage\":\"de\"},{\"@type\":\"Organization\",\"@id\":\"https:\/\/presfab.ca\/de\/#organization\",\"name\":\"PRESFAB HIGHWAY\",\"url\":\"https:\/\/presfab.ca\/de\/\",\"logo\":{\"@type\":\"ImageObject\",\"inLanguage\":\"de\",\"@id\":\"https:\/\/presfab.ca\/de\/#\/schema\/logo\/image\/\",\"url\":\"https:\/\/presfab.ca\/wp-content\/uploads\/2025\/01\/Asset-1ZoomOut.png\",\"contentUrl\":\"https:\/\/presfab.ca\/wp-content\/uploads\/2025\/01\/Asset-1ZoomOut.png\",\"width\":118,\"height\":46,\"caption\":\"PRESFAB HIGHWAY\"},\"image\":{\"@id\":\"https:\/\/presfab.ca\/de\/#\/schema\/logo\/image\/\"},\"sameAs\":[\"https:\/\/www.facebook.com\/PresfabHighway\",\"https:\/\/x.com\/PresfabHighway\",\"https:\/\/www.linkedin.com\/company\/presfab-highway\/?viewAsMember=true\"],\"description\":\"Presfab Highway is a manufacturer of traffic safety products, and manhole and aquaduct grade riser rings. We make bases for Channelizer drums (TR& & TC54), Bases for RD-10 Delineator Posts, Temporary sign bases, speed bumps.\",\"email\":\"sales@presfab.ca\",\"telephone\":\"450-979-0007\"}]}<\/script>\n<!-- \/ Yoast SEO Premium plugin. -->","yoast_head_json":{"title":"Das Unternehmen - PRESFAB HIGHWAY","robots":{"index":"index","follow":"follow","max-snippet":"max-snippet:-1","max-image-preview":"max-image-preview:large","max-video-preview":"max-video-preview:-1"},"canonical":"https:\/\/presfab.ca\/de\/das-unternehmen\/","og_locale":"de_DE","og_type":"article","og_title":"Das Unternehmen","og_description":"DIE MISSION Presfab Inc. Ist ein Produktionsunternehmen, das sich auf das Design und die Entwicklung von Produkten f\u00fcr die Instandhaltung von Stra\u00dfennetzen spezialisiert hat. Unser Ziel ist es, eine Reihe von Produkten anzubieten, die den Bed\u00fcrfnissen unserer Kunden entsprechen. Presfab Inc. vertreibt seine Stahlprodukte unter dem Markennamen Ring-O-Pave\u2122 und Highway &amp; Rubber unter dem Markennamen [&hellip;]","og_url":"https:\/\/presfab.ca\/de\/das-unternehmen\/","og_site_name":"PRESFAB HIGHWAY","article_publisher":"https:\/\/www.facebook.com\/PresfabHighway","article_modified_time":"2025-02-09T01:46:11+00:00","og_image":[{"width":230,"height":80,"url":"https:\/\/presfab.ca\/wp-content\/uploads\/2024\/10\/logo_HighwayGarantie-1.jpg","type":"image\/jpeg"}],"twitter_card":"summary_large_image","twitter_site":"@PresfabHighway","twitter_misc":{"Gesch\u00e4tzte Lesezeit":"3\u00a0Minuten"},"schema":{"@context":"https:\/\/schema.org","@graph":[{"@type":"WebPage","@id":"https:\/\/presfab.ca\/de\/das-unternehmen\/","url":"https:\/\/presfab.ca\/de\/das-unternehmen\/","name":"Das Unternehmen - PRESFAB HIGHWAY","isPartOf":{"@id":"https:\/\/presfab.ca\/de\/#website"},"primaryImageOfPage":{"@id":"https:\/\/presfab.ca\/de\/das-unternehmen\/#primaryimage"},"image":{"@id":"https:\/\/presfab.ca\/de\/das-unternehmen\/#primaryimage"},"thumbnailUrl":"https:\/\/presfab.ca\/wp-content\/uploads\/2024\/10\/logo_HighwayGarantie-1.jpg","datePublished":"2024-10-21T05:47:29+00:00","dateModified":"2025-02-09T01:46:11+00:00","breadcrumb":{"@id":"https:\/\/presfab.ca\/de\/das-unternehmen\/#breadcrumb"},"inLanguage":"de","potentialAction":[{"@type":"ReadAction","target":["https:\/\/presfab.ca\/de\/das-unternehmen\/"]}]},{"@type":"ImageObject","inLanguage":"de","@id":"https:\/\/presfab.ca\/de\/das-unternehmen\/#primaryimage","url":"https:\/\/presfab.ca\/wp-content\/uploads\/2024\/10\/logo_HighwayGarantie-1.jpg","contentUrl":"https:\/\/presfab.ca\/wp-content\/uploads\/2024\/10\/logo_HighwayGarantie-1.jpg"},{"@type":"BreadcrumbList","@id":"https:\/\/presfab.ca\/de\/das-unternehmen\/#breadcrumb","itemListElement":[{"@type":"ListItem","position":1,"name":"Home","item":"https:\/\/presfab.ca\/de\/"},{"@type":"ListItem","position":2,"name":"Das Unternehmen"}]},{"@type":"WebSite","@id":"https:\/\/presfab.ca\/de\/#website","url":"https:\/\/presfab.ca\/de\/","name":"PRESFAB HIGHWAY","description":"Manhole Riser Rings, Delineator Bases, Channelizer Bases, Sign bases and more!","publisher":{"@id":"https:\/\/presfab.ca\/de\/#organization"},"potentialAction":[{"@type":"SearchAction","target":{"@type":"EntryPoint","urlTemplate":"https:\/\/presfab.ca\/de\/?s={search_term_string}"},"query-input":{"@type":"PropertyValueSpecification","valueRequired":true,"valueName":"search_term_string"}}],"inLanguage":"de"},{"@type":"Organization","@id":"https:\/\/presfab.ca\/de\/#organization","name":"PRESFAB HIGHWAY","url":"https:\/\/presfab.ca\/de\/","logo":{"@type":"ImageObject","inLanguage":"de","@id":"https:\/\/presfab.ca\/de\/#\/schema\/logo\/image\/","url":"https:\/\/presfab.ca\/wp-content\/uploads\/2025\/01\/Asset-1ZoomOut.png","contentUrl":"https:\/\/presfab.ca\/wp-content\/uploads\/2025\/01\/Asset-1ZoomOut.png","width":118,"height":46,"caption":"PRESFAB HIGHWAY"},"image":{"@id":"https:\/\/presfab.ca\/de\/#\/schema\/logo\/image\/"},"sameAs":["https:\/\/www.facebook.com\/PresfabHighway","https:\/\/x.com\/PresfabHighway","https:\/\/www.linkedin.com\/company\/presfab-highway\/?viewAsMember=true"],"description":"Presfab Highway is a manufacturer of traffic safety products, and manhole and aquaduct grade riser rings. We make bases for Channelizer drums (TR& & TC54), Bases for RD-10 Delineator Posts, Temporary sign bases, speed bumps.","email":"sales@presfab.ca","telephone":"450-979-0007"}]}},"jetpack_sharing_enabled":true,"_links":{"self":[{"href":"https:\/\/presfab.ca\/de\/wp-json\/wp\/v2\/pages\/2962","targetHints":{"allow":["GET"]}}],"collection":[{"href":"https:\/\/presfab.ca\/de\/wp-json\/wp\/v2\/pages"}],"about":[{"href":"https:\/\/presfab.ca\/de\/wp-json\/wp\/v2\/types\/page"}],"author":[{"embeddable":true,"href":"https:\/\/presfab.ca\/de\/wp-json\/wp\/v2\/users\/1"}],"replies":[{"embeddable":true,"href":"https:\/\/presfab.ca\/de\/wp-json\/wp\/v2\/comments?post=2962"}],"version-history":[{"count":1,"href":"https:\/\/presfab.ca\/de\/wp-json\/wp\/v2\/pages\/2962\/revisions"}],"predecessor-version":[{"id":2996,"href":"https:\/\/presfab.ca\/de\/wp-json\/wp\/v2\/pages\/2962\/revisions\/2996"}],"wp:attachment":[{"href":"https:\/\/presfab.ca\/de\/wp-json\/wp\/v2\/media?parent=2962"}],"curies":[{"name":"wp","href":"https:\/\/api.w.org\/{rel}","templated":true}]}}