{"id":3150,"date":"2024-10-21T05:48:02","date_gmt":"2024-10-21T05:48:02","guid":{"rendered":"https:\/\/presfab.ca\/garantie\/"},"modified":"2025-02-09T01:46:18","modified_gmt":"2025-02-09T01:46:18","slug":"garantie","status":"publish","type":"page","link":"https:\/\/presfab.ca\/de\/garantie\/","title":{"rendered":"Garantie"},"content":{"rendered":"\t\t<div data-elementor-type=\"wp-page\" data-elementor-id=\"3150\" class=\"elementor elementor-3150 elementor-26\" data-elementor-post-type=\"page\">\n\t\t\t\t<div class=\"elementor-element elementor-element-ddaae21 e-flex e-con-boxed e-con e-parent\" data-id=\"ddaae21\" data-element_type=\"container\" data-settings=\"{&quot;ekit_has_onepagescroll_dot&quot;:&quot;yes&quot;}\">\n\t\t\t\t\t<div class=\"e-con-inner\">\n\t\t\t\t<div class=\"elementor-element elementor-element-a0854e4 elementor-widget elementor-widget-heading\" data-id=\"a0854e4\" data-element_type=\"widget\" data-settings=\"{&quot;ekit_we_effect_on&quot;:&quot;none&quot;}\" data-widget_type=\"heading.default\">\n\t\t\t\t<div class=\"elementor-widget-container\">\n\t\t\t\t\t<h2 class=\"elementor-heading-title elementor-size-default\">GARANTIE<\/h2>\t\t\t\t<\/div>\n\t\t\t\t<\/div>\n\t\t\t\t\t<\/div>\n\t\t\t\t<\/div>\n\t\t\t\t<section class=\"elementor-section elementor-top-section elementor-element elementor-element-2f57dc9 elementor-section-boxed elementor-section-height-default elementor-section-height-default\" data-id=\"2f57dc9\" data-element_type=\"section\" data-settings=\"{&quot;background_background&quot;:&quot;classic&quot;,&quot;ekit_has_onepagescroll_dot&quot;:&quot;yes&quot;}\">\n\t\t\t\t\t\t<div class=\"elementor-container elementor-column-gap-default\">\n\t\t\t\t\t<div class=\"elementor-column elementor-col-50 elementor-top-column elementor-element elementor-element-36083f7\" data-id=\"36083f7\" data-element_type=\"column\">\n\t\t\t<div class=\"elementor-widget-wrap elementor-element-populated\">\n\t\t\t\t\t\t<section class=\"elementor-section elementor-inner-section elementor-element elementor-element-70b0d0d elementor-section-boxed elementor-section-height-default elementor-section-height-default\" data-id=\"70b0d0d\" data-element_type=\"section\" data-settings=\"{&quot;ekit_has_onepagescroll_dot&quot;:&quot;yes&quot;}\">\n\t\t\t\t\t\t<div class=\"elementor-container elementor-column-gap-default\">\n\t\t\t\t\t<div class=\"elementor-column elementor-col-100 elementor-inner-column elementor-element elementor-element-da987d3\" data-id=\"da987d3\" data-element_type=\"column\">\n\t\t\t<div class=\"elementor-widget-wrap elementor-element-populated\">\n\t\t\t\t\t\t<div class=\"elementor-element elementor-element-f6fc6a7 elementor-invisible elementor-widget elementor-widget-text-editor\" data-id=\"f6fc6a7\" data-element_type=\"widget\" data-settings=\"{&quot;_animation&quot;:&quot;fadeInDown&quot;,&quot;ekit_we_effect_on&quot;:&quot;none&quot;}\" data-widget_type=\"text-editor.default\">\n\t\t\t\t<div class=\"elementor-widget-container\">\n\t\t\t\t\t\t\t\t\t<p>Die Produkte der Firma Highway Rubber &amp; Safety Inc. sind f\u00fcr einen Zeitraum von f\u00fcnf ( 5 ) Jahren vollst\u00e4ndig gegen jegliche Herstellungsfehler garantiert.<\/p>\n\t\t\t\t\t\t\t\t<\/div>\n\t\t\t\t<\/div>\n\t\t\t\t<div class=\"elementor-element elementor-element-4a9a75e elementor-widget elementor-widget-button\" data-id=\"4a9a75e\" data-element_type=\"widget\" data-settings=\"{&quot;ekit_we_effect_on&quot;:&quot;none&quot;}\" data-widget_type=\"button.default\">\n\t\t\t\t<div class=\"elementor-widget-container\">\n\t\t\t\t\t\t\t\t\t<div class=\"elementor-button-wrapper\">\n\t\t\t\t\t<a class=\"elementor-button elementor-button-link elementor-size-sm\" href=\"https:\/\/presfab.ca\/wp-content\/uploads\/2024\/10\/HighwayRubberSafety_Waranty.pdf\">\n\t\t\t\t\t\t<span class=\"elementor-button-content-wrapper\">\n\t\t\t\t\t\t\t\t\t<span class=\"elementor-button-text\">Download der Highway Gummi- und Sicherheitsgarantie<\/span>\n\t\t\t\t\t<\/span>\n\t\t\t\t\t<\/a>\n\t\t\t\t<\/div>\n\t\t\t\t\t\t\t\t<\/div>\n\t\t\t\t<\/div>\n\t\t\t\t\t<\/div>\n\t\t<\/div>\n\t\t\t\t\t<\/div>\n\t\t<\/section>\n\t\t\t\t\t<\/div>\n\t\t<\/div>\n\t\t\t\t<div class=\"elementor-column elementor-col-50 elementor-top-column elementor-element elementor-element-63debd0\" data-id=\"63debd0\" data-element_type=\"column\">\n\t\t\t<div class=\"elementor-widget-wrap elementor-element-populated\">\n\t\t\t\t\t\t<section class=\"elementor-section elementor-inner-section elementor-element elementor-element-c586a2a elementor-section-boxed elementor-section-height-default elementor-section-height-default\" data-id=\"c586a2a\" data-element_type=\"section\" data-settings=\"{&quot;ekit_has_onepagescroll_dot&quot;:&quot;yes&quot;}\">\n\t\t\t\t\t\t<div class=\"elementor-container elementor-column-gap-default\">\n\t\t\t\t\t<div class=\"elementor-column elementor-col-100 elementor-inner-column elementor-element elementor-element-11b8656\" data-id=\"11b8656\" data-element_type=\"column\">\n\t\t\t<div class=\"elementor-widget-wrap elementor-element-populated\">\n\t\t\t\t\t\t<div class=\"elementor-element elementor-element-9822029 elementor-invisible elementor-widget elementor-widget-image\" data-id=\"9822029\" data-element_type=\"widget\" data-settings=\"{&quot;_animation&quot;:&quot;fadeInDown&quot;,&quot;ekit_we_effect_on&quot;:&quot;none&quot;}\" data-widget_type=\"image.default\">\n\t\t\t\t<div class=\"elementor-widget-container\">\n\t\t\t\t\t\t\t\t\t\t\t\t\t\t\t<img decoding=\"async\" width=\"230\" height=\"80\" src=\"https:\/\/presfab.ca\/wp-content\/uploads\/2024\/10\/logo_HighwayGarantie-1.jpg\" class=\"attachment-full size-full wp-image-348\" alt=\"\" \/>\t\t\t\t\t\t\t\t\t\t\t\t\t\t\t<\/div>\n\t\t\t\t<\/div>\n\t\t\t\t\t<\/div>\n\t\t<\/div>\n\t\t\t\t\t<\/div>\n\t\t<\/section>\n\t\t\t\t\t<\/div>\n\t\t<\/div>\n\t\t\t\t\t<\/div>\n\t\t<\/section>\n\t\t\t\t<section class=\"elementor-section elementor-top-section elementor-element elementor-element-ee6e2fb elementor-section-boxed elementor-section-height-default elementor-section-height-default\" data-id=\"ee6e2fb\" data-element_type=\"section\" data-settings=\"{&quot;background_background&quot;:&quot;classic&quot;,&quot;ekit_has_onepagescroll_dot&quot;:&quot;yes&quot;}\">\n\t\t\t\t\t\t<div class=\"elementor-container elementor-column-gap-default\">\n\t\t\t\t\t<div class=\"elementor-column elementor-col-50 elementor-top-column elementor-element elementor-element-0999bcf\" data-id=\"0999bcf\" data-element_type=\"column\">\n\t\t\t<div class=\"elementor-widget-wrap elementor-element-populated\">\n\t\t\t\t\t\t<section class=\"elementor-section elementor-inner-section elementor-element elementor-element-89c6ece elementor-section-boxed elementor-section-height-default elementor-section-height-default\" data-id=\"89c6ece\" data-element_type=\"section\" data-settings=\"{&quot;ekit_has_onepagescroll_dot&quot;:&quot;yes&quot;}\">\n\t\t\t\t\t\t<div class=\"elementor-container elementor-column-gap-default\">\n\t\t\t\t\t<div class=\"elementor-column elementor-col-100 elementor-inner-column elementor-element elementor-element-40bb118\" data-id=\"40bb118\" data-element_type=\"column\">\n\t\t\t<div class=\"elementor-widget-wrap elementor-element-populated\">\n\t\t\t\t\t\t<div class=\"elementor-element elementor-element-a797eed elementor-invisible elementor-widget elementor-widget-image\" data-id=\"a797eed\" data-element_type=\"widget\" data-settings=\"{&quot;_animation&quot;:&quot;fadeInDown&quot;,&quot;ekit_we_effect_on&quot;:&quot;none&quot;}\" data-widget_type=\"image.default\">\n\t\t\t\t<div class=\"elementor-widget-container\">\n\t\t\t\t\t\t\t\t\t\t\t\t\t\t\t<img decoding=\"async\" width=\"230\" height=\"80\" src=\"https:\/\/presfab.ca\/wp-content\/uploads\/2024\/10\/logoPresfab_garantie.jpg\" class=\"attachment-full size-full wp-image-315\" alt=\"\" \/>\t\t\t\t\t\t\t\t\t\t\t\t\t\t\t<\/div>\n\t\t\t\t<\/div>\n\t\t\t\t\t<\/div>\n\t\t<\/div>\n\t\t\t\t\t<\/div>\n\t\t<\/section>\n\t\t\t\t\t<\/div>\n\t\t<\/div>\n\t\t\t\t<div class=\"elementor-column elementor-col-50 elementor-top-column elementor-element elementor-element-c1aa33b\" data-id=\"c1aa33b\" data-element_type=\"column\">\n\t\t\t<div class=\"elementor-widget-wrap elementor-element-populated\">\n\t\t\t\t\t\t<section class=\"elementor-section elementor-inner-section elementor-element elementor-element-9ce1ef6 elementor-section-boxed elementor-section-height-default elementor-section-height-default\" data-id=\"9ce1ef6\" data-element_type=\"section\" data-settings=\"{&quot;ekit_has_onepagescroll_dot&quot;:&quot;yes&quot;}\">\n\t\t\t\t\t\t<div class=\"elementor-container elementor-column-gap-default\">\n\t\t\t\t\t<div class=\"elementor-column elementor-col-100 elementor-inner-column elementor-element elementor-element-f5b0515\" data-id=\"f5b0515\" data-element_type=\"column\">\n\t\t\t<div class=\"elementor-widget-wrap elementor-element-populated\">\n\t\t\t\t\t\t<div class=\"elementor-element elementor-element-8164f38 elementor-invisible elementor-widget elementor-widget-text-editor\" data-id=\"8164f38\" data-element_type=\"widget\" data-settings=\"{&quot;_animation&quot;:&quot;fadeInDown&quot;,&quot;ekit_we_effect_on&quot;:&quot;none&quot;}\" data-widget_type=\"text-editor.default\">\n\t\t\t\t<div class=\"elementor-widget-container\">\n\t\t\t\t\t\t\t\t\t<p>Die Produkte der Firma Presfab Rubtech Inc. sind f\u00fcr einen Zeitraum von f\u00fcnf (5) Jahren vollst\u00e4ndig gegen jegliche Herstellungsfehler garantiert. Verzinkte Produkte sind f\u00fcr einen Zeitraum von f\u00fcnfundzwanzig (25) Jahren gegen Rost garantiert. <\/p>\n\t\t\t\t\t\t\t\t<\/div>\n\t\t\t\t<\/div>\n\t\t\t\t<div class=\"elementor-element elementor-element-f0678b8 elementor-widget elementor-widget-button\" data-id=\"f0678b8\" data-element_type=\"widget\" data-settings=\"{&quot;ekit_we_effect_on&quot;:&quot;none&quot;}\" data-widget_type=\"button.default\">\n\t\t\t\t<div class=\"elementor-widget-container\">\n\t\t\t\t\t\t\t\t\t<div class=\"elementor-button-wrapper\">\n\t\t\t\t\t<a class=\"elementor-button elementor-button-link elementor-size-sm\" href=\"https:\/\/presfab.ca\/wp-content\/uploads\/2024\/10\/PresfabRubtech_Waranty.pdf\">\n\t\t\t\t\t\t<span class=\"elementor-button-content-wrapper\">\n\t\t\t\t\t\t\t\t\t<span class=\"elementor-button-text\">Laden Sie die Rubtech Fertigteil-Garantie herunter<\/span>\n\t\t\t\t\t<\/span>\n\t\t\t\t\t<\/a>\n\t\t\t\t<\/div>\n\t\t\t\t\t\t\t\t<\/div>\n\t\t\t\t<\/div>\n\t\t\t\t\t<\/div>\n\t\t<\/div>\n\t\t\t\t\t<\/div>\n\t\t<\/section>\n\t\t\t\t\t<\/div>\n\t\t<\/div>\n\t\t\t\t\t<\/div>\n\t\t<\/section>\n\t\t\t\t<\/div>\n\t\t","protected":false},"excerpt":{"rendered":"<p>GARANTIE Die Produkte der Firma Highway Rubber &amp; Safety Inc. sind f\u00fcr einen Zeitraum von f\u00fcnf ( 5 ) Jahren vollst\u00e4ndig gegen jegliche Herstellungsfehler garantiert. Download der Highway Gummi- und Sicherheitsgarantie Die Produkte der Firma Presfab Rubtech Inc. sind f\u00fcr einen Zeitraum von f\u00fcnf (5) Jahren vollst\u00e4ndig gegen jegliche Herstellungsfehler garantiert. Verzinkte Produkte sind f\u00fcr [&hellip;]<\/p>\n","protected":false},"author":1,"featured_media":0,"parent":0,"menu_order":0,"comment_status":"closed","ping_status":"closed","template":"elementor_header_footer","meta":{"content-type":"","footnotes":""},"class_list":["post-3150","page","type-page","status-publish","hentry"],"yoast_head":"<!-- This site is optimized with the Yoast SEO Premium plugin v24.3 (Yoast SEO v24.3) - https:\/\/yoast.com\/wordpress\/plugins\/seo\/ -->\n<title>Garantie - PRESFAB HIGHWAY<\/title>\n<meta name=\"robots\" content=\"index, follow, max-snippet:-1, max-image-preview:large, max-video-preview:-1\" \/>\n<link rel=\"canonical\" href=\"https:\/\/presfab.ca\/de\/garantie\/\" \/>\n<meta property=\"og:locale\" content=\"de_DE\" \/>\n<meta property=\"og:type\" content=\"article\" \/>\n<meta property=\"og:title\" content=\"Garantie\" \/>\n<meta property=\"og:description\" content=\"GARANTIE Die Produkte der Firma Highway Rubber &amp; Safety Inc. sind f\u00fcr einen Zeitraum von f\u00fcnf ( 5 ) Jahren vollst\u00e4ndig gegen jegliche Herstellungsfehler garantiert. Download der Highway Gummi- und Sicherheitsgarantie Die Produkte der Firma Presfab Rubtech Inc. sind f\u00fcr einen Zeitraum von f\u00fcnf (5) Jahren vollst\u00e4ndig gegen jegliche Herstellungsfehler garantiert. Verzinkte Produkte sind f\u00fcr [&hellip;]\" \/>\n<meta property=\"og:url\" content=\"https:\/\/presfab.ca\/de\/garantie\/\" \/>\n<meta property=\"og:site_name\" content=\"PRESFAB HIGHWAY\" \/>\n<meta property=\"article:publisher\" content=\"https:\/\/www.facebook.com\/PresfabHighway\" \/>\n<meta property=\"article:modified_time\" content=\"2025-02-09T01:46:18+00:00\" \/>\n<meta property=\"og:image\" content=\"https:\/\/presfab.ca\/wp-content\/uploads\/2024\/10\/logo_HighwayGarantie-1.jpg\" \/>\n\t<meta property=\"og:image:width\" content=\"230\" \/>\n\t<meta property=\"og:image:height\" content=\"80\" \/>\n\t<meta property=\"og:image:type\" content=\"image\/jpeg\" \/>\n<meta name=\"twitter:card\" content=\"summary_large_image\" \/>\n<meta name=\"twitter:site\" content=\"@PresfabHighway\" \/>\n<script type=\"application\/ld+json\" class=\"yoast-schema-graph\">{\"@context\":\"https:\/\/schema.org\",\"@graph\":[{\"@type\":\"WebPage\",\"@id\":\"https:\/\/presfab.ca\/de\/garantie\/\",\"url\":\"https:\/\/presfab.ca\/de\/garantie\/\",\"name\":\"Garantie - PRESFAB HIGHWAY\",\"isPartOf\":{\"@id\":\"https:\/\/presfab.ca\/de\/#website\"},\"primaryImageOfPage\":{\"@id\":\"https:\/\/presfab.ca\/de\/garantie\/#primaryimage\"},\"image\":{\"@id\":\"https:\/\/presfab.ca\/de\/garantie\/#primaryimage\"},\"thumbnailUrl\":\"https:\/\/presfab.ca\/wp-content\/uploads\/2024\/10\/logo_HighwayGarantie-1.jpg\",\"datePublished\":\"2024-10-21T05:48:02+00:00\",\"dateModified\":\"2025-02-09T01:46:18+00:00\",\"breadcrumb\":{\"@id\":\"https:\/\/presfab.ca\/de\/garantie\/#breadcrumb\"},\"inLanguage\":\"de\",\"potentialAction\":[{\"@type\":\"ReadAction\",\"target\":[\"https:\/\/presfab.ca\/de\/garantie\/\"]}]},{\"@type\":\"ImageObject\",\"inLanguage\":\"de\",\"@id\":\"https:\/\/presfab.ca\/de\/garantie\/#primaryimage\",\"url\":\"https:\/\/presfab.ca\/wp-content\/uploads\/2024\/10\/logo_HighwayGarantie-1.jpg\",\"contentUrl\":\"https:\/\/presfab.ca\/wp-content\/uploads\/2024\/10\/logo_HighwayGarantie-1.jpg\"},{\"@type\":\"BreadcrumbList\",\"@id\":\"https:\/\/presfab.ca\/de\/garantie\/#breadcrumb\",\"itemListElement\":[{\"@type\":\"ListItem\",\"position\":1,\"name\":\"Home\",\"item\":\"https:\/\/presfab.ca\/de\/\"},{\"@type\":\"ListItem\",\"position\":2,\"name\":\"Garantie\"}]},{\"@type\":\"WebSite\",\"@id\":\"https:\/\/presfab.ca\/de\/#website\",\"url\":\"https:\/\/presfab.ca\/de\/\",\"name\":\"PRESFAB HIGHWAY\",\"description\":\"Manhole Riser Rings, Delineator Bases, Channelizer Bases, Sign bases and more!\",\"publisher\":{\"@id\":\"https:\/\/presfab.ca\/de\/#organization\"},\"potentialAction\":[{\"@type\":\"SearchAction\",\"target\":{\"@type\":\"EntryPoint\",\"urlTemplate\":\"https:\/\/presfab.ca\/de\/?s={search_term_string}\"},\"query-input\":{\"@type\":\"PropertyValueSpecification\",\"valueRequired\":true,\"valueName\":\"search_term_string\"}}],\"inLanguage\":\"de\"},{\"@type\":\"Organization\",\"@id\":\"https:\/\/presfab.ca\/de\/#organization\",\"name\":\"PRESFAB HIGHWAY\",\"url\":\"https:\/\/presfab.ca\/de\/\",\"logo\":{\"@type\":\"ImageObject\",\"inLanguage\":\"de\",\"@id\":\"https:\/\/presfab.ca\/de\/#\/schema\/logo\/image\/\",\"url\":\"https:\/\/presfab.ca\/wp-content\/uploads\/2025\/01\/Asset-1ZoomOut.png\",\"contentUrl\":\"https:\/\/presfab.ca\/wp-content\/uploads\/2025\/01\/Asset-1ZoomOut.png\",\"width\":118,\"height\":46,\"caption\":\"PRESFAB HIGHWAY\"},\"image\":{\"@id\":\"https:\/\/presfab.ca\/de\/#\/schema\/logo\/image\/\"},\"sameAs\":[\"https:\/\/www.facebook.com\/PresfabHighway\",\"https:\/\/x.com\/PresfabHighway\",\"https:\/\/www.linkedin.com\/company\/presfab-highway\/?viewAsMember=true\"],\"description\":\"Presfab Highway is a manufacturer of traffic safety products, and manhole and aquaduct grade riser rings. We make bases for Channelizer drums (TR& & TC54), Bases for RD-10 Delineator Posts, Temporary sign bases, speed bumps.\",\"email\":\"sales@presfab.ca\",\"telephone\":\"450-979-0007\"}]}<\/script>\n<!-- \/ Yoast SEO Premium plugin. -->","yoast_head_json":{"title":"Garantie - PRESFAB HIGHWAY","robots":{"index":"index","follow":"follow","max-snippet":"max-snippet:-1","max-image-preview":"max-image-preview:large","max-video-preview":"max-video-preview:-1"},"canonical":"https:\/\/presfab.ca\/de\/garantie\/","og_locale":"de_DE","og_type":"article","og_title":"Garantie","og_description":"GARANTIE Die Produkte der Firma Highway Rubber &amp; Safety Inc. sind f\u00fcr einen Zeitraum von f\u00fcnf ( 5 ) Jahren vollst\u00e4ndig gegen jegliche Herstellungsfehler garantiert. Download der Highway Gummi- und Sicherheitsgarantie Die Produkte der Firma Presfab Rubtech Inc. sind f\u00fcr einen Zeitraum von f\u00fcnf (5) Jahren vollst\u00e4ndig gegen jegliche Herstellungsfehler garantiert. Verzinkte Produkte sind f\u00fcr [&hellip;]","og_url":"https:\/\/presfab.ca\/de\/garantie\/","og_site_name":"PRESFAB HIGHWAY","article_publisher":"https:\/\/www.facebook.com\/PresfabHighway","article_modified_time":"2025-02-09T01:46:18+00:00","og_image":[{"width":230,"height":80,"url":"https:\/\/presfab.ca\/wp-content\/uploads\/2024\/10\/logo_HighwayGarantie-1.jpg","type":"image\/jpeg"}],"twitter_card":"summary_large_image","twitter_site":"@PresfabHighway","schema":{"@context":"https:\/\/schema.org","@graph":[{"@type":"WebPage","@id":"https:\/\/presfab.ca\/de\/garantie\/","url":"https:\/\/presfab.ca\/de\/garantie\/","name":"Garantie - PRESFAB HIGHWAY","isPartOf":{"@id":"https:\/\/presfab.ca\/de\/#website"},"primaryImageOfPage":{"@id":"https:\/\/presfab.ca\/de\/garantie\/#primaryimage"},"image":{"@id":"https:\/\/presfab.ca\/de\/garantie\/#primaryimage"},"thumbnailUrl":"https:\/\/presfab.ca\/wp-content\/uploads\/2024\/10\/logo_HighwayGarantie-1.jpg","datePublished":"2024-10-21T05:48:02+00:00","dateModified":"2025-02-09T01:46:18+00:00","breadcrumb":{"@id":"https:\/\/presfab.ca\/de\/garantie\/#breadcrumb"},"inLanguage":"de","potentialAction":[{"@type":"ReadAction","target":["https:\/\/presfab.ca\/de\/garantie\/"]}]},{"@type":"ImageObject","inLanguage":"de","@id":"https:\/\/presfab.ca\/de\/garantie\/#primaryimage","url":"https:\/\/presfab.ca\/wp-content\/uploads\/2024\/10\/logo_HighwayGarantie-1.jpg","contentUrl":"https:\/\/presfab.ca\/wp-content\/uploads\/2024\/10\/logo_HighwayGarantie-1.jpg"},{"@type":"BreadcrumbList","@id":"https:\/\/presfab.ca\/de\/garantie\/#breadcrumb","itemListElement":[{"@type":"ListItem","position":1,"name":"Home","item":"https:\/\/presfab.ca\/de\/"},{"@type":"ListItem","position":2,"name":"Garantie"}]},{"@type":"WebSite","@id":"https:\/\/presfab.ca\/de\/#website","url":"https:\/\/presfab.ca\/de\/","name":"PRESFAB HIGHWAY","description":"Manhole Riser Rings, Delineator Bases, Channelizer Bases, Sign bases and more!","publisher":{"@id":"https:\/\/presfab.ca\/de\/#organization"},"potentialAction":[{"@type":"SearchAction","target":{"@type":"EntryPoint","urlTemplate":"https:\/\/presfab.ca\/de\/?s={search_term_string}"},"query-input":{"@type":"PropertyValueSpecification","valueRequired":true,"valueName":"search_term_string"}}],"inLanguage":"de"},{"@type":"Organization","@id":"https:\/\/presfab.ca\/de\/#organization","name":"PRESFAB HIGHWAY","url":"https:\/\/presfab.ca\/de\/","logo":{"@type":"ImageObject","inLanguage":"de","@id":"https:\/\/presfab.ca\/de\/#\/schema\/logo\/image\/","url":"https:\/\/presfab.ca\/wp-content\/uploads\/2025\/01\/Asset-1ZoomOut.png","contentUrl":"https:\/\/presfab.ca\/wp-content\/uploads\/2025\/01\/Asset-1ZoomOut.png","width":118,"height":46,"caption":"PRESFAB HIGHWAY"},"image":{"@id":"https:\/\/presfab.ca\/de\/#\/schema\/logo\/image\/"},"sameAs":["https:\/\/www.facebook.com\/PresfabHighway","https:\/\/x.com\/PresfabHighway","https:\/\/www.linkedin.com\/company\/presfab-highway\/?viewAsMember=true"],"description":"Presfab Highway is a manufacturer of traffic safety products, and manhole and aquaduct grade riser rings. We make bases for Channelizer drums (TR& & TC54), Bases for RD-10 Delineator Posts, Temporary sign bases, speed bumps.","email":"sales@presfab.ca","telephone":"450-979-0007"}]}},"jetpack_sharing_enabled":true,"_links":{"self":[{"href":"https:\/\/presfab.ca\/de\/wp-json\/wp\/v2\/pages\/3150","targetHints":{"allow":["GET"]}}],"collection":[{"href":"https:\/\/presfab.ca\/de\/wp-json\/wp\/v2\/pages"}],"about":[{"href":"https:\/\/presfab.ca\/de\/wp-json\/wp\/v2\/types\/page"}],"author":[{"embeddable":true,"href":"https:\/\/presfab.ca\/de\/wp-json\/wp\/v2\/users\/1"}],"replies":[{"embeddable":true,"href":"https:\/\/presfab.ca\/de\/wp-json\/wp\/v2\/comments?post=3150"}],"version-history":[{"count":1,"href":"https:\/\/presfab.ca\/de\/wp-json\/wp\/v2\/pages\/3150\/revisions"}],"predecessor-version":[{"id":3159,"href":"https:\/\/presfab.ca\/de\/wp-json\/wp\/v2\/pages\/3150\/revisions\/3159"}],"wp:attachment":[{"href":"https:\/\/presfab.ca\/de\/wp-json\/wp\/v2\/media?parent=3150"}],"curies":[{"name":"wp","href":"https:\/\/api.w.org\/{rel}","templated":true}]}}