{"id":3362,"date":"2025-01-26T19:44:44","date_gmt":"2025-01-26T19:44:44","guid":{"rendered":"https:\/\/presfab.ca\/leitpfosten-basis\/"},"modified":"2025-02-09T01:47:35","modified_gmt":"2025-02-09T01:47:35","slug":"leitpfosten-basis","status":"publish","type":"page","link":"https:\/\/presfab.ca\/de\/leitpfosten-basis\/","title":{"rendered":"Leitpfosten Basis"},"content":{"rendered":"\t\t<div data-elementor-type=\"wp-page\" data-elementor-id=\"3362\" class=\"elementor elementor-3362 elementor-1617\" data-elementor-post-type=\"page\">\n\t\t\t\t<div class=\"elementor-element elementor-element-a7b877e e-flex e-con-boxed e-con e-parent\" data-id=\"a7b877e\" data-element_type=\"container\" data-settings=\"{&quot;ekit_has_onepagescroll_dot&quot;:&quot;yes&quot;}\">\n\t\t\t\t\t<div class=\"e-con-inner\">\n\t\t<div class=\"elementor-element elementor-element-0218ddc e-con-full e-flex e-con e-child\" data-id=\"0218ddc\" data-element_type=\"container\" data-settings=\"{&quot;ekit_has_onepagescroll_dot&quot;:&quot;yes&quot;}\">\n\t\t<div class=\"elementor-element elementor-element-7b7328f e-con-full e-flex e-con e-child\" data-id=\"7b7328f\" data-element_type=\"container\" data-settings=\"{&quot;ekit_has_onepagescroll_dot&quot;:&quot;yes&quot;}\">\n\t\t\t\t<div class=\"elementor-element elementor-element-e86b4e5 elementor-widget elementor-widget-text-editor\" data-id=\"e86b4e5\" data-element_type=\"widget\" data-settings=\"{&quot;ekit_we_effect_on&quot;:&quot;none&quot;}\" data-widget_type=\"text-editor.default\">\n\t\t\t\t<div class=\"elementor-widget-container\">\n\t\t\t\t\t\t\t\t\t<h5>\n<\/h5><p><strong>MiniGrip\u2122 Gummi-Leitpfosten Sockel<\/strong><\/p><p>Sie suchen einen langlebigen und stabilen Sockel f\u00fcr Ihre Leitpfosten? Der <strong>MiniGrip\u2122 Gummi-Leitpfostenfu\u00df<\/strong> ist die ultimative L\u00f6sung f\u00fcr die Befestigung von <strong>RD-10-Leitpfosten<\/strong> und anderen Pfosten mit einem Durchmesser von 4 Zoll. Dieser Sockel wurde mit Blick auf Langlebigkeit und Zuverl\u00e4ssigkeit entwickelt und sorgt daf\u00fcr, dass Ihre Pfosten auch in anspruchsvollen Umgebungen wie stark frequentierten Bereichen oder bei widrigen Wetterbedingungen aufrecht stehen bleiben.  <\/p><p>Ganz gleich, ob Sie Baustellen, Stra\u00dfensperrungen oder Verkehrsumleitungen verwalten, die MiniGrip\u2122 Leitpfostenbasis bietet die zuverl\u00e4ssige Leistung, die Sie brauchen, um Sicherheit und Organisation zu gew\u00e4hrleisten.<\/p><hr><h3><strong>Hauptmerkmale &amp; Vorteile<\/strong><\/h3><h5><ul><li><strong>100% recycelter Kautschuk:<\/strong> Eine nachhaltige und umweltfreundliche L\u00f6sung, die zum Schutz der Umwelt beitr\u00e4gt und gleichzeitig eine hervorragende Haltbarkeit bietet.<\/li><li><strong>Sicher f\u00fcr Fu\u00dfg\u00e4nger und Fahrzeuge:<\/strong> Entwickelt, um Stolperfallen oder Sch\u00e4den an Fahrzeugen zu vermeiden und so die Sicherheit f\u00fcr alle Verkehrsteilnehmer zu gew\u00e4hrleisten.<\/li><li><strong>Widerstandsf\u00e4hig gegen St\u00f6\u00dfe:<\/strong> Absorbiert St\u00f6\u00dfe, ohne zu brechen, und ist damit ideal f\u00fcr Bereiche mit starkem Fahrzeugverkehr.<\/li><li><strong>Temperatur- und wetterbest\u00e4ndig:<\/strong> Funktioniert zuverl\u00e4ssig bei extremer Hitze, K\u00e4lte, Regen oder Schnee und ist somit f\u00fcr alle Klimazonen geeignet.<\/li><li><strong>Ergonomisches Design:<\/strong><ul><li>Zwei integrierte Griffe f\u00fcr m\u00fchelosen Transport und Positionierung.<\/li><li>Stapelbar, um bei Nichtgebrauch Platz zu sparen.<\/li><\/ul><\/li><li><strong>Wartungsfrei:<\/strong> Im Gegensatz zu anderen Basen erfordert der MiniGrip\u2122 keine zus\u00e4tzliche Wartung, was die langfristigen Kosten reduziert.<\/li><\/ul><hr><\/h5><h3><strong>Verf\u00fcgbare Gr\u00f6\u00dfen<\/strong><\/h3><h5><\/h5><p>Der MiniGrip\u2122 Gummi-Leitpfostenfu\u00df ist in verschiedenen Gewichten erh\u00e4ltlich, um Ihren speziellen Anforderungen gerecht zu werden:<\/p><ul><li><strong>10 Pfund<\/strong>: Leicht und dennoch effektiv f\u00fcr wenig frequentierte Bereiche.<\/li><li><strong>12 lbs<\/strong>: Eine ausgewogene Option f\u00fcr den mittelschweren Einsatz.<\/li><li><strong>15 lbs<\/strong>: Ideal f\u00fcr st\u00e4rker frequentierte Bereiche.<\/li><li><strong>20 lbs<\/strong>: Maximale Stabilit\u00e4t f\u00fcr Schwerlastanwendungen.<\/li><\/ul><hr><h3><strong>Warum sollten Sie sich f\u00fcr MiniGrip\u2122 Gummi-Leitpfostensockel entscheiden?<\/strong><\/h3><h5><\/h5><p>Der MiniGrip\u2122 Sockel wurde f\u00fcr St\u00e4rke, Stabilit\u00e4t und Komfort entwickelt und ist eine ausgezeichnete Wahl f\u00fcr die Sicherheit und Organisation von tempor\u00e4ren oder permanenten Verkehrsaufbauten. Seine F\u00e4higkeit, rauen Witterungsbedingungen zu widerstehen, St\u00f6\u00dfe zu absorbieren und selbst bei starker Beanspruchung stabil zu bleiben, macht ihn zu einem bevorzugten Produkt f\u00fcr Profis in der Verkehrsmanagementbranche. <\/p><p>Wenn Sie sich f\u00fcr MiniGrip\u2122 entscheiden, treffen Sie auch eine umweltbewusste Entscheidung. Diese Unterlage wird zu 100 % aus recyceltem Gummi hergestellt und unterst\u00fctzt damit die Bem\u00fchungen um Nachhaltigkeit, w\u00e4hrend sie gleichzeitig eine un\u00fcbertroffene Leistung bietet. <\/p><hr><h3><strong>Anwendungen der MiniGrip\u2122 Base<\/strong><\/h3><h5><\/h5><p>Der MiniGrip\u2122 Gummi-Leitpfostensockel ist vielseitig und ideal f\u00fcr verschiedene Anwendungen, darunter:<\/p><ul><li>Baustellen und Stra\u00dfenarbeiten.<\/li><li>Parkpl\u00e4tze und Fu\u00dfg\u00e4ngerwege.<\/li><li>Vor\u00fcbergehende Verkehrsumleitungen und Fahrbahnsperrungen.<\/li><li>Kontrolle von Menschenmengen bei Veranstaltungen oder \u00f6ffentlichen Pl\u00e4tzen.<\/li><\/ul><p>Egal in welcher Situation, MiniGrip\u2122 sorgt daf\u00fcr, dass Ihre Leitpfosten sicher und aufrecht stehen, um Unf\u00e4lle zu vermeiden und klare, sichtbare Grenzen zu erhalten.<\/p><hr><h3><strong>Bestellen Sie Ihre MiniGrip\u2122 Base noch heute!<\/strong><\/h3><h5><\/h5><p>Lassen Sie nicht zu, dass instabile Leitpfosten die Sicherheit oder Effizienz beeintr\u00e4chtigen. Der <strong>MiniGrip\u2122 Gummi-Leitpfostenfu\u00df<\/strong> kombiniert Haltbarkeit, Benutzerfreundlichkeit und Umweltfreundlichkeit zu einer zuverl\u00e4ssigen Leistung, auf die Sie sich verlassen k\u00f6nnen. <\/p><p><strong>Sichern Sie Ihr Verkehrsmanagement-Setup noch heute<\/strong> mit der bew\u00e4hrten MiniGrip\u2122 Basis &#8211; w\u00e4hlen Sie die f\u00fcr Sie passende Gr\u00f6\u00dfe und erleben Sie den Unterschied in Qualit\u00e4t und Zuverl\u00e4ssigkeit.<\/p><p><\/p><hr><h5>\n<\/h5>\n<ul>\n<\/ul>\t\t\t\t\t\t\t\t<\/div>\n\t\t\t\t<\/div>\n\t\t\t\t<\/div>\n\t\t<div class=\"elementor-element elementor-element-b01657b e-con-full e-flex e-con e-child\" data-id=\"b01657b\" data-element_type=\"container\" data-settings=\"{&quot;ekit_has_onepagescroll_dot&quot;:&quot;yes&quot;}\">\n\t\t\t\t<div class=\"elementor-element elementor-element-4a1da8f elementor-align-justify elementor-widget elementor-widget-button\" data-id=\"4a1da8f\" data-element_type=\"widget\" data-settings=\"{&quot;ekit_we_effect_on&quot;:&quot;none&quot;}\" data-widget_type=\"button.default\">\n\t\t\t\t<div class=\"elementor-widget-container\">\n\t\t\t\t\t\t\t\t\t<div class=\"elementor-button-wrapper\">\n\t\t\t\t\t<a class=\"elementor-button elementor-button-link elementor-size-sm\" href=\"https:\/\/presfab.ca\/de\/kontaktieren-sie-uns\/\">\n\t\t\t\t\t\t<span class=\"elementor-button-content-wrapper\">\n\t\t\t\t\t\t\t\t\t<span class=\"elementor-button-text\">Angebot einholen<\/span>\n\t\t\t\t\t<\/span>\n\t\t\t\t\t<\/a>\n\t\t\t\t<\/div>\n\t\t\t\t\t\t\t\t<\/div>\n\t\t\t\t<\/div>\n\t\t\t\t<div class=\"elementor-element elementor-element-2997443 elementor-widget elementor-widget-image\" data-id=\"2997443\" data-element_type=\"widget\" data-settings=\"{&quot;ekit_we_effect_on&quot;:&quot;none&quot;}\" data-widget_type=\"image.default\">\n\t\t\t\t<div class=\"elementor-widget-container\">\n\t\t\t\t\t\t\t\t\t\t\t\t\t\t\t<img fetchpriority=\"high\" decoding=\"async\" width=\"593\" height=\"297\" src=\"https:\/\/presfab.ca\/wp-content\/uploads\/2024\/10\/speedhump.png\" class=\"attachment-full size-full wp-image-843\" alt=\"Rubber Channelizer Base for TC54 and TRV7 Traffic Drums.\" srcset=\"https:\/\/presfab.ca\/wp-content\/uploads\/2024\/10\/speedhump.png 593w, https:\/\/presfab.ca\/wp-content\/uploads\/2024\/10\/speedhump-300x150.png 300w\" sizes=\"(max-width: 593px) 100vw, 593px\" \/>\t\t\t\t\t\t\t\t\t\t\t\t\t\t\t<\/div>\n\t\t\t\t<\/div>\n\t\t\t\t<\/div>\n\t\t\t\t<\/div>\n\t\t\t\t\t<\/div>\n\t\t\t\t<\/div>\n\t\t\t\t<\/div>\n\t\t","protected":false},"excerpt":{"rendered":"<p>MiniGrip\u2122 Gummi-Leitpfosten Sockel Sie suchen einen langlebigen und stabilen Sockel f\u00fcr Ihre Leitpfosten? Der MiniGrip\u2122 Gummi-Leitpfostenfu\u00df ist die ultimative L\u00f6sung f\u00fcr die Befestigung von RD-10-Leitpfosten und anderen Pfosten mit einem Durchmesser von 4 Zoll. Dieser Sockel wurde mit Blick auf Langlebigkeit und Zuverl\u00e4ssigkeit entwickelt und sorgt daf\u00fcr, dass Ihre Pfosten auch in anspruchsvollen Umgebungen wie [&hellip;]<\/p>\n","protected":false},"author":2,"featured_media":0,"parent":0,"menu_order":0,"comment_status":"closed","ping_status":"closed","template":"","meta":{"content-type":"","footnotes":""},"class_list":["post-3362","page","type-page","status-publish","hentry"],"yoast_head":"<!-- This site is optimized with the Yoast SEO Premium plugin v24.3 (Yoast SEO v24.3) - https:\/\/yoast.com\/wordpress\/plugins\/seo\/ -->\n<title>MiniGrip\u2122 Leitpfostenfu\u00df - PRESFAB HIGHWAY<\/title>\n<meta name=\"description\" content=\"Der MiniGrip von Presfab Highway ist die perfekte Basis f\u00fcr Leitpfosten. Er ist f\u00fcr alle RD-10 und Pfosten mit einem Durchmesser von 4&quot; geeignet.\" \/>\n<meta name=\"robots\" content=\"index, follow, max-snippet:-1, max-image-preview:large, max-video-preview:-1\" \/>\n<link rel=\"canonical\" href=\"https:\/\/presfab.ca\/de\/leitpfosten-basis\/\" \/>\n<meta property=\"og:locale\" content=\"de_DE\" \/>\n<meta property=\"og:type\" content=\"article\" \/>\n<meta property=\"og:title\" content=\"MiniGrip Leitpfosten Sockel: Die perfekte L\u00f6sung f\u00fcr Sicherheit und Langlebigkeit\" \/>\n<meta property=\"og:description\" content=\"Der MiniGrip von Presfab Highway ist die perfekte Basis f\u00fcr Leitpfosten. Er ist f\u00fcr alle RD-10 und Pfosten mit einem Durchmesser von 4&quot; geeignet.\" \/>\n<meta property=\"og:url\" content=\"https:\/\/presfab.ca\/de\/leitpfosten-basis\/\" \/>\n<meta property=\"og:site_name\" content=\"PRESFAB HIGHWAY\" \/>\n<meta property=\"article:publisher\" content=\"https:\/\/www.facebook.com\/PresfabHighway\" \/>\n<meta property=\"article:modified_time\" content=\"2025-02-09T01:47:35+00:00\" \/>\n<meta property=\"og:image\" content=\"https:\/\/presfab.ca\/wp-content\/uploads\/2024\/10\/speedhump.png\" \/>\n\t<meta property=\"og:image:width\" content=\"593\" \/>\n\t<meta property=\"og:image:height\" content=\"297\" \/>\n\t<meta property=\"og:image:type\" content=\"image\/png\" \/>\n<meta name=\"twitter:card\" content=\"summary_large_image\" \/>\n<meta name=\"twitter:title\" content=\"Leitpfosten Basis\" \/>\n<meta name=\"twitter:site\" content=\"@PresfabHighway\" \/>\n<meta name=\"twitter:label1\" content=\"Gesch\u00e4tzte Lesezeit\" \/>\n\t<meta name=\"twitter:data1\" content=\"3\u00a0Minuten\" \/>\n<script type=\"application\/ld+json\" class=\"yoast-schema-graph\">{\"@context\":\"https:\/\/schema.org\",\"@graph\":[{\"@type\":\"WebPage\",\"@id\":\"https:\/\/presfab.ca\/de\/leitpfosten-basis\/\",\"url\":\"https:\/\/presfab.ca\/de\/leitpfosten-basis\/\",\"name\":\"MiniGrip\u2122 Leitpfostenfu\u00df - PRESFAB HIGHWAY\",\"isPartOf\":{\"@id\":\"https:\/\/presfab.ca\/de\/#website\"},\"primaryImageOfPage\":{\"@id\":\"https:\/\/presfab.ca\/de\/leitpfosten-basis\/#primaryimage\"},\"image\":{\"@id\":\"https:\/\/presfab.ca\/de\/leitpfosten-basis\/#primaryimage\"},\"thumbnailUrl\":\"https:\/\/presfab.ca\/wp-content\/uploads\/2024\/10\/speedhump.png\",\"datePublished\":\"2025-01-26T19:44:44+00:00\",\"dateModified\":\"2025-02-09T01:47:35+00:00\",\"description\":\"Der MiniGrip von Presfab Highway ist die perfekte Basis f\u00fcr Leitpfosten. Er ist f\u00fcr alle RD-10 und Pfosten mit einem Durchmesser von 4\\\" geeignet.\",\"breadcrumb\":{\"@id\":\"https:\/\/presfab.ca\/de\/leitpfosten-basis\/#breadcrumb\"},\"inLanguage\":\"de\",\"potentialAction\":[{\"@type\":\"ReadAction\",\"target\":[\"https:\/\/presfab.ca\/de\/leitpfosten-basis\/\"]}]},{\"@type\":\"ImageObject\",\"inLanguage\":\"de\",\"@id\":\"https:\/\/presfab.ca\/de\/leitpfosten-basis\/#primaryimage\",\"url\":\"https:\/\/presfab.ca\/wp-content\/uploads\/2024\/10\/speedhump.png\",\"contentUrl\":\"https:\/\/presfab.ca\/wp-content\/uploads\/2024\/10\/speedhump.png\"},{\"@type\":\"BreadcrumbList\",\"@id\":\"https:\/\/presfab.ca\/de\/leitpfosten-basis\/#breadcrumb\",\"itemListElement\":[{\"@type\":\"ListItem\",\"position\":1,\"name\":\"Home\",\"item\":\"https:\/\/presfab.ca\/de\/\"},{\"@type\":\"ListItem\",\"position\":2,\"name\":\"Leitpfosten Basis\"}]},{\"@type\":\"WebSite\",\"@id\":\"https:\/\/presfab.ca\/de\/#website\",\"url\":\"https:\/\/presfab.ca\/de\/\",\"name\":\"PRESFAB HIGHWAY\",\"description\":\"Manhole Riser Rings, Delineator Bases, Channelizer Bases, Sign bases and more!\",\"publisher\":{\"@id\":\"https:\/\/presfab.ca\/de\/#organization\"},\"potentialAction\":[{\"@type\":\"SearchAction\",\"target\":{\"@type\":\"EntryPoint\",\"urlTemplate\":\"https:\/\/presfab.ca\/de\/?s={search_term_string}\"},\"query-input\":{\"@type\":\"PropertyValueSpecification\",\"valueRequired\":true,\"valueName\":\"search_term_string\"}}],\"inLanguage\":\"de\"},{\"@type\":\"Organization\",\"@id\":\"https:\/\/presfab.ca\/de\/#organization\",\"name\":\"PRESFAB HIGHWAY\",\"url\":\"https:\/\/presfab.ca\/de\/\",\"logo\":{\"@type\":\"ImageObject\",\"inLanguage\":\"de\",\"@id\":\"https:\/\/presfab.ca\/de\/#\/schema\/logo\/image\/\",\"url\":\"https:\/\/presfab.ca\/wp-content\/uploads\/2025\/01\/Asset-1ZoomOut.png\",\"contentUrl\":\"https:\/\/presfab.ca\/wp-content\/uploads\/2025\/01\/Asset-1ZoomOut.png\",\"width\":118,\"height\":46,\"caption\":\"PRESFAB HIGHWAY\"},\"image\":{\"@id\":\"https:\/\/presfab.ca\/de\/#\/schema\/logo\/image\/\"},\"sameAs\":[\"https:\/\/www.facebook.com\/PresfabHighway\",\"https:\/\/x.com\/PresfabHighway\",\"https:\/\/www.linkedin.com\/company\/presfab-highway\/?viewAsMember=true\"],\"description\":\"Presfab Highway is a manufacturer of traffic safety products, and manhole and aquaduct grade riser rings. We make bases for Channelizer drums (TR& & TC54), Bases for RD-10 Delineator Posts, Temporary sign bases, speed bumps.\",\"email\":\"sales@presfab.ca\",\"telephone\":\"450-979-0007\"}]}<\/script>\n<!-- \/ Yoast SEO Premium plugin. -->","yoast_head_json":{"title":"MiniGrip\u2122 Leitpfostenfu\u00df - PRESFAB HIGHWAY","description":"Der MiniGrip von Presfab Highway ist die perfekte Basis f\u00fcr Leitpfosten. Er ist f\u00fcr alle RD-10 und Pfosten mit einem Durchmesser von 4\" geeignet.","robots":{"index":"index","follow":"follow","max-snippet":"max-snippet:-1","max-image-preview":"max-image-preview:large","max-video-preview":"max-video-preview:-1"},"canonical":"https:\/\/presfab.ca\/de\/leitpfosten-basis\/","og_locale":"de_DE","og_type":"article","og_title":"MiniGrip Leitpfosten Sockel: Die perfekte L\u00f6sung f\u00fcr Sicherheit und Langlebigkeit","og_description":"Der MiniGrip von Presfab Highway ist die perfekte Basis f\u00fcr Leitpfosten. Er ist f\u00fcr alle RD-10 und Pfosten mit einem Durchmesser von 4\" geeignet.","og_url":"https:\/\/presfab.ca\/de\/leitpfosten-basis\/","og_site_name":"PRESFAB HIGHWAY","article_publisher":"https:\/\/www.facebook.com\/PresfabHighway","article_modified_time":"2025-02-09T01:47:35+00:00","og_image":[{"width":593,"height":297,"url":"https:\/\/presfab.ca\/wp-content\/uploads\/2024\/10\/speedhump.png","type":"image\/png"}],"twitter_card":"summary_large_image","twitter_title":"Leitpfosten Basis","twitter_site":"@PresfabHighway","twitter_misc":{"Gesch\u00e4tzte Lesezeit":"3\u00a0Minuten"},"schema":{"@context":"https:\/\/schema.org","@graph":[{"@type":"WebPage","@id":"https:\/\/presfab.ca\/de\/leitpfosten-basis\/","url":"https:\/\/presfab.ca\/de\/leitpfosten-basis\/","name":"MiniGrip\u2122 Leitpfostenfu\u00df - PRESFAB HIGHWAY","isPartOf":{"@id":"https:\/\/presfab.ca\/de\/#website"},"primaryImageOfPage":{"@id":"https:\/\/presfab.ca\/de\/leitpfosten-basis\/#primaryimage"},"image":{"@id":"https:\/\/presfab.ca\/de\/leitpfosten-basis\/#primaryimage"},"thumbnailUrl":"https:\/\/presfab.ca\/wp-content\/uploads\/2024\/10\/speedhump.png","datePublished":"2025-01-26T19:44:44+00:00","dateModified":"2025-02-09T01:47:35+00:00","description":"Der MiniGrip von Presfab Highway ist die perfekte Basis f\u00fcr Leitpfosten. Er ist f\u00fcr alle RD-10 und Pfosten mit einem Durchmesser von 4\" geeignet.","breadcrumb":{"@id":"https:\/\/presfab.ca\/de\/leitpfosten-basis\/#breadcrumb"},"inLanguage":"de","potentialAction":[{"@type":"ReadAction","target":["https:\/\/presfab.ca\/de\/leitpfosten-basis\/"]}]},{"@type":"ImageObject","inLanguage":"de","@id":"https:\/\/presfab.ca\/de\/leitpfosten-basis\/#primaryimage","url":"https:\/\/presfab.ca\/wp-content\/uploads\/2024\/10\/speedhump.png","contentUrl":"https:\/\/presfab.ca\/wp-content\/uploads\/2024\/10\/speedhump.png"},{"@type":"BreadcrumbList","@id":"https:\/\/presfab.ca\/de\/leitpfosten-basis\/#breadcrumb","itemListElement":[{"@type":"ListItem","position":1,"name":"Home","item":"https:\/\/presfab.ca\/de\/"},{"@type":"ListItem","position":2,"name":"Leitpfosten Basis"}]},{"@type":"WebSite","@id":"https:\/\/presfab.ca\/de\/#website","url":"https:\/\/presfab.ca\/de\/","name":"PRESFAB HIGHWAY","description":"Manhole Riser Rings, Delineator Bases, Channelizer Bases, Sign bases and more!","publisher":{"@id":"https:\/\/presfab.ca\/de\/#organization"},"potentialAction":[{"@type":"SearchAction","target":{"@type":"EntryPoint","urlTemplate":"https:\/\/presfab.ca\/de\/?s={search_term_string}"},"query-input":{"@type":"PropertyValueSpecification","valueRequired":true,"valueName":"search_term_string"}}],"inLanguage":"de"},{"@type":"Organization","@id":"https:\/\/presfab.ca\/de\/#organization","name":"PRESFAB HIGHWAY","url":"https:\/\/presfab.ca\/de\/","logo":{"@type":"ImageObject","inLanguage":"de","@id":"https:\/\/presfab.ca\/de\/#\/schema\/logo\/image\/","url":"https:\/\/presfab.ca\/wp-content\/uploads\/2025\/01\/Asset-1ZoomOut.png","contentUrl":"https:\/\/presfab.ca\/wp-content\/uploads\/2025\/01\/Asset-1ZoomOut.png","width":118,"height":46,"caption":"PRESFAB HIGHWAY"},"image":{"@id":"https:\/\/presfab.ca\/de\/#\/schema\/logo\/image\/"},"sameAs":["https:\/\/www.facebook.com\/PresfabHighway","https:\/\/x.com\/PresfabHighway","https:\/\/www.linkedin.com\/company\/presfab-highway\/?viewAsMember=true"],"description":"Presfab Highway is a manufacturer of traffic safety products, and manhole and aquaduct grade riser rings. We make bases for Channelizer drums (TR& & TC54), Bases for RD-10 Delineator Posts, Temporary sign bases, speed bumps.","email":"sales@presfab.ca","telephone":"450-979-0007"}]}},"jetpack_sharing_enabled":true,"_links":{"self":[{"href":"https:\/\/presfab.ca\/de\/wp-json\/wp\/v2\/pages\/3362","targetHints":{"allow":["GET"]}}],"collection":[{"href":"https:\/\/presfab.ca\/de\/wp-json\/wp\/v2\/pages"}],"about":[{"href":"https:\/\/presfab.ca\/de\/wp-json\/wp\/v2\/types\/page"}],"author":[{"embeddable":true,"href":"https:\/\/presfab.ca\/de\/wp-json\/wp\/v2\/users\/2"}],"replies":[{"embeddable":true,"href":"https:\/\/presfab.ca\/de\/wp-json\/wp\/v2\/comments?post=3362"}],"version-history":[{"count":1,"href":"https:\/\/presfab.ca\/de\/wp-json\/wp\/v2\/pages\/3362\/revisions"}],"predecessor-version":[{"id":3364,"href":"https:\/\/presfab.ca\/de\/wp-json\/wp\/v2\/pages\/3362\/revisions\/3364"}],"wp:attachment":[{"href":"https:\/\/presfab.ca\/de\/wp-json\/wp\/v2\/media?parent=3362"}],"curies":[{"name":"wp","href":"https:\/\/api.w.org\/{rel}","templated":true}]}}