{"id":3388,"date":"2025-01-26T19:40:45","date_gmt":"2025-01-26T19:40:45","guid":{"rendered":"https:\/\/presfab.ca\/channelizer-basis\/"},"modified":"2025-08-06T00:54:45","modified_gmt":"2025-08-06T00:54:45","slug":"channelizer-basis","status":"publish","type":"page","link":"https:\/\/presfab.ca\/de\/channelizer-basis\/","title":{"rendered":"Channelizer Basis"},"content":{"rendered":"\t\t<div data-elementor-type=\"wp-page\" data-elementor-id=\"3388\" class=\"elementor elementor-3388 elementor-1612\" data-elementor-post-type=\"page\">\n\t\t\t\t<div class=\"elementor-element elementor-element-a157cda e-flex e-con-boxed e-con e-parent\" data-id=\"a157cda\" data-element_type=\"container\" data-settings=\"{&quot;ekit_has_onepagescroll_dot&quot;:&quot;yes&quot;}\">\n\t\t\t\t\t<div class=\"e-con-inner\">\n\t\t<div class=\"elementor-element elementor-element-b84231e e-con-full e-flex e-con e-child\" data-id=\"b84231e\" data-element_type=\"container\" data-settings=\"{&quot;ekit_has_onepagescroll_dot&quot;:&quot;yes&quot;}\">\n\t\t<div class=\"elementor-element elementor-element-f34017d e-con-full e-flex e-con e-child\" data-id=\"f34017d\" data-element_type=\"container\" data-settings=\"{&quot;ekit_has_onepagescroll_dot&quot;:&quot;yes&quot;}\">\n\t\t\t\t<div class=\"elementor-element elementor-element-e2c0af8 elementor-widget elementor-widget-shortcode\" data-id=\"e2c0af8\" data-element_type=\"widget\" data-settings=\"{&quot;ekit_we_effect_on&quot;:&quot;none&quot;}\" data-widget_type=\"shortcode.default\">\n\t\t\t\t<div class=\"elementor-widget-container\">\n\t\t\t\t\t\t\t<div class=\"elementor-shortcode\">\n        <div class=\"modelViewerBlock\" data-attributes='{&quot;align&quot;:&quot;center&quot;,&quot;uniqueId&quot;:&quot;model3597&quot;,&quot;currentViewer&quot;:&quot;modelViewer&quot;,&quot;multiple&quot;:false,&quot;model&quot;:{&quot;modelUrl&quot;:&quot;https:\\\/\\\/presfab.ca\\\/wp-content\\\/uploads\\\/2025\\\/08\\\/ImageToStl.com_Hexagon28inPresfab-v3.glb&quot;,&quot;poster&quot;:&quot;&quot;},&quot;O3DVSettings&quot;:{&quot;isFullscreen&quot;:true,&quot;isPagination&quot;:false,&quot;isNavigation&quot;:true,&quot;camera&quot;:null,&quot;mouseControl&quot;:true},&quot;models&quot;:[],&quot;lazyLoad&quot;:false,&quot;loading&quot;:&quot;auto&quot;,&quot;autoplay&quot;:false,&quot;shadow&quot;:true,&quot;autoRotate&quot;:false,&quot;zoom&quot;:true,&quot;isPagination&quot;:false,&quot;isNavigation&quot;:true,&quot;preload&quot;:&quot;auto&quot;,&quot;rotationPerSecond&quot;:&quot;30&quot;,&quot;mouseControl&quot;:true,&quot;fullscreen&quot;:true,&quot;variant&quot;:false,&quot;loadingPercentage&quot;:false,&quot;progressBar&quot;:true,&quot;rotate&quot;:false,&quot;rotateAlongX&quot;:&quot;0&quot;,&quot;rotateAlongY&quot;:&quot;75&quot;,&quot;exposure&quot;:&quot;1&quot;,&quot;styles&quot;:{&quot;width&quot;:&quot;100%&quot;,&quot;height&quot;:&quot;400px&quot;,&quot;bgColor&quot;:&quot;transparent&quot;,&quot;progressBarColor&quot;:&quot;&quot;},&quot;stylesheet&quot;:null,&quot;additional&quot;:{&quot;ID&quot;:&quot;&quot;,&quot;Class&quot;:&quot;&quot;,&quot;CSS&quot;:&quot;&quot;},&quot;animation&quot;:false,&quot;woo&quot;:false,&quot;selectedAnimation&quot;:&quot;&quot;}'><\/div>\n\n        <\/div>\n\t\t\t\t\t\t<\/div>\n\t\t\t\t<\/div>\n\t\t\t\t<div class=\"elementor-element elementor-element-2a11639 elementor-widget elementor-widget-text-editor\" data-id=\"2a11639\" data-element_type=\"widget\" data-settings=\"{&quot;ekit_we_effect_on&quot;:&quot;none&quot;}\" data-widget_type=\"text-editor.default\">\n\t\t\t\t<div class=\"elementor-widget-container\">\n\t\t\t\t\t\t\t\t\t<p><strong>Easy Grip Hex\u2122 Gummi Channelizer Trommelboden<\/strong><\/p>\n<p>Sorgen Sie f\u00fcr Stabilit\u00e4t und Haltbarkeit Ihrer Verkehrstrommeln mit dem <strong>Easy Grip Hex\u2122 Rubber Channelizer Drum Base<\/strong>. Dieser beschwerte Sockel passt perfekt auf <strong>T-RV-7 (B54-Q)<\/strong>, <strong>T-RV-6 (B52-Q)<\/strong> und <strong>TC54 Channelizer-Trommeln<\/strong> und bietet eine hervorragende Leistung bei anspruchsvollen Verkehrskontrollanwendungen. <\/p>\n<h3><strong>Hauptmerkmale<\/strong><\/h3>\n<ul>\n<li><strong>100% recycelter Kautschuk: Eine<\/strong> umweltfreundliche und nachhaltige L\u00f6sung.<\/li>\n<li><strong>Kompatibel mit den g\u00e4ngigen Verkehrstrommeln:<\/strong> Ma\u00dfgeschneidert f\u00fcr die Modelle T-RV-7, T-RV-6 und TC54.<\/li>\n<li><strong>Sto\u00dffest:<\/strong> H\u00e4lt Zusammenst\u00f6\u00dfen stand, ohne die Funktionalit\u00e4t zu beeintr\u00e4chtigen.<\/li>\n<li><strong>Wetterfeste Leistung:<\/strong> Best\u00e4ndig gegen UV-Strahlen, extreme Temperaturen und raue Wetterbedingungen.<\/li>\n<li><strong>Bequemes Design:<\/strong>\n<ul>\n<li>Zwei ergonomische Griffe f\u00fcr einfachen Transport und Installation.<\/li>\n<li>Stapelbar f\u00fcr effiziente Lagerung.<\/li>\n<\/ul>\n<\/li>\n<li><strong>Kosteneffektiv:<\/strong> Keine Wartung erforderlich, im Gegensatz zu herk\u00f6mmlichen Felgenb\u00f6den.<\/li>\n<\/ul>\n<h3><strong>Verf\u00fcgbare Gewichte<\/strong><\/h3>\n<p>W\u00e4hlen Sie das richtige Gewicht f\u00fcr Ihre Bed\u00fcrfnisse: <strong>20 lbs bis 30 lbs<\/strong>.<\/p>\n<hr>\n<h3><strong>Warum sollten Sie sich f\u00fcr die Easy Grip Hex\u2122 Base entscheiden?<\/strong><\/h3>\n<p>Der <strong>Easy Grip Hex\u2122 Rubber Channelizer Drum Base<\/strong> kombiniert Haltbarkeit, Benutzerfreundlichkeit und Umweltfreundlichkeit. Seine robuste Konstruktion sorgt daf\u00fcr, dass die Trommeln sicher an ihrem Platz bleiben, selbst bei schwierigen Witterungsbedingungen oder starker Beanspruchung. Mit seinem stapelbaren, ergonomischen Design ist er einfach zu lagern und zu transportieren und minimiert die Ausfallzeiten im Feld.  <\/p>\n<p>R\u00fcsten Sie Ihr Verkehrsmanagement mit der zuverl\u00e4ssigen und wartungsfreien <strong>Easy Grip Hex\u2122 Base<\/strong> noch heute auf!<\/p>\n\t\t\t\t\t\t\t\t<\/div>\n\t\t\t\t<\/div>\n\t\t\t\t<\/div>\n\t\t\t\t<div class=\"elementor-element elementor-element-2b50f2f elementor-align-justify elementor-widget elementor-widget-button\" data-id=\"2b50f2f\" data-element_type=\"widget\" data-settings=\"{&quot;ekit_we_effect_on&quot;:&quot;none&quot;}\" data-widget_type=\"button.default\">\n\t\t\t\t<div class=\"elementor-widget-container\">\n\t\t\t\t\t\t\t\t\t<div class=\"elementor-button-wrapper\">\n\t\t\t\t\t<a class=\"elementor-button elementor-button-link elementor-size-sm\" href=\"https:\/\/presfab.ca\/de\/kontaktieren-sie-uns\/\">\n\t\t\t\t\t\t<span class=\"elementor-button-content-wrapper\">\n\t\t\t\t\t\t\t\t\t<span class=\"elementor-button-text\">Angebot einholen<\/span>\n\t\t\t\t\t<\/span>\n\t\t\t\t\t<\/a>\n\t\t\t\t<\/div>\n\t\t\t\t\t\t\t\t<\/div>\n\t\t\t\t<\/div>\n\t\t\t\t<\/div>\n\t\t\t\t\t<\/div>\n\t\t\t\t<\/div>\n\t\t\t\t<\/div>\n\t\t","protected":false},"excerpt":{"rendered":"<p>Easy Grip Hex\u2122 Gummi Channelizer Trommelboden Sorgen Sie f\u00fcr Stabilit\u00e4t und Haltbarkeit Ihrer Verkehrstrommeln mit dem Easy Grip Hex\u2122 Rubber Channelizer Drum Base. Dieser beschwerte Sockel passt perfekt auf T-RV-7 (B54-Q), T-RV-6 (B52-Q) und TC54 Channelizer-Trommeln und bietet eine hervorragende Leistung bei anspruchsvollen Verkehrskontrollanwendungen. Hauptmerkmale 100% recycelter Kautschuk: Eine umweltfreundliche und nachhaltige L\u00f6sung. Kompatibel mit [&hellip;]<\/p>\n","protected":false},"author":2,"featured_media":0,"parent":0,"menu_order":0,"comment_status":"closed","ping_status":"closed","template":"","meta":{"content-type":"","footnotes":""},"class_list":["post-3388","page","type-page","status-publish","hentry"],"yoast_head":"<!-- This site is optimized with the Yoast SEO Premium plugin v24.3 (Yoast SEO v24.3) - https:\/\/yoast.com\/wordpress\/plugins\/seo\/ -->\n<title>Channelizer Base f\u00fcr Verkehrstrommeln: Stabilit\u00e4t und Langlebigkeit - PRESFAB HIGHWAY<\/title>\n<meta name=\"description\" content=\"Verbessern Sie die Verkehrssicherheit mit dem Easy Grip Hex\u2122 Rubber Channelizer Drum Base. Dieser wetterfeste und sto\u00dffeste Sockel besteht zu 100 % aus recyceltem Gummi und gew\u00e4hrleistet eine hervorragende Leistung.\" \/>\n<meta name=\"robots\" content=\"index, follow, max-snippet:-1, max-image-preview:large, max-video-preview:-1\" \/>\n<link rel=\"canonical\" href=\"https:\/\/presfab.ca\/de\/channelizer-basis\/\" \/>\n<meta property=\"og:locale\" content=\"de_DE\" \/>\n<meta property=\"og:type\" content=\"article\" \/>\n<meta property=\"og:title\" content=\"Channelizer Basis\" \/>\n<meta property=\"og:description\" content=\"Verbessern Sie die Verkehrssicherheit mit dem Easy Grip Hex\u2122 Rubber Channelizer Drum Base. Dieser wetterfeste und sto\u00dffeste Sockel besteht zu 100 % aus recyceltem Gummi und gew\u00e4hrleistet eine hervorragende Leistung.\" \/>\n<meta property=\"og:url\" content=\"https:\/\/presfab.ca\/de\/channelizer-basis\/\" \/>\n<meta property=\"og:site_name\" content=\"PRESFAB HIGHWAY\" \/>\n<meta property=\"article:publisher\" content=\"https:\/\/www.facebook.com\/PresfabHighway\" \/>\n<meta property=\"article:modified_time\" content=\"2025-08-06T00:54:45+00:00\" \/>\n<meta property=\"og:image\" content=\"https:\/\/presfab.ca\/wp-content\/uploads\/2025\/01\/Asset-1ZoomOut.png\" \/>\n\t<meta property=\"og:image:width\" content=\"118\" \/>\n\t<meta property=\"og:image:height\" content=\"46\" \/>\n\t<meta property=\"og:image:type\" content=\"image\/png\" \/>\n<meta name=\"twitter:card\" content=\"summary_large_image\" \/>\n<meta name=\"twitter:site\" content=\"@PresfabHighway\" \/>\n<meta name=\"twitter:label1\" content=\"Gesch\u00e4tzte Lesezeit\" \/>\n\t<meta name=\"twitter:data1\" content=\"1\u00a0Minute\" \/>\n<script type=\"application\/ld+json\" class=\"yoast-schema-graph\">{\"@context\":\"https:\/\/schema.org\",\"@graph\":[{\"@type\":\"WebPage\",\"@id\":\"https:\/\/presfab.ca\/de\/channelizer-basis\/\",\"url\":\"https:\/\/presfab.ca\/de\/channelizer-basis\/\",\"name\":\"Channelizer Base f\u00fcr Verkehrstrommeln: Stabilit\u00e4t und Langlebigkeit - PRESFAB HIGHWAY\",\"isPartOf\":{\"@id\":\"https:\/\/presfab.ca\/de\/#website\"},\"datePublished\":\"2025-01-26T19:40:45+00:00\",\"dateModified\":\"2025-08-06T00:54:45+00:00\",\"description\":\"Verbessern Sie die Verkehrssicherheit mit dem Easy Grip Hex\u2122 Rubber Channelizer Drum Base. Dieser wetterfeste und sto\u00dffeste Sockel besteht zu 100 % aus recyceltem Gummi und gew\u00e4hrleistet eine hervorragende Leistung.\",\"breadcrumb\":{\"@id\":\"https:\/\/presfab.ca\/de\/channelizer-basis\/#breadcrumb\"},\"inLanguage\":\"de\",\"potentialAction\":[{\"@type\":\"ReadAction\",\"target\":[\"https:\/\/presfab.ca\/de\/channelizer-basis\/\"]}]},{\"@type\":\"BreadcrumbList\",\"@id\":\"https:\/\/presfab.ca\/de\/channelizer-basis\/#breadcrumb\",\"itemListElement\":[{\"@type\":\"ListItem\",\"position\":1,\"name\":\"Home\",\"item\":\"https:\/\/presfab.ca\/de\/\"},{\"@type\":\"ListItem\",\"position\":2,\"name\":\"Channelizer Basis\"}]},{\"@type\":\"WebSite\",\"@id\":\"https:\/\/presfab.ca\/de\/#website\",\"url\":\"https:\/\/presfab.ca\/de\/\",\"name\":\"PRESFAB HIGHWAY\",\"description\":\"Manhole Riser Rings, Delineator Bases, Channelizer Bases, Sign bases and more!\",\"publisher\":{\"@id\":\"https:\/\/presfab.ca\/de\/#organization\"},\"potentialAction\":[{\"@type\":\"SearchAction\",\"target\":{\"@type\":\"EntryPoint\",\"urlTemplate\":\"https:\/\/presfab.ca\/de\/?s={search_term_string}\"},\"query-input\":{\"@type\":\"PropertyValueSpecification\",\"valueRequired\":true,\"valueName\":\"search_term_string\"}}],\"inLanguage\":\"de\"},{\"@type\":\"Organization\",\"@id\":\"https:\/\/presfab.ca\/de\/#organization\",\"name\":\"PRESFAB HIGHWAY\",\"url\":\"https:\/\/presfab.ca\/de\/\",\"logo\":{\"@type\":\"ImageObject\",\"inLanguage\":\"de\",\"@id\":\"https:\/\/presfab.ca\/de\/#\/schema\/logo\/image\/\",\"url\":\"https:\/\/presfab.ca\/wp-content\/uploads\/2025\/01\/Asset-1ZoomOut.png\",\"contentUrl\":\"https:\/\/presfab.ca\/wp-content\/uploads\/2025\/01\/Asset-1ZoomOut.png\",\"width\":118,\"height\":46,\"caption\":\"PRESFAB HIGHWAY\"},\"image\":{\"@id\":\"https:\/\/presfab.ca\/de\/#\/schema\/logo\/image\/\"},\"sameAs\":[\"https:\/\/www.facebook.com\/PresfabHighway\",\"https:\/\/x.com\/PresfabHighway\",\"https:\/\/www.linkedin.com\/company\/presfab-highway\/?viewAsMember=true\"],\"description\":\"Presfab Highway is a manufacturer of traffic safety products, and manhole and aquaduct grade riser rings. We make bases for Channelizer drums (TR& & TC54), Bases for RD-10 Delineator Posts, Temporary sign bases, speed bumps.\",\"email\":\"sales@presfab.ca\",\"telephone\":\"450-979-0007\"}]}<\/script>\n<!-- \/ Yoast SEO Premium plugin. -->","yoast_head_json":{"title":"Channelizer Base f\u00fcr Verkehrstrommeln: Stabilit\u00e4t und Langlebigkeit - PRESFAB HIGHWAY","description":"Verbessern Sie die Verkehrssicherheit mit dem Easy Grip Hex\u2122 Rubber Channelizer Drum Base. Dieser wetterfeste und sto\u00dffeste Sockel besteht zu 100 % aus recyceltem Gummi und gew\u00e4hrleistet eine hervorragende Leistung.","robots":{"index":"index","follow":"follow","max-snippet":"max-snippet:-1","max-image-preview":"max-image-preview:large","max-video-preview":"max-video-preview:-1"},"canonical":"https:\/\/presfab.ca\/de\/channelizer-basis\/","og_locale":"de_DE","og_type":"article","og_title":"Channelizer Basis","og_description":"Verbessern Sie die Verkehrssicherheit mit dem Easy Grip Hex\u2122 Rubber Channelizer Drum Base. Dieser wetterfeste und sto\u00dffeste Sockel besteht zu 100 % aus recyceltem Gummi und gew\u00e4hrleistet eine hervorragende Leistung.","og_url":"https:\/\/presfab.ca\/de\/channelizer-basis\/","og_site_name":"PRESFAB HIGHWAY","article_publisher":"https:\/\/www.facebook.com\/PresfabHighway","article_modified_time":"2025-08-06T00:54:45+00:00","og_image":[{"width":118,"height":46,"url":"https:\/\/presfab.ca\/wp-content\/uploads\/2025\/01\/Asset-1ZoomOut.png","type":"image\/png"}],"twitter_card":"summary_large_image","twitter_site":"@PresfabHighway","twitter_misc":{"Gesch\u00e4tzte Lesezeit":"1\u00a0Minute"},"schema":{"@context":"https:\/\/schema.org","@graph":[{"@type":"WebPage","@id":"https:\/\/presfab.ca\/de\/channelizer-basis\/","url":"https:\/\/presfab.ca\/de\/channelizer-basis\/","name":"Channelizer Base f\u00fcr Verkehrstrommeln: Stabilit\u00e4t und Langlebigkeit - PRESFAB HIGHWAY","isPartOf":{"@id":"https:\/\/presfab.ca\/de\/#website"},"datePublished":"2025-01-26T19:40:45+00:00","dateModified":"2025-08-06T00:54:45+00:00","description":"Verbessern Sie die Verkehrssicherheit mit dem Easy Grip Hex\u2122 Rubber Channelizer Drum Base. Dieser wetterfeste und sto\u00dffeste Sockel besteht zu 100 % aus recyceltem Gummi und gew\u00e4hrleistet eine hervorragende Leistung.","breadcrumb":{"@id":"https:\/\/presfab.ca\/de\/channelizer-basis\/#breadcrumb"},"inLanguage":"de","potentialAction":[{"@type":"ReadAction","target":["https:\/\/presfab.ca\/de\/channelizer-basis\/"]}]},{"@type":"BreadcrumbList","@id":"https:\/\/presfab.ca\/de\/channelizer-basis\/#breadcrumb","itemListElement":[{"@type":"ListItem","position":1,"name":"Home","item":"https:\/\/presfab.ca\/de\/"},{"@type":"ListItem","position":2,"name":"Channelizer Basis"}]},{"@type":"WebSite","@id":"https:\/\/presfab.ca\/de\/#website","url":"https:\/\/presfab.ca\/de\/","name":"PRESFAB HIGHWAY","description":"Manhole Riser Rings, Delineator Bases, Channelizer Bases, Sign bases and more!","publisher":{"@id":"https:\/\/presfab.ca\/de\/#organization"},"potentialAction":[{"@type":"SearchAction","target":{"@type":"EntryPoint","urlTemplate":"https:\/\/presfab.ca\/de\/?s={search_term_string}"},"query-input":{"@type":"PropertyValueSpecification","valueRequired":true,"valueName":"search_term_string"}}],"inLanguage":"de"},{"@type":"Organization","@id":"https:\/\/presfab.ca\/de\/#organization","name":"PRESFAB HIGHWAY","url":"https:\/\/presfab.ca\/de\/","logo":{"@type":"ImageObject","inLanguage":"de","@id":"https:\/\/presfab.ca\/de\/#\/schema\/logo\/image\/","url":"https:\/\/presfab.ca\/wp-content\/uploads\/2025\/01\/Asset-1ZoomOut.png","contentUrl":"https:\/\/presfab.ca\/wp-content\/uploads\/2025\/01\/Asset-1ZoomOut.png","width":118,"height":46,"caption":"PRESFAB HIGHWAY"},"image":{"@id":"https:\/\/presfab.ca\/de\/#\/schema\/logo\/image\/"},"sameAs":["https:\/\/www.facebook.com\/PresfabHighway","https:\/\/x.com\/PresfabHighway","https:\/\/www.linkedin.com\/company\/presfab-highway\/?viewAsMember=true"],"description":"Presfab Highway is a manufacturer of traffic safety products, and manhole and aquaduct grade riser rings. We make bases for Channelizer drums (TR& & TC54), Bases for RD-10 Delineator Posts, Temporary sign bases, speed bumps.","email":"sales@presfab.ca","telephone":"450-979-0007"}]}},"jetpack_sharing_enabled":true,"_links":{"self":[{"href":"https:\/\/presfab.ca\/de\/wp-json\/wp\/v2\/pages\/3388","targetHints":{"allow":["GET"]}}],"collection":[{"href":"https:\/\/presfab.ca\/de\/wp-json\/wp\/v2\/pages"}],"about":[{"href":"https:\/\/presfab.ca\/de\/wp-json\/wp\/v2\/types\/page"}],"author":[{"embeddable":true,"href":"https:\/\/presfab.ca\/de\/wp-json\/wp\/v2\/users\/2"}],"replies":[{"embeddable":true,"href":"https:\/\/presfab.ca\/de\/wp-json\/wp\/v2\/comments?post=3388"}],"version-history":[{"count":8,"href":"https:\/\/presfab.ca\/de\/wp-json\/wp\/v2\/pages\/3388\/revisions"}],"predecessor-version":[{"id":3670,"href":"https:\/\/presfab.ca\/de\/wp-json\/wp\/v2\/pages\/3388\/revisions\/3670"}],"wp:attachment":[{"href":"https:\/\/presfab.ca\/de\/wp-json\/wp\/v2\/media?parent=3388"}],"curies":[{"name":"wp","href":"https:\/\/api.w.org\/{rel}","templated":true}]}}