{"id":3390,"date":"2025-01-26T19:38:46","date_gmt":"2025-01-26T19:38:46","guid":{"rendered":"https:\/\/presfab.ca\/easy-u-base-temporaere-basis-fuer-schilder\/"},"modified":"2025-02-09T01:47:44","modified_gmt":"2025-02-09T01:47:44","slug":"easy-u-base-temporaere-basis-fuer-schilder","status":"publish","type":"page","link":"https:\/\/presfab.ca\/de\/easy-u-base-temporaere-basis-fuer-schilder\/","title":{"rendered":"Easy U-Base: Tempor\u00e4re Basis f\u00fcr Schilder"},"content":{"rendered":"\t\t<div data-elementor-type=\"wp-page\" data-elementor-id=\"3390\" class=\"elementor elementor-3390 elementor-1606\" data-elementor-post-type=\"page\">\n\t\t\t\t<div class=\"elementor-element elementor-element-e6fd683 e-flex e-con-boxed e-con e-parent\" data-id=\"e6fd683\" data-element_type=\"container\" data-settings=\"{&quot;ekit_has_onepagescroll_dot&quot;:&quot;yes&quot;}\">\n\t\t\t\t\t<div class=\"e-con-inner\">\n\t\t<div class=\"elementor-element elementor-element-917371f e-con-full e-flex e-con e-child\" data-id=\"917371f\" data-element_type=\"container\" data-settings=\"{&quot;ekit_has_onepagescroll_dot&quot;:&quot;yes&quot;}\">\n\t\t<div class=\"elementor-element elementor-element-ead842f e-con-full e-flex e-con e-child\" data-id=\"ead842f\" data-element_type=\"container\" data-settings=\"{&quot;ekit_has_onepagescroll_dot&quot;:&quot;yes&quot;}\">\n\t\t\t\t<div class=\"elementor-element elementor-element-85e7caf elementor-widget elementor-widget-image\" data-id=\"85e7caf\" data-element_type=\"widget\" data-settings=\"{&quot;ekit_we_effect_on&quot;:&quot;none&quot;}\" data-widget_type=\"image.default\">\n\t\t\t\t<div class=\"elementor-widget-container\">\n\t\t\t\t\t\t\t\t\t\t\t\t\t\t\t<img fetchpriority=\"high\" decoding=\"async\" width=\"593\" height=\"297\" src=\"https:\/\/presfab.ca\/wp-content\/uploads\/2024\/10\/easyubase-1.png\" class=\"attachment-full size-full wp-image-797\" alt=\"Rubber Temporary Sign U Shaped Sign Base\" srcset=\"https:\/\/presfab.ca\/wp-content\/uploads\/2024\/10\/easyubase-1.png 593w, https:\/\/presfab.ca\/wp-content\/uploads\/2024\/10\/easyubase-1-300x150.png 300w\" sizes=\"(max-width: 593px) 100vw, 593px\" \/>\t\t\t\t\t\t\t\t\t\t\t\t\t\t\t<\/div>\n\t\t\t\t<\/div>\n\t\t\t\t<div class=\"elementor-element elementor-element-1ea6bf4 elementor-widget elementor-widget-text-editor\" data-id=\"1ea6bf4\" data-element_type=\"widget\" data-settings=\"{&quot;ekit_we_effect_on&quot;:&quot;none&quot;}\" data-widget_type=\"text-editor.default\">\n\t\t\t\t<div class=\"elementor-widget-container\">\n\t\t\t\t\t\t\t\t\t<p><strong>Einfache U-Basis: Tempor\u00e4rer U-f\u00f6rmiger Bauschildsockel aus Gummi<\/strong><\/p>\n<p>Wenn es darum geht, Ihre <strong>tempor\u00e4ren Verkehrsschilder<\/strong> sicher und stabil zu halten, ist der <strong>tempor\u00e4re U-f\u00f6rmige Bauschilderfu\u00df aus Gummi<\/strong> die ideale Wahl. Er wurde entwickelt, um rauen Umgebungen standzuhalten und eignet sich perfekt f\u00fcr <strong>Baustellen<\/strong>, <strong>Stra\u00dfensperrungen<\/strong> und <strong>tempor\u00e4re Verkehrsmanagementanforderungen<\/strong>. <\/p>\n<p>Dieser robuste Sockel wurde mit Pr\u00e4zision gefertigt, um maximale Stabilit\u00e4t f\u00fcr Schilder zu gew\u00e4hrleisten und f\u00fcr Sicherheit und Effizienz auf der Stra\u00dfe zu sorgen. Ganz gleich, ob Sie eine Gro\u00dfbaustelle oder ein kurzfristiges Stra\u00dfenprojekt verwalten, dieser Sockel bietet die Zuverl\u00e4ssigkeit und den Komfort, den Sie brauchen. <\/p>\n<h3><strong>Hauptmerkmale &amp; Vorteile<\/strong><\/h3>\n<ul>\n<li><strong>Umweltfreundliches Material:<\/strong> Hergestellt aus 100% recyceltem Gummi, ein Beitrag zu einer nachhaltigen Umwelt.<\/li>\n<li><strong>Keine Wartungskosten:<\/strong> Im Gegensatz zu Sands\u00e4cken m\u00fcssen sie nicht st\u00e4ndig gepflegt oder ausgetauscht werden, wodurch Sie Zeit und Geld sparen.<\/li>\n<li><strong>Niedrigprofiliges Design:<\/strong> Das schlanke Design erh\u00f6ht die Stabilit\u00e4t und minimiert das Kipprisiko.<\/li>\n<li><strong>Stapelbar f\u00fcr einfache Aufbewahrung:<\/strong> Stapeln Sie bequem mehrere Basen, um Platz zu sparen, wenn Sie sie nicht benutzen.<\/li>\n<li><strong>Fahrzeugschonende Konstruktion:<\/strong> Schont Fahrzeuge, die nahe an der Basis vorbeifahren, und verringert so das Risiko von Sch\u00e4den.<\/li>\n<li><strong>Ergonomische Handhabung:<\/strong> Drei integrierte Griffe machen den Transport und die Aufstellung einfach und effizient.<\/li>\n<li><strong>F\u00fcr die Ewigkeit gebaut:<\/strong>\n<ul>\n<li><strong>Schlagfest:<\/strong> H\u00e4lt starken Belastungen und rauen Bedingungen stand.<\/li>\n<li><strong>Wetterfest:<\/strong> Widersteht UV-Strahlen, Temperaturschwankungen und schlechtem Wetter.<\/li>\n<\/ul>\n<\/li>\n<li><strong>Vorgebohrte L\u00f6cher:<\/strong> Vorbereitet f\u00fcr Stahlplattenbolzen, falls eine zus\u00e4tzliche Verankerung erforderlich ist.<\/li>\n<\/ul>\n<div> <\/div>\n<h3><strong>Verf\u00fcgbare Gr\u00f6\u00dfen<\/strong><\/h3>\n<p>W\u00e4hlen Sie das richtige Gewicht f\u00fcr Ihre Anwendung: <strong>30 lbs oder 50 lbs<\/strong>.<\/p>\n<hr>\n<h3><strong>Wie sieht es mit der U-f\u00f6rmigen Gummibasis aus?<\/strong><\/h3>\n<p>Der <strong>U-f\u00f6rmige Bauschildsockel aus Gummi<\/strong> \u00fcbertrifft herk\u00f6mmliche Sands\u00e4cke und andere tempor\u00e4re L\u00f6sungen in jeder Hinsicht. Sein langlebiges Design macht Ersatz \u00fcberfl\u00fcssig, w\u00e4hrend der flache Sockel selbst bei Wind f\u00fcr mehr Stabilit\u00e4t sorgt. Im Gegensatz zu Sands\u00e4cken verstreut er sich nicht und zerf\u00e4llt nicht mit der Zeit, was ihn zu einer kosteneffektiven und umweltfreundlichen Alternative macht.  <\/p>\n<p>Wenn Sie Ratschl\u00e4ge f\u00fcr die Installation oder Tipps f\u00fcr die Auswahl der richtigen tempor\u00e4ren Beschilderung suchen, finden Sie in den <a href=\"https:\/\/www.fhwa.dot.gov\/\" target=\"_new\" rel=\"noopener\">FHWA-Richtlinien f\u00fcr tempor\u00e4re Verkehrskontrolle<\/a> Empfehlungen von Experten. Diese k\u00f6nnen dazu beitragen, die Einhaltung der Vorschriften und die Sicherheit bei allen Stra\u00dfenprojekten zu gew\u00e4hrleisten. <\/p>\n<h3><strong>Anwendungen des U-f\u00f6rmigen Gummifu\u00dfes<\/strong><\/h3>\n<ul>\n<li>Tempor\u00e4re Bauschilder f\u00fcr Autobahnen und Stra\u00dfen.<\/li>\n<li>Beschilderung von Umleitungen und Stra\u00dfensperrungen.<\/li>\n<li>Sicherheitsbeschilderung f\u00fcr Veranstaltungen und Baustellenbereiche.<\/li>\n<\/ul>\n<hr>\n<p>Verbessern Sie noch heute Ihre Verkehrssicherheit mit dem zuverl\u00e4ssigen und langlebigen <strong>U-f\u00f6rmigen Bauschilderfu\u00df aus Gummi<\/strong>. Dies ist die L\u00f6sung, der Sie vertrauen k\u00f6nnen, um Stabilit\u00e4t, Sicherheit und Benutzerfreundlichkeit f\u00fcr alle Ihre tempor\u00e4ren Schilder zu gew\u00e4hrleisten. <\/p>\n\t\t\t\t\t\t\t\t<\/div>\n\t\t\t\t<\/div>\n\t\t\t\t<\/div>\n\t\t<div class=\"elementor-element elementor-element-17573cd e-con-full e-flex e-con e-child\" data-id=\"17573cd\" data-element_type=\"container\" data-settings=\"{&quot;ekit_has_onepagescroll_dot&quot;:&quot;yes&quot;}\">\n\t\t\t\t<div class=\"elementor-element elementor-element-6a7e963 elementor-align-justify elementor-widget elementor-widget-button\" data-id=\"6a7e963\" data-element_type=\"widget\" data-settings=\"{&quot;ekit_we_effect_on&quot;:&quot;none&quot;}\" data-widget_type=\"button.default\">\n\t\t\t\t<div class=\"elementor-widget-container\">\n\t\t\t\t\t\t\t\t\t<div class=\"elementor-button-wrapper\">\n\t\t\t\t\t<a class=\"elementor-button elementor-button-link elementor-size-sm\" href=\"https:\/\/presfab.ca\/wp-content\/uploads\/2024\/10\/EasyUBase.pdf\">\n\t\t\t\t\t\t<span class=\"elementor-button-content-wrapper\">\n\t\t\t\t\t\t\t\t\t<span class=\"elementor-button-text\">Drucken Sie unsere Brosch\u00fcre<\/span>\n\t\t\t\t\t<\/span>\n\t\t\t\t\t<\/a>\n\t\t\t\t<\/div>\n\t\t\t\t\t\t\t\t<\/div>\n\t\t\t\t<\/div>\n\t\t\t\t<div class=\"elementor-element elementor-element-b3ff4c2 elementor-align-justify elementor-widget elementor-widget-button\" data-id=\"b3ff4c2\" data-element_type=\"widget\" data-settings=\"{&quot;ekit_we_effect_on&quot;:&quot;none&quot;}\" data-widget_type=\"button.default\">\n\t\t\t\t<div class=\"elementor-widget-container\">\n\t\t\t\t\t\t\t\t\t<div class=\"elementor-button-wrapper\">\n\t\t\t\t\t<a class=\"elementor-button elementor-button-link elementor-size-sm\" href=\"https:\/\/presfab.ca\/de\/kontaktieren-sie-uns\/\">\n\t\t\t\t\t\t<span class=\"elementor-button-content-wrapper\">\n\t\t\t\t\t\t\t\t\t<span class=\"elementor-button-text\">Angebot einholen<\/span>\n\t\t\t\t\t<\/span>\n\t\t\t\t\t<\/a>\n\t\t\t\t<\/div>\n\t\t\t\t\t\t\t\t<\/div>\n\t\t\t\t<\/div>\n\t\t\t\t<\/div>\n\t\t\t\t<\/div>\n\t\t\t\t\t<\/div>\n\t\t\t\t<\/div>\n\t\t\t\t<\/div>\n\t\t","protected":false},"excerpt":{"rendered":"<p>Einfache U-Basis: Tempor\u00e4rer U-f\u00f6rmiger Bauschildsockel aus Gummi Wenn es darum geht, Ihre tempor\u00e4ren Verkehrsschilder sicher und stabil zu halten, ist der tempor\u00e4re U-f\u00f6rmige Bauschilderfu\u00df aus Gummi die ideale Wahl. Er wurde entwickelt, um rauen Umgebungen standzuhalten und eignet sich perfekt f\u00fcr Baustellen, Stra\u00dfensperrungen und tempor\u00e4re Verkehrsmanagementanforderungen. Dieser robuste Sockel wurde mit Pr\u00e4zision gefertigt, um maximale [&hellip;]<\/p>\n","protected":false},"author":2,"featured_media":0,"parent":0,"menu_order":0,"comment_status":"closed","ping_status":"closed","template":"","meta":{"content-type":"","footnotes":""},"class_list":["post-3390","page","type-page","status-publish","hentry"],"yoast_head":"<!-- This site is optimized with the Yoast SEO Premium plugin v24.3 (Yoast SEO v24.3) - https:\/\/yoast.com\/wordpress\/plugins\/seo\/ -->\n<title>Tempor\u00e4re Verkehrszeichenunterlage aus Gummi - PRESFAB HIGHWAY<\/title>\n<meta name=\"description\" content=\"Einfache U-Basis: Der haltbare und umweltfreundliche tempor\u00e4re U-f\u00f6rmige Bauschildsockel aus Gummi. Er eignet sich perfekt f\u00fcr tempor\u00e4re Stra\u00dfenschilder und bietet hervorragende Stabilit\u00e4t, Schlagfestigkeit und Wetterfestigkeit. Erh\u00e4ltlich in 30 lbs und 50 lbs. Kontaktieren Sie uns jetzt f\u00fcr langlebige Verkehrsmanagementprodukte!\" \/>\n<meta name=\"robots\" content=\"index, follow, max-snippet:-1, max-image-preview:large, max-video-preview:-1\" \/>\n<link rel=\"canonical\" href=\"https:\/\/presfab.ca\/de\/easy-u-base-temporaere-basis-fuer-schilder\/\" \/>\n<meta property=\"og:locale\" content=\"de_DE\" \/>\n<meta property=\"og:type\" content=\"article\" \/>\n<meta property=\"og:title\" content=\"Easy U-Base: Tempor\u00e4re Basis f\u00fcr Schilder\" \/>\n<meta property=\"og:description\" content=\"Einfache U-Basis: Der haltbare und umweltfreundliche tempor\u00e4re U-f\u00f6rmige Bauschildsockel aus Gummi. Er eignet sich perfekt f\u00fcr tempor\u00e4re Stra\u00dfenschilder und bietet hervorragende Stabilit\u00e4t, Schlagfestigkeit und Wetterfestigkeit. Erh\u00e4ltlich in 30 lbs und 50 lbs. Kontaktieren Sie uns jetzt f\u00fcr langlebige Verkehrsmanagementprodukte!\" \/>\n<meta property=\"og:url\" content=\"https:\/\/presfab.ca\/de\/easy-u-base-temporaere-basis-fuer-schilder\/\" \/>\n<meta property=\"og:site_name\" content=\"PRESFAB HIGHWAY\" \/>\n<meta property=\"article:publisher\" content=\"https:\/\/www.facebook.com\/PresfabHighway\" \/>\n<meta property=\"article:modified_time\" content=\"2025-02-09T01:47:44+00:00\" \/>\n<meta property=\"og:image\" content=\"https:\/\/presfab.ca\/wp-content\/uploads\/2024\/10\/easyubase-1.png\" \/>\n\t<meta property=\"og:image:width\" content=\"593\" \/>\n\t<meta property=\"og:image:height\" content=\"297\" \/>\n\t<meta property=\"og:image:type\" content=\"image\/png\" \/>\n<meta name=\"twitter:card\" content=\"summary_large_image\" \/>\n<meta name=\"twitter:site\" content=\"@PresfabHighway\" \/>\n<meta name=\"twitter:label1\" content=\"Gesch\u00e4tzte Lesezeit\" \/>\n\t<meta name=\"twitter:data1\" content=\"2\u00a0Minuten\" \/>\n<script type=\"application\/ld+json\" class=\"yoast-schema-graph\">{\"@context\":\"https:\/\/schema.org\",\"@graph\":[{\"@type\":\"WebPage\",\"@id\":\"https:\/\/presfab.ca\/de\/easy-u-base-temporaere-basis-fuer-schilder\/\",\"url\":\"https:\/\/presfab.ca\/de\/easy-u-base-temporaere-basis-fuer-schilder\/\",\"name\":\"Tempor\u00e4re Verkehrszeichenunterlage aus Gummi - PRESFAB HIGHWAY\",\"isPartOf\":{\"@id\":\"https:\/\/presfab.ca\/de\/#website\"},\"primaryImageOfPage\":{\"@id\":\"https:\/\/presfab.ca\/de\/easy-u-base-temporaere-basis-fuer-schilder\/#primaryimage\"},\"image\":{\"@id\":\"https:\/\/presfab.ca\/de\/easy-u-base-temporaere-basis-fuer-schilder\/#primaryimage\"},\"thumbnailUrl\":\"https:\/\/presfab.ca\/wp-content\/uploads\/2024\/10\/easyubase-1.png\",\"datePublished\":\"2025-01-26T19:38:46+00:00\",\"dateModified\":\"2025-02-09T01:47:44+00:00\",\"description\":\"Einfache U-Basis: Der haltbare und umweltfreundliche tempor\u00e4re U-f\u00f6rmige Bauschildsockel aus Gummi. Er eignet sich perfekt f\u00fcr tempor\u00e4re Stra\u00dfenschilder und bietet hervorragende Stabilit\u00e4t, Schlagfestigkeit und Wetterfestigkeit. Erh\u00e4ltlich in 30 lbs und 50 lbs. Kontaktieren Sie uns jetzt f\u00fcr langlebige Verkehrsmanagementprodukte!\",\"breadcrumb\":{\"@id\":\"https:\/\/presfab.ca\/de\/easy-u-base-temporaere-basis-fuer-schilder\/#breadcrumb\"},\"inLanguage\":\"de\",\"potentialAction\":[{\"@type\":\"ReadAction\",\"target\":[\"https:\/\/presfab.ca\/de\/easy-u-base-temporaere-basis-fuer-schilder\/\"]}]},{\"@type\":\"ImageObject\",\"inLanguage\":\"de\",\"@id\":\"https:\/\/presfab.ca\/de\/easy-u-base-temporaere-basis-fuer-schilder\/#primaryimage\",\"url\":\"https:\/\/presfab.ca\/wp-content\/uploads\/2024\/10\/easyubase-1.png\",\"contentUrl\":\"https:\/\/presfab.ca\/wp-content\/uploads\/2024\/10\/easyubase-1.png\"},{\"@type\":\"BreadcrumbList\",\"@id\":\"https:\/\/presfab.ca\/de\/easy-u-base-temporaere-basis-fuer-schilder\/#breadcrumb\",\"itemListElement\":[{\"@type\":\"ListItem\",\"position\":1,\"name\":\"Home\",\"item\":\"https:\/\/presfab.ca\/de\/\"},{\"@type\":\"ListItem\",\"position\":2,\"name\":\"Easy U-Base: Tempor\u00e4re Basis f\u00fcr Schilder\"}]},{\"@type\":\"WebSite\",\"@id\":\"https:\/\/presfab.ca\/de\/#website\",\"url\":\"https:\/\/presfab.ca\/de\/\",\"name\":\"PRESFAB HIGHWAY\",\"description\":\"Manhole Riser Rings, Delineator Bases, Channelizer Bases, Sign bases and more!\",\"publisher\":{\"@id\":\"https:\/\/presfab.ca\/de\/#organization\"},\"potentialAction\":[{\"@type\":\"SearchAction\",\"target\":{\"@type\":\"EntryPoint\",\"urlTemplate\":\"https:\/\/presfab.ca\/de\/?s={search_term_string}\"},\"query-input\":{\"@type\":\"PropertyValueSpecification\",\"valueRequired\":true,\"valueName\":\"search_term_string\"}}],\"inLanguage\":\"de\"},{\"@type\":\"Organization\",\"@id\":\"https:\/\/presfab.ca\/de\/#organization\",\"name\":\"PRESFAB HIGHWAY\",\"url\":\"https:\/\/presfab.ca\/de\/\",\"logo\":{\"@type\":\"ImageObject\",\"inLanguage\":\"de\",\"@id\":\"https:\/\/presfab.ca\/de\/#\/schema\/logo\/image\/\",\"url\":\"https:\/\/presfab.ca\/wp-content\/uploads\/2025\/01\/Asset-1ZoomOut.png\",\"contentUrl\":\"https:\/\/presfab.ca\/wp-content\/uploads\/2025\/01\/Asset-1ZoomOut.png\",\"width\":118,\"height\":46,\"caption\":\"PRESFAB HIGHWAY\"},\"image\":{\"@id\":\"https:\/\/presfab.ca\/de\/#\/schema\/logo\/image\/\"},\"sameAs\":[\"https:\/\/www.facebook.com\/PresfabHighway\",\"https:\/\/x.com\/PresfabHighway\",\"https:\/\/www.linkedin.com\/company\/presfab-highway\/?viewAsMember=true\"],\"description\":\"Presfab Highway is a manufacturer of traffic safety products, and manhole and aquaduct grade riser rings. We make bases for Channelizer drums (TR& & TC54), Bases for RD-10 Delineator Posts, Temporary sign bases, speed bumps.\",\"email\":\"sales@presfab.ca\",\"telephone\":\"450-979-0007\"}]}<\/script>\n<!-- \/ Yoast SEO Premium plugin. -->","yoast_head_json":{"title":"Tempor\u00e4re Verkehrszeichenunterlage aus Gummi - PRESFAB HIGHWAY","description":"Einfache U-Basis: Der haltbare und umweltfreundliche tempor\u00e4re U-f\u00f6rmige Bauschildsockel aus Gummi. Er eignet sich perfekt f\u00fcr tempor\u00e4re Stra\u00dfenschilder und bietet hervorragende Stabilit\u00e4t, Schlagfestigkeit und Wetterfestigkeit. Erh\u00e4ltlich in 30 lbs und 50 lbs. Kontaktieren Sie uns jetzt f\u00fcr langlebige Verkehrsmanagementprodukte!","robots":{"index":"index","follow":"follow","max-snippet":"max-snippet:-1","max-image-preview":"max-image-preview:large","max-video-preview":"max-video-preview:-1"},"canonical":"https:\/\/presfab.ca\/de\/easy-u-base-temporaere-basis-fuer-schilder\/","og_locale":"de_DE","og_type":"article","og_title":"Easy U-Base: Tempor\u00e4re Basis f\u00fcr Schilder","og_description":"Einfache U-Basis: Der haltbare und umweltfreundliche tempor\u00e4re U-f\u00f6rmige Bauschildsockel aus Gummi. Er eignet sich perfekt f\u00fcr tempor\u00e4re Stra\u00dfenschilder und bietet hervorragende Stabilit\u00e4t, Schlagfestigkeit und Wetterfestigkeit. Erh\u00e4ltlich in 30 lbs und 50 lbs. Kontaktieren Sie uns jetzt f\u00fcr langlebige Verkehrsmanagementprodukte!","og_url":"https:\/\/presfab.ca\/de\/easy-u-base-temporaere-basis-fuer-schilder\/","og_site_name":"PRESFAB HIGHWAY","article_publisher":"https:\/\/www.facebook.com\/PresfabHighway","article_modified_time":"2025-02-09T01:47:44+00:00","og_image":[{"width":593,"height":297,"url":"https:\/\/presfab.ca\/wp-content\/uploads\/2024\/10\/easyubase-1.png","type":"image\/png"}],"twitter_card":"summary_large_image","twitter_site":"@PresfabHighway","twitter_misc":{"Gesch\u00e4tzte Lesezeit":"2\u00a0Minuten"},"schema":{"@context":"https:\/\/schema.org","@graph":[{"@type":"WebPage","@id":"https:\/\/presfab.ca\/de\/easy-u-base-temporaere-basis-fuer-schilder\/","url":"https:\/\/presfab.ca\/de\/easy-u-base-temporaere-basis-fuer-schilder\/","name":"Tempor\u00e4re Verkehrszeichenunterlage aus Gummi - PRESFAB HIGHWAY","isPartOf":{"@id":"https:\/\/presfab.ca\/de\/#website"},"primaryImageOfPage":{"@id":"https:\/\/presfab.ca\/de\/easy-u-base-temporaere-basis-fuer-schilder\/#primaryimage"},"image":{"@id":"https:\/\/presfab.ca\/de\/easy-u-base-temporaere-basis-fuer-schilder\/#primaryimage"},"thumbnailUrl":"https:\/\/presfab.ca\/wp-content\/uploads\/2024\/10\/easyubase-1.png","datePublished":"2025-01-26T19:38:46+00:00","dateModified":"2025-02-09T01:47:44+00:00","description":"Einfache U-Basis: Der haltbare und umweltfreundliche tempor\u00e4re U-f\u00f6rmige Bauschildsockel aus Gummi. Er eignet sich perfekt f\u00fcr tempor\u00e4re Stra\u00dfenschilder und bietet hervorragende Stabilit\u00e4t, Schlagfestigkeit und Wetterfestigkeit. Erh\u00e4ltlich in 30 lbs und 50 lbs. Kontaktieren Sie uns jetzt f\u00fcr langlebige Verkehrsmanagementprodukte!","breadcrumb":{"@id":"https:\/\/presfab.ca\/de\/easy-u-base-temporaere-basis-fuer-schilder\/#breadcrumb"},"inLanguage":"de","potentialAction":[{"@type":"ReadAction","target":["https:\/\/presfab.ca\/de\/easy-u-base-temporaere-basis-fuer-schilder\/"]}]},{"@type":"ImageObject","inLanguage":"de","@id":"https:\/\/presfab.ca\/de\/easy-u-base-temporaere-basis-fuer-schilder\/#primaryimage","url":"https:\/\/presfab.ca\/wp-content\/uploads\/2024\/10\/easyubase-1.png","contentUrl":"https:\/\/presfab.ca\/wp-content\/uploads\/2024\/10\/easyubase-1.png"},{"@type":"BreadcrumbList","@id":"https:\/\/presfab.ca\/de\/easy-u-base-temporaere-basis-fuer-schilder\/#breadcrumb","itemListElement":[{"@type":"ListItem","position":1,"name":"Home","item":"https:\/\/presfab.ca\/de\/"},{"@type":"ListItem","position":2,"name":"Easy U-Base: Tempor\u00e4re Basis f\u00fcr Schilder"}]},{"@type":"WebSite","@id":"https:\/\/presfab.ca\/de\/#website","url":"https:\/\/presfab.ca\/de\/","name":"PRESFAB HIGHWAY","description":"Manhole Riser Rings, Delineator Bases, Channelizer Bases, Sign bases and more!","publisher":{"@id":"https:\/\/presfab.ca\/de\/#organization"},"potentialAction":[{"@type":"SearchAction","target":{"@type":"EntryPoint","urlTemplate":"https:\/\/presfab.ca\/de\/?s={search_term_string}"},"query-input":{"@type":"PropertyValueSpecification","valueRequired":true,"valueName":"search_term_string"}}],"inLanguage":"de"},{"@type":"Organization","@id":"https:\/\/presfab.ca\/de\/#organization","name":"PRESFAB HIGHWAY","url":"https:\/\/presfab.ca\/de\/","logo":{"@type":"ImageObject","inLanguage":"de","@id":"https:\/\/presfab.ca\/de\/#\/schema\/logo\/image\/","url":"https:\/\/presfab.ca\/wp-content\/uploads\/2025\/01\/Asset-1ZoomOut.png","contentUrl":"https:\/\/presfab.ca\/wp-content\/uploads\/2025\/01\/Asset-1ZoomOut.png","width":118,"height":46,"caption":"PRESFAB HIGHWAY"},"image":{"@id":"https:\/\/presfab.ca\/de\/#\/schema\/logo\/image\/"},"sameAs":["https:\/\/www.facebook.com\/PresfabHighway","https:\/\/x.com\/PresfabHighway","https:\/\/www.linkedin.com\/company\/presfab-highway\/?viewAsMember=true"],"description":"Presfab Highway is a manufacturer of traffic safety products, and manhole and aquaduct grade riser rings. We make bases for Channelizer drums (TR& & TC54), Bases for RD-10 Delineator Posts, Temporary sign bases, speed bumps.","email":"sales@presfab.ca","telephone":"450-979-0007"}]}},"jetpack_sharing_enabled":true,"_links":{"self":[{"href":"https:\/\/presfab.ca\/de\/wp-json\/wp\/v2\/pages\/3390","targetHints":{"allow":["GET"]}}],"collection":[{"href":"https:\/\/presfab.ca\/de\/wp-json\/wp\/v2\/pages"}],"about":[{"href":"https:\/\/presfab.ca\/de\/wp-json\/wp\/v2\/types\/page"}],"author":[{"embeddable":true,"href":"https:\/\/presfab.ca\/de\/wp-json\/wp\/v2\/users\/2"}],"replies":[{"embeddable":true,"href":"https:\/\/presfab.ca\/de\/wp-json\/wp\/v2\/comments?post=3390"}],"version-history":[{"count":1,"href":"https:\/\/presfab.ca\/de\/wp-json\/wp\/v2\/pages\/3390\/revisions"}],"predecessor-version":[{"id":3392,"href":"https:\/\/presfab.ca\/de\/wp-json\/wp\/v2\/pages\/3390\/revisions\/3392"}],"wp:attachment":[{"href":"https:\/\/presfab.ca\/de\/wp-json\/wp\/v2\/media?parent=3390"}],"curies":[{"name":"wp","href":"https:\/\/api.w.org\/{rel}","templated":true}]}}