{"id":3409,"date":"2025-01-26T19:35:59","date_gmt":"2025-01-26T19:35:59","guid":{"rendered":"https:\/\/presfab.ca\/sinusfoermiger-speed-hump\/"},"modified":"2025-02-09T01:47:50","modified_gmt":"2025-02-09T01:47:50","slug":"sinusfoermiger-speed-hump","status":"publish","type":"page","link":"https:\/\/presfab.ca\/de\/sinusfoermiger-speed-hump\/","title":{"rendered":"Sinusf\u00f6rmiger Speed Hump"},"content":{"rendered":"\t\t<div data-elementor-type=\"wp-page\" data-elementor-id=\"3409\" class=\"elementor elementor-3409 elementor-1601\" data-elementor-post-type=\"page\">\n\t\t\t\t<div class=\"elementor-element elementor-element-57426f1 e-flex e-con-boxed e-con e-parent\" data-id=\"57426f1\" data-element_type=\"container\" data-settings=\"{&quot;ekit_has_onepagescroll_dot&quot;:&quot;yes&quot;}\">\n\t\t\t\t\t<div class=\"e-con-inner\">\n\t\t<div class=\"elementor-element elementor-element-6dfc3f6 e-con-full e-flex e-con e-child\" data-id=\"6dfc3f6\" data-element_type=\"container\" data-settings=\"{&quot;ekit_has_onepagescroll_dot&quot;:&quot;yes&quot;}\">\n\t\t<div class=\"elementor-element elementor-element-a8e3594 e-con-full e-flex e-con e-child\" data-id=\"a8e3594\" data-element_type=\"container\" data-settings=\"{&quot;ekit_has_onepagescroll_dot&quot;:&quot;yes&quot;}\">\n\t\t\t\t<div class=\"elementor-element elementor-element-2d56b94 elementor-widget elementor-widget-image\" data-id=\"2d56b94\" data-element_type=\"widget\" data-settings=\"{&quot;ekit_we_effect_on&quot;:&quot;none&quot;}\" data-widget_type=\"image.default\">\n\t\t\t\t<div class=\"elementor-widget-container\">\n\t\t\t\t\t\t\t\t\t\t\t\t\t\t\t<img fetchpriority=\"high\" decoding=\"async\" width=\"593\" height=\"297\" src=\"https:\/\/presfab.ca\/wp-content\/uploads\/2024\/10\/speedbump.png\" class=\"attachment-full size-full wp-image-790\" alt=\"\" srcset=\"https:\/\/presfab.ca\/wp-content\/uploads\/2024\/10\/speedbump.png 593w, https:\/\/presfab.ca\/wp-content\/uploads\/2024\/10\/speedbump-300x150.png 300w\" sizes=\"(max-width: 593px) 100vw, 593px\" \/>\t\t\t\t\t\t\t\t\t\t\t\t\t\t\t<\/div>\n\t\t\t\t<\/div>\n\t\t\t\t<div class=\"elementor-element elementor-element-6f7c157 elementor-widget elementor-widget-text-editor\" data-id=\"6f7c157\" data-element_type=\"widget\" data-settings=\"{&quot;ekit_we_effect_on&quot;:&quot;none&quot;}\" data-widget_type=\"text-editor.default\">\n\t\t\t\t<div class=\"elementor-widget-container\">\n\t\t\t\t\t\t\t\t\t<h5><strong>EIGENSCHAFTEN &amp; VORTEILE<\/strong><\/h5>\n<ul>\n<li>Hergestellt aus 100% recyceltem Gummi<\/li>\n<li>Widerstandsf\u00e4hig gegen alle Arten von Wetter<\/li>\n<li>Widerstandsf\u00e4hig gegen UV-Strahlen<\/li>\n<li>Widerstandsf\u00e4hig gegen Feuchtigkeit und \u00d6l.<\/li>\n<li>Widerstandsf\u00e4hig gegen extreme Temperaturschwankungen.<\/li>\n<li>Kann von einer Person in weniger als 10 Minuten installiert werden<\/li>\n<li>Langlebig<\/li>\n<li>Wartungsfrei<\/li>\n<li>Flexibel, erm\u00f6glicht die Anpassung an Oberfl\u00e4chenunebenheiten<\/li>\n<li>Mit 2 kanalisierten Kan\u00e4len f\u00fcr die Installation von Kabeln, Rohren und Leitungen darunter.<\/li>\n<li>Ideal f\u00fcr Wohngebiete, Schulen, Parkanlagen sowie Parkpl\u00e4tze, Hotelparkpl\u00e4tze, Einkaufszentren und andere.<\/li>\n<\/ul>\n\t\t\t\t\t\t\t\t<\/div>\n\t\t\t\t<\/div>\n\t\t\t\t<\/div>\n\t\t<div class=\"elementor-element elementor-element-59a20cc e-con-full e-flex e-con e-child\" data-id=\"59a20cc\" data-element_type=\"container\" data-settings=\"{&quot;ekit_has_onepagescroll_dot&quot;:&quot;yes&quot;}\">\n\t\t\t\t<div class=\"elementor-element elementor-element-4d3dca6 elementor-align-justify elementor-widget elementor-widget-button\" data-id=\"4d3dca6\" data-element_type=\"widget\" data-settings=\"{&quot;ekit_we_effect_on&quot;:&quot;none&quot;}\" data-widget_type=\"button.default\">\n\t\t\t\t<div class=\"elementor-widget-container\">\n\t\t\t\t\t\t\t\t\t<div class=\"elementor-button-wrapper\">\n\t\t\t\t\t<a class=\"elementor-button elementor-button-link elementor-size-sm\" href=\"https:\/\/presfab.ca\/de\/kontaktieren-sie-uns\/\">\n\t\t\t\t\t\t<span class=\"elementor-button-content-wrapper\">\n\t\t\t\t\t\t\t\t\t<span class=\"elementor-button-text\">Angebot einholen<\/span>\n\t\t\t\t\t<\/span>\n\t\t\t\t\t<\/a>\n\t\t\t\t<\/div>\n\t\t\t\t\t\t\t\t<\/div>\n\t\t\t\t<\/div>\n\t\t\t\t<\/div>\n\t\t\t\t<\/div>\n\t\t\t\t\t<\/div>\n\t\t\t\t<\/div>\n\t\t\t\t<\/div>\n\t\t","protected":false},"excerpt":{"rendered":"<p>EIGENSCHAFTEN &amp; VORTEILE Hergestellt aus 100% recyceltem Gummi Widerstandsf\u00e4hig gegen alle Arten von Wetter Widerstandsf\u00e4hig gegen UV-Strahlen Widerstandsf\u00e4hig gegen Feuchtigkeit und \u00d6l. Widerstandsf\u00e4hig gegen extreme Temperaturschwankungen. Kann von einer Person in weniger als 10 Minuten installiert werden Langlebig Wartungsfrei Flexibel, erm\u00f6glicht die Anpassung an Oberfl\u00e4chenunebenheiten Mit 2 kanalisierten Kan\u00e4len f\u00fcr die Installation von Kabeln, Rohren [&hellip;]<\/p>\n","protected":false},"author":2,"featured_media":0,"parent":0,"menu_order":0,"comment_status":"closed","ping_status":"closed","template":"","meta":{"content-type":"","footnotes":""},"class_list":["post-3409","page","type-page","status-publish","hentry"],"yoast_head":"<!-- This site is optimized with the Yoast SEO Premium plugin v24.3 (Yoast SEO v24.3) - https:\/\/yoast.com\/wordpress\/plugins\/seo\/ -->\n<title>Sinusf\u00f6rmiger Speed Hump - PRESFAB HIGHWAY<\/title>\n<meta name=\"robots\" content=\"index, follow, max-snippet:-1, max-image-preview:large, max-video-preview:-1\" \/>\n<link rel=\"canonical\" href=\"https:\/\/presfab.ca\/de\/sinusfoermiger-speed-hump\/\" \/>\n<meta property=\"og:locale\" content=\"de_DE\" \/>\n<meta property=\"og:type\" content=\"article\" \/>\n<meta property=\"og:title\" content=\"Sinusf\u00f6rmiger Speed Hump\" \/>\n<meta property=\"og:description\" content=\"EIGENSCHAFTEN &amp; VORTEILE Hergestellt aus 100% recyceltem Gummi Widerstandsf\u00e4hig gegen alle Arten von Wetter Widerstandsf\u00e4hig gegen UV-Strahlen Widerstandsf\u00e4hig gegen Feuchtigkeit und \u00d6l. Widerstandsf\u00e4hig gegen extreme Temperaturschwankungen. Kann von einer Person in weniger als 10 Minuten installiert werden Langlebig Wartungsfrei Flexibel, erm\u00f6glicht die Anpassung an Oberfl\u00e4chenunebenheiten Mit 2 kanalisierten Kan\u00e4len f\u00fcr die Installation von Kabeln, Rohren [&hellip;]\" \/>\n<meta property=\"og:url\" content=\"https:\/\/presfab.ca\/de\/sinusfoermiger-speed-hump\/\" \/>\n<meta property=\"og:site_name\" content=\"PRESFAB HIGHWAY\" \/>\n<meta property=\"article:publisher\" content=\"https:\/\/www.facebook.com\/PresfabHighway\" \/>\n<meta property=\"article:modified_time\" content=\"2025-02-09T01:47:50+00:00\" \/>\n<meta property=\"og:image\" content=\"https:\/\/presfab.ca\/wp-content\/uploads\/2024\/10\/speedbump.png\" \/>\n\t<meta property=\"og:image:width\" content=\"593\" \/>\n\t<meta property=\"og:image:height\" content=\"297\" \/>\n\t<meta property=\"og:image:type\" content=\"image\/png\" \/>\n<meta name=\"twitter:card\" content=\"summary_large_image\" \/>\n<meta name=\"twitter:site\" content=\"@PresfabHighway\" \/>\n<script type=\"application\/ld+json\" class=\"yoast-schema-graph\">{\"@context\":\"https:\/\/schema.org\",\"@graph\":[{\"@type\":\"WebPage\",\"@id\":\"https:\/\/presfab.ca\/de\/sinusfoermiger-speed-hump\/\",\"url\":\"https:\/\/presfab.ca\/de\/sinusfoermiger-speed-hump\/\",\"name\":\"Sinusf\u00f6rmiger Speed Hump - PRESFAB HIGHWAY\",\"isPartOf\":{\"@id\":\"https:\/\/presfab.ca\/de\/#website\"},\"primaryImageOfPage\":{\"@id\":\"https:\/\/presfab.ca\/de\/sinusfoermiger-speed-hump\/#primaryimage\"},\"image\":{\"@id\":\"https:\/\/presfab.ca\/de\/sinusfoermiger-speed-hump\/#primaryimage\"},\"thumbnailUrl\":\"https:\/\/presfab.ca\/wp-content\/uploads\/2024\/10\/speedbump.png\",\"datePublished\":\"2025-01-26T19:35:59+00:00\",\"dateModified\":\"2025-02-09T01:47:50+00:00\",\"breadcrumb\":{\"@id\":\"https:\/\/presfab.ca\/de\/sinusfoermiger-speed-hump\/#breadcrumb\"},\"inLanguage\":\"de\",\"potentialAction\":[{\"@type\":\"ReadAction\",\"target\":[\"https:\/\/presfab.ca\/de\/sinusfoermiger-speed-hump\/\"]}]},{\"@type\":\"ImageObject\",\"inLanguage\":\"de\",\"@id\":\"https:\/\/presfab.ca\/de\/sinusfoermiger-speed-hump\/#primaryimage\",\"url\":\"https:\/\/presfab.ca\/wp-content\/uploads\/2024\/10\/speedbump.png\",\"contentUrl\":\"https:\/\/presfab.ca\/wp-content\/uploads\/2024\/10\/speedbump.png\"},{\"@type\":\"BreadcrumbList\",\"@id\":\"https:\/\/presfab.ca\/de\/sinusfoermiger-speed-hump\/#breadcrumb\",\"itemListElement\":[{\"@type\":\"ListItem\",\"position\":1,\"name\":\"Home\",\"item\":\"https:\/\/presfab.ca\/de\/\"},{\"@type\":\"ListItem\",\"position\":2,\"name\":\"Sinusf\u00f6rmiger Speed Hump\"}]},{\"@type\":\"WebSite\",\"@id\":\"https:\/\/presfab.ca\/de\/#website\",\"url\":\"https:\/\/presfab.ca\/de\/\",\"name\":\"PRESFAB HIGHWAY\",\"description\":\"Manhole Riser Rings, Delineator Bases, Channelizer Bases, Sign bases and more!\",\"publisher\":{\"@id\":\"https:\/\/presfab.ca\/de\/#organization\"},\"potentialAction\":[{\"@type\":\"SearchAction\",\"target\":{\"@type\":\"EntryPoint\",\"urlTemplate\":\"https:\/\/presfab.ca\/de\/?s={search_term_string}\"},\"query-input\":{\"@type\":\"PropertyValueSpecification\",\"valueRequired\":true,\"valueName\":\"search_term_string\"}}],\"inLanguage\":\"de\"},{\"@type\":\"Organization\",\"@id\":\"https:\/\/presfab.ca\/de\/#organization\",\"name\":\"PRESFAB HIGHWAY\",\"url\":\"https:\/\/presfab.ca\/de\/\",\"logo\":{\"@type\":\"ImageObject\",\"inLanguage\":\"de\",\"@id\":\"https:\/\/presfab.ca\/de\/#\/schema\/logo\/image\/\",\"url\":\"https:\/\/presfab.ca\/wp-content\/uploads\/2025\/01\/Asset-1ZoomOut.png\",\"contentUrl\":\"https:\/\/presfab.ca\/wp-content\/uploads\/2025\/01\/Asset-1ZoomOut.png\",\"width\":118,\"height\":46,\"caption\":\"PRESFAB HIGHWAY\"},\"image\":{\"@id\":\"https:\/\/presfab.ca\/de\/#\/schema\/logo\/image\/\"},\"sameAs\":[\"https:\/\/www.facebook.com\/PresfabHighway\",\"https:\/\/x.com\/PresfabHighway\",\"https:\/\/www.linkedin.com\/company\/presfab-highway\/?viewAsMember=true\"],\"description\":\"Presfab Highway is a manufacturer of traffic safety products, and manhole and aquaduct grade riser rings. We make bases for Channelizer drums (TR& & TC54), Bases for RD-10 Delineator Posts, Temporary sign bases, speed bumps.\",\"email\":\"sales@presfab.ca\",\"telephone\":\"450-979-0007\"}]}<\/script>\n<!-- \/ Yoast SEO Premium plugin. -->","yoast_head_json":{"title":"Sinusf\u00f6rmiger Speed Hump - PRESFAB HIGHWAY","robots":{"index":"index","follow":"follow","max-snippet":"max-snippet:-1","max-image-preview":"max-image-preview:large","max-video-preview":"max-video-preview:-1"},"canonical":"https:\/\/presfab.ca\/de\/sinusfoermiger-speed-hump\/","og_locale":"de_DE","og_type":"article","og_title":"Sinusf\u00f6rmiger Speed Hump","og_description":"EIGENSCHAFTEN &amp; VORTEILE Hergestellt aus 100% recyceltem Gummi Widerstandsf\u00e4hig gegen alle Arten von Wetter Widerstandsf\u00e4hig gegen UV-Strahlen Widerstandsf\u00e4hig gegen Feuchtigkeit und \u00d6l. Widerstandsf\u00e4hig gegen extreme Temperaturschwankungen. Kann von einer Person in weniger als 10 Minuten installiert werden Langlebig Wartungsfrei Flexibel, erm\u00f6glicht die Anpassung an Oberfl\u00e4chenunebenheiten Mit 2 kanalisierten Kan\u00e4len f\u00fcr die Installation von Kabeln, Rohren [&hellip;]","og_url":"https:\/\/presfab.ca\/de\/sinusfoermiger-speed-hump\/","og_site_name":"PRESFAB HIGHWAY","article_publisher":"https:\/\/www.facebook.com\/PresfabHighway","article_modified_time":"2025-02-09T01:47:50+00:00","og_image":[{"width":593,"height":297,"url":"https:\/\/presfab.ca\/wp-content\/uploads\/2024\/10\/speedbump.png","type":"image\/png"}],"twitter_card":"summary_large_image","twitter_site":"@PresfabHighway","schema":{"@context":"https:\/\/schema.org","@graph":[{"@type":"WebPage","@id":"https:\/\/presfab.ca\/de\/sinusfoermiger-speed-hump\/","url":"https:\/\/presfab.ca\/de\/sinusfoermiger-speed-hump\/","name":"Sinusf\u00f6rmiger Speed Hump - PRESFAB HIGHWAY","isPartOf":{"@id":"https:\/\/presfab.ca\/de\/#website"},"primaryImageOfPage":{"@id":"https:\/\/presfab.ca\/de\/sinusfoermiger-speed-hump\/#primaryimage"},"image":{"@id":"https:\/\/presfab.ca\/de\/sinusfoermiger-speed-hump\/#primaryimage"},"thumbnailUrl":"https:\/\/presfab.ca\/wp-content\/uploads\/2024\/10\/speedbump.png","datePublished":"2025-01-26T19:35:59+00:00","dateModified":"2025-02-09T01:47:50+00:00","breadcrumb":{"@id":"https:\/\/presfab.ca\/de\/sinusfoermiger-speed-hump\/#breadcrumb"},"inLanguage":"de","potentialAction":[{"@type":"ReadAction","target":["https:\/\/presfab.ca\/de\/sinusfoermiger-speed-hump\/"]}]},{"@type":"ImageObject","inLanguage":"de","@id":"https:\/\/presfab.ca\/de\/sinusfoermiger-speed-hump\/#primaryimage","url":"https:\/\/presfab.ca\/wp-content\/uploads\/2024\/10\/speedbump.png","contentUrl":"https:\/\/presfab.ca\/wp-content\/uploads\/2024\/10\/speedbump.png"},{"@type":"BreadcrumbList","@id":"https:\/\/presfab.ca\/de\/sinusfoermiger-speed-hump\/#breadcrumb","itemListElement":[{"@type":"ListItem","position":1,"name":"Home","item":"https:\/\/presfab.ca\/de\/"},{"@type":"ListItem","position":2,"name":"Sinusf\u00f6rmiger Speed Hump"}]},{"@type":"WebSite","@id":"https:\/\/presfab.ca\/de\/#website","url":"https:\/\/presfab.ca\/de\/","name":"PRESFAB HIGHWAY","description":"Manhole Riser Rings, Delineator Bases, Channelizer Bases, Sign bases and more!","publisher":{"@id":"https:\/\/presfab.ca\/de\/#organization"},"potentialAction":[{"@type":"SearchAction","target":{"@type":"EntryPoint","urlTemplate":"https:\/\/presfab.ca\/de\/?s={search_term_string}"},"query-input":{"@type":"PropertyValueSpecification","valueRequired":true,"valueName":"search_term_string"}}],"inLanguage":"de"},{"@type":"Organization","@id":"https:\/\/presfab.ca\/de\/#organization","name":"PRESFAB HIGHWAY","url":"https:\/\/presfab.ca\/de\/","logo":{"@type":"ImageObject","inLanguage":"de","@id":"https:\/\/presfab.ca\/de\/#\/schema\/logo\/image\/","url":"https:\/\/presfab.ca\/wp-content\/uploads\/2025\/01\/Asset-1ZoomOut.png","contentUrl":"https:\/\/presfab.ca\/wp-content\/uploads\/2025\/01\/Asset-1ZoomOut.png","width":118,"height":46,"caption":"PRESFAB HIGHWAY"},"image":{"@id":"https:\/\/presfab.ca\/de\/#\/schema\/logo\/image\/"},"sameAs":["https:\/\/www.facebook.com\/PresfabHighway","https:\/\/x.com\/PresfabHighway","https:\/\/www.linkedin.com\/company\/presfab-highway\/?viewAsMember=true"],"description":"Presfab Highway is a manufacturer of traffic safety products, and manhole and aquaduct grade riser rings. We make bases for Channelizer drums (TR& & TC54), Bases for RD-10 Delineator Posts, Temporary sign bases, speed bumps.","email":"sales@presfab.ca","telephone":"450-979-0007"}]}},"jetpack_sharing_enabled":true,"_links":{"self":[{"href":"https:\/\/presfab.ca\/de\/wp-json\/wp\/v2\/pages\/3409","targetHints":{"allow":["GET"]}}],"collection":[{"href":"https:\/\/presfab.ca\/de\/wp-json\/wp\/v2\/pages"}],"about":[{"href":"https:\/\/presfab.ca\/de\/wp-json\/wp\/v2\/types\/page"}],"author":[{"embeddable":true,"href":"https:\/\/presfab.ca\/de\/wp-json\/wp\/v2\/users\/2"}],"replies":[{"embeddable":true,"href":"https:\/\/presfab.ca\/de\/wp-json\/wp\/v2\/comments?post=3409"}],"version-history":[{"count":1,"href":"https:\/\/presfab.ca\/de\/wp-json\/wp\/v2\/pages\/3409\/revisions"}],"predecessor-version":[{"id":3411,"href":"https:\/\/presfab.ca\/de\/wp-json\/wp\/v2\/pages\/3409\/revisions\/3411"}],"wp:attachment":[{"href":"https:\/\/presfab.ca\/de\/wp-json\/wp\/v2\/media?parent=3409"}],"curies":[{"name":"wp","href":"https:\/\/api.w.org\/{rel}","templated":true}]}}