{"id":3041,"date":"2024-10-21T05:47:29","date_gmt":"2024-10-21T05:47:29","guid":{"rendered":"https:\/\/presfab.ca\/yhtio\/"},"modified":"2025-02-09T01:46:15","modified_gmt":"2025-02-09T01:46:15","slug":"yhtio","status":"publish","type":"page","link":"https:\/\/presfab.ca\/fi\/yhtio\/","title":{"rendered":"Yhti\u00f6"},"content":{"rendered":"\t\t<div data-elementor-type=\"wp-page\" data-elementor-id=\"3041\" class=\"elementor elementor-3041 elementor-22\" data-elementor-post-type=\"page\">\n\t\t\t\t\t\t<section class=\"elementor-section elementor-top-section elementor-element elementor-element-7a3a191 elementor-section-height-min-height elementor-section-boxed elementor-section-height-default elementor-section-items-middle\" data-id=\"7a3a191\" data-element_type=\"section\" data-settings=\"{&quot;background_background&quot;:&quot;classic&quot;,&quot;ekit_has_onepagescroll_dot&quot;:&quot;yes&quot;}\">\n\t\t\t\t\t\t<div class=\"elementor-container elementor-column-gap-default\">\n\t\t\t\t\t<div class=\"elementor-column elementor-col-100 elementor-top-column elementor-element elementor-element-5f92ac9\" data-id=\"5f92ac9\" data-element_type=\"column\">\n\t\t\t<div class=\"elementor-widget-wrap\">\n\t\t\t\t\t\t\t<\/div>\n\t\t<\/div>\n\t\t\t\t\t<\/div>\n\t\t<\/section>\n\t\t\t\t<section class=\"elementor-section elementor-top-section elementor-element elementor-element-78eafe81 elementor-section-boxed elementor-section-height-default elementor-section-height-default\" data-id=\"78eafe81\" data-element_type=\"section\" data-settings=\"{&quot;background_background&quot;:&quot;classic&quot;,&quot;ekit_has_onepagescroll_dot&quot;:&quot;yes&quot;}\">\n\t\t\t\t\t\t<div class=\"elementor-container elementor-column-gap-default\">\n\t\t\t\t\t<div class=\"elementor-column elementor-col-50 elementor-top-column elementor-element elementor-element-204611d2\" data-id=\"204611d2\" data-element_type=\"column\">\n\t\t\t<div class=\"elementor-widget-wrap elementor-element-populated\">\n\t\t\t\t\t\t<section class=\"elementor-section elementor-inner-section elementor-element elementor-element-7b5d708e elementor-section-boxed elementor-section-height-default elementor-section-height-default\" data-id=\"7b5d708e\" data-element_type=\"section\" data-settings=\"{&quot;ekit_has_onepagescroll_dot&quot;:&quot;yes&quot;}\">\n\t\t\t\t\t\t<div class=\"elementor-container elementor-column-gap-default\">\n\t\t\t\t\t<div class=\"elementor-column elementor-col-100 elementor-inner-column elementor-element elementor-element-45bdf85a\" data-id=\"45bdf85a\" data-element_type=\"column\">\n\t\t\t<div class=\"elementor-widget-wrap elementor-element-populated\">\n\t\t\t\t\t\t<div class=\"elementor-element elementor-element-5bf3f558 elementor-invisible elementor-widget elementor-widget-heading\" data-id=\"5bf3f558\" data-element_type=\"widget\" data-settings=\"{&quot;_animation&quot;:&quot;fadeInDown&quot;,&quot;ekit_we_effect_on&quot;:&quot;none&quot;}\" data-widget_type=\"heading.default\">\n\t\t\t\t<div class=\"elementor-widget-container\">\n\t\t\t\t\t<h2 class=\"elementor-heading-title elementor-size-default\">MISSIO<\/h2>\t\t\t\t<\/div>\n\t\t\t\t<\/div>\n\t\t\t\t<div class=\"elementor-element elementor-element-7b941da0 elementor-invisible elementor-widget elementor-widget-text-editor\" data-id=\"7b941da0\" data-element_type=\"widget\" data-settings=\"{&quot;_animation&quot;:&quot;fadeInDown&quot;,&quot;ekit_we_effect_on&quot;:&quot;none&quot;}\" data-widget_type=\"text-editor.default\">\n\t\t\t\t<div class=\"elementor-widget-container\">\n\t\t\t\t\t\t\t\t\t<p>Presfab Inc. on valmistusyritys, joka on erikoistunut tuotteiden suunnitteluun ja tuotekehitykseen tieverkon kunnossapitoa varten. Teht\u00e4v\u00e4mme on tarjota valikoima tuotteita, jotka vastaavat asiakkaidemme tarpeita.  <\/p>\n<p>Presfab Inc. markkinoi ter\u00e4stuotteitaan tuotemerkill\u00e4 Ring-O-Pave\u2122 ja Highway &amp; Rubber tuotemerkill\u00e4 Flex-O-Ring\u2122.<\/p>\n<p>Olemme erikoistuneet valmistamaan ter\u00e4srenkaita ja kumirenkaita, jotka on valmistettu 100-prosenttisesti kierr\u00e4tetyst\u00e4 kumista. Tuotevalikoimamme vastaa sellaisten kaupunkien ja sidosryhmien tarpeisiin, jotka ovat erikoistuneet teiden kunnossapitoon ja korjaamiseen: valuma-altaat, tarkastuskaivot, s\u00e4hk\u00f6k\u00e4yt\u00f6t, venttiilirasiat, kaasulinjat ja muut. <\/p>\n<p>Lis\u00e4ksi Highway Rubber on erikoistunut valmistamaan liikenteen rauhoittamistuotteita ja liikenneturvallisuustuotteita, jotka on valmistettu kierr\u00e4tetyst\u00e4 kumista ja jotka t\u00e4ytt\u00e4v\u00e4t kaikki liikenneturvallisuusvaatimukset. Tuotteemme: nopeusesteet, py\u00f6r\u00e4pys\u00e4yttimet, sinimuotoinen nopeuseste ja U-muotoinen alustamme tilap\u00e4isille opastepylv\u00e4ille t\u00e4ytt\u00e4v\u00e4t monenlaisten liikenneturvallisuusalan sidosryhmien tarpeet. <\/p>\n\t\t\t\t\t\t\t\t<\/div>\n\t\t\t\t<\/div>\n\t\t\t\t\t<\/div>\n\t\t<\/div>\n\t\t\t\t\t<\/div>\n\t\t<\/section>\n\t\t\t\t\t<\/div>\n\t\t<\/div>\n\t\t\t\t<div class=\"elementor-column elementor-col-50 elementor-top-column elementor-element elementor-element-61544660\" data-id=\"61544660\" data-element_type=\"column\">\n\t\t\t<div class=\"elementor-widget-wrap elementor-element-populated\">\n\t\t\t\t\t\t<section class=\"elementor-section elementor-inner-section elementor-element elementor-element-725bf91e elementor-section-boxed elementor-section-height-default elementor-section-height-default\" data-id=\"725bf91e\" data-element_type=\"section\" data-settings=\"{&quot;ekit_has_onepagescroll_dot&quot;:&quot;yes&quot;}\">\n\t\t\t\t\t\t<div class=\"elementor-container elementor-column-gap-default\">\n\t\t\t\t\t<div class=\"elementor-column elementor-col-100 elementor-inner-column elementor-element elementor-element-aa44e7e\" data-id=\"aa44e7e\" data-element_type=\"column\">\n\t\t\t<div class=\"elementor-widget-wrap elementor-element-populated\">\n\t\t\t\t\t\t<div class=\"elementor-element elementor-element-71ffad70 elementor-invisible elementor-widget elementor-widget-image\" data-id=\"71ffad70\" data-element_type=\"widget\" data-settings=\"{&quot;_animation&quot;:&quot;fadeInDown&quot;,&quot;ekit_we_effect_on&quot;:&quot;none&quot;}\" data-widget_type=\"image.default\">\n\t\t\t\t<div class=\"elementor-widget-container\">\n\t\t\t\t\t\t\t\t\t\t\t\t\t\t\t<img decoding=\"async\" width=\"230\" height=\"80\" src=\"https:\/\/presfab.ca\/wp-content\/uploads\/2024\/10\/logo_HighwayGarantie-1.jpg\" class=\"attachment-full size-full wp-image-348\" alt=\"\" \/>\t\t\t\t\t\t\t\t\t\t\t\t\t\t\t<\/div>\n\t\t\t\t<\/div>\n\t\t\t\t\t<\/div>\n\t\t<\/div>\n\t\t\t\t\t<\/div>\n\t\t<\/section>\n\t\t\t\t\t<\/div>\n\t\t<\/div>\n\t\t\t\t\t<\/div>\n\t\t<\/section>\n\t\t\t\t<section class=\"elementor-section elementor-top-section elementor-element elementor-element-7784814 elementor-section-boxed elementor-section-height-default elementor-section-height-default\" data-id=\"7784814\" data-element_type=\"section\" data-settings=\"{&quot;background_background&quot;:&quot;classic&quot;,&quot;ekit_has_onepagescroll_dot&quot;:&quot;yes&quot;}\">\n\t\t\t\t\t\t<div class=\"elementor-container elementor-column-gap-default\">\n\t\t\t\t\t<div class=\"elementor-column elementor-col-50 elementor-top-column elementor-element elementor-element-abef8fc\" data-id=\"abef8fc\" data-element_type=\"column\">\n\t\t\t<div class=\"elementor-widget-wrap elementor-element-populated\">\n\t\t\t\t\t\t<section class=\"elementor-section elementor-inner-section elementor-element elementor-element-0940c92 elementor-section-boxed elementor-section-height-default elementor-section-height-default\" data-id=\"0940c92\" data-element_type=\"section\" data-settings=\"{&quot;ekit_has_onepagescroll_dot&quot;:&quot;yes&quot;}\">\n\t\t\t\t\t\t<div class=\"elementor-container elementor-column-gap-default\">\n\t\t\t\t\t<div class=\"elementor-column elementor-col-100 elementor-inner-column elementor-element elementor-element-92867e6\" data-id=\"92867e6\" data-element_type=\"column\">\n\t\t\t<div class=\"elementor-widget-wrap elementor-element-populated\">\n\t\t\t\t\t\t<div class=\"elementor-element elementor-element-f864f8c elementor-invisible elementor-widget elementor-widget-image\" data-id=\"f864f8c\" data-element_type=\"widget\" data-settings=\"{&quot;_animation&quot;:&quot;fadeInDown&quot;,&quot;ekit_we_effect_on&quot;:&quot;none&quot;}\" data-widget_type=\"image.default\">\n\t\t\t\t<div class=\"elementor-widget-container\">\n\t\t\t\t\t\t\t\t\t\t\t\t\t\t\t<img decoding=\"async\" width=\"230\" height=\"80\" src=\"https:\/\/presfab.ca\/wp-content\/uploads\/2024\/10\/logoPresfab_garantie.jpg\" class=\"attachment-full size-full wp-image-315\" alt=\"\" \/>\t\t\t\t\t\t\t\t\t\t\t\t\t\t\t<\/div>\n\t\t\t\t<\/div>\n\t\t\t\t\t<\/div>\n\t\t<\/div>\n\t\t\t\t\t<\/div>\n\t\t<\/section>\n\t\t\t\t\t<\/div>\n\t\t<\/div>\n\t\t\t\t<div class=\"elementor-column elementor-col-50 elementor-top-column elementor-element elementor-element-06b17a4\" data-id=\"06b17a4\" data-element_type=\"column\">\n\t\t\t<div class=\"elementor-widget-wrap elementor-element-populated\">\n\t\t\t\t\t\t<section class=\"elementor-section elementor-inner-section elementor-element elementor-element-366aa88 elementor-section-boxed elementor-section-height-default elementor-section-height-default\" data-id=\"366aa88\" data-element_type=\"section\" data-settings=\"{&quot;ekit_has_onepagescroll_dot&quot;:&quot;yes&quot;}\">\n\t\t\t\t\t\t<div class=\"elementor-container elementor-column-gap-default\">\n\t\t\t\t\t<div class=\"elementor-column elementor-col-100 elementor-inner-column elementor-element elementor-element-a36ff52\" data-id=\"a36ff52\" data-element_type=\"column\">\n\t\t\t<div class=\"elementor-widget-wrap elementor-element-populated\">\n\t\t\t\t\t\t<div class=\"elementor-element elementor-element-79eabdd elementor-invisible elementor-widget elementor-widget-heading\" data-id=\"79eabdd\" data-element_type=\"widget\" data-settings=\"{&quot;_animation&quot;:&quot;fadeInDown&quot;,&quot;ekit_we_effect_on&quot;:&quot;none&quot;}\" data-widget_type=\"heading.default\">\n\t\t\t\t<div class=\"elementor-widget-container\">\n\t\t\t\t\t<h2 class=\"elementor-heading-title elementor-size-default\">HISTORIA<\/h2>\t\t\t\t<\/div>\n\t\t\t\t<\/div>\n\t\t\t\t<div class=\"elementor-element elementor-element-35aa8fd elementor-invisible elementor-widget elementor-widget-text-editor\" data-id=\"35aa8fd\" data-element_type=\"widget\" data-settings=\"{&quot;_animation&quot;:&quot;fadeInDown&quot;,&quot;ekit_we_effect_on&quot;:&quot;none&quot;}\" data-widget_type=\"text-editor.default\">\n\t\t\t\t<div class=\"elementor-widget-container\">\n\t\t\t\t\t\t\t\t\t<p>Kaikki alkoi vuonna 1976, kun Alain Prescott perusti Prescott Metalin. Alun perin yritys erikoistui valmistamaan ter\u00e4skappaleita raskaaseen teollisuuteen, kuten kaivoksiin, hautausmaalaitoksiin ja muihin erityisasiakkaisiin. Yhden asiakkaan (valimon) pyynn\u00f6st\u00e4, joka koski ratkaisun ja vaihtoehdon l\u00f6yt\u00e4mist\u00e4 kaikille valetuille parannusosille, herra Prescott teki oman analyysin ja aloitti ter\u00e4ksisen parannusrenkaan tuotannon, jota myytiin tuotemerkill\u00e4 Ring-O-Pave. T\u00e4m\u00e4 oli uuden seikkailun alku.   <\/p>\n<p>Vuonna 1986 Prescott myi Prescott Metalin keskitty\u00e4kseen yksinomaan Ring-O-Pave-tuotteen valmistukseen. Prescott sai viisi patenttia Ring-O-Pave-tuotteelle sen j\u00e4lkeen, kun tuote oli menestynyt muun muassa kaivoksissa, tislaamoissa, valimoissa, j\u00e4tevedenpuhdistamoissa ja muilla aloilla. <\/p>\n<p>Vuonna 1994 syntyy uusi markkina-alue, kun kierr\u00e4tetyist\u00e4 renkaista valmistetaan tuotteita. T\u00e4m\u00e4 on uuden aikakauden alku, Flex-O-Ringin k\u00e4ytt\u00f6\u00f6notto. T\u00e4m\u00e4 100-prosenttisesti kierr\u00e4tetyst\u00e4 kumista valmistettu kehys on kahden vuoden tutkimus- ja kehitysty\u00f6n tulos, joka johtaa toisen patentin saamiseen. Flex-O-Ring on menestyksek\u00e4s tuote, joka vastaa edelleen kaupunkien ja muiden tienpidon sidosryhmien tarpeisiin.   <\/p>\n<p>Vuosi 2005 oli vaikea; tulipalo tuhosi yrityksen tilat. Yritt\u00e4j\u00e4henkinen Prescott teki p\u00e4\u00e4t\u00f6ksen organisoida yritys uudelleen siirtym\u00e4ll\u00e4 suurempaan laitokseen Boisbriandissa. Vaikka alkuvuosi oli vaikea, t\u00e4m\u00e4 tilanne oli tavallaan hy\u00f6dyksi yritykselle, sill\u00e4 sen ansiosta yritys pystyi asettumaan uudelleen yhdeksi Pohjois-Amerikan tuottavimmista tehtaista ottamalla k\u00e4ytt\u00f6\u00f6n oman automatisoidun prosessinsa ja tehokkaammat laitteet.  <\/p>\n<p>Vuonna 2006 yritys aloitti tuotteidensa myynnin Euroopan mantereella.Nyky\u00e4\u00e4n yritys on yksi menestyneimmist\u00e4 asiakkailleen r\u00e4\u00e4t\u00e4l\u00f6ityjen tuotteiden suunnittelussa ja valmistuksessa. Tuotteitamme, Ring-O-Pavea, Flex-O-Ringi\u00e4 ja kaikkia erikoistuneita tie- ja turvallisuustuotteita, on saatavilla jakeluverkostomme kautta koko Pohjois-Amerikassa. <\/p>\n\t\t\t\t\t\t\t\t<\/div>\n\t\t\t\t<\/div>\n\t\t\t\t\t<\/div>\n\t\t<\/div>\n\t\t\t\t\t<\/div>\n\t\t<\/section>\n\t\t\t\t\t<\/div>\n\t\t<\/div>\n\t\t\t\t\t<\/div>\n\t\t<\/section>\n\t\t\t\t<\/div>\n\t\t","protected":false},"excerpt":{"rendered":"<p>MISSIO Presfab Inc. on valmistusyritys, joka on erikoistunut tuotteiden suunnitteluun ja tuotekehitykseen tieverkon kunnossapitoa varten. Teht\u00e4v\u00e4mme on tarjota valikoima tuotteita, jotka vastaavat asiakkaidemme tarpeita. Presfab Inc. markkinoi ter\u00e4stuotteitaan tuotemerkill\u00e4 Ring-O-Pave\u2122 ja Highway &amp; Rubber tuotemerkill\u00e4 Flex-O-Ring\u2122. Olemme erikoistuneet valmistamaan ter\u00e4srenkaita ja kumirenkaita, jotka on valmistettu 100-prosenttisesti kierr\u00e4tetyst\u00e4 kumista. Tuotevalikoimamme vastaa sellaisten kaupunkien ja sidosryhmien tarpeisiin, [&hellip;]<\/p>\n","protected":false},"author":1,"featured_media":0,"parent":0,"menu_order":0,"comment_status":"closed","ping_status":"closed","template":"elementor_header_footer","meta":{"content-type":"","footnotes":""},"class_list":["post-3041","page","type-page","status-publish","hentry"],"yoast_head":"<!-- This site is optimized with the Yoast SEO Premium plugin v24.3 (Yoast SEO v24.3) - https:\/\/yoast.com\/wordpress\/plugins\/seo\/ -->\n<title>Yhti\u00f6 - PRESFAB HIGHWAY<\/title>\n<meta name=\"robots\" content=\"index, follow, max-snippet:-1, max-image-preview:large, max-video-preview:-1\" \/>\n<link rel=\"canonical\" href=\"https:\/\/presfab.ca\/fi\/yhtio\/\" \/>\n<meta property=\"og:locale\" content=\"fi_FI\" \/>\n<meta property=\"og:type\" content=\"article\" \/>\n<meta property=\"og:title\" content=\"Yhti\u00f6\" \/>\n<meta property=\"og:description\" content=\"MISSIO Presfab Inc. on valmistusyritys, joka on erikoistunut tuotteiden suunnitteluun ja tuotekehitykseen tieverkon kunnossapitoa varten. Teht\u00e4v\u00e4mme on tarjota valikoima tuotteita, jotka vastaavat asiakkaidemme tarpeita. Presfab Inc. markkinoi ter\u00e4stuotteitaan tuotemerkill\u00e4 Ring-O-Pave\u2122 ja Highway &amp; Rubber tuotemerkill\u00e4 Flex-O-Ring\u2122. Olemme erikoistuneet valmistamaan ter\u00e4srenkaita ja kumirenkaita, jotka on valmistettu 100-prosenttisesti kierr\u00e4tetyst\u00e4 kumista. Tuotevalikoimamme vastaa sellaisten kaupunkien ja sidosryhmien tarpeisiin, [&hellip;]\" \/>\n<meta property=\"og:url\" content=\"https:\/\/presfab.ca\/fi\/yhtio\/\" \/>\n<meta property=\"og:site_name\" content=\"PRESFAB HIGHWAY\" \/>\n<meta property=\"article:publisher\" content=\"https:\/\/www.facebook.com\/PresfabHighway\" \/>\n<meta property=\"article:modified_time\" content=\"2025-02-09T01:46:15+00:00\" \/>\n<meta property=\"og:image\" content=\"https:\/\/presfab.ca\/wp-content\/uploads\/2024\/10\/logo_HighwayGarantie-1.jpg\" \/>\n\t<meta property=\"og:image:width\" content=\"230\" \/>\n\t<meta property=\"og:image:height\" content=\"80\" \/>\n\t<meta property=\"og:image:type\" content=\"image\/jpeg\" \/>\n<meta name=\"twitter:card\" content=\"summary_large_image\" \/>\n<meta name=\"twitter:site\" content=\"@PresfabHighway\" \/>\n<meta name=\"twitter:label1\" content=\"Arvioitu lukuaika\" \/>\n\t<meta name=\"twitter:data1\" content=\"2 minuuttia\" \/>\n<script type=\"application\/ld+json\" class=\"yoast-schema-graph\">{\"@context\":\"https:\/\/schema.org\",\"@graph\":[{\"@type\":\"WebPage\",\"@id\":\"https:\/\/presfab.ca\/fi\/yhtio\/\",\"url\":\"https:\/\/presfab.ca\/fi\/yhtio\/\",\"name\":\"Yhti\u00f6 - PRESFAB HIGHWAY\",\"isPartOf\":{\"@id\":\"https:\/\/presfab.ca\/fi\/#website\"},\"primaryImageOfPage\":{\"@id\":\"https:\/\/presfab.ca\/fi\/yhtio\/#primaryimage\"},\"image\":{\"@id\":\"https:\/\/presfab.ca\/fi\/yhtio\/#primaryimage\"},\"thumbnailUrl\":\"https:\/\/presfab.ca\/wp-content\/uploads\/2024\/10\/logo_HighwayGarantie-1.jpg\",\"datePublished\":\"2024-10-21T05:47:29+00:00\",\"dateModified\":\"2025-02-09T01:46:15+00:00\",\"breadcrumb\":{\"@id\":\"https:\/\/presfab.ca\/fi\/yhtio\/#breadcrumb\"},\"inLanguage\":\"fi\",\"potentialAction\":[{\"@type\":\"ReadAction\",\"target\":[\"https:\/\/presfab.ca\/fi\/yhtio\/\"]}]},{\"@type\":\"ImageObject\",\"inLanguage\":\"fi\",\"@id\":\"https:\/\/presfab.ca\/fi\/yhtio\/#primaryimage\",\"url\":\"https:\/\/presfab.ca\/wp-content\/uploads\/2024\/10\/logo_HighwayGarantie-1.jpg\",\"contentUrl\":\"https:\/\/presfab.ca\/wp-content\/uploads\/2024\/10\/logo_HighwayGarantie-1.jpg\"},{\"@type\":\"BreadcrumbList\",\"@id\":\"https:\/\/presfab.ca\/fi\/yhtio\/#breadcrumb\",\"itemListElement\":[{\"@type\":\"ListItem\",\"position\":1,\"name\":\"Home\",\"item\":\"https:\/\/presfab.ca\/fi\/\"},{\"@type\":\"ListItem\",\"position\":2,\"name\":\"Yhti\u00f6\"}]},{\"@type\":\"WebSite\",\"@id\":\"https:\/\/presfab.ca\/fi\/#website\",\"url\":\"https:\/\/presfab.ca\/fi\/\",\"name\":\"PRESFAB HIGHWAY\",\"description\":\"Manhole Riser Rings, Delineator Bases, Channelizer Bases, Sign bases and more!\",\"publisher\":{\"@id\":\"https:\/\/presfab.ca\/fi\/#organization\"},\"potentialAction\":[{\"@type\":\"SearchAction\",\"target\":{\"@type\":\"EntryPoint\",\"urlTemplate\":\"https:\/\/presfab.ca\/fi\/?s={search_term_string}\"},\"query-input\":{\"@type\":\"PropertyValueSpecification\",\"valueRequired\":true,\"valueName\":\"search_term_string\"}}],\"inLanguage\":\"fi\"},{\"@type\":\"Organization\",\"@id\":\"https:\/\/presfab.ca\/fi\/#organization\",\"name\":\"PRESFAB HIGHWAY\",\"url\":\"https:\/\/presfab.ca\/fi\/\",\"logo\":{\"@type\":\"ImageObject\",\"inLanguage\":\"fi\",\"@id\":\"https:\/\/presfab.ca\/fi\/#\/schema\/logo\/image\/\",\"url\":\"https:\/\/presfab.ca\/wp-content\/uploads\/2025\/01\/Asset-1ZoomOut.png\",\"contentUrl\":\"https:\/\/presfab.ca\/wp-content\/uploads\/2025\/01\/Asset-1ZoomOut.png\",\"width\":118,\"height\":46,\"caption\":\"PRESFAB HIGHWAY\"},\"image\":{\"@id\":\"https:\/\/presfab.ca\/fi\/#\/schema\/logo\/image\/\"},\"sameAs\":[\"https:\/\/www.facebook.com\/PresfabHighway\",\"https:\/\/x.com\/PresfabHighway\",\"https:\/\/www.linkedin.com\/company\/presfab-highway\/?viewAsMember=true\"],\"description\":\"Presfab Highway is a manufacturer of traffic safety products, and manhole and aquaduct grade riser rings. We make bases for Channelizer drums (TR& & TC54), Bases for RD-10 Delineator Posts, Temporary sign bases, speed bumps.\",\"email\":\"sales@presfab.ca\",\"telephone\":\"450-979-0007\"}]}<\/script>\n<!-- \/ Yoast SEO Premium plugin. -->","yoast_head_json":{"title":"Yhti\u00f6 - PRESFAB HIGHWAY","robots":{"index":"index","follow":"follow","max-snippet":"max-snippet:-1","max-image-preview":"max-image-preview:large","max-video-preview":"max-video-preview:-1"},"canonical":"https:\/\/presfab.ca\/fi\/yhtio\/","og_locale":"fi_FI","og_type":"article","og_title":"Yhti\u00f6","og_description":"MISSIO Presfab Inc. on valmistusyritys, joka on erikoistunut tuotteiden suunnitteluun ja tuotekehitykseen tieverkon kunnossapitoa varten. Teht\u00e4v\u00e4mme on tarjota valikoima tuotteita, jotka vastaavat asiakkaidemme tarpeita. Presfab Inc. markkinoi ter\u00e4stuotteitaan tuotemerkill\u00e4 Ring-O-Pave\u2122 ja Highway &amp; Rubber tuotemerkill\u00e4 Flex-O-Ring\u2122. Olemme erikoistuneet valmistamaan ter\u00e4srenkaita ja kumirenkaita, jotka on valmistettu 100-prosenttisesti kierr\u00e4tetyst\u00e4 kumista. Tuotevalikoimamme vastaa sellaisten kaupunkien ja sidosryhmien tarpeisiin, [&hellip;]","og_url":"https:\/\/presfab.ca\/fi\/yhtio\/","og_site_name":"PRESFAB HIGHWAY","article_publisher":"https:\/\/www.facebook.com\/PresfabHighway","article_modified_time":"2025-02-09T01:46:15+00:00","og_image":[{"width":230,"height":80,"url":"https:\/\/presfab.ca\/wp-content\/uploads\/2024\/10\/logo_HighwayGarantie-1.jpg","type":"image\/jpeg"}],"twitter_card":"summary_large_image","twitter_site":"@PresfabHighway","twitter_misc":{"Arvioitu lukuaika":"2 minuuttia"},"schema":{"@context":"https:\/\/schema.org","@graph":[{"@type":"WebPage","@id":"https:\/\/presfab.ca\/fi\/yhtio\/","url":"https:\/\/presfab.ca\/fi\/yhtio\/","name":"Yhti\u00f6 - PRESFAB HIGHWAY","isPartOf":{"@id":"https:\/\/presfab.ca\/fi\/#website"},"primaryImageOfPage":{"@id":"https:\/\/presfab.ca\/fi\/yhtio\/#primaryimage"},"image":{"@id":"https:\/\/presfab.ca\/fi\/yhtio\/#primaryimage"},"thumbnailUrl":"https:\/\/presfab.ca\/wp-content\/uploads\/2024\/10\/logo_HighwayGarantie-1.jpg","datePublished":"2024-10-21T05:47:29+00:00","dateModified":"2025-02-09T01:46:15+00:00","breadcrumb":{"@id":"https:\/\/presfab.ca\/fi\/yhtio\/#breadcrumb"},"inLanguage":"fi","potentialAction":[{"@type":"ReadAction","target":["https:\/\/presfab.ca\/fi\/yhtio\/"]}]},{"@type":"ImageObject","inLanguage":"fi","@id":"https:\/\/presfab.ca\/fi\/yhtio\/#primaryimage","url":"https:\/\/presfab.ca\/wp-content\/uploads\/2024\/10\/logo_HighwayGarantie-1.jpg","contentUrl":"https:\/\/presfab.ca\/wp-content\/uploads\/2024\/10\/logo_HighwayGarantie-1.jpg"},{"@type":"BreadcrumbList","@id":"https:\/\/presfab.ca\/fi\/yhtio\/#breadcrumb","itemListElement":[{"@type":"ListItem","position":1,"name":"Home","item":"https:\/\/presfab.ca\/fi\/"},{"@type":"ListItem","position":2,"name":"Yhti\u00f6"}]},{"@type":"WebSite","@id":"https:\/\/presfab.ca\/fi\/#website","url":"https:\/\/presfab.ca\/fi\/","name":"PRESFAB HIGHWAY","description":"Manhole Riser Rings, Delineator Bases, Channelizer Bases, Sign bases and more!","publisher":{"@id":"https:\/\/presfab.ca\/fi\/#organization"},"potentialAction":[{"@type":"SearchAction","target":{"@type":"EntryPoint","urlTemplate":"https:\/\/presfab.ca\/fi\/?s={search_term_string}"},"query-input":{"@type":"PropertyValueSpecification","valueRequired":true,"valueName":"search_term_string"}}],"inLanguage":"fi"},{"@type":"Organization","@id":"https:\/\/presfab.ca\/fi\/#organization","name":"PRESFAB HIGHWAY","url":"https:\/\/presfab.ca\/fi\/","logo":{"@type":"ImageObject","inLanguage":"fi","@id":"https:\/\/presfab.ca\/fi\/#\/schema\/logo\/image\/","url":"https:\/\/presfab.ca\/wp-content\/uploads\/2025\/01\/Asset-1ZoomOut.png","contentUrl":"https:\/\/presfab.ca\/wp-content\/uploads\/2025\/01\/Asset-1ZoomOut.png","width":118,"height":46,"caption":"PRESFAB HIGHWAY"},"image":{"@id":"https:\/\/presfab.ca\/fi\/#\/schema\/logo\/image\/"},"sameAs":["https:\/\/www.facebook.com\/PresfabHighway","https:\/\/x.com\/PresfabHighway","https:\/\/www.linkedin.com\/company\/presfab-highway\/?viewAsMember=true"],"description":"Presfab Highway is a manufacturer of traffic safety products, and manhole and aquaduct grade riser rings. We make bases for Channelizer drums (TR& & TC54), Bases for RD-10 Delineator Posts, Temporary sign bases, speed bumps.","email":"sales@presfab.ca","telephone":"450-979-0007"}]}},"jetpack_sharing_enabled":true,"_links":{"self":[{"href":"https:\/\/presfab.ca\/fi\/wp-json\/wp\/v2\/pages\/3041","targetHints":{"allow":["GET"]}}],"collection":[{"href":"https:\/\/presfab.ca\/fi\/wp-json\/wp\/v2\/pages"}],"about":[{"href":"https:\/\/presfab.ca\/fi\/wp-json\/wp\/v2\/types\/page"}],"author":[{"embeddable":true,"href":"https:\/\/presfab.ca\/fi\/wp-json\/wp\/v2\/users\/1"}],"replies":[{"embeddable":true,"href":"https:\/\/presfab.ca\/fi\/wp-json\/wp\/v2\/comments?post=3041"}],"version-history":[{"count":1,"href":"https:\/\/presfab.ca\/fi\/wp-json\/wp\/v2\/pages\/3041\/revisions"}],"predecessor-version":[{"id":3080,"href":"https:\/\/presfab.ca\/fi\/wp-json\/wp\/v2\/pages\/3041\/revisions\/3080"}],"wp:attachment":[{"href":"https:\/\/presfab.ca\/fi\/wp-json\/wp\/v2\/media?parent=3041"}],"curies":[{"name":"wp","href":"https:\/\/api.w.org\/{rel}","templated":true}]}}