{"id":3356,"date":"2025-01-26T19:44:44","date_gmt":"2025-01-26T19:44:44","guid":{"rendered":"https:\/\/presfab.ca\/rajauslaitteen-pohja\/"},"modified":"2025-02-09T01:47:35","modified_gmt":"2025-02-09T01:47:35","slug":"rajauslaitteen-pohja","status":"publish","type":"page","link":"https:\/\/presfab.ca\/fi\/rajauslaitteen-pohja\/","title":{"rendered":"Rajauslaitteen pohja"},"content":{"rendered":"\t\t<div data-elementor-type=\"wp-page\" data-elementor-id=\"3356\" class=\"elementor elementor-3356 elementor-1617\" data-elementor-post-type=\"page\">\n\t\t\t\t<div class=\"elementor-element elementor-element-a7b877e e-flex e-con-boxed e-con e-parent\" data-id=\"a7b877e\" data-element_type=\"container\" data-settings=\"{&quot;ekit_has_onepagescroll_dot&quot;:&quot;yes&quot;}\">\n\t\t\t\t\t<div class=\"e-con-inner\">\n\t\t<div class=\"elementor-element elementor-element-0218ddc e-con-full e-flex e-con e-child\" data-id=\"0218ddc\" data-element_type=\"container\" data-settings=\"{&quot;ekit_has_onepagescroll_dot&quot;:&quot;yes&quot;}\">\n\t\t<div class=\"elementor-element elementor-element-7b7328f e-con-full e-flex e-con e-child\" data-id=\"7b7328f\" data-element_type=\"container\" data-settings=\"{&quot;ekit_has_onepagescroll_dot&quot;:&quot;yes&quot;}\">\n\t\t\t\t<div class=\"elementor-element elementor-element-e86b4e5 elementor-widget elementor-widget-text-editor\" data-id=\"e86b4e5\" data-element_type=\"widget\" data-settings=\"{&quot;ekit_we_effect_on&quot;:&quot;none&quot;}\" data-widget_type=\"text-editor.default\">\n\t\t\t\t<div class=\"elementor-widget-container\">\n\t\t\t\t\t\t\t\t\t<h5>\n<\/h5><p><strong>MiniGrip\u2122 kuminen rajaustolpan pohja<\/strong><\/p><p>Etsitk\u00f6 pitk\u00e4kestoista ja vakaata alustaa rajaustolpillesi? <strong>MiniGrip\u2122 Rubber Delineator Post Base<\/strong> on paras ratkaisu <strong>RD-10-merkkipylv\u00e4iden<\/strong> ja muiden halkaisijaltaan 4 tuuman pylv\u00e4iden kiinnitt\u00e4miseen. Kest\u00e4vyytt\u00e4 ja luotettavuutta silm\u00e4ll\u00e4 pit\u00e4en suunniteltu jalusta varmistaa, ett\u00e4 pylv\u00e4\u00e4t pysyv\u00e4t pystyss\u00e4 my\u00f6s haastavissa ymp\u00e4rist\u00f6iss\u00e4, kuten vilkkaasti liikenn\u00f6idyill\u00e4 alueilla tai ep\u00e4suotuisissa s\u00e4\u00e4olosuhteissa.  <\/p><p>MiniGrip\u2122-viivoitinjalusta tarjoaa luotettavan suorituskyvyn, jota tarvitset turvallisuuden ja organisoinnin yll\u00e4pit\u00e4miseksi, olipa kyseess\u00e4 sitten rakennusty\u00f6maa-alueiden hallinta, tien sulkeminen tai liikenteen uudelleenohjaus.<\/p><hr><h3><strong>T\u00e4rkeimm\u00e4t ominaisuudet ja edut<\/strong><\/h3><h5><ul><li><strong>100 % kierr\u00e4tetty kumi:<\/strong> Kest\u00e4v\u00e4 ja ymp\u00e4rist\u00f6yst\u00e4v\u00e4llinen ratkaisu, joka edist\u00e4\u00e4 ymp\u00e4rist\u00f6nsuojelua ja tarjoaa erinomaisen kest\u00e4vyyden.<\/li><li><strong>Jalankulkijoiden ja ajoneuvojen turvallisuus:<\/strong> Suunniteltu est\u00e4m\u00e4\u00e4n kompastumisvaarat tai ajoneuvojen vahingoittuminen, mik\u00e4 takaa kaikkien tienk\u00e4ytt\u00e4jien turvallisuuden.<\/li><li><strong>Iskunkest\u00e4vyys:<\/strong> Siksi se sopii erinomaisesti alueille, joilla on paljon ajoneuvoliikennett\u00e4.<\/li><li><strong>L\u00e4mp\u00f6tila- ja s\u00e4\u00e4nkest\u00e4v\u00e4<\/strong>: Toimii luotettavasti \u00e4\u00e4rimm\u00e4isess\u00e4 kuumuudessa, kylm\u00e4ss\u00e4, sateessa tai lumessa, joten se sopii kaikkiin ilmastoihin.<\/li><li><strong>Ergonominen muotoilu:<\/strong><ul><li>Kaksi sis\u00e4\u00e4nrakennettua kahvaa vaivatonta kuljetusta ja sijoittelua varten.<\/li><li>Pinottava rakenne s\u00e4\u00e4st\u00e4\u00e4 s\u00e4ilytystilaa, kun sit\u00e4 ei k\u00e4ytet\u00e4.<\/li><\/ul><\/li><li><strong>Huoltovapaa:<\/strong> Toisin kuin muut alustat, MiniGrip\u2122 ei vaadi ylim\u00e4\u00e4r\u00e4ist\u00e4 huoltoa, mik\u00e4 v\u00e4hent\u00e4\u00e4 pitk\u00e4n aikav\u00e4lin kustannuksia.<\/li><\/ul><hr><\/h5><h3><strong>Saatavilla olevat koot<\/strong><\/h3><h5><\/h5><p>MiniGrip\u2122-kumipintaista viivoitinpylv\u00e4\u00e4n jalustaa on saatavana eri painoisina, jotta se sopii tarpeisiisi:<\/p><ul><li><strong>10 lbs<\/strong>: Kevyt mutta tehokas v\u00e4h\u00e4liikenteisill\u00e4 alueilla.<\/li><li><strong>12 paunaa<\/strong>: Tasapainoinen vaihtoehto keskiraskaaseen k\u00e4ytt\u00f6\u00f6n.<\/li><li><strong>15 kiloa<\/strong>: Ihanteellinen suuremmille liikennealueille.<\/li><li><strong>20 lbs<\/strong>: Maksimaalinen vakaus raskaisiin sovelluksiin.<\/li><\/ul><hr><h3><strong>Miksi valita MiniGrip\u2122-kumiset rajalinjapylv\u00e4salustat?<\/strong><\/h3><h5><\/h5><p>MiniGrip\u2122-jalusta on suunniteltu lujuutta, vakautta ja mukavuutta ajatellen, joten se on erinomainen valinta tilap\u00e4isten tai pysyvien liikennej\u00e4rjestelyjen turvallisuuden ja j\u00e4rjestyksen yll\u00e4pit\u00e4miseen. Sen kyky kest\u00e4\u00e4 ankaria s\u00e4\u00e4olosuhteita, vaimentaa iskuja ja pysy\u00e4 vakaana my\u00f6s huomattavan rasituksen alaisena tekee siit\u00e4 ensisijaisen tuotteen liikenteenhallinnan ammattilaisille. <\/p><p>Valitsemalla MiniGrip\u2122:n teet my\u00f6s ymp\u00e4rist\u00f6tietoisen p\u00e4\u00e4t\u00f6ksen. Kokonaan 100-prosenttisesti kierr\u00e4tetyst\u00e4 kumista valmistettu pohja tukee kest\u00e4vyyspyrkimyksi\u00e4 ja tarjoaa samalla vertaansa vailla olevaa suorituskyky\u00e4. <\/p><hr><h3><strong>MiniGrip\u2122-jalustan k\u00e4ytt\u00f6kohteet<\/strong><\/h3><h5><\/h5><p>MiniGrip\u2122 Rubber Delineator Post Base on monipuolinen ja ihanteellinen erilaisiin sovelluksiin, kuten:<\/p><ul><li>Ty\u00f6maa-alueet ja tiety\u00f6maa.<\/li><li>Pys\u00e4k\u00f6intialueet ja jalankulkuv\u00e4yl\u00e4t.<\/li><li>V\u00e4liaikaiset liikennej\u00e4rjestelyt ja kaistojen sulkemiset.<\/li><li>Joukkojen valvonta tapahtumissa tai julkisissa tiloissa.<\/li><\/ul><p>MiniGrip\u2122 varmistaa tilanteesta riippumatta, ett\u00e4 rajaustolpat pysyv\u00e4t tukevasti ja pystyss\u00e4, mik\u00e4 ehk\u00e4isee onnettomuuksia ja s\u00e4ilytt\u00e4\u00e4 selke\u00e4t, n\u00e4kyv\u00e4t rajat.<\/p><hr><h3><strong>Tilaa MiniGrip\u2122 Base t\u00e4n\u00e4\u00e4n!<\/strong><\/h3><h5><\/h5><p>\u00c4l\u00e4 anna ep\u00e4vakaiden rajaustolppien vaarantaa turvallisuutta tai tehokkuutta. <strong>MiniGrip\u2122 Rubber Delineator Post Base<\/strong> yhdist\u00e4\u00e4 kest\u00e4vyyden, helppok\u00e4ytt\u00f6isyyden ja ymp\u00e4rist\u00f6yst\u00e4v\u00e4llisyyden ja tarjoaa luotettavan suorituskyvyn, johon voit luottaa. <\/p><p><strong>Varmista liikenteenhallinta-asetuksesi jo t\u00e4n\u00e4\u00e4n<\/strong> luotettavalla MiniGrip\u2122-tukiasemalla &#8211; valitse sinulle sopiva koko ja koe laadun ja luotettavuuden ero.<\/p><p><\/p><hr><h5>\n<\/h5>\n<ul>\n<\/ul>\t\t\t\t\t\t\t\t<\/div>\n\t\t\t\t<\/div>\n\t\t\t\t<\/div>\n\t\t<div class=\"elementor-element elementor-element-b01657b e-con-full e-flex e-con e-child\" data-id=\"b01657b\" data-element_type=\"container\" data-settings=\"{&quot;ekit_has_onepagescroll_dot&quot;:&quot;yes&quot;}\">\n\t\t\t\t<div class=\"elementor-element elementor-element-4a1da8f elementor-align-justify elementor-widget elementor-widget-button\" data-id=\"4a1da8f\" data-element_type=\"widget\" data-settings=\"{&quot;ekit_we_effect_on&quot;:&quot;none&quot;}\" data-widget_type=\"button.default\">\n\t\t\t\t<div class=\"elementor-widget-container\">\n\t\t\t\t\t\t\t\t\t<div class=\"elementor-button-wrapper\">\n\t\t\t\t\t<a class=\"elementor-button elementor-button-link elementor-size-sm\" href=\"https:\/\/presfab.ca\/fi\/ota-yhteytta\/\">\n\t\t\t\t\t\t<span class=\"elementor-button-content-wrapper\">\n\t\t\t\t\t\t\t\t\t<span class=\"elementor-button-text\">Pyyd\u00e4 tarjous<\/span>\n\t\t\t\t\t<\/span>\n\t\t\t\t\t<\/a>\n\t\t\t\t<\/div>\n\t\t\t\t\t\t\t\t<\/div>\n\t\t\t\t<\/div>\n\t\t\t\t<div class=\"elementor-element elementor-element-2997443 elementor-widget elementor-widget-image\" data-id=\"2997443\" data-element_type=\"widget\" data-settings=\"{&quot;ekit_we_effect_on&quot;:&quot;none&quot;}\" data-widget_type=\"image.default\">\n\t\t\t\t<div class=\"elementor-widget-container\">\n\t\t\t\t\t\t\t\t\t\t\t\t\t\t\t<img fetchpriority=\"high\" decoding=\"async\" width=\"593\" height=\"297\" src=\"https:\/\/presfab.ca\/wp-content\/uploads\/2024\/10\/speedhump.png\" class=\"attachment-full size-full wp-image-843\" alt=\"Rubber Channelizer Base for TC54 and TRV7 Traffic Drums.\" srcset=\"https:\/\/presfab.ca\/wp-content\/uploads\/2024\/10\/speedhump.png 593w, https:\/\/presfab.ca\/wp-content\/uploads\/2024\/10\/speedhump-300x150.png 300w\" sizes=\"(max-width: 593px) 100vw, 593px\" \/>\t\t\t\t\t\t\t\t\t\t\t\t\t\t\t<\/div>\n\t\t\t\t<\/div>\n\t\t\t\t<\/div>\n\t\t\t\t<\/div>\n\t\t\t\t\t<\/div>\n\t\t\t\t<\/div>\n\t\t\t\t<\/div>\n\t\t","protected":false},"excerpt":{"rendered":"<p>MiniGrip\u2122 kuminen rajaustolpan pohja Etsitk\u00f6 pitk\u00e4kestoista ja vakaata alustaa rajaustolpillesi? MiniGrip\u2122 Rubber Delineator Post Base on paras ratkaisu RD-10-merkkipylv\u00e4iden ja muiden halkaisijaltaan 4 tuuman pylv\u00e4iden kiinnitt\u00e4miseen. Kest\u00e4vyytt\u00e4 ja luotettavuutta silm\u00e4ll\u00e4 pit\u00e4en suunniteltu jalusta varmistaa, ett\u00e4 pylv\u00e4\u00e4t pysyv\u00e4t pystyss\u00e4 my\u00f6s haastavissa ymp\u00e4rist\u00f6iss\u00e4, kuten vilkkaasti liikenn\u00f6idyill\u00e4 alueilla tai ep\u00e4suotuisissa s\u00e4\u00e4olosuhteissa. MiniGrip\u2122-viivoitinjalusta tarjoaa luotettavan suorituskyvyn, jota tarvitset turvallisuuden [&hellip;]<\/p>\n","protected":false},"author":2,"featured_media":0,"parent":0,"menu_order":0,"comment_status":"closed","ping_status":"closed","template":"","meta":{"content-type":"","footnotes":""},"class_list":["post-3356","page","type-page","status-publish","hentry"],"yoast_head":"<!-- This site is optimized with the Yoast SEO Premium plugin v24.3 (Yoast SEO v24.3) - https:\/\/yoast.com\/wordpress\/plugins\/seo\/ -->\n<title>MiniGrip\u2122 Delineator Post Base - PRESFAB HIGHWAY<\/title>\n<meta name=\"description\" content=\"Presfab Highwayn MiniGrip on t\u00e4ydellinen pohja Delineator-pylv\u00e4ille. Se on suunniteltu kaikille RD-10- ja pylv\u00e4ille, joiden halkaisija on 4&quot;.\" \/>\n<meta name=\"robots\" content=\"index, follow, max-snippet:-1, max-image-preview:large, max-video-preview:-1\" \/>\n<link rel=\"canonical\" href=\"https:\/\/presfab.ca\/fi\/rajauslaitteen-pohja\/\" \/>\n<meta property=\"og:locale\" content=\"fi_FI\" \/>\n<meta property=\"og:type\" content=\"article\" \/>\n<meta property=\"og:title\" content=\"MiniGrip Delineator Post Base: T\u00e4ydellinen ratkaisu turvallisuuteen ja kest\u00e4vyyteen\" \/>\n<meta property=\"og:description\" content=\"Presfab Highwayn MiniGrip on t\u00e4ydellinen pohja Delineator-pylv\u00e4ille. Se on suunniteltu kaikille RD-10- ja pylv\u00e4ille, joiden halkaisija on 4&quot;.\" \/>\n<meta property=\"og:url\" content=\"https:\/\/presfab.ca\/fi\/rajauslaitteen-pohja\/\" \/>\n<meta property=\"og:site_name\" content=\"PRESFAB HIGHWAY\" \/>\n<meta property=\"article:publisher\" content=\"https:\/\/www.facebook.com\/PresfabHighway\" \/>\n<meta property=\"article:modified_time\" content=\"2025-02-09T01:47:35+00:00\" \/>\n<meta property=\"og:image\" content=\"https:\/\/presfab.ca\/wp-content\/uploads\/2024\/10\/speedhump.png\" \/>\n\t<meta property=\"og:image:width\" content=\"593\" \/>\n\t<meta property=\"og:image:height\" content=\"297\" \/>\n\t<meta property=\"og:image:type\" content=\"image\/png\" \/>\n<meta name=\"twitter:card\" content=\"summary_large_image\" \/>\n<meta name=\"twitter:title\" content=\"Rajauslaitteen pohja\" \/>\n<meta name=\"twitter:site\" content=\"@PresfabHighway\" \/>\n<meta name=\"twitter:label1\" content=\"Arvioitu lukuaika\" \/>\n\t<meta name=\"twitter:data1\" content=\"2 minuuttia\" \/>\n<script type=\"application\/ld+json\" class=\"yoast-schema-graph\">{\"@context\":\"https:\/\/schema.org\",\"@graph\":[{\"@type\":\"WebPage\",\"@id\":\"https:\/\/presfab.ca\/fi\/rajauslaitteen-pohja\/\",\"url\":\"https:\/\/presfab.ca\/fi\/rajauslaitteen-pohja\/\",\"name\":\"MiniGrip\u2122 Delineator Post Base - PRESFAB HIGHWAY\",\"isPartOf\":{\"@id\":\"https:\/\/presfab.ca\/fi\/#website\"},\"primaryImageOfPage\":{\"@id\":\"https:\/\/presfab.ca\/fi\/rajauslaitteen-pohja\/#primaryimage\"},\"image\":{\"@id\":\"https:\/\/presfab.ca\/fi\/rajauslaitteen-pohja\/#primaryimage\"},\"thumbnailUrl\":\"https:\/\/presfab.ca\/wp-content\/uploads\/2024\/10\/speedhump.png\",\"datePublished\":\"2025-01-26T19:44:44+00:00\",\"dateModified\":\"2025-02-09T01:47:35+00:00\",\"description\":\"Presfab Highwayn MiniGrip on t\u00e4ydellinen pohja Delineator-pylv\u00e4ille. Se on suunniteltu kaikille RD-10- ja pylv\u00e4ille, joiden halkaisija on 4\\\".\",\"breadcrumb\":{\"@id\":\"https:\/\/presfab.ca\/fi\/rajauslaitteen-pohja\/#breadcrumb\"},\"inLanguage\":\"fi\",\"potentialAction\":[{\"@type\":\"ReadAction\",\"target\":[\"https:\/\/presfab.ca\/fi\/rajauslaitteen-pohja\/\"]}]},{\"@type\":\"ImageObject\",\"inLanguage\":\"fi\",\"@id\":\"https:\/\/presfab.ca\/fi\/rajauslaitteen-pohja\/#primaryimage\",\"url\":\"https:\/\/presfab.ca\/wp-content\/uploads\/2024\/10\/speedhump.png\",\"contentUrl\":\"https:\/\/presfab.ca\/wp-content\/uploads\/2024\/10\/speedhump.png\"},{\"@type\":\"BreadcrumbList\",\"@id\":\"https:\/\/presfab.ca\/fi\/rajauslaitteen-pohja\/#breadcrumb\",\"itemListElement\":[{\"@type\":\"ListItem\",\"position\":1,\"name\":\"Home\",\"item\":\"https:\/\/presfab.ca\/fi\/\"},{\"@type\":\"ListItem\",\"position\":2,\"name\":\"Rajauslaitteen pohja\"}]},{\"@type\":\"WebSite\",\"@id\":\"https:\/\/presfab.ca\/fi\/#website\",\"url\":\"https:\/\/presfab.ca\/fi\/\",\"name\":\"PRESFAB HIGHWAY\",\"description\":\"Manhole Riser Rings, Delineator Bases, Channelizer Bases, Sign bases and more!\",\"publisher\":{\"@id\":\"https:\/\/presfab.ca\/fi\/#organization\"},\"potentialAction\":[{\"@type\":\"SearchAction\",\"target\":{\"@type\":\"EntryPoint\",\"urlTemplate\":\"https:\/\/presfab.ca\/fi\/?s={search_term_string}\"},\"query-input\":{\"@type\":\"PropertyValueSpecification\",\"valueRequired\":true,\"valueName\":\"search_term_string\"}}],\"inLanguage\":\"fi\"},{\"@type\":\"Organization\",\"@id\":\"https:\/\/presfab.ca\/fi\/#organization\",\"name\":\"PRESFAB HIGHWAY\",\"url\":\"https:\/\/presfab.ca\/fi\/\",\"logo\":{\"@type\":\"ImageObject\",\"inLanguage\":\"fi\",\"@id\":\"https:\/\/presfab.ca\/fi\/#\/schema\/logo\/image\/\",\"url\":\"https:\/\/presfab.ca\/wp-content\/uploads\/2025\/01\/Asset-1ZoomOut.png\",\"contentUrl\":\"https:\/\/presfab.ca\/wp-content\/uploads\/2025\/01\/Asset-1ZoomOut.png\",\"width\":118,\"height\":46,\"caption\":\"PRESFAB HIGHWAY\"},\"image\":{\"@id\":\"https:\/\/presfab.ca\/fi\/#\/schema\/logo\/image\/\"},\"sameAs\":[\"https:\/\/www.facebook.com\/PresfabHighway\",\"https:\/\/x.com\/PresfabHighway\",\"https:\/\/www.linkedin.com\/company\/presfab-highway\/?viewAsMember=true\"],\"description\":\"Presfab Highway is a manufacturer of traffic safety products, and manhole and aquaduct grade riser rings. We make bases for Channelizer drums (TR& & TC54), Bases for RD-10 Delineator Posts, Temporary sign bases, speed bumps.\",\"email\":\"sales@presfab.ca\",\"telephone\":\"450-979-0007\"}]}<\/script>\n<!-- \/ Yoast SEO Premium plugin. -->","yoast_head_json":{"title":"MiniGrip\u2122 Delineator Post Base - PRESFAB HIGHWAY","description":"Presfab Highwayn MiniGrip on t\u00e4ydellinen pohja Delineator-pylv\u00e4ille. Se on suunniteltu kaikille RD-10- ja pylv\u00e4ille, joiden halkaisija on 4\".","robots":{"index":"index","follow":"follow","max-snippet":"max-snippet:-1","max-image-preview":"max-image-preview:large","max-video-preview":"max-video-preview:-1"},"canonical":"https:\/\/presfab.ca\/fi\/rajauslaitteen-pohja\/","og_locale":"fi_FI","og_type":"article","og_title":"MiniGrip Delineator Post Base: T\u00e4ydellinen ratkaisu turvallisuuteen ja kest\u00e4vyyteen","og_description":"Presfab Highwayn MiniGrip on t\u00e4ydellinen pohja Delineator-pylv\u00e4ille. Se on suunniteltu kaikille RD-10- ja pylv\u00e4ille, joiden halkaisija on 4\".","og_url":"https:\/\/presfab.ca\/fi\/rajauslaitteen-pohja\/","og_site_name":"PRESFAB HIGHWAY","article_publisher":"https:\/\/www.facebook.com\/PresfabHighway","article_modified_time":"2025-02-09T01:47:35+00:00","og_image":[{"width":593,"height":297,"url":"https:\/\/presfab.ca\/wp-content\/uploads\/2024\/10\/speedhump.png","type":"image\/png"}],"twitter_card":"summary_large_image","twitter_title":"Rajauslaitteen pohja","twitter_site":"@PresfabHighway","twitter_misc":{"Arvioitu lukuaika":"2 minuuttia"},"schema":{"@context":"https:\/\/schema.org","@graph":[{"@type":"WebPage","@id":"https:\/\/presfab.ca\/fi\/rajauslaitteen-pohja\/","url":"https:\/\/presfab.ca\/fi\/rajauslaitteen-pohja\/","name":"MiniGrip\u2122 Delineator Post Base - PRESFAB HIGHWAY","isPartOf":{"@id":"https:\/\/presfab.ca\/fi\/#website"},"primaryImageOfPage":{"@id":"https:\/\/presfab.ca\/fi\/rajauslaitteen-pohja\/#primaryimage"},"image":{"@id":"https:\/\/presfab.ca\/fi\/rajauslaitteen-pohja\/#primaryimage"},"thumbnailUrl":"https:\/\/presfab.ca\/wp-content\/uploads\/2024\/10\/speedhump.png","datePublished":"2025-01-26T19:44:44+00:00","dateModified":"2025-02-09T01:47:35+00:00","description":"Presfab Highwayn MiniGrip on t\u00e4ydellinen pohja Delineator-pylv\u00e4ille. Se on suunniteltu kaikille RD-10- ja pylv\u00e4ille, joiden halkaisija on 4\".","breadcrumb":{"@id":"https:\/\/presfab.ca\/fi\/rajauslaitteen-pohja\/#breadcrumb"},"inLanguage":"fi","potentialAction":[{"@type":"ReadAction","target":["https:\/\/presfab.ca\/fi\/rajauslaitteen-pohja\/"]}]},{"@type":"ImageObject","inLanguage":"fi","@id":"https:\/\/presfab.ca\/fi\/rajauslaitteen-pohja\/#primaryimage","url":"https:\/\/presfab.ca\/wp-content\/uploads\/2024\/10\/speedhump.png","contentUrl":"https:\/\/presfab.ca\/wp-content\/uploads\/2024\/10\/speedhump.png"},{"@type":"BreadcrumbList","@id":"https:\/\/presfab.ca\/fi\/rajauslaitteen-pohja\/#breadcrumb","itemListElement":[{"@type":"ListItem","position":1,"name":"Home","item":"https:\/\/presfab.ca\/fi\/"},{"@type":"ListItem","position":2,"name":"Rajauslaitteen pohja"}]},{"@type":"WebSite","@id":"https:\/\/presfab.ca\/fi\/#website","url":"https:\/\/presfab.ca\/fi\/","name":"PRESFAB HIGHWAY","description":"Manhole Riser Rings, Delineator Bases, Channelizer Bases, Sign bases and more!","publisher":{"@id":"https:\/\/presfab.ca\/fi\/#organization"},"potentialAction":[{"@type":"SearchAction","target":{"@type":"EntryPoint","urlTemplate":"https:\/\/presfab.ca\/fi\/?s={search_term_string}"},"query-input":{"@type":"PropertyValueSpecification","valueRequired":true,"valueName":"search_term_string"}}],"inLanguage":"fi"},{"@type":"Organization","@id":"https:\/\/presfab.ca\/fi\/#organization","name":"PRESFAB HIGHWAY","url":"https:\/\/presfab.ca\/fi\/","logo":{"@type":"ImageObject","inLanguage":"fi","@id":"https:\/\/presfab.ca\/fi\/#\/schema\/logo\/image\/","url":"https:\/\/presfab.ca\/wp-content\/uploads\/2025\/01\/Asset-1ZoomOut.png","contentUrl":"https:\/\/presfab.ca\/wp-content\/uploads\/2025\/01\/Asset-1ZoomOut.png","width":118,"height":46,"caption":"PRESFAB HIGHWAY"},"image":{"@id":"https:\/\/presfab.ca\/fi\/#\/schema\/logo\/image\/"},"sameAs":["https:\/\/www.facebook.com\/PresfabHighway","https:\/\/x.com\/PresfabHighway","https:\/\/www.linkedin.com\/company\/presfab-highway\/?viewAsMember=true"],"description":"Presfab Highway is a manufacturer of traffic safety products, and manhole and aquaduct grade riser rings. We make bases for Channelizer drums (TR& & TC54), Bases for RD-10 Delineator Posts, Temporary sign bases, speed bumps.","email":"sales@presfab.ca","telephone":"450-979-0007"}]}},"jetpack_sharing_enabled":true,"_links":{"self":[{"href":"https:\/\/presfab.ca\/fi\/wp-json\/wp\/v2\/pages\/3356","targetHints":{"allow":["GET"]}}],"collection":[{"href":"https:\/\/presfab.ca\/fi\/wp-json\/wp\/v2\/pages"}],"about":[{"href":"https:\/\/presfab.ca\/fi\/wp-json\/wp\/v2\/types\/page"}],"author":[{"embeddable":true,"href":"https:\/\/presfab.ca\/fi\/wp-json\/wp\/v2\/users\/2"}],"replies":[{"embeddable":true,"href":"https:\/\/presfab.ca\/fi\/wp-json\/wp\/v2\/comments?post=3356"}],"version-history":[{"count":1,"href":"https:\/\/presfab.ca\/fi\/wp-json\/wp\/v2\/pages\/3356\/revisions"}],"predecessor-version":[{"id":3361,"href":"https:\/\/presfab.ca\/fi\/wp-json\/wp\/v2\/pages\/3356\/revisions\/3361"}],"wp:attachment":[{"href":"https:\/\/presfab.ca\/fi\/wp-json\/wp\/v2\/media?parent=3356"}],"curies":[{"name":"wp","href":"https:\/\/api.w.org\/{rel}","templated":true}]}}