{"id":3385,"date":"2025-01-26T19:40:45","date_gmt":"2025-01-26T19:40:45","guid":{"rendered":"https:\/\/presfab.ca\/kanavointilaitteen-pohja\/"},"modified":"2025-08-06T00:54:45","modified_gmt":"2025-08-06T00:54:45","slug":"kanavointilaitteen-pohja","status":"publish","type":"page","link":"https:\/\/presfab.ca\/fi\/kanavointilaitteen-pohja\/","title":{"rendered":"Kanavointilaitteen pohja"},"content":{"rendered":"\t\t<div data-elementor-type=\"wp-page\" data-elementor-id=\"3385\" class=\"elementor elementor-3385 elementor-1612\" data-elementor-post-type=\"page\">\n\t\t\t\t<div class=\"elementor-element elementor-element-a157cda e-flex e-con-boxed e-con e-parent\" data-id=\"a157cda\" data-element_type=\"container\" data-settings=\"{&quot;ekit_has_onepagescroll_dot&quot;:&quot;yes&quot;}\">\n\t\t\t\t\t<div class=\"e-con-inner\">\n\t\t<div class=\"elementor-element elementor-element-b84231e e-con-full e-flex e-con e-child\" data-id=\"b84231e\" data-element_type=\"container\" data-settings=\"{&quot;ekit_has_onepagescroll_dot&quot;:&quot;yes&quot;}\">\n\t\t<div class=\"elementor-element elementor-element-f34017d e-con-full e-flex e-con e-child\" data-id=\"f34017d\" data-element_type=\"container\" data-settings=\"{&quot;ekit_has_onepagescroll_dot&quot;:&quot;yes&quot;}\">\n\t\t\t\t<div class=\"elementor-element elementor-element-e2c0af8 elementor-widget elementor-widget-shortcode\" data-id=\"e2c0af8\" data-element_type=\"widget\" data-settings=\"{&quot;ekit_we_effect_on&quot;:&quot;none&quot;}\" data-widget_type=\"shortcode.default\">\n\t\t\t\t<div class=\"elementor-widget-container\">\n\t\t\t\t\t\t\t<div class=\"elementor-shortcode\">\n        <div class=\"modelViewerBlock\" data-attributes='{&quot;align&quot;:&quot;center&quot;,&quot;uniqueId&quot;:&quot;model3597&quot;,&quot;currentViewer&quot;:&quot;modelViewer&quot;,&quot;multiple&quot;:false,&quot;model&quot;:{&quot;modelUrl&quot;:&quot;https:\\\/\\\/presfab.ca\\\/wp-content\\\/uploads\\\/2025\\\/08\\\/ImageToStl.com_Hexagon28inPresfab-v3.glb&quot;,&quot;poster&quot;:&quot;&quot;},&quot;O3DVSettings&quot;:{&quot;isFullscreen&quot;:true,&quot;isPagination&quot;:false,&quot;isNavigation&quot;:true,&quot;camera&quot;:null,&quot;mouseControl&quot;:true},&quot;models&quot;:[],&quot;lazyLoad&quot;:false,&quot;loading&quot;:&quot;auto&quot;,&quot;autoplay&quot;:false,&quot;shadow&quot;:true,&quot;autoRotate&quot;:false,&quot;zoom&quot;:true,&quot;isPagination&quot;:false,&quot;isNavigation&quot;:true,&quot;preload&quot;:&quot;auto&quot;,&quot;rotationPerSecond&quot;:&quot;30&quot;,&quot;mouseControl&quot;:true,&quot;fullscreen&quot;:true,&quot;variant&quot;:false,&quot;loadingPercentage&quot;:false,&quot;progressBar&quot;:true,&quot;rotate&quot;:false,&quot;rotateAlongX&quot;:&quot;0&quot;,&quot;rotateAlongY&quot;:&quot;75&quot;,&quot;exposure&quot;:&quot;1&quot;,&quot;styles&quot;:{&quot;width&quot;:&quot;100%&quot;,&quot;height&quot;:&quot;400px&quot;,&quot;bgColor&quot;:&quot;transparent&quot;,&quot;progressBarColor&quot;:&quot;&quot;},&quot;stylesheet&quot;:null,&quot;additional&quot;:{&quot;ID&quot;:&quot;&quot;,&quot;Class&quot;:&quot;&quot;,&quot;CSS&quot;:&quot;&quot;},&quot;animation&quot;:false,&quot;woo&quot;:false,&quot;selectedAnimation&quot;:&quot;&quot;}'><\/div>\n\n        <\/div>\n\t\t\t\t\t\t<\/div>\n\t\t\t\t<\/div>\n\t\t\t\t<div class=\"elementor-element elementor-element-2a11639 elementor-widget elementor-widget-text-editor\" data-id=\"2a11639\" data-element_type=\"widget\" data-settings=\"{&quot;ekit_we_effect_on&quot;:&quot;none&quot;}\" data-widget_type=\"text-editor.default\">\n\t\t\t\t<div class=\"elementor-widget-container\">\n\t\t\t\t\t\t\t\t\t<p><strong>Easy Grip Hex\u2122 kuminen kanavointirummun pohja<\/strong><\/p>\n<p>Varmista liikennerumpujesi vakaus ja kest\u00e4vyys <strong>Easy Grip Hex\u2122 -kumisella kanavointirummun alustalla<\/strong>. T\u00e4m\u00e4 painotettu pohja on suunniteltu sopimaan t\u00e4ydellisesti <strong>T-RV-7 (B54-Q<\/strong>), <strong>T-RV-6 (B52-Q<\/strong>) ja <strong>TC54-kanavointirumpuihin<\/strong>, ja se tarjoaa erinomaisen suorituskyvyn vaativissa liikenteenohjaussovelluksissa. <\/p>\n<h3><strong>T\u00e4rkeimm\u00e4t ominaisuudet<\/strong><\/h3>\n<ul>\n<li><strong>100 % kierr\u00e4tetty\u00e4 kumia:<\/strong> ymp\u00e4rist\u00f6yst\u00e4v\u00e4llinen ja kest\u00e4v\u00e4 ratkaisu.<\/li>\n<li><strong>Yhteensopiva suosittujen liikennerumpujen kanssa:<\/strong> R\u00e4\u00e4t\u00e4l\u00f6ity T-RV-7, T-RV-6 ja TC54-malleihin.<\/li>\n<li><strong>Iskunkest\u00e4vyys:<\/strong> Kest\u00e4\u00e4 t\u00f6rm\u00e4yksi\u00e4 toiminnallisuudesta tinkim\u00e4tt\u00e4.<\/li>\n<li><strong>S\u00e4\u00e4nkest\u00e4v\u00e4 suorituskyky:<\/strong> Kest\u00e4\u00e4 UV-s\u00e4teit\u00e4, \u00e4\u00e4rimm\u00e4isi\u00e4 l\u00e4mp\u00f6tiloja ja ankaria s\u00e4\u00e4olosuhteita.<\/li>\n<li><strong>K\u00e4tev\u00e4 muotoilu:<\/strong>\n<ul>\n<li>Kaksi ergonomista kahvaa helpottaa kuljetusta ja asennusta.<\/li>\n<li>Pinoamiskelpoinen tehokkaaseen s\u00e4ilytykseen.<\/li>\n<\/ul>\n<\/li>\n<li><strong>Kustannustehokas:<\/strong> Toisin kuin perinteiset vanteen alustat, huoltoa ei tarvita.<\/li>\n<\/ul>\n<h3><strong>Saatavilla olevat painot<\/strong><\/h3>\n<p>Valitse tarpeisiisi sopiva paino: <strong>20 lbs &#8211; 30 lbs<\/strong>.<\/p>\n<hr>\n<h3><strong>Miksi valita Easy Grip Hex\u2122 -alusta?<\/strong><\/h3>\n<p><strong>Easy Grip Hex\u2122 -kumikourun kanavointirummun pohjassa<\/strong> yhdistyv\u00e4t kest\u00e4vyys, helppok\u00e4ytt\u00f6isyys ja ymp\u00e4rist\u00f6vastuullisuus. Sen kest\u00e4v\u00e4 rakenne takaa, ett\u00e4 liikennerummut pysyv\u00e4t tukevasti paikoillaan my\u00f6s haastavissa s\u00e4\u00e4olosuhteissa tai voimakkaissa tilanteissa. Sen pinottavan, ergonomisen muotoilun ansiosta se on helppo varastoida ja kuljettaa ja minimoi samalla seisokkiajan kent\u00e4ll\u00e4.  <\/p>\n<p>P\u00e4ivit\u00e4 liikenteenhallintaj\u00e4rjestelm\u00e4si luotettavalla ja huoltovapaalla <strong>Easy Grip Hex\u2122 -alustalla<\/strong> jo t\u00e4n\u00e4\u00e4n!<\/p>\n\t\t\t\t\t\t\t\t<\/div>\n\t\t\t\t<\/div>\n\t\t\t\t<\/div>\n\t\t\t\t<div class=\"elementor-element elementor-element-2b50f2f elementor-align-justify elementor-widget elementor-widget-button\" data-id=\"2b50f2f\" data-element_type=\"widget\" data-settings=\"{&quot;ekit_we_effect_on&quot;:&quot;none&quot;}\" data-widget_type=\"button.default\">\n\t\t\t\t<div class=\"elementor-widget-container\">\n\t\t\t\t\t\t\t\t\t<div class=\"elementor-button-wrapper\">\n\t\t\t\t\t<a class=\"elementor-button elementor-button-link elementor-size-sm\" href=\"https:\/\/presfab.ca\/fi\/ota-yhteytta\/\">\n\t\t\t\t\t\t<span class=\"elementor-button-content-wrapper\">\n\t\t\t\t\t\t\t\t\t<span class=\"elementor-button-text\">Pyyd\u00e4 tarjous<\/span>\n\t\t\t\t\t<\/span>\n\t\t\t\t\t<\/a>\n\t\t\t\t<\/div>\n\t\t\t\t\t\t\t\t<\/div>\n\t\t\t\t<\/div>\n\t\t\t\t<\/div>\n\t\t\t\t\t<\/div>\n\t\t\t\t<\/div>\n\t\t\t\t<\/div>\n\t\t","protected":false},"excerpt":{"rendered":"<p>Easy Grip Hex\u2122 kuminen kanavointirummun pohja Varmista liikennerumpujesi vakaus ja kest\u00e4vyys Easy Grip Hex\u2122 -kumisella kanavointirummun alustalla. T\u00e4m\u00e4 painotettu pohja on suunniteltu sopimaan t\u00e4ydellisesti T-RV-7 (B54-Q), T-RV-6 (B52-Q) ja TC54-kanavointirumpuihin, ja se tarjoaa erinomaisen suorituskyvyn vaativissa liikenteenohjaussovelluksissa. T\u00e4rkeimm\u00e4t ominaisuudet 100 % kierr\u00e4tetty\u00e4 kumia: ymp\u00e4rist\u00f6yst\u00e4v\u00e4llinen ja kest\u00e4v\u00e4 ratkaisu. Yhteensopiva suosittujen liikennerumpujen kanssa: R\u00e4\u00e4t\u00e4l\u00f6ity T-RV-7, T-RV-6 ja [&hellip;]<\/p>\n","protected":false},"author":2,"featured_media":0,"parent":0,"menu_order":0,"comment_status":"closed","ping_status":"closed","template":"","meta":{"content-type":"","footnotes":""},"class_list":["post-3385","page","type-page","status-publish","hentry"],"yoast_head":"<!-- This site is optimized with the Yoast SEO Premium plugin v24.3 (Yoast SEO v24.3) - https:\/\/yoast.com\/wordpress\/plugins\/seo\/ -->\n<title>Liikennerumpujen kanavointilaitteen pohja: Stability and Durability - PRESFAB HIGHWAY<\/title>\n<meta name=\"description\" content=\"Paranna liikenneturvallisuutta Easy Grip Hex\u2122 -kumisella kanavointirummun alustalla. T\u00e4m\u00e4 100-prosenttisesti kierr\u00e4tetyst\u00e4 kumista valmistettu s\u00e4\u00e4nkest\u00e4v\u00e4 ja iskunkest\u00e4v\u00e4 pohja takaa erinomaisen suorituskyvyn.\" \/>\n<meta name=\"robots\" content=\"index, follow, max-snippet:-1, max-image-preview:large, max-video-preview:-1\" \/>\n<link rel=\"canonical\" href=\"https:\/\/presfab.ca\/fi\/kanavointilaitteen-pohja\/\" \/>\n<meta property=\"og:locale\" content=\"fi_FI\" \/>\n<meta property=\"og:type\" content=\"article\" \/>\n<meta property=\"og:title\" content=\"Kanavointilaitteen pohja\" \/>\n<meta property=\"og:description\" content=\"Paranna liikenneturvallisuutta Easy Grip Hex\u2122 -kumisella kanavointirummun alustalla. T\u00e4m\u00e4 100-prosenttisesti kierr\u00e4tetyst\u00e4 kumista valmistettu s\u00e4\u00e4nkest\u00e4v\u00e4 ja iskunkest\u00e4v\u00e4 pohja takaa erinomaisen suorituskyvyn.\" \/>\n<meta property=\"og:url\" content=\"https:\/\/presfab.ca\/fi\/kanavointilaitteen-pohja\/\" \/>\n<meta property=\"og:site_name\" content=\"PRESFAB HIGHWAY\" \/>\n<meta property=\"article:publisher\" content=\"https:\/\/www.facebook.com\/PresfabHighway\" \/>\n<meta property=\"article:modified_time\" content=\"2025-08-06T00:54:45+00:00\" \/>\n<meta property=\"og:image\" content=\"https:\/\/presfab.ca\/wp-content\/uploads\/2025\/01\/Asset-1ZoomOut.png\" \/>\n\t<meta property=\"og:image:width\" content=\"118\" \/>\n\t<meta property=\"og:image:height\" content=\"46\" \/>\n\t<meta property=\"og:image:type\" content=\"image\/png\" \/>\n<meta name=\"twitter:card\" content=\"summary_large_image\" \/>\n<meta name=\"twitter:site\" content=\"@PresfabHighway\" \/>\n<meta name=\"twitter:label1\" content=\"Arvioitu lukuaika\" \/>\n\t<meta name=\"twitter:data1\" content=\"1 minuutti\" \/>\n<script type=\"application\/ld+json\" class=\"yoast-schema-graph\">{\"@context\":\"https:\/\/schema.org\",\"@graph\":[{\"@type\":\"WebPage\",\"@id\":\"https:\/\/presfab.ca\/fi\/kanavointilaitteen-pohja\/\",\"url\":\"https:\/\/presfab.ca\/fi\/kanavointilaitteen-pohja\/\",\"name\":\"Liikennerumpujen kanavointilaitteen pohja: Stability and Durability - PRESFAB HIGHWAY\",\"isPartOf\":{\"@id\":\"https:\/\/presfab.ca\/fi\/#website\"},\"datePublished\":\"2025-01-26T19:40:45+00:00\",\"dateModified\":\"2025-08-06T00:54:45+00:00\",\"description\":\"Paranna liikenneturvallisuutta Easy Grip Hex\u2122 -kumisella kanavointirummun alustalla. T\u00e4m\u00e4 100-prosenttisesti kierr\u00e4tetyst\u00e4 kumista valmistettu s\u00e4\u00e4nkest\u00e4v\u00e4 ja iskunkest\u00e4v\u00e4 pohja takaa erinomaisen suorituskyvyn.\",\"breadcrumb\":{\"@id\":\"https:\/\/presfab.ca\/fi\/kanavointilaitteen-pohja\/#breadcrumb\"},\"inLanguage\":\"fi\",\"potentialAction\":[{\"@type\":\"ReadAction\",\"target\":[\"https:\/\/presfab.ca\/fi\/kanavointilaitteen-pohja\/\"]}]},{\"@type\":\"BreadcrumbList\",\"@id\":\"https:\/\/presfab.ca\/fi\/kanavointilaitteen-pohja\/#breadcrumb\",\"itemListElement\":[{\"@type\":\"ListItem\",\"position\":1,\"name\":\"Home\",\"item\":\"https:\/\/presfab.ca\/fi\/\"},{\"@type\":\"ListItem\",\"position\":2,\"name\":\"Kanavointilaitteen pohja\"}]},{\"@type\":\"WebSite\",\"@id\":\"https:\/\/presfab.ca\/fi\/#website\",\"url\":\"https:\/\/presfab.ca\/fi\/\",\"name\":\"PRESFAB HIGHWAY\",\"description\":\"Manhole Riser Rings, Delineator Bases, Channelizer Bases, Sign bases and more!\",\"publisher\":{\"@id\":\"https:\/\/presfab.ca\/fi\/#organization\"},\"potentialAction\":[{\"@type\":\"SearchAction\",\"target\":{\"@type\":\"EntryPoint\",\"urlTemplate\":\"https:\/\/presfab.ca\/fi\/?s={search_term_string}\"},\"query-input\":{\"@type\":\"PropertyValueSpecification\",\"valueRequired\":true,\"valueName\":\"search_term_string\"}}],\"inLanguage\":\"fi\"},{\"@type\":\"Organization\",\"@id\":\"https:\/\/presfab.ca\/fi\/#organization\",\"name\":\"PRESFAB HIGHWAY\",\"url\":\"https:\/\/presfab.ca\/fi\/\",\"logo\":{\"@type\":\"ImageObject\",\"inLanguage\":\"fi\",\"@id\":\"https:\/\/presfab.ca\/fi\/#\/schema\/logo\/image\/\",\"url\":\"https:\/\/presfab.ca\/wp-content\/uploads\/2025\/01\/Asset-1ZoomOut.png\",\"contentUrl\":\"https:\/\/presfab.ca\/wp-content\/uploads\/2025\/01\/Asset-1ZoomOut.png\",\"width\":118,\"height\":46,\"caption\":\"PRESFAB HIGHWAY\"},\"image\":{\"@id\":\"https:\/\/presfab.ca\/fi\/#\/schema\/logo\/image\/\"},\"sameAs\":[\"https:\/\/www.facebook.com\/PresfabHighway\",\"https:\/\/x.com\/PresfabHighway\",\"https:\/\/www.linkedin.com\/company\/presfab-highway\/?viewAsMember=true\"],\"description\":\"Presfab Highway is a manufacturer of traffic safety products, and manhole and aquaduct grade riser rings. We make bases for Channelizer drums (TR& & TC54), Bases for RD-10 Delineator Posts, Temporary sign bases, speed bumps.\",\"email\":\"sales@presfab.ca\",\"telephone\":\"450-979-0007\"}]}<\/script>\n<!-- \/ Yoast SEO Premium plugin. -->","yoast_head_json":{"title":"Liikennerumpujen kanavointilaitteen pohja: Stability and Durability - PRESFAB HIGHWAY","description":"Paranna liikenneturvallisuutta Easy Grip Hex\u2122 -kumisella kanavointirummun alustalla. T\u00e4m\u00e4 100-prosenttisesti kierr\u00e4tetyst\u00e4 kumista valmistettu s\u00e4\u00e4nkest\u00e4v\u00e4 ja iskunkest\u00e4v\u00e4 pohja takaa erinomaisen suorituskyvyn.","robots":{"index":"index","follow":"follow","max-snippet":"max-snippet:-1","max-image-preview":"max-image-preview:large","max-video-preview":"max-video-preview:-1"},"canonical":"https:\/\/presfab.ca\/fi\/kanavointilaitteen-pohja\/","og_locale":"fi_FI","og_type":"article","og_title":"Kanavointilaitteen pohja","og_description":"Paranna liikenneturvallisuutta Easy Grip Hex\u2122 -kumisella kanavointirummun alustalla. T\u00e4m\u00e4 100-prosenttisesti kierr\u00e4tetyst\u00e4 kumista valmistettu s\u00e4\u00e4nkest\u00e4v\u00e4 ja iskunkest\u00e4v\u00e4 pohja takaa erinomaisen suorituskyvyn.","og_url":"https:\/\/presfab.ca\/fi\/kanavointilaitteen-pohja\/","og_site_name":"PRESFAB HIGHWAY","article_publisher":"https:\/\/www.facebook.com\/PresfabHighway","article_modified_time":"2025-08-06T00:54:45+00:00","og_image":[{"width":118,"height":46,"url":"https:\/\/presfab.ca\/wp-content\/uploads\/2025\/01\/Asset-1ZoomOut.png","type":"image\/png"}],"twitter_card":"summary_large_image","twitter_site":"@PresfabHighway","twitter_misc":{"Arvioitu lukuaika":"1 minuutti"},"schema":{"@context":"https:\/\/schema.org","@graph":[{"@type":"WebPage","@id":"https:\/\/presfab.ca\/fi\/kanavointilaitteen-pohja\/","url":"https:\/\/presfab.ca\/fi\/kanavointilaitteen-pohja\/","name":"Liikennerumpujen kanavointilaitteen pohja: Stability and Durability - PRESFAB HIGHWAY","isPartOf":{"@id":"https:\/\/presfab.ca\/fi\/#website"},"datePublished":"2025-01-26T19:40:45+00:00","dateModified":"2025-08-06T00:54:45+00:00","description":"Paranna liikenneturvallisuutta Easy Grip Hex\u2122 -kumisella kanavointirummun alustalla. T\u00e4m\u00e4 100-prosenttisesti kierr\u00e4tetyst\u00e4 kumista valmistettu s\u00e4\u00e4nkest\u00e4v\u00e4 ja iskunkest\u00e4v\u00e4 pohja takaa erinomaisen suorituskyvyn.","breadcrumb":{"@id":"https:\/\/presfab.ca\/fi\/kanavointilaitteen-pohja\/#breadcrumb"},"inLanguage":"fi","potentialAction":[{"@type":"ReadAction","target":["https:\/\/presfab.ca\/fi\/kanavointilaitteen-pohja\/"]}]},{"@type":"BreadcrumbList","@id":"https:\/\/presfab.ca\/fi\/kanavointilaitteen-pohja\/#breadcrumb","itemListElement":[{"@type":"ListItem","position":1,"name":"Home","item":"https:\/\/presfab.ca\/fi\/"},{"@type":"ListItem","position":2,"name":"Kanavointilaitteen pohja"}]},{"@type":"WebSite","@id":"https:\/\/presfab.ca\/fi\/#website","url":"https:\/\/presfab.ca\/fi\/","name":"PRESFAB HIGHWAY","description":"Manhole Riser Rings, Delineator Bases, Channelizer Bases, Sign bases and more!","publisher":{"@id":"https:\/\/presfab.ca\/fi\/#organization"},"potentialAction":[{"@type":"SearchAction","target":{"@type":"EntryPoint","urlTemplate":"https:\/\/presfab.ca\/fi\/?s={search_term_string}"},"query-input":{"@type":"PropertyValueSpecification","valueRequired":true,"valueName":"search_term_string"}}],"inLanguage":"fi"},{"@type":"Organization","@id":"https:\/\/presfab.ca\/fi\/#organization","name":"PRESFAB HIGHWAY","url":"https:\/\/presfab.ca\/fi\/","logo":{"@type":"ImageObject","inLanguage":"fi","@id":"https:\/\/presfab.ca\/fi\/#\/schema\/logo\/image\/","url":"https:\/\/presfab.ca\/wp-content\/uploads\/2025\/01\/Asset-1ZoomOut.png","contentUrl":"https:\/\/presfab.ca\/wp-content\/uploads\/2025\/01\/Asset-1ZoomOut.png","width":118,"height":46,"caption":"PRESFAB HIGHWAY"},"image":{"@id":"https:\/\/presfab.ca\/fi\/#\/schema\/logo\/image\/"},"sameAs":["https:\/\/www.facebook.com\/PresfabHighway","https:\/\/x.com\/PresfabHighway","https:\/\/www.linkedin.com\/company\/presfab-highway\/?viewAsMember=true"],"description":"Presfab Highway is a manufacturer of traffic safety products, and manhole and aquaduct grade riser rings. We make bases for Channelizer drums (TR& & TC54), Bases for RD-10 Delineator Posts, Temporary sign bases, speed bumps.","email":"sales@presfab.ca","telephone":"450-979-0007"}]}},"jetpack_sharing_enabled":true,"_links":{"self":[{"href":"https:\/\/presfab.ca\/fi\/wp-json\/wp\/v2\/pages\/3385","targetHints":{"allow":["GET"]}}],"collection":[{"href":"https:\/\/presfab.ca\/fi\/wp-json\/wp\/v2\/pages"}],"about":[{"href":"https:\/\/presfab.ca\/fi\/wp-json\/wp\/v2\/types\/page"}],"author":[{"embeddable":true,"href":"https:\/\/presfab.ca\/fi\/wp-json\/wp\/v2\/users\/2"}],"replies":[{"embeddable":true,"href":"https:\/\/presfab.ca\/fi\/wp-json\/wp\/v2\/comments?post=3385"}],"version-history":[{"count":8,"href":"https:\/\/presfab.ca\/fi\/wp-json\/wp\/v2\/pages\/3385\/revisions"}],"predecessor-version":[{"id":3668,"href":"https:\/\/presfab.ca\/fi\/wp-json\/wp\/v2\/pages\/3385\/revisions\/3668"}],"wp:attachment":[{"href":"https:\/\/presfab.ca\/fi\/wp-json\/wp\/v2\/media?parent=3385"}],"curies":[{"name":"wp","href":"https:\/\/api.w.org\/{rel}","templated":true}]}}