{"id":3386,"date":"2025-01-26T19:38:46","date_gmt":"2025-01-26T19:38:46","guid":{"rendered":"https:\/\/presfab.ca\/helppo-u-pohja-valiaikainen-kylttipohja-valiaikainen-kylttipohja\/"},"modified":"2025-02-09T01:47:44","modified_gmt":"2025-02-09T01:47:44","slug":"helppo-u-pohja-valiaikainen-kylttipohja-valiaikainen-kylttipohja","status":"publish","type":"page","link":"https:\/\/presfab.ca\/fi\/helppo-u-pohja-valiaikainen-kylttipohja-valiaikainen-kylttipohja\/","title":{"rendered":"Helppo U-pohja: V\u00e4liaikainen kylttipohja: V\u00e4liaikainen kylttipohja"},"content":{"rendered":"\t\t<div data-elementor-type=\"wp-page\" data-elementor-id=\"3386\" class=\"elementor elementor-3386 elementor-1606\" data-elementor-post-type=\"page\">\n\t\t\t\t<div class=\"elementor-element elementor-element-e6fd683 e-flex e-con-boxed e-con e-parent\" data-id=\"e6fd683\" data-element_type=\"container\" data-settings=\"{&quot;ekit_has_onepagescroll_dot&quot;:&quot;yes&quot;}\">\n\t\t\t\t\t<div class=\"e-con-inner\">\n\t\t<div class=\"elementor-element elementor-element-917371f e-con-full e-flex e-con e-child\" data-id=\"917371f\" data-element_type=\"container\" data-settings=\"{&quot;ekit_has_onepagescroll_dot&quot;:&quot;yes&quot;}\">\n\t\t<div class=\"elementor-element elementor-element-ead842f e-con-full e-flex e-con e-child\" data-id=\"ead842f\" data-element_type=\"container\" data-settings=\"{&quot;ekit_has_onepagescroll_dot&quot;:&quot;yes&quot;}\">\n\t\t\t\t<div class=\"elementor-element elementor-element-85e7caf elementor-widget elementor-widget-image\" data-id=\"85e7caf\" data-element_type=\"widget\" data-settings=\"{&quot;ekit_we_effect_on&quot;:&quot;none&quot;}\" data-widget_type=\"image.default\">\n\t\t\t\t<div class=\"elementor-widget-container\">\n\t\t\t\t\t\t\t\t\t\t\t\t\t\t\t<img fetchpriority=\"high\" decoding=\"async\" width=\"593\" height=\"297\" src=\"https:\/\/presfab.ca\/wp-content\/uploads\/2024\/10\/easyubase-1.png\" class=\"attachment-full size-full wp-image-797\" alt=\"Rubber Temporary Sign U Shaped Sign Base\" srcset=\"https:\/\/presfab.ca\/wp-content\/uploads\/2024\/10\/easyubase-1.png 593w, https:\/\/presfab.ca\/wp-content\/uploads\/2024\/10\/easyubase-1-300x150.png 300w\" sizes=\"(max-width: 593px) 100vw, 593px\" \/>\t\t\t\t\t\t\t\t\t\t\t\t\t\t\t<\/div>\n\t\t\t\t<\/div>\n\t\t\t\t<div class=\"elementor-element elementor-element-1ea6bf4 elementor-widget elementor-widget-text-editor\" data-id=\"1ea6bf4\" data-element_type=\"widget\" data-settings=\"{&quot;ekit_we_effect_on&quot;:&quot;none&quot;}\" data-widget_type=\"text-editor.default\">\n\t\t\t\t<div class=\"elementor-widget-container\">\n\t\t\t\t\t\t\t\t\t<p><strong>Helppo U-pohja: U-muotoinen kuminen tilap\u00e4inen rakennuskylttipohja: Kuminen tilap\u00e4inen U-muotoinen rakennuskylttipohja.<\/strong><\/p>\n<p>Kun on kyse <strong>tilap\u00e4isten liikennemerkkien<\/strong> pit\u00e4misest\u00e4 turvallisena ja vakaana, <strong>kuminen tilap\u00e4inen U-muotoinen rakennuskylttijalusta<\/strong> on ihanteellinen valinta. Se on suunniteltu kest\u00e4m\u00e4\u00e4n vaativia olosuhteita, ja se sopii t\u00e4ydellisesti <strong>rakennusty\u00f6maille<\/strong>, <strong>tien sulkemiseen<\/strong> ja <strong>tilap\u00e4iseen liikenteen hallintaan<\/strong>. <\/p>\n<p>T\u00e4m\u00e4 kest\u00e4v\u00e4 jalusta on valmistettu tarkasti, jotta kyltit pysyv\u00e4t mahdollisimman vakaina, mik\u00e4 takaa turvallisuuden ja tehokkuuden tien p\u00e4\u00e4ll\u00e4. T\u00e4m\u00e4 jalusta tarjoaa tarvitsemasi luotettavuuden ja mukavuuden riippumatta siit\u00e4, hallinnoitko laajamittaista rakennusty\u00f6maata vai lyhytaikaista tiehanketta. <\/p>\n<h3><strong>T\u00e4rkeimm\u00e4t ominaisuudet ja edut<\/strong><\/h3>\n<ul>\n<li><strong>Ymp\u00e4rist\u00f6yst\u00e4v\u00e4llinen materiaali:<\/strong> Valmistettu 100 % kierr\u00e4tetyst\u00e4 kumista, mik\u00e4 edist\u00e4\u00e4 kest\u00e4v\u00e4\u00e4 ymp\u00e4rist\u00f6\u00e4.<\/li>\n<li><strong>Ei yll\u00e4pitokustannuksia:<\/strong> Toisin kuin hiekkas\u00e4kit, se ei vaadi jatkuvaa hoitoa tai vaihtoa, mik\u00e4 s\u00e4\u00e4st\u00e4\u00e4 aikaa ja rahaa.<\/li>\n<li><strong>Matalaprofiilinen muotoilu:<\/strong> Sen tyylik\u00e4s muotoilu parantaa vakautta ja minimoi kaatumisriskit.<\/li>\n<li><strong>Pinoamiskelpoinen helppoon s\u00e4ilytykseen:<\/strong> K\u00e4tev\u00e4sti pinota useita alustoja, jotta voit s\u00e4\u00e4st\u00e4\u00e4 tilaa, kun niit\u00e4 ei k\u00e4ytet\u00e4.<\/li>\n<li><strong>Ajoneuvoyst\u00e4v\u00e4llinen rakenne:<\/strong> V\u00e4hent\u00e4\u00e4 vaurioitumisriski\u00e4, mik\u00e4 on hell\u00e4varaista alustan l\u00e4hell\u00e4 kulkeville ajoneuvoille.<\/li>\n<li><strong>Ergonominen k\u00e4sittely:<\/strong> Kolme sis\u00e4\u00e4nrakennettua kahvaa tekev\u00e4t kuljetuksesta ja asennuksesta helppoa ja tehokasta.<\/li>\n<li><strong>Rakennettu kest\u00e4m\u00e4\u00e4n:<\/strong>\n<ul>\n<li><strong>Iskunkest\u00e4v\u00e4<\/strong>: Kest\u00e4\u00e4 kovaa k\u00e4ytt\u00f6\u00e4 ja kovia olosuhteita.<\/li>\n<li><strong>S\u00e4\u00e4nkest\u00e4v\u00e4:<\/strong> Kest\u00e4\u00e4 UV-s\u00e4teit\u00e4, l\u00e4mp\u00f6tilan vaihteluita ja huonoa s\u00e4\u00e4t\u00e4.<\/li>\n<\/ul>\n<\/li>\n<li><strong>Esiporatut rei\u00e4t:<\/strong> Jos tarvitaan lis\u00e4ankkurointia.<\/li>\n<\/ul>\n<div> <\/div>\n<h3><strong>Saatavilla olevat koot<\/strong><\/h3>\n<p>Valitse sovellukseesi sopiva paino: <strong>30 lbs tai 50 lbs<\/strong>.<\/p>\n<hr>\n<h3><strong>Miten kuminen U-muotoinen pohja vertautuu?<\/strong><\/h3>\n<p><strong>Kuminen U-muotoinen rakennuskylttijalusta<\/strong> on perinteisi\u00e4 hiekkas\u00e4kkej\u00e4 ja muita v\u00e4liaikaisia ratkaisuja parempi kaikin tavoin. Sen kest\u00e4v\u00e4 muotoilu est\u00e4\u00e4 vaihtotarpeet, ja matalaprofiilinen pohja takaa paremman vakauden my\u00f6s tuulisissa olosuhteissa. Toisin kuin hiekkas\u00e4kit, se ei hajaannu tai hajoa ajan my\u00f6t\u00e4, joten se on kustannustehokas ja ymp\u00e4rist\u00f6yst\u00e4v\u00e4llinen vaihtoehto.  <\/p>\n<p>Jos etsit asennusohjeita tai vinkkej\u00e4 oikean tilap\u00e4isen merkin valintaan, katso asiantuntijoiden suositukset <a href=\"https:\/\/www.fhwa.dot.gov\/\" target=\"_new\" rel=\"noopener\">FHWA:n tilap\u00e4isen liikenteenohjauksen ohjeista<\/a>. Niiden avulla voidaan varmistaa vaatimustenmukaisuus ja turvallisuus kaikissa tiehankkeissa. <\/p>\n<h3><strong>Kumisen U-muotoisen pohjan k\u00e4ytt\u00f6kohteet<\/strong><\/h3>\n<ul>\n<li>V\u00e4liaikaiset ty\u00f6maamerkit maanteit\u00e4 ja katuja varten.<\/li>\n<li>Kiertotie- ja tiesulkumerkit.<\/li>\n<li>Tapahtumien ja tiety\u00f6alueiden turvamerkinn\u00e4t.<\/li>\n<\/ul>\n<hr>\n<p>P\u00e4ivit\u00e4 liikenneturvallisuusj\u00e4rjestelyj\u00e4si jo t\u00e4n\u00e4\u00e4n luotettavalla ja kest\u00e4v\u00e4ll\u00e4 <strong>kumilla<\/strong> varustetulla <strong>v\u00e4liaikaisella U-muotoisella rakennuskyltin alustalla<\/strong>. T\u00e4h\u00e4n ratkaisuun voit luottaa, sill\u00e4 se takaa vakauden, turvallisuuden ja helppok\u00e4ytt\u00f6isyyden kaikissa tilap\u00e4isiss\u00e4 opastetarpeissasi. <\/p>\n\t\t\t\t\t\t\t\t<\/div>\n\t\t\t\t<\/div>\n\t\t\t\t<\/div>\n\t\t<div class=\"elementor-element elementor-element-17573cd e-con-full e-flex e-con e-child\" data-id=\"17573cd\" data-element_type=\"container\" data-settings=\"{&quot;ekit_has_onepagescroll_dot&quot;:&quot;yes&quot;}\">\n\t\t\t\t<div class=\"elementor-element elementor-element-6a7e963 elementor-align-justify elementor-widget elementor-widget-button\" data-id=\"6a7e963\" data-element_type=\"widget\" data-settings=\"{&quot;ekit_we_effect_on&quot;:&quot;none&quot;}\" data-widget_type=\"button.default\">\n\t\t\t\t<div class=\"elementor-widget-container\">\n\t\t\t\t\t\t\t\t\t<div class=\"elementor-button-wrapper\">\n\t\t\t\t\t<a class=\"elementor-button elementor-button-link elementor-size-sm\" href=\"https:\/\/presfab.ca\/wp-content\/uploads\/2024\/10\/EasyUBase.pdf\">\n\t\t\t\t\t\t<span class=\"elementor-button-content-wrapper\">\n\t\t\t\t\t\t\t\t\t<span class=\"elementor-button-text\">Tulosta esitteemme<\/span>\n\t\t\t\t\t<\/span>\n\t\t\t\t\t<\/a>\n\t\t\t\t<\/div>\n\t\t\t\t\t\t\t\t<\/div>\n\t\t\t\t<\/div>\n\t\t\t\t<div class=\"elementor-element elementor-element-b3ff4c2 elementor-align-justify elementor-widget elementor-widget-button\" data-id=\"b3ff4c2\" data-element_type=\"widget\" data-settings=\"{&quot;ekit_we_effect_on&quot;:&quot;none&quot;}\" data-widget_type=\"button.default\">\n\t\t\t\t<div class=\"elementor-widget-container\">\n\t\t\t\t\t\t\t\t\t<div class=\"elementor-button-wrapper\">\n\t\t\t\t\t<a class=\"elementor-button elementor-button-link elementor-size-sm\" href=\"https:\/\/presfab.ca\/fi\/ota-yhteytta\/\">\n\t\t\t\t\t\t<span class=\"elementor-button-content-wrapper\">\n\t\t\t\t\t\t\t\t\t<span class=\"elementor-button-text\">Pyyd\u00e4 tarjous<\/span>\n\t\t\t\t\t<\/span>\n\t\t\t\t\t<\/a>\n\t\t\t\t<\/div>\n\t\t\t\t\t\t\t\t<\/div>\n\t\t\t\t<\/div>\n\t\t\t\t<\/div>\n\t\t\t\t<\/div>\n\t\t\t\t\t<\/div>\n\t\t\t\t<\/div>\n\t\t\t\t<\/div>\n\t\t","protected":false},"excerpt":{"rendered":"<p>Helppo U-pohja: U-muotoinen kuminen tilap\u00e4inen rakennuskylttipohja: Kuminen tilap\u00e4inen U-muotoinen rakennuskylttipohja. Kun on kyse tilap\u00e4isten liikennemerkkien pit\u00e4misest\u00e4 turvallisena ja vakaana, kuminen tilap\u00e4inen U-muotoinen rakennuskylttijalusta on ihanteellinen valinta. Se on suunniteltu kest\u00e4m\u00e4\u00e4n vaativia olosuhteita, ja se sopii t\u00e4ydellisesti rakennusty\u00f6maille, tien sulkemiseen ja tilap\u00e4iseen liikenteen hallintaan. T\u00e4m\u00e4 kest\u00e4v\u00e4 jalusta on valmistettu tarkasti, jotta kyltit pysyv\u00e4t mahdollisimman vakaina, mik\u00e4 [&hellip;]<\/p>\n","protected":false},"author":2,"featured_media":0,"parent":0,"menu_order":0,"comment_status":"closed","ping_status":"closed","template":"","meta":{"content-type":"","footnotes":""},"class_list":["post-3386","page","type-page","status-publish","hentry"],"yoast_head":"<!-- This site is optimized with the Yoast SEO Premium plugin v24.3 (Yoast SEO v24.3) - https:\/\/yoast.com\/wordpress\/plugins\/seo\/ -->\n<title>Kumiset tilap\u00e4iset liikennemerkkien alustat - PRESFAB HIGHWAY<\/title>\n<meta name=\"description\" content=\"Helppo U-pohja: Kest\u00e4v\u00e4 ja ymp\u00e4rist\u00f6yst\u00e4v\u00e4llinen kuminen tilap\u00e4inen U-muotoinen rakennusmerkkipohja. T\u00e4ydellinen v\u00e4liaikaisiin liikennemerkkeihin, se tarjoaa erinomaisen vakauden, iskunkest\u00e4vyyden ja s\u00e4\u00e4nkest\u00e4vyyden. Saatavana 30 lbs ja 50 lbs. Ota nyt yhteytt\u00e4 meihin kest\u00e4vien liikenteenhallintatuotteiden osalta!\" \/>\n<meta name=\"robots\" content=\"index, follow, max-snippet:-1, max-image-preview:large, max-video-preview:-1\" \/>\n<link rel=\"canonical\" href=\"https:\/\/presfab.ca\/fi\/helppo-u-pohja-valiaikainen-kylttipohja-valiaikainen-kylttipohja\/\" \/>\n<meta property=\"og:locale\" content=\"fi_FI\" \/>\n<meta property=\"og:type\" content=\"article\" \/>\n<meta property=\"og:title\" content=\"Helppo U-pohja: V\u00e4liaikainen kylttipohja: V\u00e4liaikainen kylttipohja\" \/>\n<meta property=\"og:description\" content=\"Helppo U-pohja: Kest\u00e4v\u00e4 ja ymp\u00e4rist\u00f6yst\u00e4v\u00e4llinen kuminen tilap\u00e4inen U-muotoinen rakennusmerkkipohja. T\u00e4ydellinen v\u00e4liaikaisiin liikennemerkkeihin, se tarjoaa erinomaisen vakauden, iskunkest\u00e4vyyden ja s\u00e4\u00e4nkest\u00e4vyyden. Saatavana 30 lbs ja 50 lbs. Ota nyt yhteytt\u00e4 meihin kest\u00e4vien liikenteenhallintatuotteiden osalta!\" \/>\n<meta property=\"og:url\" content=\"https:\/\/presfab.ca\/fi\/helppo-u-pohja-valiaikainen-kylttipohja-valiaikainen-kylttipohja\/\" \/>\n<meta property=\"og:site_name\" content=\"PRESFAB HIGHWAY\" \/>\n<meta property=\"article:publisher\" content=\"https:\/\/www.facebook.com\/PresfabHighway\" \/>\n<meta property=\"article:modified_time\" content=\"2025-02-09T01:47:44+00:00\" \/>\n<meta property=\"og:image\" content=\"https:\/\/presfab.ca\/wp-content\/uploads\/2024\/10\/easyubase-1.png\" \/>\n\t<meta property=\"og:image:width\" content=\"593\" \/>\n\t<meta property=\"og:image:height\" content=\"297\" \/>\n\t<meta property=\"og:image:type\" content=\"image\/png\" \/>\n<meta name=\"twitter:card\" content=\"summary_large_image\" \/>\n<meta name=\"twitter:site\" content=\"@PresfabHighway\" \/>\n<meta name=\"twitter:label1\" content=\"Arvioitu lukuaika\" \/>\n\t<meta name=\"twitter:data1\" content=\"2 minuuttia\" \/>\n<script type=\"application\/ld+json\" class=\"yoast-schema-graph\">{\"@context\":\"https:\/\/schema.org\",\"@graph\":[{\"@type\":\"WebPage\",\"@id\":\"https:\/\/presfab.ca\/fi\/helppo-u-pohja-valiaikainen-kylttipohja-valiaikainen-kylttipohja\/\",\"url\":\"https:\/\/presfab.ca\/fi\/helppo-u-pohja-valiaikainen-kylttipohja-valiaikainen-kylttipohja\/\",\"name\":\"Kumiset tilap\u00e4iset liikennemerkkien alustat - PRESFAB HIGHWAY\",\"isPartOf\":{\"@id\":\"https:\/\/presfab.ca\/fi\/#website\"},\"primaryImageOfPage\":{\"@id\":\"https:\/\/presfab.ca\/fi\/helppo-u-pohja-valiaikainen-kylttipohja-valiaikainen-kylttipohja\/#primaryimage\"},\"image\":{\"@id\":\"https:\/\/presfab.ca\/fi\/helppo-u-pohja-valiaikainen-kylttipohja-valiaikainen-kylttipohja\/#primaryimage\"},\"thumbnailUrl\":\"https:\/\/presfab.ca\/wp-content\/uploads\/2024\/10\/easyubase-1.png\",\"datePublished\":\"2025-01-26T19:38:46+00:00\",\"dateModified\":\"2025-02-09T01:47:44+00:00\",\"description\":\"Helppo U-pohja: Kest\u00e4v\u00e4 ja ymp\u00e4rist\u00f6yst\u00e4v\u00e4llinen kuminen tilap\u00e4inen U-muotoinen rakennusmerkkipohja. T\u00e4ydellinen v\u00e4liaikaisiin liikennemerkkeihin, se tarjoaa erinomaisen vakauden, iskunkest\u00e4vyyden ja s\u00e4\u00e4nkest\u00e4vyyden. Saatavana 30 lbs ja 50 lbs. Ota nyt yhteytt\u00e4 meihin kest\u00e4vien liikenteenhallintatuotteiden osalta!\",\"breadcrumb\":{\"@id\":\"https:\/\/presfab.ca\/fi\/helppo-u-pohja-valiaikainen-kylttipohja-valiaikainen-kylttipohja\/#breadcrumb\"},\"inLanguage\":\"fi\",\"potentialAction\":[{\"@type\":\"ReadAction\",\"target\":[\"https:\/\/presfab.ca\/fi\/helppo-u-pohja-valiaikainen-kylttipohja-valiaikainen-kylttipohja\/\"]}]},{\"@type\":\"ImageObject\",\"inLanguage\":\"fi\",\"@id\":\"https:\/\/presfab.ca\/fi\/helppo-u-pohja-valiaikainen-kylttipohja-valiaikainen-kylttipohja\/#primaryimage\",\"url\":\"https:\/\/presfab.ca\/wp-content\/uploads\/2024\/10\/easyubase-1.png\",\"contentUrl\":\"https:\/\/presfab.ca\/wp-content\/uploads\/2024\/10\/easyubase-1.png\"},{\"@type\":\"BreadcrumbList\",\"@id\":\"https:\/\/presfab.ca\/fi\/helppo-u-pohja-valiaikainen-kylttipohja-valiaikainen-kylttipohja\/#breadcrumb\",\"itemListElement\":[{\"@type\":\"ListItem\",\"position\":1,\"name\":\"Home\",\"item\":\"https:\/\/presfab.ca\/fi\/\"},{\"@type\":\"ListItem\",\"position\":2,\"name\":\"Helppo U-pohja: V\u00e4liaikainen kylttipohja: V\u00e4liaikainen kylttipohja\"}]},{\"@type\":\"WebSite\",\"@id\":\"https:\/\/presfab.ca\/fi\/#website\",\"url\":\"https:\/\/presfab.ca\/fi\/\",\"name\":\"PRESFAB HIGHWAY\",\"description\":\"Manhole Riser Rings, Delineator Bases, Channelizer Bases, Sign bases and more!\",\"publisher\":{\"@id\":\"https:\/\/presfab.ca\/fi\/#organization\"},\"potentialAction\":[{\"@type\":\"SearchAction\",\"target\":{\"@type\":\"EntryPoint\",\"urlTemplate\":\"https:\/\/presfab.ca\/fi\/?s={search_term_string}\"},\"query-input\":{\"@type\":\"PropertyValueSpecification\",\"valueRequired\":true,\"valueName\":\"search_term_string\"}}],\"inLanguage\":\"fi\"},{\"@type\":\"Organization\",\"@id\":\"https:\/\/presfab.ca\/fi\/#organization\",\"name\":\"PRESFAB HIGHWAY\",\"url\":\"https:\/\/presfab.ca\/fi\/\",\"logo\":{\"@type\":\"ImageObject\",\"inLanguage\":\"fi\",\"@id\":\"https:\/\/presfab.ca\/fi\/#\/schema\/logo\/image\/\",\"url\":\"https:\/\/presfab.ca\/wp-content\/uploads\/2025\/01\/Asset-1ZoomOut.png\",\"contentUrl\":\"https:\/\/presfab.ca\/wp-content\/uploads\/2025\/01\/Asset-1ZoomOut.png\",\"width\":118,\"height\":46,\"caption\":\"PRESFAB HIGHWAY\"},\"image\":{\"@id\":\"https:\/\/presfab.ca\/fi\/#\/schema\/logo\/image\/\"},\"sameAs\":[\"https:\/\/www.facebook.com\/PresfabHighway\",\"https:\/\/x.com\/PresfabHighway\",\"https:\/\/www.linkedin.com\/company\/presfab-highway\/?viewAsMember=true\"],\"description\":\"Presfab Highway is a manufacturer of traffic safety products, and manhole and aquaduct grade riser rings. We make bases for Channelizer drums (TR& & TC54), Bases for RD-10 Delineator Posts, Temporary sign bases, speed bumps.\",\"email\":\"sales@presfab.ca\",\"telephone\":\"450-979-0007\"}]}<\/script>\n<!-- \/ Yoast SEO Premium plugin. -->","yoast_head_json":{"title":"Kumiset tilap\u00e4iset liikennemerkkien alustat - PRESFAB HIGHWAY","description":"Helppo U-pohja: Kest\u00e4v\u00e4 ja ymp\u00e4rist\u00f6yst\u00e4v\u00e4llinen kuminen tilap\u00e4inen U-muotoinen rakennusmerkkipohja. T\u00e4ydellinen v\u00e4liaikaisiin liikennemerkkeihin, se tarjoaa erinomaisen vakauden, iskunkest\u00e4vyyden ja s\u00e4\u00e4nkest\u00e4vyyden. Saatavana 30 lbs ja 50 lbs. Ota nyt yhteytt\u00e4 meihin kest\u00e4vien liikenteenhallintatuotteiden osalta!","robots":{"index":"index","follow":"follow","max-snippet":"max-snippet:-1","max-image-preview":"max-image-preview:large","max-video-preview":"max-video-preview:-1"},"canonical":"https:\/\/presfab.ca\/fi\/helppo-u-pohja-valiaikainen-kylttipohja-valiaikainen-kylttipohja\/","og_locale":"fi_FI","og_type":"article","og_title":"Helppo U-pohja: V\u00e4liaikainen kylttipohja: V\u00e4liaikainen kylttipohja","og_description":"Helppo U-pohja: Kest\u00e4v\u00e4 ja ymp\u00e4rist\u00f6yst\u00e4v\u00e4llinen kuminen tilap\u00e4inen U-muotoinen rakennusmerkkipohja. T\u00e4ydellinen v\u00e4liaikaisiin liikennemerkkeihin, se tarjoaa erinomaisen vakauden, iskunkest\u00e4vyyden ja s\u00e4\u00e4nkest\u00e4vyyden. Saatavana 30 lbs ja 50 lbs. Ota nyt yhteytt\u00e4 meihin kest\u00e4vien liikenteenhallintatuotteiden osalta!","og_url":"https:\/\/presfab.ca\/fi\/helppo-u-pohja-valiaikainen-kylttipohja-valiaikainen-kylttipohja\/","og_site_name":"PRESFAB HIGHWAY","article_publisher":"https:\/\/www.facebook.com\/PresfabHighway","article_modified_time":"2025-02-09T01:47:44+00:00","og_image":[{"width":593,"height":297,"url":"https:\/\/presfab.ca\/wp-content\/uploads\/2024\/10\/easyubase-1.png","type":"image\/png"}],"twitter_card":"summary_large_image","twitter_site":"@PresfabHighway","twitter_misc":{"Arvioitu lukuaika":"2 minuuttia"},"schema":{"@context":"https:\/\/schema.org","@graph":[{"@type":"WebPage","@id":"https:\/\/presfab.ca\/fi\/helppo-u-pohja-valiaikainen-kylttipohja-valiaikainen-kylttipohja\/","url":"https:\/\/presfab.ca\/fi\/helppo-u-pohja-valiaikainen-kylttipohja-valiaikainen-kylttipohja\/","name":"Kumiset tilap\u00e4iset liikennemerkkien alustat - PRESFAB HIGHWAY","isPartOf":{"@id":"https:\/\/presfab.ca\/fi\/#website"},"primaryImageOfPage":{"@id":"https:\/\/presfab.ca\/fi\/helppo-u-pohja-valiaikainen-kylttipohja-valiaikainen-kylttipohja\/#primaryimage"},"image":{"@id":"https:\/\/presfab.ca\/fi\/helppo-u-pohja-valiaikainen-kylttipohja-valiaikainen-kylttipohja\/#primaryimage"},"thumbnailUrl":"https:\/\/presfab.ca\/wp-content\/uploads\/2024\/10\/easyubase-1.png","datePublished":"2025-01-26T19:38:46+00:00","dateModified":"2025-02-09T01:47:44+00:00","description":"Helppo U-pohja: Kest\u00e4v\u00e4 ja ymp\u00e4rist\u00f6yst\u00e4v\u00e4llinen kuminen tilap\u00e4inen U-muotoinen rakennusmerkkipohja. T\u00e4ydellinen v\u00e4liaikaisiin liikennemerkkeihin, se tarjoaa erinomaisen vakauden, iskunkest\u00e4vyyden ja s\u00e4\u00e4nkest\u00e4vyyden. Saatavana 30 lbs ja 50 lbs. Ota nyt yhteytt\u00e4 meihin kest\u00e4vien liikenteenhallintatuotteiden osalta!","breadcrumb":{"@id":"https:\/\/presfab.ca\/fi\/helppo-u-pohja-valiaikainen-kylttipohja-valiaikainen-kylttipohja\/#breadcrumb"},"inLanguage":"fi","potentialAction":[{"@type":"ReadAction","target":["https:\/\/presfab.ca\/fi\/helppo-u-pohja-valiaikainen-kylttipohja-valiaikainen-kylttipohja\/"]}]},{"@type":"ImageObject","inLanguage":"fi","@id":"https:\/\/presfab.ca\/fi\/helppo-u-pohja-valiaikainen-kylttipohja-valiaikainen-kylttipohja\/#primaryimage","url":"https:\/\/presfab.ca\/wp-content\/uploads\/2024\/10\/easyubase-1.png","contentUrl":"https:\/\/presfab.ca\/wp-content\/uploads\/2024\/10\/easyubase-1.png"},{"@type":"BreadcrumbList","@id":"https:\/\/presfab.ca\/fi\/helppo-u-pohja-valiaikainen-kylttipohja-valiaikainen-kylttipohja\/#breadcrumb","itemListElement":[{"@type":"ListItem","position":1,"name":"Home","item":"https:\/\/presfab.ca\/fi\/"},{"@type":"ListItem","position":2,"name":"Helppo U-pohja: V\u00e4liaikainen kylttipohja: V\u00e4liaikainen kylttipohja"}]},{"@type":"WebSite","@id":"https:\/\/presfab.ca\/fi\/#website","url":"https:\/\/presfab.ca\/fi\/","name":"PRESFAB HIGHWAY","description":"Manhole Riser Rings, Delineator Bases, Channelizer Bases, Sign bases and more!","publisher":{"@id":"https:\/\/presfab.ca\/fi\/#organization"},"potentialAction":[{"@type":"SearchAction","target":{"@type":"EntryPoint","urlTemplate":"https:\/\/presfab.ca\/fi\/?s={search_term_string}"},"query-input":{"@type":"PropertyValueSpecification","valueRequired":true,"valueName":"search_term_string"}}],"inLanguage":"fi"},{"@type":"Organization","@id":"https:\/\/presfab.ca\/fi\/#organization","name":"PRESFAB HIGHWAY","url":"https:\/\/presfab.ca\/fi\/","logo":{"@type":"ImageObject","inLanguage":"fi","@id":"https:\/\/presfab.ca\/fi\/#\/schema\/logo\/image\/","url":"https:\/\/presfab.ca\/wp-content\/uploads\/2025\/01\/Asset-1ZoomOut.png","contentUrl":"https:\/\/presfab.ca\/wp-content\/uploads\/2025\/01\/Asset-1ZoomOut.png","width":118,"height":46,"caption":"PRESFAB HIGHWAY"},"image":{"@id":"https:\/\/presfab.ca\/fi\/#\/schema\/logo\/image\/"},"sameAs":["https:\/\/www.facebook.com\/PresfabHighway","https:\/\/x.com\/PresfabHighway","https:\/\/www.linkedin.com\/company\/presfab-highway\/?viewAsMember=true"],"description":"Presfab Highway is a manufacturer of traffic safety products, and manhole and aquaduct grade riser rings. We make bases for Channelizer drums (TR& & TC54), Bases for RD-10 Delineator Posts, Temporary sign bases, speed bumps.","email":"sales@presfab.ca","telephone":"450-979-0007"}]}},"jetpack_sharing_enabled":true,"_links":{"self":[{"href":"https:\/\/presfab.ca\/fi\/wp-json\/wp\/v2\/pages\/3386","targetHints":{"allow":["GET"]}}],"collection":[{"href":"https:\/\/presfab.ca\/fi\/wp-json\/wp\/v2\/pages"}],"about":[{"href":"https:\/\/presfab.ca\/fi\/wp-json\/wp\/v2\/types\/page"}],"author":[{"embeddable":true,"href":"https:\/\/presfab.ca\/fi\/wp-json\/wp\/v2\/users\/2"}],"replies":[{"embeddable":true,"href":"https:\/\/presfab.ca\/fi\/wp-json\/wp\/v2\/comments?post=3386"}],"version-history":[{"count":1,"href":"https:\/\/presfab.ca\/fi\/wp-json\/wp\/v2\/pages\/3386\/revisions"}],"predecessor-version":[{"id":3389,"href":"https:\/\/presfab.ca\/fi\/wp-json\/wp\/v2\/pages\/3386\/revisions\/3389"}],"wp:attachment":[{"href":"https:\/\/presfab.ca\/fi\/wp-json\/wp\/v2\/media?parent=3386"}],"curies":[{"name":"wp","href":"https:\/\/api.w.org\/{rel}","templated":true}]}}