{"id":3406,"date":"2025-01-26T19:22:22","date_gmt":"2025-01-26T19:22:22","guid":{"rendered":"https:\/\/presfab.ca\/kuminen-nopeus-puskuri\/"},"modified":"2025-02-09T01:47:50","modified_gmt":"2025-02-09T01:47:50","slug":"kuminen-nopeus-puskuri","status":"publish","type":"page","link":"https:\/\/presfab.ca\/fi\/kuminen-nopeus-puskuri\/","title":{"rendered":"Kuminen nopeus puskuri"},"content":{"rendered":"\t\t<div data-elementor-type=\"wp-page\" data-elementor-id=\"3406\" class=\"elementor elementor-3406 elementor-1593\" data-elementor-post-type=\"page\">\n\t\t\t\t<div class=\"elementor-element elementor-element-c9c5bf1 e-flex e-con-boxed e-con e-parent\" data-id=\"c9c5bf1\" data-element_type=\"container\" data-settings=\"{&quot;ekit_has_onepagescroll_dot&quot;:&quot;yes&quot;}\">\n\t\t\t\t\t<div class=\"e-con-inner\">\n\t\t<div class=\"elementor-element elementor-element-755b322 e-con-full e-flex e-con e-child\" data-id=\"755b322\" data-element_type=\"container\" data-settings=\"{&quot;ekit_has_onepagescroll_dot&quot;:&quot;yes&quot;}\">\n\t\t<div class=\"elementor-element elementor-element-37fcb94 e-con-full e-flex e-con e-child\" data-id=\"37fcb94\" data-element_type=\"container\" data-settings=\"{&quot;ekit_has_onepagescroll_dot&quot;:&quot;yes&quot;}\">\n\t\t\t\t<div class=\"elementor-element elementor-element-a8b75d4 elementor-widget elementor-widget-image\" data-id=\"a8b75d4\" data-element_type=\"widget\" data-settings=\"{&quot;ekit_we_effect_on&quot;:&quot;none&quot;}\" data-widget_type=\"image.default\">\n\t\t\t\t<div class=\"elementor-widget-container\">\n\t\t\t\t\t\t\t\t\t\t\t\t\t\t\t<img fetchpriority=\"high\" decoding=\"async\" width=\"593\" height=\"297\" src=\"https:\/\/presfab.ca\/wp-content\/uploads\/2024\/10\/speedbump.png\" class=\"attachment-full size-full wp-image-790\" alt=\"\" srcset=\"https:\/\/presfab.ca\/wp-content\/uploads\/2024\/10\/speedbump.png 593w, https:\/\/presfab.ca\/wp-content\/uploads\/2024\/10\/speedbump-300x150.png 300w\" sizes=\"(max-width: 593px) 100vw, 593px\" \/>\t\t\t\t\t\t\t\t\t\t\t\t\t\t\t<\/div>\n\t\t\t\t<\/div>\n\t\t\t\t<div class=\"elementor-element elementor-element-564427b elementor-widget elementor-widget-text-editor\" data-id=\"564427b\" data-element_type=\"widget\" data-settings=\"{&quot;ekit_we_effect_on&quot;:&quot;none&quot;}\" data-widget_type=\"text-editor.default\">\n\t\t\t\t<div class=\"elementor-widget-container\">\n\t\t\t\t\t\t\t\t\t<h5><strong>OMINAISUUDET JA EDUT<\/strong><\/h5>\n<ul>\n<li>Valmistettu 100 % kierr\u00e4tetyst\u00e4 kumista<\/li>\n<li>Kest\u00e4\u00e4 kaikenlaista s\u00e4\u00e4t\u00e4<\/li>\n<li>Kest\u00e4\u00e4 UV-s\u00e4teit\u00e4<\/li>\n<li>Kest\u00e4\u00e4 kosteutta ja \u00f6ljy\u00e4.<\/li>\n<li>Kest\u00e4\u00e4 \u00e4\u00e4rimm\u00e4isi\u00e4 l\u00e4mp\u00f6tilavaihteluita.<\/li>\n<li>Yksi henkil\u00f6 voi asentaa alle 10 minuutissa.<\/li>\n<li>Kest\u00e4v\u00e4<\/li>\n<li>Huoltovapaa<\/li>\n<li>Joustava, mahdollistaa pinnan ep\u00e4tasaisuuksien mukauttamisen.<\/li>\n<li>Valmistettu 2 kanavoidulla kanavalla, jotka mahdollistavat kaapelin, putkien ja johtojen asennuksen alapuolelle.<\/li>\n<li>Ihanteellinen asuin-, koulu- ja puistoalueille sek\u00e4 pys\u00e4k\u00f6intialueille, hotellien pys\u00e4k\u00f6intialueille, ostoskeskuksiin ja muihin.<\/li>\n<\/ul>\n\t\t\t\t\t\t\t\t<\/div>\n\t\t\t\t<\/div>\n\t\t\t\t<\/div>\n\t\t<div class=\"elementor-element elementor-element-64f5053 e-con-full e-flex e-con e-child\" data-id=\"64f5053\" data-element_type=\"container\" data-settings=\"{&quot;ekit_has_onepagescroll_dot&quot;:&quot;yes&quot;}\">\n\t\t\t\t<div class=\"elementor-element elementor-element-e82a4fb elementor-align-justify elementor-widget elementor-widget-button\" data-id=\"e82a4fb\" data-element_type=\"widget\" data-settings=\"{&quot;ekit_we_effect_on&quot;:&quot;none&quot;}\" data-widget_type=\"button.default\">\n\t\t\t\t<div class=\"elementor-widget-container\">\n\t\t\t\t\t\t\t\t\t<div class=\"elementor-button-wrapper\">\n\t\t\t\t\t<a class=\"elementor-button elementor-button-link elementor-size-sm\" href=\"https:\/\/presfab.ca\/fi\/ota-yhteytta\/\">\n\t\t\t\t\t\t<span class=\"elementor-button-content-wrapper\">\n\t\t\t\t\t\t\t\t\t<span class=\"elementor-button-text\">Pyyd\u00e4 tarjous<\/span>\n\t\t\t\t\t<\/span>\n\t\t\t\t\t<\/a>\n\t\t\t\t<\/div>\n\t\t\t\t\t\t\t\t<\/div>\n\t\t\t\t<\/div>\n\t\t\t\t<\/div>\n\t\t\t\t<\/div>\n\t\t\t\t\t<\/div>\n\t\t\t\t<\/div>\n\t\t\t\t<\/div>\n\t\t","protected":false},"excerpt":{"rendered":"<p>OMINAISUUDET JA EDUT Valmistettu 100 % kierr\u00e4tetyst\u00e4 kumista Kest\u00e4\u00e4 kaikenlaista s\u00e4\u00e4t\u00e4 Kest\u00e4\u00e4 UV-s\u00e4teit\u00e4 Kest\u00e4\u00e4 kosteutta ja \u00f6ljy\u00e4. Kest\u00e4\u00e4 \u00e4\u00e4rimm\u00e4isi\u00e4 l\u00e4mp\u00f6tilavaihteluita. Yksi henkil\u00f6 voi asentaa alle 10 minuutissa. Kest\u00e4v\u00e4 Huoltovapaa Joustava, mahdollistaa pinnan ep\u00e4tasaisuuksien mukauttamisen. Valmistettu 2 kanavoidulla kanavalla, jotka mahdollistavat kaapelin, putkien ja johtojen asennuksen alapuolelle. Ihanteellinen asuin-, koulu- ja puistoalueille sek\u00e4 pys\u00e4k\u00f6intialueille, hotellien pys\u00e4k\u00f6intialueille, [&hellip;]<\/p>\n","protected":false},"author":2,"featured_media":0,"parent":0,"menu_order":0,"comment_status":"closed","ping_status":"closed","template":"","meta":{"content-type":"","footnotes":""},"class_list":["post-3406","page","type-page","status-publish","hentry"],"yoast_head":"<!-- This site is optimized with the Yoast SEO Premium plugin v24.3 (Yoast SEO v24.3) - https:\/\/yoast.com\/wordpress\/plugins\/seo\/ -->\n<title>Kuminen nopeus puskuri - PRESFAB HIGHWAY<\/title>\n<meta name=\"robots\" content=\"index, follow, max-snippet:-1, max-image-preview:large, max-video-preview:-1\" \/>\n<link rel=\"canonical\" href=\"https:\/\/presfab.ca\/fi\/kuminen-nopeus-puskuri\/\" \/>\n<meta property=\"og:locale\" content=\"fi_FI\" \/>\n<meta property=\"og:type\" content=\"article\" \/>\n<meta property=\"og:title\" content=\"Kuminen nopeus puskuri\" \/>\n<meta property=\"og:description\" content=\"OMINAISUUDET JA EDUT Valmistettu 100 % kierr\u00e4tetyst\u00e4 kumista Kest\u00e4\u00e4 kaikenlaista s\u00e4\u00e4t\u00e4 Kest\u00e4\u00e4 UV-s\u00e4teit\u00e4 Kest\u00e4\u00e4 kosteutta ja \u00f6ljy\u00e4. Kest\u00e4\u00e4 \u00e4\u00e4rimm\u00e4isi\u00e4 l\u00e4mp\u00f6tilavaihteluita. Yksi henkil\u00f6 voi asentaa alle 10 minuutissa. Kest\u00e4v\u00e4 Huoltovapaa Joustava, mahdollistaa pinnan ep\u00e4tasaisuuksien mukauttamisen. Valmistettu 2 kanavoidulla kanavalla, jotka mahdollistavat kaapelin, putkien ja johtojen asennuksen alapuolelle. Ihanteellinen asuin-, koulu- ja puistoalueille sek\u00e4 pys\u00e4k\u00f6intialueille, hotellien pys\u00e4k\u00f6intialueille, [&hellip;]\" \/>\n<meta property=\"og:url\" content=\"https:\/\/presfab.ca\/fi\/kuminen-nopeus-puskuri\/\" \/>\n<meta property=\"og:site_name\" content=\"PRESFAB HIGHWAY\" \/>\n<meta property=\"article:publisher\" content=\"https:\/\/www.facebook.com\/PresfabHighway\" \/>\n<meta property=\"article:modified_time\" content=\"2025-02-09T01:47:50+00:00\" \/>\n<meta property=\"og:image\" content=\"https:\/\/presfab.ca\/wp-content\/uploads\/2024\/10\/speedbump.png\" \/>\n\t<meta property=\"og:image:width\" content=\"593\" \/>\n\t<meta property=\"og:image:height\" content=\"297\" \/>\n\t<meta property=\"og:image:type\" content=\"image\/png\" \/>\n<meta name=\"twitter:card\" content=\"summary_large_image\" \/>\n<meta name=\"twitter:site\" content=\"@PresfabHighway\" \/>\n<script type=\"application\/ld+json\" class=\"yoast-schema-graph\">{\"@context\":\"https:\/\/schema.org\",\"@graph\":[{\"@type\":\"WebPage\",\"@id\":\"https:\/\/presfab.ca\/fi\/kuminen-nopeus-puskuri\/\",\"url\":\"https:\/\/presfab.ca\/fi\/kuminen-nopeus-puskuri\/\",\"name\":\"Kuminen nopeus puskuri - PRESFAB HIGHWAY\",\"isPartOf\":{\"@id\":\"https:\/\/presfab.ca\/fi\/#website\"},\"primaryImageOfPage\":{\"@id\":\"https:\/\/presfab.ca\/fi\/kuminen-nopeus-puskuri\/#primaryimage\"},\"image\":{\"@id\":\"https:\/\/presfab.ca\/fi\/kuminen-nopeus-puskuri\/#primaryimage\"},\"thumbnailUrl\":\"https:\/\/presfab.ca\/wp-content\/uploads\/2024\/10\/speedbump.png\",\"datePublished\":\"2025-01-26T19:22:22+00:00\",\"dateModified\":\"2025-02-09T01:47:50+00:00\",\"breadcrumb\":{\"@id\":\"https:\/\/presfab.ca\/fi\/kuminen-nopeus-puskuri\/#breadcrumb\"},\"inLanguage\":\"fi\",\"potentialAction\":[{\"@type\":\"ReadAction\",\"target\":[\"https:\/\/presfab.ca\/fi\/kuminen-nopeus-puskuri\/\"]}]},{\"@type\":\"ImageObject\",\"inLanguage\":\"fi\",\"@id\":\"https:\/\/presfab.ca\/fi\/kuminen-nopeus-puskuri\/#primaryimage\",\"url\":\"https:\/\/presfab.ca\/wp-content\/uploads\/2024\/10\/speedbump.png\",\"contentUrl\":\"https:\/\/presfab.ca\/wp-content\/uploads\/2024\/10\/speedbump.png\"},{\"@type\":\"BreadcrumbList\",\"@id\":\"https:\/\/presfab.ca\/fi\/kuminen-nopeus-puskuri\/#breadcrumb\",\"itemListElement\":[{\"@type\":\"ListItem\",\"position\":1,\"name\":\"Home\",\"item\":\"https:\/\/presfab.ca\/fi\/\"},{\"@type\":\"ListItem\",\"position\":2,\"name\":\"Kuminen nopeus puskuri\"}]},{\"@type\":\"WebSite\",\"@id\":\"https:\/\/presfab.ca\/fi\/#website\",\"url\":\"https:\/\/presfab.ca\/fi\/\",\"name\":\"PRESFAB HIGHWAY\",\"description\":\"Manhole Riser Rings, Delineator Bases, Channelizer Bases, Sign bases and more!\",\"publisher\":{\"@id\":\"https:\/\/presfab.ca\/fi\/#organization\"},\"potentialAction\":[{\"@type\":\"SearchAction\",\"target\":{\"@type\":\"EntryPoint\",\"urlTemplate\":\"https:\/\/presfab.ca\/fi\/?s={search_term_string}\"},\"query-input\":{\"@type\":\"PropertyValueSpecification\",\"valueRequired\":true,\"valueName\":\"search_term_string\"}}],\"inLanguage\":\"fi\"},{\"@type\":\"Organization\",\"@id\":\"https:\/\/presfab.ca\/fi\/#organization\",\"name\":\"PRESFAB HIGHWAY\",\"url\":\"https:\/\/presfab.ca\/fi\/\",\"logo\":{\"@type\":\"ImageObject\",\"inLanguage\":\"fi\",\"@id\":\"https:\/\/presfab.ca\/fi\/#\/schema\/logo\/image\/\",\"url\":\"https:\/\/presfab.ca\/wp-content\/uploads\/2025\/01\/Asset-1ZoomOut.png\",\"contentUrl\":\"https:\/\/presfab.ca\/wp-content\/uploads\/2025\/01\/Asset-1ZoomOut.png\",\"width\":118,\"height\":46,\"caption\":\"PRESFAB HIGHWAY\"},\"image\":{\"@id\":\"https:\/\/presfab.ca\/fi\/#\/schema\/logo\/image\/\"},\"sameAs\":[\"https:\/\/www.facebook.com\/PresfabHighway\",\"https:\/\/x.com\/PresfabHighway\",\"https:\/\/www.linkedin.com\/company\/presfab-highway\/?viewAsMember=true\"],\"description\":\"Presfab Highway is a manufacturer of traffic safety products, and manhole and aquaduct grade riser rings. We make bases for Channelizer drums (TR& & TC54), Bases for RD-10 Delineator Posts, Temporary sign bases, speed bumps.\",\"email\":\"sales@presfab.ca\",\"telephone\":\"450-979-0007\"}]}<\/script>\n<!-- \/ Yoast SEO Premium plugin. -->","yoast_head_json":{"title":"Kuminen nopeus puskuri - PRESFAB HIGHWAY","robots":{"index":"index","follow":"follow","max-snippet":"max-snippet:-1","max-image-preview":"max-image-preview:large","max-video-preview":"max-video-preview:-1"},"canonical":"https:\/\/presfab.ca\/fi\/kuminen-nopeus-puskuri\/","og_locale":"fi_FI","og_type":"article","og_title":"Kuminen nopeus puskuri","og_description":"OMINAISUUDET JA EDUT Valmistettu 100 % kierr\u00e4tetyst\u00e4 kumista Kest\u00e4\u00e4 kaikenlaista s\u00e4\u00e4t\u00e4 Kest\u00e4\u00e4 UV-s\u00e4teit\u00e4 Kest\u00e4\u00e4 kosteutta ja \u00f6ljy\u00e4. Kest\u00e4\u00e4 \u00e4\u00e4rimm\u00e4isi\u00e4 l\u00e4mp\u00f6tilavaihteluita. Yksi henkil\u00f6 voi asentaa alle 10 minuutissa. Kest\u00e4v\u00e4 Huoltovapaa Joustava, mahdollistaa pinnan ep\u00e4tasaisuuksien mukauttamisen. Valmistettu 2 kanavoidulla kanavalla, jotka mahdollistavat kaapelin, putkien ja johtojen asennuksen alapuolelle. Ihanteellinen asuin-, koulu- ja puistoalueille sek\u00e4 pys\u00e4k\u00f6intialueille, hotellien pys\u00e4k\u00f6intialueille, [&hellip;]","og_url":"https:\/\/presfab.ca\/fi\/kuminen-nopeus-puskuri\/","og_site_name":"PRESFAB HIGHWAY","article_publisher":"https:\/\/www.facebook.com\/PresfabHighway","article_modified_time":"2025-02-09T01:47:50+00:00","og_image":[{"width":593,"height":297,"url":"https:\/\/presfab.ca\/wp-content\/uploads\/2024\/10\/speedbump.png","type":"image\/png"}],"twitter_card":"summary_large_image","twitter_site":"@PresfabHighway","schema":{"@context":"https:\/\/schema.org","@graph":[{"@type":"WebPage","@id":"https:\/\/presfab.ca\/fi\/kuminen-nopeus-puskuri\/","url":"https:\/\/presfab.ca\/fi\/kuminen-nopeus-puskuri\/","name":"Kuminen nopeus puskuri - PRESFAB HIGHWAY","isPartOf":{"@id":"https:\/\/presfab.ca\/fi\/#website"},"primaryImageOfPage":{"@id":"https:\/\/presfab.ca\/fi\/kuminen-nopeus-puskuri\/#primaryimage"},"image":{"@id":"https:\/\/presfab.ca\/fi\/kuminen-nopeus-puskuri\/#primaryimage"},"thumbnailUrl":"https:\/\/presfab.ca\/wp-content\/uploads\/2024\/10\/speedbump.png","datePublished":"2025-01-26T19:22:22+00:00","dateModified":"2025-02-09T01:47:50+00:00","breadcrumb":{"@id":"https:\/\/presfab.ca\/fi\/kuminen-nopeus-puskuri\/#breadcrumb"},"inLanguage":"fi","potentialAction":[{"@type":"ReadAction","target":["https:\/\/presfab.ca\/fi\/kuminen-nopeus-puskuri\/"]}]},{"@type":"ImageObject","inLanguage":"fi","@id":"https:\/\/presfab.ca\/fi\/kuminen-nopeus-puskuri\/#primaryimage","url":"https:\/\/presfab.ca\/wp-content\/uploads\/2024\/10\/speedbump.png","contentUrl":"https:\/\/presfab.ca\/wp-content\/uploads\/2024\/10\/speedbump.png"},{"@type":"BreadcrumbList","@id":"https:\/\/presfab.ca\/fi\/kuminen-nopeus-puskuri\/#breadcrumb","itemListElement":[{"@type":"ListItem","position":1,"name":"Home","item":"https:\/\/presfab.ca\/fi\/"},{"@type":"ListItem","position":2,"name":"Kuminen nopeus puskuri"}]},{"@type":"WebSite","@id":"https:\/\/presfab.ca\/fi\/#website","url":"https:\/\/presfab.ca\/fi\/","name":"PRESFAB HIGHWAY","description":"Manhole Riser Rings, Delineator Bases, Channelizer Bases, Sign bases and more!","publisher":{"@id":"https:\/\/presfab.ca\/fi\/#organization"},"potentialAction":[{"@type":"SearchAction","target":{"@type":"EntryPoint","urlTemplate":"https:\/\/presfab.ca\/fi\/?s={search_term_string}"},"query-input":{"@type":"PropertyValueSpecification","valueRequired":true,"valueName":"search_term_string"}}],"inLanguage":"fi"},{"@type":"Organization","@id":"https:\/\/presfab.ca\/fi\/#organization","name":"PRESFAB HIGHWAY","url":"https:\/\/presfab.ca\/fi\/","logo":{"@type":"ImageObject","inLanguage":"fi","@id":"https:\/\/presfab.ca\/fi\/#\/schema\/logo\/image\/","url":"https:\/\/presfab.ca\/wp-content\/uploads\/2025\/01\/Asset-1ZoomOut.png","contentUrl":"https:\/\/presfab.ca\/wp-content\/uploads\/2025\/01\/Asset-1ZoomOut.png","width":118,"height":46,"caption":"PRESFAB HIGHWAY"},"image":{"@id":"https:\/\/presfab.ca\/fi\/#\/schema\/logo\/image\/"},"sameAs":["https:\/\/www.facebook.com\/PresfabHighway","https:\/\/x.com\/PresfabHighway","https:\/\/www.linkedin.com\/company\/presfab-highway\/?viewAsMember=true"],"description":"Presfab Highway is a manufacturer of traffic safety products, and manhole and aquaduct grade riser rings. We make bases for Channelizer drums (TR& & TC54), Bases for RD-10 Delineator Posts, Temporary sign bases, speed bumps.","email":"sales@presfab.ca","telephone":"450-979-0007"}]}},"jetpack_sharing_enabled":true,"_links":{"self":[{"href":"https:\/\/presfab.ca\/fi\/wp-json\/wp\/v2\/pages\/3406","targetHints":{"allow":["GET"]}}],"collection":[{"href":"https:\/\/presfab.ca\/fi\/wp-json\/wp\/v2\/pages"}],"about":[{"href":"https:\/\/presfab.ca\/fi\/wp-json\/wp\/v2\/types\/page"}],"author":[{"embeddable":true,"href":"https:\/\/presfab.ca\/fi\/wp-json\/wp\/v2\/users\/2"}],"replies":[{"embeddable":true,"href":"https:\/\/presfab.ca\/fi\/wp-json\/wp\/v2\/comments?post=3406"}],"version-history":[{"count":1,"href":"https:\/\/presfab.ca\/fi\/wp-json\/wp\/v2\/pages\/3406\/revisions"}],"predecessor-version":[{"id":3408,"href":"https:\/\/presfab.ca\/fi\/wp-json\/wp\/v2\/pages\/3406\/revisions\/3408"}],"wp:attachment":[{"href":"https:\/\/presfab.ca\/fi\/wp-json\/wp\/v2\/media?parent=3406"}],"curies":[{"name":"wp","href":"https:\/\/api.w.org\/{rel}","templated":true}]}}