{"id":3427,"date":"2025-01-26T19:15:16","date_gmt":"2025-01-26T19:15:16","guid":{"rendered":"https:\/\/presfab.ca\/pysakointi-reunakivi\/"},"modified":"2025-02-09T01:47:56","modified_gmt":"2025-02-09T01:47:56","slug":"pysakointi-reunakivi","status":"publish","type":"page","link":"https:\/\/presfab.ca\/fi\/pysakointi-reunakivi\/","title":{"rendered":"Pys\u00e4k\u00f6inti reunakivi"},"content":{"rendered":"\t\t<div data-elementor-type=\"wp-page\" data-elementor-id=\"3427\" class=\"elementor elementor-3427 elementor-1579\" data-elementor-post-type=\"page\">\n\t\t\t\t<div class=\"elementor-element elementor-element-62fc426 e-flex e-con-boxed e-con e-parent\" data-id=\"62fc426\" data-element_type=\"container\" data-settings=\"{&quot;ekit_has_onepagescroll_dot&quot;:&quot;yes&quot;}\">\n\t\t\t\t\t<div class=\"e-con-inner\">\n\t\t<div class=\"elementor-element elementor-element-6c7d1ff e-con-full e-flex e-con e-child\" data-id=\"6c7d1ff\" data-element_type=\"container\" data-settings=\"{&quot;ekit_has_onepagescroll_dot&quot;:&quot;yes&quot;}\">\n\t\t<div class=\"elementor-element elementor-element-504e8fd e-con-full e-flex e-con e-child\" data-id=\"504e8fd\" data-element_type=\"container\" data-settings=\"{&quot;ekit_has_onepagescroll_dot&quot;:&quot;yes&quot;}\">\n\t\t<div class=\"elementor-element elementor-element-3fbe86a e-grid e-con-full e-con e-child\" data-id=\"3fbe86a\" data-element_type=\"container\" data-settings=\"{&quot;ekit_has_onepagescroll_dot&quot;:&quot;yes&quot;}\">\n\t\t<div class=\"elementor-element elementor-element-8b3980a e-con-full e-flex e-con e-child\" data-id=\"8b3980a\" data-element_type=\"container\" data-settings=\"{&quot;background_background&quot;:&quot;classic&quot;,&quot;ekit_has_onepagescroll_dot&quot;:&quot;yes&quot;}\">\n\t\t\t\t<div class=\"elementor-element elementor-element-bf9f764 elementor-widget elementor-widget-heading\" data-id=\"bf9f764\" data-element_type=\"widget\" data-settings=\"{&quot;ekit_we_effect_on&quot;:&quot;none&quot;}\" data-widget_type=\"heading.default\">\n\t\t\t\t<div class=\"elementor-widget-container\">\n\t\t\t\t\t<h2 class=\"elementor-heading-title elementor-size-default\">Pys\u00e4k\u00f6inti reunakivi<\/h2>\t\t\t\t<\/div>\n\t\t\t\t<\/div>\n\t\t\t\t<\/div>\n\t\t\t\t<div class=\"elementor-element elementor-element-0b7f07a elementor-widget elementor-widget-image\" data-id=\"0b7f07a\" data-element_type=\"widget\" data-settings=\"{&quot;ekit_we_effect_on&quot;:&quot;none&quot;}\" data-widget_type=\"image.default\">\n\t\t\t\t<div class=\"elementor-widget-container\">\n\t\t\t\t\t\t\t\t\t\t\t\t\t\t\t<img decoding=\"async\" width=\"160\" height=\"103\" src=\"https:\/\/presfab.ca\/wp-content\/uploads\/2024\/10\/thumb_curb-removebg-preview.png\" class=\"attachment-full size-full wp-image-525\" alt=\"Rubber Parking Curb\" \/>\t\t\t\t\t\t\t\t\t\t\t\t\t\t\t<\/div>\n\t\t\t\t<\/div>\n\t\t\t\t<\/div>\n\t\t\t\t<div class=\"elementor-element elementor-element-f34e2de elementor-widget elementor-widget-text-editor\" data-id=\"f34e2de\" data-element_type=\"widget\" data-settings=\"{&quot;ekit_we_effect_on&quot;:&quot;none&quot;}\" data-widget_type=\"text-editor.default\">\n\t\t\t\t<div class=\"elementor-widget-container\">\n\t\t\t\t\t\t\t\t\t<p>Kuminen pys\u00e4k\u00f6intikynnyksemme on kevyt, joten sit\u00e4 on helppo k\u00e4sitell\u00e4. Ihanteellinen kaikentyyppisille pys\u00e4k\u00f6intialueille.   <\/p>\n<p><strong>Ominaisuudet ja edut<\/strong><\/p>\n<ul>\n<li>Valmistettu 100 % kierr\u00e4tetyst\u00e4 kumista.<\/li>\n<li>Yksi henkil\u00f6 voi asentaa sen alle 10 minuutissa.<\/li>\n<li>Ei vaadi erikoislaitteita verrattuna betonisiin reunakiviin.<\/li>\n<li>Joustava, joka mukautuu pinnan ep\u00e4tasaisuuksiin.<\/li>\n<li>S\u00e4\u00e4nkest\u00e4v\u00e4.<\/li>\n<li>Kest\u00e4\u00e4 UV-s\u00e4teit\u00e4.<\/li>\n<li>Kest\u00e4\u00e4 kosteutta ja \u00f6ljy\u00e4.<\/li>\n<li>Kest\u00e4\u00e4 l\u00e4mp\u00f6tilan vaihteluita.<\/li>\n<li>Ei vahingoita ajoneuvoa t\u00f6rm\u00e4yksen aikana.<\/li>\n<li>Ei halkeile tai murene betoniseen reunakiveykseen verrattuna.<\/li>\n<li>Helppo k\u00e4sitell\u00e4, jotta se voidaan tarvittaessa sijoittaa ja siirt\u00e4\u00e4.<\/li>\n<\/ul>\n\t\t\t\t\t\t\t\t<\/div>\n\t\t\t\t<\/div>\n\t\t<div class=\"elementor-element elementor-element-826b2a4 e-con-full e-flex e-con e-child\" data-id=\"826b2a4\" data-element_type=\"container\" data-settings=\"{&quot;ekit_has_onepagescroll_dot&quot;:&quot;yes&quot;}\">\n\t\t\t\t<\/div>\n\t\t\t\t<\/div>\n\t\t\t\t<\/div>\n\t\t<div class=\"elementor-element elementor-element-f59084d e-con-full e-flex e-con e-child\" data-id=\"f59084d\" data-element_type=\"container\" data-settings=\"{&quot;ekit_has_onepagescroll_dot&quot;:&quot;yes&quot;}\">\n\t\t<div class=\"elementor-element elementor-element-0f24e7b e-con-full e-flex e-con e-child\" data-id=\"0f24e7b\" data-element_type=\"container\" data-settings=\"{&quot;ekit_has_onepagescroll_dot&quot;:&quot;yes&quot;}\">\n\t\t\t\t<div class=\"elementor-element elementor-element-72cbde4 elementor-align-justify elementor-widget elementor-widget-button\" data-id=\"72cbde4\" data-element_type=\"widget\" data-settings=\"{&quot;ekit_we_effect_on&quot;:&quot;none&quot;}\" data-widget_type=\"button.default\">\n\t\t\t\t<div class=\"elementor-widget-container\">\n\t\t\t\t\t\t\t\t\t<div class=\"elementor-button-wrapper\">\n\t\t\t\t\t<a class=\"elementor-button elementor-button-link elementor-size-sm\" href=\"https:\/\/presfab.ca\/fi\/ota-yhteytta\/\">\n\t\t\t\t\t\t<span class=\"elementor-button-content-wrapper\">\n\t\t\t\t\t\t\t\t\t<span class=\"elementor-button-text\">Pyyd\u00e4 tarjous<\/span>\n\t\t\t\t\t<\/span>\n\t\t\t\t\t<\/a>\n\t\t\t\t<\/div>\n\t\t\t\t\t\t\t\t<\/div>\n\t\t\t\t<\/div>\n\t\t\t\t<div class=\"elementor-element elementor-element-dcb3cd2 elementor-widget elementor-widget-heading\" data-id=\"dcb3cd2\" data-element_type=\"widget\" data-settings=\"{&quot;ekit_we_effect_on&quot;:&quot;none&quot;}\" data-widget_type=\"heading.default\">\n\t\t\t\t<div class=\"elementor-widget-container\">\n\t\t\t\t\t<h1 class=\"elementor-heading-title elementor-size-default\"><span style=\"font-weight: bolder;font-size: 16px\">SAATAVANA 3 ERI V\u00c4RI\u00c4<\/span><\/h1>\t\t\t\t<\/div>\n\t\t\t\t<\/div>\n\t\t\t\t<\/div>\n\t\t<div class=\"elementor-element elementor-element-69ddd77 e-con-full e-flex e-con e-child\" data-id=\"69ddd77\" data-element_type=\"container\" data-settings=\"{&quot;ekit_has_onepagescroll_dot&quot;:&quot;yes&quot;}\">\n\t\t<div class=\"elementor-element elementor-element-51001d3 e-con-full e-flex e-con e-child\" data-id=\"51001d3\" data-element_type=\"container\" data-settings=\"{&quot;background_background&quot;:&quot;classic&quot;,&quot;ekit_has_onepagescroll_dot&quot;:&quot;yes&quot;}\">\n\t\t\t\t<\/div>\n\t\t<div class=\"elementor-element elementor-element-d413fdd e-con-full e-flex e-con e-child\" data-id=\"d413fdd\" data-element_type=\"container\" data-settings=\"{&quot;background_background&quot;:&quot;classic&quot;,&quot;ekit_has_onepagescroll_dot&quot;:&quot;yes&quot;}\">\n\t\t\t\t<\/div>\n\t\t<div class=\"elementor-element elementor-element-64fe0bc e-con-full e-flex e-con e-child\" data-id=\"64fe0bc\" data-element_type=\"container\" data-settings=\"{&quot;background_background&quot;:&quot;classic&quot;,&quot;ekit_has_onepagescroll_dot&quot;:&quot;yes&quot;}\">\n\t\t\t\t<\/div>\n\t\t\t\t<\/div>\n\t\t\t\t<\/div>\n\t\t\t\t\t<\/div>\n\t\t\t\t<\/div>\n\t\t\t\t<\/div>\n\t\t","protected":false},"excerpt":{"rendered":"<p>Pys\u00e4k\u00f6inti reunakivi Kuminen pys\u00e4k\u00f6intikynnyksemme on kevyt, joten sit\u00e4 on helppo k\u00e4sitell\u00e4. Ihanteellinen kaikentyyppisille pys\u00e4k\u00f6intialueille. Ominaisuudet ja edut Valmistettu 100 % kierr\u00e4tetyst\u00e4 kumista. Yksi henkil\u00f6 voi asentaa sen alle 10 minuutissa. Ei vaadi erikoislaitteita verrattuna betonisiin reunakiviin. Joustava, joka mukautuu pinnan ep\u00e4tasaisuuksiin. S\u00e4\u00e4nkest\u00e4v\u00e4. Kest\u00e4\u00e4 UV-s\u00e4teit\u00e4. Kest\u00e4\u00e4 kosteutta ja \u00f6ljy\u00e4. Kest\u00e4\u00e4 l\u00e4mp\u00f6tilan vaihteluita. Ei vahingoita ajoneuvoa t\u00f6rm\u00e4yksen [&hellip;]<\/p>\n","protected":false},"author":2,"featured_media":0,"parent":0,"menu_order":0,"comment_status":"closed","ping_status":"closed","template":"","meta":{"content-type":"","footnotes":""},"class_list":["post-3427","page","type-page","status-publish","hentry"],"yoast_head":"<!-- This site is optimized with the Yoast SEO Premium plugin v24.3 (Yoast SEO v24.3) - https:\/\/yoast.com\/wordpress\/plugins\/seo\/ -->\n<title>Pys\u00e4k\u00f6inti reunakivi - PRESFAB HIGHWAY<\/title>\n<meta name=\"robots\" content=\"index, follow, max-snippet:-1, max-image-preview:large, max-video-preview:-1\" \/>\n<link rel=\"canonical\" href=\"https:\/\/presfab.ca\/fi\/pysakointi-reunakivi\/\" \/>\n<meta property=\"og:locale\" content=\"fi_FI\" \/>\n<meta property=\"og:type\" content=\"article\" \/>\n<meta property=\"og:title\" content=\"Pys\u00e4k\u00f6inti reunakivi\" \/>\n<meta property=\"og:description\" content=\"Pys\u00e4k\u00f6inti reunakivi Kuminen pys\u00e4k\u00f6intikynnyksemme on kevyt, joten sit\u00e4 on helppo k\u00e4sitell\u00e4. Ihanteellinen kaikentyyppisille pys\u00e4k\u00f6intialueille. Ominaisuudet ja edut Valmistettu 100 % kierr\u00e4tetyst\u00e4 kumista. Yksi henkil\u00f6 voi asentaa sen alle 10 minuutissa. Ei vaadi erikoislaitteita verrattuna betonisiin reunakiviin. Joustava, joka mukautuu pinnan ep\u00e4tasaisuuksiin. S\u00e4\u00e4nkest\u00e4v\u00e4. Kest\u00e4\u00e4 UV-s\u00e4teit\u00e4. Kest\u00e4\u00e4 kosteutta ja \u00f6ljy\u00e4. Kest\u00e4\u00e4 l\u00e4mp\u00f6tilan vaihteluita. Ei vahingoita ajoneuvoa t\u00f6rm\u00e4yksen [&hellip;]\" \/>\n<meta property=\"og:url\" content=\"https:\/\/presfab.ca\/fi\/pysakointi-reunakivi\/\" \/>\n<meta property=\"og:site_name\" content=\"PRESFAB HIGHWAY\" \/>\n<meta property=\"article:publisher\" content=\"https:\/\/www.facebook.com\/PresfabHighway\" \/>\n<meta property=\"article:modified_time\" content=\"2025-02-09T01:47:56+00:00\" \/>\n<meta property=\"og:image\" content=\"https:\/\/presfab.ca\/wp-content\/uploads\/2024\/10\/thumb_curb-removebg-preview.png\" \/>\n\t<meta property=\"og:image:width\" content=\"160\" \/>\n\t<meta property=\"og:image:height\" content=\"103\" \/>\n\t<meta property=\"og:image:type\" content=\"image\/png\" \/>\n<meta name=\"twitter:card\" content=\"summary_large_image\" \/>\n<meta name=\"twitter:site\" content=\"@PresfabHighway\" \/>\n<script type=\"application\/ld+json\" class=\"yoast-schema-graph\">{\"@context\":\"https:\/\/schema.org\",\"@graph\":[{\"@type\":\"WebPage\",\"@id\":\"https:\/\/presfab.ca\/fi\/pysakointi-reunakivi\/\",\"url\":\"https:\/\/presfab.ca\/fi\/pysakointi-reunakivi\/\",\"name\":\"Pys\u00e4k\u00f6inti reunakivi - PRESFAB HIGHWAY\",\"isPartOf\":{\"@id\":\"https:\/\/presfab.ca\/fi\/#website\"},\"primaryImageOfPage\":{\"@id\":\"https:\/\/presfab.ca\/fi\/pysakointi-reunakivi\/#primaryimage\"},\"image\":{\"@id\":\"https:\/\/presfab.ca\/fi\/pysakointi-reunakivi\/#primaryimage\"},\"thumbnailUrl\":\"https:\/\/presfab.ca\/wp-content\/uploads\/2024\/10\/thumb_curb-removebg-preview.png\",\"datePublished\":\"2025-01-26T19:15:16+00:00\",\"dateModified\":\"2025-02-09T01:47:56+00:00\",\"breadcrumb\":{\"@id\":\"https:\/\/presfab.ca\/fi\/pysakointi-reunakivi\/#breadcrumb\"},\"inLanguage\":\"fi\",\"potentialAction\":[{\"@type\":\"ReadAction\",\"target\":[\"https:\/\/presfab.ca\/fi\/pysakointi-reunakivi\/\"]}]},{\"@type\":\"ImageObject\",\"inLanguage\":\"fi\",\"@id\":\"https:\/\/presfab.ca\/fi\/pysakointi-reunakivi\/#primaryimage\",\"url\":\"https:\/\/presfab.ca\/wp-content\/uploads\/2024\/10\/thumb_curb-removebg-preview.png\",\"contentUrl\":\"https:\/\/presfab.ca\/wp-content\/uploads\/2024\/10\/thumb_curb-removebg-preview.png\"},{\"@type\":\"BreadcrumbList\",\"@id\":\"https:\/\/presfab.ca\/fi\/pysakointi-reunakivi\/#breadcrumb\",\"itemListElement\":[{\"@type\":\"ListItem\",\"position\":1,\"name\":\"Home\",\"item\":\"https:\/\/presfab.ca\/fi\/\"},{\"@type\":\"ListItem\",\"position\":2,\"name\":\"Pys\u00e4k\u00f6inti reunakivi\"}]},{\"@type\":\"WebSite\",\"@id\":\"https:\/\/presfab.ca\/fi\/#website\",\"url\":\"https:\/\/presfab.ca\/fi\/\",\"name\":\"PRESFAB HIGHWAY\",\"description\":\"Manhole Riser Rings, Delineator Bases, Channelizer Bases, Sign bases and more!\",\"publisher\":{\"@id\":\"https:\/\/presfab.ca\/fi\/#organization\"},\"potentialAction\":[{\"@type\":\"SearchAction\",\"target\":{\"@type\":\"EntryPoint\",\"urlTemplate\":\"https:\/\/presfab.ca\/fi\/?s={search_term_string}\"},\"query-input\":{\"@type\":\"PropertyValueSpecification\",\"valueRequired\":true,\"valueName\":\"search_term_string\"}}],\"inLanguage\":\"fi\"},{\"@type\":\"Organization\",\"@id\":\"https:\/\/presfab.ca\/fi\/#organization\",\"name\":\"PRESFAB HIGHWAY\",\"url\":\"https:\/\/presfab.ca\/fi\/\",\"logo\":{\"@type\":\"ImageObject\",\"inLanguage\":\"fi\",\"@id\":\"https:\/\/presfab.ca\/fi\/#\/schema\/logo\/image\/\",\"url\":\"https:\/\/presfab.ca\/wp-content\/uploads\/2025\/01\/Asset-1ZoomOut.png\",\"contentUrl\":\"https:\/\/presfab.ca\/wp-content\/uploads\/2025\/01\/Asset-1ZoomOut.png\",\"width\":118,\"height\":46,\"caption\":\"PRESFAB HIGHWAY\"},\"image\":{\"@id\":\"https:\/\/presfab.ca\/fi\/#\/schema\/logo\/image\/\"},\"sameAs\":[\"https:\/\/www.facebook.com\/PresfabHighway\",\"https:\/\/x.com\/PresfabHighway\",\"https:\/\/www.linkedin.com\/company\/presfab-highway\/?viewAsMember=true\"],\"description\":\"Presfab Highway is a manufacturer of traffic safety products, and manhole and aquaduct grade riser rings. We make bases for Channelizer drums (TR& & TC54), Bases for RD-10 Delineator Posts, Temporary sign bases, speed bumps.\",\"email\":\"sales@presfab.ca\",\"telephone\":\"450-979-0007\"}]}<\/script>\n<!-- \/ Yoast SEO Premium plugin. -->","yoast_head_json":{"title":"Pys\u00e4k\u00f6inti reunakivi - PRESFAB HIGHWAY","robots":{"index":"index","follow":"follow","max-snippet":"max-snippet:-1","max-image-preview":"max-image-preview:large","max-video-preview":"max-video-preview:-1"},"canonical":"https:\/\/presfab.ca\/fi\/pysakointi-reunakivi\/","og_locale":"fi_FI","og_type":"article","og_title":"Pys\u00e4k\u00f6inti reunakivi","og_description":"Pys\u00e4k\u00f6inti reunakivi Kuminen pys\u00e4k\u00f6intikynnyksemme on kevyt, joten sit\u00e4 on helppo k\u00e4sitell\u00e4. Ihanteellinen kaikentyyppisille pys\u00e4k\u00f6intialueille. Ominaisuudet ja edut Valmistettu 100 % kierr\u00e4tetyst\u00e4 kumista. Yksi henkil\u00f6 voi asentaa sen alle 10 minuutissa. Ei vaadi erikoislaitteita verrattuna betonisiin reunakiviin. Joustava, joka mukautuu pinnan ep\u00e4tasaisuuksiin. S\u00e4\u00e4nkest\u00e4v\u00e4. Kest\u00e4\u00e4 UV-s\u00e4teit\u00e4. Kest\u00e4\u00e4 kosteutta ja \u00f6ljy\u00e4. Kest\u00e4\u00e4 l\u00e4mp\u00f6tilan vaihteluita. Ei vahingoita ajoneuvoa t\u00f6rm\u00e4yksen [&hellip;]","og_url":"https:\/\/presfab.ca\/fi\/pysakointi-reunakivi\/","og_site_name":"PRESFAB HIGHWAY","article_publisher":"https:\/\/www.facebook.com\/PresfabHighway","article_modified_time":"2025-02-09T01:47:56+00:00","og_image":[{"width":160,"height":103,"url":"https:\/\/presfab.ca\/wp-content\/uploads\/2024\/10\/thumb_curb-removebg-preview.png","type":"image\/png"}],"twitter_card":"summary_large_image","twitter_site":"@PresfabHighway","schema":{"@context":"https:\/\/schema.org","@graph":[{"@type":"WebPage","@id":"https:\/\/presfab.ca\/fi\/pysakointi-reunakivi\/","url":"https:\/\/presfab.ca\/fi\/pysakointi-reunakivi\/","name":"Pys\u00e4k\u00f6inti reunakivi - PRESFAB HIGHWAY","isPartOf":{"@id":"https:\/\/presfab.ca\/fi\/#website"},"primaryImageOfPage":{"@id":"https:\/\/presfab.ca\/fi\/pysakointi-reunakivi\/#primaryimage"},"image":{"@id":"https:\/\/presfab.ca\/fi\/pysakointi-reunakivi\/#primaryimage"},"thumbnailUrl":"https:\/\/presfab.ca\/wp-content\/uploads\/2024\/10\/thumb_curb-removebg-preview.png","datePublished":"2025-01-26T19:15:16+00:00","dateModified":"2025-02-09T01:47:56+00:00","breadcrumb":{"@id":"https:\/\/presfab.ca\/fi\/pysakointi-reunakivi\/#breadcrumb"},"inLanguage":"fi","potentialAction":[{"@type":"ReadAction","target":["https:\/\/presfab.ca\/fi\/pysakointi-reunakivi\/"]}]},{"@type":"ImageObject","inLanguage":"fi","@id":"https:\/\/presfab.ca\/fi\/pysakointi-reunakivi\/#primaryimage","url":"https:\/\/presfab.ca\/wp-content\/uploads\/2024\/10\/thumb_curb-removebg-preview.png","contentUrl":"https:\/\/presfab.ca\/wp-content\/uploads\/2024\/10\/thumb_curb-removebg-preview.png"},{"@type":"BreadcrumbList","@id":"https:\/\/presfab.ca\/fi\/pysakointi-reunakivi\/#breadcrumb","itemListElement":[{"@type":"ListItem","position":1,"name":"Home","item":"https:\/\/presfab.ca\/fi\/"},{"@type":"ListItem","position":2,"name":"Pys\u00e4k\u00f6inti reunakivi"}]},{"@type":"WebSite","@id":"https:\/\/presfab.ca\/fi\/#website","url":"https:\/\/presfab.ca\/fi\/","name":"PRESFAB HIGHWAY","description":"Manhole Riser Rings, Delineator Bases, Channelizer Bases, Sign bases and more!","publisher":{"@id":"https:\/\/presfab.ca\/fi\/#organization"},"potentialAction":[{"@type":"SearchAction","target":{"@type":"EntryPoint","urlTemplate":"https:\/\/presfab.ca\/fi\/?s={search_term_string}"},"query-input":{"@type":"PropertyValueSpecification","valueRequired":true,"valueName":"search_term_string"}}],"inLanguage":"fi"},{"@type":"Organization","@id":"https:\/\/presfab.ca\/fi\/#organization","name":"PRESFAB HIGHWAY","url":"https:\/\/presfab.ca\/fi\/","logo":{"@type":"ImageObject","inLanguage":"fi","@id":"https:\/\/presfab.ca\/fi\/#\/schema\/logo\/image\/","url":"https:\/\/presfab.ca\/wp-content\/uploads\/2025\/01\/Asset-1ZoomOut.png","contentUrl":"https:\/\/presfab.ca\/wp-content\/uploads\/2025\/01\/Asset-1ZoomOut.png","width":118,"height":46,"caption":"PRESFAB HIGHWAY"},"image":{"@id":"https:\/\/presfab.ca\/fi\/#\/schema\/logo\/image\/"},"sameAs":["https:\/\/www.facebook.com\/PresfabHighway","https:\/\/x.com\/PresfabHighway","https:\/\/www.linkedin.com\/company\/presfab-highway\/?viewAsMember=true"],"description":"Presfab Highway is a manufacturer of traffic safety products, and manhole and aquaduct grade riser rings. We make bases for Channelizer drums (TR& & TC54), Bases for RD-10 Delineator Posts, Temporary sign bases, speed bumps.","email":"sales@presfab.ca","telephone":"450-979-0007"}]}},"jetpack_sharing_enabled":true,"_links":{"self":[{"href":"https:\/\/presfab.ca\/fi\/wp-json\/wp\/v2\/pages\/3427","targetHints":{"allow":["GET"]}}],"collection":[{"href":"https:\/\/presfab.ca\/fi\/wp-json\/wp\/v2\/pages"}],"about":[{"href":"https:\/\/presfab.ca\/fi\/wp-json\/wp\/v2\/types\/page"}],"author":[{"embeddable":true,"href":"https:\/\/presfab.ca\/fi\/wp-json\/wp\/v2\/users\/2"}],"replies":[{"embeddable":true,"href":"https:\/\/presfab.ca\/fi\/wp-json\/wp\/v2\/comments?post=3427"}],"version-history":[{"count":1,"href":"https:\/\/presfab.ca\/fi\/wp-json\/wp\/v2\/pages\/3427\/revisions"}],"predecessor-version":[{"id":3431,"href":"https:\/\/presfab.ca\/fi\/wp-json\/wp\/v2\/pages\/3427\/revisions\/3431"}],"wp:attachment":[{"href":"https:\/\/presfab.ca\/fi\/wp-json\/wp\/v2\/media?parent=3427"}],"curies":[{"name":"wp","href":"https:\/\/api.w.org\/{rel}","templated":true}]}}