{"id":2440,"date":"2024-10-21T05:47:29","date_gmt":"2024-10-21T05:47:29","guid":{"rendered":"https:\/\/presfab.ca\/lentreprise\/"},"modified":"2025-02-01T22:28:45","modified_gmt":"2025-02-01T22:28:45","slug":"lentreprise","status":"publish","type":"page","link":"https:\/\/presfab.ca\/fr\/lentreprise\/","title":{"rendered":"L&#8217;entreprise"},"content":{"rendered":"\t\t<div data-elementor-type=\"wp-page\" data-elementor-id=\"2440\" class=\"elementor elementor-2440 elementor-22\" data-elementor-post-type=\"page\">\n\t\t\t\t\t\t<section class=\"elementor-section elementor-top-section elementor-element elementor-element-7a3a191 elementor-section-height-min-height elementor-section-boxed elementor-section-height-default elementor-section-items-middle\" data-id=\"7a3a191\" data-element_type=\"section\" data-settings=\"{&quot;background_background&quot;:&quot;classic&quot;,&quot;ekit_has_onepagescroll_dot&quot;:&quot;yes&quot;}\">\n\t\t\t\t\t\t<div class=\"elementor-container elementor-column-gap-default\">\n\t\t\t\t\t<div class=\"elementor-column elementor-col-100 elementor-top-column elementor-element elementor-element-5f92ac9\" data-id=\"5f92ac9\" data-element_type=\"column\">\n\t\t\t<div class=\"elementor-widget-wrap\">\n\t\t\t\t\t\t\t<\/div>\n\t\t<\/div>\n\t\t\t\t\t<\/div>\n\t\t<\/section>\n\t\t\t\t<section class=\"elementor-section elementor-top-section elementor-element elementor-element-78eafe81 elementor-section-boxed elementor-section-height-default elementor-section-height-default\" data-id=\"78eafe81\" data-element_type=\"section\" data-settings=\"{&quot;background_background&quot;:&quot;classic&quot;,&quot;ekit_has_onepagescroll_dot&quot;:&quot;yes&quot;}\">\n\t\t\t\t\t\t<div class=\"elementor-container elementor-column-gap-default\">\n\t\t\t\t\t<div class=\"elementor-column elementor-col-50 elementor-top-column elementor-element elementor-element-204611d2\" data-id=\"204611d2\" data-element_type=\"column\">\n\t\t\t<div class=\"elementor-widget-wrap elementor-element-populated\">\n\t\t\t\t\t\t<section class=\"elementor-section elementor-inner-section elementor-element elementor-element-7b5d708e elementor-section-boxed elementor-section-height-default elementor-section-height-default\" data-id=\"7b5d708e\" data-element_type=\"section\" data-settings=\"{&quot;ekit_has_onepagescroll_dot&quot;:&quot;yes&quot;}\">\n\t\t\t\t\t\t<div class=\"elementor-container elementor-column-gap-default\">\n\t\t\t\t\t<div class=\"elementor-column elementor-col-100 elementor-inner-column elementor-element elementor-element-45bdf85a\" data-id=\"45bdf85a\" data-element_type=\"column\">\n\t\t\t<div class=\"elementor-widget-wrap elementor-element-populated\">\n\t\t\t\t\t\t<div class=\"elementor-element elementor-element-5bf3f558 elementor-invisible elementor-widget elementor-widget-heading\" data-id=\"5bf3f558\" data-element_type=\"widget\" data-settings=\"{&quot;_animation&quot;:&quot;fadeInDown&quot;,&quot;ekit_we_effect_on&quot;:&quot;none&quot;}\" data-widget_type=\"heading.default\">\n\t\t\t\t<div class=\"elementor-widget-container\">\n\t\t\t\t\t<h2 class=\"elementor-heading-title elementor-size-default\">LA MISSION<\/h2>\t\t\t\t<\/div>\n\t\t\t\t<\/div>\n\t\t\t\t<div class=\"elementor-element elementor-element-7b941da0 elementor-invisible elementor-widget elementor-widget-text-editor\" data-id=\"7b941da0\" data-element_type=\"widget\" data-settings=\"{&quot;_animation&quot;:&quot;fadeInDown&quot;,&quot;ekit_we_effect_on&quot;:&quot;none&quot;}\" data-widget_type=\"text-editor.default\">\n\t\t\t\t<div class=\"elementor-widget-container\">\n\t\t\t\t\t\t\t\t\t<p>Presfab Inc. est une entreprise manufacturi\u00e8re sp\u00e9cialis\u00e9e dans la conception et le d\u00e9veloppement de produits destin\u00e9s \u00e0 l&#8217;entretien des r\u00e9seaux routiers. Notre mission est d&#8217;offrir une gamme de produits qui r\u00e9pondent aux besoins de nos clients.<\/p>\n<p>Presfab Inc. commercialise ses produits en acier sous la marque Ring-O-Pave\u2122 et Highway &amp; Rubber sous la marque Flex-O-Ring\u2122.<\/p>\n<p>Nous sommes sp\u00e9cialis\u00e9s dans la fabrication d&#8217;anneaux en acier et d&#8217;anneaux en caoutchouc fabriqu\u00e9s \u00e0 partir de caoutchouc recycl\u00e9 \u00e0 100 %. Notre gamme de produits r\u00e9pond aux besoins des villes et des acteurs sp\u00e9cialis\u00e9s dans l&#8217;entretien des routes et la r\u00e9paration de : bouches d&#8217;\u00e9gout, trous d&#8217;homme, conduites \u00e9lectriques, bo\u00eetes \u00e0 vannes, conduites de gaz et autres.<\/p>\n<p>En outre, Highway Rubber est sp\u00e9cialis\u00e9 dans la fabrication de produits de mod\u00e9ration du trafic et de s\u00e9curit\u00e9 routi\u00e8re en caoutchouc recycl\u00e9 qui r\u00e9pondent \u00e0 toutes les exigences en mati\u00e8re de s\u00e9curit\u00e9 routi\u00e8re. Nos produits : ralentisseurs, arr\u00eats de roues, ralentisseurs sinuso\u00efdaux et notre base en U pour les panneaux de signalisation temporaires r\u00e9pondent aux besoins d&#8217;une grande vari\u00e9t\u00e9 d&#8217;acteurs de l&#8217;industrie de la s\u00e9curit\u00e9 routi\u00e8re.<\/p>\n\t\t\t\t\t\t\t\t<\/div>\n\t\t\t\t<\/div>\n\t\t\t\t\t<\/div>\n\t\t<\/div>\n\t\t\t\t\t<\/div>\n\t\t<\/section>\n\t\t\t\t\t<\/div>\n\t\t<\/div>\n\t\t\t\t<div class=\"elementor-column elementor-col-50 elementor-top-column elementor-element elementor-element-61544660\" data-id=\"61544660\" data-element_type=\"column\">\n\t\t\t<div class=\"elementor-widget-wrap elementor-element-populated\">\n\t\t\t\t\t\t<section class=\"elementor-section elementor-inner-section elementor-element elementor-element-725bf91e elementor-section-boxed elementor-section-height-default elementor-section-height-default\" data-id=\"725bf91e\" data-element_type=\"section\" data-settings=\"{&quot;ekit_has_onepagescroll_dot&quot;:&quot;yes&quot;}\">\n\t\t\t\t\t\t<div class=\"elementor-container elementor-column-gap-default\">\n\t\t\t\t\t<div class=\"elementor-column elementor-col-100 elementor-inner-column elementor-element elementor-element-aa44e7e\" data-id=\"aa44e7e\" data-element_type=\"column\">\n\t\t\t<div class=\"elementor-widget-wrap elementor-element-populated\">\n\t\t\t\t\t\t<div class=\"elementor-element elementor-element-71ffad70 elementor-invisible elementor-widget elementor-widget-image\" data-id=\"71ffad70\" data-element_type=\"widget\" data-settings=\"{&quot;_animation&quot;:&quot;fadeInDown&quot;,&quot;ekit_we_effect_on&quot;:&quot;none&quot;}\" data-widget_type=\"image.default\">\n\t\t\t\t<div class=\"elementor-widget-container\">\n\t\t\t\t\t\t\t\t\t\t\t\t\t\t\t<img decoding=\"async\" width=\"230\" height=\"80\" src=\"https:\/\/presfab.ca\/wp-content\/uploads\/2024\/10\/logo_HighwayGarantie-1.jpg\" class=\"attachment-full size-full wp-image-348\" alt=\"\" \/>\t\t\t\t\t\t\t\t\t\t\t\t\t\t\t<\/div>\n\t\t\t\t<\/div>\n\t\t\t\t\t<\/div>\n\t\t<\/div>\n\t\t\t\t\t<\/div>\n\t\t<\/section>\n\t\t\t\t\t<\/div>\n\t\t<\/div>\n\t\t\t\t\t<\/div>\n\t\t<\/section>\n\t\t\t\t<section class=\"elementor-section elementor-top-section elementor-element elementor-element-7784814 elementor-section-boxed elementor-section-height-default elementor-section-height-default\" data-id=\"7784814\" data-element_type=\"section\" data-settings=\"{&quot;background_background&quot;:&quot;classic&quot;,&quot;ekit_has_onepagescroll_dot&quot;:&quot;yes&quot;}\">\n\t\t\t\t\t\t<div class=\"elementor-container elementor-column-gap-default\">\n\t\t\t\t\t<div class=\"elementor-column elementor-col-50 elementor-top-column elementor-element elementor-element-abef8fc\" data-id=\"abef8fc\" data-element_type=\"column\">\n\t\t\t<div class=\"elementor-widget-wrap elementor-element-populated\">\n\t\t\t\t\t\t<section class=\"elementor-section elementor-inner-section elementor-element elementor-element-0940c92 elementor-section-boxed elementor-section-height-default elementor-section-height-default\" data-id=\"0940c92\" data-element_type=\"section\" data-settings=\"{&quot;ekit_has_onepagescroll_dot&quot;:&quot;yes&quot;}\">\n\t\t\t\t\t\t<div class=\"elementor-container elementor-column-gap-default\">\n\t\t\t\t\t<div class=\"elementor-column elementor-col-100 elementor-inner-column elementor-element elementor-element-92867e6\" data-id=\"92867e6\" data-element_type=\"column\">\n\t\t\t<div class=\"elementor-widget-wrap elementor-element-populated\">\n\t\t\t\t\t\t<div class=\"elementor-element elementor-element-f864f8c elementor-invisible elementor-widget elementor-widget-image\" data-id=\"f864f8c\" data-element_type=\"widget\" data-settings=\"{&quot;_animation&quot;:&quot;fadeInDown&quot;,&quot;ekit_we_effect_on&quot;:&quot;none&quot;}\" data-widget_type=\"image.default\">\n\t\t\t\t<div class=\"elementor-widget-container\">\n\t\t\t\t\t\t\t\t\t\t\t\t\t\t\t<img decoding=\"async\" width=\"230\" height=\"80\" src=\"https:\/\/presfab.ca\/wp-content\/uploads\/2024\/10\/logoPresfab_garantie.jpg\" class=\"attachment-full size-full wp-image-315\" alt=\"\" \/>\t\t\t\t\t\t\t\t\t\t\t\t\t\t\t<\/div>\n\t\t\t\t<\/div>\n\t\t\t\t\t<\/div>\n\t\t<\/div>\n\t\t\t\t\t<\/div>\n\t\t<\/section>\n\t\t\t\t\t<\/div>\n\t\t<\/div>\n\t\t\t\t<div class=\"elementor-column elementor-col-50 elementor-top-column elementor-element elementor-element-06b17a4\" data-id=\"06b17a4\" data-element_type=\"column\">\n\t\t\t<div class=\"elementor-widget-wrap elementor-element-populated\">\n\t\t\t\t\t\t<section class=\"elementor-section elementor-inner-section elementor-element elementor-element-366aa88 elementor-section-boxed elementor-section-height-default elementor-section-height-default\" data-id=\"366aa88\" data-element_type=\"section\" data-settings=\"{&quot;ekit_has_onepagescroll_dot&quot;:&quot;yes&quot;}\">\n\t\t\t\t\t\t<div class=\"elementor-container elementor-column-gap-default\">\n\t\t\t\t\t<div class=\"elementor-column elementor-col-100 elementor-inner-column elementor-element elementor-element-a36ff52\" data-id=\"a36ff52\" data-element_type=\"column\">\n\t\t\t<div class=\"elementor-widget-wrap elementor-element-populated\">\n\t\t\t\t\t\t<div class=\"elementor-element elementor-element-79eabdd elementor-invisible elementor-widget elementor-widget-heading\" data-id=\"79eabdd\" data-element_type=\"widget\" data-settings=\"{&quot;_animation&quot;:&quot;fadeInDown&quot;,&quot;ekit_we_effect_on&quot;:&quot;none&quot;}\" data-widget_type=\"heading.default\">\n\t\t\t\t<div class=\"elementor-widget-container\">\n\t\t\t\t\t<h2 class=\"elementor-heading-title elementor-size-default\">HISTOIRE<\/h2>\t\t\t\t<\/div>\n\t\t\t\t<\/div>\n\t\t\t\t<div class=\"elementor-element elementor-element-35aa8fd elementor-invisible elementor-widget elementor-widget-text-editor\" data-id=\"35aa8fd\" data-element_type=\"widget\" data-settings=\"{&quot;_animation&quot;:&quot;fadeInDown&quot;,&quot;ekit_we_effect_on&quot;:&quot;none&quot;}\" data-widget_type=\"text-editor.default\">\n\t\t\t\t<div class=\"elementor-widget-container\">\n\t\t\t\t\t\t\t\t\t<p>Tout a commenc\u00e9 en 1976 lorsque M. Alain Prescott a fond\u00e9 Prescott Metal. \u00c0 l&#8217;origine, l&#8217;entreprise \u00e9tait sp\u00e9cialis\u00e9e dans la production de pi\u00e8ces en acier pour l&#8217;industrie lourde, comme les mines, les usines de cimeti\u00e8re et d&#8217;autres clients sp\u00e9cialis\u00e9s. Suite \u00e0 la demande d&#8217;un client (Foundry) de trouver une solution et une alternative \u00e0 toutes les cassures d&#8217;embellissement en fonte, M. Prescott a fait sa propre analyse et a commenc\u00e9 la production d&#8217;un anneau d&#8217;embellissement en acier vendu sous le nom de marque Ring-O-Pave. C&#8217;est le d\u00e9but d&#8217;une nouvelle aventure.<\/p>\n<p>En 1986, M. Prescott a vendu Prescott Metal pour se consacrer exclusivement \u00e0 la fabrication du produit Ring-O-Pave. M. Prescott a obtenu 5 brevets avec le Ring-O-Pave suite au succ\u00e8s du produit aupr\u00e8s d&#8217;industries telles que les mines, les distilleries, les fonderies, les usines de traitement des eaux us\u00e9es et d&#8217;autres clients.<\/p>\n<p>En 1994, un nouveau march\u00e9 \u00e9merge avec la fabrication de produits \u00e0 base de pneus recycl\u00e9s. C&#8217;est le d\u00e9but d&#8217;une nouvelle \u00e8re, l&#8217;introduction du Flex-O-Ring. Ce cadre fabriqu\u00e9 \u00e0 partir de caoutchouc 100 % recycl\u00e9 est le r\u00e9sultat de deux ann\u00e9es de recherche et de d\u00e9veloppement qui ont abouti \u00e0 l&#8217;obtention d&#8217;un autre brevet. Fort de son succ\u00e8s, le Flex-O-Ring continue de r\u00e9pondre aux besoins des villes et des autres acteurs de l&#8217;entretien des routes.<\/p>\n<p>L&#8217;ann\u00e9e 2005 a \u00e9t\u00e9 difficile : un incendie a ravag\u00e9 les installations de l&#8217;entreprise. Gr\u00e2ce \u00e0 son esprit d&#8217;entreprise, M. Prescott a pris la d\u00e9cision de r\u00e9organiser la soci\u00e9t\u00e9 en d\u00e9m\u00e9nageant dans une usine plus grande \u00e0 Boisbriand. Bien que le d\u00e9but de l&#8217;ann\u00e9e ait \u00e9t\u00e9 difficile, cette situation a \u00e9t\u00e9 en quelque sorte b\u00e9n\u00e9fique pour l&#8217;entreprise, car elle lui a permis de se repositionner pour devenir l&#8217;une des usines les plus productives d&#8217;Am\u00e9rique du Nord gr\u00e2ce \u00e0 l&#8217;introduction de ses propres processus automatis\u00e9s et d&#8217;\u00e9quipements plus efficaces.<\/p>\n<p>En 2006, l&#8217;entreprise a commenc\u00e9 \u00e0 vendre ses produits sur le continent europ\u00e9en. Aujourd&#8217;hui, l&#8217;entreprise compte parmi les plus performantes dans la conception et la fabrication de produits sur mesure pour ses clients. Nos produits, Ring-O-Pave, Flex-O-Ring et tous les produits sp\u00e9cialis\u00e9s pour la route et la s\u00e9curit\u00e9 sont disponibles \u00e0 travers notre r\u00e9seau de distribution en Am\u00e9rique du Nord.<\/p>\n\t\t\t\t\t\t\t\t<\/div>\n\t\t\t\t<\/div>\n\t\t\t\t\t<\/div>\n\t\t<\/div>\n\t\t\t\t\t<\/div>\n\t\t<\/section>\n\t\t\t\t\t<\/div>\n\t\t<\/div>\n\t\t\t\t\t<\/div>\n\t\t<\/section>\n\t\t\t\t<\/div>\n\t\t","protected":false},"excerpt":{"rendered":"<p>LA MISSION Presfab Inc. est une entreprise manufacturi\u00e8re sp\u00e9cialis\u00e9e dans la conception et le d\u00e9veloppement de produits destin\u00e9s \u00e0 l&#8217;entretien des r\u00e9seaux routiers. Notre mission est d&#8217;offrir une gamme de produits qui r\u00e9pondent aux besoins de nos clients. Presfab Inc. commercialise ses produits en acier sous la marque Ring-O-Pave\u2122 et Highway &amp; Rubber sous la [&hellip;]<\/p>\n","protected":false},"author":1,"featured_media":0,"parent":0,"menu_order":0,"comment_status":"closed","ping_status":"closed","template":"elementor_header_footer","meta":{"content-type":"","footnotes":""},"class_list":["post-2440","page","type-page","status-publish","hentry"],"yoast_head":"<!-- This site is optimized with the Yoast SEO Premium plugin v24.3 (Yoast SEO v24.3) - https:\/\/yoast.com\/wordpress\/plugins\/seo\/ -->\n<title>L&#039;entreprise - PRESFAB HIGHWAY<\/title>\n<meta name=\"robots\" content=\"index, follow, max-snippet:-1, max-image-preview:large, max-video-preview:-1\" \/>\n<link rel=\"canonical\" href=\"https:\/\/presfab.ca\/fr\/lentreprise\/\" \/>\n<meta property=\"og:locale\" content=\"fr_FR\" \/>\n<meta property=\"og:type\" content=\"article\" \/>\n<meta property=\"og:title\" content=\"L&#039;entreprise\" \/>\n<meta property=\"og:description\" content=\"LA MISSION Presfab Inc. est une entreprise manufacturi\u00e8re sp\u00e9cialis\u00e9e dans la conception et le d\u00e9veloppement de produits destin\u00e9s \u00e0 l&#8217;entretien des r\u00e9seaux routiers. Notre mission est d&#8217;offrir une gamme de produits qui r\u00e9pondent aux besoins de nos clients. Presfab Inc. commercialise ses produits en acier sous la marque Ring-O-Pave\u2122 et Highway &amp; Rubber sous la [&hellip;]\" \/>\n<meta property=\"og:url\" content=\"https:\/\/presfab.ca\/fr\/lentreprise\/\" \/>\n<meta property=\"og:site_name\" content=\"PRESFAB HIGHWAY\" \/>\n<meta property=\"article:publisher\" content=\"https:\/\/www.facebook.com\/PresfabHighway\" \/>\n<meta property=\"article:modified_time\" content=\"2025-02-01T22:28:45+00:00\" \/>\n<meta property=\"og:image\" content=\"https:\/\/presfab.ca\/wp-content\/uploads\/2024\/10\/logo_HighwayGarantie-1.jpg\" \/>\n<meta name=\"twitter:card\" content=\"summary_large_image\" \/>\n<meta name=\"twitter:site\" content=\"@PresfabHighway\" \/>\n<meta name=\"twitter:label1\" content=\"Dur\u00e9e de lecture estim\u00e9e\" \/>\n\t<meta name=\"twitter:data1\" content=\"3 minutes\" \/>\n<script type=\"application\/ld+json\" class=\"yoast-schema-graph\">{\"@context\":\"https:\/\/schema.org\",\"@graph\":[{\"@type\":\"WebPage\",\"@id\":\"https:\/\/presfab.ca\/fr\/lentreprise\/\",\"url\":\"https:\/\/presfab.ca\/fr\/lentreprise\/\",\"name\":\"L'entreprise - PRESFAB HIGHWAY\",\"isPartOf\":{\"@id\":\"https:\/\/presfab.ca\/fr\/#website\"},\"primaryImageOfPage\":{\"@id\":\"https:\/\/presfab.ca\/fr\/lentreprise\/#primaryimage\"},\"image\":{\"@id\":\"https:\/\/presfab.ca\/fr\/lentreprise\/#primaryimage\"},\"thumbnailUrl\":\"https:\/\/presfab.ca\/wp-content\/uploads\/2024\/10\/logo_HighwayGarantie-1.jpg\",\"datePublished\":\"2024-10-21T05:47:29+00:00\",\"dateModified\":\"2025-02-01T22:28:45+00:00\",\"breadcrumb\":{\"@id\":\"https:\/\/presfab.ca\/fr\/lentreprise\/#breadcrumb\"},\"inLanguage\":\"fr-FR\",\"potentialAction\":[{\"@type\":\"ReadAction\",\"target\":[\"https:\/\/presfab.ca\/fr\/lentreprise\/\"]}]},{\"@type\":\"ImageObject\",\"inLanguage\":\"fr-FR\",\"@id\":\"https:\/\/presfab.ca\/fr\/lentreprise\/#primaryimage\",\"url\":\"https:\/\/presfab.ca\/wp-content\/uploads\/2024\/10\/logo_HighwayGarantie-1.jpg\",\"contentUrl\":\"https:\/\/presfab.ca\/wp-content\/uploads\/2024\/10\/logo_HighwayGarantie-1.jpg\"},{\"@type\":\"BreadcrumbList\",\"@id\":\"https:\/\/presfab.ca\/fr\/lentreprise\/#breadcrumb\",\"itemListElement\":[{\"@type\":\"ListItem\",\"position\":1,\"name\":\"Home\",\"item\":\"https:\/\/presfab.ca\/fr\/\"},{\"@type\":\"ListItem\",\"position\":2,\"name\":\"L&#8217;entreprise\"}]},{\"@type\":\"WebSite\",\"@id\":\"https:\/\/presfab.ca\/fr\/#website\",\"url\":\"https:\/\/presfab.ca\/fr\/\",\"name\":\"PRESFAB HIGHWAY\",\"description\":\"Manhole Riser Rings, Delineator Bases, Channelizer Bases, Sign bases and more!\",\"publisher\":{\"@id\":\"https:\/\/presfab.ca\/fr\/#organization\"},\"potentialAction\":[{\"@type\":\"SearchAction\",\"target\":{\"@type\":\"EntryPoint\",\"urlTemplate\":\"https:\/\/presfab.ca\/fr\/?s={search_term_string}\"},\"query-input\":{\"@type\":\"PropertyValueSpecification\",\"valueRequired\":true,\"valueName\":\"search_term_string\"}}],\"inLanguage\":\"fr-FR\"},{\"@type\":\"Organization\",\"@id\":\"https:\/\/presfab.ca\/fr\/#organization\",\"name\":\"PRESFAB HIGHWAY\",\"url\":\"https:\/\/presfab.ca\/fr\/\",\"logo\":{\"@type\":\"ImageObject\",\"inLanguage\":\"fr-FR\",\"@id\":\"https:\/\/presfab.ca\/fr\/#\/schema\/logo\/image\/\",\"url\":\"https:\/\/presfab.ca\/wp-content\/uploads\/2025\/01\/Asset-1ZoomOut.png\",\"contentUrl\":\"https:\/\/presfab.ca\/wp-content\/uploads\/2025\/01\/Asset-1ZoomOut.png\",\"width\":118,\"height\":46,\"caption\":\"PRESFAB HIGHWAY\"},\"image\":{\"@id\":\"https:\/\/presfab.ca\/fr\/#\/schema\/logo\/image\/\"},\"sameAs\":[\"https:\/\/www.facebook.com\/PresfabHighway\",\"https:\/\/x.com\/PresfabHighway\",\"https:\/\/www.linkedin.com\/company\/presfab-highway\/?viewAsMember=true\"],\"description\":\"Presfab Highway is a manufacturer of traffic safety products, and manhole and aquaduct grade riser rings. We make bases for Channelizer drums (TR& & TC54), Bases for RD-10 Delineator Posts, Temporary sign bases, speed bumps.\",\"email\":\"sales@presfab.ca\",\"telephone\":\"450-979-0007\"}]}<\/script>\n<!-- \/ Yoast SEO Premium plugin. -->","yoast_head_json":{"title":"L'entreprise - PRESFAB HIGHWAY","robots":{"index":"index","follow":"follow","max-snippet":"max-snippet:-1","max-image-preview":"max-image-preview:large","max-video-preview":"max-video-preview:-1"},"canonical":"https:\/\/presfab.ca\/fr\/lentreprise\/","og_locale":"fr_FR","og_type":"article","og_title":"L'entreprise","og_description":"LA MISSION Presfab Inc. est une entreprise manufacturi\u00e8re sp\u00e9cialis\u00e9e dans la conception et le d\u00e9veloppement de produits destin\u00e9s \u00e0 l&#8217;entretien des r\u00e9seaux routiers. Notre mission est d&#8217;offrir une gamme de produits qui r\u00e9pondent aux besoins de nos clients. Presfab Inc. commercialise ses produits en acier sous la marque Ring-O-Pave\u2122 et Highway &amp; Rubber sous la [&hellip;]","og_url":"https:\/\/presfab.ca\/fr\/lentreprise\/","og_site_name":"PRESFAB HIGHWAY","article_publisher":"https:\/\/www.facebook.com\/PresfabHighway","article_modified_time":"2025-02-01T22:28:45+00:00","og_image":[{"url":"https:\/\/presfab.ca\/wp-content\/uploads\/2024\/10\/logo_HighwayGarantie-1.jpg","type":"","width":"","height":""}],"twitter_card":"summary_large_image","twitter_site":"@PresfabHighway","twitter_misc":{"Dur\u00e9e de lecture estim\u00e9e":"3 minutes"},"schema":{"@context":"https:\/\/schema.org","@graph":[{"@type":"WebPage","@id":"https:\/\/presfab.ca\/fr\/lentreprise\/","url":"https:\/\/presfab.ca\/fr\/lentreprise\/","name":"L'entreprise - PRESFAB HIGHWAY","isPartOf":{"@id":"https:\/\/presfab.ca\/fr\/#website"},"primaryImageOfPage":{"@id":"https:\/\/presfab.ca\/fr\/lentreprise\/#primaryimage"},"image":{"@id":"https:\/\/presfab.ca\/fr\/lentreprise\/#primaryimage"},"thumbnailUrl":"https:\/\/presfab.ca\/wp-content\/uploads\/2024\/10\/logo_HighwayGarantie-1.jpg","datePublished":"2024-10-21T05:47:29+00:00","dateModified":"2025-02-01T22:28:45+00:00","breadcrumb":{"@id":"https:\/\/presfab.ca\/fr\/lentreprise\/#breadcrumb"},"inLanguage":"fr-FR","potentialAction":[{"@type":"ReadAction","target":["https:\/\/presfab.ca\/fr\/lentreprise\/"]}]},{"@type":"ImageObject","inLanguage":"fr-FR","@id":"https:\/\/presfab.ca\/fr\/lentreprise\/#primaryimage","url":"https:\/\/presfab.ca\/wp-content\/uploads\/2024\/10\/logo_HighwayGarantie-1.jpg","contentUrl":"https:\/\/presfab.ca\/wp-content\/uploads\/2024\/10\/logo_HighwayGarantie-1.jpg"},{"@type":"BreadcrumbList","@id":"https:\/\/presfab.ca\/fr\/lentreprise\/#breadcrumb","itemListElement":[{"@type":"ListItem","position":1,"name":"Home","item":"https:\/\/presfab.ca\/fr\/"},{"@type":"ListItem","position":2,"name":"L&#8217;entreprise"}]},{"@type":"WebSite","@id":"https:\/\/presfab.ca\/fr\/#website","url":"https:\/\/presfab.ca\/fr\/","name":"PRESFAB HIGHWAY","description":"Manhole Riser Rings, Delineator Bases, Channelizer Bases, Sign bases and more!","publisher":{"@id":"https:\/\/presfab.ca\/fr\/#organization"},"potentialAction":[{"@type":"SearchAction","target":{"@type":"EntryPoint","urlTemplate":"https:\/\/presfab.ca\/fr\/?s={search_term_string}"},"query-input":{"@type":"PropertyValueSpecification","valueRequired":true,"valueName":"search_term_string"}}],"inLanguage":"fr-FR"},{"@type":"Organization","@id":"https:\/\/presfab.ca\/fr\/#organization","name":"PRESFAB HIGHWAY","url":"https:\/\/presfab.ca\/fr\/","logo":{"@type":"ImageObject","inLanguage":"fr-FR","@id":"https:\/\/presfab.ca\/fr\/#\/schema\/logo\/image\/","url":"https:\/\/presfab.ca\/wp-content\/uploads\/2025\/01\/Asset-1ZoomOut.png","contentUrl":"https:\/\/presfab.ca\/wp-content\/uploads\/2025\/01\/Asset-1ZoomOut.png","width":118,"height":46,"caption":"PRESFAB HIGHWAY"},"image":{"@id":"https:\/\/presfab.ca\/fr\/#\/schema\/logo\/image\/"},"sameAs":["https:\/\/www.facebook.com\/PresfabHighway","https:\/\/x.com\/PresfabHighway","https:\/\/www.linkedin.com\/company\/presfab-highway\/?viewAsMember=true"],"description":"Presfab Highway is a manufacturer of traffic safety products, and manhole and aquaduct grade riser rings. We make bases for Channelizer drums (TR& & TC54), Bases for RD-10 Delineator Posts, Temporary sign bases, speed bumps.","email":"sales@presfab.ca","telephone":"450-979-0007"}]}},"jetpack_sharing_enabled":true,"_links":{"self":[{"href":"https:\/\/presfab.ca\/fr\/wp-json\/wp\/v2\/pages\/2440","targetHints":{"allow":["GET"]}}],"collection":[{"href":"https:\/\/presfab.ca\/fr\/wp-json\/wp\/v2\/pages"}],"about":[{"href":"https:\/\/presfab.ca\/fr\/wp-json\/wp\/v2\/types\/page"}],"author":[{"embeddable":true,"href":"https:\/\/presfab.ca\/fr\/wp-json\/wp\/v2\/users\/1"}],"replies":[{"embeddable":true,"href":"https:\/\/presfab.ca\/fr\/wp-json\/wp\/v2\/comments?post=2440"}],"version-history":[{"count":2,"href":"https:\/\/presfab.ca\/fr\/wp-json\/wp\/v2\/pages\/2440\/revisions"}],"predecessor-version":[{"id":2442,"href":"https:\/\/presfab.ca\/fr\/wp-json\/wp\/v2\/pages\/2440\/revisions\/2442"}],"wp:attachment":[{"href":"https:\/\/presfab.ca\/fr\/wp-json\/wp\/v2\/media?parent=2440"}],"curies":[{"name":"wp","href":"https:\/\/api.w.org\/{rel}","templated":true}]}}