{"id":2480,"date":"2025-01-26T19:35:59","date_gmt":"2025-01-26T19:35:59","guid":{"rendered":"https:\/\/presfab.ca\/ralentissement-sinusoidal\/"},"modified":"2025-02-01T22:29:21","modified_gmt":"2025-02-01T22:29:21","slug":"ralentissement-sinusoidal","status":"publish","type":"page","link":"https:\/\/presfab.ca\/fr\/ralentissement-sinusoidal\/","title":{"rendered":"Ralentissement sinuso\u00efdal"},"content":{"rendered":"\t\t<div data-elementor-type=\"wp-page\" data-elementor-id=\"2480\" class=\"elementor elementor-2480 elementor-1601\" data-elementor-post-type=\"page\">\n\t\t\t\t<div class=\"elementor-element elementor-element-57426f1 e-flex e-con-boxed e-con e-parent\" data-id=\"57426f1\" data-element_type=\"container\" data-settings=\"{&quot;ekit_has_onepagescroll_dot&quot;:&quot;yes&quot;}\">\n\t\t\t\t\t<div class=\"e-con-inner\">\n\t\t<div class=\"elementor-element elementor-element-6dfc3f6 e-con-full e-flex e-con e-child\" data-id=\"6dfc3f6\" data-element_type=\"container\" data-settings=\"{&quot;ekit_has_onepagescroll_dot&quot;:&quot;yes&quot;}\">\n\t\t<div class=\"elementor-element elementor-element-a8e3594 e-con-full e-flex e-con e-child\" data-id=\"a8e3594\" data-element_type=\"container\" data-settings=\"{&quot;ekit_has_onepagescroll_dot&quot;:&quot;yes&quot;}\">\n\t\t\t\t<div class=\"elementor-element elementor-element-2d56b94 elementor-widget elementor-widget-image\" data-id=\"2d56b94\" data-element_type=\"widget\" data-settings=\"{&quot;ekit_we_effect_on&quot;:&quot;none&quot;}\" data-widget_type=\"image.default\">\n\t\t\t\t<div class=\"elementor-widget-container\">\n\t\t\t\t\t\t\t\t\t\t\t\t\t\t\t<img fetchpriority=\"high\" decoding=\"async\" width=\"593\" height=\"297\" src=\"https:\/\/presfab.ca\/wp-content\/uploads\/2024\/10\/speedbump.png\" class=\"attachment-full size-full wp-image-790\" alt=\"\" srcset=\"https:\/\/presfab.ca\/wp-content\/uploads\/2024\/10\/speedbump.png 593w, https:\/\/presfab.ca\/wp-content\/uploads\/2024\/10\/speedbump-300x150.png 300w\" sizes=\"(max-width: 593px) 100vw, 593px\" \/>\t\t\t\t\t\t\t\t\t\t\t\t\t\t\t<\/div>\n\t\t\t\t<\/div>\n\t\t\t\t<div class=\"elementor-element elementor-element-6f7c157 elementor-widget elementor-widget-text-editor\" data-id=\"6f7c157\" data-element_type=\"widget\" data-settings=\"{&quot;ekit_we_effect_on&quot;:&quot;none&quot;}\" data-widget_type=\"text-editor.default\">\n\t\t\t\t<div class=\"elementor-widget-container\">\n\t\t\t\t\t\t\t\t\t<h5><strong>CARACT\u00c9RISTIQUES ET AVANTAGES<\/strong><\/h5>\n<ul>\n<li>Fabriqu\u00e9 en caoutchouc 100% recycl\u00e9<\/li>\n<li>R\u00e9siste \u00e0 tous les temps<\/li>\n<li>R\u00e9siste aux rayons UV<\/li>\n<li>R\u00e9siste \u00e0 l&#8217;humidit\u00e9 et \u00e0 l&#8217;huile.<\/li>\n<li>R\u00e9siste aux variations extr\u00eames de temp\u00e9rature.<\/li>\n<li>Peut \u00eatre install\u00e9 par une seule personne en moins de 10 minutes<\/li>\n<li>Durable<\/li>\n<li>Sans entretien<\/li>\n<li>Flexible, permettant de s&#8217;adapter aux imperfections de la surface<\/li>\n<li>Fabriqu\u00e9 avec 2 canaux canalis\u00e9s pour permettre l&#8217;installation de c\u00e2bles, de tuyaux et de conduites en dessous.<\/li>\n<li>Id\u00e9al pour les zones r\u00e9sidentielles, les \u00e9coles, les parcs ainsi que les parkings, les parkings d&#8217;h\u00f4tels, les centres commerciaux et autres.<\/li>\n<\/ul>\n\t\t\t\t\t\t\t\t<\/div>\n\t\t\t\t<\/div>\n\t\t\t\t<\/div>\n\t\t<div class=\"elementor-element elementor-element-59a20cc e-con-full e-flex e-con e-child\" data-id=\"59a20cc\" data-element_type=\"container\" data-settings=\"{&quot;ekit_has_onepagescroll_dot&quot;:&quot;yes&quot;}\">\n\t\t\t\t<div class=\"elementor-element elementor-element-4d3dca6 elementor-align-justify elementor-widget elementor-widget-button\" data-id=\"4d3dca6\" data-element_type=\"widget\" data-settings=\"{&quot;ekit_we_effect_on&quot;:&quot;none&quot;}\" data-widget_type=\"button.default\">\n\t\t\t\t<div class=\"elementor-widget-container\">\n\t\t\t\t\t\t\t\t\t<div class=\"elementor-button-wrapper\">\n\t\t\t\t\t<a class=\"elementor-button elementor-button-link elementor-size-sm\" href=\"https:\/\/presfab.ca\/fr\/contactez-nous\/\">\n\t\t\t\t\t\t<span class=\"elementor-button-content-wrapper\">\n\t\t\t\t\t\t\t\t\t<span class=\"elementor-button-text\">Obtenir un devis<\/span>\n\t\t\t\t\t<\/span>\n\t\t\t\t\t<\/a>\n\t\t\t\t<\/div>\n\t\t\t\t\t\t\t\t<\/div>\n\t\t\t\t<\/div>\n\t\t\t\t<\/div>\n\t\t\t\t<\/div>\n\t\t\t\t\t<\/div>\n\t\t\t\t<\/div>\n\t\t\t\t<\/div>\n\t\t","protected":false},"excerpt":{"rendered":"<p>CARACT\u00c9RISTIQUES ET AVANTAGES Fabriqu\u00e9 en caoutchouc 100% recycl\u00e9 R\u00e9siste \u00e0 tous les temps R\u00e9siste aux rayons UV R\u00e9siste \u00e0 l&#8217;humidit\u00e9 et \u00e0 l&#8217;huile. R\u00e9siste aux variations extr\u00eames de temp\u00e9rature. Peut \u00eatre install\u00e9 par une seule personne en moins de 10 minutes Durable Sans entretien Flexible, permettant de s&#8217;adapter aux imperfections de la surface Fabriqu\u00e9 avec [&hellip;]<\/p>\n","protected":false},"author":2,"featured_media":0,"parent":0,"menu_order":0,"comment_status":"closed","ping_status":"closed","template":"","meta":{"content-type":"","footnotes":""},"class_list":["post-2480","page","type-page","status-publish","hentry"],"yoast_head":"<!-- This site is optimized with the Yoast SEO Premium plugin v24.3 (Yoast SEO v24.3) - https:\/\/yoast.com\/wordpress\/plugins\/seo\/ -->\n<title>Ralentissement sinuso\u00efdal - PRESFAB HIGHWAY<\/title>\n<meta name=\"robots\" content=\"index, follow, max-snippet:-1, max-image-preview:large, max-video-preview:-1\" \/>\n<link rel=\"canonical\" href=\"https:\/\/presfab.ca\/fr\/ralentissement-sinusoidal\/\" \/>\n<meta property=\"og:locale\" content=\"fr_FR\" \/>\n<meta property=\"og:type\" content=\"article\" \/>\n<meta property=\"og:title\" content=\"Ralentissement sinuso\u00efdal\" \/>\n<meta property=\"og:description\" content=\"CARACT\u00c9RISTIQUES ET AVANTAGES Fabriqu\u00e9 en caoutchouc 100% recycl\u00e9 R\u00e9siste \u00e0 tous les temps R\u00e9siste aux rayons UV R\u00e9siste \u00e0 l&#8217;humidit\u00e9 et \u00e0 l&#8217;huile. R\u00e9siste aux variations extr\u00eames de temp\u00e9rature. Peut \u00eatre install\u00e9 par une seule personne en moins de 10 minutes Durable Sans entretien Flexible, permettant de s&#8217;adapter aux imperfections de la surface Fabriqu\u00e9 avec [&hellip;]\" \/>\n<meta property=\"og:url\" content=\"https:\/\/presfab.ca\/fr\/ralentissement-sinusoidal\/\" \/>\n<meta property=\"og:site_name\" content=\"PRESFAB HIGHWAY\" \/>\n<meta property=\"article:publisher\" content=\"https:\/\/www.facebook.com\/PresfabHighway\" \/>\n<meta property=\"article:modified_time\" content=\"2025-02-01T22:29:21+00:00\" \/>\n<meta property=\"og:image\" content=\"https:\/\/presfab.ca\/wp-content\/uploads\/2024\/10\/speedbump.png\" \/>\n<meta name=\"twitter:card\" content=\"summary_large_image\" \/>\n<meta name=\"twitter:site\" content=\"@PresfabHighway\" \/>\n<meta name=\"twitter:label1\" content=\"Dur\u00e9e de lecture estim\u00e9e\" \/>\n\t<meta name=\"twitter:data1\" content=\"1 minute\" \/>\n<script type=\"application\/ld+json\" class=\"yoast-schema-graph\">{\"@context\":\"https:\/\/schema.org\",\"@graph\":[{\"@type\":\"WebPage\",\"@id\":\"https:\/\/presfab.ca\/fr\/ralentissement-sinusoidal\/\",\"url\":\"https:\/\/presfab.ca\/fr\/ralentissement-sinusoidal\/\",\"name\":\"Ralentissement sinuso\u00efdal - PRESFAB HIGHWAY\",\"isPartOf\":{\"@id\":\"https:\/\/presfab.ca\/fr\/#website\"},\"primaryImageOfPage\":{\"@id\":\"https:\/\/presfab.ca\/fr\/ralentissement-sinusoidal\/#primaryimage\"},\"image\":{\"@id\":\"https:\/\/presfab.ca\/fr\/ralentissement-sinusoidal\/#primaryimage\"},\"thumbnailUrl\":\"https:\/\/presfab.ca\/wp-content\/uploads\/2024\/10\/speedbump.png\",\"datePublished\":\"2025-01-26T19:35:59+00:00\",\"dateModified\":\"2025-02-01T22:29:21+00:00\",\"breadcrumb\":{\"@id\":\"https:\/\/presfab.ca\/fr\/ralentissement-sinusoidal\/#breadcrumb\"},\"inLanguage\":\"fr-FR\",\"potentialAction\":[{\"@type\":\"ReadAction\",\"target\":[\"https:\/\/presfab.ca\/fr\/ralentissement-sinusoidal\/\"]}]},{\"@type\":\"ImageObject\",\"inLanguage\":\"fr-FR\",\"@id\":\"https:\/\/presfab.ca\/fr\/ralentissement-sinusoidal\/#primaryimage\",\"url\":\"https:\/\/presfab.ca\/wp-content\/uploads\/2024\/10\/speedbump.png\",\"contentUrl\":\"https:\/\/presfab.ca\/wp-content\/uploads\/2024\/10\/speedbump.png\"},{\"@type\":\"BreadcrumbList\",\"@id\":\"https:\/\/presfab.ca\/fr\/ralentissement-sinusoidal\/#breadcrumb\",\"itemListElement\":[{\"@type\":\"ListItem\",\"position\":1,\"name\":\"Home\",\"item\":\"https:\/\/presfab.ca\/fr\/\"},{\"@type\":\"ListItem\",\"position\":2,\"name\":\"Ralentissement sinuso\u00efdal\"}]},{\"@type\":\"WebSite\",\"@id\":\"https:\/\/presfab.ca\/fr\/#website\",\"url\":\"https:\/\/presfab.ca\/fr\/\",\"name\":\"PRESFAB HIGHWAY\",\"description\":\"Manhole Riser Rings, Delineator Bases, Channelizer Bases, Sign bases and more!\",\"publisher\":{\"@id\":\"https:\/\/presfab.ca\/fr\/#organization\"},\"potentialAction\":[{\"@type\":\"SearchAction\",\"target\":{\"@type\":\"EntryPoint\",\"urlTemplate\":\"https:\/\/presfab.ca\/fr\/?s={search_term_string}\"},\"query-input\":{\"@type\":\"PropertyValueSpecification\",\"valueRequired\":true,\"valueName\":\"search_term_string\"}}],\"inLanguage\":\"fr-FR\"},{\"@type\":\"Organization\",\"@id\":\"https:\/\/presfab.ca\/fr\/#organization\",\"name\":\"PRESFAB HIGHWAY\",\"url\":\"https:\/\/presfab.ca\/fr\/\",\"logo\":{\"@type\":\"ImageObject\",\"inLanguage\":\"fr-FR\",\"@id\":\"https:\/\/presfab.ca\/fr\/#\/schema\/logo\/image\/\",\"url\":\"https:\/\/presfab.ca\/wp-content\/uploads\/2025\/01\/Asset-1ZoomOut.png\",\"contentUrl\":\"https:\/\/presfab.ca\/wp-content\/uploads\/2025\/01\/Asset-1ZoomOut.png\",\"width\":118,\"height\":46,\"caption\":\"PRESFAB HIGHWAY\"},\"image\":{\"@id\":\"https:\/\/presfab.ca\/fr\/#\/schema\/logo\/image\/\"},\"sameAs\":[\"https:\/\/www.facebook.com\/PresfabHighway\",\"https:\/\/x.com\/PresfabHighway\",\"https:\/\/www.linkedin.com\/company\/presfab-highway\/?viewAsMember=true\"],\"description\":\"Presfab Highway is a manufacturer of traffic safety products, and manhole and aquaduct grade riser rings. We make bases for Channelizer drums (TR& & TC54), Bases for RD-10 Delineator Posts, Temporary sign bases, speed bumps.\",\"email\":\"sales@presfab.ca\",\"telephone\":\"450-979-0007\"}]}<\/script>\n<!-- \/ Yoast SEO Premium plugin. -->","yoast_head_json":{"title":"Ralentissement sinuso\u00efdal - PRESFAB HIGHWAY","robots":{"index":"index","follow":"follow","max-snippet":"max-snippet:-1","max-image-preview":"max-image-preview:large","max-video-preview":"max-video-preview:-1"},"canonical":"https:\/\/presfab.ca\/fr\/ralentissement-sinusoidal\/","og_locale":"fr_FR","og_type":"article","og_title":"Ralentissement sinuso\u00efdal","og_description":"CARACT\u00c9RISTIQUES ET AVANTAGES Fabriqu\u00e9 en caoutchouc 100% recycl\u00e9 R\u00e9siste \u00e0 tous les temps R\u00e9siste aux rayons UV R\u00e9siste \u00e0 l&#8217;humidit\u00e9 et \u00e0 l&#8217;huile. R\u00e9siste aux variations extr\u00eames de temp\u00e9rature. Peut \u00eatre install\u00e9 par une seule personne en moins de 10 minutes Durable Sans entretien Flexible, permettant de s&#8217;adapter aux imperfections de la surface Fabriqu\u00e9 avec [&hellip;]","og_url":"https:\/\/presfab.ca\/fr\/ralentissement-sinusoidal\/","og_site_name":"PRESFAB HIGHWAY","article_publisher":"https:\/\/www.facebook.com\/PresfabHighway","article_modified_time":"2025-02-01T22:29:21+00:00","og_image":[{"url":"https:\/\/presfab.ca\/wp-content\/uploads\/2024\/10\/speedbump.png","type":"","width":"","height":""}],"twitter_card":"summary_large_image","twitter_site":"@PresfabHighway","twitter_misc":{"Dur\u00e9e de lecture estim\u00e9e":"1 minute"},"schema":{"@context":"https:\/\/schema.org","@graph":[{"@type":"WebPage","@id":"https:\/\/presfab.ca\/fr\/ralentissement-sinusoidal\/","url":"https:\/\/presfab.ca\/fr\/ralentissement-sinusoidal\/","name":"Ralentissement sinuso\u00efdal - PRESFAB HIGHWAY","isPartOf":{"@id":"https:\/\/presfab.ca\/fr\/#website"},"primaryImageOfPage":{"@id":"https:\/\/presfab.ca\/fr\/ralentissement-sinusoidal\/#primaryimage"},"image":{"@id":"https:\/\/presfab.ca\/fr\/ralentissement-sinusoidal\/#primaryimage"},"thumbnailUrl":"https:\/\/presfab.ca\/wp-content\/uploads\/2024\/10\/speedbump.png","datePublished":"2025-01-26T19:35:59+00:00","dateModified":"2025-02-01T22:29:21+00:00","breadcrumb":{"@id":"https:\/\/presfab.ca\/fr\/ralentissement-sinusoidal\/#breadcrumb"},"inLanguage":"fr-FR","potentialAction":[{"@type":"ReadAction","target":["https:\/\/presfab.ca\/fr\/ralentissement-sinusoidal\/"]}]},{"@type":"ImageObject","inLanguage":"fr-FR","@id":"https:\/\/presfab.ca\/fr\/ralentissement-sinusoidal\/#primaryimage","url":"https:\/\/presfab.ca\/wp-content\/uploads\/2024\/10\/speedbump.png","contentUrl":"https:\/\/presfab.ca\/wp-content\/uploads\/2024\/10\/speedbump.png"},{"@type":"BreadcrumbList","@id":"https:\/\/presfab.ca\/fr\/ralentissement-sinusoidal\/#breadcrumb","itemListElement":[{"@type":"ListItem","position":1,"name":"Home","item":"https:\/\/presfab.ca\/fr\/"},{"@type":"ListItem","position":2,"name":"Ralentissement sinuso\u00efdal"}]},{"@type":"WebSite","@id":"https:\/\/presfab.ca\/fr\/#website","url":"https:\/\/presfab.ca\/fr\/","name":"PRESFAB HIGHWAY","description":"Manhole Riser Rings, Delineator Bases, Channelizer Bases, Sign bases and more!","publisher":{"@id":"https:\/\/presfab.ca\/fr\/#organization"},"potentialAction":[{"@type":"SearchAction","target":{"@type":"EntryPoint","urlTemplate":"https:\/\/presfab.ca\/fr\/?s={search_term_string}"},"query-input":{"@type":"PropertyValueSpecification","valueRequired":true,"valueName":"search_term_string"}}],"inLanguage":"fr-FR"},{"@type":"Organization","@id":"https:\/\/presfab.ca\/fr\/#organization","name":"PRESFAB HIGHWAY","url":"https:\/\/presfab.ca\/fr\/","logo":{"@type":"ImageObject","inLanguage":"fr-FR","@id":"https:\/\/presfab.ca\/fr\/#\/schema\/logo\/image\/","url":"https:\/\/presfab.ca\/wp-content\/uploads\/2025\/01\/Asset-1ZoomOut.png","contentUrl":"https:\/\/presfab.ca\/wp-content\/uploads\/2025\/01\/Asset-1ZoomOut.png","width":118,"height":46,"caption":"PRESFAB HIGHWAY"},"image":{"@id":"https:\/\/presfab.ca\/fr\/#\/schema\/logo\/image\/"},"sameAs":["https:\/\/www.facebook.com\/PresfabHighway","https:\/\/x.com\/PresfabHighway","https:\/\/www.linkedin.com\/company\/presfab-highway\/?viewAsMember=true"],"description":"Presfab Highway is a manufacturer of traffic safety products, and manhole and aquaduct grade riser rings. We make bases for Channelizer drums (TR& & TC54), Bases for RD-10 Delineator Posts, Temporary sign bases, speed bumps.","email":"sales@presfab.ca","telephone":"450-979-0007"}]}},"jetpack_sharing_enabled":true,"_links":{"self":[{"href":"https:\/\/presfab.ca\/fr\/wp-json\/wp\/v2\/pages\/2480","targetHints":{"allow":["GET"]}}],"collection":[{"href":"https:\/\/presfab.ca\/fr\/wp-json\/wp\/v2\/pages"}],"about":[{"href":"https:\/\/presfab.ca\/fr\/wp-json\/wp\/v2\/types\/page"}],"author":[{"embeddable":true,"href":"https:\/\/presfab.ca\/fr\/wp-json\/wp\/v2\/users\/2"}],"replies":[{"embeddable":true,"href":"https:\/\/presfab.ca\/fr\/wp-json\/wp\/v2\/comments?post=2480"}],"version-history":[{"count":2,"href":"https:\/\/presfab.ca\/fr\/wp-json\/wp\/v2\/pages\/2480\/revisions"}],"predecessor-version":[{"id":2514,"href":"https:\/\/presfab.ca\/fr\/wp-json\/wp\/v2\/pages\/2480\/revisions\/2514"}],"wp:attachment":[{"href":"https:\/\/presfab.ca\/fr\/wp-json\/wp\/v2\/media?parent=2480"}],"curies":[{"name":"wp","href":"https:\/\/api.w.org\/{rel}","templated":true}]}}