{"id":2525,"date":"2025-01-26T19:40:45","date_gmt":"2025-01-26T19:40:45","guid":{"rendered":"https:\/\/presfab.ca\/base-du-canalisateur\/"},"modified":"2025-08-06T00:54:45","modified_gmt":"2025-08-06T00:54:45","slug":"base-du-canalisateur","status":"publish","type":"page","link":"https:\/\/presfab.ca\/fr\/base-du-canalisateur\/","title":{"rendered":"Base du canalisateur"},"content":{"rendered":"\t\t<div data-elementor-type=\"wp-page\" data-elementor-id=\"2525\" class=\"elementor elementor-2525 elementor-1612\" data-elementor-post-type=\"page\">\n\t\t\t\t<div class=\"elementor-element elementor-element-a157cda e-flex e-con-boxed e-con e-parent\" data-id=\"a157cda\" data-element_type=\"container\" data-settings=\"{&quot;ekit_has_onepagescroll_dot&quot;:&quot;yes&quot;}\">\n\t\t\t\t\t<div class=\"e-con-inner\">\n\t\t<div class=\"elementor-element elementor-element-b84231e e-con-full e-flex e-con e-child\" data-id=\"b84231e\" data-element_type=\"container\" data-settings=\"{&quot;ekit_has_onepagescroll_dot&quot;:&quot;yes&quot;}\">\n\t\t<div class=\"elementor-element elementor-element-f34017d e-con-full e-flex e-con e-child\" data-id=\"f34017d\" data-element_type=\"container\" data-settings=\"{&quot;ekit_has_onepagescroll_dot&quot;:&quot;yes&quot;}\">\n\t\t\t\t<div class=\"elementor-element elementor-element-e2c0af8 elementor-widget elementor-widget-shortcode\" data-id=\"e2c0af8\" data-element_type=\"widget\" data-settings=\"{&quot;ekit_we_effect_on&quot;:&quot;none&quot;}\" data-widget_type=\"shortcode.default\">\n\t\t\t\t<div class=\"elementor-widget-container\">\n\t\t\t\t\t\t\t<div class=\"elementor-shortcode\">\n        <div class=\"modelViewerBlock\" data-attributes='{&quot;align&quot;:&quot;center&quot;,&quot;uniqueId&quot;:&quot;model3597&quot;,&quot;currentViewer&quot;:&quot;modelViewer&quot;,&quot;multiple&quot;:false,&quot;model&quot;:{&quot;modelUrl&quot;:&quot;https:\\\/\\\/presfab.ca\\\/wp-content\\\/uploads\\\/2025\\\/08\\\/ImageToStl.com_Hexagon28inPresfab-v3.glb&quot;,&quot;poster&quot;:&quot;&quot;},&quot;O3DVSettings&quot;:{&quot;isFullscreen&quot;:true,&quot;isPagination&quot;:false,&quot;isNavigation&quot;:true,&quot;camera&quot;:null,&quot;mouseControl&quot;:true},&quot;models&quot;:[],&quot;lazyLoad&quot;:false,&quot;loading&quot;:&quot;auto&quot;,&quot;autoplay&quot;:false,&quot;shadow&quot;:true,&quot;autoRotate&quot;:false,&quot;zoom&quot;:true,&quot;isPagination&quot;:false,&quot;isNavigation&quot;:true,&quot;preload&quot;:&quot;auto&quot;,&quot;rotationPerSecond&quot;:&quot;30&quot;,&quot;mouseControl&quot;:true,&quot;fullscreen&quot;:true,&quot;variant&quot;:false,&quot;loadingPercentage&quot;:false,&quot;progressBar&quot;:true,&quot;rotate&quot;:false,&quot;rotateAlongX&quot;:&quot;0&quot;,&quot;rotateAlongY&quot;:&quot;75&quot;,&quot;exposure&quot;:&quot;1&quot;,&quot;styles&quot;:{&quot;width&quot;:&quot;100%&quot;,&quot;height&quot;:&quot;400px&quot;,&quot;bgColor&quot;:&quot;transparent&quot;,&quot;progressBarColor&quot;:&quot;&quot;},&quot;stylesheet&quot;:null,&quot;additional&quot;:{&quot;ID&quot;:&quot;&quot;,&quot;Class&quot;:&quot;&quot;,&quot;CSS&quot;:&quot;&quot;},&quot;animation&quot;:false,&quot;woo&quot;:false,&quot;selectedAnimation&quot;:&quot;&quot;}'><\/div>\n\n        <\/div>\n\t\t\t\t\t\t<\/div>\n\t\t\t\t<\/div>\n\t\t\t\t<div class=\"elementor-element elementor-element-2a11639 elementor-widget elementor-widget-text-editor\" data-id=\"2a11639\" data-element_type=\"widget\" data-settings=\"{&quot;ekit_we_effect_on&quot;:&quot;none&quot;}\" data-widget_type=\"text-editor.default\">\n\t\t\t\t<div class=\"elementor-widget-container\">\n\t\t\t\t\t\t\t\t\t<p><strong>Easy Grip Hex\u2122 Rubber Channelizer Drum Base (base de tambour canalisateur en caoutchouc)<\/strong><\/p>\n<p>Assurez la stabilit\u00e9 et la durabilit\u00e9 de vos tambours de circulation avec la <strong>base de tambour de canalisation Easy Grip Hex\u2122 en caoutchouc.<\/strong> Con\u00e7ue pour s&#8217;adapter parfaitement aux <strong>tambours de canalisation<\/strong> <strong>T-RV-7 (B54-Q)<\/strong>, <strong>T-RV-6 (B52-Q)<\/strong> et <strong>TC54<\/strong>, cette base lest\u00e9e offre des performances sup\u00e9rieures dans les applications de contr\u00f4le de la circulation exigeantes. <\/p>\n<h3><strong>Caract\u00e9ristiques principales<\/strong><\/h3>\n<ul>\n<li><strong>100% caoutchouc recycl\u00e9 :<\/strong> solution \u00e9cologique et durable.<\/li>\n<li><strong>Compatible avec les tambours de circulation les plus courants :<\/strong> Con\u00e7u pour les mod\u00e8les T-RV-7, T-RV-6 et TC54.<\/li>\n<li><strong>R\u00e9sistance aux chocs :<\/strong> r\u00e9siste aux collisions sans compromettre la fonctionnalit\u00e9.<\/li>\n<li><strong>R\u00e9sistance aux intemp\u00e9ries :<\/strong> R\u00e9siste aux rayons UV, aux temp\u00e9ratures extr\u00eames et aux conditions m\u00e9t\u00e9orologiques difficiles.<\/li>\n<li><strong>Conception pratique :<\/strong>\n<ul>\n<li>Deux poign\u00e9es ergonomiques pour faciliter le transport et l&#8217;installation.<\/li>\n<li>Empilable pour un stockage efficace.<\/li>\n<\/ul>\n<\/li>\n<li><strong>Rentable :<\/strong> Aucun entretien n&#8217;est n\u00e9cessaire, contrairement aux fonds de jante traditionnels.<\/li>\n<\/ul>\n<h3><strong>Poids disponibles<\/strong><\/h3>\n<p>Choisissez le poids adapt\u00e9 \u00e0 vos besoins : <strong>20 lbs \u00e0 30 lbs.<\/strong><\/p>\n<hr>\n<h3><strong>Pourquoi choisir la base Easy Grip Hex\u2122 ?<\/strong><\/h3>\n<p>La <strong>base de tambour Easy Grip Hex\u2122 Rubber Channelizer<\/strong> combine durabilit\u00e9, facilit\u00e9 d&#8217;utilisation et responsabilit\u00e9 environnementale. Sa construction robuste garantit que les tambours de circulation restent bien en place, m\u00eame en cas de conditions m\u00e9t\u00e9orologiques difficiles ou de sc\u00e9narios \u00e0 fort impact. Gr\u00e2ce \u00e0 sa conception ergonomique et empilable, il est facile \u00e0 stocker et \u00e0 transporter tout en minimisant les temps d&#8217;arr\u00eat sur le terrain.  <\/p>\n<p>Am\u00e9liorez votre installation de gestion du trafic avec la <strong>base Easy Grip Hex\u2122<\/strong>, fiable et sans entretien, d\u00e8s aujourd&#8217;hui !<\/p>\n\t\t\t\t\t\t\t\t<\/div>\n\t\t\t\t<\/div>\n\t\t\t\t<\/div>\n\t\t\t\t<div class=\"elementor-element elementor-element-2b50f2f elementor-align-justify elementor-widget elementor-widget-button\" data-id=\"2b50f2f\" data-element_type=\"widget\" data-settings=\"{&quot;ekit_we_effect_on&quot;:&quot;none&quot;}\" data-widget_type=\"button.default\">\n\t\t\t\t<div class=\"elementor-widget-container\">\n\t\t\t\t\t\t\t\t\t<div class=\"elementor-button-wrapper\">\n\t\t\t\t\t<a class=\"elementor-button elementor-button-link elementor-size-sm\" href=\"https:\/\/presfab.ca\/fr\/contactez-nous\/\">\n\t\t\t\t\t\t<span class=\"elementor-button-content-wrapper\">\n\t\t\t\t\t\t\t\t\t<span class=\"elementor-button-text\">Obtenir un devis<\/span>\n\t\t\t\t\t<\/span>\n\t\t\t\t\t<\/a>\n\t\t\t\t<\/div>\n\t\t\t\t\t\t\t\t<\/div>\n\t\t\t\t<\/div>\n\t\t\t\t<\/div>\n\t\t\t\t\t<\/div>\n\t\t\t\t<\/div>\n\t\t\t\t<\/div>\n\t\t","protected":false},"excerpt":{"rendered":"<p>Easy Grip Hex\u2122 Rubber Channelizer Drum Base (base de tambour canalisateur en caoutchouc) Assurez la stabilit\u00e9 et la durabilit\u00e9 de vos tambours de circulation avec la base de tambour de canalisation Easy Grip Hex\u2122 en caoutchouc. Con\u00e7ue pour s&#8217;adapter parfaitement aux tambours de canalisation T-RV-7 (B54-Q), T-RV-6 (B52-Q) et TC54, cette base lest\u00e9e offre des [&hellip;]<\/p>\n","protected":false},"author":2,"featured_media":0,"parent":0,"menu_order":0,"comment_status":"closed","ping_status":"closed","template":"","meta":{"content-type":"","footnotes":""},"class_list":["post-2525","page","type-page","status-publish","hentry"],"yoast_head":"<!-- This site is optimized with the Yoast SEO Premium plugin v24.3 (Yoast SEO v24.3) - https:\/\/yoast.com\/wordpress\/plugins\/seo\/ -->\n<title>Base de canalisateur pour les tambours de circulation : Stabilit\u00e9 et durabilit\u00e9 - PRESFAB HIGHWAY<\/title>\n<meta name=\"description\" content=\"Am\u00e9liorez la s\u00e9curit\u00e9 de la circulation avec la base de tambour canalisateur en caoutchouc Easy Grip Hex\u2122. Fabriqu\u00e9e \u00e0 partir de caoutchouc 100 % recycl\u00e9, cette base r\u00e9sistante aux intemp\u00e9ries et aux chocs garantit des performances sup\u00e9rieures.\" \/>\n<meta name=\"robots\" content=\"index, follow, max-snippet:-1, max-image-preview:large, max-video-preview:-1\" \/>\n<link rel=\"canonical\" href=\"https:\/\/presfab.ca\/fr\/base-du-canalisateur\/\" \/>\n<meta property=\"og:locale\" content=\"fr_FR\" \/>\n<meta property=\"og:type\" content=\"article\" \/>\n<meta property=\"og:title\" content=\"Base du canalisateur\" \/>\n<meta property=\"og:description\" content=\"Am\u00e9liorez la s\u00e9curit\u00e9 de la circulation avec la base de tambour canalisateur en caoutchouc Easy Grip Hex\u2122. Fabriqu\u00e9e \u00e0 partir de caoutchouc 100 % recycl\u00e9, cette base r\u00e9sistante aux intemp\u00e9ries et aux chocs garantit des performances sup\u00e9rieures.\" \/>\n<meta property=\"og:url\" content=\"https:\/\/presfab.ca\/fr\/base-du-canalisateur\/\" \/>\n<meta property=\"og:site_name\" content=\"PRESFAB HIGHWAY\" \/>\n<meta property=\"article:publisher\" content=\"https:\/\/www.facebook.com\/PresfabHighway\" \/>\n<meta property=\"article:modified_time\" content=\"2025-08-06T00:54:45+00:00\" \/>\n<meta property=\"og:image\" content=\"https:\/\/presfab.ca\/wp-content\/uploads\/2025\/01\/Asset-1ZoomOut.png\" \/>\n\t<meta property=\"og:image:width\" content=\"118\" \/>\n\t<meta property=\"og:image:height\" content=\"46\" \/>\n\t<meta property=\"og:image:type\" content=\"image\/png\" \/>\n<meta name=\"twitter:card\" content=\"summary_large_image\" \/>\n<meta name=\"twitter:site\" content=\"@PresfabHighway\" \/>\n<meta name=\"twitter:label1\" content=\"Dur\u00e9e de lecture estim\u00e9e\" \/>\n\t<meta name=\"twitter:data1\" content=\"1 minute\" \/>\n<script type=\"application\/ld+json\" class=\"yoast-schema-graph\">{\"@context\":\"https:\/\/schema.org\",\"@graph\":[{\"@type\":\"WebPage\",\"@id\":\"https:\/\/presfab.ca\/fr\/base-du-canalisateur\/\",\"url\":\"https:\/\/presfab.ca\/fr\/base-du-canalisateur\/\",\"name\":\"Base de canalisateur pour les tambours de circulation : Stabilit\u00e9 et durabilit\u00e9 - PRESFAB HIGHWAY\",\"isPartOf\":{\"@id\":\"https:\/\/presfab.ca\/fr\/#website\"},\"datePublished\":\"2025-01-26T19:40:45+00:00\",\"dateModified\":\"2025-08-06T00:54:45+00:00\",\"description\":\"Am\u00e9liorez la s\u00e9curit\u00e9 de la circulation avec la base de tambour canalisateur en caoutchouc Easy Grip Hex\u2122. Fabriqu\u00e9e \u00e0 partir de caoutchouc 100 % recycl\u00e9, cette base r\u00e9sistante aux intemp\u00e9ries et aux chocs garantit des performances sup\u00e9rieures.\",\"breadcrumb\":{\"@id\":\"https:\/\/presfab.ca\/fr\/base-du-canalisateur\/#breadcrumb\"},\"inLanguage\":\"fr-FR\",\"potentialAction\":[{\"@type\":\"ReadAction\",\"target\":[\"https:\/\/presfab.ca\/fr\/base-du-canalisateur\/\"]}]},{\"@type\":\"BreadcrumbList\",\"@id\":\"https:\/\/presfab.ca\/fr\/base-du-canalisateur\/#breadcrumb\",\"itemListElement\":[{\"@type\":\"ListItem\",\"position\":1,\"name\":\"Home\",\"item\":\"https:\/\/presfab.ca\/fr\/\"},{\"@type\":\"ListItem\",\"position\":2,\"name\":\"Base du canalisateur\"}]},{\"@type\":\"WebSite\",\"@id\":\"https:\/\/presfab.ca\/fr\/#website\",\"url\":\"https:\/\/presfab.ca\/fr\/\",\"name\":\"PRESFAB HIGHWAY\",\"description\":\"Manhole Riser Rings, Delineator Bases, Channelizer Bases, Sign bases and more!\",\"publisher\":{\"@id\":\"https:\/\/presfab.ca\/fr\/#organization\"},\"potentialAction\":[{\"@type\":\"SearchAction\",\"target\":{\"@type\":\"EntryPoint\",\"urlTemplate\":\"https:\/\/presfab.ca\/fr\/?s={search_term_string}\"},\"query-input\":{\"@type\":\"PropertyValueSpecification\",\"valueRequired\":true,\"valueName\":\"search_term_string\"}}],\"inLanguage\":\"fr-FR\"},{\"@type\":\"Organization\",\"@id\":\"https:\/\/presfab.ca\/fr\/#organization\",\"name\":\"PRESFAB HIGHWAY\",\"url\":\"https:\/\/presfab.ca\/fr\/\",\"logo\":{\"@type\":\"ImageObject\",\"inLanguage\":\"fr-FR\",\"@id\":\"https:\/\/presfab.ca\/fr\/#\/schema\/logo\/image\/\",\"url\":\"https:\/\/presfab.ca\/wp-content\/uploads\/2025\/01\/Asset-1ZoomOut.png\",\"contentUrl\":\"https:\/\/presfab.ca\/wp-content\/uploads\/2025\/01\/Asset-1ZoomOut.png\",\"width\":118,\"height\":46,\"caption\":\"PRESFAB HIGHWAY\"},\"image\":{\"@id\":\"https:\/\/presfab.ca\/fr\/#\/schema\/logo\/image\/\"},\"sameAs\":[\"https:\/\/www.facebook.com\/PresfabHighway\",\"https:\/\/x.com\/PresfabHighway\",\"https:\/\/www.linkedin.com\/company\/presfab-highway\/?viewAsMember=true\"],\"description\":\"Presfab Highway is a manufacturer of traffic safety products, and manhole and aquaduct grade riser rings. We make bases for Channelizer drums (TR& & TC54), Bases for RD-10 Delineator Posts, Temporary sign bases, speed bumps.\",\"email\":\"sales@presfab.ca\",\"telephone\":\"450-979-0007\"}]}<\/script>\n<!-- \/ Yoast SEO Premium plugin. -->","yoast_head_json":{"title":"Base de canalisateur pour les tambours de circulation : Stabilit\u00e9 et durabilit\u00e9 - PRESFAB HIGHWAY","description":"Am\u00e9liorez la s\u00e9curit\u00e9 de la circulation avec la base de tambour canalisateur en caoutchouc Easy Grip Hex\u2122. Fabriqu\u00e9e \u00e0 partir de caoutchouc 100 % recycl\u00e9, cette base r\u00e9sistante aux intemp\u00e9ries et aux chocs garantit des performances sup\u00e9rieures.","robots":{"index":"index","follow":"follow","max-snippet":"max-snippet:-1","max-image-preview":"max-image-preview:large","max-video-preview":"max-video-preview:-1"},"canonical":"https:\/\/presfab.ca\/fr\/base-du-canalisateur\/","og_locale":"fr_FR","og_type":"article","og_title":"Base du canalisateur","og_description":"Am\u00e9liorez la s\u00e9curit\u00e9 de la circulation avec la base de tambour canalisateur en caoutchouc Easy Grip Hex\u2122. Fabriqu\u00e9e \u00e0 partir de caoutchouc 100 % recycl\u00e9, cette base r\u00e9sistante aux intemp\u00e9ries et aux chocs garantit des performances sup\u00e9rieures.","og_url":"https:\/\/presfab.ca\/fr\/base-du-canalisateur\/","og_site_name":"PRESFAB HIGHWAY","article_publisher":"https:\/\/www.facebook.com\/PresfabHighway","article_modified_time":"2025-08-06T00:54:45+00:00","og_image":[{"width":118,"height":46,"url":"https:\/\/presfab.ca\/wp-content\/uploads\/2025\/01\/Asset-1ZoomOut.png","type":"image\/png"}],"twitter_card":"summary_large_image","twitter_site":"@PresfabHighway","twitter_misc":{"Dur\u00e9e de lecture estim\u00e9e":"1 minute"},"schema":{"@context":"https:\/\/schema.org","@graph":[{"@type":"WebPage","@id":"https:\/\/presfab.ca\/fr\/base-du-canalisateur\/","url":"https:\/\/presfab.ca\/fr\/base-du-canalisateur\/","name":"Base de canalisateur pour les tambours de circulation : Stabilit\u00e9 et durabilit\u00e9 - PRESFAB HIGHWAY","isPartOf":{"@id":"https:\/\/presfab.ca\/fr\/#website"},"datePublished":"2025-01-26T19:40:45+00:00","dateModified":"2025-08-06T00:54:45+00:00","description":"Am\u00e9liorez la s\u00e9curit\u00e9 de la circulation avec la base de tambour canalisateur en caoutchouc Easy Grip Hex\u2122. Fabriqu\u00e9e \u00e0 partir de caoutchouc 100 % recycl\u00e9, cette base r\u00e9sistante aux intemp\u00e9ries et aux chocs garantit des performances sup\u00e9rieures.","breadcrumb":{"@id":"https:\/\/presfab.ca\/fr\/base-du-canalisateur\/#breadcrumb"},"inLanguage":"fr-FR","potentialAction":[{"@type":"ReadAction","target":["https:\/\/presfab.ca\/fr\/base-du-canalisateur\/"]}]},{"@type":"BreadcrumbList","@id":"https:\/\/presfab.ca\/fr\/base-du-canalisateur\/#breadcrumb","itemListElement":[{"@type":"ListItem","position":1,"name":"Home","item":"https:\/\/presfab.ca\/fr\/"},{"@type":"ListItem","position":2,"name":"Base du canalisateur"}]},{"@type":"WebSite","@id":"https:\/\/presfab.ca\/fr\/#website","url":"https:\/\/presfab.ca\/fr\/","name":"PRESFAB HIGHWAY","description":"Manhole Riser Rings, Delineator Bases, Channelizer Bases, Sign bases and more!","publisher":{"@id":"https:\/\/presfab.ca\/fr\/#organization"},"potentialAction":[{"@type":"SearchAction","target":{"@type":"EntryPoint","urlTemplate":"https:\/\/presfab.ca\/fr\/?s={search_term_string}"},"query-input":{"@type":"PropertyValueSpecification","valueRequired":true,"valueName":"search_term_string"}}],"inLanguage":"fr-FR"},{"@type":"Organization","@id":"https:\/\/presfab.ca\/fr\/#organization","name":"PRESFAB HIGHWAY","url":"https:\/\/presfab.ca\/fr\/","logo":{"@type":"ImageObject","inLanguage":"fr-FR","@id":"https:\/\/presfab.ca\/fr\/#\/schema\/logo\/image\/","url":"https:\/\/presfab.ca\/wp-content\/uploads\/2025\/01\/Asset-1ZoomOut.png","contentUrl":"https:\/\/presfab.ca\/wp-content\/uploads\/2025\/01\/Asset-1ZoomOut.png","width":118,"height":46,"caption":"PRESFAB HIGHWAY"},"image":{"@id":"https:\/\/presfab.ca\/fr\/#\/schema\/logo\/image\/"},"sameAs":["https:\/\/www.facebook.com\/PresfabHighway","https:\/\/x.com\/PresfabHighway","https:\/\/www.linkedin.com\/company\/presfab-highway\/?viewAsMember=true"],"description":"Presfab Highway is a manufacturer of traffic safety products, and manhole and aquaduct grade riser rings. We make bases for Channelizer drums (TR& & TC54), Bases for RD-10 Delineator Posts, Temporary sign bases, speed bumps.","email":"sales@presfab.ca","telephone":"450-979-0007"}]}},"jetpack_sharing_enabled":true,"_links":{"self":[{"href":"https:\/\/presfab.ca\/fr\/wp-json\/wp\/v2\/pages\/2525","targetHints":{"allow":["GET"]}}],"collection":[{"href":"https:\/\/presfab.ca\/fr\/wp-json\/wp\/v2\/pages"}],"about":[{"href":"https:\/\/presfab.ca\/fr\/wp-json\/wp\/v2\/types\/page"}],"author":[{"embeddable":true,"href":"https:\/\/presfab.ca\/fr\/wp-json\/wp\/v2\/users\/2"}],"replies":[{"embeddable":true,"href":"https:\/\/presfab.ca\/fr\/wp-json\/wp\/v2\/comments?post=2525"}],"version-history":[{"count":9,"href":"https:\/\/presfab.ca\/fr\/wp-json\/wp\/v2\/pages\/2525\/revisions"}],"predecessor-version":[{"id":3669,"href":"https:\/\/presfab.ca\/fr\/wp-json\/wp\/v2\/pages\/2525\/revisions\/3669"}],"wp:attachment":[{"href":"https:\/\/presfab.ca\/fr\/wp-json\/wp\/v2\/media?parent=2525"}],"curies":[{"name":"wp","href":"https:\/\/api.w.org\/{rel}","templated":true}]}}