{"id":2561,"date":"2025-01-26T19:15:16","date_gmt":"2025-01-26T19:15:16","guid":{"rendered":"https:\/\/presfab.ca\/parking-bordure\/"},"modified":"2025-02-05T22:46:50","modified_gmt":"2025-02-05T22:46:50","slug":"butoir-de-stationnement","status":"publish","type":"page","link":"https:\/\/presfab.ca\/fr\/butoir-de-stationnement\/","title":{"rendered":"Butoir De Stationnement"},"content":{"rendered":"\t\t<div data-elementor-type=\"wp-page\" data-elementor-id=\"2561\" class=\"elementor elementor-2561 elementor-1579\" data-elementor-post-type=\"page\">\n\t\t\t\t<div class=\"elementor-element elementor-element-62fc426 e-flex e-con-boxed e-con e-parent\" data-id=\"62fc426\" data-element_type=\"container\" data-settings=\"{&quot;ekit_has_onepagescroll_dot&quot;:&quot;yes&quot;}\">\n\t\t\t\t\t<div class=\"e-con-inner\">\n\t\t<div class=\"elementor-element elementor-element-6c7d1ff e-con-full e-flex e-con e-child\" data-id=\"6c7d1ff\" data-element_type=\"container\" data-settings=\"{&quot;ekit_has_onepagescroll_dot&quot;:&quot;yes&quot;}\">\n\t\t<div class=\"elementor-element elementor-element-504e8fd e-con-full e-flex e-con e-child\" data-id=\"504e8fd\" data-element_type=\"container\" data-settings=\"{&quot;ekit_has_onepagescroll_dot&quot;:&quot;yes&quot;}\">\n\t\t<div class=\"elementor-element elementor-element-3fbe86a e-grid e-con-full e-con e-child\" data-id=\"3fbe86a\" data-element_type=\"container\" data-settings=\"{&quot;ekit_has_onepagescroll_dot&quot;:&quot;yes&quot;}\">\n\t\t<div class=\"elementor-element elementor-element-8b3980a e-con-full e-flex e-con e-child\" data-id=\"8b3980a\" data-element_type=\"container\" data-settings=\"{&quot;background_background&quot;:&quot;classic&quot;,&quot;ekit_has_onepagescroll_dot&quot;:&quot;yes&quot;}\">\n\t\t\t\t<div class=\"elementor-element elementor-element-bf9f764 elementor-widget elementor-widget-heading\" data-id=\"bf9f764\" data-element_type=\"widget\" data-settings=\"{&quot;ekit_we_effect_on&quot;:&quot;none&quot;}\" data-widget_type=\"heading.default\">\n\t\t\t\t<div class=\"elementor-widget-container\">\n\t\t\t\t\t<h2 class=\"elementor-heading-title elementor-size-default\">Parking Bordure<\/h2>\t\t\t\t<\/div>\n\t\t\t\t<\/div>\n\t\t\t\t<\/div>\n\t\t\t\t<div class=\"elementor-element elementor-element-0b7f07a elementor-widget elementor-widget-image\" data-id=\"0b7f07a\" data-element_type=\"widget\" data-settings=\"{&quot;ekit_we_effect_on&quot;:&quot;none&quot;}\" data-widget_type=\"image.default\">\n\t\t\t\t<div class=\"elementor-widget-container\">\n\t\t\t\t\t\t\t\t\t\t\t\t\t\t\t<img decoding=\"async\" width=\"160\" height=\"103\" src=\"https:\/\/presfab.ca\/wp-content\/uploads\/2024\/10\/thumb_curb-removebg-preview.png\" class=\"attachment-full size-full wp-image-525\" alt=\"Rubber Parking Curb\" \/>\t\t\t\t\t\t\t\t\t\t\t\t\t\t\t<\/div>\n\t\t\t\t<\/div>\n\t\t\t\t<\/div>\n\t\t\t\t<div class=\"elementor-element elementor-element-f34e2de elementor-widget elementor-widget-text-editor\" data-id=\"f34e2de\" data-element_type=\"widget\" data-settings=\"{&quot;ekit_we_effect_on&quot;:&quot;none&quot;}\" data-widget_type=\"text-editor.default\">\n\t\t\t\t<div class=\"elementor-widget-container\">\n\t\t\t\t\t\t\t\t\t<p>Notre bordure de parking en caoutchouc est l\u00e9g\u00e8re et facile \u00e0 manipuler. Id\u00e9al pour tous les types de parkings.  <\/p>\n<p><strong>Caract\u00e9ristiques et avantages<\/strong><\/p>\n<ul>\n<li>Fabriqu\u00e9 \u00e0 partir de caoutchouc 100 % recycl\u00e9.<\/li>\n<li>L\u00e9ger, il peut \u00eatre install\u00e9 par une seule personne en moins de 10 minutes.<\/li>\n<li>Aucun \u00e9quipement sp\u00e9cial n&#8217;est n\u00e9cessaire par rapport aux bordures en b\u00e9ton.<\/li>\n<li>Flexible, permettant de s&#8217;adapter aux imperfections de la surface.<\/li>\n<li>R\u00e9sistant aux intemp\u00e9ries.<\/li>\n<li>R\u00e9sistant aux rayons UV.<\/li>\n<li>R\u00e9sistant \u00e0 l&#8217;humidit\u00e9 et \u00e0 l&#8217;huile.<\/li>\n<li>R\u00e9siste aux variations de temp\u00e9rature.<\/li>\n<li>N&#8217;endommage pas le v\u00e9hicule lors de l&#8217;impact.<\/li>\n<li>Ne se fissure pas et ne s&#8217;effrite pas par rapport \u00e0 une bordure en b\u00e9ton.<\/li>\n<li>Manipulation ais\u00e9e pour le repositionnement et le d\u00e9placement si n\u00e9cessaire.<\/li>\n<\/ul>\n\t\t\t\t\t\t\t\t<\/div>\n\t\t\t\t<\/div>\n\t\t<div class=\"elementor-element elementor-element-826b2a4 e-con-full e-flex e-con e-child\" data-id=\"826b2a4\" data-element_type=\"container\" data-settings=\"{&quot;ekit_has_onepagescroll_dot&quot;:&quot;yes&quot;}\">\n\t\t\t\t<\/div>\n\t\t\t\t<\/div>\n\t\t\t\t<\/div>\n\t\t<div class=\"elementor-element elementor-element-f59084d e-con-full e-flex e-con e-child\" data-id=\"f59084d\" data-element_type=\"container\" data-settings=\"{&quot;ekit_has_onepagescroll_dot&quot;:&quot;yes&quot;}\">\n\t\t<div class=\"elementor-element elementor-element-0f24e7b e-con-full e-flex e-con e-child\" data-id=\"0f24e7b\" data-element_type=\"container\" data-settings=\"{&quot;ekit_has_onepagescroll_dot&quot;:&quot;yes&quot;}\">\n\t\t\t\t<div class=\"elementor-element elementor-element-72cbde4 elementor-align-justify elementor-widget elementor-widget-button\" data-id=\"72cbde4\" data-element_type=\"widget\" data-settings=\"{&quot;ekit_we_effect_on&quot;:&quot;none&quot;}\" data-widget_type=\"button.default\">\n\t\t\t\t<div class=\"elementor-widget-container\">\n\t\t\t\t\t\t\t\t\t<div class=\"elementor-button-wrapper\">\n\t\t\t\t\t<a class=\"elementor-button elementor-button-link elementor-size-sm\" href=\"https:\/\/presfab.ca\/fr\/contactez-nous\/\">\n\t\t\t\t\t\t<span class=\"elementor-button-content-wrapper\">\n\t\t\t\t\t\t\t\t\t<span class=\"elementor-button-text\">Obtenir un devis<\/span>\n\t\t\t\t\t<\/span>\n\t\t\t\t\t<\/a>\n\t\t\t\t<\/div>\n\t\t\t\t\t\t\t\t<\/div>\n\t\t\t\t<\/div>\n\t\t\t\t<div class=\"elementor-element elementor-element-dcb3cd2 elementor-widget elementor-widget-heading\" data-id=\"dcb3cd2\" data-element_type=\"widget\" data-settings=\"{&quot;ekit_we_effect_on&quot;:&quot;none&quot;}\" data-widget_type=\"heading.default\">\n\t\t\t\t<div class=\"elementor-widget-container\">\n\t\t\t\t\t<h1 class=\"elementor-heading-title elementor-size-default\"><span style=\"font-weight: bolder;font-size: 16px\">DISPONIBLE EN 3 COULEURS DIFF\u00c9RENTES<\/span><\/h1>\t\t\t\t<\/div>\n\t\t\t\t<\/div>\n\t\t\t\t<\/div>\n\t\t<div class=\"elementor-element elementor-element-69ddd77 e-con-full e-flex e-con e-child\" data-id=\"69ddd77\" data-element_type=\"container\" data-settings=\"{&quot;ekit_has_onepagescroll_dot&quot;:&quot;yes&quot;}\">\n\t\t<div class=\"elementor-element elementor-element-51001d3 e-con-full e-flex e-con e-child\" data-id=\"51001d3\" data-element_type=\"container\" data-settings=\"{&quot;background_background&quot;:&quot;classic&quot;,&quot;ekit_has_onepagescroll_dot&quot;:&quot;yes&quot;}\">\n\t\t\t\t<\/div>\n\t\t<div class=\"elementor-element elementor-element-d413fdd e-con-full e-flex e-con e-child\" data-id=\"d413fdd\" data-element_type=\"container\" data-settings=\"{&quot;background_background&quot;:&quot;classic&quot;,&quot;ekit_has_onepagescroll_dot&quot;:&quot;yes&quot;}\">\n\t\t\t\t<\/div>\n\t\t<div class=\"elementor-element elementor-element-64fe0bc e-con-full e-flex e-con e-child\" data-id=\"64fe0bc\" data-element_type=\"container\" data-settings=\"{&quot;background_background&quot;:&quot;classic&quot;,&quot;ekit_has_onepagescroll_dot&quot;:&quot;yes&quot;}\">\n\t\t\t\t<\/div>\n\t\t\t\t<\/div>\n\t\t\t\t<\/div>\n\t\t\t\t\t<\/div>\n\t\t\t\t<\/div>\n\t\t\t\t<\/div>\n\t\t","protected":false},"excerpt":{"rendered":"<p>Parking Bordure Notre bordure de parking en caoutchouc est l\u00e9g\u00e8re et facile \u00e0 manipuler. Id\u00e9al pour tous les types de parkings. Caract\u00e9ristiques et avantages Fabriqu\u00e9 \u00e0 partir de caoutchouc 100 % recycl\u00e9. L\u00e9ger, il peut \u00eatre install\u00e9 par une seule personne en moins de 10 minutes. Aucun \u00e9quipement sp\u00e9cial n&#8217;est n\u00e9cessaire par rapport aux bordures [&hellip;]<\/p>\n","protected":false},"author":2,"featured_media":0,"parent":0,"menu_order":0,"comment_status":"closed","ping_status":"closed","template":"","meta":{"content-type":"","footnotes":""},"class_list":["post-2561","page","type-page","status-publish","hentry"],"yoast_head":"<!-- This site is optimized with the Yoast SEO Premium plugin v24.3 (Yoast SEO v24.3) - https:\/\/yoast.com\/wordpress\/plugins\/seo\/ -->\n<title>Butoir De Stationnement - PRESFAB HIGHWAY<\/title>\n<meta name=\"robots\" content=\"index, follow, max-snippet:-1, max-image-preview:large, max-video-preview:-1\" \/>\n<link rel=\"canonical\" href=\"https:\/\/presfab.ca\/fr\/butoir-de-stationnement\/\" \/>\n<meta property=\"og:locale\" content=\"fr_FR\" \/>\n<meta property=\"og:type\" content=\"article\" \/>\n<meta property=\"og:title\" content=\"Butoir De Stationnement\" \/>\n<meta property=\"og:description\" content=\"Parking Bordure Notre bordure de parking en caoutchouc est l\u00e9g\u00e8re et facile \u00e0 manipuler. Id\u00e9al pour tous les types de parkings. Caract\u00e9ristiques et avantages Fabriqu\u00e9 \u00e0 partir de caoutchouc 100 % recycl\u00e9. L\u00e9ger, il peut \u00eatre install\u00e9 par une seule personne en moins de 10 minutes. Aucun \u00e9quipement sp\u00e9cial n&#8217;est n\u00e9cessaire par rapport aux bordures [&hellip;]\" \/>\n<meta property=\"og:url\" content=\"https:\/\/presfab.ca\/fr\/butoir-de-stationnement\/\" \/>\n<meta property=\"og:site_name\" content=\"PRESFAB HIGHWAY\" \/>\n<meta property=\"article:publisher\" content=\"https:\/\/www.facebook.com\/PresfabHighway\" \/>\n<meta property=\"article:modified_time\" content=\"2025-02-05T22:46:50+00:00\" \/>\n<meta property=\"og:image\" content=\"https:\/\/presfab.ca\/wp-content\/uploads\/2024\/10\/thumb_curb-removebg-preview.png\" \/>\n\t<meta property=\"og:image:width\" content=\"160\" \/>\n\t<meta property=\"og:image:height\" content=\"103\" \/>\n\t<meta property=\"og:image:type\" content=\"image\/png\" \/>\n<meta name=\"twitter:card\" content=\"summary_large_image\" \/>\n<meta name=\"twitter:site\" content=\"@PresfabHighway\" \/>\n<meta name=\"twitter:label1\" content=\"Dur\u00e9e de lecture estim\u00e9e\" \/>\n\t<meta name=\"twitter:data1\" content=\"1 minute\" \/>\n<script type=\"application\/ld+json\" class=\"yoast-schema-graph\">{\"@context\":\"https:\/\/schema.org\",\"@graph\":[{\"@type\":\"WebPage\",\"@id\":\"https:\/\/presfab.ca\/fr\/butoir-de-stationnement\/\",\"url\":\"https:\/\/presfab.ca\/fr\/butoir-de-stationnement\/\",\"name\":\"Butoir De Stationnement - PRESFAB HIGHWAY\",\"isPartOf\":{\"@id\":\"https:\/\/presfab.ca\/fr\/#website\"},\"primaryImageOfPage\":{\"@id\":\"https:\/\/presfab.ca\/fr\/butoir-de-stationnement\/#primaryimage\"},\"image\":{\"@id\":\"https:\/\/presfab.ca\/fr\/butoir-de-stationnement\/#primaryimage\"},\"thumbnailUrl\":\"https:\/\/presfab.ca\/wp-content\/uploads\/2024\/10\/thumb_curb-removebg-preview.png\",\"datePublished\":\"2025-01-26T19:15:16+00:00\",\"dateModified\":\"2025-02-05T22:46:50+00:00\",\"breadcrumb\":{\"@id\":\"https:\/\/presfab.ca\/fr\/butoir-de-stationnement\/#breadcrumb\"},\"inLanguage\":\"fr-FR\",\"potentialAction\":[{\"@type\":\"ReadAction\",\"target\":[\"https:\/\/presfab.ca\/fr\/butoir-de-stationnement\/\"]}]},{\"@type\":\"ImageObject\",\"inLanguage\":\"fr-FR\",\"@id\":\"https:\/\/presfab.ca\/fr\/butoir-de-stationnement\/#primaryimage\",\"url\":\"https:\/\/presfab.ca\/wp-content\/uploads\/2024\/10\/thumb_curb-removebg-preview.png\",\"contentUrl\":\"https:\/\/presfab.ca\/wp-content\/uploads\/2024\/10\/thumb_curb-removebg-preview.png\"},{\"@type\":\"BreadcrumbList\",\"@id\":\"https:\/\/presfab.ca\/fr\/butoir-de-stationnement\/#breadcrumb\",\"itemListElement\":[{\"@type\":\"ListItem\",\"position\":1,\"name\":\"Home\",\"item\":\"https:\/\/presfab.ca\/fr\/\"},{\"@type\":\"ListItem\",\"position\":2,\"name\":\"Butoir De Stationnement\"}]},{\"@type\":\"WebSite\",\"@id\":\"https:\/\/presfab.ca\/fr\/#website\",\"url\":\"https:\/\/presfab.ca\/fr\/\",\"name\":\"PRESFAB HIGHWAY\",\"description\":\"Manhole Riser Rings, Delineator Bases, Channelizer Bases, Sign bases and more!\",\"publisher\":{\"@id\":\"https:\/\/presfab.ca\/fr\/#organization\"},\"potentialAction\":[{\"@type\":\"SearchAction\",\"target\":{\"@type\":\"EntryPoint\",\"urlTemplate\":\"https:\/\/presfab.ca\/fr\/?s={search_term_string}\"},\"query-input\":{\"@type\":\"PropertyValueSpecification\",\"valueRequired\":true,\"valueName\":\"search_term_string\"}}],\"inLanguage\":\"fr-FR\"},{\"@type\":\"Organization\",\"@id\":\"https:\/\/presfab.ca\/fr\/#organization\",\"name\":\"PRESFAB HIGHWAY\",\"url\":\"https:\/\/presfab.ca\/fr\/\",\"logo\":{\"@type\":\"ImageObject\",\"inLanguage\":\"fr-FR\",\"@id\":\"https:\/\/presfab.ca\/fr\/#\/schema\/logo\/image\/\",\"url\":\"https:\/\/presfab.ca\/wp-content\/uploads\/2025\/01\/Asset-1ZoomOut.png\",\"contentUrl\":\"https:\/\/presfab.ca\/wp-content\/uploads\/2025\/01\/Asset-1ZoomOut.png\",\"width\":118,\"height\":46,\"caption\":\"PRESFAB HIGHWAY\"},\"image\":{\"@id\":\"https:\/\/presfab.ca\/fr\/#\/schema\/logo\/image\/\"},\"sameAs\":[\"https:\/\/www.facebook.com\/PresfabHighway\",\"https:\/\/x.com\/PresfabHighway\",\"https:\/\/www.linkedin.com\/company\/presfab-highway\/?viewAsMember=true\"],\"description\":\"Presfab Highway is a manufacturer of traffic safety products, and manhole and aquaduct grade riser rings. We make bases for Channelizer drums (TR& & TC54), Bases for RD-10 Delineator Posts, Temporary sign bases, speed bumps.\",\"email\":\"sales@presfab.ca\",\"telephone\":\"450-979-0007\"}]}<\/script>\n<!-- \/ Yoast SEO Premium plugin. -->","yoast_head_json":{"title":"Butoir De Stationnement - PRESFAB HIGHWAY","robots":{"index":"index","follow":"follow","max-snippet":"max-snippet:-1","max-image-preview":"max-image-preview:large","max-video-preview":"max-video-preview:-1"},"canonical":"https:\/\/presfab.ca\/fr\/butoir-de-stationnement\/","og_locale":"fr_FR","og_type":"article","og_title":"Butoir De Stationnement","og_description":"Parking Bordure Notre bordure de parking en caoutchouc est l\u00e9g\u00e8re et facile \u00e0 manipuler. Id\u00e9al pour tous les types de parkings. Caract\u00e9ristiques et avantages Fabriqu\u00e9 \u00e0 partir de caoutchouc 100 % recycl\u00e9. L\u00e9ger, il peut \u00eatre install\u00e9 par une seule personne en moins de 10 minutes. Aucun \u00e9quipement sp\u00e9cial n&#8217;est n\u00e9cessaire par rapport aux bordures [&hellip;]","og_url":"https:\/\/presfab.ca\/fr\/butoir-de-stationnement\/","og_site_name":"PRESFAB HIGHWAY","article_publisher":"https:\/\/www.facebook.com\/PresfabHighway","article_modified_time":"2025-02-05T22:46:50+00:00","og_image":[{"width":160,"height":103,"url":"https:\/\/presfab.ca\/wp-content\/uploads\/2024\/10\/thumb_curb-removebg-preview.png","type":"image\/png"}],"twitter_card":"summary_large_image","twitter_site":"@PresfabHighway","twitter_misc":{"Dur\u00e9e de lecture estim\u00e9e":"1 minute"},"schema":{"@context":"https:\/\/schema.org","@graph":[{"@type":"WebPage","@id":"https:\/\/presfab.ca\/fr\/butoir-de-stationnement\/","url":"https:\/\/presfab.ca\/fr\/butoir-de-stationnement\/","name":"Butoir De Stationnement - PRESFAB HIGHWAY","isPartOf":{"@id":"https:\/\/presfab.ca\/fr\/#website"},"primaryImageOfPage":{"@id":"https:\/\/presfab.ca\/fr\/butoir-de-stationnement\/#primaryimage"},"image":{"@id":"https:\/\/presfab.ca\/fr\/butoir-de-stationnement\/#primaryimage"},"thumbnailUrl":"https:\/\/presfab.ca\/wp-content\/uploads\/2024\/10\/thumb_curb-removebg-preview.png","datePublished":"2025-01-26T19:15:16+00:00","dateModified":"2025-02-05T22:46:50+00:00","breadcrumb":{"@id":"https:\/\/presfab.ca\/fr\/butoir-de-stationnement\/#breadcrumb"},"inLanguage":"fr-FR","potentialAction":[{"@type":"ReadAction","target":["https:\/\/presfab.ca\/fr\/butoir-de-stationnement\/"]}]},{"@type":"ImageObject","inLanguage":"fr-FR","@id":"https:\/\/presfab.ca\/fr\/butoir-de-stationnement\/#primaryimage","url":"https:\/\/presfab.ca\/wp-content\/uploads\/2024\/10\/thumb_curb-removebg-preview.png","contentUrl":"https:\/\/presfab.ca\/wp-content\/uploads\/2024\/10\/thumb_curb-removebg-preview.png"},{"@type":"BreadcrumbList","@id":"https:\/\/presfab.ca\/fr\/butoir-de-stationnement\/#breadcrumb","itemListElement":[{"@type":"ListItem","position":1,"name":"Home","item":"https:\/\/presfab.ca\/fr\/"},{"@type":"ListItem","position":2,"name":"Butoir De Stationnement"}]},{"@type":"WebSite","@id":"https:\/\/presfab.ca\/fr\/#website","url":"https:\/\/presfab.ca\/fr\/","name":"PRESFAB HIGHWAY","description":"Manhole Riser Rings, Delineator Bases, Channelizer Bases, Sign bases and more!","publisher":{"@id":"https:\/\/presfab.ca\/fr\/#organization"},"potentialAction":[{"@type":"SearchAction","target":{"@type":"EntryPoint","urlTemplate":"https:\/\/presfab.ca\/fr\/?s={search_term_string}"},"query-input":{"@type":"PropertyValueSpecification","valueRequired":true,"valueName":"search_term_string"}}],"inLanguage":"fr-FR"},{"@type":"Organization","@id":"https:\/\/presfab.ca\/fr\/#organization","name":"PRESFAB HIGHWAY","url":"https:\/\/presfab.ca\/fr\/","logo":{"@type":"ImageObject","inLanguage":"fr-FR","@id":"https:\/\/presfab.ca\/fr\/#\/schema\/logo\/image\/","url":"https:\/\/presfab.ca\/wp-content\/uploads\/2025\/01\/Asset-1ZoomOut.png","contentUrl":"https:\/\/presfab.ca\/wp-content\/uploads\/2025\/01\/Asset-1ZoomOut.png","width":118,"height":46,"caption":"PRESFAB HIGHWAY"},"image":{"@id":"https:\/\/presfab.ca\/fr\/#\/schema\/logo\/image\/"},"sameAs":["https:\/\/www.facebook.com\/PresfabHighway","https:\/\/x.com\/PresfabHighway","https:\/\/www.linkedin.com\/company\/presfab-highway\/?viewAsMember=true"],"description":"Presfab Highway is a manufacturer of traffic safety products, and manhole and aquaduct grade riser rings. We make bases for Channelizer drums (TR& & TC54), Bases for RD-10 Delineator Posts, Temporary sign bases, speed bumps.","email":"sales@presfab.ca","telephone":"450-979-0007"}]}},"jetpack_sharing_enabled":true,"_links":{"self":[{"href":"https:\/\/presfab.ca\/fr\/wp-json\/wp\/v2\/pages\/2561","targetHints":{"allow":["GET"]}}],"collection":[{"href":"https:\/\/presfab.ca\/fr\/wp-json\/wp\/v2\/pages"}],"about":[{"href":"https:\/\/presfab.ca\/fr\/wp-json\/wp\/v2\/types\/page"}],"author":[{"embeddable":true,"href":"https:\/\/presfab.ca\/fr\/wp-json\/wp\/v2\/users\/2"}],"replies":[{"embeddable":true,"href":"https:\/\/presfab.ca\/fr\/wp-json\/wp\/v2\/comments?post=2561"}],"version-history":[{"count":4,"href":"https:\/\/presfab.ca\/fr\/wp-json\/wp\/v2\/pages\/2561\/revisions"}],"predecessor-version":[{"id":2833,"href":"https:\/\/presfab.ca\/fr\/wp-json\/wp\/v2\/pages\/2561\/revisions\/2833"}],"wp:attachment":[{"href":"https:\/\/presfab.ca\/fr\/wp-json\/wp\/v2\/media?parent=2561"}],"curies":[{"name":"wp","href":"https:\/\/api.w.org\/{rel}","templated":true}]}}