{"id":2695,"date":"2025-01-26T19:44:44","date_gmt":"2025-01-26T19:44:44","guid":{"rendered":"https:\/\/presfab.ca\/base-du-delineateur\/"},"modified":"2025-02-01T22:30:04","modified_gmt":"2025-02-01T22:30:04","slug":"base-du-delineateur","status":"publish","type":"page","link":"https:\/\/presfab.ca\/fr\/base-du-delineateur\/","title":{"rendered":"Base du d\u00e9lin\u00e9ateur"},"content":{"rendered":"\t\t<div data-elementor-type=\"wp-page\" data-elementor-id=\"2695\" class=\"elementor elementor-2695 elementor-1617\" data-elementor-post-type=\"page\">\n\t\t\t\t<div class=\"elementor-element elementor-element-a7b877e e-flex e-con-boxed e-con e-parent\" data-id=\"a7b877e\" data-element_type=\"container\" data-settings=\"{&quot;ekit_has_onepagescroll_dot&quot;:&quot;yes&quot;}\">\n\t\t\t\t\t<div class=\"e-con-inner\">\n\t\t<div class=\"elementor-element elementor-element-0218ddc e-con-full e-flex e-con e-child\" data-id=\"0218ddc\" data-element_type=\"container\" data-settings=\"{&quot;ekit_has_onepagescroll_dot&quot;:&quot;yes&quot;}\">\n\t\t<div class=\"elementor-element elementor-element-7b7328f e-con-full e-flex e-con e-child\" data-id=\"7b7328f\" data-element_type=\"container\" data-settings=\"{&quot;ekit_has_onepagescroll_dot&quot;:&quot;yes&quot;}\">\n\t\t\t\t<div class=\"elementor-element elementor-element-e86b4e5 elementor-widget elementor-widget-text-editor\" data-id=\"e86b4e5\" data-element_type=\"widget\" data-settings=\"{&quot;ekit_we_effect_on&quot;:&quot;none&quot;}\" data-widget_type=\"text-editor.default\">\n\t\t\t\t<div class=\"elementor-widget-container\">\n\t\t\t\t\t\t\t\t\t<h5>\n<\/h5><p><strong>Base de poteau de d\u00e9lin\u00e9ateur MiniGrip\u2122 en caoutchouc<\/strong><\/p><p>Vous recherchez une base durable et stable pour vos poteaux de d\u00e9lin\u00e9ateurs ? La <strong>base de poteau de d\u00e9lin\u00e9ateur en caoutchouc MiniGrip\u2122<\/strong> est la solution ultime pour fixer les <strong>poteaux de d\u00e9lin\u00e9ateur RD-10<\/strong> et les autres poteaux de 4&#8243; de diam\u00e8tre. Con\u00e7ue dans un souci de durabilit\u00e9 et de fiabilit\u00e9, cette base garantit que vos poteaux restent en position verticale, m\u00eame dans des environnements difficiles, tels que des zones \u00e0 forte circulation ou des conditions m\u00e9t\u00e9orologiques d\u00e9favorables.  <\/p><p>Que vous g\u00e9riez des zones de construction, des fermetures de routes ou des d\u00e9viations de trafic, la base MiniGrip\u2122 Delineator offre les performances fiables dont vous avez besoin pour maintenir la s\u00e9curit\u00e9 et l&#8217;organisation.<\/p><hr><h3><strong>Principales caract\u00e9ristiques et avantages<\/strong><\/h3><h5><ul><li><strong>100% caoutchouc recycl\u00e9 :<\/strong> une solution durable et \u00e9cologique qui contribue \u00e0 la pr\u00e9servation de l&#8217;environnement tout en offrant une durabilit\u00e9 sup\u00e9rieure.<\/li><li><strong>S\u00e9curit\u00e9 des pi\u00e9tons et des v\u00e9hicules :<\/strong> Con\u00e7u pour \u00e9viter les risques de tr\u00e9buchement ou les dommages aux v\u00e9hicules, il garantit la s\u00e9curit\u00e9 de tous les usagers de la route.<\/li><li><strong>R\u00e9sistance aux chocs :<\/strong> Absorbe les chocs sans se fissurer, ce qui en fait un produit id\u00e9al pour les zones \u00e0 fort trafic automobile.<\/li><li><strong>R\u00e9sistant aux temp\u00e9ratures et aux intemp\u00e9ries :<\/strong> il fonctionne de mani\u00e8re fiable dans des conditions extr\u00eames de chaleur, de froid, de pluie ou de neige, ce qui le rend adapt\u00e9 \u00e0 tous les climats.<\/li><li><strong>Conception ergonomique :<\/strong><ul><li>Deux poign\u00e9es int\u00e9gr\u00e9es pour un transport et un positionnement sans effort.<\/li><li>Structure empilable pour \u00e9conomiser l&#8217;espace de stockage lorsque vous ne l&#8217;utilisez pas.<\/li><\/ul><\/li><li><strong>Sans entretien :<\/strong> contrairement \u00e0 d&#8217;autres bases, le MiniGrip\u2122 ne n\u00e9cessite aucun entretien suppl\u00e9mentaire, ce qui r\u00e9duit les co\u00fbts \u00e0 long terme.<\/li><\/ul><hr><\/h5><h3><strong>Tailles disponibles<\/strong><\/h3><h5><\/h5><p>La base de poteau d\u00e9lin\u00e9ateur en caoutchouc MiniGrip\u2122 est disponible dans une gamme de poids pour r\u00e9pondre \u00e0 vos besoins sp\u00e9cifiques :<\/p><ul><li><strong>10 livres<\/strong>: L\u00e9ger mais efficace pour les zones \u00e0 faible trafic.<\/li><li><strong>12 lbs :<\/strong> Une option \u00e9quilibr\u00e9e pour une utilisation moyenne.<\/li><li><strong>15 livres<\/strong>: Id\u00e9al pour les zones \u00e0 fort trafic.<\/li><li><strong>20 lbs :<\/strong> Stabilit\u00e9 maximale pour les applications lourdes.<\/li><\/ul><hr><h3><strong>Pourquoi choisir les bases de poteaux de d\u00e9lin\u00e9ateurs en caoutchouc MiniGrip\u2122 ?<\/strong><\/h3><h5><\/h5><p>La base MiniGrip\u2122 est con\u00e7ue pour \u00eatre solide, stable et pratique, ce qui en fait un excellent choix pour maintenir la s\u00e9curit\u00e9 et l&#8217;organisation des installations de circulation temporaires ou permanentes. Sa capacit\u00e9 \u00e0 r\u00e9sister aux intemp\u00e9ries, \u00e0 absorber les chocs et \u00e0 rester stable m\u00eame sous des contraintes importantes en fait un produit de choix pour les professionnels de la gestion du trafic. <\/p><p>En choisissant MiniGrip\u2122, vous prenez \u00e9galement une d\u00e9cision respectueuse de l&#8217;environnement. Enti\u00e8rement fabriqu\u00e9e \u00e0 partir de caoutchouc 100 % recycl\u00e9, cette base soutient les efforts de d\u00e9veloppement durable tout en offrant des performances in\u00e9gal\u00e9es. <\/p><hr><h3><strong>Applications de la base MiniGrip\u2122<\/strong><\/h3><h5><\/h5><p>La base de poteau d\u00e9lin\u00e9ateur en caoutchouc MiniGrip\u2122 est polyvalente et id\u00e9ale pour diverses applications, notamment :<\/p><ul><li>Zones de construction et travaux routiers.<\/li><li>Aires de stationnement et all\u00e9es pi\u00e9tonnes.<\/li><li>D\u00e9viations temporaires de la circulation et fermetures de voies.<\/li><li>Contr\u00f4le des foules lors d&#8217;\u00e9v\u00e9nements ou dans des espaces publics.<\/li><\/ul><p>Quelle que soit la situation, MiniGrip\u2122 veille \u00e0 ce que vos poteaux de d\u00e9limitation restent bien fix\u00e9s et en position verticale, ce qui permet d&#8217;\u00e9viter les accidents et de maintenir des limites claires et visibles.<\/p><hr><h3><strong>Commandez votre MiniGrip\u2122 Base d\u00e8s aujourd&#8217;hui !<\/strong><\/h3><h5><\/h5><p>Ne laissez pas des poteaux de d\u00e9lin\u00e9ateurs instables compromettre la s\u00e9curit\u00e9 ou l&#8217;efficacit\u00e9. La <strong>base de poteau de d\u00e9lin\u00e9ateur en caoutchouc MiniGrip\u2122<\/strong> combine durabilit\u00e9, facilit\u00e9 d&#8217;utilisation et respect de l&#8217;environnement pour offrir des performances fiables sur lesquelles vous pouvez compter. <\/p><p><strong>S\u00e9curisez votre installation de gestion du trafic d\u00e8s aujourd&#8217;hui<\/strong> avec la base MiniGrip\u2122, qui a fait ses preuves. Choisissez la taille qui vous convient et d\u00e9couvrez la diff\u00e9rence en termes de qualit\u00e9 et de fiabilit\u00e9.<\/p><p><\/p><hr><h5>\n<\/h5>\n<ul>\n<\/ul>\t\t\t\t\t\t\t\t<\/div>\n\t\t\t\t<\/div>\n\t\t\t\t<\/div>\n\t\t<div class=\"elementor-element elementor-element-b01657b e-con-full e-flex e-con e-child\" data-id=\"b01657b\" data-element_type=\"container\" data-settings=\"{&quot;ekit_has_onepagescroll_dot&quot;:&quot;yes&quot;}\">\n\t\t\t\t<div class=\"elementor-element elementor-element-4a1da8f elementor-align-justify elementor-widget elementor-widget-button\" data-id=\"4a1da8f\" data-element_type=\"widget\" data-settings=\"{&quot;ekit_we_effect_on&quot;:&quot;none&quot;}\" data-widget_type=\"button.default\">\n\t\t\t\t<div class=\"elementor-widget-container\">\n\t\t\t\t\t\t\t\t\t<div class=\"elementor-button-wrapper\">\n\t\t\t\t\t<a class=\"elementor-button elementor-button-link elementor-size-sm\" href=\"https:\/\/presfab.ca\/fr\/contactez-nous\/\">\n\t\t\t\t\t\t<span class=\"elementor-button-content-wrapper\">\n\t\t\t\t\t\t\t\t\t<span class=\"elementor-button-text\">Obtenir un devis<\/span>\n\t\t\t\t\t<\/span>\n\t\t\t\t\t<\/a>\n\t\t\t\t<\/div>\n\t\t\t\t\t\t\t\t<\/div>\n\t\t\t\t<\/div>\n\t\t\t\t<div class=\"elementor-element elementor-element-2997443 elementor-widget elementor-widget-image\" data-id=\"2997443\" data-element_type=\"widget\" data-settings=\"{&quot;ekit_we_effect_on&quot;:&quot;none&quot;}\" data-widget_type=\"image.default\">\n\t\t\t\t<div class=\"elementor-widget-container\">\n\t\t\t\t\t\t\t\t\t\t\t\t\t\t\t<img fetchpriority=\"high\" decoding=\"async\" width=\"593\" height=\"297\" src=\"https:\/\/presfab.ca\/wp-content\/uploads\/2024\/10\/speedhump.png\" class=\"attachment-full size-full wp-image-843\" alt=\"Rubber Channelizer Base for TC54 and TRV7 Traffic Drums.\" srcset=\"https:\/\/presfab.ca\/wp-content\/uploads\/2024\/10\/speedhump.png 593w, https:\/\/presfab.ca\/wp-content\/uploads\/2024\/10\/speedhump-300x150.png 300w\" sizes=\"(max-width: 593px) 100vw, 593px\" \/>\t\t\t\t\t\t\t\t\t\t\t\t\t\t\t<\/div>\n\t\t\t\t<\/div>\n\t\t\t\t<\/div>\n\t\t\t\t<\/div>\n\t\t\t\t\t<\/div>\n\t\t\t\t<\/div>\n\t\t\t\t<\/div>\n\t\t","protected":false},"excerpt":{"rendered":"<p>Base de poteau de d\u00e9lin\u00e9ateur MiniGrip\u2122 en caoutchouc Vous recherchez une base durable et stable pour vos poteaux de d\u00e9lin\u00e9ateurs ? La base de poteau de d\u00e9lin\u00e9ateur en caoutchouc MiniGrip\u2122 est la solution ultime pour fixer les poteaux de d\u00e9lin\u00e9ateur RD-10 et les autres poteaux de 4&#8243; de diam\u00e8tre. Con\u00e7ue dans un souci de durabilit\u00e9 [&hellip;]<\/p>\n","protected":false},"author":2,"featured_media":0,"parent":0,"menu_order":0,"comment_status":"closed","ping_status":"closed","template":"","meta":{"content-type":"","footnotes":""},"class_list":["post-2695","page","type-page","status-publish","hentry"],"yoast_head":"<!-- This site is optimized with the Yoast SEO Premium plugin v24.3 (Yoast SEO v24.3) - https:\/\/yoast.com\/wordpress\/plugins\/seo\/ -->\n<title>MiniGrip\u2122 Delineator Post Base - PRESFAB HIGHWAY<\/title>\n<meta name=\"description\" content=\"Le MiniGrip de Presfab Highway est la base parfaite pour les poteaux Delineator. Il est con\u00e7u pour tous les poteaux RD-10 et les poteaux d&#039;un diam\u00e8tre de 4&quot;.\" \/>\n<meta name=\"robots\" content=\"index, follow, max-snippet:-1, max-image-preview:large, max-video-preview:-1\" \/>\n<link rel=\"canonical\" href=\"https:\/\/presfab.ca\/fr\/base-du-delineateur\/\" \/>\n<meta property=\"og:locale\" content=\"fr_FR\" \/>\n<meta property=\"og:type\" content=\"article\" \/>\n<meta property=\"og:title\" content=\"Base de poteau de d\u00e9lin\u00e9ateur MiniGrip : La solution parfaite pour la s\u00e9curit\u00e9 et la durabilit\u00e9\" \/>\n<meta property=\"og:description\" content=\"Le MiniGrip de Presfab Highway est la base parfaite pour les poteaux Delineator. Il est con\u00e7u pour tous les poteaux RD-10 et les poteaux d&#039;un diam\u00e8tre de 4&quot;.\" \/>\n<meta property=\"og:url\" content=\"https:\/\/presfab.ca\/fr\/base-du-delineateur\/\" \/>\n<meta property=\"og:site_name\" content=\"PRESFAB HIGHWAY\" \/>\n<meta property=\"article:publisher\" content=\"https:\/\/www.facebook.com\/PresfabHighway\" \/>\n<meta property=\"article:modified_time\" content=\"2025-02-01T22:30:04+00:00\" \/>\n<meta property=\"og:image\" content=\"https:\/\/presfab.ca\/wp-content\/uploads\/2024\/10\/speedhump.png\" \/>\n<meta name=\"twitter:card\" content=\"summary_large_image\" \/>\n<meta name=\"twitter:title\" content=\"Base du d\u00e9lin\u00e9ateur\" \/>\n<meta name=\"twitter:site\" content=\"@PresfabHighway\" \/>\n<meta name=\"twitter:label1\" content=\"Dur\u00e9e de lecture estim\u00e9e\" \/>\n\t<meta name=\"twitter:data1\" content=\"3 minutes\" \/>\n<script type=\"application\/ld+json\" class=\"yoast-schema-graph\">{\"@context\":\"https:\/\/schema.org\",\"@graph\":[{\"@type\":\"WebPage\",\"@id\":\"https:\/\/presfab.ca\/fr\/base-du-delineateur\/\",\"url\":\"https:\/\/presfab.ca\/fr\/base-du-delineateur\/\",\"name\":\"MiniGrip\u2122 Delineator Post Base - PRESFAB HIGHWAY\",\"isPartOf\":{\"@id\":\"https:\/\/presfab.ca\/fr\/#website\"},\"primaryImageOfPage\":{\"@id\":\"https:\/\/presfab.ca\/fr\/base-du-delineateur\/#primaryimage\"},\"image\":{\"@id\":\"https:\/\/presfab.ca\/fr\/base-du-delineateur\/#primaryimage\"},\"thumbnailUrl\":\"https:\/\/presfab.ca\/wp-content\/uploads\/2024\/10\/speedhump.png\",\"datePublished\":\"2025-01-26T19:44:44+00:00\",\"dateModified\":\"2025-02-01T22:30:04+00:00\",\"description\":\"Le MiniGrip de Presfab Highway est la base parfaite pour les poteaux Delineator. Il est con\u00e7u pour tous les poteaux RD-10 et les poteaux d'un diam\u00e8tre de 4\\\".\",\"breadcrumb\":{\"@id\":\"https:\/\/presfab.ca\/fr\/base-du-delineateur\/#breadcrumb\"},\"inLanguage\":\"fr-FR\",\"potentialAction\":[{\"@type\":\"ReadAction\",\"target\":[\"https:\/\/presfab.ca\/fr\/base-du-delineateur\/\"]}]},{\"@type\":\"ImageObject\",\"inLanguage\":\"fr-FR\",\"@id\":\"https:\/\/presfab.ca\/fr\/base-du-delineateur\/#primaryimage\",\"url\":\"https:\/\/presfab.ca\/wp-content\/uploads\/2024\/10\/speedhump.png\",\"contentUrl\":\"https:\/\/presfab.ca\/wp-content\/uploads\/2024\/10\/speedhump.png\"},{\"@type\":\"BreadcrumbList\",\"@id\":\"https:\/\/presfab.ca\/fr\/base-du-delineateur\/#breadcrumb\",\"itemListElement\":[{\"@type\":\"ListItem\",\"position\":1,\"name\":\"Home\",\"item\":\"https:\/\/presfab.ca\/fr\/\"},{\"@type\":\"ListItem\",\"position\":2,\"name\":\"Base du d\u00e9lin\u00e9ateur\"}]},{\"@type\":\"WebSite\",\"@id\":\"https:\/\/presfab.ca\/fr\/#website\",\"url\":\"https:\/\/presfab.ca\/fr\/\",\"name\":\"PRESFAB HIGHWAY\",\"description\":\"Manhole Riser Rings, Delineator Bases, Channelizer Bases, Sign bases and more!\",\"publisher\":{\"@id\":\"https:\/\/presfab.ca\/fr\/#organization\"},\"potentialAction\":[{\"@type\":\"SearchAction\",\"target\":{\"@type\":\"EntryPoint\",\"urlTemplate\":\"https:\/\/presfab.ca\/fr\/?s={search_term_string}\"},\"query-input\":{\"@type\":\"PropertyValueSpecification\",\"valueRequired\":true,\"valueName\":\"search_term_string\"}}],\"inLanguage\":\"fr-FR\"},{\"@type\":\"Organization\",\"@id\":\"https:\/\/presfab.ca\/fr\/#organization\",\"name\":\"PRESFAB HIGHWAY\",\"url\":\"https:\/\/presfab.ca\/fr\/\",\"logo\":{\"@type\":\"ImageObject\",\"inLanguage\":\"fr-FR\",\"@id\":\"https:\/\/presfab.ca\/fr\/#\/schema\/logo\/image\/\",\"url\":\"https:\/\/presfab.ca\/wp-content\/uploads\/2025\/01\/Asset-1ZoomOut.png\",\"contentUrl\":\"https:\/\/presfab.ca\/wp-content\/uploads\/2025\/01\/Asset-1ZoomOut.png\",\"width\":118,\"height\":46,\"caption\":\"PRESFAB HIGHWAY\"},\"image\":{\"@id\":\"https:\/\/presfab.ca\/fr\/#\/schema\/logo\/image\/\"},\"sameAs\":[\"https:\/\/www.facebook.com\/PresfabHighway\",\"https:\/\/x.com\/PresfabHighway\",\"https:\/\/www.linkedin.com\/company\/presfab-highway\/?viewAsMember=true\"],\"description\":\"Presfab Highway is a manufacturer of traffic safety products, and manhole and aquaduct grade riser rings. We make bases for Channelizer drums (TR& & TC54), Bases for RD-10 Delineator Posts, Temporary sign bases, speed bumps.\",\"email\":\"sales@presfab.ca\",\"telephone\":\"450-979-0007\"}]}<\/script>\n<!-- \/ Yoast SEO Premium plugin. -->","yoast_head_json":{"title":"MiniGrip\u2122 Delineator Post Base - PRESFAB HIGHWAY","description":"Le MiniGrip de Presfab Highway est la base parfaite pour les poteaux Delineator. Il est con\u00e7u pour tous les poteaux RD-10 et les poteaux d'un diam\u00e8tre de 4\".","robots":{"index":"index","follow":"follow","max-snippet":"max-snippet:-1","max-image-preview":"max-image-preview:large","max-video-preview":"max-video-preview:-1"},"canonical":"https:\/\/presfab.ca\/fr\/base-du-delineateur\/","og_locale":"fr_FR","og_type":"article","og_title":"Base de poteau de d\u00e9lin\u00e9ateur MiniGrip : La solution parfaite pour la s\u00e9curit\u00e9 et la durabilit\u00e9","og_description":"Le MiniGrip de Presfab Highway est la base parfaite pour les poteaux Delineator. Il est con\u00e7u pour tous les poteaux RD-10 et les poteaux d'un diam\u00e8tre de 4\".","og_url":"https:\/\/presfab.ca\/fr\/base-du-delineateur\/","og_site_name":"PRESFAB HIGHWAY","article_publisher":"https:\/\/www.facebook.com\/PresfabHighway","article_modified_time":"2025-02-01T22:30:04+00:00","og_image":[{"url":"https:\/\/presfab.ca\/wp-content\/uploads\/2024\/10\/speedhump.png","type":"","width":"","height":""}],"twitter_card":"summary_large_image","twitter_title":"Base du d\u00e9lin\u00e9ateur","twitter_site":"@PresfabHighway","twitter_misc":{"Dur\u00e9e de lecture estim\u00e9e":"3 minutes"},"schema":{"@context":"https:\/\/schema.org","@graph":[{"@type":"WebPage","@id":"https:\/\/presfab.ca\/fr\/base-du-delineateur\/","url":"https:\/\/presfab.ca\/fr\/base-du-delineateur\/","name":"MiniGrip\u2122 Delineator Post Base - PRESFAB HIGHWAY","isPartOf":{"@id":"https:\/\/presfab.ca\/fr\/#website"},"primaryImageOfPage":{"@id":"https:\/\/presfab.ca\/fr\/base-du-delineateur\/#primaryimage"},"image":{"@id":"https:\/\/presfab.ca\/fr\/base-du-delineateur\/#primaryimage"},"thumbnailUrl":"https:\/\/presfab.ca\/wp-content\/uploads\/2024\/10\/speedhump.png","datePublished":"2025-01-26T19:44:44+00:00","dateModified":"2025-02-01T22:30:04+00:00","description":"Le MiniGrip de Presfab Highway est la base parfaite pour les poteaux Delineator. Il est con\u00e7u pour tous les poteaux RD-10 et les poteaux d'un diam\u00e8tre de 4\".","breadcrumb":{"@id":"https:\/\/presfab.ca\/fr\/base-du-delineateur\/#breadcrumb"},"inLanguage":"fr-FR","potentialAction":[{"@type":"ReadAction","target":["https:\/\/presfab.ca\/fr\/base-du-delineateur\/"]}]},{"@type":"ImageObject","inLanguage":"fr-FR","@id":"https:\/\/presfab.ca\/fr\/base-du-delineateur\/#primaryimage","url":"https:\/\/presfab.ca\/wp-content\/uploads\/2024\/10\/speedhump.png","contentUrl":"https:\/\/presfab.ca\/wp-content\/uploads\/2024\/10\/speedhump.png"},{"@type":"BreadcrumbList","@id":"https:\/\/presfab.ca\/fr\/base-du-delineateur\/#breadcrumb","itemListElement":[{"@type":"ListItem","position":1,"name":"Home","item":"https:\/\/presfab.ca\/fr\/"},{"@type":"ListItem","position":2,"name":"Base du d\u00e9lin\u00e9ateur"}]},{"@type":"WebSite","@id":"https:\/\/presfab.ca\/fr\/#website","url":"https:\/\/presfab.ca\/fr\/","name":"PRESFAB HIGHWAY","description":"Manhole Riser Rings, Delineator Bases, Channelizer Bases, Sign bases and more!","publisher":{"@id":"https:\/\/presfab.ca\/fr\/#organization"},"potentialAction":[{"@type":"SearchAction","target":{"@type":"EntryPoint","urlTemplate":"https:\/\/presfab.ca\/fr\/?s={search_term_string}"},"query-input":{"@type":"PropertyValueSpecification","valueRequired":true,"valueName":"search_term_string"}}],"inLanguage":"fr-FR"},{"@type":"Organization","@id":"https:\/\/presfab.ca\/fr\/#organization","name":"PRESFAB HIGHWAY","url":"https:\/\/presfab.ca\/fr\/","logo":{"@type":"ImageObject","inLanguage":"fr-FR","@id":"https:\/\/presfab.ca\/fr\/#\/schema\/logo\/image\/","url":"https:\/\/presfab.ca\/wp-content\/uploads\/2025\/01\/Asset-1ZoomOut.png","contentUrl":"https:\/\/presfab.ca\/wp-content\/uploads\/2025\/01\/Asset-1ZoomOut.png","width":118,"height":46,"caption":"PRESFAB HIGHWAY"},"image":{"@id":"https:\/\/presfab.ca\/fr\/#\/schema\/logo\/image\/"},"sameAs":["https:\/\/www.facebook.com\/PresfabHighway","https:\/\/x.com\/PresfabHighway","https:\/\/www.linkedin.com\/company\/presfab-highway\/?viewAsMember=true"],"description":"Presfab Highway is a manufacturer of traffic safety products, and manhole and aquaduct grade riser rings. We make bases for Channelizer drums (TR& & TC54), Bases for RD-10 Delineator Posts, Temporary sign bases, speed bumps.","email":"sales@presfab.ca","telephone":"450-979-0007"}]}},"jetpack_sharing_enabled":true,"_links":{"self":[{"href":"https:\/\/presfab.ca\/fr\/wp-json\/wp\/v2\/pages\/2695","targetHints":{"allow":["GET"]}}],"collection":[{"href":"https:\/\/presfab.ca\/fr\/wp-json\/wp\/v2\/pages"}],"about":[{"href":"https:\/\/presfab.ca\/fr\/wp-json\/wp\/v2\/types\/page"}],"author":[{"embeddable":true,"href":"https:\/\/presfab.ca\/fr\/wp-json\/wp\/v2\/users\/2"}],"replies":[{"embeddable":true,"href":"https:\/\/presfab.ca\/fr\/wp-json\/wp\/v2\/comments?post=2695"}],"version-history":[{"count":2,"href":"https:\/\/presfab.ca\/fr\/wp-json\/wp\/v2\/pages\/2695\/revisions"}],"predecessor-version":[{"id":2697,"href":"https:\/\/presfab.ca\/fr\/wp-json\/wp\/v2\/pages\/2695\/revisions\/2697"}],"wp:attachment":[{"href":"https:\/\/presfab.ca\/fr\/wp-json\/wp\/v2\/media?parent=2695"}],"curies":[{"name":"wp","href":"https:\/\/api.w.org\/{rel}","templated":true}]}}