{"id":2943,"date":"2024-10-21T05:47:29","date_gmt":"2024-10-21T05:47:29","guid":{"rendered":"https:\/\/presfab.ca\/an-chuideachta\/"},"modified":"2025-02-09T01:46:10","modified_gmt":"2025-02-09T01:46:10","slug":"an-chuideachta","status":"publish","type":"page","link":"https:\/\/presfab.ca\/ga\/an-chuideachta\/","title":{"rendered":"An Chuideachta"},"content":{"rendered":"\t\t<div data-elementor-type=\"wp-page\" data-elementor-id=\"2943\" class=\"elementor elementor-2943 elementor-22\" data-elementor-post-type=\"page\">\n\t\t\t\t\t\t<section class=\"elementor-section elementor-top-section elementor-element elementor-element-7a3a191 elementor-section-height-min-height elementor-section-boxed elementor-section-height-default elementor-section-items-middle\" data-id=\"7a3a191\" data-element_type=\"section\" data-settings=\"{&quot;background_background&quot;:&quot;classic&quot;,&quot;ekit_has_onepagescroll_dot&quot;:&quot;yes&quot;}\">\n\t\t\t\t\t\t<div class=\"elementor-container elementor-column-gap-default\">\n\t\t\t\t\t<div class=\"elementor-column elementor-col-100 elementor-top-column elementor-element elementor-element-5f92ac9\" data-id=\"5f92ac9\" data-element_type=\"column\">\n\t\t\t<div class=\"elementor-widget-wrap\">\n\t\t\t\t\t\t\t<\/div>\n\t\t<\/div>\n\t\t\t\t\t<\/div>\n\t\t<\/section>\n\t\t\t\t<section class=\"elementor-section elementor-top-section elementor-element elementor-element-78eafe81 elementor-section-boxed elementor-section-height-default elementor-section-height-default\" data-id=\"78eafe81\" data-element_type=\"section\" data-settings=\"{&quot;background_background&quot;:&quot;classic&quot;,&quot;ekit_has_onepagescroll_dot&quot;:&quot;yes&quot;}\">\n\t\t\t\t\t\t<div class=\"elementor-container elementor-column-gap-default\">\n\t\t\t\t\t<div class=\"elementor-column elementor-col-50 elementor-top-column elementor-element elementor-element-204611d2\" data-id=\"204611d2\" data-element_type=\"column\">\n\t\t\t<div class=\"elementor-widget-wrap elementor-element-populated\">\n\t\t\t\t\t\t<section class=\"elementor-section elementor-inner-section elementor-element elementor-element-7b5d708e elementor-section-boxed elementor-section-height-default elementor-section-height-default\" data-id=\"7b5d708e\" data-element_type=\"section\" data-settings=\"{&quot;ekit_has_onepagescroll_dot&quot;:&quot;yes&quot;}\">\n\t\t\t\t\t\t<div class=\"elementor-container elementor-column-gap-default\">\n\t\t\t\t\t<div class=\"elementor-column elementor-col-100 elementor-inner-column elementor-element elementor-element-45bdf85a\" data-id=\"45bdf85a\" data-element_type=\"column\">\n\t\t\t<div class=\"elementor-widget-wrap elementor-element-populated\">\n\t\t\t\t\t\t<div class=\"elementor-element elementor-element-5bf3f558 elementor-invisible elementor-widget elementor-widget-heading\" data-id=\"5bf3f558\" data-element_type=\"widget\" data-settings=\"{&quot;_animation&quot;:&quot;fadeInDown&quot;,&quot;ekit_we_effect_on&quot;:&quot;none&quot;}\" data-widget_type=\"heading.default\">\n\t\t\t\t<div class=\"elementor-widget-container\">\n\t\t\t\t\t<h2 class=\"elementor-heading-title elementor-size-default\">AN MISEAN<\/h2>\t\t\t\t<\/div>\n\t\t\t\t<\/div>\n\t\t\t\t<div class=\"elementor-element elementor-element-7b941da0 elementor-invisible elementor-widget elementor-widget-text-editor\" data-id=\"7b941da0\" data-element_type=\"widget\" data-settings=\"{&quot;_animation&quot;:&quot;fadeInDown&quot;,&quot;ekit_we_effect_on&quot;:&quot;none&quot;}\" data-widget_type=\"text-editor.default\">\n\t\t\t\t<div class=\"elementor-widget-container\">\n\t\t\t\t\t\t\t\t\t<p>Is cuideachta d\u00e9ant\u00fasa\u00edochta \u00e9 Presfab Inc. a dh\u00e9anann speisialt\u00f3ireacht i ndearadh t\u00e1irg\u00ed agus i bhforbairt t\u00e1irg\u00ed chun gr\u00e9as\u00e1n b\u00f3ithre a chothabh\u00e1il. Is \u00e9 an misean at\u00e1 againn n\u00e1 raon t\u00e1irg\u00ed a thairiscint a fhreastala\u00edonn ar riachtanais \u00e1r gcustaim\u00e9ir\u00ed.  <\/p>\n<p>D\u00e9anann Presfab Inc. a th\u00e1irg\u00ed cruach a thr\u00e1cht\u00e1l\u00fa faoin ainm branda Ring-O-Pave\u2122 agus Highway &amp; Rubber faoin ainm branda Flex-O-Ring\u2122.<\/p>\n<p>T\u00e1imid speisialaithe i nd\u00e9ant\u00fasa\u00edocht, f\u00e1inn\u00ed cruach agus f\u00e1inn\u00ed rubair d\u00e9anta as rubar 100% athch\u00fars\u00e1ilte. Comhl\u00edonann \u00e1r raon t\u00e1irg\u00ed riachtanais na gcathracha agus na bp\u00e1irtithe leasmhara at\u00e1 speisialaithe i gcothabh\u00e1il agus deisi\u00fa b\u00f3ithre: b\u00e1is\u00edn\u00ed gabh\u00e1la, d\u00fanphoill, iompar leictreach, bosca\u00ed comhla, l\u00ednte g\u00e1is agus daoine eile. <\/p>\n<p>Ina theannta sin, t\u00e1 Highway Rubber speisialt\u00f3ireacht i nd\u00e9ant\u00fasa\u00edocht t\u00e1irg\u00ed maolaithe tr\u00e1chta agus t\u00e1irg\u00ed s\u00e1bh\u00e1ilteachta ar bh\u00f3ithre d\u00e9anta as rubar athch\u00fars\u00e1ilte a chomhl\u00edonann na ceanglais uile maidir le s\u00e1bh\u00e1ilteacht ar bh\u00f3ithre. \u00c1r Th\u00e1irg\u00ed: Buaileann luais, stad rotha, crom\u00e1n luais Sinusoidal agus \u00e1r mbonn cruth U le haghaidh comharthachomhartha sealadach freastal ar riachtanais raon leathan p\u00e1irtithe leasmhara sa tionscal s\u00e1bh\u00e1ilteachta ar bh\u00f3ithre. <\/p>\n\t\t\t\t\t\t\t\t<\/div>\n\t\t\t\t<\/div>\n\t\t\t\t\t<\/div>\n\t\t<\/div>\n\t\t\t\t\t<\/div>\n\t\t<\/section>\n\t\t\t\t\t<\/div>\n\t\t<\/div>\n\t\t\t\t<div class=\"elementor-column elementor-col-50 elementor-top-column elementor-element elementor-element-61544660\" data-id=\"61544660\" data-element_type=\"column\">\n\t\t\t<div class=\"elementor-widget-wrap elementor-element-populated\">\n\t\t\t\t\t\t<section class=\"elementor-section elementor-inner-section elementor-element elementor-element-725bf91e elementor-section-boxed elementor-section-height-default elementor-section-height-default\" data-id=\"725bf91e\" data-element_type=\"section\" data-settings=\"{&quot;ekit_has_onepagescroll_dot&quot;:&quot;yes&quot;}\">\n\t\t\t\t\t\t<div class=\"elementor-container elementor-column-gap-default\">\n\t\t\t\t\t<div class=\"elementor-column elementor-col-100 elementor-inner-column elementor-element elementor-element-aa44e7e\" data-id=\"aa44e7e\" data-element_type=\"column\">\n\t\t\t<div class=\"elementor-widget-wrap elementor-element-populated\">\n\t\t\t\t\t\t<div class=\"elementor-element elementor-element-71ffad70 elementor-invisible elementor-widget elementor-widget-image\" data-id=\"71ffad70\" data-element_type=\"widget\" data-settings=\"{&quot;_animation&quot;:&quot;fadeInDown&quot;,&quot;ekit_we_effect_on&quot;:&quot;none&quot;}\" data-widget_type=\"image.default\">\n\t\t\t\t<div class=\"elementor-widget-container\">\n\t\t\t\t\t\t\t\t\t\t\t\t\t\t\t<img decoding=\"async\" width=\"230\" height=\"80\" src=\"https:\/\/presfab.ca\/wp-content\/uploads\/2024\/10\/logo_HighwayGarantie-1.jpg\" class=\"attachment-full size-full wp-image-348\" alt=\"\" \/>\t\t\t\t\t\t\t\t\t\t\t\t\t\t\t<\/div>\n\t\t\t\t<\/div>\n\t\t\t\t\t<\/div>\n\t\t<\/div>\n\t\t\t\t\t<\/div>\n\t\t<\/section>\n\t\t\t\t\t<\/div>\n\t\t<\/div>\n\t\t\t\t\t<\/div>\n\t\t<\/section>\n\t\t\t\t<section class=\"elementor-section elementor-top-section elementor-element elementor-element-7784814 elementor-section-boxed elementor-section-height-default elementor-section-height-default\" data-id=\"7784814\" data-element_type=\"section\" data-settings=\"{&quot;background_background&quot;:&quot;classic&quot;,&quot;ekit_has_onepagescroll_dot&quot;:&quot;yes&quot;}\">\n\t\t\t\t\t\t<div class=\"elementor-container elementor-column-gap-default\">\n\t\t\t\t\t<div class=\"elementor-column elementor-col-50 elementor-top-column elementor-element elementor-element-abef8fc\" data-id=\"abef8fc\" data-element_type=\"column\">\n\t\t\t<div class=\"elementor-widget-wrap elementor-element-populated\">\n\t\t\t\t\t\t<section class=\"elementor-section elementor-inner-section elementor-element elementor-element-0940c92 elementor-section-boxed elementor-section-height-default elementor-section-height-default\" data-id=\"0940c92\" data-element_type=\"section\" data-settings=\"{&quot;ekit_has_onepagescroll_dot&quot;:&quot;yes&quot;}\">\n\t\t\t\t\t\t<div class=\"elementor-container elementor-column-gap-default\">\n\t\t\t\t\t<div class=\"elementor-column elementor-col-100 elementor-inner-column elementor-element elementor-element-92867e6\" data-id=\"92867e6\" data-element_type=\"column\">\n\t\t\t<div class=\"elementor-widget-wrap elementor-element-populated\">\n\t\t\t\t\t\t<div class=\"elementor-element elementor-element-f864f8c elementor-invisible elementor-widget elementor-widget-image\" data-id=\"f864f8c\" data-element_type=\"widget\" data-settings=\"{&quot;_animation&quot;:&quot;fadeInDown&quot;,&quot;ekit_we_effect_on&quot;:&quot;none&quot;}\" data-widget_type=\"image.default\">\n\t\t\t\t<div class=\"elementor-widget-container\">\n\t\t\t\t\t\t\t\t\t\t\t\t\t\t\t<img decoding=\"async\" width=\"230\" height=\"80\" src=\"https:\/\/presfab.ca\/wp-content\/uploads\/2024\/10\/logoPresfab_garantie.jpg\" class=\"attachment-full size-full wp-image-315\" alt=\"\" \/>\t\t\t\t\t\t\t\t\t\t\t\t\t\t\t<\/div>\n\t\t\t\t<\/div>\n\t\t\t\t\t<\/div>\n\t\t<\/div>\n\t\t\t\t\t<\/div>\n\t\t<\/section>\n\t\t\t\t\t<\/div>\n\t\t<\/div>\n\t\t\t\t<div class=\"elementor-column elementor-col-50 elementor-top-column elementor-element elementor-element-06b17a4\" data-id=\"06b17a4\" data-element_type=\"column\">\n\t\t\t<div class=\"elementor-widget-wrap elementor-element-populated\">\n\t\t\t\t\t\t<section class=\"elementor-section elementor-inner-section elementor-element elementor-element-366aa88 elementor-section-boxed elementor-section-height-default elementor-section-height-default\" data-id=\"366aa88\" data-element_type=\"section\" data-settings=\"{&quot;ekit_has_onepagescroll_dot&quot;:&quot;yes&quot;}\">\n\t\t\t\t\t\t<div class=\"elementor-container elementor-column-gap-default\">\n\t\t\t\t\t<div class=\"elementor-column elementor-col-100 elementor-inner-column elementor-element elementor-element-a36ff52\" data-id=\"a36ff52\" data-element_type=\"column\">\n\t\t\t<div class=\"elementor-widget-wrap elementor-element-populated\">\n\t\t\t\t\t\t<div class=\"elementor-element elementor-element-79eabdd elementor-invisible elementor-widget elementor-widget-heading\" data-id=\"79eabdd\" data-element_type=\"widget\" data-settings=\"{&quot;_animation&quot;:&quot;fadeInDown&quot;,&quot;ekit_we_effect_on&quot;:&quot;none&quot;}\" data-widget_type=\"heading.default\">\n\t\t\t\t<div class=\"elementor-widget-container\">\n\t\t\t\t\t<h2 class=\"elementor-heading-title elementor-size-default\">STAIR<\/h2>\t\t\t\t<\/div>\n\t\t\t\t<\/div>\n\t\t\t\t<div class=\"elementor-element elementor-element-35aa8fd elementor-invisible elementor-widget elementor-widget-text-editor\" data-id=\"35aa8fd\" data-element_type=\"widget\" data-settings=\"{&quot;_animation&quot;:&quot;fadeInDown&quot;,&quot;ekit_we_effect_on&quot;:&quot;none&quot;}\" data-widget_type=\"text-editor.default\">\n\t\t\t\t<div class=\"elementor-widget-container\">\n\t\t\t\t\t\t\t\t\t<p>Thosaigh gach rud i 1976 nuair a bhunaigh an tUasal Alain Prescott Prescott Metal. Ar dt\u00fas bh\u00ed an chuideachta speisialaithe i bp\u00edosa\u00ed cruach a th\u00e1irgeadh don tionscal tromshaothair mar mhianaigh, gl\u00e9asra\u00ed reilige agus custaim\u00e9ir\u00ed speisialaithe eile. Tar \u00e9is iarratas a rinne custaim\u00e9ir amh\u00e1in (Teilgche\u00e1rta) chun r\u00e9iteach agus rogha eile a aimsi\u00fa do gach briseadh feabhsaithe teilgthe, rinne an tUasal Prescott a anail\u00eds f\u00e9in agus thosaigh s\u00e9 ag t\u00e1irgeadh f\u00e1inne feabhsaithe cruach a dh\u00edoltar faoin ainm branda Ring-O-Pave. Ba \u00e9 seo an t\u00fas le eachtra\u00edochta nua.   <\/p>\n<p>Sa bhliain 1986, dh\u00edol an tUasal Prescott Prescott Metal chun d\u00edri\u00fa go heisiach ar mhonar\u00fa an t\u00e1irge Ring-O-Pave. Fuair \u200b\u200ban tUasal Prescott 5 phaitinn leis an Ring-O-Pave tar \u00e9is rath an t\u00e1irge \u00f3 thionscail mar: mianaigh, driogair\u00ed, teilgche\u00e1rta, ionaid ch\u00f3ire\u00e1la s\u00e9arachais agus cliaint eile. <\/p>\n<p>I 1994, th\u00e1inig margadh nua chun cinn le monar\u00fa t\u00e1irg\u00ed d\u00e9anta as boinn athch\u00fars\u00e1ilte. Seo t\u00fas r\u00e9 nua, tabhairt isteach an Flex-O-Ring. T\u00e1 an fr\u00e1ma seo d\u00e9anta as rubar 100% athch\u00fars\u00e1ilte mar thoradh ar dh\u00e1 bhliain i dtaighde agus i bhforbairt as a dtiocfaidh paitinn eile a bhaint amach. Tar \u00e9is an rath a bh\u00ed ar a thabhairt isteach, leanann an Flex-O-Ring ag freastal ar riachtanais chathracha agus p\u00e1irtithe leasmhara eile maidir le cothabh\u00e1il b\u00f3ithre.   <\/p>\n<p>Bh\u00ed an bhliain 2005 deacair; rinne tine scrios ar \u00e1iseanna na cuideachta. Mar gheall ar a spiorad fiontra\u00edochta, rinne an tUasal Prescott an cinneadh an chuideachta a atheagr\u00fa tr\u00ed bhogadh i monarcha saor\u00e1ide n\u00edos m\u00f3 i mBoisbriand. C\u00e9 go raibh t\u00fas na bliana deacair, bh\u00ed an c\u00e1s seo ar bhealach tairbheach don chuideachta, ligeann s\u00e9 don chuideachta \u00e9 f\u00e9in a athshu\u00edomh le bheith ar cheann de na gl\u00e9asra\u00ed is t\u00e1irgi\u00fala i Meirice\u00e1 Thuaidh le tabhairt isteach a phr\u00f3isis uathoibrithe f\u00e9in agus trealamh n\u00edos \u00e9ifeachta\u00ed.  <\/p>\n<p>Sa bhliain 2006, thosaigh an chuideachta ag d\u00edol a chuid t\u00e1irg\u00ed ar mh\u00f3r-roinn na hEorpa. Mar at\u00e1 inniu ann, t\u00e1 an chuideachta ar cheann de na cinn is rath\u00fala maidir le dearadh agus monar\u00fa t\u00e1irg\u00ed saincheaptha do chustaim\u00e9ir\u00ed. T\u00e1 \u00e1r gcuid t\u00e1irg\u00ed, Ring-O-Pave, Flex-O-Ring agus na t\u00e1irg\u00ed speisialaithe b\u00f3ithre &amp; s\u00e1bh\u00e1ilteachta go l\u00e9ir ar f\u00e1il tr\u00edn\u00e1r l\u00edonra d\u00e1ileach\u00e1in ar fud Mheirice\u00e1 Thuaidh. <\/p>\n\t\t\t\t\t\t\t\t<\/div>\n\t\t\t\t<\/div>\n\t\t\t\t\t<\/div>\n\t\t<\/div>\n\t\t\t\t\t<\/div>\n\t\t<\/section>\n\t\t\t\t\t<\/div>\n\t\t<\/div>\n\t\t\t\t\t<\/div>\n\t\t<\/section>\n\t\t\t\t<\/div>\n\t\t","protected":false},"excerpt":{"rendered":"<p>AN MISEAN Is cuideachta d\u00e9ant\u00fasa\u00edochta \u00e9 Presfab Inc. a dh\u00e9anann speisialt\u00f3ireacht i ndearadh t\u00e1irg\u00ed agus i bhforbairt t\u00e1irg\u00ed chun gr\u00e9as\u00e1n b\u00f3ithre a chothabh\u00e1il. Is \u00e9 an misean at\u00e1 againn n\u00e1 raon t\u00e1irg\u00ed a thairiscint a fhreastala\u00edonn ar riachtanais \u00e1r gcustaim\u00e9ir\u00ed. D\u00e9anann Presfab Inc. a th\u00e1irg\u00ed cruach a thr\u00e1cht\u00e1l\u00fa faoin ainm branda Ring-O-Pave\u2122 agus Highway &amp; [&hellip;]<\/p>\n","protected":false},"author":1,"featured_media":0,"parent":0,"menu_order":0,"comment_status":"closed","ping_status":"closed","template":"elementor_header_footer","meta":{"content-type":"","footnotes":""},"class_list":["post-2943","page","type-page","status-publish","hentry"],"yoast_head":"<!-- This site is optimized with the Yoast SEO Premium plugin v24.3 (Yoast SEO v24.3) - https:\/\/yoast.com\/wordpress\/plugins\/seo\/ -->\n<title>An Chuideachta - PRESFAB HIGHWAY<\/title>\n<meta name=\"robots\" content=\"index, follow, max-snippet:-1, max-image-preview:large, max-video-preview:-1\" \/>\n<link rel=\"canonical\" href=\"https:\/\/presfab.ca\/ga\/an-chuideachta\/\" \/>\n<meta property=\"og:locale\" content=\"ga_IE\" \/>\n<meta property=\"og:type\" content=\"article\" \/>\n<meta property=\"og:title\" content=\"An Chuideachta\" \/>\n<meta property=\"og:description\" content=\"AN MISEAN Is cuideachta d\u00e9ant\u00fasa\u00edochta \u00e9 Presfab Inc. a dh\u00e9anann speisialt\u00f3ireacht i ndearadh t\u00e1irg\u00ed agus i bhforbairt t\u00e1irg\u00ed chun gr\u00e9as\u00e1n b\u00f3ithre a chothabh\u00e1il. Is \u00e9 an misean at\u00e1 againn n\u00e1 raon t\u00e1irg\u00ed a thairiscint a fhreastala\u00edonn ar riachtanais \u00e1r gcustaim\u00e9ir\u00ed. D\u00e9anann Presfab Inc. a th\u00e1irg\u00ed cruach a thr\u00e1cht\u00e1l\u00fa faoin ainm branda Ring-O-Pave\u2122 agus Highway &amp; [&hellip;]\" \/>\n<meta property=\"og:url\" content=\"https:\/\/presfab.ca\/ga\/an-chuideachta\/\" \/>\n<meta property=\"og:site_name\" content=\"PRESFAB HIGHWAY\" \/>\n<meta property=\"article:publisher\" content=\"https:\/\/www.facebook.com\/PresfabHighway\" \/>\n<meta property=\"article:modified_time\" content=\"2025-02-09T01:46:10+00:00\" \/>\n<meta property=\"og:image\" content=\"https:\/\/presfab.ca\/wp-content\/uploads\/2024\/10\/logo_HighwayGarantie-1.jpg\" \/>\n\t<meta property=\"og:image:width\" content=\"230\" \/>\n\t<meta property=\"og:image:height\" content=\"80\" \/>\n\t<meta property=\"og:image:type\" content=\"image\/jpeg\" \/>\n<meta name=\"twitter:card\" content=\"summary_large_image\" \/>\n<meta name=\"twitter:site\" content=\"@PresfabHighway\" \/>\n<meta name=\"twitter:label1\" content=\"Est. reading time\" \/>\n\t<meta name=\"twitter:data1\" content=\"3 minutes\" \/>\n<script type=\"application\/ld+json\" class=\"yoast-schema-graph\">{\"@context\":\"https:\/\/schema.org\",\"@graph\":[{\"@type\":\"WebPage\",\"@id\":\"https:\/\/presfab.ca\/ga\/an-chuideachta\/\",\"url\":\"https:\/\/presfab.ca\/ga\/an-chuideachta\/\",\"name\":\"An Chuideachta - PRESFAB HIGHWAY\",\"isPartOf\":{\"@id\":\"https:\/\/presfab.ca\/ga\/#website\"},\"primaryImageOfPage\":{\"@id\":\"https:\/\/presfab.ca\/ga\/an-chuideachta\/#primaryimage\"},\"image\":{\"@id\":\"https:\/\/presfab.ca\/ga\/an-chuideachta\/#primaryimage\"},\"thumbnailUrl\":\"https:\/\/presfab.ca\/wp-content\/uploads\/2024\/10\/logo_HighwayGarantie-1.jpg\",\"datePublished\":\"2024-10-21T05:47:29+00:00\",\"dateModified\":\"2025-02-09T01:46:10+00:00\",\"breadcrumb\":{\"@id\":\"https:\/\/presfab.ca\/ga\/an-chuideachta\/#breadcrumb\"},\"inLanguage\":\"ga-IE\",\"potentialAction\":[{\"@type\":\"ReadAction\",\"target\":[\"https:\/\/presfab.ca\/ga\/an-chuideachta\/\"]}]},{\"@type\":\"ImageObject\",\"inLanguage\":\"ga-IE\",\"@id\":\"https:\/\/presfab.ca\/ga\/an-chuideachta\/#primaryimage\",\"url\":\"https:\/\/presfab.ca\/wp-content\/uploads\/2024\/10\/logo_HighwayGarantie-1.jpg\",\"contentUrl\":\"https:\/\/presfab.ca\/wp-content\/uploads\/2024\/10\/logo_HighwayGarantie-1.jpg\"},{\"@type\":\"BreadcrumbList\",\"@id\":\"https:\/\/presfab.ca\/ga\/an-chuideachta\/#breadcrumb\",\"itemListElement\":[{\"@type\":\"ListItem\",\"position\":1,\"name\":\"Home\",\"item\":\"https:\/\/presfab.ca\/ga\/\"},{\"@type\":\"ListItem\",\"position\":2,\"name\":\"An Chuideachta\"}]},{\"@type\":\"WebSite\",\"@id\":\"https:\/\/presfab.ca\/ga\/#website\",\"url\":\"https:\/\/presfab.ca\/ga\/\",\"name\":\"PRESFAB HIGHWAY\",\"description\":\"Manhole Riser Rings, Delineator Bases, Channelizer Bases, Sign bases and more!\",\"publisher\":{\"@id\":\"https:\/\/presfab.ca\/ga\/#organization\"},\"potentialAction\":[{\"@type\":\"SearchAction\",\"target\":{\"@type\":\"EntryPoint\",\"urlTemplate\":\"https:\/\/presfab.ca\/ga\/?s={search_term_string}\"},\"query-input\":{\"@type\":\"PropertyValueSpecification\",\"valueRequired\":true,\"valueName\":\"search_term_string\"}}],\"inLanguage\":\"ga-IE\"},{\"@type\":\"Organization\",\"@id\":\"https:\/\/presfab.ca\/ga\/#organization\",\"name\":\"PRESFAB HIGHWAY\",\"url\":\"https:\/\/presfab.ca\/ga\/\",\"logo\":{\"@type\":\"ImageObject\",\"inLanguage\":\"ga-IE\",\"@id\":\"https:\/\/presfab.ca\/ga\/#\/schema\/logo\/image\/\",\"url\":\"https:\/\/presfab.ca\/wp-content\/uploads\/2025\/01\/Asset-1ZoomOut.png\",\"contentUrl\":\"https:\/\/presfab.ca\/wp-content\/uploads\/2025\/01\/Asset-1ZoomOut.png\",\"width\":118,\"height\":46,\"caption\":\"PRESFAB HIGHWAY\"},\"image\":{\"@id\":\"https:\/\/presfab.ca\/ga\/#\/schema\/logo\/image\/\"},\"sameAs\":[\"https:\/\/www.facebook.com\/PresfabHighway\",\"https:\/\/x.com\/PresfabHighway\",\"https:\/\/www.linkedin.com\/company\/presfab-highway\/?viewAsMember=true\"],\"description\":\"Presfab Highway is a manufacturer of traffic safety products, and manhole and aquaduct grade riser rings. We make bases for Channelizer drums (TR& & TC54), Bases for RD-10 Delineator Posts, Temporary sign bases, speed bumps.\",\"email\":\"sales@presfab.ca\",\"telephone\":\"450-979-0007\"}]}<\/script>\n<!-- \/ Yoast SEO Premium plugin. -->","yoast_head_json":{"title":"An Chuideachta - PRESFAB HIGHWAY","robots":{"index":"index","follow":"follow","max-snippet":"max-snippet:-1","max-image-preview":"max-image-preview:large","max-video-preview":"max-video-preview:-1"},"canonical":"https:\/\/presfab.ca\/ga\/an-chuideachta\/","og_locale":"ga_IE","og_type":"article","og_title":"An Chuideachta","og_description":"AN MISEAN Is cuideachta d\u00e9ant\u00fasa\u00edochta \u00e9 Presfab Inc. a dh\u00e9anann speisialt\u00f3ireacht i ndearadh t\u00e1irg\u00ed agus i bhforbairt t\u00e1irg\u00ed chun gr\u00e9as\u00e1n b\u00f3ithre a chothabh\u00e1il. Is \u00e9 an misean at\u00e1 againn n\u00e1 raon t\u00e1irg\u00ed a thairiscint a fhreastala\u00edonn ar riachtanais \u00e1r gcustaim\u00e9ir\u00ed. D\u00e9anann Presfab Inc. a th\u00e1irg\u00ed cruach a thr\u00e1cht\u00e1l\u00fa faoin ainm branda Ring-O-Pave\u2122 agus Highway &amp; [&hellip;]","og_url":"https:\/\/presfab.ca\/ga\/an-chuideachta\/","og_site_name":"PRESFAB HIGHWAY","article_publisher":"https:\/\/www.facebook.com\/PresfabHighway","article_modified_time":"2025-02-09T01:46:10+00:00","og_image":[{"width":230,"height":80,"url":"https:\/\/presfab.ca\/wp-content\/uploads\/2024\/10\/logo_HighwayGarantie-1.jpg","type":"image\/jpeg"}],"twitter_card":"summary_large_image","twitter_site":"@PresfabHighway","twitter_misc":{"Est. reading time":"3 minutes"},"schema":{"@context":"https:\/\/schema.org","@graph":[{"@type":"WebPage","@id":"https:\/\/presfab.ca\/ga\/an-chuideachta\/","url":"https:\/\/presfab.ca\/ga\/an-chuideachta\/","name":"An Chuideachta - PRESFAB HIGHWAY","isPartOf":{"@id":"https:\/\/presfab.ca\/ga\/#website"},"primaryImageOfPage":{"@id":"https:\/\/presfab.ca\/ga\/an-chuideachta\/#primaryimage"},"image":{"@id":"https:\/\/presfab.ca\/ga\/an-chuideachta\/#primaryimage"},"thumbnailUrl":"https:\/\/presfab.ca\/wp-content\/uploads\/2024\/10\/logo_HighwayGarantie-1.jpg","datePublished":"2024-10-21T05:47:29+00:00","dateModified":"2025-02-09T01:46:10+00:00","breadcrumb":{"@id":"https:\/\/presfab.ca\/ga\/an-chuideachta\/#breadcrumb"},"inLanguage":"ga-IE","potentialAction":[{"@type":"ReadAction","target":["https:\/\/presfab.ca\/ga\/an-chuideachta\/"]}]},{"@type":"ImageObject","inLanguage":"ga-IE","@id":"https:\/\/presfab.ca\/ga\/an-chuideachta\/#primaryimage","url":"https:\/\/presfab.ca\/wp-content\/uploads\/2024\/10\/logo_HighwayGarantie-1.jpg","contentUrl":"https:\/\/presfab.ca\/wp-content\/uploads\/2024\/10\/logo_HighwayGarantie-1.jpg"},{"@type":"BreadcrumbList","@id":"https:\/\/presfab.ca\/ga\/an-chuideachta\/#breadcrumb","itemListElement":[{"@type":"ListItem","position":1,"name":"Home","item":"https:\/\/presfab.ca\/ga\/"},{"@type":"ListItem","position":2,"name":"An Chuideachta"}]},{"@type":"WebSite","@id":"https:\/\/presfab.ca\/ga\/#website","url":"https:\/\/presfab.ca\/ga\/","name":"PRESFAB HIGHWAY","description":"Manhole Riser Rings, Delineator Bases, Channelizer Bases, Sign bases and more!","publisher":{"@id":"https:\/\/presfab.ca\/ga\/#organization"},"potentialAction":[{"@type":"SearchAction","target":{"@type":"EntryPoint","urlTemplate":"https:\/\/presfab.ca\/ga\/?s={search_term_string}"},"query-input":{"@type":"PropertyValueSpecification","valueRequired":true,"valueName":"search_term_string"}}],"inLanguage":"ga-IE"},{"@type":"Organization","@id":"https:\/\/presfab.ca\/ga\/#organization","name":"PRESFAB HIGHWAY","url":"https:\/\/presfab.ca\/ga\/","logo":{"@type":"ImageObject","inLanguage":"ga-IE","@id":"https:\/\/presfab.ca\/ga\/#\/schema\/logo\/image\/","url":"https:\/\/presfab.ca\/wp-content\/uploads\/2025\/01\/Asset-1ZoomOut.png","contentUrl":"https:\/\/presfab.ca\/wp-content\/uploads\/2025\/01\/Asset-1ZoomOut.png","width":118,"height":46,"caption":"PRESFAB HIGHWAY"},"image":{"@id":"https:\/\/presfab.ca\/ga\/#\/schema\/logo\/image\/"},"sameAs":["https:\/\/www.facebook.com\/PresfabHighway","https:\/\/x.com\/PresfabHighway","https:\/\/www.linkedin.com\/company\/presfab-highway\/?viewAsMember=true"],"description":"Presfab Highway is a manufacturer of traffic safety products, and manhole and aquaduct grade riser rings. We make bases for Channelizer drums (TR& & TC54), Bases for RD-10 Delineator Posts, Temporary sign bases, speed bumps.","email":"sales@presfab.ca","telephone":"450-979-0007"}]}},"jetpack_sharing_enabled":true,"_links":{"self":[{"href":"https:\/\/presfab.ca\/ga\/wp-json\/wp\/v2\/pages\/2943","targetHints":{"allow":["GET"]}}],"collection":[{"href":"https:\/\/presfab.ca\/ga\/wp-json\/wp\/v2\/pages"}],"about":[{"href":"https:\/\/presfab.ca\/ga\/wp-json\/wp\/v2\/types\/page"}],"author":[{"embeddable":true,"href":"https:\/\/presfab.ca\/ga\/wp-json\/wp\/v2\/users\/1"}],"replies":[{"embeddable":true,"href":"https:\/\/presfab.ca\/ga\/wp-json\/wp\/v2\/comments?post=2943"}],"version-history":[{"count":1,"href":"https:\/\/presfab.ca\/ga\/wp-json\/wp\/v2\/pages\/2943\/revisions"}],"predecessor-version":[{"id":2961,"href":"https:\/\/presfab.ca\/ga\/wp-json\/wp\/v2\/pages\/2943\/revisions\/2961"}],"wp:attachment":[{"href":"https:\/\/presfab.ca\/ga\/wp-json\/wp\/v2\/media?parent=2943"}],"curies":[{"name":"wp","href":"https:\/\/api.w.org\/{rel}","templated":true}]}}