{"id":3194,"date":"2024-10-21T05:48:17","date_gmt":"2024-10-21T05:48:17","guid":{"rendered":"https:\/\/presfab.ca\/dean-teagmhail-linn\/"},"modified":"2025-02-12T18:44:54","modified_gmt":"2025-02-12T18:44:54","slug":"dean-teagmhail-linn","status":"publish","type":"page","link":"https:\/\/presfab.ca\/ga\/dean-teagmhail-linn\/","title":{"rendered":"D\u00e9an Teagmh\u00e1il Linn"},"content":{"rendered":"\t\t<div data-elementor-type=\"wp-page\" data-elementor-id=\"3194\" class=\"elementor elementor-3194 elementor-28\" data-elementor-post-type=\"page\">\n\t\t\t\t\t\t<section class=\"elementor-section elementor-top-section elementor-element elementor-element-8be9770 elementor-section-height-min-height elementor-section-boxed elementor-section-height-default elementor-section-items-middle\" data-id=\"8be9770\" data-element_type=\"section\" data-settings=\"{&quot;background_background&quot;:&quot;classic&quot;,&quot;ekit_has_onepagescroll_dot&quot;:&quot;yes&quot;}\">\n\t\t\t\t\t\t<div class=\"elementor-container elementor-column-gap-default\">\n\t\t\t\t\t<div class=\"elementor-column elementor-col-100 elementor-top-column elementor-element elementor-element-994c34a\" data-id=\"994c34a\" data-element_type=\"column\">\n\t\t\t<div class=\"elementor-widget-wrap\">\n\t\t\t\t\t\t\t<\/div>\n\t\t<\/div>\n\t\t\t\t\t<\/div>\n\t\t<\/section>\n\t\t<div class=\"elementor-element elementor-element-4c56b5b e-flex e-con-boxed e-con e-parent\" data-id=\"4c56b5b\" data-element_type=\"container\" data-settings=\"{&quot;ekit_has_onepagescroll_dot&quot;:&quot;yes&quot;}\">\n\t\t\t\t\t<div class=\"e-con-inner\">\n\t\t\t\t<div class=\"elementor-element elementor-element-85b0625 elementor-widget elementor-widget-heading\" data-id=\"85b0625\" data-element_type=\"widget\" data-settings=\"{&quot;ekit_we_effect_on&quot;:&quot;none&quot;}\" data-widget_type=\"heading.default\">\n\t\t\t\t<div class=\"elementor-widget-container\">\n\t\t\t\t\t<h2 class=\"elementor-heading-title elementor-size-default\"><h3 data-elementor-setting-key=\"title\" data-pen-placeholder=\"Type Here...\">D\u00e9an Teagmh\u00e1il Linn<span style=\"color: inherit;font-family: inherit;font-size: 2rem\"><\/span><\/h3><\/h2>\t\t\t\t<\/div>\n\t\t\t\t<\/div>\n\t\t\t\t\t<\/div>\n\t\t\t\t<\/div>\n\t\t\t\t<section class=\"elementor-section elementor-top-section elementor-element elementor-element-3715359d elementor-section-height-min-height elementor-section-items-top elementor-section-content-top elementor-section-boxed elementor-section-height-default\" data-id=\"3715359d\" data-element_type=\"section\" data-settings=\"{&quot;background_background&quot;:&quot;classic&quot;,&quot;ekit_has_onepagescroll_dot&quot;:&quot;yes&quot;}\">\n\t\t\t\t\t\t<div class=\"elementor-container elementor-column-gap-default\">\n\t\t\t\t\t<div class=\"elementor-column elementor-col-50 elementor-top-column elementor-element elementor-element-295b077d\" data-id=\"295b077d\" data-element_type=\"column\">\n\t\t\t<div class=\"elementor-widget-wrap elementor-element-populated\">\n\t\t\t\t\t\t<section class=\"elementor-section elementor-inner-section elementor-element elementor-element-5962e3f1 elementor-section-content-top elementor-section-boxed elementor-section-height-default elementor-section-height-default\" data-id=\"5962e3f1\" data-element_type=\"section\" data-settings=\"{&quot;ekit_has_onepagescroll_dot&quot;:&quot;yes&quot;}\">\n\t\t\t\t\t\t<div class=\"elementor-container elementor-column-gap-default\">\n\t\t\t\t\t<div class=\"elementor-column elementor-col-100 elementor-inner-column elementor-element elementor-element-36f718bc\" data-id=\"36f718bc\" data-element_type=\"column\">\n\t\t\t<div class=\"elementor-widget-wrap elementor-element-populated\">\n\t\t\t\t\t\t<div class=\"elementor-element elementor-element-3fe9d672 elementor-invisible elementor-widget elementor-widget-text-editor\" data-id=\"3fe9d672\" data-element_type=\"widget\" data-settings=\"{&quot;_animation&quot;:&quot;fadeInDown&quot;,&quot;_animation_delay&quot;:1500,&quot;ekit_we_effect_on&quot;:&quot;none&quot;}\" data-widget_type=\"text-editor.default\">\n\t\t\t\t<div class=\"elementor-widget-container\">\n\t\t\t\t\t\t\t\t\t<p>Presfab Highway Inc.<\/p>\n<p>422 C\u00f4t\u00e9 Sud<br \/> Boisbriand, QC<br \/> J7E 4H5<\/p>\n<p>Le haghaidh gach fiosr\u00fach\u00e1in<br \/> d\u00edolach\u00e1in@presfab.ca<\/p>\n<p>Teil: 450-979-0007 Dola In Aisce: 1-800-361-1700<br \/> Facs: 450-979-0130 Dola In Aisce: 1-800-327-9593<\/p>\n\t\t\t\t\t\t\t\t<\/div>\n\t\t\t\t<\/div>\n\t\t\t\t\t<\/div>\n\t\t<\/div>\n\t\t\t\t\t<\/div>\n\t\t<\/section>\n\t\t\t\t\t<\/div>\n\t\t<\/div>\n\t\t\t\t<div class=\"elementor-column elementor-col-50 elementor-top-column elementor-element elementor-element-22b5eaa0\" data-id=\"22b5eaa0\" data-element_type=\"column\">\n\t\t\t<div class=\"elementor-widget-wrap elementor-element-populated\">\n\t\t\t\t\t\t<section class=\"elementor-section elementor-inner-section elementor-element elementor-element-7f86ed44 elementor-section-content-top elementor-section-boxed elementor-section-height-default elementor-section-height-default\" data-id=\"7f86ed44\" data-element_type=\"section\" data-settings=\"{&quot;ekit_has_onepagescroll_dot&quot;:&quot;yes&quot;}\">\n\t\t\t\t\t\t<div class=\"elementor-container elementor-column-gap-default\">\n\t\t\t\t\t<div class=\"elementor-column elementor-col-100 elementor-inner-column elementor-element elementor-element-46d815eb\" data-id=\"46d815eb\" data-element_type=\"column\">\n\t\t\t<div class=\"elementor-widget-wrap elementor-element-populated\">\n\t\t\t\t\t\t<div class=\"elementor-element elementor-element-5d773d54 elementor-button-align-start elementor-invisible elementor-widget elementor-widget-form\" data-id=\"5d773d54\" data-element_type=\"widget\" data-settings=\"{&quot;step_next_label&quot;:&quot;Ar aghaidh&quot;,&quot;step_previous_label&quot;:&quot;Roimhe Seo&quot;,&quot;_animation&quot;:&quot;fadeInDown&quot;,&quot;_animation_delay&quot;:2000,&quot;step_type&quot;:&quot;number_text&quot;,&quot;step_icon_shape&quot;:&quot;circle&quot;,&quot;ekit_we_effect_on&quot;:&quot;none&quot;}\" data-widget_type=\"form.default\">\n\t\t\t\t<div class=\"elementor-widget-container\">\n\t\t\t\t\t\t\t<form class=\"elementor-form\" method=\"post\" name=\"Foirm Nua\">\n\t\t\t<input type=\"hidden\" name=\"post_id\" value=\"3194\"\/>\n\t\t\t<input type=\"hidden\" name=\"form_id\" value=\"5d773d54\"\/>\n\t\t\t<input type=\"hidden\" name=\"referer_title\" value=\"D\u00e9an Teagmh\u00e1il Linn - PRESFAB HIGHWAY\" \/>\n\n\t\t\t\t\t\t\t<input type=\"hidden\" name=\"queried_id\" value=\"3194\"\/>\n\t\t\t\n\t\t\t<div class=\"elementor-form-fields-wrapper elementor-labels-above\">\n\t\t\t\t\t\t\t\t<div class=\"elementor-field-type-radio elementor-field-group elementor-column elementor-field-group-name elementor-col-100 elementor-field-required\">\n\t\t\t\t\t<div class=\"elementor-field-subgroup  \"><span class=\"elementor-field-option\"><input type=\"radio\" value=\"Athfhriotail\" id=\"form-field-name-0\" name=\"form_fields[name]\" required=\"required\" aria-required=\"true\"> <label for=\"form-field-name-0\">Athfhriotail<\/label><\/span><span class=\"elementor-field-option\"><input type=\"radio\" value=\" Ceist\" id=\"form-field-name-1\" name=\"form_fields[name]\" required=\"required\" aria-required=\"true\"> <label for=\"form-field-name-1\"> Ceist<\/label><\/span><span class=\"elementor-field-option\"><input type=\"radio\" value=\" Eile\" id=\"form-field-name-2\" name=\"form_fields[name]\" required=\"required\" aria-required=\"true\"> <label for=\"form-field-name-2\"> Eile<\/label><\/span><span class=\"elementor-field-option\"><input type=\"radio\" value=\" Iarr ar \u00e1r gCatal\u00f3g\" id=\"form-field-name-3\" name=\"form_fields[name]\" required=\"required\" aria-required=\"true\"> <label for=\"form-field-name-3\"> Iarr ar \u00e1r gCatal\u00f3g<\/label><\/span><\/div>\t\t\t\t<\/div>\n\t\t\t\t\t\t\t\t<div class=\"elementor-field-type-text elementor-field-group elementor-column elementor-field-group-field_74c4a68 elementor-col-100\">\n\t\t\t\t\t\t\t\t\t\t\t\t<label for=\"form-field-field_74c4a68\" class=\"elementor-field-label\">\n\t\t\t\t\t\t\t\tAinm\t\t\t\t\t\t\t<\/label>\n\t\t\t\t\t\t\t\t\t\t\t\t\t\t<input size=\"1\" type=\"text\" name=\"form_fields[field_74c4a68]\" id=\"form-field-field_74c4a68\" class=\"elementor-field elementor-size-md  elementor-field-textual\" placeholder=\"D&#039;ainm..\">\n\t\t\t\t\t\t\t\t\t\t\t<\/div>\n\t\t\t\t\t\t\t\t<div class=\"elementor-field-type-text elementor-field-group elementor-column elementor-field-group-field_865539e elementor-col-100 elementor-field-required\">\n\t\t\t\t\t\t\t\t\t\t\t\t<label for=\"form-field-field_865539e\" class=\"elementor-field-label\">\n\t\t\t\t\t\t\t\tCuideachta\t\t\t\t\t\t\t<\/label>\n\t\t\t\t\t\t\t\t\t\t\t\t\t\t<input size=\"1\" type=\"text\" name=\"form_fields[field_865539e]\" id=\"form-field-field_865539e\" class=\"elementor-field elementor-size-md  elementor-field-textual\" placeholder=\"Cuideachta\" required=\"required\" aria-required=\"true\">\n\t\t\t\t\t\t\t\t\t\t\t<\/div>\n\t\t\t\t\t\t\t\t<div class=\"elementor-field-type-text elementor-field-group elementor-column elementor-field-group-field_fbc3bf9 elementor-col-100\">\n\t\t\t\t\t\t\t\t\t\t\t\t<label for=\"form-field-field_fbc3bf9\" class=\"elementor-field-label\">\n\t\t\t\t\t\t\t\tSeoladh\t\t\t\t\t\t\t<\/label>\n\t\t\t\t\t\t\t\t\t\t\t\t\t\t<input size=\"1\" type=\"text\" name=\"form_fields[field_fbc3bf9]\" id=\"form-field-field_fbc3bf9\" class=\"elementor-field elementor-size-md  elementor-field-textual\" placeholder=\"Seoladh\">\n\t\t\t\t\t\t\t\t\t\t\t<\/div>\n\t\t\t\t\t\t\t\t<div class=\"elementor-field-type-tel elementor-field-group elementor-column elementor-field-group-field_e6e37c4 elementor-col-100\">\n\t\t\t\t\t\t\t\t\t\t\t\t<label for=\"form-field-field_e6e37c4\" class=\"elementor-field-label\">\n\t\t\t\t\t\t\t\tF\u00f3n\t\t\t\t\t\t\t<\/label>\n\t\t\t\t\t\t\t\t<input size=\"1\" type=\"tel\" name=\"form_fields[field_e6e37c4]\" id=\"form-field-field_e6e37c4\" class=\"elementor-field elementor-size-md  elementor-field-textual\" placeholder=\"F\u00f3n\" pattern=\"[0-9()#&amp;+*-=.]+\" title=\"Only numbers and phone characters (#, -, *, etc) are accepted.\">\n\n\t\t\t\t\t\t<\/div>\n\t\t\t\t\t\t\t\t<div class=\"elementor-field-type-email elementor-field-group elementor-column elementor-field-group-email elementor-col-100 elementor-field-required\">\n\t\t\t\t\t\t\t\t\t\t\t\t<label for=\"form-field-email\" class=\"elementor-field-label\">\n\t\t\t\t\t\t\t\tR\u00edomhphost\t\t\t\t\t\t\t<\/label>\n\t\t\t\t\t\t\t\t\t\t\t\t\t\t<input size=\"1\" type=\"email\" name=\"form_fields[email]\" id=\"form-field-email\" class=\"elementor-field elementor-size-md  elementor-field-textual\" placeholder=\"Do r\u00edomhphost\" required=\"required\" aria-required=\"true\">\n\t\t\t\t\t\t\t\t\t\t\t<\/div>\n\t\t\t\t\t\t\t\t<div class=\"elementor-field-type-textarea elementor-field-group elementor-column elementor-field-group-field_13cfe9e elementor-col-100\">\n\t\t\t\t\t\t\t\t\t\t\t\t<label for=\"form-field-field_13cfe9e\" class=\"elementor-field-label\">\n\t\t\t\t\t\t\t\tSonra\u00ed\t\t\t\t\t\t\t<\/label>\n\t\t\t\t\t\t<textarea class=\"elementor-field-textual elementor-field  elementor-size-md\" name=\"form_fields[field_13cfe9e]\" id=\"form-field-field_13cfe9e\" rows=\"3\" placeholder=\"Cuir sonra\u00ed leis\"><\/textarea>\t\t\t\t<\/div>\n\t\t\t\t\t\t\t\t<div class=\"elementor-field-group elementor-column elementor-field-type-submit elementor-col-100 e-form__buttons\">\n\t\t\t\t\t<button class=\"elementor-button elementor-size-sm\" type=\"submit\">\n\t\t\t\t\t\t<span class=\"elementor-button-content-wrapper\">\n\t\t\t\t\t\t\t\t\t\t\t\t\t\t\t\t\t\t\t\t\t\t<span class=\"elementor-button-text\">Seol<\/span>\n\t\t\t\t\t\t\t\t\t\t\t\t\t<\/span>\n\t\t\t\t\t<\/button>\n\t\t\t\t<\/div>\n\t\t\t<\/div>\n\t\t<\/form>\n\t\t\t\t\t\t<\/div>\n\t\t\t\t<\/div>\n\t\t\t\t\t<\/div>\n\t\t<\/div>\n\t\t\t\t\t<\/div>\n\t\t<\/section>\n\t\t\t\t\t<\/div>\n\t\t<\/div>\n\t\t\t\t\t<\/div>\n\t\t<\/section>\n\t\t\t\t<\/div>\n\t\t","protected":false},"excerpt":{"rendered":"<p>D\u00e9an Teagmh\u00e1il Linn Presfab Highway Inc. 422 C\u00f4t\u00e9 Sud Boisbriand, QC J7E 4H5 Le haghaidh gach fiosr\u00fach\u00e1in d\u00edolach\u00e1in@presfab.ca Teil: 450-979-0007 Dola In Aisce: 1-800-361-1700 Facs: 450-979-0130 Dola In Aisce: 1-800-327-9593<\/p>\n","protected":false},"author":1,"featured_media":0,"parent":0,"menu_order":0,"comment_status":"closed","ping_status":"closed","template":"elementor_header_footer","meta":{"content-type":"","footnotes":""},"class_list":["post-3194","page","type-page","status-publish","hentry"],"yoast_head":"<!-- This site is optimized with the Yoast SEO Premium plugin v24.3 (Yoast SEO v24.3) - https:\/\/yoast.com\/wordpress\/plugins\/seo\/ -->\n<title>D\u00e9an Teagmh\u00e1il Linn - PRESFAB HIGHWAY<\/title>\n<meta name=\"description\" content=\"D\u00e9an teagmh\u00e1il le Presfab Highway Inc. - Monar\u00f3ir delineator, Channelizer &amp; Sign Basics, D\u00fanpholl Rubber Gr\u00e1d Riser Rings. Ceanada USA EORAIP\" \/>\n<meta name=\"robots\" content=\"index, follow, max-snippet:-1, max-image-preview:large, max-video-preview:-1\" \/>\n<link rel=\"canonical\" href=\"https:\/\/presfab.ca\/ga\/dean-teagmhail-linn\/\" \/>\n<meta property=\"og:locale\" content=\"ga_IE\" \/>\n<meta property=\"og:type\" content=\"article\" \/>\n<meta property=\"og:title\" content=\"D\u00e9an Teagmh\u00e1il Linn\" \/>\n<meta property=\"og:description\" content=\"D\u00e9an teagmh\u00e1il le Presfab Highway Rubber le haghaidh do riachtanais rubair agus s\u00e1bh\u00e1ilteachta go l\u00e9ir. T\u00e9igh i dteagmh\u00e1il len\u00e1r seirbh\u00eds do chustaim\u00e9ir\u00ed le haghaidh fiosr\u00fach\u00e1in d\u00edolach\u00e1in, n\u00f3 d\u00e9an teagmh\u00e1il len\u00e1r bhfoireann faisn\u00e9ise le haghaidh ceisteanna eile.\" \/>\n<meta property=\"og:url\" content=\"https:\/\/presfab.ca\/ga\/dean-teagmhail-linn\/\" \/>\n<meta property=\"og:site_name\" content=\"PRESFAB HIGHWAY\" \/>\n<meta property=\"article:publisher\" content=\"https:\/\/www.facebook.com\/PresfabHighway\" \/>\n<meta property=\"article:modified_time\" content=\"2025-02-12T18:44:54+00:00\" \/>\n<meta property=\"og:image\" content=\"https:\/\/presfab.ca\/wp-content\/uploads\/2025\/01\/Asset-1ZoomOut.png\" \/>\n\t<meta property=\"og:image:width\" content=\"118\" \/>\n\t<meta property=\"og:image:height\" content=\"46\" \/>\n\t<meta property=\"og:image:type\" content=\"image\/png\" \/>\n<meta name=\"twitter:card\" content=\"summary_large_image\" \/>\n<meta name=\"twitter:site\" content=\"@PresfabHighway\" \/>\n<script type=\"application\/ld+json\" class=\"yoast-schema-graph\">{\"@context\":\"https:\/\/schema.org\",\"@graph\":[{\"@type\":\"WebPage\",\"@id\":\"https:\/\/presfab.ca\/ga\/dean-teagmhail-linn\/\",\"url\":\"https:\/\/presfab.ca\/ga\/dean-teagmhail-linn\/\",\"name\":\"D\u00e9an Teagmh\u00e1il Linn - PRESFAB HIGHWAY\",\"isPartOf\":{\"@id\":\"https:\/\/presfab.ca\/ga\/#website\"},\"datePublished\":\"2024-10-21T05:48:17+00:00\",\"dateModified\":\"2025-02-12T18:44:54+00:00\",\"description\":\"D\u00e9an teagmh\u00e1il le Presfab Highway Inc. - Monar\u00f3ir delineator, Channelizer & Sign Basics, D\u00fanpholl Rubber Gr\u00e1d Riser Rings. Ceanada USA EORAIP\",\"breadcrumb\":{\"@id\":\"https:\/\/presfab.ca\/ga\/dean-teagmhail-linn\/#breadcrumb\"},\"inLanguage\":\"ga-IE\",\"potentialAction\":[{\"@type\":\"ReadAction\",\"target\":[\"https:\/\/presfab.ca\/ga\/dean-teagmhail-linn\/\"]}]},{\"@type\":\"BreadcrumbList\",\"@id\":\"https:\/\/presfab.ca\/ga\/dean-teagmhail-linn\/#breadcrumb\",\"itemListElement\":[{\"@type\":\"ListItem\",\"position\":1,\"name\":\"Home\",\"item\":\"https:\/\/presfab.ca\/ga\/\"},{\"@type\":\"ListItem\",\"position\":2,\"name\":\"D\u00e9an Teagmh\u00e1il Linn\"}]},{\"@type\":\"WebSite\",\"@id\":\"https:\/\/presfab.ca\/ga\/#website\",\"url\":\"https:\/\/presfab.ca\/ga\/\",\"name\":\"PRESFAB HIGHWAY\",\"description\":\"Manhole Riser Rings, Delineator Bases, Channelizer Bases, Sign bases and more!\",\"publisher\":{\"@id\":\"https:\/\/presfab.ca\/ga\/#organization\"},\"potentialAction\":[{\"@type\":\"SearchAction\",\"target\":{\"@type\":\"EntryPoint\",\"urlTemplate\":\"https:\/\/presfab.ca\/ga\/?s={search_term_string}\"},\"query-input\":{\"@type\":\"PropertyValueSpecification\",\"valueRequired\":true,\"valueName\":\"search_term_string\"}}],\"inLanguage\":\"ga-IE\"},{\"@type\":\"Organization\",\"@id\":\"https:\/\/presfab.ca\/ga\/#organization\",\"name\":\"PRESFAB HIGHWAY\",\"url\":\"https:\/\/presfab.ca\/ga\/\",\"logo\":{\"@type\":\"ImageObject\",\"inLanguage\":\"ga-IE\",\"@id\":\"https:\/\/presfab.ca\/ga\/#\/schema\/logo\/image\/\",\"url\":\"https:\/\/presfab.ca\/wp-content\/uploads\/2025\/01\/Asset-1ZoomOut.png\",\"contentUrl\":\"https:\/\/presfab.ca\/wp-content\/uploads\/2025\/01\/Asset-1ZoomOut.png\",\"width\":118,\"height\":46,\"caption\":\"PRESFAB HIGHWAY\"},\"image\":{\"@id\":\"https:\/\/presfab.ca\/ga\/#\/schema\/logo\/image\/\"},\"sameAs\":[\"https:\/\/www.facebook.com\/PresfabHighway\",\"https:\/\/x.com\/PresfabHighway\",\"https:\/\/www.linkedin.com\/company\/presfab-highway\/?viewAsMember=true\"],\"description\":\"Presfab Highway is a manufacturer of traffic safety products, and manhole and aquaduct grade riser rings. We make bases for Channelizer drums (TR& & TC54), Bases for RD-10 Delineator Posts, Temporary sign bases, speed bumps.\",\"email\":\"sales@presfab.ca\",\"telephone\":\"450-979-0007\"}]}<\/script>\n<!-- \/ Yoast SEO Premium plugin. -->","yoast_head_json":{"title":"D\u00e9an Teagmh\u00e1il Linn - PRESFAB HIGHWAY","description":"D\u00e9an teagmh\u00e1il le Presfab Highway Inc. - Monar\u00f3ir delineator, Channelizer & Sign Basics, D\u00fanpholl Rubber Gr\u00e1d Riser Rings. Ceanada USA EORAIP","robots":{"index":"index","follow":"follow","max-snippet":"max-snippet:-1","max-image-preview":"max-image-preview:large","max-video-preview":"max-video-preview:-1"},"canonical":"https:\/\/presfab.ca\/ga\/dean-teagmhail-linn\/","og_locale":"ga_IE","og_type":"article","og_title":"D\u00e9an Teagmh\u00e1il Linn","og_description":"D\u00e9an teagmh\u00e1il le Presfab Highway Rubber le haghaidh do riachtanais rubair agus s\u00e1bh\u00e1ilteachta go l\u00e9ir. T\u00e9igh i dteagmh\u00e1il len\u00e1r seirbh\u00eds do chustaim\u00e9ir\u00ed le haghaidh fiosr\u00fach\u00e1in d\u00edolach\u00e1in, n\u00f3 d\u00e9an teagmh\u00e1il len\u00e1r bhfoireann faisn\u00e9ise le haghaidh ceisteanna eile.","og_url":"https:\/\/presfab.ca\/ga\/dean-teagmhail-linn\/","og_site_name":"PRESFAB HIGHWAY","article_publisher":"https:\/\/www.facebook.com\/PresfabHighway","article_modified_time":"2025-02-12T18:44:54+00:00","og_image":[{"width":118,"height":46,"url":"https:\/\/presfab.ca\/wp-content\/uploads\/2025\/01\/Asset-1ZoomOut.png","type":"image\/png"}],"twitter_card":"summary_large_image","twitter_site":"@PresfabHighway","schema":{"@context":"https:\/\/schema.org","@graph":[{"@type":"WebPage","@id":"https:\/\/presfab.ca\/ga\/dean-teagmhail-linn\/","url":"https:\/\/presfab.ca\/ga\/dean-teagmhail-linn\/","name":"D\u00e9an Teagmh\u00e1il Linn - PRESFAB HIGHWAY","isPartOf":{"@id":"https:\/\/presfab.ca\/ga\/#website"},"datePublished":"2024-10-21T05:48:17+00:00","dateModified":"2025-02-12T18:44:54+00:00","description":"D\u00e9an teagmh\u00e1il le Presfab Highway Inc. - Monar\u00f3ir delineator, Channelizer & Sign Basics, D\u00fanpholl Rubber Gr\u00e1d Riser Rings. Ceanada USA EORAIP","breadcrumb":{"@id":"https:\/\/presfab.ca\/ga\/dean-teagmhail-linn\/#breadcrumb"},"inLanguage":"ga-IE","potentialAction":[{"@type":"ReadAction","target":["https:\/\/presfab.ca\/ga\/dean-teagmhail-linn\/"]}]},{"@type":"BreadcrumbList","@id":"https:\/\/presfab.ca\/ga\/dean-teagmhail-linn\/#breadcrumb","itemListElement":[{"@type":"ListItem","position":1,"name":"Home","item":"https:\/\/presfab.ca\/ga\/"},{"@type":"ListItem","position":2,"name":"D\u00e9an Teagmh\u00e1il Linn"}]},{"@type":"WebSite","@id":"https:\/\/presfab.ca\/ga\/#website","url":"https:\/\/presfab.ca\/ga\/","name":"PRESFAB HIGHWAY","description":"Manhole Riser Rings, Delineator Bases, Channelizer Bases, Sign bases and more!","publisher":{"@id":"https:\/\/presfab.ca\/ga\/#organization"},"potentialAction":[{"@type":"SearchAction","target":{"@type":"EntryPoint","urlTemplate":"https:\/\/presfab.ca\/ga\/?s={search_term_string}"},"query-input":{"@type":"PropertyValueSpecification","valueRequired":true,"valueName":"search_term_string"}}],"inLanguage":"ga-IE"},{"@type":"Organization","@id":"https:\/\/presfab.ca\/ga\/#organization","name":"PRESFAB HIGHWAY","url":"https:\/\/presfab.ca\/ga\/","logo":{"@type":"ImageObject","inLanguage":"ga-IE","@id":"https:\/\/presfab.ca\/ga\/#\/schema\/logo\/image\/","url":"https:\/\/presfab.ca\/wp-content\/uploads\/2025\/01\/Asset-1ZoomOut.png","contentUrl":"https:\/\/presfab.ca\/wp-content\/uploads\/2025\/01\/Asset-1ZoomOut.png","width":118,"height":46,"caption":"PRESFAB HIGHWAY"},"image":{"@id":"https:\/\/presfab.ca\/ga\/#\/schema\/logo\/image\/"},"sameAs":["https:\/\/www.facebook.com\/PresfabHighway","https:\/\/x.com\/PresfabHighway","https:\/\/www.linkedin.com\/company\/presfab-highway\/?viewAsMember=true"],"description":"Presfab Highway is a manufacturer of traffic safety products, and manhole and aquaduct grade riser rings. We make bases for Channelizer drums (TR& & TC54), Bases for RD-10 Delineator Posts, Temporary sign bases, speed bumps.","email":"sales@presfab.ca","telephone":"450-979-0007"}]}},"jetpack_sharing_enabled":true,"_links":{"self":[{"href":"https:\/\/presfab.ca\/ga\/wp-json\/wp\/v2\/pages\/3194","targetHints":{"allow":["GET"]}}],"collection":[{"href":"https:\/\/presfab.ca\/ga\/wp-json\/wp\/v2\/pages"}],"about":[{"href":"https:\/\/presfab.ca\/ga\/wp-json\/wp\/v2\/types\/page"}],"author":[{"embeddable":true,"href":"https:\/\/presfab.ca\/ga\/wp-json\/wp\/v2\/users\/1"}],"replies":[{"embeddable":true,"href":"https:\/\/presfab.ca\/ga\/wp-json\/wp\/v2\/comments?post=3194"}],"version-history":[{"count":1,"href":"https:\/\/presfab.ca\/ga\/wp-json\/wp\/v2\/pages\/3194\/revisions"}],"predecessor-version":[{"id":3210,"href":"https:\/\/presfab.ca\/ga\/wp-json\/wp\/v2\/pages\/3194\/revisions\/3210"}],"wp:attachment":[{"href":"https:\/\/presfab.ca\/ga\/wp-json\/wp\/v2\/media?parent=3194"}],"curies":[{"name":"wp","href":"https:\/\/api.w.org\/{rel}","templated":true}]}}