{"id":3354,"date":"2025-01-26T19:44:44","date_gmt":"2025-01-26T19:44:44","guid":{"rendered":"https:\/\/presfab.ca\/bonn-dearthoir\/"},"modified":"2025-02-09T01:47:35","modified_gmt":"2025-02-09T01:47:35","slug":"bonn-dearthoir","status":"publish","type":"page","link":"https:\/\/presfab.ca\/ga\/bonn-dearthoir\/","title":{"rendered":"Bonn Dearth\u00f3ir"},"content":{"rendered":"\t\t<div data-elementor-type=\"wp-page\" data-elementor-id=\"3354\" class=\"elementor elementor-3354 elementor-1617\" data-elementor-post-type=\"page\">\n\t\t\t\t<div class=\"elementor-element elementor-element-a7b877e e-flex e-con-boxed e-con e-parent\" data-id=\"a7b877e\" data-element_type=\"container\" data-settings=\"{&quot;ekit_has_onepagescroll_dot&quot;:&quot;yes&quot;}\">\n\t\t\t\t\t<div class=\"e-con-inner\">\n\t\t<div class=\"elementor-element elementor-element-0218ddc e-con-full e-flex e-con e-child\" data-id=\"0218ddc\" data-element_type=\"container\" data-settings=\"{&quot;ekit_has_onepagescroll_dot&quot;:&quot;yes&quot;}\">\n\t\t<div class=\"elementor-element elementor-element-7b7328f e-con-full e-flex e-con e-child\" data-id=\"7b7328f\" data-element_type=\"container\" data-settings=\"{&quot;ekit_has_onepagescroll_dot&quot;:&quot;yes&quot;}\">\n\t\t\t\t<div class=\"elementor-element elementor-element-e86b4e5 elementor-widget elementor-widget-text-editor\" data-id=\"e86b4e5\" data-element_type=\"widget\" data-settings=\"{&quot;ekit_we_effect_on&quot;:&quot;none&quot;}\" data-widget_type=\"text-editor.default\">\n\t\t\t\t<div class=\"elementor-widget-container\">\n\t\t\t\t\t\t\t\t\t<h5>\n<\/h5><p><strong>Bonn Poist Dearth\u00f3ir Rubair MiniGrip\u2122<\/strong><\/p><p>An bhfuil t\u00fa ag lorg bonn fada buan agus cobhsa\u00ed do do phoist shainitheora? Is \u00e9 <strong>Bonn Post Delineator Rubber MiniGrip\u2122<\/strong> an r\u00e9iteach deiridh chun <strong>poist iml\u00edneora RD-10<\/strong> agus poist trastomhais 4&#8243; eile a dhaingni\u00fa. Deartha le marthanacht agus iontaofacht san \u00e1ireamh, cinnt\u00edonn an bonn seo go bhfanann do phoist ina seasamh fi\u00fa i dtimpeallachta\u00ed d\u00fashl\u00e1nacha, mar limist\u00e9ir ard-tr\u00e1chta n\u00f3 drochaimsire.  <\/p><p>Cib\u00e9 an bhfuil criosanna t\u00f3g\u00e1la, d\u00fanadh b\u00f3ithre n\u00f3 athbheala\u00ed tr\u00e1chta \u00e1 mbainisti\u00fa agat, sol\u00e1thra\u00edonn bonn Delineator MiniGrip\u2122 an fheidhm\u00edocht iontaofa at\u00e1 uait chun s\u00e1bh\u00e1ilteacht agus eagr\u00fa a choinne\u00e1il.<\/p><hr><h3><strong>Pr\u00edomhghn\u00e9ithe &amp; Bunt\u00e1ist\u00ed<\/strong><\/h3><h5><ul><li><strong>Rubair 100% Athch\u00fars\u00e1ilte:<\/strong> R\u00e9iteach inbhuanaithe agus neamhdh\u00edobh\u00e1lach don chomhshaol a chuireann le caomhn\u00fa an chomhshaoil \u200b\u200b\u200b\u200bagus marthanacht n\u00edos fearr a sheachadadh.<\/li><li><strong>S\u00e1bh\u00e1ilte do Choisithe &amp; Feithicl\u00ed:<\/strong> Deartha chun guaiseacha tuislithe n\u00f3 dam\u00e1iste d\u2019fheithicl\u00ed a chosc, ag cinnti\u00fa s\u00e1bh\u00e1ilteacht do gach \u00fas\u00e1ideoir b\u00f3ithre.<\/li><li><strong>Frithsheasmhacht i dTurraing:<\/strong> Ionsa\u00edonn s\u00e9 tionchair gan scoilteadh, rud a fh\u00e1gann go bhfuil s\u00e9 oiri\u00fanach do cheantair le tr\u00e1cht feithicl\u00ed troma.<\/li><li><strong>Teocht &amp; Frithsheasmhach in Aimsir:<\/strong> Feidhm\u00edonn s\u00e9 go hiontaofa i teas foircneach, fuar, b\u00e1isteach n\u00f3 sneachta, rud a fh\u00e1gann go bhfuil s\u00e9 oiri\u00fanach do gach aer\u00e1ide.<\/li><li><strong>Dearadh eirgeanama\u00edochta:<\/strong><ul><li>Dh\u00e1 l\u00e1mh ionsuite le haghaidh iompair agus suite gan str\u00f3.<\/li><li>Strucht\u00far cruachta chun sp\u00e1s st\u00f3r\u00e1la a sh\u00e1bh\u00e1il nuair nach bhfuil s\u00e9 in \u00fas\u00e1id.<\/li><\/ul><\/li><li><strong>Saor \u00f3 Chothabh\u00e1il:<\/strong> Murab ionann agus bun\u00e1iteanna eile, n\u00edl aon chothabh\u00e1il bhreise ag teast\u00e1il \u00f3n MiniGrip\u2122, rud a laghd\u00f3idh costais fhadt\u00e9armacha.<\/li><\/ul><hr><\/h5><h3><strong>M\u00e9ideanna ar F\u00e1il<\/strong><\/h3><h5><\/h5><p>T\u00e1 raon me\u00e1chain sa Bhun\u00e1it Post MiniGrip\u2122 Rubber Delineator a oireann do do shainriachtanais:<\/p><ul><li><strong>10 lb<\/strong> : \u00c9adrom ach \u00e9ifeachtach do limist\u00e9ir tr\u00e1chta \u00edosta.<\/li><li><strong>12 lb<\/strong> : Rogha chothromaithe le haghaidh \u00fas\u00e1ide me\u00e1nt\u00e9armach.<\/li><li><strong>15 lb<\/strong> : Ideal do chriosanna tr\u00e1chta n\u00edos airde.<\/li><li><strong>20 lb<\/strong> : Uaschobhsa\u00edocht d&#8217;fheidhmchl\u00e1ir thromshaothair.<\/li><\/ul><hr><h3><strong>C\u00e9n F\u00e1th a Roghna\u00edtear Bun\u00e1it\u00ed Poist Delineator Rubber MiniGrip\u2122?<\/strong><\/h3><h5><\/h5><p>D\u00e9antar bonn MiniGrip\u2122 a innealt\u00f3ireacht le haghaidh neart, cobhsa\u00edochta agus \u00e1ise, rud a fh\u00e1gann gur rogha iontach \u00e9 chun s\u00e1bh\u00e1ilteacht agus eagr\u00fa socruithe tr\u00e1chta sealadacha n\u00f3 buana a chothabh\u00e1il. Mar gheall ar a chumas aimsir chrua a sheasamh, tionchair a ions\u00fa, agus fanacht seasmhach fi\u00fa faoi strus suntasach, is t\u00e1irge a th\u00e9ann chun cinn \u00e9 do ghairmithe sa tionscal bainist\u00edochta tr\u00e1chta. <\/p><p>Tr\u00ed MiniGrip\u2122 a roghn\u00fa, t\u00e1 cinneadh comhfhiosach \u00e1 dh\u00e9anamh agat freisin. D\u00e9anta go hioml\u00e1n as rubar 100% athch\u00fars\u00e1ilte, taca\u00edonn an bonn seo le hiarrachta\u00ed inbhuanaitheachta agus feidhm\u00edocht gan mheaitse\u00e1il \u00e1 seachadadh. <\/p><hr><h3><strong>Feidhmchl\u00e1ir Bhonn MiniGrip\u2122<\/strong><\/h3><h5><\/h5><p>T\u00e1 Bonn Poist Delineator Rubber MiniGrip\u2122 ild\u00e1nach agus oiri\u00fanach d\u2019fheidhmchl\u00e1ir \u00e9ags\u00fala, lena n-\u00e1ir\u00edtear:<\/p><ul><li>Criosanna t\u00f3g\u00e1la agus obair bh\u00f3thair.<\/li><li>Go leor p\u00e1irce\u00e1la agus cos\u00e1in do choisithe.<\/li><li>Athbheala\u00ed tr\u00e1chta sealadacha agus l\u00e1na\u00ed a dh\u00fanadh.<\/li><li>Rial\u00fa slua ag imeachta\u00ed n\u00f3 sp\u00e1sanna poibl\u00ed.<\/li><\/ul><p>Is cuma c\u00e9n c\u00e1s, cinnt\u00edonn MiniGrip\u2122 go bhfanann do phoist shainitheora sl\u00e1n agus ina seasamh, ag seachaint timpist\u00ed agus ag cothabh\u00e1il teorainneacha soil\u00e9ire sofheicthe.<\/p><hr><h3><strong>Ordaigh do Bhun\u00e1it MiniGrip\u2122 inniu!<\/strong><\/h3><h5><\/h5><p>N\u00e1 lig do phoist iml\u00edneora \u00e9agobhsa\u00ed s\u00e1bh\u00e1ilteacht n\u00f3 \u00e9ifeacht\u00falacht a chur i mbaol. Comhcheangla\u00edonn <strong>Bonn Post Delineator Rubber MiniGrip\u2122<\/strong> marthanacht, \u00e9asca\u00edocht \u00fas\u00e1ide, agus \u00e9icea-cairdi\u00falacht chun feidhm\u00edocht iontaofa a sheachadadh ar f\u00e9idir leat brath uirthi. <\/p><p><strong>D\u00e9an do shocr\u00fa bainist\u00edochta tr\u00e1chta sl\u00e1n inniu<\/strong> leis an mbonn iontaofa MiniGrip\u2122 &#8211; roghnaigh an m\u00e9id at\u00e1 ceart duit f\u00e9in agus faigh taith\u00ed ar an difr\u00edocht \u00f3 thaobh c\u00e1il\u00edochta agus iontaofachta.<\/p><p><\/p><hr><h5>\n<\/h5>\n<ul>\n<\/ul>\t\t\t\t\t\t\t\t<\/div>\n\t\t\t\t<\/div>\n\t\t\t\t<\/div>\n\t\t<div class=\"elementor-element elementor-element-b01657b e-con-full e-flex e-con e-child\" data-id=\"b01657b\" data-element_type=\"container\" data-settings=\"{&quot;ekit_has_onepagescroll_dot&quot;:&quot;yes&quot;}\">\n\t\t\t\t<div class=\"elementor-element elementor-element-4a1da8f elementor-align-justify elementor-widget elementor-widget-button\" data-id=\"4a1da8f\" data-element_type=\"widget\" data-settings=\"{&quot;ekit_we_effect_on&quot;:&quot;none&quot;}\" data-widget_type=\"button.default\">\n\t\t\t\t<div class=\"elementor-widget-container\">\n\t\t\t\t\t\t\t\t\t<div class=\"elementor-button-wrapper\">\n\t\t\t\t\t<a class=\"elementor-button elementor-button-link elementor-size-sm\" href=\"https:\/\/presfab.ca\/ga\/dean-teagmhail-linn\/\">\n\t\t\t\t\t\t<span class=\"elementor-button-content-wrapper\">\n\t\t\t\t\t\t\t\t\t<span class=\"elementor-button-text\">Faigh luachan<\/span>\n\t\t\t\t\t<\/span>\n\t\t\t\t\t<\/a>\n\t\t\t\t<\/div>\n\t\t\t\t\t\t\t\t<\/div>\n\t\t\t\t<\/div>\n\t\t\t\t<div class=\"elementor-element elementor-element-2997443 elementor-widget elementor-widget-image\" data-id=\"2997443\" data-element_type=\"widget\" data-settings=\"{&quot;ekit_we_effect_on&quot;:&quot;none&quot;}\" data-widget_type=\"image.default\">\n\t\t\t\t<div class=\"elementor-widget-container\">\n\t\t\t\t\t\t\t\t\t\t\t\t\t\t\t<img fetchpriority=\"high\" decoding=\"async\" width=\"593\" height=\"297\" src=\"https:\/\/presfab.ca\/wp-content\/uploads\/2024\/10\/speedhump.png\" class=\"attachment-full size-full wp-image-843\" alt=\"Rubber Channelizer Base for TC54 and TRV7 Traffic Drums.\" srcset=\"https:\/\/presfab.ca\/wp-content\/uploads\/2024\/10\/speedhump.png 593w, https:\/\/presfab.ca\/wp-content\/uploads\/2024\/10\/speedhump-300x150.png 300w\" sizes=\"(max-width: 593px) 100vw, 593px\" \/>\t\t\t\t\t\t\t\t\t\t\t\t\t\t\t<\/div>\n\t\t\t\t<\/div>\n\t\t\t\t<\/div>\n\t\t\t\t<\/div>\n\t\t\t\t\t<\/div>\n\t\t\t\t<\/div>\n\t\t\t\t<\/div>\n\t\t","protected":false},"excerpt":{"rendered":"<p>Bonn Poist Dearth\u00f3ir Rubair MiniGrip\u2122 An bhfuil t\u00fa ag lorg bonn fada buan agus cobhsa\u00ed do do phoist shainitheora? Is \u00e9 Bonn Post Delineator Rubber MiniGrip\u2122 an r\u00e9iteach deiridh chun poist iml\u00edneora RD-10 agus poist trastomhais 4&#8243; eile a dhaingni\u00fa. Deartha le marthanacht agus iontaofacht san \u00e1ireamh, cinnt\u00edonn an bonn seo go bhfanann do phoist [&hellip;]<\/p>\n","protected":false},"author":2,"featured_media":0,"parent":0,"menu_order":0,"comment_status":"closed","ping_status":"closed","template":"","meta":{"content-type":"","footnotes":""},"class_list":["post-3354","page","type-page","status-publish","hentry"],"yoast_head":"<!-- This site is optimized with the Yoast SEO Premium plugin v24.3 (Yoast SEO v24.3) - https:\/\/yoast.com\/wordpress\/plugins\/seo\/ -->\n<title>Delineator MiniGrip\u2122 Post Bonn Me\u00e1n - PRESFAB HIGHWAY<\/title>\n<meta name=\"description\" content=\"Is \u00e9 MiniGrip Presfab Highway an bonn foirfe do Phoist Dearth\u00f3ir. T\u00e1 s\u00e9 deartha do gach RD-10 agus post le trastomhas 4&quot;.\" \/>\n<meta name=\"robots\" content=\"index, follow, max-snippet:-1, max-image-preview:large, max-video-preview:-1\" \/>\n<link rel=\"canonical\" href=\"https:\/\/presfab.ca\/ga\/bonn-dearthoir\/\" \/>\n<meta property=\"og:locale\" content=\"ga_IE\" \/>\n<meta property=\"og:type\" content=\"article\" \/>\n<meta property=\"og:title\" content=\"Bonn Poist MiniGrip Delineator: An R\u00e9iteach Foirfe do Sh\u00e1bh\u00e1ilteacht agus Marthanacht\" \/>\n<meta property=\"og:description\" content=\"Is \u00e9 MiniGrip Presfab Highway an bonn foirfe do Phoist Dearth\u00f3ir. T\u00e1 s\u00e9 deartha do gach RD-10 agus post le trastomhas 4&quot;.\" \/>\n<meta property=\"og:url\" content=\"https:\/\/presfab.ca\/ga\/bonn-dearthoir\/\" \/>\n<meta property=\"og:site_name\" content=\"PRESFAB HIGHWAY\" \/>\n<meta property=\"article:publisher\" content=\"https:\/\/www.facebook.com\/PresfabHighway\" \/>\n<meta property=\"article:modified_time\" content=\"2025-02-09T01:47:35+00:00\" \/>\n<meta property=\"og:image\" content=\"https:\/\/presfab.ca\/wp-content\/uploads\/2024\/10\/speedhump.png\" \/>\n\t<meta property=\"og:image:width\" content=\"593\" \/>\n\t<meta property=\"og:image:height\" content=\"297\" \/>\n\t<meta property=\"og:image:type\" content=\"image\/png\" \/>\n<meta name=\"twitter:card\" content=\"summary_large_image\" \/>\n<meta name=\"twitter:title\" content=\"Bonn Dearth\u00f3ir\" \/>\n<meta name=\"twitter:site\" content=\"@PresfabHighway\" \/>\n<meta name=\"twitter:label1\" content=\"Est. reading time\" \/>\n\t<meta name=\"twitter:data1\" content=\"3 minutes\" \/>\n<script type=\"application\/ld+json\" class=\"yoast-schema-graph\">{\"@context\":\"https:\/\/schema.org\",\"@graph\":[{\"@type\":\"WebPage\",\"@id\":\"https:\/\/presfab.ca\/ga\/bonn-dearthoir\/\",\"url\":\"https:\/\/presfab.ca\/ga\/bonn-dearthoir\/\",\"name\":\"Delineator MiniGrip\u2122 Post Bonn Me\u00e1n - PRESFAB HIGHWAY\",\"isPartOf\":{\"@id\":\"https:\/\/presfab.ca\/ga\/#website\"},\"primaryImageOfPage\":{\"@id\":\"https:\/\/presfab.ca\/ga\/bonn-dearthoir\/#primaryimage\"},\"image\":{\"@id\":\"https:\/\/presfab.ca\/ga\/bonn-dearthoir\/#primaryimage\"},\"thumbnailUrl\":\"https:\/\/presfab.ca\/wp-content\/uploads\/2024\/10\/speedhump.png\",\"datePublished\":\"2025-01-26T19:44:44+00:00\",\"dateModified\":\"2025-02-09T01:47:35+00:00\",\"description\":\"Is \u00e9 MiniGrip Presfab Highway an bonn foirfe do Phoist Dearth\u00f3ir. T\u00e1 s\u00e9 deartha do gach RD-10 agus post le trastomhas 4\\\".\",\"breadcrumb\":{\"@id\":\"https:\/\/presfab.ca\/ga\/bonn-dearthoir\/#breadcrumb\"},\"inLanguage\":\"ga-IE\",\"potentialAction\":[{\"@type\":\"ReadAction\",\"target\":[\"https:\/\/presfab.ca\/ga\/bonn-dearthoir\/\"]}]},{\"@type\":\"ImageObject\",\"inLanguage\":\"ga-IE\",\"@id\":\"https:\/\/presfab.ca\/ga\/bonn-dearthoir\/#primaryimage\",\"url\":\"https:\/\/presfab.ca\/wp-content\/uploads\/2024\/10\/speedhump.png\",\"contentUrl\":\"https:\/\/presfab.ca\/wp-content\/uploads\/2024\/10\/speedhump.png\"},{\"@type\":\"BreadcrumbList\",\"@id\":\"https:\/\/presfab.ca\/ga\/bonn-dearthoir\/#breadcrumb\",\"itemListElement\":[{\"@type\":\"ListItem\",\"position\":1,\"name\":\"Home\",\"item\":\"https:\/\/presfab.ca\/ga\/\"},{\"@type\":\"ListItem\",\"position\":2,\"name\":\"Bonn Dearth\u00f3ir\"}]},{\"@type\":\"WebSite\",\"@id\":\"https:\/\/presfab.ca\/ga\/#website\",\"url\":\"https:\/\/presfab.ca\/ga\/\",\"name\":\"PRESFAB HIGHWAY\",\"description\":\"Manhole Riser Rings, Delineator Bases, Channelizer Bases, Sign bases and more!\",\"publisher\":{\"@id\":\"https:\/\/presfab.ca\/ga\/#organization\"},\"potentialAction\":[{\"@type\":\"SearchAction\",\"target\":{\"@type\":\"EntryPoint\",\"urlTemplate\":\"https:\/\/presfab.ca\/ga\/?s={search_term_string}\"},\"query-input\":{\"@type\":\"PropertyValueSpecification\",\"valueRequired\":true,\"valueName\":\"search_term_string\"}}],\"inLanguage\":\"ga-IE\"},{\"@type\":\"Organization\",\"@id\":\"https:\/\/presfab.ca\/ga\/#organization\",\"name\":\"PRESFAB HIGHWAY\",\"url\":\"https:\/\/presfab.ca\/ga\/\",\"logo\":{\"@type\":\"ImageObject\",\"inLanguage\":\"ga-IE\",\"@id\":\"https:\/\/presfab.ca\/ga\/#\/schema\/logo\/image\/\",\"url\":\"https:\/\/presfab.ca\/wp-content\/uploads\/2025\/01\/Asset-1ZoomOut.png\",\"contentUrl\":\"https:\/\/presfab.ca\/wp-content\/uploads\/2025\/01\/Asset-1ZoomOut.png\",\"width\":118,\"height\":46,\"caption\":\"PRESFAB HIGHWAY\"},\"image\":{\"@id\":\"https:\/\/presfab.ca\/ga\/#\/schema\/logo\/image\/\"},\"sameAs\":[\"https:\/\/www.facebook.com\/PresfabHighway\",\"https:\/\/x.com\/PresfabHighway\",\"https:\/\/www.linkedin.com\/company\/presfab-highway\/?viewAsMember=true\"],\"description\":\"Presfab Highway is a manufacturer of traffic safety products, and manhole and aquaduct grade riser rings. We make bases for Channelizer drums (TR& & TC54), Bases for RD-10 Delineator Posts, Temporary sign bases, speed bumps.\",\"email\":\"sales@presfab.ca\",\"telephone\":\"450-979-0007\"}]}<\/script>\n<!-- \/ Yoast SEO Premium plugin. -->","yoast_head_json":{"title":"Delineator MiniGrip\u2122 Post Bonn Me\u00e1n - PRESFAB HIGHWAY","description":"Is \u00e9 MiniGrip Presfab Highway an bonn foirfe do Phoist Dearth\u00f3ir. T\u00e1 s\u00e9 deartha do gach RD-10 agus post le trastomhas 4\".","robots":{"index":"index","follow":"follow","max-snippet":"max-snippet:-1","max-image-preview":"max-image-preview:large","max-video-preview":"max-video-preview:-1"},"canonical":"https:\/\/presfab.ca\/ga\/bonn-dearthoir\/","og_locale":"ga_IE","og_type":"article","og_title":"Bonn Poist MiniGrip Delineator: An R\u00e9iteach Foirfe do Sh\u00e1bh\u00e1ilteacht agus Marthanacht","og_description":"Is \u00e9 MiniGrip Presfab Highway an bonn foirfe do Phoist Dearth\u00f3ir. T\u00e1 s\u00e9 deartha do gach RD-10 agus post le trastomhas 4\".","og_url":"https:\/\/presfab.ca\/ga\/bonn-dearthoir\/","og_site_name":"PRESFAB HIGHWAY","article_publisher":"https:\/\/www.facebook.com\/PresfabHighway","article_modified_time":"2025-02-09T01:47:35+00:00","og_image":[{"width":593,"height":297,"url":"https:\/\/presfab.ca\/wp-content\/uploads\/2024\/10\/speedhump.png","type":"image\/png"}],"twitter_card":"summary_large_image","twitter_title":"Bonn Dearth\u00f3ir","twitter_site":"@PresfabHighway","twitter_misc":{"Est. reading time":"3 minutes"},"schema":{"@context":"https:\/\/schema.org","@graph":[{"@type":"WebPage","@id":"https:\/\/presfab.ca\/ga\/bonn-dearthoir\/","url":"https:\/\/presfab.ca\/ga\/bonn-dearthoir\/","name":"Delineator MiniGrip\u2122 Post Bonn Me\u00e1n - PRESFAB HIGHWAY","isPartOf":{"@id":"https:\/\/presfab.ca\/ga\/#website"},"primaryImageOfPage":{"@id":"https:\/\/presfab.ca\/ga\/bonn-dearthoir\/#primaryimage"},"image":{"@id":"https:\/\/presfab.ca\/ga\/bonn-dearthoir\/#primaryimage"},"thumbnailUrl":"https:\/\/presfab.ca\/wp-content\/uploads\/2024\/10\/speedhump.png","datePublished":"2025-01-26T19:44:44+00:00","dateModified":"2025-02-09T01:47:35+00:00","description":"Is \u00e9 MiniGrip Presfab Highway an bonn foirfe do Phoist Dearth\u00f3ir. T\u00e1 s\u00e9 deartha do gach RD-10 agus post le trastomhas 4\".","breadcrumb":{"@id":"https:\/\/presfab.ca\/ga\/bonn-dearthoir\/#breadcrumb"},"inLanguage":"ga-IE","potentialAction":[{"@type":"ReadAction","target":["https:\/\/presfab.ca\/ga\/bonn-dearthoir\/"]}]},{"@type":"ImageObject","inLanguage":"ga-IE","@id":"https:\/\/presfab.ca\/ga\/bonn-dearthoir\/#primaryimage","url":"https:\/\/presfab.ca\/wp-content\/uploads\/2024\/10\/speedhump.png","contentUrl":"https:\/\/presfab.ca\/wp-content\/uploads\/2024\/10\/speedhump.png"},{"@type":"BreadcrumbList","@id":"https:\/\/presfab.ca\/ga\/bonn-dearthoir\/#breadcrumb","itemListElement":[{"@type":"ListItem","position":1,"name":"Home","item":"https:\/\/presfab.ca\/ga\/"},{"@type":"ListItem","position":2,"name":"Bonn Dearth\u00f3ir"}]},{"@type":"WebSite","@id":"https:\/\/presfab.ca\/ga\/#website","url":"https:\/\/presfab.ca\/ga\/","name":"PRESFAB HIGHWAY","description":"Manhole Riser Rings, Delineator Bases, Channelizer Bases, Sign bases and more!","publisher":{"@id":"https:\/\/presfab.ca\/ga\/#organization"},"potentialAction":[{"@type":"SearchAction","target":{"@type":"EntryPoint","urlTemplate":"https:\/\/presfab.ca\/ga\/?s={search_term_string}"},"query-input":{"@type":"PropertyValueSpecification","valueRequired":true,"valueName":"search_term_string"}}],"inLanguage":"ga-IE"},{"@type":"Organization","@id":"https:\/\/presfab.ca\/ga\/#organization","name":"PRESFAB HIGHWAY","url":"https:\/\/presfab.ca\/ga\/","logo":{"@type":"ImageObject","inLanguage":"ga-IE","@id":"https:\/\/presfab.ca\/ga\/#\/schema\/logo\/image\/","url":"https:\/\/presfab.ca\/wp-content\/uploads\/2025\/01\/Asset-1ZoomOut.png","contentUrl":"https:\/\/presfab.ca\/wp-content\/uploads\/2025\/01\/Asset-1ZoomOut.png","width":118,"height":46,"caption":"PRESFAB HIGHWAY"},"image":{"@id":"https:\/\/presfab.ca\/ga\/#\/schema\/logo\/image\/"},"sameAs":["https:\/\/www.facebook.com\/PresfabHighway","https:\/\/x.com\/PresfabHighway","https:\/\/www.linkedin.com\/company\/presfab-highway\/?viewAsMember=true"],"description":"Presfab Highway is a manufacturer of traffic safety products, and manhole and aquaduct grade riser rings. We make bases for Channelizer drums (TR& & TC54), Bases for RD-10 Delineator Posts, Temporary sign bases, speed bumps.","email":"sales@presfab.ca","telephone":"450-979-0007"}]}},"jetpack_sharing_enabled":true,"_links":{"self":[{"href":"https:\/\/presfab.ca\/ga\/wp-json\/wp\/v2\/pages\/3354","targetHints":{"allow":["GET"]}}],"collection":[{"href":"https:\/\/presfab.ca\/ga\/wp-json\/wp\/v2\/pages"}],"about":[{"href":"https:\/\/presfab.ca\/ga\/wp-json\/wp\/v2\/types\/page"}],"author":[{"embeddable":true,"href":"https:\/\/presfab.ca\/ga\/wp-json\/wp\/v2\/users\/2"}],"replies":[{"embeddable":true,"href":"https:\/\/presfab.ca\/ga\/wp-json\/wp\/v2\/comments?post=3354"}],"version-history":[{"count":1,"href":"https:\/\/presfab.ca\/ga\/wp-json\/wp\/v2\/pages\/3354\/revisions"}],"predecessor-version":[{"id":3355,"href":"https:\/\/presfab.ca\/ga\/wp-json\/wp\/v2\/pages\/3354\/revisions\/3355"}],"wp:attachment":[{"href":"https:\/\/presfab.ca\/ga\/wp-json\/wp\/v2\/media?parent=3354"}],"curies":[{"name":"wp","href":"https:\/\/api.w.org\/{rel}","templated":true}]}}