{"id":3381,"date":"2025-01-26T19:40:45","date_gmt":"2025-01-26T19:40:45","guid":{"rendered":"https:\/\/presfab.ca\/bonn-channelizer\/"},"modified":"2025-08-06T00:54:46","modified_gmt":"2025-08-06T00:54:46","slug":"bonn-channelizer","status":"publish","type":"page","link":"https:\/\/presfab.ca\/ga\/bonn-channelizer\/","title":{"rendered":"Bonn Channelizer"},"content":{"rendered":"\t\t<div data-elementor-type=\"wp-page\" data-elementor-id=\"3381\" class=\"elementor elementor-3381 elementor-1612\" data-elementor-post-type=\"page\">\n\t\t\t\t<div class=\"elementor-element elementor-element-a157cda e-flex e-con-boxed e-con e-parent\" data-id=\"a157cda\" data-element_type=\"container\" data-settings=\"{&quot;ekit_has_onepagescroll_dot&quot;:&quot;yes&quot;}\">\n\t\t\t\t\t<div class=\"e-con-inner\">\n\t\t<div class=\"elementor-element elementor-element-b84231e e-con-full e-flex e-con e-child\" data-id=\"b84231e\" data-element_type=\"container\" data-settings=\"{&quot;ekit_has_onepagescroll_dot&quot;:&quot;yes&quot;}\">\n\t\t<div class=\"elementor-element elementor-element-f34017d e-con-full e-flex e-con e-child\" data-id=\"f34017d\" data-element_type=\"container\" data-settings=\"{&quot;ekit_has_onepagescroll_dot&quot;:&quot;yes&quot;}\">\n\t\t\t\t<div class=\"elementor-element elementor-element-e2c0af8 elementor-widget elementor-widget-shortcode\" data-id=\"e2c0af8\" data-element_type=\"widget\" data-settings=\"{&quot;ekit_we_effect_on&quot;:&quot;none&quot;}\" data-widget_type=\"shortcode.default\">\n\t\t\t\t<div class=\"elementor-widget-container\">\n\t\t\t\t\t\t\t<div class=\"elementor-shortcode\">\n        <div class=\"modelViewerBlock\" data-attributes='{&quot;align&quot;:&quot;center&quot;,&quot;uniqueId&quot;:&quot;model3597&quot;,&quot;currentViewer&quot;:&quot;modelViewer&quot;,&quot;multiple&quot;:false,&quot;model&quot;:{&quot;modelUrl&quot;:&quot;https:\\\/\\\/presfab.ca\\\/wp-content\\\/uploads\\\/2025\\\/08\\\/ImageToStl.com_Hexagon28inPresfab-v3.glb&quot;,&quot;poster&quot;:&quot;&quot;},&quot;O3DVSettings&quot;:{&quot;isFullscreen&quot;:true,&quot;isPagination&quot;:false,&quot;isNavigation&quot;:true,&quot;camera&quot;:null,&quot;mouseControl&quot;:true},&quot;models&quot;:[],&quot;lazyLoad&quot;:false,&quot;loading&quot;:&quot;auto&quot;,&quot;autoplay&quot;:false,&quot;shadow&quot;:true,&quot;autoRotate&quot;:false,&quot;zoom&quot;:true,&quot;isPagination&quot;:false,&quot;isNavigation&quot;:true,&quot;preload&quot;:&quot;auto&quot;,&quot;rotationPerSecond&quot;:&quot;30&quot;,&quot;mouseControl&quot;:true,&quot;fullscreen&quot;:true,&quot;variant&quot;:false,&quot;loadingPercentage&quot;:false,&quot;progressBar&quot;:true,&quot;rotate&quot;:false,&quot;rotateAlongX&quot;:&quot;0&quot;,&quot;rotateAlongY&quot;:&quot;75&quot;,&quot;exposure&quot;:&quot;1&quot;,&quot;styles&quot;:{&quot;width&quot;:&quot;100%&quot;,&quot;height&quot;:&quot;400px&quot;,&quot;bgColor&quot;:&quot;transparent&quot;,&quot;progressBarColor&quot;:&quot;&quot;},&quot;stylesheet&quot;:null,&quot;additional&quot;:{&quot;ID&quot;:&quot;&quot;,&quot;Class&quot;:&quot;&quot;,&quot;CSS&quot;:&quot;&quot;},&quot;animation&quot;:false,&quot;woo&quot;:false,&quot;selectedAnimation&quot;:&quot;&quot;}'><\/div>\n\n        <\/div>\n\t\t\t\t\t\t<\/div>\n\t\t\t\t<\/div>\n\t\t\t\t<div class=\"elementor-element elementor-element-2a11639 elementor-widget elementor-widget-text-editor\" data-id=\"2a11639\" data-element_type=\"widget\" data-settings=\"{&quot;ekit_we_effect_on&quot;:&quot;none&quot;}\" data-widget_type=\"text-editor.default\">\n\t\t\t\t<div class=\"elementor-widget-container\">\n\t\t\t\t\t\t\t\t\t<p><strong>Bonn Droim Cain\u00e9alizer Rubair Easy Grip Heics\u2122<\/strong><\/p>\n<p>Cinntigh cobhsa\u00edocht agus marthanacht do druma\u00ed tr\u00e1chta leis an <strong>Easy Grip Hex\u2122 Rubber Channelizer Drum Base<\/strong> . Deartha a d&#8217;oirfeadh go foirfe <strong>T-RV-7 (B54-Q)<\/strong> , <strong>T-RV-6 (B52-Q)<\/strong> , agus <strong>druma\u00ed channelizer TC54<\/strong> , sol\u00e1thra\u00edonn an bonn ualaithe seo feidhm\u00edocht n\u00edos fearr in iarratais rialaithe tr\u00e1chta \u00e9ilitheacha. <\/p>\n<h3><strong>Pr\u00edomhghn\u00e9ithe<\/strong><\/h3>\n<ul>\n<li><strong>100% Rubair Athch\u00fars\u00e1ilte:<\/strong> R\u00e9iteach \u00c9icea-chairdi\u00fail agus inbhuanaithe.<\/li>\n<li><strong>Ag lu\u00ed le Druma\u00ed Tr\u00e1cht Coitianta:<\/strong> In oiri\u00faint do mh\u00fanla\u00ed T-RV-7, T-RV-6, agus TC54.<\/li>\n<li><strong>Tionchar Frithsheasmhach:<\/strong> Seasann imbhuailt\u00ed gan cur isteach ar fheidhmi\u00falacht.<\/li>\n<li><strong>Feidhm\u00edocht uiscedh\u00edonach:<\/strong> Frithsheasmhach in aghaidh ghathanna UV, teochta\u00ed foircneacha, agus coinn\u00edollacha aimsire crua.<\/li>\n<li><strong>Dearadh \u00c1isi\u00fail:<\/strong>\n<ul>\n<li>Dh\u00e1 l\u00e1mh eirgeanama\u00edochta le haghaidh iompar agus suite\u00e1il \u00e9asca.<\/li>\n<li>Cruachta le haghaidh st\u00f3r\u00e1la \u00e9ifeachtach.<\/li>\n<\/ul>\n<\/li>\n<li><strong>\u00c9ifeachtach \u00f3 thaobh Costais:<\/strong> N\u00edl g\u00e1 le cothabh\u00e1il, murab ionann agus bunanna imeall traidisi\u00fanta na mbonn.<\/li>\n<\/ul>\n<h3><strong>Me\u00e1chain ar F\u00e1il<\/strong><\/h3>\n<p>Roghnaigh an me\u00e1chan ceart do do chuid riachtanas: <strong>20 lb go 30 lb<\/strong> .<\/p>\n<hr>\n<h3><strong>C\u00e9n F\u00e1th a Roghnaigh Bonn Easy Grip Heics\u2122?<\/strong><\/h3>\n<p>Comhcheangla\u00edonn an <strong>Easy Grip Hex\u2122 Rubber Channelizer Drum Base<\/strong> marthanacht, \u00e9asca\u00edocht \u00fas\u00e1ide, agus freagracht chomhshaoil. Cinnt\u00edonn a th\u00f3g\u00e1il tromshaothair go bhfanann na druma\u00ed tr\u00e1chta in \u00e1it sl\u00e1n, fi\u00fa le linn aimsir dh\u00fashl\u00e1nach n\u00f3 c\u00e1sanna ardtionchair. Leis an dearadh cruachta, eirgeanama\u00edochta, t\u00e1 s\u00e9 \u00e9asca a st\u00f3r\u00e1il agus a iompar agus \u00edoslaghd\u00fa aga neamhfh\u00f3naimh sa r\u00e9imse.  <\/p>\n<p>Uasghr\u00e1daigh do shocr\u00fa bainist\u00edochta tr\u00e1chta leis an <strong>mBonn Easy Grip Hex\u2122<\/strong> at\u00e1 iontaofa agus saor \u00f3 chothabh\u00e1il inniu!<\/p>\n\t\t\t\t\t\t\t\t<\/div>\n\t\t\t\t<\/div>\n\t\t\t\t<\/div>\n\t\t\t\t<div class=\"elementor-element elementor-element-2b50f2f elementor-align-justify elementor-widget elementor-widget-button\" data-id=\"2b50f2f\" data-element_type=\"widget\" data-settings=\"{&quot;ekit_we_effect_on&quot;:&quot;none&quot;}\" data-widget_type=\"button.default\">\n\t\t\t\t<div class=\"elementor-widget-container\">\n\t\t\t\t\t\t\t\t\t<div class=\"elementor-button-wrapper\">\n\t\t\t\t\t<a class=\"elementor-button elementor-button-link elementor-size-sm\" href=\"https:\/\/presfab.ca\/ga\/dean-teagmhail-linn\/\">\n\t\t\t\t\t\t<span class=\"elementor-button-content-wrapper\">\n\t\t\t\t\t\t\t\t\t<span class=\"elementor-button-text\">Faigh luachan<\/span>\n\t\t\t\t\t<\/span>\n\t\t\t\t\t<\/a>\n\t\t\t\t<\/div>\n\t\t\t\t\t\t\t\t<\/div>\n\t\t\t\t<\/div>\n\t\t\t\t<\/div>\n\t\t\t\t\t<\/div>\n\t\t\t\t<\/div>\n\t\t\t\t<\/div>\n\t\t","protected":false},"excerpt":{"rendered":"<p>Bonn Droim Cain\u00e9alizer Rubair Easy Grip Heics\u2122 Cinntigh cobhsa\u00edocht agus marthanacht do druma\u00ed tr\u00e1chta leis an Easy Grip Hex\u2122 Rubber Channelizer Drum Base . Deartha a d&#8217;oirfeadh go foirfe T-RV-7 (B54-Q) , T-RV-6 (B52-Q) , agus druma\u00ed channelizer TC54 , sol\u00e1thra\u00edonn an bonn ualaithe seo feidhm\u00edocht n\u00edos fearr in iarratais rialaithe tr\u00e1chta \u00e9ilitheacha. Pr\u00edomhghn\u00e9ithe 100% [&hellip;]<\/p>\n","protected":false},"author":2,"featured_media":0,"parent":0,"menu_order":0,"comment_status":"closed","ping_status":"closed","template":"","meta":{"content-type":"","footnotes":""},"class_list":["post-3381","page","type-page","status-publish","hentry"],"yoast_head":"<!-- This site is optimized with the Yoast SEO Premium plugin v24.3 (Yoast SEO v24.3) - https:\/\/yoast.com\/wordpress\/plugins\/seo\/ -->\n<title>Bonn Cain\u00e9alizer le haghaidh Druma\u00ed Tr\u00e1chta: Cobhsa\u00edocht agus Marthanacht - PRESFAB HIGHWAY<\/title>\n<meta name=\"description\" content=\"Feabhas a chur ar sh\u00e1bh\u00e1ilteacht tr\u00e1chta leis an mBonn Droim Cain\u00e9alizer Rubber Easy Grip Hex\u2122. D\u00e9anta as rubar 100% athch\u00fars\u00e1ilte, cinnt\u00edonn an bonn seo at\u00e1 d\u00edonach ar an aimsir agus resistant tionchair feidhm\u00edocht n\u00edos fearr.\" \/>\n<meta name=\"robots\" content=\"index, follow, max-snippet:-1, max-image-preview:large, max-video-preview:-1\" \/>\n<link rel=\"canonical\" href=\"https:\/\/presfab.ca\/ga\/bonn-channelizer\/\" \/>\n<meta property=\"og:locale\" content=\"ga_IE\" \/>\n<meta property=\"og:type\" content=\"article\" \/>\n<meta property=\"og:title\" content=\"Bonn Channelizer\" \/>\n<meta property=\"og:description\" content=\"Feabhas a chur ar sh\u00e1bh\u00e1ilteacht tr\u00e1chta leis an mBonn Droim Cain\u00e9alizer Rubber Easy Grip Hex\u2122. D\u00e9anta as rubar 100% athch\u00fars\u00e1ilte, cinnt\u00edonn an bonn seo at\u00e1 d\u00edonach ar an aimsir agus resistant tionchair feidhm\u00edocht n\u00edos fearr.\" \/>\n<meta property=\"og:url\" content=\"https:\/\/presfab.ca\/ga\/bonn-channelizer\/\" \/>\n<meta property=\"og:site_name\" content=\"PRESFAB HIGHWAY\" \/>\n<meta property=\"article:publisher\" content=\"https:\/\/www.facebook.com\/PresfabHighway\" \/>\n<meta property=\"article:modified_time\" content=\"2025-08-06T00:54:46+00:00\" \/>\n<meta property=\"og:image\" content=\"https:\/\/presfab.ca\/wp-content\/uploads\/2025\/01\/Asset-1ZoomOut.png\" \/>\n\t<meta property=\"og:image:width\" content=\"118\" \/>\n\t<meta property=\"og:image:height\" content=\"46\" \/>\n\t<meta property=\"og:image:type\" content=\"image\/png\" \/>\n<meta name=\"twitter:card\" content=\"summary_large_image\" \/>\n<meta name=\"twitter:site\" content=\"@PresfabHighway\" \/>\n<meta name=\"twitter:label1\" content=\"Est. reading time\" \/>\n\t<meta name=\"twitter:data1\" content=\"1 minute\" \/>\n<script type=\"application\/ld+json\" class=\"yoast-schema-graph\">{\"@context\":\"https:\/\/schema.org\",\"@graph\":[{\"@type\":\"WebPage\",\"@id\":\"https:\/\/presfab.ca\/ga\/bonn-channelizer\/\",\"url\":\"https:\/\/presfab.ca\/ga\/bonn-channelizer\/\",\"name\":\"Bonn Cain\u00e9alizer le haghaidh Druma\u00ed Tr\u00e1chta: Cobhsa\u00edocht agus Marthanacht - PRESFAB HIGHWAY\",\"isPartOf\":{\"@id\":\"https:\/\/presfab.ca\/ga\/#website\"},\"datePublished\":\"2025-01-26T19:40:45+00:00\",\"dateModified\":\"2025-08-06T00:54:46+00:00\",\"description\":\"Feabhas a chur ar sh\u00e1bh\u00e1ilteacht tr\u00e1chta leis an mBonn Droim Cain\u00e9alizer Rubber Easy Grip Hex\u2122. D\u00e9anta as rubar 100% athch\u00fars\u00e1ilte, cinnt\u00edonn an bonn seo at\u00e1 d\u00edonach ar an aimsir agus resistant tionchair feidhm\u00edocht n\u00edos fearr.\",\"breadcrumb\":{\"@id\":\"https:\/\/presfab.ca\/ga\/bonn-channelizer\/#breadcrumb\"},\"inLanguage\":\"ga-IE\",\"potentialAction\":[{\"@type\":\"ReadAction\",\"target\":[\"https:\/\/presfab.ca\/ga\/bonn-channelizer\/\"]}]},{\"@type\":\"BreadcrumbList\",\"@id\":\"https:\/\/presfab.ca\/ga\/bonn-channelizer\/#breadcrumb\",\"itemListElement\":[{\"@type\":\"ListItem\",\"position\":1,\"name\":\"Home\",\"item\":\"https:\/\/presfab.ca\/ga\/\"},{\"@type\":\"ListItem\",\"position\":2,\"name\":\"Bonn Channelizer\"}]},{\"@type\":\"WebSite\",\"@id\":\"https:\/\/presfab.ca\/ga\/#website\",\"url\":\"https:\/\/presfab.ca\/ga\/\",\"name\":\"PRESFAB HIGHWAY\",\"description\":\"Manhole Riser Rings, Delineator Bases, Channelizer Bases, Sign bases and more!\",\"publisher\":{\"@id\":\"https:\/\/presfab.ca\/ga\/#organization\"},\"potentialAction\":[{\"@type\":\"SearchAction\",\"target\":{\"@type\":\"EntryPoint\",\"urlTemplate\":\"https:\/\/presfab.ca\/ga\/?s={search_term_string}\"},\"query-input\":{\"@type\":\"PropertyValueSpecification\",\"valueRequired\":true,\"valueName\":\"search_term_string\"}}],\"inLanguage\":\"ga-IE\"},{\"@type\":\"Organization\",\"@id\":\"https:\/\/presfab.ca\/ga\/#organization\",\"name\":\"PRESFAB HIGHWAY\",\"url\":\"https:\/\/presfab.ca\/ga\/\",\"logo\":{\"@type\":\"ImageObject\",\"inLanguage\":\"ga-IE\",\"@id\":\"https:\/\/presfab.ca\/ga\/#\/schema\/logo\/image\/\",\"url\":\"https:\/\/presfab.ca\/wp-content\/uploads\/2025\/01\/Asset-1ZoomOut.png\",\"contentUrl\":\"https:\/\/presfab.ca\/wp-content\/uploads\/2025\/01\/Asset-1ZoomOut.png\",\"width\":118,\"height\":46,\"caption\":\"PRESFAB HIGHWAY\"},\"image\":{\"@id\":\"https:\/\/presfab.ca\/ga\/#\/schema\/logo\/image\/\"},\"sameAs\":[\"https:\/\/www.facebook.com\/PresfabHighway\",\"https:\/\/x.com\/PresfabHighway\",\"https:\/\/www.linkedin.com\/company\/presfab-highway\/?viewAsMember=true\"],\"description\":\"Presfab Highway is a manufacturer of traffic safety products, and manhole and aquaduct grade riser rings. We make bases for Channelizer drums (TR& & TC54), Bases for RD-10 Delineator Posts, Temporary sign bases, speed bumps.\",\"email\":\"sales@presfab.ca\",\"telephone\":\"450-979-0007\"}]}<\/script>\n<!-- \/ Yoast SEO Premium plugin. -->","yoast_head_json":{"title":"Bonn Cain\u00e9alizer le haghaidh Druma\u00ed Tr\u00e1chta: Cobhsa\u00edocht agus Marthanacht - PRESFAB HIGHWAY","description":"Feabhas a chur ar sh\u00e1bh\u00e1ilteacht tr\u00e1chta leis an mBonn Droim Cain\u00e9alizer Rubber Easy Grip Hex\u2122. D\u00e9anta as rubar 100% athch\u00fars\u00e1ilte, cinnt\u00edonn an bonn seo at\u00e1 d\u00edonach ar an aimsir agus resistant tionchair feidhm\u00edocht n\u00edos fearr.","robots":{"index":"index","follow":"follow","max-snippet":"max-snippet:-1","max-image-preview":"max-image-preview:large","max-video-preview":"max-video-preview:-1"},"canonical":"https:\/\/presfab.ca\/ga\/bonn-channelizer\/","og_locale":"ga_IE","og_type":"article","og_title":"Bonn Channelizer","og_description":"Feabhas a chur ar sh\u00e1bh\u00e1ilteacht tr\u00e1chta leis an mBonn Droim Cain\u00e9alizer Rubber Easy Grip Hex\u2122. D\u00e9anta as rubar 100% athch\u00fars\u00e1ilte, cinnt\u00edonn an bonn seo at\u00e1 d\u00edonach ar an aimsir agus resistant tionchair feidhm\u00edocht n\u00edos fearr.","og_url":"https:\/\/presfab.ca\/ga\/bonn-channelizer\/","og_site_name":"PRESFAB HIGHWAY","article_publisher":"https:\/\/www.facebook.com\/PresfabHighway","article_modified_time":"2025-08-06T00:54:46+00:00","og_image":[{"width":118,"height":46,"url":"https:\/\/presfab.ca\/wp-content\/uploads\/2025\/01\/Asset-1ZoomOut.png","type":"image\/png"}],"twitter_card":"summary_large_image","twitter_site":"@PresfabHighway","twitter_misc":{"Est. reading time":"1 minute"},"schema":{"@context":"https:\/\/schema.org","@graph":[{"@type":"WebPage","@id":"https:\/\/presfab.ca\/ga\/bonn-channelizer\/","url":"https:\/\/presfab.ca\/ga\/bonn-channelizer\/","name":"Bonn Cain\u00e9alizer le haghaidh Druma\u00ed Tr\u00e1chta: Cobhsa\u00edocht agus Marthanacht - PRESFAB HIGHWAY","isPartOf":{"@id":"https:\/\/presfab.ca\/ga\/#website"},"datePublished":"2025-01-26T19:40:45+00:00","dateModified":"2025-08-06T00:54:46+00:00","description":"Feabhas a chur ar sh\u00e1bh\u00e1ilteacht tr\u00e1chta leis an mBonn Droim Cain\u00e9alizer Rubber Easy Grip Hex\u2122. D\u00e9anta as rubar 100% athch\u00fars\u00e1ilte, cinnt\u00edonn an bonn seo at\u00e1 d\u00edonach ar an aimsir agus resistant tionchair feidhm\u00edocht n\u00edos fearr.","breadcrumb":{"@id":"https:\/\/presfab.ca\/ga\/bonn-channelizer\/#breadcrumb"},"inLanguage":"ga-IE","potentialAction":[{"@type":"ReadAction","target":["https:\/\/presfab.ca\/ga\/bonn-channelizer\/"]}]},{"@type":"BreadcrumbList","@id":"https:\/\/presfab.ca\/ga\/bonn-channelizer\/#breadcrumb","itemListElement":[{"@type":"ListItem","position":1,"name":"Home","item":"https:\/\/presfab.ca\/ga\/"},{"@type":"ListItem","position":2,"name":"Bonn Channelizer"}]},{"@type":"WebSite","@id":"https:\/\/presfab.ca\/ga\/#website","url":"https:\/\/presfab.ca\/ga\/","name":"PRESFAB HIGHWAY","description":"Manhole Riser Rings, Delineator Bases, Channelizer Bases, Sign bases and more!","publisher":{"@id":"https:\/\/presfab.ca\/ga\/#organization"},"potentialAction":[{"@type":"SearchAction","target":{"@type":"EntryPoint","urlTemplate":"https:\/\/presfab.ca\/ga\/?s={search_term_string}"},"query-input":{"@type":"PropertyValueSpecification","valueRequired":true,"valueName":"search_term_string"}}],"inLanguage":"ga-IE"},{"@type":"Organization","@id":"https:\/\/presfab.ca\/ga\/#organization","name":"PRESFAB HIGHWAY","url":"https:\/\/presfab.ca\/ga\/","logo":{"@type":"ImageObject","inLanguage":"ga-IE","@id":"https:\/\/presfab.ca\/ga\/#\/schema\/logo\/image\/","url":"https:\/\/presfab.ca\/wp-content\/uploads\/2025\/01\/Asset-1ZoomOut.png","contentUrl":"https:\/\/presfab.ca\/wp-content\/uploads\/2025\/01\/Asset-1ZoomOut.png","width":118,"height":46,"caption":"PRESFAB HIGHWAY"},"image":{"@id":"https:\/\/presfab.ca\/ga\/#\/schema\/logo\/image\/"},"sameAs":["https:\/\/www.facebook.com\/PresfabHighway","https:\/\/x.com\/PresfabHighway","https:\/\/www.linkedin.com\/company\/presfab-highway\/?viewAsMember=true"],"description":"Presfab Highway is a manufacturer of traffic safety products, and manhole and aquaduct grade riser rings. We make bases for Channelizer drums (TR& & TC54), Bases for RD-10 Delineator Posts, Temporary sign bases, speed bumps.","email":"sales@presfab.ca","telephone":"450-979-0007"}]}},"jetpack_sharing_enabled":true,"_links":{"self":[{"href":"https:\/\/presfab.ca\/ga\/wp-json\/wp\/v2\/pages\/3381","targetHints":{"allow":["GET"]}}],"collection":[{"href":"https:\/\/presfab.ca\/ga\/wp-json\/wp\/v2\/pages"}],"about":[{"href":"https:\/\/presfab.ca\/ga\/wp-json\/wp\/v2\/types\/page"}],"author":[{"embeddable":true,"href":"https:\/\/presfab.ca\/ga\/wp-json\/wp\/v2\/users\/2"}],"replies":[{"embeddable":true,"href":"https:\/\/presfab.ca\/ga\/wp-json\/wp\/v2\/comments?post=3381"}],"version-history":[{"count":8,"href":"https:\/\/presfab.ca\/ga\/wp-json\/wp\/v2\/pages\/3381\/revisions"}],"predecessor-version":[{"id":3671,"href":"https:\/\/presfab.ca\/ga\/wp-json\/wp\/v2\/pages\/3381\/revisions\/3671"}],"wp:attachment":[{"href":"https:\/\/presfab.ca\/ga\/wp-json\/wp\/v2\/media?parent=3381"}],"curies":[{"name":"wp","href":"https:\/\/api.w.org\/{rel}","templated":true}]}}