{"id":3382,"date":"2025-01-26T19:38:46","date_gmt":"2025-01-26T19:38:46","guid":{"rendered":"https:\/\/presfab.ca\/u-bonn-easca-bonn-comhartha-sealadach\/"},"modified":"2025-02-09T01:47:44","modified_gmt":"2025-02-09T01:47:44","slug":"u-bonn-easca-bonn-comhartha-sealadach","status":"publish","type":"page","link":"https:\/\/presfab.ca\/ga\/u-bonn-easca-bonn-comhartha-sealadach\/","title":{"rendered":"U-Bonn \u00c9asca: Bonn Comhartha Sealadach"},"content":{"rendered":"\t\t<div data-elementor-type=\"wp-page\" data-elementor-id=\"3382\" class=\"elementor elementor-3382 elementor-1606\" data-elementor-post-type=\"page\">\n\t\t\t\t<div class=\"elementor-element elementor-element-e6fd683 e-flex e-con-boxed e-con e-parent\" data-id=\"e6fd683\" data-element_type=\"container\" data-settings=\"{&quot;ekit_has_onepagescroll_dot&quot;:&quot;yes&quot;}\">\n\t\t\t\t\t<div class=\"e-con-inner\">\n\t\t<div class=\"elementor-element elementor-element-917371f e-con-full e-flex e-con e-child\" data-id=\"917371f\" data-element_type=\"container\" data-settings=\"{&quot;ekit_has_onepagescroll_dot&quot;:&quot;yes&quot;}\">\n\t\t<div class=\"elementor-element elementor-element-ead842f e-con-full e-flex e-con e-child\" data-id=\"ead842f\" data-element_type=\"container\" data-settings=\"{&quot;ekit_has_onepagescroll_dot&quot;:&quot;yes&quot;}\">\n\t\t\t\t<div class=\"elementor-element elementor-element-85e7caf elementor-widget elementor-widget-image\" data-id=\"85e7caf\" data-element_type=\"widget\" data-settings=\"{&quot;ekit_we_effect_on&quot;:&quot;none&quot;}\" data-widget_type=\"image.default\">\n\t\t\t\t<div class=\"elementor-widget-container\">\n\t\t\t\t\t\t\t\t\t\t\t\t\t\t\t<img fetchpriority=\"high\" decoding=\"async\" width=\"593\" height=\"297\" src=\"https:\/\/presfab.ca\/wp-content\/uploads\/2024\/10\/easyubase-1.png\" class=\"attachment-full size-full wp-image-797\" alt=\"Rubber Temporary Sign U Shaped Sign Base\" srcset=\"https:\/\/presfab.ca\/wp-content\/uploads\/2024\/10\/easyubase-1.png 593w, https:\/\/presfab.ca\/wp-content\/uploads\/2024\/10\/easyubase-1-300x150.png 300w\" sizes=\"(max-width: 593px) 100vw, 593px\" \/>\t\t\t\t\t\t\t\t\t\t\t\t\t\t\t<\/div>\n\t\t\t\t<\/div>\n\t\t\t\t<div class=\"elementor-element elementor-element-1ea6bf4 elementor-widget elementor-widget-text-editor\" data-id=\"1ea6bf4\" data-element_type=\"widget\" data-settings=\"{&quot;ekit_we_effect_on&quot;:&quot;none&quot;}\" data-widget_type=\"text-editor.default\">\n\t\t\t\t<div class=\"elementor-widget-container\">\n\t\t\t\t\t\t\t\t\t<p><strong>U-Base \u00c9asca: Bonn Comhartha T\u00f3g\u00e1la U-Shaped Sealadach Rubair<\/strong><\/p>\n<p>Nuair a thagann s\u00e9 chun do <strong>chomhartha\u00ed b\u00f3thair sealadacha<\/strong> a choinne\u00e1il sl\u00e1n agus cobhsa\u00ed, is \u00e9 an <strong>Bonn Comhartha T\u00f3g\u00e1la U-Shaped Sealadach Rubair<\/strong> an rogha iontach. Deartha chun timpeallachta\u00ed crua a sheasamh, t\u00e1 s\u00e9 foirfe do <strong>chriosanna t\u00f3g\u00e1la<\/strong> , <strong>d\u00fanadh b\u00f3ithre<\/strong> , agus riachtanais <strong>bhainist\u00edochta tr\u00e1chta sealadacha<\/strong> . <\/p>\n<p>T\u00e1 an bonn buan seo d\u00e9anta go beacht chun an chobhsa\u00edocht uasta a shol\u00e1thar do chomhartha\u00ed, ag cinnti\u00fa s\u00e1bh\u00e1ilteacht agus \u00e9ifeacht\u00falacht ar an mb\u00f3thar. Cib\u00e9 an bhfuil t\u00fa ag bainisti\u00fa l\u00e1ithre\u00e1n t\u00f3g\u00e1la ar sc\u00e1la m\u00f3r n\u00f3 tionscadal b\u00f3thair gearrth\u00e9armach, cuireann an bonn seo an iontaofacht agus an \u00e1isi\u00falacht at\u00e1 uait. <\/p>\n<h3><strong>Pr\u00edomhghn\u00e9ithe &amp; Bunt\u00e1ist\u00ed<\/strong><\/h3>\n<ul>\n<li><strong>\u00c1bhar \u00c9icea-chairdi\u00fail:<\/strong> D\u00e9anta as rubar 100% athch\u00fars\u00e1ilte, ag cur le timpeallacht inbhuanaithe.<\/li>\n<li><strong>Gan Chostais Chothabh\u00e1la:<\/strong> Murab ionann agus m\u00e1la\u00ed gainimh, n\u00ed g\u00e1 c\u00faram lean\u00fanach n\u00e1 athshol\u00e1thar a dh\u00e9anamh air, rud a sh\u00e1bh\u00e1lann am agus airgead duit.<\/li>\n<li><strong>Dearadh Pr\u00f3if\u00edl \u00cdseal:<\/strong> Feabhsa\u00edonn a dhearadh caol cobhsa\u00edocht agus laghda\u00edtear riosca\u00ed tipping.<\/li>\n<li><strong>Inchruachta le haghaidh St\u00f3r\u00e1la \u00c9asca:<\/strong> Stack go h\u00e1isi\u00fail bonn iolrach chun sp\u00e1s a sh\u00e1bh\u00e1il nuair nach bhfuil s\u00e9 in \u00fas\u00e1id.<\/li>\n<li><strong>T\u00f3g\u00e1il at\u00e1 Cairdi\u00fail le Feithicl\u00ed:<\/strong> Go r\u00e9idh ar fheithicl\u00ed a th\u00e9ann in aice leis an mbonn, ag laghd\u00fa an baol dam\u00e1iste.<\/li>\n<li><strong>L\u00e1imhse\u00e1il eirgeanama\u00edochta:<\/strong> D\u00e9anann tr\u00ed l\u00e1mh ionsuite iompar agus socr\u00fa simpl\u00ed agus \u00e9ifeachtach.<\/li>\n<li><strong>T\u00f3gtha go Last:<\/strong>\n<ul>\n<li><strong>Tionchar Frithsheasmhach:<\/strong> In ann \u00fas\u00e1id throm agus coinn\u00edollacha garbh a l\u00e1imhse\u00e1il.<\/li>\n<li><strong>Frithdh\u00edonach \u00f3n aimsir:<\/strong> Cuirtear in aghaidh ghathanna UV, athruithe teochta agus drochaimsir.<\/li>\n<\/ul>\n<\/li>\n<li><strong>Poill R\u00e9amh-Druile\u00e1ilte:<\/strong> R\u00e9idh le haghaidh bolta\u00ed pl\u00e1ta cruach m\u00e1 t\u00e1 g\u00e1 le ancaireacht breise.<\/li>\n<\/ul>\n<div> <\/div>\n<h3><strong>M\u00e9ideanna ar F\u00e1il<\/strong><\/h3>\n<p>Roghnaigh an me\u00e1chan ceart do d&#8217;iarratas: <strong>30 lbs n\u00f3 50 lbs<\/strong> .<\/p>\n<hr>\n<h3><strong>Conas a dh\u00e9anann an Bonn U-Shaped Rubair Compar\u00e1id?<\/strong><\/h3>\n<p>Cuireann an <strong>Bonn Comhartha T\u00f3g\u00e1la U-Shaped Rubber<\/strong> amach m\u00e1la\u00ed gainimh traidisi\u00fanta agus r\u00e9itigh shealadacha eile ar gach bealach. Cuireann a dhearadh buan deireadh leis an ng\u00e1 at\u00e1 le hathshol\u00e1thar, agus cinnt\u00edonn an bonn pr\u00f3if\u00edl \u00edseal cobhsa\u00edocht fheabhsaithe fi\u00fa i gcoinn\u00edollacha gaofar. Murab ionann agus m\u00e1la\u00ed gainimh, n\u00ed scaipfidh n\u00f3 n\u00ed dh\u00edghr\u00e1d\u00f3idh s\u00e9 le himeacht ama, rud a fh\u00e1gann gur rogha eile at\u00e1 \u00e9ifeachtach \u00f3 thaobh costais agus neamhdh\u00edobh\u00e1lach don chomhshaol \u00e9.  <\/p>\n<p>M\u00e1 t\u00e1 t\u00fa ag lorg comhairle suite\u00e1la n\u00f3 leideanna maidir leis an gcomhartha\u00edocht shealadach cheart a roghn\u00fa, f\u00e9ach ar <a href=\"https:\/\/www.fhwa.dot.gov\/\" target=\"_new\" rel=\"noopener\">Threoirl\u00ednte Rialaithe Tr\u00e1chta Sealadacha FHWA<\/a> le haghaidh molta\u00ed saineolaithe. Is f\u00e9idir leis seo cabhr\u00fa le comhl\u00edonadh agus s\u00e1bh\u00e1ilteacht a chinnti\u00fa do gach tionscadal b\u00f3ithre. <\/p>\n<h3><strong>Feidhmchl\u00e1ir an Bhonn U-Shaped Rubair<\/strong><\/h3>\n<ul>\n<li>Comhartha\u00ed t\u00f3g\u00e1la sealadach do mh\u00f3rbheala\u00ed agus sr\u00e1ideanna.<\/li>\n<li>Comhartha\u00ed seachbhealaigh agus d\u00fanadh b\u00f3ithre.<\/li>\n<li>Comhartha\u00ed s\u00e1bh\u00e1ilteachta le haghaidh imeachta\u00ed agus criosanna oibre b\u00f3thair.<\/li>\n<\/ul>\n<hr>\n<p>Uasghr\u00e1daigh do shocr\u00fa s\u00e1bh\u00e1ilteachta ar bh\u00f3ithre inniu leis an <strong>mBonn Comhartha T\u00f3g\u00e1la Sealadach U-Shaptha Rubair<\/strong> iontaofa agus buan. Is \u00e9 seo an r\u00e9iteach is f\u00e9idir leat muin\u00edn a dh\u00e9anamh chun cobhsa\u00edocht, s\u00e1bh\u00e1ilteacht agus \u00e9asca\u00edocht \u00fas\u00e1ide a chinnti\u00fa do do riachtanais chomhartha\u00edochta sealadacha go l\u00e9ir. <\/p>\n\t\t\t\t\t\t\t\t<\/div>\n\t\t\t\t<\/div>\n\t\t\t\t<\/div>\n\t\t<div class=\"elementor-element elementor-element-17573cd e-con-full e-flex e-con e-child\" data-id=\"17573cd\" data-element_type=\"container\" data-settings=\"{&quot;ekit_has_onepagescroll_dot&quot;:&quot;yes&quot;}\">\n\t\t\t\t<div class=\"elementor-element elementor-element-6a7e963 elementor-align-justify elementor-widget elementor-widget-button\" data-id=\"6a7e963\" data-element_type=\"widget\" data-settings=\"{&quot;ekit_we_effect_on&quot;:&quot;none&quot;}\" data-widget_type=\"button.default\">\n\t\t\t\t<div class=\"elementor-widget-container\">\n\t\t\t\t\t\t\t\t\t<div class=\"elementor-button-wrapper\">\n\t\t\t\t\t<a class=\"elementor-button elementor-button-link elementor-size-sm\" href=\"https:\/\/presfab.ca\/wp-content\/uploads\/2024\/10\/EasyUBase.pdf\">\n\t\t\t\t\t\t<span class=\"elementor-button-content-wrapper\">\n\t\t\t\t\t\t\t\t\t<span class=\"elementor-button-text\">Priont\u00e1il \u00e1r mbr\u00f3isi\u00far<\/span>\n\t\t\t\t\t<\/span>\n\t\t\t\t\t<\/a>\n\t\t\t\t<\/div>\n\t\t\t\t\t\t\t\t<\/div>\n\t\t\t\t<\/div>\n\t\t\t\t<div class=\"elementor-element elementor-element-b3ff4c2 elementor-align-justify elementor-widget elementor-widget-button\" data-id=\"b3ff4c2\" data-element_type=\"widget\" data-settings=\"{&quot;ekit_we_effect_on&quot;:&quot;none&quot;}\" data-widget_type=\"button.default\">\n\t\t\t\t<div class=\"elementor-widget-container\">\n\t\t\t\t\t\t\t\t\t<div class=\"elementor-button-wrapper\">\n\t\t\t\t\t<a class=\"elementor-button elementor-button-link elementor-size-sm\" href=\"https:\/\/presfab.ca\/ga\/dean-teagmhail-linn\/\">\n\t\t\t\t\t\t<span class=\"elementor-button-content-wrapper\">\n\t\t\t\t\t\t\t\t\t<span class=\"elementor-button-text\">Faigh luachan<\/span>\n\t\t\t\t\t<\/span>\n\t\t\t\t\t<\/a>\n\t\t\t\t<\/div>\n\t\t\t\t\t\t\t\t<\/div>\n\t\t\t\t<\/div>\n\t\t\t\t<\/div>\n\t\t\t\t<\/div>\n\t\t\t\t\t<\/div>\n\t\t\t\t<\/div>\n\t\t\t\t<\/div>\n\t\t","protected":false},"excerpt":{"rendered":"<p>U-Base \u00c9asca: Bonn Comhartha T\u00f3g\u00e1la U-Shaped Sealadach Rubair Nuair a thagann s\u00e9 chun do chomhartha\u00ed b\u00f3thair sealadacha a choinne\u00e1il sl\u00e1n agus cobhsa\u00ed, is \u00e9 an Bonn Comhartha T\u00f3g\u00e1la U-Shaped Sealadach Rubair an rogha iontach. Deartha chun timpeallachta\u00ed crua a sheasamh, t\u00e1 s\u00e9 foirfe do chriosanna t\u00f3g\u00e1la , d\u00fanadh b\u00f3ithre , agus riachtanais bhainist\u00edochta tr\u00e1chta sealadacha [&hellip;]<\/p>\n","protected":false},"author":2,"featured_media":0,"parent":0,"menu_order":0,"comment_status":"closed","ping_status":"closed","template":"","meta":{"content-type":"","footnotes":""},"class_list":["post-3382","page","type-page","status-publish","hentry"],"yoast_head":"<!-- This site is optimized with the Yoast SEO Premium plugin v24.3 (Yoast SEO v24.3) - https:\/\/yoast.com\/wordpress\/plugins\/seo\/ -->\n<title>Bunanna Comhartha Tr\u00e1chta Sealadacha Rubair - PRESFAB HIGHWAY<\/title>\n<meta name=\"description\" content=\"U-Bonn \u00c9asca: An Bonn Comhartha T\u00f3g\u00e1la Sealadach U-Shaped Rubber durable agus \u00e9icea-chairdi\u00fail. Foirfe do chomhartha\u00ed b\u00f3thair sealadacha, cuireann s\u00e9 cobhsa\u00edocht n\u00edos fearr, friota\u00edocht tionchair agus feidhm\u00edocht uiscedh\u00edonach. Ar f\u00e1il i 30 lbs agus 50 lb. D\u00e9an teagmh\u00e1il linn anois le haghaidh t\u00e1irg\u00ed bainist\u00edochta tr\u00e1chta marthanacha!\" \/>\n<meta name=\"robots\" content=\"index, follow, max-snippet:-1, max-image-preview:large, max-video-preview:-1\" \/>\n<link rel=\"canonical\" href=\"https:\/\/presfab.ca\/ga\/u-bonn-easca-bonn-comhartha-sealadach\/\" \/>\n<meta property=\"og:locale\" content=\"ga_IE\" \/>\n<meta property=\"og:type\" content=\"article\" \/>\n<meta property=\"og:title\" content=\"U-Bonn \u00c9asca: Bonn Comhartha Sealadach\" \/>\n<meta property=\"og:description\" content=\"U-Bonn \u00c9asca: An Bonn Comhartha T\u00f3g\u00e1la Sealadach U-Shaped Rubber durable agus \u00e9icea-chairdi\u00fail. Foirfe do chomhartha\u00ed b\u00f3thair sealadacha, cuireann s\u00e9 cobhsa\u00edocht n\u00edos fearr, friota\u00edocht tionchair agus feidhm\u00edocht uiscedh\u00edonach. Ar f\u00e1il i 30 lbs agus 50 lb. D\u00e9an teagmh\u00e1il linn anois le haghaidh t\u00e1irg\u00ed bainist\u00edochta tr\u00e1chta marthanacha!\" \/>\n<meta property=\"og:url\" content=\"https:\/\/presfab.ca\/ga\/u-bonn-easca-bonn-comhartha-sealadach\/\" \/>\n<meta property=\"og:site_name\" content=\"PRESFAB HIGHWAY\" \/>\n<meta property=\"article:publisher\" content=\"https:\/\/www.facebook.com\/PresfabHighway\" \/>\n<meta property=\"article:modified_time\" content=\"2025-02-09T01:47:44+00:00\" \/>\n<meta property=\"og:image\" content=\"https:\/\/presfab.ca\/wp-content\/uploads\/2024\/10\/easyubase-1.png\" \/>\n\t<meta property=\"og:image:width\" content=\"593\" \/>\n\t<meta property=\"og:image:height\" content=\"297\" \/>\n\t<meta property=\"og:image:type\" content=\"image\/png\" \/>\n<meta name=\"twitter:card\" content=\"summary_large_image\" \/>\n<meta name=\"twitter:site\" content=\"@PresfabHighway\" \/>\n<meta name=\"twitter:label1\" content=\"Est. reading time\" \/>\n\t<meta name=\"twitter:data1\" content=\"3 minutes\" \/>\n<script type=\"application\/ld+json\" class=\"yoast-schema-graph\">{\"@context\":\"https:\/\/schema.org\",\"@graph\":[{\"@type\":\"WebPage\",\"@id\":\"https:\/\/presfab.ca\/ga\/u-bonn-easca-bonn-comhartha-sealadach\/\",\"url\":\"https:\/\/presfab.ca\/ga\/u-bonn-easca-bonn-comhartha-sealadach\/\",\"name\":\"Bunanna Comhartha Tr\u00e1chta Sealadacha Rubair - PRESFAB HIGHWAY\",\"isPartOf\":{\"@id\":\"https:\/\/presfab.ca\/ga\/#website\"},\"primaryImageOfPage\":{\"@id\":\"https:\/\/presfab.ca\/ga\/u-bonn-easca-bonn-comhartha-sealadach\/#primaryimage\"},\"image\":{\"@id\":\"https:\/\/presfab.ca\/ga\/u-bonn-easca-bonn-comhartha-sealadach\/#primaryimage\"},\"thumbnailUrl\":\"https:\/\/presfab.ca\/wp-content\/uploads\/2024\/10\/easyubase-1.png\",\"datePublished\":\"2025-01-26T19:38:46+00:00\",\"dateModified\":\"2025-02-09T01:47:44+00:00\",\"description\":\"U-Bonn \u00c9asca: An Bonn Comhartha T\u00f3g\u00e1la Sealadach U-Shaped Rubber durable agus \u00e9icea-chairdi\u00fail. Foirfe do chomhartha\u00ed b\u00f3thair sealadacha, cuireann s\u00e9 cobhsa\u00edocht n\u00edos fearr, friota\u00edocht tionchair agus feidhm\u00edocht uiscedh\u00edonach. Ar f\u00e1il i 30 lbs agus 50 lb. D\u00e9an teagmh\u00e1il linn anois le haghaidh t\u00e1irg\u00ed bainist\u00edochta tr\u00e1chta marthanacha!\",\"breadcrumb\":{\"@id\":\"https:\/\/presfab.ca\/ga\/u-bonn-easca-bonn-comhartha-sealadach\/#breadcrumb\"},\"inLanguage\":\"ga-IE\",\"potentialAction\":[{\"@type\":\"ReadAction\",\"target\":[\"https:\/\/presfab.ca\/ga\/u-bonn-easca-bonn-comhartha-sealadach\/\"]}]},{\"@type\":\"ImageObject\",\"inLanguage\":\"ga-IE\",\"@id\":\"https:\/\/presfab.ca\/ga\/u-bonn-easca-bonn-comhartha-sealadach\/#primaryimage\",\"url\":\"https:\/\/presfab.ca\/wp-content\/uploads\/2024\/10\/easyubase-1.png\",\"contentUrl\":\"https:\/\/presfab.ca\/wp-content\/uploads\/2024\/10\/easyubase-1.png\"},{\"@type\":\"BreadcrumbList\",\"@id\":\"https:\/\/presfab.ca\/ga\/u-bonn-easca-bonn-comhartha-sealadach\/#breadcrumb\",\"itemListElement\":[{\"@type\":\"ListItem\",\"position\":1,\"name\":\"Home\",\"item\":\"https:\/\/presfab.ca\/ga\/\"},{\"@type\":\"ListItem\",\"position\":2,\"name\":\"U-Bonn \u00c9asca: Bonn Comhartha Sealadach\"}]},{\"@type\":\"WebSite\",\"@id\":\"https:\/\/presfab.ca\/ga\/#website\",\"url\":\"https:\/\/presfab.ca\/ga\/\",\"name\":\"PRESFAB HIGHWAY\",\"description\":\"Manhole Riser Rings, Delineator Bases, Channelizer Bases, Sign bases and more!\",\"publisher\":{\"@id\":\"https:\/\/presfab.ca\/ga\/#organization\"},\"potentialAction\":[{\"@type\":\"SearchAction\",\"target\":{\"@type\":\"EntryPoint\",\"urlTemplate\":\"https:\/\/presfab.ca\/ga\/?s={search_term_string}\"},\"query-input\":{\"@type\":\"PropertyValueSpecification\",\"valueRequired\":true,\"valueName\":\"search_term_string\"}}],\"inLanguage\":\"ga-IE\"},{\"@type\":\"Organization\",\"@id\":\"https:\/\/presfab.ca\/ga\/#organization\",\"name\":\"PRESFAB HIGHWAY\",\"url\":\"https:\/\/presfab.ca\/ga\/\",\"logo\":{\"@type\":\"ImageObject\",\"inLanguage\":\"ga-IE\",\"@id\":\"https:\/\/presfab.ca\/ga\/#\/schema\/logo\/image\/\",\"url\":\"https:\/\/presfab.ca\/wp-content\/uploads\/2025\/01\/Asset-1ZoomOut.png\",\"contentUrl\":\"https:\/\/presfab.ca\/wp-content\/uploads\/2025\/01\/Asset-1ZoomOut.png\",\"width\":118,\"height\":46,\"caption\":\"PRESFAB HIGHWAY\"},\"image\":{\"@id\":\"https:\/\/presfab.ca\/ga\/#\/schema\/logo\/image\/\"},\"sameAs\":[\"https:\/\/www.facebook.com\/PresfabHighway\",\"https:\/\/x.com\/PresfabHighway\",\"https:\/\/www.linkedin.com\/company\/presfab-highway\/?viewAsMember=true\"],\"description\":\"Presfab Highway is a manufacturer of traffic safety products, and manhole and aquaduct grade riser rings. We make bases for Channelizer drums (TR& & TC54), Bases for RD-10 Delineator Posts, Temporary sign bases, speed bumps.\",\"email\":\"sales@presfab.ca\",\"telephone\":\"450-979-0007\"}]}<\/script>\n<!-- \/ Yoast SEO Premium plugin. -->","yoast_head_json":{"title":"Bunanna Comhartha Tr\u00e1chta Sealadacha Rubair - PRESFAB HIGHWAY","description":"U-Bonn \u00c9asca: An Bonn Comhartha T\u00f3g\u00e1la Sealadach U-Shaped Rubber durable agus \u00e9icea-chairdi\u00fail. Foirfe do chomhartha\u00ed b\u00f3thair sealadacha, cuireann s\u00e9 cobhsa\u00edocht n\u00edos fearr, friota\u00edocht tionchair agus feidhm\u00edocht uiscedh\u00edonach. Ar f\u00e1il i 30 lbs agus 50 lb. D\u00e9an teagmh\u00e1il linn anois le haghaidh t\u00e1irg\u00ed bainist\u00edochta tr\u00e1chta marthanacha!","robots":{"index":"index","follow":"follow","max-snippet":"max-snippet:-1","max-image-preview":"max-image-preview:large","max-video-preview":"max-video-preview:-1"},"canonical":"https:\/\/presfab.ca\/ga\/u-bonn-easca-bonn-comhartha-sealadach\/","og_locale":"ga_IE","og_type":"article","og_title":"U-Bonn \u00c9asca: Bonn Comhartha Sealadach","og_description":"U-Bonn \u00c9asca: An Bonn Comhartha T\u00f3g\u00e1la Sealadach U-Shaped Rubber durable agus \u00e9icea-chairdi\u00fail. Foirfe do chomhartha\u00ed b\u00f3thair sealadacha, cuireann s\u00e9 cobhsa\u00edocht n\u00edos fearr, friota\u00edocht tionchair agus feidhm\u00edocht uiscedh\u00edonach. Ar f\u00e1il i 30 lbs agus 50 lb. D\u00e9an teagmh\u00e1il linn anois le haghaidh t\u00e1irg\u00ed bainist\u00edochta tr\u00e1chta marthanacha!","og_url":"https:\/\/presfab.ca\/ga\/u-bonn-easca-bonn-comhartha-sealadach\/","og_site_name":"PRESFAB HIGHWAY","article_publisher":"https:\/\/www.facebook.com\/PresfabHighway","article_modified_time":"2025-02-09T01:47:44+00:00","og_image":[{"width":593,"height":297,"url":"https:\/\/presfab.ca\/wp-content\/uploads\/2024\/10\/easyubase-1.png","type":"image\/png"}],"twitter_card":"summary_large_image","twitter_site":"@PresfabHighway","twitter_misc":{"Est. reading time":"3 minutes"},"schema":{"@context":"https:\/\/schema.org","@graph":[{"@type":"WebPage","@id":"https:\/\/presfab.ca\/ga\/u-bonn-easca-bonn-comhartha-sealadach\/","url":"https:\/\/presfab.ca\/ga\/u-bonn-easca-bonn-comhartha-sealadach\/","name":"Bunanna Comhartha Tr\u00e1chta Sealadacha Rubair - PRESFAB HIGHWAY","isPartOf":{"@id":"https:\/\/presfab.ca\/ga\/#website"},"primaryImageOfPage":{"@id":"https:\/\/presfab.ca\/ga\/u-bonn-easca-bonn-comhartha-sealadach\/#primaryimage"},"image":{"@id":"https:\/\/presfab.ca\/ga\/u-bonn-easca-bonn-comhartha-sealadach\/#primaryimage"},"thumbnailUrl":"https:\/\/presfab.ca\/wp-content\/uploads\/2024\/10\/easyubase-1.png","datePublished":"2025-01-26T19:38:46+00:00","dateModified":"2025-02-09T01:47:44+00:00","description":"U-Bonn \u00c9asca: An Bonn Comhartha T\u00f3g\u00e1la Sealadach U-Shaped Rubber durable agus \u00e9icea-chairdi\u00fail. Foirfe do chomhartha\u00ed b\u00f3thair sealadacha, cuireann s\u00e9 cobhsa\u00edocht n\u00edos fearr, friota\u00edocht tionchair agus feidhm\u00edocht uiscedh\u00edonach. Ar f\u00e1il i 30 lbs agus 50 lb. D\u00e9an teagmh\u00e1il linn anois le haghaidh t\u00e1irg\u00ed bainist\u00edochta tr\u00e1chta marthanacha!","breadcrumb":{"@id":"https:\/\/presfab.ca\/ga\/u-bonn-easca-bonn-comhartha-sealadach\/#breadcrumb"},"inLanguage":"ga-IE","potentialAction":[{"@type":"ReadAction","target":["https:\/\/presfab.ca\/ga\/u-bonn-easca-bonn-comhartha-sealadach\/"]}]},{"@type":"ImageObject","inLanguage":"ga-IE","@id":"https:\/\/presfab.ca\/ga\/u-bonn-easca-bonn-comhartha-sealadach\/#primaryimage","url":"https:\/\/presfab.ca\/wp-content\/uploads\/2024\/10\/easyubase-1.png","contentUrl":"https:\/\/presfab.ca\/wp-content\/uploads\/2024\/10\/easyubase-1.png"},{"@type":"BreadcrumbList","@id":"https:\/\/presfab.ca\/ga\/u-bonn-easca-bonn-comhartha-sealadach\/#breadcrumb","itemListElement":[{"@type":"ListItem","position":1,"name":"Home","item":"https:\/\/presfab.ca\/ga\/"},{"@type":"ListItem","position":2,"name":"U-Bonn \u00c9asca: Bonn Comhartha Sealadach"}]},{"@type":"WebSite","@id":"https:\/\/presfab.ca\/ga\/#website","url":"https:\/\/presfab.ca\/ga\/","name":"PRESFAB HIGHWAY","description":"Manhole Riser Rings, Delineator Bases, Channelizer Bases, Sign bases and more!","publisher":{"@id":"https:\/\/presfab.ca\/ga\/#organization"},"potentialAction":[{"@type":"SearchAction","target":{"@type":"EntryPoint","urlTemplate":"https:\/\/presfab.ca\/ga\/?s={search_term_string}"},"query-input":{"@type":"PropertyValueSpecification","valueRequired":true,"valueName":"search_term_string"}}],"inLanguage":"ga-IE"},{"@type":"Organization","@id":"https:\/\/presfab.ca\/ga\/#organization","name":"PRESFAB HIGHWAY","url":"https:\/\/presfab.ca\/ga\/","logo":{"@type":"ImageObject","inLanguage":"ga-IE","@id":"https:\/\/presfab.ca\/ga\/#\/schema\/logo\/image\/","url":"https:\/\/presfab.ca\/wp-content\/uploads\/2025\/01\/Asset-1ZoomOut.png","contentUrl":"https:\/\/presfab.ca\/wp-content\/uploads\/2025\/01\/Asset-1ZoomOut.png","width":118,"height":46,"caption":"PRESFAB HIGHWAY"},"image":{"@id":"https:\/\/presfab.ca\/ga\/#\/schema\/logo\/image\/"},"sameAs":["https:\/\/www.facebook.com\/PresfabHighway","https:\/\/x.com\/PresfabHighway","https:\/\/www.linkedin.com\/company\/presfab-highway\/?viewAsMember=true"],"description":"Presfab Highway is a manufacturer of traffic safety products, and manhole and aquaduct grade riser rings. We make bases for Channelizer drums (TR& & TC54), Bases for RD-10 Delineator Posts, Temporary sign bases, speed bumps.","email":"sales@presfab.ca","telephone":"450-979-0007"}]}},"jetpack_sharing_enabled":true,"_links":{"self":[{"href":"https:\/\/presfab.ca\/ga\/wp-json\/wp\/v2\/pages\/3382","targetHints":{"allow":["GET"]}}],"collection":[{"href":"https:\/\/presfab.ca\/ga\/wp-json\/wp\/v2\/pages"}],"about":[{"href":"https:\/\/presfab.ca\/ga\/wp-json\/wp\/v2\/types\/page"}],"author":[{"embeddable":true,"href":"https:\/\/presfab.ca\/ga\/wp-json\/wp\/v2\/users\/2"}],"replies":[{"embeddable":true,"href":"https:\/\/presfab.ca\/ga\/wp-json\/wp\/v2\/comments?post=3382"}],"version-history":[{"count":1,"href":"https:\/\/presfab.ca\/ga\/wp-json\/wp\/v2\/pages\/3382\/revisions"}],"predecessor-version":[{"id":3384,"href":"https:\/\/presfab.ca\/ga\/wp-json\/wp\/v2\/pages\/3382\/revisions\/3384"}],"wp:attachment":[{"href":"https:\/\/presfab.ca\/ga\/wp-json\/wp\/v2\/media?parent=3382"}],"curies":[{"name":"wp","href":"https:\/\/api.w.org\/{rel}","templated":true}]}}