{"id":3401,"date":"2025-01-26T19:35:59","date_gmt":"2025-01-26T19:35:59","guid":{"rendered":"https:\/\/presfab.ca\/hump-luas-sinusoidal\/"},"modified":"2025-02-09T01:47:50","modified_gmt":"2025-02-09T01:47:50","slug":"hump-luas-sinusoidal","status":"publish","type":"page","link":"https:\/\/presfab.ca\/ga\/hump-luas-sinusoidal\/","title":{"rendered":"Hump \u200b\u200bLuas Sinusoidal"},"content":{"rendered":"\t\t<div data-elementor-type=\"wp-page\" data-elementor-id=\"3401\" class=\"elementor elementor-3401 elementor-1601\" data-elementor-post-type=\"page\">\n\t\t\t\t<div class=\"elementor-element elementor-element-57426f1 e-flex e-con-boxed e-con e-parent\" data-id=\"57426f1\" data-element_type=\"container\" data-settings=\"{&quot;ekit_has_onepagescroll_dot&quot;:&quot;yes&quot;}\">\n\t\t\t\t\t<div class=\"e-con-inner\">\n\t\t<div class=\"elementor-element elementor-element-6dfc3f6 e-con-full e-flex e-con e-child\" data-id=\"6dfc3f6\" data-element_type=\"container\" data-settings=\"{&quot;ekit_has_onepagescroll_dot&quot;:&quot;yes&quot;}\">\n\t\t<div class=\"elementor-element elementor-element-a8e3594 e-con-full e-flex e-con e-child\" data-id=\"a8e3594\" data-element_type=\"container\" data-settings=\"{&quot;ekit_has_onepagescroll_dot&quot;:&quot;yes&quot;}\">\n\t\t\t\t<div class=\"elementor-element elementor-element-2d56b94 elementor-widget elementor-widget-image\" data-id=\"2d56b94\" data-element_type=\"widget\" data-settings=\"{&quot;ekit_we_effect_on&quot;:&quot;none&quot;}\" data-widget_type=\"image.default\">\n\t\t\t\t<div class=\"elementor-widget-container\">\n\t\t\t\t\t\t\t\t\t\t\t\t\t\t\t<img fetchpriority=\"high\" decoding=\"async\" width=\"593\" height=\"297\" src=\"https:\/\/presfab.ca\/wp-content\/uploads\/2024\/10\/speedbump.png\" class=\"attachment-full size-full wp-image-790\" alt=\"\" srcset=\"https:\/\/presfab.ca\/wp-content\/uploads\/2024\/10\/speedbump.png 593w, https:\/\/presfab.ca\/wp-content\/uploads\/2024\/10\/speedbump-300x150.png 300w\" sizes=\"(max-width: 593px) 100vw, 593px\" \/>\t\t\t\t\t\t\t\t\t\t\t\t\t\t\t<\/div>\n\t\t\t\t<\/div>\n\t\t\t\t<div class=\"elementor-element elementor-element-6f7c157 elementor-widget elementor-widget-text-editor\" data-id=\"6f7c157\" data-element_type=\"widget\" data-settings=\"{&quot;ekit_we_effect_on&quot;:&quot;none&quot;}\" data-widget_type=\"text-editor.default\">\n\t\t\t\t<div class=\"elementor-widget-container\">\n\t\t\t\t\t\t\t\t\t<h5><strong>GN\u00c9ITHE &amp; SOCHAIR<\/strong><\/h5>\n<ul>\n<li>D\u00e9anta as rubar 100% athch\u00fars\u00e1ilte<\/li>\n<li>Seas in aghaidh gach cine\u00e1l aimsire<\/li>\n<li>Seas in aghaidh ghathanna UV<\/li>\n<li>Seas in aghaidh taise agus ola.<\/li>\n<li>Seasamh in aghaidh \u00e9ags\u00falachta\u00ed teochta foircneacha.<\/li>\n<li>Is f\u00e9idir le duine amh\u00e1in \u00e9 a shuite\u00e1il i n\u00edos l\u00fa n\u00e1 10 n\u00f3im\u00e9ad<\/li>\n<li>CRUA<\/li>\n<li>Cothabh\u00e1il saor in aisce<\/li>\n<li>Sol\u00fabtha, ag ligean comhr\u00e9ireacht le imperfections dromchla<\/li>\n<li>D\u00e9anta le 2 chan\u00e1il chain\u00e9alaithe chun suite\u00e1il c\u00e1bla\u00ed, p\u00edopa\u00ed agus seolta a dh\u00e9anamh th\u00edos.<\/li>\n<li>Ideal le haghaidh \u00e1iteanna c\u00f3naithe, scoile, p\u00e1irce chomh maith le p\u00e1irce\u00e1il, p\u00e1irce\u00e1il \u00f3st\u00e1in, ionad siopad\u00f3ireachta agus daoine eile.<\/li>\n<\/ul>\n\t\t\t\t\t\t\t\t<\/div>\n\t\t\t\t<\/div>\n\t\t\t\t<\/div>\n\t\t<div class=\"elementor-element elementor-element-59a20cc e-con-full e-flex e-con e-child\" data-id=\"59a20cc\" data-element_type=\"container\" data-settings=\"{&quot;ekit_has_onepagescroll_dot&quot;:&quot;yes&quot;}\">\n\t\t\t\t<div class=\"elementor-element elementor-element-4d3dca6 elementor-align-justify elementor-widget elementor-widget-button\" data-id=\"4d3dca6\" data-element_type=\"widget\" data-settings=\"{&quot;ekit_we_effect_on&quot;:&quot;none&quot;}\" data-widget_type=\"button.default\">\n\t\t\t\t<div class=\"elementor-widget-container\">\n\t\t\t\t\t\t\t\t\t<div class=\"elementor-button-wrapper\">\n\t\t\t\t\t<a class=\"elementor-button elementor-button-link elementor-size-sm\" href=\"https:\/\/presfab.ca\/ga\/dean-teagmhail-linn\/\">\n\t\t\t\t\t\t<span class=\"elementor-button-content-wrapper\">\n\t\t\t\t\t\t\t\t\t<span class=\"elementor-button-text\">Faigh luachan<\/span>\n\t\t\t\t\t<\/span>\n\t\t\t\t\t<\/a>\n\t\t\t\t<\/div>\n\t\t\t\t\t\t\t\t<\/div>\n\t\t\t\t<\/div>\n\t\t\t\t<\/div>\n\t\t\t\t<\/div>\n\t\t\t\t\t<\/div>\n\t\t\t\t<\/div>\n\t\t\t\t<\/div>\n\t\t","protected":false},"excerpt":{"rendered":"<p>GN\u00c9ITHE &amp; SOCHAIR D\u00e9anta as rubar 100% athch\u00fars\u00e1ilte Seas in aghaidh gach cine\u00e1l aimsire Seas in aghaidh ghathanna UV Seas in aghaidh taise agus ola. Seasamh in aghaidh \u00e9ags\u00falachta\u00ed teochta foircneacha. Is f\u00e9idir le duine amh\u00e1in \u00e9 a shuite\u00e1il i n\u00edos l\u00fa n\u00e1 10 n\u00f3im\u00e9ad CRUA Cothabh\u00e1il saor in aisce Sol\u00fabtha, ag ligean comhr\u00e9ireacht le [&hellip;]<\/p>\n","protected":false},"author":2,"featured_media":0,"parent":0,"menu_order":0,"comment_status":"closed","ping_status":"closed","template":"","meta":{"content-type":"","footnotes":""},"class_list":["post-3401","page","type-page","status-publish","hentry"],"yoast_head":"<!-- This site is optimized with the Yoast SEO Premium plugin v24.3 (Yoast SEO v24.3) - https:\/\/yoast.com\/wordpress\/plugins\/seo\/ -->\n<title>Hump \u200b\u200bLuas Sinusoidal - PRESFAB HIGHWAY<\/title>\n<meta name=\"robots\" content=\"index, follow, max-snippet:-1, max-image-preview:large, max-video-preview:-1\" \/>\n<link rel=\"canonical\" href=\"https:\/\/presfab.ca\/ga\/hump-luas-sinusoidal\/\" \/>\n<meta property=\"og:locale\" content=\"ga_IE\" \/>\n<meta property=\"og:type\" content=\"article\" \/>\n<meta property=\"og:title\" content=\"Hump \u200b\u200bLuas Sinusoidal\" \/>\n<meta property=\"og:description\" content=\"GN\u00c9ITHE &amp; SOCHAIR D\u00e9anta as rubar 100% athch\u00fars\u00e1ilte Seas in aghaidh gach cine\u00e1l aimsire Seas in aghaidh ghathanna UV Seas in aghaidh taise agus ola. Seasamh in aghaidh \u00e9ags\u00falachta\u00ed teochta foircneacha. Is f\u00e9idir le duine amh\u00e1in \u00e9 a shuite\u00e1il i n\u00edos l\u00fa n\u00e1 10 n\u00f3im\u00e9ad CRUA Cothabh\u00e1il saor in aisce Sol\u00fabtha, ag ligean comhr\u00e9ireacht le [&hellip;]\" \/>\n<meta property=\"og:url\" content=\"https:\/\/presfab.ca\/ga\/hump-luas-sinusoidal\/\" \/>\n<meta property=\"og:site_name\" content=\"PRESFAB HIGHWAY\" \/>\n<meta property=\"article:publisher\" content=\"https:\/\/www.facebook.com\/PresfabHighway\" \/>\n<meta property=\"article:modified_time\" content=\"2025-02-09T01:47:50+00:00\" \/>\n<meta property=\"og:image\" content=\"https:\/\/presfab.ca\/wp-content\/uploads\/2024\/10\/speedbump.png\" \/>\n\t<meta property=\"og:image:width\" content=\"593\" \/>\n\t<meta property=\"og:image:height\" content=\"297\" \/>\n\t<meta property=\"og:image:type\" content=\"image\/png\" \/>\n<meta name=\"twitter:card\" content=\"summary_large_image\" \/>\n<meta name=\"twitter:site\" content=\"@PresfabHighway\" \/>\n<meta name=\"twitter:label1\" content=\"Est. reading time\" \/>\n\t<meta name=\"twitter:data1\" content=\"1 minute\" \/>\n<script type=\"application\/ld+json\" class=\"yoast-schema-graph\">{\"@context\":\"https:\/\/schema.org\",\"@graph\":[{\"@type\":\"WebPage\",\"@id\":\"https:\/\/presfab.ca\/ga\/hump-luas-sinusoidal\/\",\"url\":\"https:\/\/presfab.ca\/ga\/hump-luas-sinusoidal\/\",\"name\":\"Hump \u200b\u200bLuas Sinusoidal - PRESFAB HIGHWAY\",\"isPartOf\":{\"@id\":\"https:\/\/presfab.ca\/ga\/#website\"},\"primaryImageOfPage\":{\"@id\":\"https:\/\/presfab.ca\/ga\/hump-luas-sinusoidal\/#primaryimage\"},\"image\":{\"@id\":\"https:\/\/presfab.ca\/ga\/hump-luas-sinusoidal\/#primaryimage\"},\"thumbnailUrl\":\"https:\/\/presfab.ca\/wp-content\/uploads\/2024\/10\/speedbump.png\",\"datePublished\":\"2025-01-26T19:35:59+00:00\",\"dateModified\":\"2025-02-09T01:47:50+00:00\",\"breadcrumb\":{\"@id\":\"https:\/\/presfab.ca\/ga\/hump-luas-sinusoidal\/#breadcrumb\"},\"inLanguage\":\"ga-IE\",\"potentialAction\":[{\"@type\":\"ReadAction\",\"target\":[\"https:\/\/presfab.ca\/ga\/hump-luas-sinusoidal\/\"]}]},{\"@type\":\"ImageObject\",\"inLanguage\":\"ga-IE\",\"@id\":\"https:\/\/presfab.ca\/ga\/hump-luas-sinusoidal\/#primaryimage\",\"url\":\"https:\/\/presfab.ca\/wp-content\/uploads\/2024\/10\/speedbump.png\",\"contentUrl\":\"https:\/\/presfab.ca\/wp-content\/uploads\/2024\/10\/speedbump.png\"},{\"@type\":\"BreadcrumbList\",\"@id\":\"https:\/\/presfab.ca\/ga\/hump-luas-sinusoidal\/#breadcrumb\",\"itemListElement\":[{\"@type\":\"ListItem\",\"position\":1,\"name\":\"Home\",\"item\":\"https:\/\/presfab.ca\/ga\/\"},{\"@type\":\"ListItem\",\"position\":2,\"name\":\"Hump \u200b\u200bLuas Sinusoidal\"}]},{\"@type\":\"WebSite\",\"@id\":\"https:\/\/presfab.ca\/ga\/#website\",\"url\":\"https:\/\/presfab.ca\/ga\/\",\"name\":\"PRESFAB HIGHWAY\",\"description\":\"Manhole Riser Rings, Delineator Bases, Channelizer Bases, Sign bases and more!\",\"publisher\":{\"@id\":\"https:\/\/presfab.ca\/ga\/#organization\"},\"potentialAction\":[{\"@type\":\"SearchAction\",\"target\":{\"@type\":\"EntryPoint\",\"urlTemplate\":\"https:\/\/presfab.ca\/ga\/?s={search_term_string}\"},\"query-input\":{\"@type\":\"PropertyValueSpecification\",\"valueRequired\":true,\"valueName\":\"search_term_string\"}}],\"inLanguage\":\"ga-IE\"},{\"@type\":\"Organization\",\"@id\":\"https:\/\/presfab.ca\/ga\/#organization\",\"name\":\"PRESFAB HIGHWAY\",\"url\":\"https:\/\/presfab.ca\/ga\/\",\"logo\":{\"@type\":\"ImageObject\",\"inLanguage\":\"ga-IE\",\"@id\":\"https:\/\/presfab.ca\/ga\/#\/schema\/logo\/image\/\",\"url\":\"https:\/\/presfab.ca\/wp-content\/uploads\/2025\/01\/Asset-1ZoomOut.png\",\"contentUrl\":\"https:\/\/presfab.ca\/wp-content\/uploads\/2025\/01\/Asset-1ZoomOut.png\",\"width\":118,\"height\":46,\"caption\":\"PRESFAB HIGHWAY\"},\"image\":{\"@id\":\"https:\/\/presfab.ca\/ga\/#\/schema\/logo\/image\/\"},\"sameAs\":[\"https:\/\/www.facebook.com\/PresfabHighway\",\"https:\/\/x.com\/PresfabHighway\",\"https:\/\/www.linkedin.com\/company\/presfab-highway\/?viewAsMember=true\"],\"description\":\"Presfab Highway is a manufacturer of traffic safety products, and manhole and aquaduct grade riser rings. We make bases for Channelizer drums (TR& & TC54), Bases for RD-10 Delineator Posts, Temporary sign bases, speed bumps.\",\"email\":\"sales@presfab.ca\",\"telephone\":\"450-979-0007\"}]}<\/script>\n<!-- \/ Yoast SEO Premium plugin. -->","yoast_head_json":{"title":"Hump \u200b\u200bLuas Sinusoidal - PRESFAB HIGHWAY","robots":{"index":"index","follow":"follow","max-snippet":"max-snippet:-1","max-image-preview":"max-image-preview:large","max-video-preview":"max-video-preview:-1"},"canonical":"https:\/\/presfab.ca\/ga\/hump-luas-sinusoidal\/","og_locale":"ga_IE","og_type":"article","og_title":"Hump \u200b\u200bLuas Sinusoidal","og_description":"GN\u00c9ITHE &amp; SOCHAIR D\u00e9anta as rubar 100% athch\u00fars\u00e1ilte Seas in aghaidh gach cine\u00e1l aimsire Seas in aghaidh ghathanna UV Seas in aghaidh taise agus ola. Seasamh in aghaidh \u00e9ags\u00falachta\u00ed teochta foircneacha. Is f\u00e9idir le duine amh\u00e1in \u00e9 a shuite\u00e1il i n\u00edos l\u00fa n\u00e1 10 n\u00f3im\u00e9ad CRUA Cothabh\u00e1il saor in aisce Sol\u00fabtha, ag ligean comhr\u00e9ireacht le [&hellip;]","og_url":"https:\/\/presfab.ca\/ga\/hump-luas-sinusoidal\/","og_site_name":"PRESFAB HIGHWAY","article_publisher":"https:\/\/www.facebook.com\/PresfabHighway","article_modified_time":"2025-02-09T01:47:50+00:00","og_image":[{"width":593,"height":297,"url":"https:\/\/presfab.ca\/wp-content\/uploads\/2024\/10\/speedbump.png","type":"image\/png"}],"twitter_card":"summary_large_image","twitter_site":"@PresfabHighway","twitter_misc":{"Est. reading time":"1 minute"},"schema":{"@context":"https:\/\/schema.org","@graph":[{"@type":"WebPage","@id":"https:\/\/presfab.ca\/ga\/hump-luas-sinusoidal\/","url":"https:\/\/presfab.ca\/ga\/hump-luas-sinusoidal\/","name":"Hump \u200b\u200bLuas Sinusoidal - PRESFAB HIGHWAY","isPartOf":{"@id":"https:\/\/presfab.ca\/ga\/#website"},"primaryImageOfPage":{"@id":"https:\/\/presfab.ca\/ga\/hump-luas-sinusoidal\/#primaryimage"},"image":{"@id":"https:\/\/presfab.ca\/ga\/hump-luas-sinusoidal\/#primaryimage"},"thumbnailUrl":"https:\/\/presfab.ca\/wp-content\/uploads\/2024\/10\/speedbump.png","datePublished":"2025-01-26T19:35:59+00:00","dateModified":"2025-02-09T01:47:50+00:00","breadcrumb":{"@id":"https:\/\/presfab.ca\/ga\/hump-luas-sinusoidal\/#breadcrumb"},"inLanguage":"ga-IE","potentialAction":[{"@type":"ReadAction","target":["https:\/\/presfab.ca\/ga\/hump-luas-sinusoidal\/"]}]},{"@type":"ImageObject","inLanguage":"ga-IE","@id":"https:\/\/presfab.ca\/ga\/hump-luas-sinusoidal\/#primaryimage","url":"https:\/\/presfab.ca\/wp-content\/uploads\/2024\/10\/speedbump.png","contentUrl":"https:\/\/presfab.ca\/wp-content\/uploads\/2024\/10\/speedbump.png"},{"@type":"BreadcrumbList","@id":"https:\/\/presfab.ca\/ga\/hump-luas-sinusoidal\/#breadcrumb","itemListElement":[{"@type":"ListItem","position":1,"name":"Home","item":"https:\/\/presfab.ca\/ga\/"},{"@type":"ListItem","position":2,"name":"Hump \u200b\u200bLuas Sinusoidal"}]},{"@type":"WebSite","@id":"https:\/\/presfab.ca\/ga\/#website","url":"https:\/\/presfab.ca\/ga\/","name":"PRESFAB HIGHWAY","description":"Manhole Riser Rings, Delineator Bases, Channelizer Bases, Sign bases and more!","publisher":{"@id":"https:\/\/presfab.ca\/ga\/#organization"},"potentialAction":[{"@type":"SearchAction","target":{"@type":"EntryPoint","urlTemplate":"https:\/\/presfab.ca\/ga\/?s={search_term_string}"},"query-input":{"@type":"PropertyValueSpecification","valueRequired":true,"valueName":"search_term_string"}}],"inLanguage":"ga-IE"},{"@type":"Organization","@id":"https:\/\/presfab.ca\/ga\/#organization","name":"PRESFAB HIGHWAY","url":"https:\/\/presfab.ca\/ga\/","logo":{"@type":"ImageObject","inLanguage":"ga-IE","@id":"https:\/\/presfab.ca\/ga\/#\/schema\/logo\/image\/","url":"https:\/\/presfab.ca\/wp-content\/uploads\/2025\/01\/Asset-1ZoomOut.png","contentUrl":"https:\/\/presfab.ca\/wp-content\/uploads\/2025\/01\/Asset-1ZoomOut.png","width":118,"height":46,"caption":"PRESFAB HIGHWAY"},"image":{"@id":"https:\/\/presfab.ca\/ga\/#\/schema\/logo\/image\/"},"sameAs":["https:\/\/www.facebook.com\/PresfabHighway","https:\/\/x.com\/PresfabHighway","https:\/\/www.linkedin.com\/company\/presfab-highway\/?viewAsMember=true"],"description":"Presfab Highway is a manufacturer of traffic safety products, and manhole and aquaduct grade riser rings. We make bases for Channelizer drums (TR& & TC54), Bases for RD-10 Delineator Posts, Temporary sign bases, speed bumps.","email":"sales@presfab.ca","telephone":"450-979-0007"}]}},"jetpack_sharing_enabled":true,"_links":{"self":[{"href":"https:\/\/presfab.ca\/ga\/wp-json\/wp\/v2\/pages\/3401","targetHints":{"allow":["GET"]}}],"collection":[{"href":"https:\/\/presfab.ca\/ga\/wp-json\/wp\/v2\/pages"}],"about":[{"href":"https:\/\/presfab.ca\/ga\/wp-json\/wp\/v2\/types\/page"}],"author":[{"embeddable":true,"href":"https:\/\/presfab.ca\/ga\/wp-json\/wp\/v2\/users\/2"}],"replies":[{"embeddable":true,"href":"https:\/\/presfab.ca\/ga\/wp-json\/wp\/v2\/comments?post=3401"}],"version-history":[{"count":1,"href":"https:\/\/presfab.ca\/ga\/wp-json\/wp\/v2\/pages\/3401\/revisions"}],"predecessor-version":[{"id":3404,"href":"https:\/\/presfab.ca\/ga\/wp-json\/wp\/v2\/pages\/3401\/revisions\/3404"}],"wp:attachment":[{"href":"https:\/\/presfab.ca\/ga\/wp-json\/wp\/v2\/media?parent=3401"}],"curies":[{"name":"wp","href":"https:\/\/api.w.org\/{rel}","templated":true}]}}