{"id":3422,"date":"2025-01-26T19:15:16","date_gmt":"2025-01-26T19:15:16","guid":{"rendered":"https:\/\/presfab.ca\/curb-pairceala\/"},"modified":"2025-02-09T01:47:56","modified_gmt":"2025-02-09T01:47:56","slug":"curb-pairceala","status":"publish","type":"page","link":"https:\/\/presfab.ca\/ga\/curb-pairceala\/","title":{"rendered":"Curb P\u00e1irce\u00e1la"},"content":{"rendered":"\t\t<div data-elementor-type=\"wp-page\" data-elementor-id=\"3422\" class=\"elementor elementor-3422 elementor-1579\" data-elementor-post-type=\"page\">\n\t\t\t\t<div class=\"elementor-element elementor-element-62fc426 e-flex e-con-boxed e-con e-parent\" data-id=\"62fc426\" data-element_type=\"container\" data-settings=\"{&quot;ekit_has_onepagescroll_dot&quot;:&quot;yes&quot;}\">\n\t\t\t\t\t<div class=\"e-con-inner\">\n\t\t<div class=\"elementor-element elementor-element-6c7d1ff e-con-full e-flex e-con e-child\" data-id=\"6c7d1ff\" data-element_type=\"container\" data-settings=\"{&quot;ekit_has_onepagescroll_dot&quot;:&quot;yes&quot;}\">\n\t\t<div class=\"elementor-element elementor-element-504e8fd e-con-full e-flex e-con e-child\" data-id=\"504e8fd\" data-element_type=\"container\" data-settings=\"{&quot;ekit_has_onepagescroll_dot&quot;:&quot;yes&quot;}\">\n\t\t<div class=\"elementor-element elementor-element-3fbe86a e-grid e-con-full e-con e-child\" data-id=\"3fbe86a\" data-element_type=\"container\" data-settings=\"{&quot;ekit_has_onepagescroll_dot&quot;:&quot;yes&quot;}\">\n\t\t<div class=\"elementor-element elementor-element-8b3980a e-con-full e-flex e-con e-child\" data-id=\"8b3980a\" data-element_type=\"container\" data-settings=\"{&quot;background_background&quot;:&quot;classic&quot;,&quot;ekit_has_onepagescroll_dot&quot;:&quot;yes&quot;}\">\n\t\t\t\t<div class=\"elementor-element elementor-element-bf9f764 elementor-widget elementor-widget-heading\" data-id=\"bf9f764\" data-element_type=\"widget\" data-settings=\"{&quot;ekit_we_effect_on&quot;:&quot;none&quot;}\" data-widget_type=\"heading.default\">\n\t\t\t\t<div class=\"elementor-widget-container\">\n\t\t\t\t\t<h2 class=\"elementor-heading-title elementor-size-default\">Curb P\u00e1irce\u00e1la<\/h2>\t\t\t\t<\/div>\n\t\t\t\t<\/div>\n\t\t\t\t<\/div>\n\t\t\t\t<div class=\"elementor-element elementor-element-0b7f07a elementor-widget elementor-widget-image\" data-id=\"0b7f07a\" data-element_type=\"widget\" data-settings=\"{&quot;ekit_we_effect_on&quot;:&quot;none&quot;}\" data-widget_type=\"image.default\">\n\t\t\t\t<div class=\"elementor-widget-container\">\n\t\t\t\t\t\t\t\t\t\t\t\t\t\t\t<img decoding=\"async\" width=\"160\" height=\"103\" src=\"https:\/\/presfab.ca\/wp-content\/uploads\/2024\/10\/thumb_curb-removebg-preview.png\" class=\"attachment-full size-full wp-image-525\" alt=\"Rubber Parking Curb\" \/>\t\t\t\t\t\t\t\t\t\t\t\t\t\t\t<\/div>\n\t\t\t\t<\/div>\n\t\t\t\t<\/div>\n\t\t\t\t<div class=\"elementor-element elementor-element-f34e2de elementor-widget elementor-widget-text-editor\" data-id=\"f34e2de\" data-element_type=\"widget\" data-settings=\"{&quot;ekit_we_effect_on&quot;:&quot;none&quot;}\" data-widget_type=\"text-editor.default\">\n\t\t\t\t<div class=\"elementor-widget-container\">\n\t\t\t\t\t\t\t\t\t<p>T\u00e1 \u00e1r gcrom\u00e1n p\u00e1irce\u00e1la rubair \u00e9adrom le l\u00e1imhse\u00e1il \u00e9asca. Ideal do gach cine\u00e1l go leor p\u00e1irce\u00e1la.   <\/p>\n<p><strong>Gn\u00e9ithe &amp; Bunt\u00e1ist\u00ed<\/strong><\/p>\n<ul>\n<li>D\u00e9anta as rubar 100% athch\u00fars\u00e1ilte.<\/li>\n<li>Is f\u00e9idir le duine amh\u00e1in me\u00e1chan \u00e9adrom a shuite\u00e1il i n\u00edos l\u00fa n\u00e1 10 n\u00f3im\u00e9ad.<\/li>\n<li>N\u00edl g\u00e1 le trealamh speisialta i gcompar\u00e1id le colbha\u00ed coincr\u00e9ite.<\/li>\n<li>Sol\u00fabtha, ag ligean comhr\u00e9ireacht le imperfections dromchla.<\/li>\n<li>Frithsheasmhach don aimsir.<\/li>\n<li>Frithsheasmhach in aghaidh ghathanna UV.<\/li>\n<li>Frithsheasmhach in aghaidh taise agus ola.<\/li>\n<li>Seas in aghaidh \u00e9ags\u00falachta\u00ed teochta.<\/li>\n<li>N\u00ed dh\u00e9anann s\u00e9 dam\u00e1iste don fheithicil le linn tionchair.<\/li>\n<li>N\u00ed scoilteann s\u00e9 n\u00e1 n\u00ed bhr\u00e9agna\u00edonn s\u00e9 i gcompar\u00e1id le colbha coincr\u00e9it.<\/li>\n<li>L\u00e1imhse\u00e1il \u00e9asca le hathlonn\u00fa agus le hathlonn\u00fa m\u00e1s g\u00e1.<\/li>\n<\/ul>\n\t\t\t\t\t\t\t\t<\/div>\n\t\t\t\t<\/div>\n\t\t<div class=\"elementor-element elementor-element-826b2a4 e-con-full e-flex e-con e-child\" data-id=\"826b2a4\" data-element_type=\"container\" data-settings=\"{&quot;ekit_has_onepagescroll_dot&quot;:&quot;yes&quot;}\">\n\t\t\t\t<\/div>\n\t\t\t\t<\/div>\n\t\t\t\t<\/div>\n\t\t<div class=\"elementor-element elementor-element-f59084d e-con-full e-flex e-con e-child\" data-id=\"f59084d\" data-element_type=\"container\" data-settings=\"{&quot;ekit_has_onepagescroll_dot&quot;:&quot;yes&quot;}\">\n\t\t<div class=\"elementor-element elementor-element-0f24e7b e-con-full e-flex e-con e-child\" data-id=\"0f24e7b\" data-element_type=\"container\" data-settings=\"{&quot;ekit_has_onepagescroll_dot&quot;:&quot;yes&quot;}\">\n\t\t\t\t<div class=\"elementor-element elementor-element-72cbde4 elementor-align-justify elementor-widget elementor-widget-button\" data-id=\"72cbde4\" data-element_type=\"widget\" data-settings=\"{&quot;ekit_we_effect_on&quot;:&quot;none&quot;}\" data-widget_type=\"button.default\">\n\t\t\t\t<div class=\"elementor-widget-container\">\n\t\t\t\t\t\t\t\t\t<div class=\"elementor-button-wrapper\">\n\t\t\t\t\t<a class=\"elementor-button elementor-button-link elementor-size-sm\" href=\"https:\/\/presfab.ca\/ga\/dean-teagmhail-linn\/\">\n\t\t\t\t\t\t<span class=\"elementor-button-content-wrapper\">\n\t\t\t\t\t\t\t\t\t<span class=\"elementor-button-text\">Faigh ceangl\u00f3far<\/span>\n\t\t\t\t\t<\/span>\n\t\t\t\t\t<\/a>\n\t\t\t\t<\/div>\n\t\t\t\t\t\t\t\t<\/div>\n\t\t\t\t<\/div>\n\t\t\t\t<div class=\"elementor-element elementor-element-dcb3cd2 elementor-widget elementor-widget-heading\" data-id=\"dcb3cd2\" data-element_type=\"widget\" data-settings=\"{&quot;ekit_we_effect_on&quot;:&quot;none&quot;}\" data-widget_type=\"heading.default\">\n\t\t\t\t<div class=\"elementor-widget-container\">\n\t\t\t\t\t<h1 class=\"elementor-heading-title elementor-size-default\"><span style=\"font-weight: bolder;font-size: 16px\">AR F\u00c1IL I 3 DHATHANNA DIFRI\u00daLA<\/span><\/h1>\t\t\t\t<\/div>\n\t\t\t\t<\/div>\n\t\t\t\t<\/div>\n\t\t<div class=\"elementor-element elementor-element-69ddd77 e-con-full e-flex e-con e-child\" data-id=\"69ddd77\" data-element_type=\"container\" data-settings=\"{&quot;ekit_has_onepagescroll_dot&quot;:&quot;yes&quot;}\">\n\t\t<div class=\"elementor-element elementor-element-51001d3 e-con-full e-flex e-con e-child\" data-id=\"51001d3\" data-element_type=\"container\" data-settings=\"{&quot;background_background&quot;:&quot;classic&quot;,&quot;ekit_has_onepagescroll_dot&quot;:&quot;yes&quot;}\">\n\t\t\t\t<\/div>\n\t\t<div class=\"elementor-element elementor-element-d413fdd e-con-full e-flex e-con e-child\" data-id=\"d413fdd\" data-element_type=\"container\" data-settings=\"{&quot;background_background&quot;:&quot;classic&quot;,&quot;ekit_has_onepagescroll_dot&quot;:&quot;yes&quot;}\">\n\t\t\t\t<\/div>\n\t\t<div class=\"elementor-element elementor-element-64fe0bc e-con-full e-flex e-con e-child\" data-id=\"64fe0bc\" data-element_type=\"container\" data-settings=\"{&quot;background_background&quot;:&quot;classic&quot;,&quot;ekit_has_onepagescroll_dot&quot;:&quot;yes&quot;}\">\n\t\t\t\t<\/div>\n\t\t\t\t<\/div>\n\t\t\t\t<\/div>\n\t\t\t\t\t<\/div>\n\t\t\t\t<\/div>\n\t\t\t\t<\/div>\n\t\t","protected":false},"excerpt":{"rendered":"<p>Curb P\u00e1irce\u00e1la T\u00e1 \u00e1r gcrom\u00e1n p\u00e1irce\u00e1la rubair \u00e9adrom le l\u00e1imhse\u00e1il \u00e9asca. Ideal do gach cine\u00e1l go leor p\u00e1irce\u00e1la. Gn\u00e9ithe &amp; Bunt\u00e1ist\u00ed D\u00e9anta as rubar 100% athch\u00fars\u00e1ilte. Is f\u00e9idir le duine amh\u00e1in me\u00e1chan \u00e9adrom a shuite\u00e1il i n\u00edos l\u00fa n\u00e1 10 n\u00f3im\u00e9ad. N\u00edl g\u00e1 le trealamh speisialta i gcompar\u00e1id le colbha\u00ed coincr\u00e9ite. Sol\u00fabtha, ag ligean comhr\u00e9ireacht [&hellip;]<\/p>\n","protected":false},"author":2,"featured_media":0,"parent":0,"menu_order":0,"comment_status":"closed","ping_status":"closed","template":"","meta":{"content-type":"","footnotes":""},"class_list":["post-3422","page","type-page","status-publish","hentry"],"yoast_head":"<!-- This site is optimized with the Yoast SEO Premium plugin v24.3 (Yoast SEO v24.3) - https:\/\/yoast.com\/wordpress\/plugins\/seo\/ -->\n<title>Curb P\u00e1irce\u00e1la - PRESFAB HIGHWAY<\/title>\n<meta name=\"robots\" content=\"index, follow, max-snippet:-1, max-image-preview:large, max-video-preview:-1\" \/>\n<link rel=\"canonical\" href=\"https:\/\/presfab.ca\/ga\/curb-pairceala\/\" \/>\n<meta property=\"og:locale\" content=\"ga_IE\" \/>\n<meta property=\"og:type\" content=\"article\" \/>\n<meta property=\"og:title\" content=\"Curb P\u00e1irce\u00e1la\" \/>\n<meta property=\"og:description\" content=\"Curb P\u00e1irce\u00e1la T\u00e1 \u00e1r gcrom\u00e1n p\u00e1irce\u00e1la rubair \u00e9adrom le l\u00e1imhse\u00e1il \u00e9asca. Ideal do gach cine\u00e1l go leor p\u00e1irce\u00e1la. Gn\u00e9ithe &amp; Bunt\u00e1ist\u00ed D\u00e9anta as rubar 100% athch\u00fars\u00e1ilte. Is f\u00e9idir le duine amh\u00e1in me\u00e1chan \u00e9adrom a shuite\u00e1il i n\u00edos l\u00fa n\u00e1 10 n\u00f3im\u00e9ad. N\u00edl g\u00e1 le trealamh speisialta i gcompar\u00e1id le colbha\u00ed coincr\u00e9ite. Sol\u00fabtha, ag ligean comhr\u00e9ireacht [&hellip;]\" \/>\n<meta property=\"og:url\" content=\"https:\/\/presfab.ca\/ga\/curb-pairceala\/\" \/>\n<meta property=\"og:site_name\" content=\"PRESFAB HIGHWAY\" \/>\n<meta property=\"article:publisher\" content=\"https:\/\/www.facebook.com\/PresfabHighway\" \/>\n<meta property=\"article:modified_time\" content=\"2025-02-09T01:47:56+00:00\" \/>\n<meta property=\"og:image\" content=\"https:\/\/presfab.ca\/wp-content\/uploads\/2024\/10\/thumb_curb-removebg-preview.png\" \/>\n\t<meta property=\"og:image:width\" content=\"160\" \/>\n\t<meta property=\"og:image:height\" content=\"103\" \/>\n\t<meta property=\"og:image:type\" content=\"image\/png\" \/>\n<meta name=\"twitter:card\" content=\"summary_large_image\" \/>\n<meta name=\"twitter:site\" content=\"@PresfabHighway\" \/>\n<meta name=\"twitter:label1\" content=\"Est. reading time\" \/>\n\t<meta name=\"twitter:data1\" content=\"1 minute\" \/>\n<script type=\"application\/ld+json\" class=\"yoast-schema-graph\">{\"@context\":\"https:\/\/schema.org\",\"@graph\":[{\"@type\":\"WebPage\",\"@id\":\"https:\/\/presfab.ca\/ga\/curb-pairceala\/\",\"url\":\"https:\/\/presfab.ca\/ga\/curb-pairceala\/\",\"name\":\"Curb P\u00e1irce\u00e1la - PRESFAB HIGHWAY\",\"isPartOf\":{\"@id\":\"https:\/\/presfab.ca\/ga\/#website\"},\"primaryImageOfPage\":{\"@id\":\"https:\/\/presfab.ca\/ga\/curb-pairceala\/#primaryimage\"},\"image\":{\"@id\":\"https:\/\/presfab.ca\/ga\/curb-pairceala\/#primaryimage\"},\"thumbnailUrl\":\"https:\/\/presfab.ca\/wp-content\/uploads\/2024\/10\/thumb_curb-removebg-preview.png\",\"datePublished\":\"2025-01-26T19:15:16+00:00\",\"dateModified\":\"2025-02-09T01:47:56+00:00\",\"breadcrumb\":{\"@id\":\"https:\/\/presfab.ca\/ga\/curb-pairceala\/#breadcrumb\"},\"inLanguage\":\"ga-IE\",\"potentialAction\":[{\"@type\":\"ReadAction\",\"target\":[\"https:\/\/presfab.ca\/ga\/curb-pairceala\/\"]}]},{\"@type\":\"ImageObject\",\"inLanguage\":\"ga-IE\",\"@id\":\"https:\/\/presfab.ca\/ga\/curb-pairceala\/#primaryimage\",\"url\":\"https:\/\/presfab.ca\/wp-content\/uploads\/2024\/10\/thumb_curb-removebg-preview.png\",\"contentUrl\":\"https:\/\/presfab.ca\/wp-content\/uploads\/2024\/10\/thumb_curb-removebg-preview.png\"},{\"@type\":\"BreadcrumbList\",\"@id\":\"https:\/\/presfab.ca\/ga\/curb-pairceala\/#breadcrumb\",\"itemListElement\":[{\"@type\":\"ListItem\",\"position\":1,\"name\":\"Home\",\"item\":\"https:\/\/presfab.ca\/ga\/\"},{\"@type\":\"ListItem\",\"position\":2,\"name\":\"Curb P\u00e1irce\u00e1la\"}]},{\"@type\":\"WebSite\",\"@id\":\"https:\/\/presfab.ca\/ga\/#website\",\"url\":\"https:\/\/presfab.ca\/ga\/\",\"name\":\"PRESFAB HIGHWAY\",\"description\":\"Manhole Riser Rings, Delineator Bases, Channelizer Bases, Sign bases and more!\",\"publisher\":{\"@id\":\"https:\/\/presfab.ca\/ga\/#organization\"},\"potentialAction\":[{\"@type\":\"SearchAction\",\"target\":{\"@type\":\"EntryPoint\",\"urlTemplate\":\"https:\/\/presfab.ca\/ga\/?s={search_term_string}\"},\"query-input\":{\"@type\":\"PropertyValueSpecification\",\"valueRequired\":true,\"valueName\":\"search_term_string\"}}],\"inLanguage\":\"ga-IE\"},{\"@type\":\"Organization\",\"@id\":\"https:\/\/presfab.ca\/ga\/#organization\",\"name\":\"PRESFAB HIGHWAY\",\"url\":\"https:\/\/presfab.ca\/ga\/\",\"logo\":{\"@type\":\"ImageObject\",\"inLanguage\":\"ga-IE\",\"@id\":\"https:\/\/presfab.ca\/ga\/#\/schema\/logo\/image\/\",\"url\":\"https:\/\/presfab.ca\/wp-content\/uploads\/2025\/01\/Asset-1ZoomOut.png\",\"contentUrl\":\"https:\/\/presfab.ca\/wp-content\/uploads\/2025\/01\/Asset-1ZoomOut.png\",\"width\":118,\"height\":46,\"caption\":\"PRESFAB HIGHWAY\"},\"image\":{\"@id\":\"https:\/\/presfab.ca\/ga\/#\/schema\/logo\/image\/\"},\"sameAs\":[\"https:\/\/www.facebook.com\/PresfabHighway\",\"https:\/\/x.com\/PresfabHighway\",\"https:\/\/www.linkedin.com\/company\/presfab-highway\/?viewAsMember=true\"],\"description\":\"Presfab Highway is a manufacturer of traffic safety products, and manhole and aquaduct grade riser rings. We make bases for Channelizer drums (TR& & TC54), Bases for RD-10 Delineator Posts, Temporary sign bases, speed bumps.\",\"email\":\"sales@presfab.ca\",\"telephone\":\"450-979-0007\"}]}<\/script>\n<!-- \/ Yoast SEO Premium plugin. -->","yoast_head_json":{"title":"Curb P\u00e1irce\u00e1la - PRESFAB HIGHWAY","robots":{"index":"index","follow":"follow","max-snippet":"max-snippet:-1","max-image-preview":"max-image-preview:large","max-video-preview":"max-video-preview:-1"},"canonical":"https:\/\/presfab.ca\/ga\/curb-pairceala\/","og_locale":"ga_IE","og_type":"article","og_title":"Curb P\u00e1irce\u00e1la","og_description":"Curb P\u00e1irce\u00e1la T\u00e1 \u00e1r gcrom\u00e1n p\u00e1irce\u00e1la rubair \u00e9adrom le l\u00e1imhse\u00e1il \u00e9asca. Ideal do gach cine\u00e1l go leor p\u00e1irce\u00e1la. Gn\u00e9ithe &amp; Bunt\u00e1ist\u00ed D\u00e9anta as rubar 100% athch\u00fars\u00e1ilte. Is f\u00e9idir le duine amh\u00e1in me\u00e1chan \u00e9adrom a shuite\u00e1il i n\u00edos l\u00fa n\u00e1 10 n\u00f3im\u00e9ad. N\u00edl g\u00e1 le trealamh speisialta i gcompar\u00e1id le colbha\u00ed coincr\u00e9ite. Sol\u00fabtha, ag ligean comhr\u00e9ireacht [&hellip;]","og_url":"https:\/\/presfab.ca\/ga\/curb-pairceala\/","og_site_name":"PRESFAB HIGHWAY","article_publisher":"https:\/\/www.facebook.com\/PresfabHighway","article_modified_time":"2025-02-09T01:47:56+00:00","og_image":[{"width":160,"height":103,"url":"https:\/\/presfab.ca\/wp-content\/uploads\/2024\/10\/thumb_curb-removebg-preview.png","type":"image\/png"}],"twitter_card":"summary_large_image","twitter_site":"@PresfabHighway","twitter_misc":{"Est. reading time":"1 minute"},"schema":{"@context":"https:\/\/schema.org","@graph":[{"@type":"WebPage","@id":"https:\/\/presfab.ca\/ga\/curb-pairceala\/","url":"https:\/\/presfab.ca\/ga\/curb-pairceala\/","name":"Curb P\u00e1irce\u00e1la - PRESFAB HIGHWAY","isPartOf":{"@id":"https:\/\/presfab.ca\/ga\/#website"},"primaryImageOfPage":{"@id":"https:\/\/presfab.ca\/ga\/curb-pairceala\/#primaryimage"},"image":{"@id":"https:\/\/presfab.ca\/ga\/curb-pairceala\/#primaryimage"},"thumbnailUrl":"https:\/\/presfab.ca\/wp-content\/uploads\/2024\/10\/thumb_curb-removebg-preview.png","datePublished":"2025-01-26T19:15:16+00:00","dateModified":"2025-02-09T01:47:56+00:00","breadcrumb":{"@id":"https:\/\/presfab.ca\/ga\/curb-pairceala\/#breadcrumb"},"inLanguage":"ga-IE","potentialAction":[{"@type":"ReadAction","target":["https:\/\/presfab.ca\/ga\/curb-pairceala\/"]}]},{"@type":"ImageObject","inLanguage":"ga-IE","@id":"https:\/\/presfab.ca\/ga\/curb-pairceala\/#primaryimage","url":"https:\/\/presfab.ca\/wp-content\/uploads\/2024\/10\/thumb_curb-removebg-preview.png","contentUrl":"https:\/\/presfab.ca\/wp-content\/uploads\/2024\/10\/thumb_curb-removebg-preview.png"},{"@type":"BreadcrumbList","@id":"https:\/\/presfab.ca\/ga\/curb-pairceala\/#breadcrumb","itemListElement":[{"@type":"ListItem","position":1,"name":"Home","item":"https:\/\/presfab.ca\/ga\/"},{"@type":"ListItem","position":2,"name":"Curb P\u00e1irce\u00e1la"}]},{"@type":"WebSite","@id":"https:\/\/presfab.ca\/ga\/#website","url":"https:\/\/presfab.ca\/ga\/","name":"PRESFAB HIGHWAY","description":"Manhole Riser Rings, Delineator Bases, Channelizer Bases, Sign bases and more!","publisher":{"@id":"https:\/\/presfab.ca\/ga\/#organization"},"potentialAction":[{"@type":"SearchAction","target":{"@type":"EntryPoint","urlTemplate":"https:\/\/presfab.ca\/ga\/?s={search_term_string}"},"query-input":{"@type":"PropertyValueSpecification","valueRequired":true,"valueName":"search_term_string"}}],"inLanguage":"ga-IE"},{"@type":"Organization","@id":"https:\/\/presfab.ca\/ga\/#organization","name":"PRESFAB HIGHWAY","url":"https:\/\/presfab.ca\/ga\/","logo":{"@type":"ImageObject","inLanguage":"ga-IE","@id":"https:\/\/presfab.ca\/ga\/#\/schema\/logo\/image\/","url":"https:\/\/presfab.ca\/wp-content\/uploads\/2025\/01\/Asset-1ZoomOut.png","contentUrl":"https:\/\/presfab.ca\/wp-content\/uploads\/2025\/01\/Asset-1ZoomOut.png","width":118,"height":46,"caption":"PRESFAB HIGHWAY"},"image":{"@id":"https:\/\/presfab.ca\/ga\/#\/schema\/logo\/image\/"},"sameAs":["https:\/\/www.facebook.com\/PresfabHighway","https:\/\/x.com\/PresfabHighway","https:\/\/www.linkedin.com\/company\/presfab-highway\/?viewAsMember=true"],"description":"Presfab Highway is a manufacturer of traffic safety products, and manhole and aquaduct grade riser rings. We make bases for Channelizer drums (TR& & TC54), Bases for RD-10 Delineator Posts, Temporary sign bases, speed bumps.","email":"sales@presfab.ca","telephone":"450-979-0007"}]}},"jetpack_sharing_enabled":true,"_links":{"self":[{"href":"https:\/\/presfab.ca\/ga\/wp-json\/wp\/v2\/pages\/3422","targetHints":{"allow":["GET"]}}],"collection":[{"href":"https:\/\/presfab.ca\/ga\/wp-json\/wp\/v2\/pages"}],"about":[{"href":"https:\/\/presfab.ca\/ga\/wp-json\/wp\/v2\/types\/page"}],"author":[{"embeddable":true,"href":"https:\/\/presfab.ca\/ga\/wp-json\/wp\/v2\/users\/2"}],"replies":[{"embeddable":true,"href":"https:\/\/presfab.ca\/ga\/wp-json\/wp\/v2\/comments?post=3422"}],"version-history":[{"count":1,"href":"https:\/\/presfab.ca\/ga\/wp-json\/wp\/v2\/pages\/3422\/revisions"}],"predecessor-version":[{"id":3426,"href":"https:\/\/presfab.ca\/ga\/wp-json\/wp\/v2\/pages\/3422\/revisions\/3426"}],"wp:attachment":[{"href":"https:\/\/presfab.ca\/ga\/wp-json\/wp\/v2\/media?parent=3422"}],"curies":[{"name":"wp","href":"https:\/\/api.w.org\/{rel}","templated":true}]}}