{"id":2963,"date":"2024-10-21T05:47:29","date_gmt":"2024-10-21T05:47:29","guid":{"rendered":"https:\/\/presfab.ca\/firma\/"},"modified":"2025-02-09T01:46:11","modified_gmt":"2025-02-09T01:46:11","slug":"firma","status":"publish","type":"page","link":"https:\/\/presfab.ca\/pl\/firma\/","title":{"rendered":"Firma"},"content":{"rendered":"\t\t<div data-elementor-type=\"wp-page\" data-elementor-id=\"2963\" class=\"elementor elementor-2963 elementor-22\" data-elementor-post-type=\"page\">\n\t\t\t\t\t\t<section class=\"elementor-section elementor-top-section elementor-element elementor-element-7a3a191 elementor-section-height-min-height elementor-section-boxed elementor-section-height-default elementor-section-items-middle\" data-id=\"7a3a191\" data-element_type=\"section\" data-settings=\"{&quot;background_background&quot;:&quot;classic&quot;,&quot;ekit_has_onepagescroll_dot&quot;:&quot;yes&quot;}\">\n\t\t\t\t\t\t<div class=\"elementor-container elementor-column-gap-default\">\n\t\t\t\t\t<div class=\"elementor-column elementor-col-100 elementor-top-column elementor-element elementor-element-5f92ac9\" data-id=\"5f92ac9\" data-element_type=\"column\">\n\t\t\t<div class=\"elementor-widget-wrap\">\n\t\t\t\t\t\t\t<\/div>\n\t\t<\/div>\n\t\t\t\t\t<\/div>\n\t\t<\/section>\n\t\t\t\t<section class=\"elementor-section elementor-top-section elementor-element elementor-element-78eafe81 elementor-section-boxed elementor-section-height-default elementor-section-height-default\" data-id=\"78eafe81\" data-element_type=\"section\" data-settings=\"{&quot;background_background&quot;:&quot;classic&quot;,&quot;ekit_has_onepagescroll_dot&quot;:&quot;yes&quot;}\">\n\t\t\t\t\t\t<div class=\"elementor-container elementor-column-gap-default\">\n\t\t\t\t\t<div class=\"elementor-column elementor-col-50 elementor-top-column elementor-element elementor-element-204611d2\" data-id=\"204611d2\" data-element_type=\"column\">\n\t\t\t<div class=\"elementor-widget-wrap elementor-element-populated\">\n\t\t\t\t\t\t<section class=\"elementor-section elementor-inner-section elementor-element elementor-element-7b5d708e elementor-section-boxed elementor-section-height-default elementor-section-height-default\" data-id=\"7b5d708e\" data-element_type=\"section\" data-settings=\"{&quot;ekit_has_onepagescroll_dot&quot;:&quot;yes&quot;}\">\n\t\t\t\t\t\t<div class=\"elementor-container elementor-column-gap-default\">\n\t\t\t\t\t<div class=\"elementor-column elementor-col-100 elementor-inner-column elementor-element elementor-element-45bdf85a\" data-id=\"45bdf85a\" data-element_type=\"column\">\n\t\t\t<div class=\"elementor-widget-wrap elementor-element-populated\">\n\t\t\t\t\t\t<div class=\"elementor-element elementor-element-5bf3f558 elementor-invisible elementor-widget elementor-widget-heading\" data-id=\"5bf3f558\" data-element_type=\"widget\" data-settings=\"{&quot;_animation&quot;:&quot;fadeInDown&quot;,&quot;ekit_we_effect_on&quot;:&quot;none&quot;}\" data-widget_type=\"heading.default\">\n\t\t\t\t<div class=\"elementor-widget-container\">\n\t\t\t\t\t<h2 class=\"elementor-heading-title elementor-size-default\">MISJA<\/h2>\t\t\t\t<\/div>\n\t\t\t\t<\/div>\n\t\t\t\t<div class=\"elementor-element elementor-element-7b941da0 elementor-invisible elementor-widget elementor-widget-text-editor\" data-id=\"7b941da0\" data-element_type=\"widget\" data-settings=\"{&quot;_animation&quot;:&quot;fadeInDown&quot;,&quot;ekit_we_effect_on&quot;:&quot;none&quot;}\" data-widget_type=\"text-editor.default\">\n\t\t\t\t<div class=\"elementor-widget-container\">\n\t\t\t\t\t\t\t\t\t<p>Presfab Inc. jest firm\u0105 produkcyjn\u0105 specjalizuj\u0105c\u0105 si\u0119 w projektowaniu i rozwoju produkt\u00f3w do utrzymania sieci drogowej. Nasz\u0105 misj\u0105 jest oferowanie szerokiej gamy produkt\u00f3w spe\u0142niaj\u0105cych potrzeby naszych klient\u00f3w.  <\/p>\n<p>Presfab Inc. komercjalizuje swoje produkty stalowe pod mark\u0105 Ring-O-Pave\u2122, a Highway &amp; Rubber pod mark\u0105 Flex-O-Ring\u2122.<\/p>\n<p>Specjalizujemy si\u0119 w produkcji pier\u015bcieni stalowych i gumowych wykonanych w 100% z gumy pochodz\u0105cej z recyklingu. Nasz asortyment zaspokaja potrzeby miast i zainteresowanych stron, kt\u00f3re specjalizuj\u0105 si\u0119 w utrzymaniu dr\u00f3g i naprawach: studzienek \u015bciekowych, w\u0142az\u00f3w, przewod\u00f3w elektrycznych, skrzynek zaworowych, linii gazowych i innych. <\/p>\n<p>Ponadto Highway Rubber specjalizuje si\u0119 w produkcji produkt\u00f3w uspokajaj\u0105cych ruch i produkt\u00f3w bezpiecze\u0144stwa drogowego wykonanych z gumy pochodz\u0105cej z recyklingu, kt\u00f3re spe\u0142niaj\u0105 wszystkie wymagania w zakresie bezpiecze\u0144stwa drogowego. Nasze produkty: progi zwalniaj\u0105ce, ograniczniki k\u00f3\u0142, sinusoidalne progi zwalniaj\u0105ce i podstawa w kszta\u0142cie litery U do tymczasowych s\u0142upk\u00f3w znak\u00f3w spe\u0142niaj\u0105 potrzeby szerokiego grona interesariuszy w bran\u017cy bezpiecze\u0144stwa ruchu drogowego. <\/p>\n\t\t\t\t\t\t\t\t<\/div>\n\t\t\t\t<\/div>\n\t\t\t\t\t<\/div>\n\t\t<\/div>\n\t\t\t\t\t<\/div>\n\t\t<\/section>\n\t\t\t\t\t<\/div>\n\t\t<\/div>\n\t\t\t\t<div class=\"elementor-column elementor-col-50 elementor-top-column elementor-element elementor-element-61544660\" data-id=\"61544660\" data-element_type=\"column\">\n\t\t\t<div class=\"elementor-widget-wrap elementor-element-populated\">\n\t\t\t\t\t\t<section class=\"elementor-section elementor-inner-section elementor-element elementor-element-725bf91e elementor-section-boxed elementor-section-height-default elementor-section-height-default\" data-id=\"725bf91e\" data-element_type=\"section\" data-settings=\"{&quot;ekit_has_onepagescroll_dot&quot;:&quot;yes&quot;}\">\n\t\t\t\t\t\t<div class=\"elementor-container elementor-column-gap-default\">\n\t\t\t\t\t<div class=\"elementor-column elementor-col-100 elementor-inner-column elementor-element elementor-element-aa44e7e\" data-id=\"aa44e7e\" data-element_type=\"column\">\n\t\t\t<div class=\"elementor-widget-wrap elementor-element-populated\">\n\t\t\t\t\t\t<div class=\"elementor-element elementor-element-71ffad70 elementor-invisible elementor-widget elementor-widget-image\" data-id=\"71ffad70\" data-element_type=\"widget\" data-settings=\"{&quot;_animation&quot;:&quot;fadeInDown&quot;,&quot;ekit_we_effect_on&quot;:&quot;none&quot;}\" data-widget_type=\"image.default\">\n\t\t\t\t<div class=\"elementor-widget-container\">\n\t\t\t\t\t\t\t\t\t\t\t\t\t\t\t<img decoding=\"async\" width=\"230\" height=\"80\" src=\"https:\/\/presfab.ca\/wp-content\/uploads\/2024\/10\/logo_HighwayGarantie-1.jpg\" class=\"attachment-full size-full wp-image-348\" alt=\"\" \/>\t\t\t\t\t\t\t\t\t\t\t\t\t\t\t<\/div>\n\t\t\t\t<\/div>\n\t\t\t\t\t<\/div>\n\t\t<\/div>\n\t\t\t\t\t<\/div>\n\t\t<\/section>\n\t\t\t\t\t<\/div>\n\t\t<\/div>\n\t\t\t\t\t<\/div>\n\t\t<\/section>\n\t\t\t\t<section class=\"elementor-section elementor-top-section elementor-element elementor-element-7784814 elementor-section-boxed elementor-section-height-default elementor-section-height-default\" data-id=\"7784814\" data-element_type=\"section\" data-settings=\"{&quot;background_background&quot;:&quot;classic&quot;,&quot;ekit_has_onepagescroll_dot&quot;:&quot;yes&quot;}\">\n\t\t\t\t\t\t<div class=\"elementor-container elementor-column-gap-default\">\n\t\t\t\t\t<div class=\"elementor-column elementor-col-50 elementor-top-column elementor-element elementor-element-abef8fc\" data-id=\"abef8fc\" data-element_type=\"column\">\n\t\t\t<div class=\"elementor-widget-wrap elementor-element-populated\">\n\t\t\t\t\t\t<section class=\"elementor-section elementor-inner-section elementor-element elementor-element-0940c92 elementor-section-boxed elementor-section-height-default elementor-section-height-default\" data-id=\"0940c92\" data-element_type=\"section\" data-settings=\"{&quot;ekit_has_onepagescroll_dot&quot;:&quot;yes&quot;}\">\n\t\t\t\t\t\t<div class=\"elementor-container elementor-column-gap-default\">\n\t\t\t\t\t<div class=\"elementor-column elementor-col-100 elementor-inner-column elementor-element elementor-element-92867e6\" data-id=\"92867e6\" data-element_type=\"column\">\n\t\t\t<div class=\"elementor-widget-wrap elementor-element-populated\">\n\t\t\t\t\t\t<div class=\"elementor-element elementor-element-f864f8c elementor-invisible elementor-widget elementor-widget-image\" data-id=\"f864f8c\" data-element_type=\"widget\" data-settings=\"{&quot;_animation&quot;:&quot;fadeInDown&quot;,&quot;ekit_we_effect_on&quot;:&quot;none&quot;}\" data-widget_type=\"image.default\">\n\t\t\t\t<div class=\"elementor-widget-container\">\n\t\t\t\t\t\t\t\t\t\t\t\t\t\t\t<img decoding=\"async\" width=\"230\" height=\"80\" src=\"https:\/\/presfab.ca\/wp-content\/uploads\/2024\/10\/logoPresfab_garantie.jpg\" class=\"attachment-full size-full wp-image-315\" alt=\"\" \/>\t\t\t\t\t\t\t\t\t\t\t\t\t\t\t<\/div>\n\t\t\t\t<\/div>\n\t\t\t\t\t<\/div>\n\t\t<\/div>\n\t\t\t\t\t<\/div>\n\t\t<\/section>\n\t\t\t\t\t<\/div>\n\t\t<\/div>\n\t\t\t\t<div class=\"elementor-column elementor-col-50 elementor-top-column elementor-element elementor-element-06b17a4\" data-id=\"06b17a4\" data-element_type=\"column\">\n\t\t\t<div class=\"elementor-widget-wrap elementor-element-populated\">\n\t\t\t\t\t\t<section class=\"elementor-section elementor-inner-section elementor-element elementor-element-366aa88 elementor-section-boxed elementor-section-height-default elementor-section-height-default\" data-id=\"366aa88\" data-element_type=\"section\" data-settings=\"{&quot;ekit_has_onepagescroll_dot&quot;:&quot;yes&quot;}\">\n\t\t\t\t\t\t<div class=\"elementor-container elementor-column-gap-default\">\n\t\t\t\t\t<div class=\"elementor-column elementor-col-100 elementor-inner-column elementor-element elementor-element-a36ff52\" data-id=\"a36ff52\" data-element_type=\"column\">\n\t\t\t<div class=\"elementor-widget-wrap elementor-element-populated\">\n\t\t\t\t\t\t<div class=\"elementor-element elementor-element-79eabdd elementor-invisible elementor-widget elementor-widget-heading\" data-id=\"79eabdd\" data-element_type=\"widget\" data-settings=\"{&quot;_animation&quot;:&quot;fadeInDown&quot;,&quot;ekit_we_effect_on&quot;:&quot;none&quot;}\" data-widget_type=\"heading.default\">\n\t\t\t\t<div class=\"elementor-widget-container\">\n\t\t\t\t\t<h2 class=\"elementor-heading-title elementor-size-default\">HISTORIA<\/h2>\t\t\t\t<\/div>\n\t\t\t\t<\/div>\n\t\t\t\t<div class=\"elementor-element elementor-element-35aa8fd elementor-invisible elementor-widget elementor-widget-text-editor\" data-id=\"35aa8fd\" data-element_type=\"widget\" data-settings=\"{&quot;_animation&quot;:&quot;fadeInDown&quot;,&quot;ekit_we_effect_on&quot;:&quot;none&quot;}\" data-widget_type=\"text-editor.default\">\n\t\t\t\t<div class=\"elementor-widget-container\">\n\t\t\t\t\t\t\t\t\t<p>Wszystko zacz\u0119\u0142o si\u0119 w 1976 roku, kiedy pan Alain Prescott za\u0142o\u017cy\u0142 Prescott Metal. Pocz\u0105tkowo firma specjalizowa\u0142a si\u0119 w produkcji element\u00f3w stalowych dla przemys\u0142u ci\u0119\u017ckiego, takiego jak kopalnie, zak\u0142ady cmentarne i inni wyspecjalizowani klienci. W nast\u0119pstwie pro\u015bby jednego z klient\u00f3w (Foundry) o znalezienie rozwi\u0105zania i alternatywy dla wszystkich odlewanych element\u00f3w wzmacniaj\u0105cych, pan Prescott przeprowadzi\u0142 w\u0142asn\u0105 analiz\u0119 i rozpocz\u0105\u0142 produkcj\u0119 stalowego pier\u015bcienia wzmacniaj\u0105cego sprzedawanego pod mark\u0105 Ring-O-Pave. To by\u0142 pocz\u0105tek nowej przygody.   <\/p>\n<p>W 1986 r. pan Prescott sprzeda\u0142 Prescott Metal, aby skoncentrowa\u0107 si\u0119 wy\u0142\u0105cznie na wytwarzaniu produktu Ring-O-Pave. Pan Prescott uzyska\u0142 5 patent\u00f3w na Ring-O-Pave po sukcesie produktu w takich bran\u017cach jak: kopalnie, gorzelnie, odlewnie, oczyszczalnie \u015bciek\u00f3w i inni klienci. <\/p>\n<p>W 1994 roku pojawia si\u0119 nowy rynek z produktami wykonanymi z opon pochodz\u0105cych z recyklingu. Jest to pocz\u0105tek nowej ery, wprowadzenie Flex-O-Ring. Ta rama wykonana w 100% z gumy pochodz\u0105cej z recyklingu jest wynikiem dw\u00f3ch lat bada\u0144 i rozwoju, kt\u00f3re doprowadzi\u0142y do uzyskania kolejnego patentu. Po sukcesie zwi\u0105zanym z jej wprowadzeniem, Flex-O-Ring nadal spe\u0142nia potrzeby miast i innych podmiot\u00f3w zainteresowanych utrzymaniem dr\u00f3g.   <\/p>\n<p>Rok 2005 by\u0142 trudny; po\u017car zniszczy\u0142 obiekty firmy. Zachowuj\u0105c ducha przedsi\u0119biorczo\u015bci, pan Prescott podj\u0105\u0142 decyzj\u0119 o reorganizacji firmy, przenosz\u0105c si\u0119 do wi\u0119kszego zak\u0142adu w Boisbriand. Chocia\u017c pocz\u0105tek roku by\u0142 trudny, sytuacja ta by\u0142a w pewnym sensie korzystna dla firmy, poniewa\u017c pozwoli\u0142a firmie sta\u0107 si\u0119 jednym z najbardziej produktywnych zak\u0142ad\u00f3w w Ameryce P\u00f3\u0142nocnej dzi\u0119ki wprowadzeniu w\u0142asnego zautomatyzowanego procesu i bardziej wydajnego sprz\u0119tu.  <\/p>\n<p>W 2006 roku firma rozpocz\u0119\u0142a sprzeda\u017c swoich produkt\u00f3w na kontynencie europejskim, a obecnie jest jedn\u0105 z najbardziej skutecznych w projektowaniu i produkcji niestandardowych produkt\u00f3w dla swoich klient\u00f3w. Nasze produkty, Ring-O-Pave, Flex-O-Ring i wszystkie specjalistyczne produkty drogowe i bezpiecze\u0144stwa s\u0105 dost\u0119pne za po\u015brednictwem naszej sieci dystrybucji w ca\u0142ej Ameryce P\u00f3\u0142nocnej. <\/p>\n\t\t\t\t\t\t\t\t<\/div>\n\t\t\t\t<\/div>\n\t\t\t\t\t<\/div>\n\t\t<\/div>\n\t\t\t\t\t<\/div>\n\t\t<\/section>\n\t\t\t\t\t<\/div>\n\t\t<\/div>\n\t\t\t\t\t<\/div>\n\t\t<\/section>\n\t\t\t\t<\/div>\n\t\t","protected":false},"excerpt":{"rendered":"<p>MISJA Presfab Inc. jest firm\u0105 produkcyjn\u0105 specjalizuj\u0105c\u0105 si\u0119 w projektowaniu i rozwoju produkt\u00f3w do utrzymania sieci drogowej. Nasz\u0105 misj\u0105 jest oferowanie szerokiej gamy produkt\u00f3w spe\u0142niaj\u0105cych potrzeby naszych klient\u00f3w. Presfab Inc. komercjalizuje swoje produkty stalowe pod mark\u0105 Ring-O-Pave\u2122, a Highway &amp; Rubber pod mark\u0105 Flex-O-Ring\u2122. Specjalizujemy si\u0119 w produkcji pier\u015bcieni stalowych i gumowych wykonanych w 100% [&hellip;]<\/p>\n","protected":false},"author":1,"featured_media":0,"parent":0,"menu_order":0,"comment_status":"closed","ping_status":"closed","template":"elementor_header_footer","meta":{"content-type":"","footnotes":""},"class_list":["post-2963","page","type-page","status-publish","hentry"],"yoast_head":"<!-- This site is optimized with the Yoast SEO Premium plugin v24.3 (Yoast SEO v24.3) - https:\/\/yoast.com\/wordpress\/plugins\/seo\/ -->\n<title>Firma - PRESFAB HIGHWAY<\/title>\n<meta name=\"robots\" content=\"index, follow, max-snippet:-1, max-image-preview:large, max-video-preview:-1\" \/>\n<link rel=\"canonical\" href=\"https:\/\/presfab.ca\/pl\/firma\/\" \/>\n<meta property=\"og:locale\" content=\"pl_PL\" \/>\n<meta property=\"og:type\" content=\"article\" \/>\n<meta property=\"og:title\" content=\"Firma\" \/>\n<meta property=\"og:description\" content=\"MISJA Presfab Inc. jest firm\u0105 produkcyjn\u0105 specjalizuj\u0105c\u0105 si\u0119 w projektowaniu i rozwoju produkt\u00f3w do utrzymania sieci drogowej. Nasz\u0105 misj\u0105 jest oferowanie szerokiej gamy produkt\u00f3w spe\u0142niaj\u0105cych potrzeby naszych klient\u00f3w. Presfab Inc. komercjalizuje swoje produkty stalowe pod mark\u0105 Ring-O-Pave\u2122, a Highway &amp; Rubber pod mark\u0105 Flex-O-Ring\u2122. Specjalizujemy si\u0119 w produkcji pier\u015bcieni stalowych i gumowych wykonanych w 100% [&hellip;]\" \/>\n<meta property=\"og:url\" content=\"https:\/\/presfab.ca\/pl\/firma\/\" \/>\n<meta property=\"og:site_name\" content=\"PRESFAB HIGHWAY\" \/>\n<meta property=\"article:publisher\" content=\"https:\/\/www.facebook.com\/PresfabHighway\" \/>\n<meta property=\"article:modified_time\" content=\"2025-02-09T01:46:11+00:00\" \/>\n<meta property=\"og:image\" content=\"https:\/\/presfab.ca\/wp-content\/uploads\/2024\/10\/logo_HighwayGarantie-1.jpg\" \/>\n\t<meta property=\"og:image:width\" content=\"230\" \/>\n\t<meta property=\"og:image:height\" content=\"80\" \/>\n\t<meta property=\"og:image:type\" content=\"image\/jpeg\" \/>\n<meta name=\"twitter:card\" content=\"summary_large_image\" \/>\n<meta name=\"twitter:site\" content=\"@PresfabHighway\" \/>\n<meta name=\"twitter:label1\" content=\"Szacowany czas czytania\" \/>\n\t<meta name=\"twitter:data1\" content=\"3 minuty\" \/>\n<script type=\"application\/ld+json\" class=\"yoast-schema-graph\">{\"@context\":\"https:\/\/schema.org\",\"@graph\":[{\"@type\":\"WebPage\",\"@id\":\"https:\/\/presfab.ca\/pl\/firma\/\",\"url\":\"https:\/\/presfab.ca\/pl\/firma\/\",\"name\":\"Firma - PRESFAB HIGHWAY\",\"isPartOf\":{\"@id\":\"https:\/\/presfab.ca\/pl\/#website\"},\"primaryImageOfPage\":{\"@id\":\"https:\/\/presfab.ca\/pl\/firma\/#primaryimage\"},\"image\":{\"@id\":\"https:\/\/presfab.ca\/pl\/firma\/#primaryimage\"},\"thumbnailUrl\":\"https:\/\/presfab.ca\/wp-content\/uploads\/2024\/10\/logo_HighwayGarantie-1.jpg\",\"datePublished\":\"2024-10-21T05:47:29+00:00\",\"dateModified\":\"2025-02-09T01:46:11+00:00\",\"breadcrumb\":{\"@id\":\"https:\/\/presfab.ca\/pl\/firma\/#breadcrumb\"},\"inLanguage\":\"pl-PL\",\"potentialAction\":[{\"@type\":\"ReadAction\",\"target\":[\"https:\/\/presfab.ca\/pl\/firma\/\"]}]},{\"@type\":\"ImageObject\",\"inLanguage\":\"pl-PL\",\"@id\":\"https:\/\/presfab.ca\/pl\/firma\/#primaryimage\",\"url\":\"https:\/\/presfab.ca\/wp-content\/uploads\/2024\/10\/logo_HighwayGarantie-1.jpg\",\"contentUrl\":\"https:\/\/presfab.ca\/wp-content\/uploads\/2024\/10\/logo_HighwayGarantie-1.jpg\"},{\"@type\":\"BreadcrumbList\",\"@id\":\"https:\/\/presfab.ca\/pl\/firma\/#breadcrumb\",\"itemListElement\":[{\"@type\":\"ListItem\",\"position\":1,\"name\":\"Home\",\"item\":\"https:\/\/presfab.ca\/pl\/\"},{\"@type\":\"ListItem\",\"position\":2,\"name\":\"Firma\"}]},{\"@type\":\"WebSite\",\"@id\":\"https:\/\/presfab.ca\/pl\/#website\",\"url\":\"https:\/\/presfab.ca\/pl\/\",\"name\":\"PRESFAB HIGHWAY\",\"description\":\"Manhole Riser Rings, Delineator Bases, Channelizer Bases, Sign bases and more!\",\"publisher\":{\"@id\":\"https:\/\/presfab.ca\/pl\/#organization\"},\"potentialAction\":[{\"@type\":\"SearchAction\",\"target\":{\"@type\":\"EntryPoint\",\"urlTemplate\":\"https:\/\/presfab.ca\/pl\/?s={search_term_string}\"},\"query-input\":{\"@type\":\"PropertyValueSpecification\",\"valueRequired\":true,\"valueName\":\"search_term_string\"}}],\"inLanguage\":\"pl-PL\"},{\"@type\":\"Organization\",\"@id\":\"https:\/\/presfab.ca\/pl\/#organization\",\"name\":\"PRESFAB HIGHWAY\",\"url\":\"https:\/\/presfab.ca\/pl\/\",\"logo\":{\"@type\":\"ImageObject\",\"inLanguage\":\"pl-PL\",\"@id\":\"https:\/\/presfab.ca\/pl\/#\/schema\/logo\/image\/\",\"url\":\"https:\/\/presfab.ca\/wp-content\/uploads\/2025\/01\/Asset-1ZoomOut.png\",\"contentUrl\":\"https:\/\/presfab.ca\/wp-content\/uploads\/2025\/01\/Asset-1ZoomOut.png\",\"width\":118,\"height\":46,\"caption\":\"PRESFAB HIGHWAY\"},\"image\":{\"@id\":\"https:\/\/presfab.ca\/pl\/#\/schema\/logo\/image\/\"},\"sameAs\":[\"https:\/\/www.facebook.com\/PresfabHighway\",\"https:\/\/x.com\/PresfabHighway\",\"https:\/\/www.linkedin.com\/company\/presfab-highway\/?viewAsMember=true\"],\"description\":\"Presfab Highway is a manufacturer of traffic safety products, and manhole and aquaduct grade riser rings. We make bases for Channelizer drums (TR& & TC54), Bases for RD-10 Delineator Posts, Temporary sign bases, speed bumps.\",\"email\":\"sales@presfab.ca\",\"telephone\":\"450-979-0007\"}]}<\/script>\n<!-- \/ Yoast SEO Premium plugin. -->","yoast_head_json":{"title":"Firma - PRESFAB HIGHWAY","robots":{"index":"index","follow":"follow","max-snippet":"max-snippet:-1","max-image-preview":"max-image-preview:large","max-video-preview":"max-video-preview:-1"},"canonical":"https:\/\/presfab.ca\/pl\/firma\/","og_locale":"pl_PL","og_type":"article","og_title":"Firma","og_description":"MISJA Presfab Inc. jest firm\u0105 produkcyjn\u0105 specjalizuj\u0105c\u0105 si\u0119 w projektowaniu i rozwoju produkt\u00f3w do utrzymania sieci drogowej. Nasz\u0105 misj\u0105 jest oferowanie szerokiej gamy produkt\u00f3w spe\u0142niaj\u0105cych potrzeby naszych klient\u00f3w. Presfab Inc. komercjalizuje swoje produkty stalowe pod mark\u0105 Ring-O-Pave\u2122, a Highway &amp; Rubber pod mark\u0105 Flex-O-Ring\u2122. Specjalizujemy si\u0119 w produkcji pier\u015bcieni stalowych i gumowych wykonanych w 100% [&hellip;]","og_url":"https:\/\/presfab.ca\/pl\/firma\/","og_site_name":"PRESFAB HIGHWAY","article_publisher":"https:\/\/www.facebook.com\/PresfabHighway","article_modified_time":"2025-02-09T01:46:11+00:00","og_image":[{"width":230,"height":80,"url":"https:\/\/presfab.ca\/wp-content\/uploads\/2024\/10\/logo_HighwayGarantie-1.jpg","type":"image\/jpeg"}],"twitter_card":"summary_large_image","twitter_site":"@PresfabHighway","twitter_misc":{"Szacowany czas czytania":"3 minuty"},"schema":{"@context":"https:\/\/schema.org","@graph":[{"@type":"WebPage","@id":"https:\/\/presfab.ca\/pl\/firma\/","url":"https:\/\/presfab.ca\/pl\/firma\/","name":"Firma - PRESFAB HIGHWAY","isPartOf":{"@id":"https:\/\/presfab.ca\/pl\/#website"},"primaryImageOfPage":{"@id":"https:\/\/presfab.ca\/pl\/firma\/#primaryimage"},"image":{"@id":"https:\/\/presfab.ca\/pl\/firma\/#primaryimage"},"thumbnailUrl":"https:\/\/presfab.ca\/wp-content\/uploads\/2024\/10\/logo_HighwayGarantie-1.jpg","datePublished":"2024-10-21T05:47:29+00:00","dateModified":"2025-02-09T01:46:11+00:00","breadcrumb":{"@id":"https:\/\/presfab.ca\/pl\/firma\/#breadcrumb"},"inLanguage":"pl-PL","potentialAction":[{"@type":"ReadAction","target":["https:\/\/presfab.ca\/pl\/firma\/"]}]},{"@type":"ImageObject","inLanguage":"pl-PL","@id":"https:\/\/presfab.ca\/pl\/firma\/#primaryimage","url":"https:\/\/presfab.ca\/wp-content\/uploads\/2024\/10\/logo_HighwayGarantie-1.jpg","contentUrl":"https:\/\/presfab.ca\/wp-content\/uploads\/2024\/10\/logo_HighwayGarantie-1.jpg"},{"@type":"BreadcrumbList","@id":"https:\/\/presfab.ca\/pl\/firma\/#breadcrumb","itemListElement":[{"@type":"ListItem","position":1,"name":"Home","item":"https:\/\/presfab.ca\/pl\/"},{"@type":"ListItem","position":2,"name":"Firma"}]},{"@type":"WebSite","@id":"https:\/\/presfab.ca\/pl\/#website","url":"https:\/\/presfab.ca\/pl\/","name":"PRESFAB HIGHWAY","description":"Manhole Riser Rings, Delineator Bases, Channelizer Bases, Sign bases and more!","publisher":{"@id":"https:\/\/presfab.ca\/pl\/#organization"},"potentialAction":[{"@type":"SearchAction","target":{"@type":"EntryPoint","urlTemplate":"https:\/\/presfab.ca\/pl\/?s={search_term_string}"},"query-input":{"@type":"PropertyValueSpecification","valueRequired":true,"valueName":"search_term_string"}}],"inLanguage":"pl-PL"},{"@type":"Organization","@id":"https:\/\/presfab.ca\/pl\/#organization","name":"PRESFAB HIGHWAY","url":"https:\/\/presfab.ca\/pl\/","logo":{"@type":"ImageObject","inLanguage":"pl-PL","@id":"https:\/\/presfab.ca\/pl\/#\/schema\/logo\/image\/","url":"https:\/\/presfab.ca\/wp-content\/uploads\/2025\/01\/Asset-1ZoomOut.png","contentUrl":"https:\/\/presfab.ca\/wp-content\/uploads\/2025\/01\/Asset-1ZoomOut.png","width":118,"height":46,"caption":"PRESFAB HIGHWAY"},"image":{"@id":"https:\/\/presfab.ca\/pl\/#\/schema\/logo\/image\/"},"sameAs":["https:\/\/www.facebook.com\/PresfabHighway","https:\/\/x.com\/PresfabHighway","https:\/\/www.linkedin.com\/company\/presfab-highway\/?viewAsMember=true"],"description":"Presfab Highway is a manufacturer of traffic safety products, and manhole and aquaduct grade riser rings. We make bases for Channelizer drums (TR& & TC54), Bases for RD-10 Delineator Posts, Temporary sign bases, speed bumps.","email":"sales@presfab.ca","telephone":"450-979-0007"}]}},"jetpack_sharing_enabled":true,"_links":{"self":[{"href":"https:\/\/presfab.ca\/pl\/wp-json\/wp\/v2\/pages\/2963","targetHints":{"allow":["GET"]}}],"collection":[{"href":"https:\/\/presfab.ca\/pl\/wp-json\/wp\/v2\/pages"}],"about":[{"href":"https:\/\/presfab.ca\/pl\/wp-json\/wp\/v2\/types\/page"}],"author":[{"embeddable":true,"href":"https:\/\/presfab.ca\/pl\/wp-json\/wp\/v2\/users\/1"}],"replies":[{"embeddable":true,"href":"https:\/\/presfab.ca\/pl\/wp-json\/wp\/v2\/comments?post=2963"}],"version-history":[{"count":1,"href":"https:\/\/presfab.ca\/pl\/wp-json\/wp\/v2\/pages\/2963\/revisions"}],"predecessor-version":[{"id":2992,"href":"https:\/\/presfab.ca\/pl\/wp-json\/wp\/v2\/pages\/2963\/revisions\/2992"}],"wp:attachment":[{"href":"https:\/\/presfab.ca\/pl\/wp-json\/wp\/v2\/media?parent=2963"}],"curies":[{"name":"wp","href":"https:\/\/api.w.org\/{rel}","templated":true}]}}