{"id":3327,"date":"2025-01-26T20:57:19","date_gmt":"2025-01-26T20:57:19","guid":{"rendered":"https:\/\/presfab.ca\/grill-bezpieczenstwa\/"},"modified":"2025-02-09T01:47:28","modified_gmt":"2025-02-09T01:47:28","slug":"grill-bezpieczenstwa","status":"publish","type":"page","link":"https:\/\/presfab.ca\/pl\/grill-bezpieczenstwa\/","title":{"rendered":"Grill bezpiecze\u0144stwa"},"content":{"rendered":"\t\t<div data-elementor-type=\"wp-page\" data-elementor-id=\"3327\" class=\"elementor elementor-3327 elementor-1692\" data-elementor-post-type=\"page\">\n\t\t\t\t<div class=\"elementor-element elementor-element-9ebbff7 e-flex e-con-boxed e-con e-parent\" data-id=\"9ebbff7\" data-element_type=\"container\" data-settings=\"{&quot;ekit_has_onepagescroll_dot&quot;:&quot;yes&quot;}\">\n\t\t\t\t\t<div class=\"e-con-inner\">\n\t\t<div class=\"elementor-element elementor-element-79aea47 e-con-full e-flex e-con e-child\" data-id=\"79aea47\" data-element_type=\"container\" data-settings=\"{&quot;ekit_has_onepagescroll_dot&quot;:&quot;yes&quot;}\">\n\t\t\t\t<div class=\"elementor-element elementor-element-1769900 elementor-widget elementor-widget-text-editor\" data-id=\"1769900\" data-element_type=\"widget\" data-settings=\"{&quot;ekit_we_effect_on&quot;:&quot;none&quot;}\" data-widget_type=\"text-editor.default\">\n\t\t\t\t<div class=\"elementor-widget-container\">\n\t\t\t\t\t\t\t\t\t<p><strong>GRILL BEZPIECZE\u0143STWA<\/strong><\/p>\n\t\t\t\t\t\t\t\t<\/div>\n\t\t\t\t<\/div>\n\t\t<div class=\"elementor-element elementor-element-f1b35ce e-grid e-con-full e-con e-child\" data-id=\"f1b35ce\" data-element_type=\"container\" data-settings=\"{&quot;ekit_has_onepagescroll_dot&quot;:&quot;yes&quot;}\">\n\t\t<div class=\"elementor-element elementor-element-3fe83d7 e-con-full custom-box e-flex e-con e-child\" data-id=\"3fe83d7\" data-element_type=\"container\" data-settings=\"{&quot;ekit_has_onepagescroll_dot&quot;:&quot;yes&quot;}\">\n\t\t\t\t<div class=\"elementor-element elementor-element-38b8c40 elementor-widget elementor-widget-image\" data-id=\"38b8c40\" data-element_type=\"widget\" data-settings=\"{&quot;ekit_we_effect_on&quot;:&quot;none&quot;}\" data-widget_type=\"image.default\">\n\t\t\t\t<div class=\"elementor-widget-container\">\n\t\t\t\t\t\t\t\t\t\t\t\t\t\t\t<img decoding=\"async\" width=\"201\" height=\"201\" src=\"https:\/\/presfab.ca\/wp-content\/uploads\/2024\/10\/securitygrill1-removebg-preview.png\" class=\"attachment-full size-full wp-image-1104\" alt=\"\" srcset=\"https:\/\/presfab.ca\/wp-content\/uploads\/2024\/10\/securitygrill1-removebg-preview.png 201w, https:\/\/presfab.ca\/wp-content\/uploads\/2024\/10\/securitygrill1-removebg-preview-150x150.png 150w, https:\/\/presfab.ca\/wp-content\/uploads\/2024\/10\/securitygrill1-removebg-preview-100x100.png 100w\" sizes=\"(max-width: 201px) 100vw, 201px\" \/>\t\t\t\t\t\t\t\t\t\t\t\t\t\t\t<\/div>\n\t\t\t\t<\/div>\n\t\t\t\t<div class=\"elementor-element elementor-element-6cd8e32 elementor-widget elementor-widget-heading\" data-id=\"6cd8e32\" data-element_type=\"widget\" data-settings=\"{&quot;ekit_we_effect_on&quot;:&quot;none&quot;}\" data-widget_type=\"heading.default\">\n\t\t\t\t<div class=\"elementor-widget-container\">\n\t\t\t\t\t<h2 class=\"elementor-heading-title elementor-size-default\"><a href=\"#flex-o-ring\">Model A: MV275<\/a><\/h2>\t\t\t\t<\/div>\n\t\t\t\t<\/div>\n\t\t\t\t<div class=\"elementor-element elementor-element-121b81a elementor-widget elementor-widget-text-editor\" data-id=\"121b81a\" data-element_type=\"widget\" data-settings=\"{&quot;ekit_we_effect_on&quot;:&quot;none&quot;}\" data-widget_type=\"text-editor.default\">\n\t\t\t\t<div class=\"elementor-widget-container\">\n\t\t\t\t\t\t\t\t\t<p><strong>UWAGA :<\/strong><\/p>\n<p>Zastosowana stal musi by\u0107 zgodna ze specyfikacj\u0105 ACNOR G40.21 38W. Stal musi by\u0107 ocynkowana ogniowo zgodnie ze specyfikacj\u0105 ACNOR G-164. Cz\u0119\u015bci stalowe musz\u0105 by\u0107 zespawane przed ocynkowaniem zgodnie ze specyfikacj\u0105 ACNOR W59. Stal musi by\u0107 ocynkowana ogniowo zgodnie ze specyfikacj\u0105 ACNOR G-164.<\/p>\n\t\t\t\t\t\t\t\t<\/div>\n\t\t\t\t<\/div>\n\t\t\t\t<\/div>\n\t\t<div class=\"elementor-element elementor-element-1593df6 e-con-full custom-box e-flex e-con e-child\" data-id=\"1593df6\" data-element_type=\"container\" data-settings=\"{&quot;ekit_has_onepagescroll_dot&quot;:&quot;yes&quot;}\">\n\t\t\t\t<div class=\"elementor-element elementor-element-3de785d elementor-widget elementor-widget-image\" data-id=\"3de785d\" data-element_type=\"widget\" data-settings=\"{&quot;ekit_we_effect_on&quot;:&quot;none&quot;}\" data-widget_type=\"image.default\">\n\t\t\t\t<div class=\"elementor-widget-container\">\n\t\t\t\t\t\t\t\t\t\t\t\t\t\t\t<img decoding=\"async\" width=\"201\" height=\"201\" src=\"https:\/\/presfab.ca\/wp-content\/uploads\/2024\/10\/securitygrill2-removebg-preview.png\" class=\"attachment-full size-full wp-image-1117\" alt=\"\" srcset=\"https:\/\/presfab.ca\/wp-content\/uploads\/2024\/10\/securitygrill2-removebg-preview.png 201w, https:\/\/presfab.ca\/wp-content\/uploads\/2024\/10\/securitygrill2-removebg-preview-150x150.png 150w, https:\/\/presfab.ca\/wp-content\/uploads\/2024\/10\/securitygrill2-removebg-preview-100x100.png 100w\" sizes=\"(max-width: 201px) 100vw, 201px\" \/>\t\t\t\t\t\t\t\t\t\t\t\t\t\t\t<\/div>\n\t\t\t\t<\/div>\n\t\t\t\t<div class=\"elementor-element elementor-element-60d0029 elementor-widget elementor-widget-heading\" data-id=\"60d0029\" data-element_type=\"widget\" data-settings=\"{&quot;ekit_we_effect_on&quot;:&quot;none&quot;}\" data-widget_type=\"heading.default\">\n\t\t\t\t<div class=\"elementor-widget-container\">\n\t\t\t\t\t<h2 class=\"elementor-heading-title elementor-size-default\"><a href=\"#flex-o-ring\">Model A: MV275<\/a><\/h2>\t\t\t\t<\/div>\n\t\t\t\t<\/div>\n\t\t\t\t<div class=\"elementor-element elementor-element-503f785 elementor-widget elementor-widget-text-editor\" data-id=\"503f785\" data-element_type=\"widget\" data-settings=\"{&quot;ekit_we_effect_on&quot;:&quot;none&quot;}\" data-widget_type=\"text-editor.default\">\n\t\t\t\t<div class=\"elementor-widget-container\">\n\t\t\t\t\t\t\t\t\t<div><strong>WYMIARY :<\/strong><\/div>\n<div> <\/div>\n<div>\u015arednica zewn\u0119trzna: 27 1\/4&#8221; 692 mm<\/div>\n<div>Stal 1\/2&#8221; X 1&#8221; 13 mm X 25 mm<\/div>\n<div>MODEL : B<\/div>\n<div>MV 275-B<\/div>\n<div> <\/div>\n<div>\u015aREDNICA WEWN\u0118TRZNA: 4 1\/2&#8221; 112mm<\/div>\n\t\t\t\t\t\t\t\t<\/div>\n\t\t\t\t<\/div>\n\t\t\t\t<\/div>\n\t\t\t\t<\/div>\n\t\t\t\t<\/div>\n\t\t<div class=\"elementor-element elementor-element-88de3bd e-con-full e-flex e-con e-child\" data-id=\"88de3bd\" data-element_type=\"container\" data-settings=\"{&quot;ekit_has_onepagescroll_dot&quot;:&quot;yes&quot;}\">\n\t\t\t\t<div class=\"elementor-element elementor-element-160df95 elementor-align-justify elementor-widget elementor-widget-button\" data-id=\"160df95\" data-element_type=\"widget\" data-settings=\"{&quot;ekit_we_effect_on&quot;:&quot;none&quot;}\" data-widget_type=\"button.default\">\n\t\t\t\t<div class=\"elementor-widget-container\">\n\t\t\t\t\t\t\t\t\t<div class=\"elementor-button-wrapper\">\n\t\t\t\t\t<a class=\"elementor-button elementor-button-link elementor-size-sm\" href=\"https:\/\/presfab.ca\/pl\/kontakt\/\">\n\t\t\t\t\t\t<span class=\"elementor-button-content-wrapper\">\n\t\t\t\t\t\t\t\t\t<span class=\"elementor-button-text\">Uzyskaj wycen\u0119<\/span>\n\t\t\t\t\t<\/span>\n\t\t\t\t\t<\/a>\n\t\t\t\t<\/div>\n\t\t\t\t\t\t\t\t<\/div>\n\t\t\t\t<\/div>\n\t\t\t\t<\/div>\n\t\t\t\t\t<\/div>\n\t\t\t\t<\/div>\n\t\t\t\t<\/div>\n\t\t","protected":false},"excerpt":{"rendered":"<p>GRILL BEZPIECZE\u0143STWA Model A: MV275 UWAGA : Zastosowana stal musi by\u0107 zgodna ze specyfikacj\u0105 ACNOR G40.21 38W. Stal musi by\u0107 ocynkowana ogniowo zgodnie ze specyfikacj\u0105 ACNOR G-164. Cz\u0119\u015bci stalowe musz\u0105 by\u0107 zespawane przed ocynkowaniem zgodnie ze specyfikacj\u0105 ACNOR W59. Stal musi by\u0107 ocynkowana ogniowo zgodnie ze specyfikacj\u0105 ACNOR G-164. Model A: MV275 WYMIARY : \u015arednica [&hellip;]<\/p>\n","protected":false},"author":2,"featured_media":0,"parent":0,"menu_order":0,"comment_status":"closed","ping_status":"closed","template":"","meta":{"content-type":"","footnotes":""},"class_list":["post-3327","page","type-page","status-publish","hentry"],"yoast_head":"<!-- This site is optimized with the Yoast SEO Premium plugin v24.3 (Yoast SEO v24.3) - https:\/\/yoast.com\/wordpress\/plugins\/seo\/ -->\n<title>Grill bezpiecze\u0144stwa - PRESFAB HIGHWAY<\/title>\n<meta name=\"robots\" content=\"index, follow, max-snippet:-1, max-image-preview:large, max-video-preview:-1\" \/>\n<link rel=\"canonical\" href=\"https:\/\/presfab.ca\/pl\/grill-bezpieczenstwa\/\" \/>\n<meta property=\"og:locale\" content=\"pl_PL\" \/>\n<meta property=\"og:type\" content=\"article\" \/>\n<meta property=\"og:title\" content=\"Grill bezpiecze\u0144stwa\" \/>\n<meta property=\"og:description\" content=\"GRILL BEZPIECZE\u0143STWA Model A: MV275 UWAGA : Zastosowana stal musi by\u0107 zgodna ze specyfikacj\u0105 ACNOR G40.21 38W. Stal musi by\u0107 ocynkowana ogniowo zgodnie ze specyfikacj\u0105 ACNOR G-164. Cz\u0119\u015bci stalowe musz\u0105 by\u0107 zespawane przed ocynkowaniem zgodnie ze specyfikacj\u0105 ACNOR W59. Stal musi by\u0107 ocynkowana ogniowo zgodnie ze specyfikacj\u0105 ACNOR G-164. Model A: MV275 WYMIARY : \u015arednica [&hellip;]\" \/>\n<meta property=\"og:url\" content=\"https:\/\/presfab.ca\/pl\/grill-bezpieczenstwa\/\" \/>\n<meta property=\"og:site_name\" content=\"PRESFAB HIGHWAY\" \/>\n<meta property=\"article:publisher\" content=\"https:\/\/www.facebook.com\/PresfabHighway\" \/>\n<meta property=\"article:modified_time\" content=\"2025-02-09T01:47:28+00:00\" \/>\n<meta property=\"og:image\" content=\"https:\/\/presfab.ca\/wp-content\/uploads\/2024\/10\/securitygrill1-removebg-preview.png\" \/>\n\t<meta property=\"og:image:width\" content=\"201\" \/>\n\t<meta property=\"og:image:height\" content=\"201\" \/>\n\t<meta property=\"og:image:type\" content=\"image\/png\" \/>\n<meta name=\"twitter:card\" content=\"summary_large_image\" \/>\n<meta name=\"twitter:site\" content=\"@PresfabHighway\" \/>\n<script type=\"application\/ld+json\" class=\"yoast-schema-graph\">{\"@context\":\"https:\/\/schema.org\",\"@graph\":[{\"@type\":\"WebPage\",\"@id\":\"https:\/\/presfab.ca\/pl\/grill-bezpieczenstwa\/\",\"url\":\"https:\/\/presfab.ca\/pl\/grill-bezpieczenstwa\/\",\"name\":\"Grill bezpiecze\u0144stwa - PRESFAB HIGHWAY\",\"isPartOf\":{\"@id\":\"https:\/\/presfab.ca\/pl\/#website\"},\"primaryImageOfPage\":{\"@id\":\"https:\/\/presfab.ca\/pl\/grill-bezpieczenstwa\/#primaryimage\"},\"image\":{\"@id\":\"https:\/\/presfab.ca\/pl\/grill-bezpieczenstwa\/#primaryimage\"},\"thumbnailUrl\":\"https:\/\/presfab.ca\/wp-content\/uploads\/2024\/10\/securitygrill1-removebg-preview.png\",\"datePublished\":\"2025-01-26T20:57:19+00:00\",\"dateModified\":\"2025-02-09T01:47:28+00:00\",\"breadcrumb\":{\"@id\":\"https:\/\/presfab.ca\/pl\/grill-bezpieczenstwa\/#breadcrumb\"},\"inLanguage\":\"pl-PL\",\"potentialAction\":[{\"@type\":\"ReadAction\",\"target\":[\"https:\/\/presfab.ca\/pl\/grill-bezpieczenstwa\/\"]}]},{\"@type\":\"ImageObject\",\"inLanguage\":\"pl-PL\",\"@id\":\"https:\/\/presfab.ca\/pl\/grill-bezpieczenstwa\/#primaryimage\",\"url\":\"https:\/\/presfab.ca\/wp-content\/uploads\/2024\/10\/securitygrill1-removebg-preview.png\",\"contentUrl\":\"https:\/\/presfab.ca\/wp-content\/uploads\/2024\/10\/securitygrill1-removebg-preview.png\"},{\"@type\":\"BreadcrumbList\",\"@id\":\"https:\/\/presfab.ca\/pl\/grill-bezpieczenstwa\/#breadcrumb\",\"itemListElement\":[{\"@type\":\"ListItem\",\"position\":1,\"name\":\"Home\",\"item\":\"https:\/\/presfab.ca\/pl\/\"},{\"@type\":\"ListItem\",\"position\":2,\"name\":\"Grill bezpiecze\u0144stwa\"}]},{\"@type\":\"WebSite\",\"@id\":\"https:\/\/presfab.ca\/pl\/#website\",\"url\":\"https:\/\/presfab.ca\/pl\/\",\"name\":\"PRESFAB HIGHWAY\",\"description\":\"Manhole Riser Rings, Delineator Bases, Channelizer Bases, Sign bases and more!\",\"publisher\":{\"@id\":\"https:\/\/presfab.ca\/pl\/#organization\"},\"potentialAction\":[{\"@type\":\"SearchAction\",\"target\":{\"@type\":\"EntryPoint\",\"urlTemplate\":\"https:\/\/presfab.ca\/pl\/?s={search_term_string}\"},\"query-input\":{\"@type\":\"PropertyValueSpecification\",\"valueRequired\":true,\"valueName\":\"search_term_string\"}}],\"inLanguage\":\"pl-PL\"},{\"@type\":\"Organization\",\"@id\":\"https:\/\/presfab.ca\/pl\/#organization\",\"name\":\"PRESFAB HIGHWAY\",\"url\":\"https:\/\/presfab.ca\/pl\/\",\"logo\":{\"@type\":\"ImageObject\",\"inLanguage\":\"pl-PL\",\"@id\":\"https:\/\/presfab.ca\/pl\/#\/schema\/logo\/image\/\",\"url\":\"https:\/\/presfab.ca\/wp-content\/uploads\/2025\/01\/Asset-1ZoomOut.png\",\"contentUrl\":\"https:\/\/presfab.ca\/wp-content\/uploads\/2025\/01\/Asset-1ZoomOut.png\",\"width\":118,\"height\":46,\"caption\":\"PRESFAB HIGHWAY\"},\"image\":{\"@id\":\"https:\/\/presfab.ca\/pl\/#\/schema\/logo\/image\/\"},\"sameAs\":[\"https:\/\/www.facebook.com\/PresfabHighway\",\"https:\/\/x.com\/PresfabHighway\",\"https:\/\/www.linkedin.com\/company\/presfab-highway\/?viewAsMember=true\"],\"description\":\"Presfab Highway is a manufacturer of traffic safety products, and manhole and aquaduct grade riser rings. We make bases for Channelizer drums (TR& & TC54), Bases for RD-10 Delineator Posts, Temporary sign bases, speed bumps.\",\"email\":\"sales@presfab.ca\",\"telephone\":\"450-979-0007\"}]}<\/script>\n<!-- \/ Yoast SEO Premium plugin. -->","yoast_head_json":{"title":"Grill bezpiecze\u0144stwa - PRESFAB HIGHWAY","robots":{"index":"index","follow":"follow","max-snippet":"max-snippet:-1","max-image-preview":"max-image-preview:large","max-video-preview":"max-video-preview:-1"},"canonical":"https:\/\/presfab.ca\/pl\/grill-bezpieczenstwa\/","og_locale":"pl_PL","og_type":"article","og_title":"Grill bezpiecze\u0144stwa","og_description":"GRILL BEZPIECZE\u0143STWA Model A: MV275 UWAGA : Zastosowana stal musi by\u0107 zgodna ze specyfikacj\u0105 ACNOR G40.21 38W. Stal musi by\u0107 ocynkowana ogniowo zgodnie ze specyfikacj\u0105 ACNOR G-164. Cz\u0119\u015bci stalowe musz\u0105 by\u0107 zespawane przed ocynkowaniem zgodnie ze specyfikacj\u0105 ACNOR W59. Stal musi by\u0107 ocynkowana ogniowo zgodnie ze specyfikacj\u0105 ACNOR G-164. Model A: MV275 WYMIARY : \u015arednica [&hellip;]","og_url":"https:\/\/presfab.ca\/pl\/grill-bezpieczenstwa\/","og_site_name":"PRESFAB HIGHWAY","article_publisher":"https:\/\/www.facebook.com\/PresfabHighway","article_modified_time":"2025-02-09T01:47:28+00:00","og_image":[{"width":201,"height":201,"url":"https:\/\/presfab.ca\/wp-content\/uploads\/2024\/10\/securitygrill1-removebg-preview.png","type":"image\/png"}],"twitter_card":"summary_large_image","twitter_site":"@PresfabHighway","schema":{"@context":"https:\/\/schema.org","@graph":[{"@type":"WebPage","@id":"https:\/\/presfab.ca\/pl\/grill-bezpieczenstwa\/","url":"https:\/\/presfab.ca\/pl\/grill-bezpieczenstwa\/","name":"Grill bezpiecze\u0144stwa - PRESFAB HIGHWAY","isPartOf":{"@id":"https:\/\/presfab.ca\/pl\/#website"},"primaryImageOfPage":{"@id":"https:\/\/presfab.ca\/pl\/grill-bezpieczenstwa\/#primaryimage"},"image":{"@id":"https:\/\/presfab.ca\/pl\/grill-bezpieczenstwa\/#primaryimage"},"thumbnailUrl":"https:\/\/presfab.ca\/wp-content\/uploads\/2024\/10\/securitygrill1-removebg-preview.png","datePublished":"2025-01-26T20:57:19+00:00","dateModified":"2025-02-09T01:47:28+00:00","breadcrumb":{"@id":"https:\/\/presfab.ca\/pl\/grill-bezpieczenstwa\/#breadcrumb"},"inLanguage":"pl-PL","potentialAction":[{"@type":"ReadAction","target":["https:\/\/presfab.ca\/pl\/grill-bezpieczenstwa\/"]}]},{"@type":"ImageObject","inLanguage":"pl-PL","@id":"https:\/\/presfab.ca\/pl\/grill-bezpieczenstwa\/#primaryimage","url":"https:\/\/presfab.ca\/wp-content\/uploads\/2024\/10\/securitygrill1-removebg-preview.png","contentUrl":"https:\/\/presfab.ca\/wp-content\/uploads\/2024\/10\/securitygrill1-removebg-preview.png"},{"@type":"BreadcrumbList","@id":"https:\/\/presfab.ca\/pl\/grill-bezpieczenstwa\/#breadcrumb","itemListElement":[{"@type":"ListItem","position":1,"name":"Home","item":"https:\/\/presfab.ca\/pl\/"},{"@type":"ListItem","position":2,"name":"Grill bezpiecze\u0144stwa"}]},{"@type":"WebSite","@id":"https:\/\/presfab.ca\/pl\/#website","url":"https:\/\/presfab.ca\/pl\/","name":"PRESFAB HIGHWAY","description":"Manhole Riser Rings, Delineator Bases, Channelizer Bases, Sign bases and more!","publisher":{"@id":"https:\/\/presfab.ca\/pl\/#organization"},"potentialAction":[{"@type":"SearchAction","target":{"@type":"EntryPoint","urlTemplate":"https:\/\/presfab.ca\/pl\/?s={search_term_string}"},"query-input":{"@type":"PropertyValueSpecification","valueRequired":true,"valueName":"search_term_string"}}],"inLanguage":"pl-PL"},{"@type":"Organization","@id":"https:\/\/presfab.ca\/pl\/#organization","name":"PRESFAB HIGHWAY","url":"https:\/\/presfab.ca\/pl\/","logo":{"@type":"ImageObject","inLanguage":"pl-PL","@id":"https:\/\/presfab.ca\/pl\/#\/schema\/logo\/image\/","url":"https:\/\/presfab.ca\/wp-content\/uploads\/2025\/01\/Asset-1ZoomOut.png","contentUrl":"https:\/\/presfab.ca\/wp-content\/uploads\/2025\/01\/Asset-1ZoomOut.png","width":118,"height":46,"caption":"PRESFAB HIGHWAY"},"image":{"@id":"https:\/\/presfab.ca\/pl\/#\/schema\/logo\/image\/"},"sameAs":["https:\/\/www.facebook.com\/PresfabHighway","https:\/\/x.com\/PresfabHighway","https:\/\/www.linkedin.com\/company\/presfab-highway\/?viewAsMember=true"],"description":"Presfab Highway is a manufacturer of traffic safety products, and manhole and aquaduct grade riser rings. We make bases for Channelizer drums (TR& & TC54), Bases for RD-10 Delineator Posts, Temporary sign bases, speed bumps.","email":"sales@presfab.ca","telephone":"450-979-0007"}]}},"jetpack_sharing_enabled":true,"_links":{"self":[{"href":"https:\/\/presfab.ca\/pl\/wp-json\/wp\/v2\/pages\/3327","targetHints":{"allow":["GET"]}}],"collection":[{"href":"https:\/\/presfab.ca\/pl\/wp-json\/wp\/v2\/pages"}],"about":[{"href":"https:\/\/presfab.ca\/pl\/wp-json\/wp\/v2\/types\/page"}],"author":[{"embeddable":true,"href":"https:\/\/presfab.ca\/pl\/wp-json\/wp\/v2\/users\/2"}],"replies":[{"embeddable":true,"href":"https:\/\/presfab.ca\/pl\/wp-json\/wp\/v2\/comments?post=3327"}],"version-history":[{"count":1,"href":"https:\/\/presfab.ca\/pl\/wp-json\/wp\/v2\/pages\/3327\/revisions"}],"predecessor-version":[{"id":3329,"href":"https:\/\/presfab.ca\/pl\/wp-json\/wp\/v2\/pages\/3327\/revisions\/3329"}],"wp:attachment":[{"href":"https:\/\/presfab.ca\/pl\/wp-json\/wp\/v2\/media?parent=3327"}],"curies":[{"name":"wp","href":"https:\/\/api.w.org\/{rel}","templated":true}]}}