{"id":3348,"date":"2025-01-26T19:44:44","date_gmt":"2025-01-26T19:44:44","guid":{"rendered":"https:\/\/presfab.ca\/podstawa-ogranicznika\/"},"modified":"2025-02-09T01:47:35","modified_gmt":"2025-02-09T01:47:35","slug":"podstawa-ogranicznika","status":"publish","type":"page","link":"https:\/\/presfab.ca\/pl\/podstawa-ogranicznika\/","title":{"rendered":"Podstawa ogranicznika"},"content":{"rendered":"\t\t<div data-elementor-type=\"wp-page\" data-elementor-id=\"3348\" class=\"elementor elementor-3348 elementor-1617\" data-elementor-post-type=\"page\">\n\t\t\t\t<div class=\"elementor-element elementor-element-a7b877e e-flex e-con-boxed e-con e-parent\" data-id=\"a7b877e\" data-element_type=\"container\" data-settings=\"{&quot;ekit_has_onepagescroll_dot&quot;:&quot;yes&quot;}\">\n\t\t\t\t\t<div class=\"e-con-inner\">\n\t\t<div class=\"elementor-element elementor-element-0218ddc e-con-full e-flex e-con e-child\" data-id=\"0218ddc\" data-element_type=\"container\" data-settings=\"{&quot;ekit_has_onepagescroll_dot&quot;:&quot;yes&quot;}\">\n\t\t<div class=\"elementor-element elementor-element-7b7328f e-con-full e-flex e-con e-child\" data-id=\"7b7328f\" data-element_type=\"container\" data-settings=\"{&quot;ekit_has_onepagescroll_dot&quot;:&quot;yes&quot;}\">\n\t\t\t\t<div class=\"elementor-element elementor-element-e86b4e5 elementor-widget elementor-widget-text-editor\" data-id=\"e86b4e5\" data-element_type=\"widget\" data-settings=\"{&quot;ekit_we_effect_on&quot;:&quot;none&quot;}\" data-widget_type=\"text-editor.default\">\n\t\t\t\t<div class=\"elementor-widget-container\">\n\t\t\t\t\t\t\t\t\t<h5>\n<\/h5><p><strong>Gumowa podstawa s\u0142upka ograniczaj\u0105cego MiniGrip\u2122<\/strong><\/p><p>Szukasz trwa\u0142ej i stabilnej podstawy dla swoich s\u0142upk\u00f3w wska\u017anikowych? <strong>Gumowa podstawa MiniGrip\u2122<\/strong> to najlepsze rozwi\u0105zanie do zabezpieczania s\u0142upk\u00f3w <strong>RD-10<\/strong> i innych s\u0142upk\u00f3w o \u015brednicy 4&#8243;. Zaprojektowana z my\u015bl\u0105 o trwa\u0142o\u015bci i niezawodno\u015bci, podstawa ta zapewnia, \u017ce s\u0142upki pozostan\u0105 w pozycji pionowej nawet w trudnych warunkach, takich jak obszary o du\u017cym nat\u0119\u017ceniu ruchu lub niekorzystne warunki pogodowe.  <\/p><p>Niezale\u017cnie od tego, czy zarz\u0105dzasz strefami budowy, zamkni\u0119ciami dr\u00f3g czy zmianami tras ruchu, podstawa MiniGrip\u2122 Delineator zapewnia niezawodn\u0105 wydajno\u015b\u0107 potrzebn\u0105 do utrzymania bezpiecze\u0144stwa i organizacji.<\/p><hr><h3><strong>Kluczowe cechy i korzy\u015bci<\/strong><\/h3><h5><ul><li><strong>Kauczuk pochodz\u0105cy w 100% z recyklingu:<\/strong> zr\u00f3wnowa\u017cone i przyjazne dla \u015brodowiska rozwi\u0105zanie, kt\u00f3re przyczynia si\u0119 do ochrony \u015brodowiska, zapewniaj\u0105c jednocze\u015bnie doskona\u0142\u0105 trwa\u0142o\u015b\u0107.<\/li><li><strong>Bezpieczne dla pieszych i pojazd\u00f3w:<\/strong> Zaprojektowany, aby zapobiega\u0107 potkni\u0119ciom lub uszkodzeniom pojazd\u00f3w, zapewniaj\u0105c bezpiecze\u0144stwo wszystkim u\u017cytkownikom dr\u00f3g.<\/li><li><strong>Odporno\u015b\u0107 na wstrz\u0105sy:<\/strong> Absorbuje uderzenia bez p\u0119kania, dzi\u0119ki czemu idealnie nadaje si\u0119 do obszar\u00f3w o du\u017cym nat\u0119\u017ceniu ruchu pojazd\u00f3w.<\/li><li><strong>Odporno\u015b\u0107 na temperatur\u0119 i warunki atmosferyczne:<\/strong> Dzia\u0142a niezawodnie w ekstremalnych temperaturach, zimnie, deszczu lub \u015bniegu, dzi\u0119ki czemu nadaje si\u0119 do wszystkich klimat\u00f3w.<\/li><li><strong>Ergonomiczna konstrukcja:<\/strong><ul><li>Dwa wbudowane uchwyty u\u0142atwiaj\u0105 transport i pozycjonowanie.<\/li><li>Mo\u017cliwo\u015b\u0107 sztaplowania pozwala zaoszcz\u0119dzi\u0107 miejsce, gdy urz\u0105dzenie nie jest u\u017cywane.<\/li><\/ul><\/li><li><strong>Bezobs\u0142ugowo\u015b\u0107:<\/strong> W przeciwie\u0144stwie do innych podstaw, MiniGrip\u2122 nie wymaga dodatkowej konserwacji, co zmniejsza d\u0142ugoterminowe koszty.<\/li><\/ul><hr><\/h5><h3><strong>Dost\u0119pne rozmiary<\/strong><\/h3><h5><\/h5><p>Gumowa podstawa s\u0142upka ograniczaj\u0105cego MiniGrip\u2122 jest dost\u0119pna w r\u00f3\u017cnych wersjach wagowych, aby dopasowa\u0107 si\u0119 do konkretnych potrzeb:<\/p><ul><li><strong>10 funt\u00f3w<\/strong>: Lekki, ale skuteczny w miejscach o minimalnym nat\u0119\u017ceniu ruchu.<\/li><li><strong>12 funt\u00f3w<\/strong>: Zr\u00f3wnowa\u017cona opcja do \u015brednich obci\u0105\u017ce\u0144.<\/li><li><strong>15 funt\u00f3w<\/strong>: Idealny do stref o wi\u0119kszym nat\u0119\u017ceniu ruchu.<\/li><li><strong>20 funt\u00f3w<\/strong>: Maksymalna stabilno\u015b\u0107 w ci\u0119\u017ckich zastosowaniach.<\/li><\/ul><hr><h3><strong>Dlaczego warto wybra\u0107 gumowe podstawy s\u0142upk\u00f3w MiniGrip\u2122?<\/strong><\/h3><h5><\/h5><p>Podstawa MiniGrip\u2122 zosta\u0142a zaprojektowana z my\u015bl\u0105 o wytrzyma\u0142o\u015bci, stabilno\u015bci i wygodzie, co czyni j\u0105 doskona\u0142ym wyborem do utrzymania bezpiecze\u0144stwa i organizacji tymczasowych lub sta\u0142ych ustawie\u0144 ruchu. Odporno\u015b\u0107 na trudne warunki pogodowe, poch\u0142anianie uderze\u0144 i stabilno\u015b\u0107 nawet przy znacznym obci\u0105\u017ceniu sprawiaj\u0105, \u017ce jest to idealny produkt dla profesjonalist\u00f3w z bran\u017cy zarz\u0105dzania ruchem. <\/p><p>Wybieraj\u0105c MiniGrip\u2122, podejmujesz r\u00f3wnie\u017c decyzj\u0119 \u015bwiadom\u0105 ekologicznie. Wykonana w ca\u0142o\u015bci z gumy pochodz\u0105cej w 100% z recyklingu, ta podstawa wspiera wysi\u0142ki na rzecz zr\u00f3wnowa\u017conego rozwoju, zapewniaj\u0105c jednocze\u015bnie niezr\u00f3wnan\u0105 wydajno\u015b\u0107. <\/p><hr><h3><strong>Zastosowania MiniGrip\u2122 Base<\/strong><\/h3><h5><\/h5><p>Gumowa podstawa s\u0142upka ograniczaj\u0105cego MiniGrip\u2122 jest wszechstronna i idealna do r\u00f3\u017cnych zastosowa\u0144, w tym:<\/p><ul><li>Strefy budowy i roboty drogowe.<\/li><li>Parkingi i chodniki dla pieszych.<\/li><li>Tymczasowe zmiany tras i zamkni\u0119cia pas\u00f3w ruchu.<\/li><li>Kontrola t\u0142umu na imprezach lub w miejscach publicznych.<\/li><\/ul><p>Niezale\u017cnie od sytuacji, MiniGrip\u2122 zapewnia, \u017ce s\u0142upki wyznaczaj\u0105ce pozostan\u0105 bezpieczne i pionowe, zapobiegaj\u0105c wypadkom i utrzymuj\u0105c wyra\u017ane, widoczne granice.<\/p><hr><h3><strong>Zam\u00f3w swoj\u0105 podstaw\u0119 MiniGrip\u2122 ju\u017c dzi\u015b!<\/strong><\/h3><h5><\/h5><p>Nie pozw\u00f3l, aby niestabilne s\u0142upki ograniczaj\u0105ce zagra\u017ca\u0142y bezpiecze\u0144stwu lub wydajno\u015bci. <strong>Gumowa podstawa s\u0142upka MiniGrip\u2122<\/strong> \u0142\u0105czy w sobie trwa\u0142o\u015b\u0107, \u0142atwo\u015b\u0107 u\u017cytkowania i przyjazno\u015b\u0107 dla \u015brodowiska, zapewniaj\u0105c niezawodne dzia\u0142anie, na kt\u00f3rym mo\u017cna polega\u0107. <\/p><p><strong>Zabezpiecz swoj\u0105 konfiguracj\u0119 zarz\u0105dzania ruchem ju\u017c dzi\u015b<\/strong> dzi\u0119ki zaufanej podstawie MiniGrip\u2122 &#8211; wybierz rozmiar odpowiedni dla siebie i poczuj r\u00f3\u017cnic\u0119 w jako\u015bci i niezawodno\u015bci.<\/p><p><\/p><hr><h5>\n<\/h5>\n<ul>\n<\/ul>\t\t\t\t\t\t\t\t<\/div>\n\t\t\t\t<\/div>\n\t\t\t\t<\/div>\n\t\t<div class=\"elementor-element elementor-element-b01657b e-con-full e-flex e-con e-child\" data-id=\"b01657b\" data-element_type=\"container\" data-settings=\"{&quot;ekit_has_onepagescroll_dot&quot;:&quot;yes&quot;}\">\n\t\t\t\t<div class=\"elementor-element elementor-element-4a1da8f elementor-align-justify elementor-widget elementor-widget-button\" data-id=\"4a1da8f\" data-element_type=\"widget\" data-settings=\"{&quot;ekit_we_effect_on&quot;:&quot;none&quot;}\" data-widget_type=\"button.default\">\n\t\t\t\t<div class=\"elementor-widget-container\">\n\t\t\t\t\t\t\t\t\t<div class=\"elementor-button-wrapper\">\n\t\t\t\t\t<a class=\"elementor-button elementor-button-link elementor-size-sm\" href=\"https:\/\/presfab.ca\/pl\/kontakt\/\">\n\t\t\t\t\t\t<span class=\"elementor-button-content-wrapper\">\n\t\t\t\t\t\t\t\t\t<span class=\"elementor-button-text\">Uzyskaj wycen\u0119<\/span>\n\t\t\t\t\t<\/span>\n\t\t\t\t\t<\/a>\n\t\t\t\t<\/div>\n\t\t\t\t\t\t\t\t<\/div>\n\t\t\t\t<\/div>\n\t\t\t\t<div class=\"elementor-element elementor-element-2997443 elementor-widget elementor-widget-image\" data-id=\"2997443\" data-element_type=\"widget\" data-settings=\"{&quot;ekit_we_effect_on&quot;:&quot;none&quot;}\" data-widget_type=\"image.default\">\n\t\t\t\t<div class=\"elementor-widget-container\">\n\t\t\t\t\t\t\t\t\t\t\t\t\t\t\t<img fetchpriority=\"high\" decoding=\"async\" width=\"593\" height=\"297\" src=\"https:\/\/presfab.ca\/wp-content\/uploads\/2024\/10\/speedhump.png\" class=\"attachment-full size-full wp-image-843\" alt=\"Rubber Channelizer Base for TC54 and TRV7 Traffic Drums.\" srcset=\"https:\/\/presfab.ca\/wp-content\/uploads\/2024\/10\/speedhump.png 593w, https:\/\/presfab.ca\/wp-content\/uploads\/2024\/10\/speedhump-300x150.png 300w\" sizes=\"(max-width: 593px) 100vw, 593px\" \/>\t\t\t\t\t\t\t\t\t\t\t\t\t\t\t<\/div>\n\t\t\t\t<\/div>\n\t\t\t\t<\/div>\n\t\t\t\t<\/div>\n\t\t\t\t\t<\/div>\n\t\t\t\t<\/div>\n\t\t\t\t<\/div>\n\t\t","protected":false},"excerpt":{"rendered":"<p>Gumowa podstawa s\u0142upka ograniczaj\u0105cego MiniGrip\u2122 Szukasz trwa\u0142ej i stabilnej podstawy dla swoich s\u0142upk\u00f3w wska\u017anikowych? Gumowa podstawa MiniGrip\u2122 to najlepsze rozwi\u0105zanie do zabezpieczania s\u0142upk\u00f3w RD-10 i innych s\u0142upk\u00f3w o \u015brednicy 4&#8243;. Zaprojektowana z my\u015bl\u0105 o trwa\u0142o\u015bci i niezawodno\u015bci, podstawa ta zapewnia, \u017ce s\u0142upki pozostan\u0105 w pozycji pionowej nawet w trudnych warunkach, takich jak obszary o du\u017cym [&hellip;]<\/p>\n","protected":false},"author":2,"featured_media":0,"parent":0,"menu_order":0,"comment_status":"closed","ping_status":"closed","template":"","meta":{"content-type":"","footnotes":""},"class_list":["post-3348","page","type-page","status-publish","hentry"],"yoast_head":"<!-- This site is optimized with the Yoast SEO Premium plugin v24.3 (Yoast SEO v24.3) - https:\/\/yoast.com\/wordpress\/plugins\/seo\/ -->\n<title>MiniGrip\u2122 Delineator Post Base - PRESFAB HIGHWAY<\/title>\n<meta name=\"description\" content=\"MiniGrip firmy Presfab Highway to idealna podstawa dla s\u0142upk\u00f3w Delineator. Jest przeznaczony do wszystkich RD-10 i s\u0142upk\u00f3w o \u015brednicy 4&quot;.\" \/>\n<meta name=\"robots\" content=\"index, follow, max-snippet:-1, max-image-preview:large, max-video-preview:-1\" \/>\n<link rel=\"canonical\" href=\"https:\/\/presfab.ca\/pl\/podstawa-ogranicznika\/\" \/>\n<meta property=\"og:locale\" content=\"pl_PL\" \/>\n<meta property=\"og:type\" content=\"article\" \/>\n<meta property=\"og:title\" content=\"Podstawa s\u0142upka MiniGrip Delineator: Idealne rozwi\u0105zanie zapewniaj\u0105ce bezpiecze\u0144stwo i trwa\u0142o\u015b\u0107\" \/>\n<meta property=\"og:description\" content=\"MiniGrip firmy Presfab Highway to idealna podstawa dla s\u0142upk\u00f3w Delineator. Jest przeznaczony do wszystkich RD-10 i s\u0142upk\u00f3w o \u015brednicy 4&quot;.\" \/>\n<meta property=\"og:url\" content=\"https:\/\/presfab.ca\/pl\/podstawa-ogranicznika\/\" \/>\n<meta property=\"og:site_name\" content=\"PRESFAB HIGHWAY\" \/>\n<meta property=\"article:publisher\" content=\"https:\/\/www.facebook.com\/PresfabHighway\" \/>\n<meta property=\"article:modified_time\" content=\"2025-02-09T01:47:35+00:00\" \/>\n<meta property=\"og:image\" content=\"https:\/\/presfab.ca\/wp-content\/uploads\/2024\/10\/speedhump.png\" \/>\n\t<meta property=\"og:image:width\" content=\"593\" \/>\n\t<meta property=\"og:image:height\" content=\"297\" \/>\n\t<meta property=\"og:image:type\" content=\"image\/png\" \/>\n<meta name=\"twitter:card\" content=\"summary_large_image\" \/>\n<meta name=\"twitter:title\" content=\"Podstawa ogranicznika\" \/>\n<meta name=\"twitter:site\" content=\"@PresfabHighway\" \/>\n<meta name=\"twitter:label1\" content=\"Szacowany czas czytania\" \/>\n\t<meta name=\"twitter:data1\" content=\"3 minuty\" \/>\n<script type=\"application\/ld+json\" class=\"yoast-schema-graph\">{\"@context\":\"https:\/\/schema.org\",\"@graph\":[{\"@type\":\"WebPage\",\"@id\":\"https:\/\/presfab.ca\/pl\/podstawa-ogranicznika\/\",\"url\":\"https:\/\/presfab.ca\/pl\/podstawa-ogranicznika\/\",\"name\":\"MiniGrip\u2122 Delineator Post Base - PRESFAB HIGHWAY\",\"isPartOf\":{\"@id\":\"https:\/\/presfab.ca\/pl\/#website\"},\"primaryImageOfPage\":{\"@id\":\"https:\/\/presfab.ca\/pl\/podstawa-ogranicznika\/#primaryimage\"},\"image\":{\"@id\":\"https:\/\/presfab.ca\/pl\/podstawa-ogranicznika\/#primaryimage\"},\"thumbnailUrl\":\"https:\/\/presfab.ca\/wp-content\/uploads\/2024\/10\/speedhump.png\",\"datePublished\":\"2025-01-26T19:44:44+00:00\",\"dateModified\":\"2025-02-09T01:47:35+00:00\",\"description\":\"MiniGrip firmy Presfab Highway to idealna podstawa dla s\u0142upk\u00f3w Delineator. Jest przeznaczony do wszystkich RD-10 i s\u0142upk\u00f3w o \u015brednicy 4\\\".\",\"breadcrumb\":{\"@id\":\"https:\/\/presfab.ca\/pl\/podstawa-ogranicznika\/#breadcrumb\"},\"inLanguage\":\"pl-PL\",\"potentialAction\":[{\"@type\":\"ReadAction\",\"target\":[\"https:\/\/presfab.ca\/pl\/podstawa-ogranicznika\/\"]}]},{\"@type\":\"ImageObject\",\"inLanguage\":\"pl-PL\",\"@id\":\"https:\/\/presfab.ca\/pl\/podstawa-ogranicznika\/#primaryimage\",\"url\":\"https:\/\/presfab.ca\/wp-content\/uploads\/2024\/10\/speedhump.png\",\"contentUrl\":\"https:\/\/presfab.ca\/wp-content\/uploads\/2024\/10\/speedhump.png\"},{\"@type\":\"BreadcrumbList\",\"@id\":\"https:\/\/presfab.ca\/pl\/podstawa-ogranicznika\/#breadcrumb\",\"itemListElement\":[{\"@type\":\"ListItem\",\"position\":1,\"name\":\"Home\",\"item\":\"https:\/\/presfab.ca\/pl\/\"},{\"@type\":\"ListItem\",\"position\":2,\"name\":\"Podstawa ogranicznika\"}]},{\"@type\":\"WebSite\",\"@id\":\"https:\/\/presfab.ca\/pl\/#website\",\"url\":\"https:\/\/presfab.ca\/pl\/\",\"name\":\"PRESFAB HIGHWAY\",\"description\":\"Manhole Riser Rings, Delineator Bases, Channelizer Bases, Sign bases and more!\",\"publisher\":{\"@id\":\"https:\/\/presfab.ca\/pl\/#organization\"},\"potentialAction\":[{\"@type\":\"SearchAction\",\"target\":{\"@type\":\"EntryPoint\",\"urlTemplate\":\"https:\/\/presfab.ca\/pl\/?s={search_term_string}\"},\"query-input\":{\"@type\":\"PropertyValueSpecification\",\"valueRequired\":true,\"valueName\":\"search_term_string\"}}],\"inLanguage\":\"pl-PL\"},{\"@type\":\"Organization\",\"@id\":\"https:\/\/presfab.ca\/pl\/#organization\",\"name\":\"PRESFAB HIGHWAY\",\"url\":\"https:\/\/presfab.ca\/pl\/\",\"logo\":{\"@type\":\"ImageObject\",\"inLanguage\":\"pl-PL\",\"@id\":\"https:\/\/presfab.ca\/pl\/#\/schema\/logo\/image\/\",\"url\":\"https:\/\/presfab.ca\/wp-content\/uploads\/2025\/01\/Asset-1ZoomOut.png\",\"contentUrl\":\"https:\/\/presfab.ca\/wp-content\/uploads\/2025\/01\/Asset-1ZoomOut.png\",\"width\":118,\"height\":46,\"caption\":\"PRESFAB HIGHWAY\"},\"image\":{\"@id\":\"https:\/\/presfab.ca\/pl\/#\/schema\/logo\/image\/\"},\"sameAs\":[\"https:\/\/www.facebook.com\/PresfabHighway\",\"https:\/\/x.com\/PresfabHighway\",\"https:\/\/www.linkedin.com\/company\/presfab-highway\/?viewAsMember=true\"],\"description\":\"Presfab Highway is a manufacturer of traffic safety products, and manhole and aquaduct grade riser rings. We make bases for Channelizer drums (TR& & TC54), Bases for RD-10 Delineator Posts, Temporary sign bases, speed bumps.\",\"email\":\"sales@presfab.ca\",\"telephone\":\"450-979-0007\"}]}<\/script>\n<!-- \/ Yoast SEO Premium plugin. -->","yoast_head_json":{"title":"MiniGrip\u2122 Delineator Post Base - PRESFAB HIGHWAY","description":"MiniGrip firmy Presfab Highway to idealna podstawa dla s\u0142upk\u00f3w Delineator. Jest przeznaczony do wszystkich RD-10 i s\u0142upk\u00f3w o \u015brednicy 4\".","robots":{"index":"index","follow":"follow","max-snippet":"max-snippet:-1","max-image-preview":"max-image-preview:large","max-video-preview":"max-video-preview:-1"},"canonical":"https:\/\/presfab.ca\/pl\/podstawa-ogranicznika\/","og_locale":"pl_PL","og_type":"article","og_title":"Podstawa s\u0142upka MiniGrip Delineator: Idealne rozwi\u0105zanie zapewniaj\u0105ce bezpiecze\u0144stwo i trwa\u0142o\u015b\u0107","og_description":"MiniGrip firmy Presfab Highway to idealna podstawa dla s\u0142upk\u00f3w Delineator. Jest przeznaczony do wszystkich RD-10 i s\u0142upk\u00f3w o \u015brednicy 4\".","og_url":"https:\/\/presfab.ca\/pl\/podstawa-ogranicznika\/","og_site_name":"PRESFAB HIGHWAY","article_publisher":"https:\/\/www.facebook.com\/PresfabHighway","article_modified_time":"2025-02-09T01:47:35+00:00","og_image":[{"width":593,"height":297,"url":"https:\/\/presfab.ca\/wp-content\/uploads\/2024\/10\/speedhump.png","type":"image\/png"}],"twitter_card":"summary_large_image","twitter_title":"Podstawa ogranicznika","twitter_site":"@PresfabHighway","twitter_misc":{"Szacowany czas czytania":"3 minuty"},"schema":{"@context":"https:\/\/schema.org","@graph":[{"@type":"WebPage","@id":"https:\/\/presfab.ca\/pl\/podstawa-ogranicznika\/","url":"https:\/\/presfab.ca\/pl\/podstawa-ogranicznika\/","name":"MiniGrip\u2122 Delineator Post Base - PRESFAB HIGHWAY","isPartOf":{"@id":"https:\/\/presfab.ca\/pl\/#website"},"primaryImageOfPage":{"@id":"https:\/\/presfab.ca\/pl\/podstawa-ogranicznika\/#primaryimage"},"image":{"@id":"https:\/\/presfab.ca\/pl\/podstawa-ogranicznika\/#primaryimage"},"thumbnailUrl":"https:\/\/presfab.ca\/wp-content\/uploads\/2024\/10\/speedhump.png","datePublished":"2025-01-26T19:44:44+00:00","dateModified":"2025-02-09T01:47:35+00:00","description":"MiniGrip firmy Presfab Highway to idealna podstawa dla s\u0142upk\u00f3w Delineator. Jest przeznaczony do wszystkich RD-10 i s\u0142upk\u00f3w o \u015brednicy 4\".","breadcrumb":{"@id":"https:\/\/presfab.ca\/pl\/podstawa-ogranicznika\/#breadcrumb"},"inLanguage":"pl-PL","potentialAction":[{"@type":"ReadAction","target":["https:\/\/presfab.ca\/pl\/podstawa-ogranicznika\/"]}]},{"@type":"ImageObject","inLanguage":"pl-PL","@id":"https:\/\/presfab.ca\/pl\/podstawa-ogranicznika\/#primaryimage","url":"https:\/\/presfab.ca\/wp-content\/uploads\/2024\/10\/speedhump.png","contentUrl":"https:\/\/presfab.ca\/wp-content\/uploads\/2024\/10\/speedhump.png"},{"@type":"BreadcrumbList","@id":"https:\/\/presfab.ca\/pl\/podstawa-ogranicznika\/#breadcrumb","itemListElement":[{"@type":"ListItem","position":1,"name":"Home","item":"https:\/\/presfab.ca\/pl\/"},{"@type":"ListItem","position":2,"name":"Podstawa ogranicznika"}]},{"@type":"WebSite","@id":"https:\/\/presfab.ca\/pl\/#website","url":"https:\/\/presfab.ca\/pl\/","name":"PRESFAB HIGHWAY","description":"Manhole Riser Rings, Delineator Bases, Channelizer Bases, Sign bases and more!","publisher":{"@id":"https:\/\/presfab.ca\/pl\/#organization"},"potentialAction":[{"@type":"SearchAction","target":{"@type":"EntryPoint","urlTemplate":"https:\/\/presfab.ca\/pl\/?s={search_term_string}"},"query-input":{"@type":"PropertyValueSpecification","valueRequired":true,"valueName":"search_term_string"}}],"inLanguage":"pl-PL"},{"@type":"Organization","@id":"https:\/\/presfab.ca\/pl\/#organization","name":"PRESFAB HIGHWAY","url":"https:\/\/presfab.ca\/pl\/","logo":{"@type":"ImageObject","inLanguage":"pl-PL","@id":"https:\/\/presfab.ca\/pl\/#\/schema\/logo\/image\/","url":"https:\/\/presfab.ca\/wp-content\/uploads\/2025\/01\/Asset-1ZoomOut.png","contentUrl":"https:\/\/presfab.ca\/wp-content\/uploads\/2025\/01\/Asset-1ZoomOut.png","width":118,"height":46,"caption":"PRESFAB HIGHWAY"},"image":{"@id":"https:\/\/presfab.ca\/pl\/#\/schema\/logo\/image\/"},"sameAs":["https:\/\/www.facebook.com\/PresfabHighway","https:\/\/x.com\/PresfabHighway","https:\/\/www.linkedin.com\/company\/presfab-highway\/?viewAsMember=true"],"description":"Presfab Highway is a manufacturer of traffic safety products, and manhole and aquaduct grade riser rings. We make bases for Channelizer drums (TR& & TC54), Bases for RD-10 Delineator Posts, Temporary sign bases, speed bumps.","email":"sales@presfab.ca","telephone":"450-979-0007"}]}},"jetpack_sharing_enabled":true,"_links":{"self":[{"href":"https:\/\/presfab.ca\/pl\/wp-json\/wp\/v2\/pages\/3348","targetHints":{"allow":["GET"]}}],"collection":[{"href":"https:\/\/presfab.ca\/pl\/wp-json\/wp\/v2\/pages"}],"about":[{"href":"https:\/\/presfab.ca\/pl\/wp-json\/wp\/v2\/types\/page"}],"author":[{"embeddable":true,"href":"https:\/\/presfab.ca\/pl\/wp-json\/wp\/v2\/users\/2"}],"replies":[{"embeddable":true,"href":"https:\/\/presfab.ca\/pl\/wp-json\/wp\/v2\/comments?post=3348"}],"version-history":[{"count":1,"href":"https:\/\/presfab.ca\/pl\/wp-json\/wp\/v2\/pages\/3348\/revisions"}],"predecessor-version":[{"id":3350,"href":"https:\/\/presfab.ca\/pl\/wp-json\/wp\/v2\/pages\/3348\/revisions\/3350"}],"wp:attachment":[{"href":"https:\/\/presfab.ca\/pl\/wp-json\/wp\/v2\/media?parent=3348"}],"curies":[{"name":"wp","href":"https:\/\/api.w.org\/{rel}","templated":true}]}}