{"id":3377,"date":"2025-01-26T19:38:46","date_gmt":"2025-01-26T19:38:46","guid":{"rendered":"https:\/\/presfab.ca\/easy-u-base-tymczasowa-podstawa-znaku\/"},"modified":"2025-02-09T01:47:44","modified_gmt":"2025-02-09T01:47:44","slug":"easy-u-base-tymczasowa-podstawa-znaku","status":"publish","type":"page","link":"https:\/\/presfab.ca\/pl\/easy-u-base-tymczasowa-podstawa-znaku\/","title":{"rendered":"Easy U-Base: Tymczasowa podstawa znaku"},"content":{"rendered":"\t\t<div data-elementor-type=\"wp-page\" data-elementor-id=\"3377\" class=\"elementor elementor-3377 elementor-1606\" data-elementor-post-type=\"page\">\n\t\t\t\t<div class=\"elementor-element elementor-element-e6fd683 e-flex e-con-boxed e-con e-parent\" data-id=\"e6fd683\" data-element_type=\"container\" data-settings=\"{&quot;ekit_has_onepagescroll_dot&quot;:&quot;yes&quot;}\">\n\t\t\t\t\t<div class=\"e-con-inner\">\n\t\t<div class=\"elementor-element elementor-element-917371f e-con-full e-flex e-con e-child\" data-id=\"917371f\" data-element_type=\"container\" data-settings=\"{&quot;ekit_has_onepagescroll_dot&quot;:&quot;yes&quot;}\">\n\t\t<div class=\"elementor-element elementor-element-ead842f e-con-full e-flex e-con e-child\" data-id=\"ead842f\" data-element_type=\"container\" data-settings=\"{&quot;ekit_has_onepagescroll_dot&quot;:&quot;yes&quot;}\">\n\t\t\t\t<div class=\"elementor-element elementor-element-85e7caf elementor-widget elementor-widget-image\" data-id=\"85e7caf\" data-element_type=\"widget\" data-settings=\"{&quot;ekit_we_effect_on&quot;:&quot;none&quot;}\" data-widget_type=\"image.default\">\n\t\t\t\t<div class=\"elementor-widget-container\">\n\t\t\t\t\t\t\t\t\t\t\t\t\t\t\t<img fetchpriority=\"high\" decoding=\"async\" width=\"593\" height=\"297\" src=\"https:\/\/presfab.ca\/wp-content\/uploads\/2024\/10\/easyubase-1.png\" class=\"attachment-full size-full wp-image-797\" alt=\"Rubber Temporary Sign U Shaped Sign Base\" srcset=\"https:\/\/presfab.ca\/wp-content\/uploads\/2024\/10\/easyubase-1.png 593w, https:\/\/presfab.ca\/wp-content\/uploads\/2024\/10\/easyubase-1-300x150.png 300w\" sizes=\"(max-width: 593px) 100vw, 593px\" \/>\t\t\t\t\t\t\t\t\t\t\t\t\t\t\t<\/div>\n\t\t\t\t<\/div>\n\t\t\t\t<div class=\"elementor-element elementor-element-1ea6bf4 elementor-widget elementor-widget-text-editor\" data-id=\"1ea6bf4\" data-element_type=\"widget\" data-settings=\"{&quot;ekit_we_effect_on&quot;:&quot;none&quot;}\" data-widget_type=\"text-editor.default\">\n\t\t\t\t<div class=\"elementor-widget-container\">\n\t\t\t\t\t\t\t\t\t<p><strong>Easy U-Base: Gumowa tymczasowa podstawa znaku budowlanego w kszta\u0142cie litery U<\/strong><\/p>\n<p><strong>Gumowa podstawa<\/strong> do <strong>tymczasowych znak\u00f3w<\/strong> <strong>drogowych<\/strong> <strong>w kszta\u0142cie litery U<\/strong> to idealny wyb\u00f3r, je\u015bli chodzi o zapewnienie bezpiecze\u0144stwa i stabilno\u015bci <strong>tymczasowych znak\u00f3w drogowych<\/strong>. Zaprojektowany, aby wytrzyma\u0107 trudne warunki, jest idealny do <strong>stref budowy<\/strong>, <strong>zamkni\u0119\u0107 dr\u00f3g<\/strong> i <strong>tymczasowego zarz\u0105dzania ruchem<\/strong>. <\/p>\n<p>Ta wytrzyma\u0142a podstawa zosta\u0142a wykonana z precyzj\u0105, aby zapewni\u0107 maksymaln\u0105 stabilno\u015b\u0107 znak\u00f3w, zapewniaj\u0105c bezpiecze\u0144stwo i wydajno\u015b\u0107 na drodze. Niezale\u017cnie od tego, czy zarz\u0105dzasz du\u017cym placem budowy, czy kr\u00f3tkoterminowym projektem drogowym, ta podstawa zapewnia niezawodno\u015b\u0107 i wygod\u0119, kt\u00f3rych potrzebujesz. <\/p>\n<h3><strong>Kluczowe cechy i korzy\u015bci<\/strong><\/h3>\n<ul>\n<li><strong>Ekologiczny materia\u0142:<\/strong> Wykonane w 100% z gumy pochodz\u0105cej z recyklingu, przyczyniaj\u0105 si\u0119 do zr\u00f3wnowa\u017conego rozwoju \u015brodowiska.<\/li>\n<li><strong>Brak koszt\u00f3w utrzymania:<\/strong> W przeciwie\u0144stwie do work\u00f3w z piaskiem, nie wymaga bie\u017c\u0105cej konserwacji ani wymiany, oszcz\u0119dzaj\u0105c czas i pieni\u0105dze.<\/li>\n<li><strong>Niskoprofilowa konstrukcja:<\/strong> Elegancka konstrukcja zwi\u0119ksza stabilno\u015b\u0107, minimalizuj\u0105c ryzyko przewr\u00f3cenia.<\/li>\n<li><strong>Mo\u017cliwo\u015b\u0107 sztaplowania dla \u0142atwego przechowywania:<\/strong> Wygodne uk\u0142adanie wielu podstaw w stos, aby zaoszcz\u0119dzi\u0107 miejsce, gdy nie s\u0105 u\u017cywane.<\/li>\n<li><strong>Konstrukcja przyjazna dla pojazd\u00f3w:<\/strong> \u0141agodna dla pojazd\u00f3w przeje\u017cd\u017caj\u0105cych w pobli\u017cu podstawy, zmniejszaj\u0105ca ryzyko uszkodze\u0144.<\/li>\n<li><strong>Ergonomiczna obs\u0142uga:<\/strong> Trzy wbudowane uchwyty sprawiaj\u0105, \u017ce transport i konfiguracja s\u0105 proste i wydajne.<\/li>\n<li><strong>Built to Last:<\/strong>\n<ul>\n<li><strong>Odporno\u015b\u0107 na uderzenia:<\/strong> wytrzymuje intensywne u\u017cytkowanie i trudne warunki.<\/li>\n<li><strong>Odporno\u015b\u0107 na warunki atmosferyczne:<\/strong> Odporny na promienie UV, zmiany temperatury i z\u0142e warunki pogodowe.<\/li>\n<\/ul>\n<\/li>\n<li><strong>Wst\u0119pnie nawiercone otwory:<\/strong> Gotowe na \u015bruby z blachy stalowej, je\u015bli wymagane jest dodatkowe zakotwienie.<\/li>\n<\/ul>\n<div> <\/div>\n<h3><strong>Dost\u0119pne rozmiary<\/strong><\/h3>\n<p>Wybierz odpowiedni\u0105 wag\u0119 dla swojego zastosowania: <strong>30 lbs lub 50 lbs<\/strong>.<\/p>\n<hr>\n<h3><strong>Jak wypada gumowa podstawa w kszta\u0142cie litery U?<\/strong><\/h3>\n<p><strong>Gumowa podstawa znaku budowlanego w kszta\u0142cie litery<\/strong> U przewy\u017csza tradycyjne worki z piaskiem i inne tymczasowe rozwi\u0105zania pod ka\u017cdym wzgl\u0119dem. Jego trwa\u0142a konstrukcja eliminuje potrzeb\u0119 wymiany, a niskoprofilowa podstawa zapewnia zwi\u0119kszon\u0105 stabilno\u015b\u0107 nawet w wietrznych warunkach. W przeciwie\u0144stwie do work\u00f3w z piaskiem, nie rozsypuje si\u0119 ani nie degraduje z up\u0142ywem czasu, co czyni go op\u0142acaln\u0105 i przyjazn\u0105 dla \u015brodowiska alternatyw\u0105.  <\/p>\n<p>Je\u015bli szukasz porad dotycz\u0105cych instalacji lub wskaz\u00f3wek dotycz\u0105cych wyboru odpowiedniego oznakowania tymczasowego, zapoznaj si\u0119 z wytycznymi <a href=\"https:\/\/www.fhwa.dot.gov\/\" target=\"_new\" rel=\"noopener\">FHWA dotycz\u0105cymi tymczasowej kontroli ruchu<\/a>, aby uzyska\u0107 zalecenia ekspert\u00f3w. Pomo\u017ce to zapewni\u0107 zgodno\u015b\u0107 i bezpiecze\u0144stwo wszystkich projekt\u00f3w drogowych. <\/p>\n<h3><strong>Zastosowania gumowej podstawy w kszta\u0142cie litery U<\/strong><\/h3>\n<ul>\n<li>Tymczasowe znaki budowlane dla autostrad i ulic.<\/li>\n<li>Oznakowanie objazd\u00f3w i zamkni\u0119\u0107 dr\u00f3g.<\/li>\n<li>Oznakowanie bezpiecze\u0144stwa dla wydarze\u0144 i stref rob\u00f3t drogowych.<\/li>\n<\/ul>\n<hr>\n<p>Ulepsz swoj\u0105 konfiguracj\u0119 bezpiecze\u0144stwa drogowego ju\u017c dzi\u015b dzi\u0119ki niezawodnej i trwa\u0142ej <strong>gumowej tymczasowej podstawie znaku budowlanego w kszta\u0142cie litery U<\/strong>. Jest to rozwi\u0105zanie, kt\u00f3remu mo\u017cna zaufa\u0107, aby zapewni\u0107 stabilno\u015b\u0107, bezpiecze\u0144stwo i \u0142atwo\u015b\u0107 u\u017cytkowania dla wszystkich potrzeb zwi\u0105zanych z tymczasowym oznakowaniem. <\/p>\n\t\t\t\t\t\t\t\t<\/div>\n\t\t\t\t<\/div>\n\t\t\t\t<\/div>\n\t\t<div class=\"elementor-element elementor-element-17573cd e-con-full e-flex e-con e-child\" data-id=\"17573cd\" data-element_type=\"container\" data-settings=\"{&quot;ekit_has_onepagescroll_dot&quot;:&quot;yes&quot;}\">\n\t\t\t\t<div class=\"elementor-element elementor-element-6a7e963 elementor-align-justify elementor-widget elementor-widget-button\" data-id=\"6a7e963\" data-element_type=\"widget\" data-settings=\"{&quot;ekit_we_effect_on&quot;:&quot;none&quot;}\" data-widget_type=\"button.default\">\n\t\t\t\t<div class=\"elementor-widget-container\">\n\t\t\t\t\t\t\t\t\t<div class=\"elementor-button-wrapper\">\n\t\t\t\t\t<a class=\"elementor-button elementor-button-link elementor-size-sm\" href=\"https:\/\/presfab.ca\/wp-content\/uploads\/2024\/10\/EasyUBase.pdf\">\n\t\t\t\t\t\t<span class=\"elementor-button-content-wrapper\">\n\t\t\t\t\t\t\t\t\t<span class=\"elementor-button-text\">Wydrukuj nasz\u0105 broszur\u0119<\/span>\n\t\t\t\t\t<\/span>\n\t\t\t\t\t<\/a>\n\t\t\t\t<\/div>\n\t\t\t\t\t\t\t\t<\/div>\n\t\t\t\t<\/div>\n\t\t\t\t<div class=\"elementor-element elementor-element-b3ff4c2 elementor-align-justify elementor-widget elementor-widget-button\" data-id=\"b3ff4c2\" data-element_type=\"widget\" data-settings=\"{&quot;ekit_we_effect_on&quot;:&quot;none&quot;}\" data-widget_type=\"button.default\">\n\t\t\t\t<div class=\"elementor-widget-container\">\n\t\t\t\t\t\t\t\t\t<div class=\"elementor-button-wrapper\">\n\t\t\t\t\t<a class=\"elementor-button elementor-button-link elementor-size-sm\" href=\"https:\/\/presfab.ca\/pl\/kontakt\/\">\n\t\t\t\t\t\t<span class=\"elementor-button-content-wrapper\">\n\t\t\t\t\t\t\t\t\t<span class=\"elementor-button-text\">Uzyskaj wycen\u0119<\/span>\n\t\t\t\t\t<\/span>\n\t\t\t\t\t<\/a>\n\t\t\t\t<\/div>\n\t\t\t\t\t\t\t\t<\/div>\n\t\t\t\t<\/div>\n\t\t\t\t<\/div>\n\t\t\t\t<\/div>\n\t\t\t\t\t<\/div>\n\t\t\t\t<\/div>\n\t\t\t\t<\/div>\n\t\t","protected":false},"excerpt":{"rendered":"<p>Easy U-Base: Gumowa tymczasowa podstawa znaku budowlanego w kszta\u0142cie litery U Gumowa podstawa do tymczasowych znak\u00f3w drogowych w kszta\u0142cie litery U to idealny wyb\u00f3r, je\u015bli chodzi o zapewnienie bezpiecze\u0144stwa i stabilno\u015bci tymczasowych znak\u00f3w drogowych. Zaprojektowany, aby wytrzyma\u0107 trudne warunki, jest idealny do stref budowy, zamkni\u0119\u0107 dr\u00f3g i tymczasowego zarz\u0105dzania ruchem. Ta wytrzyma\u0142a podstawa zosta\u0142a wykonana [&hellip;]<\/p>\n","protected":false},"author":2,"featured_media":0,"parent":0,"menu_order":0,"comment_status":"closed","ping_status":"closed","template":"","meta":{"content-type":"","footnotes":""},"class_list":["post-3377","page","type-page","status-publish","hentry"],"yoast_head":"<!-- This site is optimized with the Yoast SEO Premium plugin v24.3 (Yoast SEO v24.3) - https:\/\/yoast.com\/wordpress\/plugins\/seo\/ -->\n<title>Gumowe podstawy tymczasowych znak\u00f3w drogowych - PRESFAB HIGHWAY<\/title>\n<meta name=\"description\" content=\"Easy U-Base: Trwa\u0142a i przyjazna dla \u015brodowiska gumowa tymczasowa podstawa znaku budowlanego w kszta\u0142cie litery U. Idealna do tymczasowych znak\u00f3w drogowych, oferuje doskona\u0142\u0105 stabilno\u015b\u0107, odporno\u015b\u0107 na uderzenia i odporno\u015b\u0107 na warunki atmosferyczne. Dost\u0119pne w wersjach 30 lbs i 50 lbs. Skontaktuj si\u0119 z nami, aby uzyska\u0107 trwa\u0142e produkty do zarz\u0105dzania ruchem!\" \/>\n<meta name=\"robots\" content=\"index, follow, max-snippet:-1, max-image-preview:large, max-video-preview:-1\" \/>\n<link rel=\"canonical\" href=\"https:\/\/presfab.ca\/pl\/easy-u-base-tymczasowa-podstawa-znaku\/\" \/>\n<meta property=\"og:locale\" content=\"pl_PL\" \/>\n<meta property=\"og:type\" content=\"article\" \/>\n<meta property=\"og:title\" content=\"Easy U-Base: Tymczasowa podstawa znaku\" \/>\n<meta property=\"og:description\" content=\"Easy U-Base: Trwa\u0142a i przyjazna dla \u015brodowiska gumowa tymczasowa podstawa znaku budowlanego w kszta\u0142cie litery U. Idealna do tymczasowych znak\u00f3w drogowych, oferuje doskona\u0142\u0105 stabilno\u015b\u0107, odporno\u015b\u0107 na uderzenia i odporno\u015b\u0107 na warunki atmosferyczne. Dost\u0119pne w wersjach 30 lbs i 50 lbs. Skontaktuj si\u0119 z nami, aby uzyska\u0107 trwa\u0142e produkty do zarz\u0105dzania ruchem!\" \/>\n<meta property=\"og:url\" content=\"https:\/\/presfab.ca\/pl\/easy-u-base-tymczasowa-podstawa-znaku\/\" \/>\n<meta property=\"og:site_name\" content=\"PRESFAB HIGHWAY\" \/>\n<meta property=\"article:publisher\" content=\"https:\/\/www.facebook.com\/PresfabHighway\" \/>\n<meta property=\"article:modified_time\" content=\"2025-02-09T01:47:44+00:00\" \/>\n<meta property=\"og:image\" content=\"https:\/\/presfab.ca\/wp-content\/uploads\/2024\/10\/easyubase-1.png\" \/>\n\t<meta property=\"og:image:width\" content=\"593\" \/>\n\t<meta property=\"og:image:height\" content=\"297\" \/>\n\t<meta property=\"og:image:type\" content=\"image\/png\" \/>\n<meta name=\"twitter:card\" content=\"summary_large_image\" \/>\n<meta name=\"twitter:site\" content=\"@PresfabHighway\" \/>\n<meta name=\"twitter:label1\" content=\"Szacowany czas czytania\" \/>\n\t<meta name=\"twitter:data1\" content=\"2 minuty\" \/>\n<script type=\"application\/ld+json\" class=\"yoast-schema-graph\">{\"@context\":\"https:\/\/schema.org\",\"@graph\":[{\"@type\":\"WebPage\",\"@id\":\"https:\/\/presfab.ca\/pl\/easy-u-base-tymczasowa-podstawa-znaku\/\",\"url\":\"https:\/\/presfab.ca\/pl\/easy-u-base-tymczasowa-podstawa-znaku\/\",\"name\":\"Gumowe podstawy tymczasowych znak\u00f3w drogowych - PRESFAB HIGHWAY\",\"isPartOf\":{\"@id\":\"https:\/\/presfab.ca\/pl\/#website\"},\"primaryImageOfPage\":{\"@id\":\"https:\/\/presfab.ca\/pl\/easy-u-base-tymczasowa-podstawa-znaku\/#primaryimage\"},\"image\":{\"@id\":\"https:\/\/presfab.ca\/pl\/easy-u-base-tymczasowa-podstawa-znaku\/#primaryimage\"},\"thumbnailUrl\":\"https:\/\/presfab.ca\/wp-content\/uploads\/2024\/10\/easyubase-1.png\",\"datePublished\":\"2025-01-26T19:38:46+00:00\",\"dateModified\":\"2025-02-09T01:47:44+00:00\",\"description\":\"Easy U-Base: Trwa\u0142a i przyjazna dla \u015brodowiska gumowa tymczasowa podstawa znaku budowlanego w kszta\u0142cie litery U. Idealna do tymczasowych znak\u00f3w drogowych, oferuje doskona\u0142\u0105 stabilno\u015b\u0107, odporno\u015b\u0107 na uderzenia i odporno\u015b\u0107 na warunki atmosferyczne. Dost\u0119pne w wersjach 30 lbs i 50 lbs. Skontaktuj si\u0119 z nami, aby uzyska\u0107 trwa\u0142e produkty do zarz\u0105dzania ruchem!\",\"breadcrumb\":{\"@id\":\"https:\/\/presfab.ca\/pl\/easy-u-base-tymczasowa-podstawa-znaku\/#breadcrumb\"},\"inLanguage\":\"pl-PL\",\"potentialAction\":[{\"@type\":\"ReadAction\",\"target\":[\"https:\/\/presfab.ca\/pl\/easy-u-base-tymczasowa-podstawa-znaku\/\"]}]},{\"@type\":\"ImageObject\",\"inLanguage\":\"pl-PL\",\"@id\":\"https:\/\/presfab.ca\/pl\/easy-u-base-tymczasowa-podstawa-znaku\/#primaryimage\",\"url\":\"https:\/\/presfab.ca\/wp-content\/uploads\/2024\/10\/easyubase-1.png\",\"contentUrl\":\"https:\/\/presfab.ca\/wp-content\/uploads\/2024\/10\/easyubase-1.png\"},{\"@type\":\"BreadcrumbList\",\"@id\":\"https:\/\/presfab.ca\/pl\/easy-u-base-tymczasowa-podstawa-znaku\/#breadcrumb\",\"itemListElement\":[{\"@type\":\"ListItem\",\"position\":1,\"name\":\"Home\",\"item\":\"https:\/\/presfab.ca\/pl\/\"},{\"@type\":\"ListItem\",\"position\":2,\"name\":\"Easy U-Base: Tymczasowa podstawa znaku\"}]},{\"@type\":\"WebSite\",\"@id\":\"https:\/\/presfab.ca\/pl\/#website\",\"url\":\"https:\/\/presfab.ca\/pl\/\",\"name\":\"PRESFAB HIGHWAY\",\"description\":\"Manhole Riser Rings, Delineator Bases, Channelizer Bases, Sign bases and more!\",\"publisher\":{\"@id\":\"https:\/\/presfab.ca\/pl\/#organization\"},\"potentialAction\":[{\"@type\":\"SearchAction\",\"target\":{\"@type\":\"EntryPoint\",\"urlTemplate\":\"https:\/\/presfab.ca\/pl\/?s={search_term_string}\"},\"query-input\":{\"@type\":\"PropertyValueSpecification\",\"valueRequired\":true,\"valueName\":\"search_term_string\"}}],\"inLanguage\":\"pl-PL\"},{\"@type\":\"Organization\",\"@id\":\"https:\/\/presfab.ca\/pl\/#organization\",\"name\":\"PRESFAB HIGHWAY\",\"url\":\"https:\/\/presfab.ca\/pl\/\",\"logo\":{\"@type\":\"ImageObject\",\"inLanguage\":\"pl-PL\",\"@id\":\"https:\/\/presfab.ca\/pl\/#\/schema\/logo\/image\/\",\"url\":\"https:\/\/presfab.ca\/wp-content\/uploads\/2025\/01\/Asset-1ZoomOut.png\",\"contentUrl\":\"https:\/\/presfab.ca\/wp-content\/uploads\/2025\/01\/Asset-1ZoomOut.png\",\"width\":118,\"height\":46,\"caption\":\"PRESFAB HIGHWAY\"},\"image\":{\"@id\":\"https:\/\/presfab.ca\/pl\/#\/schema\/logo\/image\/\"},\"sameAs\":[\"https:\/\/www.facebook.com\/PresfabHighway\",\"https:\/\/x.com\/PresfabHighway\",\"https:\/\/www.linkedin.com\/company\/presfab-highway\/?viewAsMember=true\"],\"description\":\"Presfab Highway is a manufacturer of traffic safety products, and manhole and aquaduct grade riser rings. We make bases for Channelizer drums (TR& & TC54), Bases for RD-10 Delineator Posts, Temporary sign bases, speed bumps.\",\"email\":\"sales@presfab.ca\",\"telephone\":\"450-979-0007\"}]}<\/script>\n<!-- \/ Yoast SEO Premium plugin. -->","yoast_head_json":{"title":"Gumowe podstawy tymczasowych znak\u00f3w drogowych - PRESFAB HIGHWAY","description":"Easy U-Base: Trwa\u0142a i przyjazna dla \u015brodowiska gumowa tymczasowa podstawa znaku budowlanego w kszta\u0142cie litery U. Idealna do tymczasowych znak\u00f3w drogowych, oferuje doskona\u0142\u0105 stabilno\u015b\u0107, odporno\u015b\u0107 na uderzenia i odporno\u015b\u0107 na warunki atmosferyczne. Dost\u0119pne w wersjach 30 lbs i 50 lbs. Skontaktuj si\u0119 z nami, aby uzyska\u0107 trwa\u0142e produkty do zarz\u0105dzania ruchem!","robots":{"index":"index","follow":"follow","max-snippet":"max-snippet:-1","max-image-preview":"max-image-preview:large","max-video-preview":"max-video-preview:-1"},"canonical":"https:\/\/presfab.ca\/pl\/easy-u-base-tymczasowa-podstawa-znaku\/","og_locale":"pl_PL","og_type":"article","og_title":"Easy U-Base: Tymczasowa podstawa znaku","og_description":"Easy U-Base: Trwa\u0142a i przyjazna dla \u015brodowiska gumowa tymczasowa podstawa znaku budowlanego w kszta\u0142cie litery U. Idealna do tymczasowych znak\u00f3w drogowych, oferuje doskona\u0142\u0105 stabilno\u015b\u0107, odporno\u015b\u0107 na uderzenia i odporno\u015b\u0107 na warunki atmosferyczne. Dost\u0119pne w wersjach 30 lbs i 50 lbs. Skontaktuj si\u0119 z nami, aby uzyska\u0107 trwa\u0142e produkty do zarz\u0105dzania ruchem!","og_url":"https:\/\/presfab.ca\/pl\/easy-u-base-tymczasowa-podstawa-znaku\/","og_site_name":"PRESFAB HIGHWAY","article_publisher":"https:\/\/www.facebook.com\/PresfabHighway","article_modified_time":"2025-02-09T01:47:44+00:00","og_image":[{"width":593,"height":297,"url":"https:\/\/presfab.ca\/wp-content\/uploads\/2024\/10\/easyubase-1.png","type":"image\/png"}],"twitter_card":"summary_large_image","twitter_site":"@PresfabHighway","twitter_misc":{"Szacowany czas czytania":"2 minuty"},"schema":{"@context":"https:\/\/schema.org","@graph":[{"@type":"WebPage","@id":"https:\/\/presfab.ca\/pl\/easy-u-base-tymczasowa-podstawa-znaku\/","url":"https:\/\/presfab.ca\/pl\/easy-u-base-tymczasowa-podstawa-znaku\/","name":"Gumowe podstawy tymczasowych znak\u00f3w drogowych - PRESFAB HIGHWAY","isPartOf":{"@id":"https:\/\/presfab.ca\/pl\/#website"},"primaryImageOfPage":{"@id":"https:\/\/presfab.ca\/pl\/easy-u-base-tymczasowa-podstawa-znaku\/#primaryimage"},"image":{"@id":"https:\/\/presfab.ca\/pl\/easy-u-base-tymczasowa-podstawa-znaku\/#primaryimage"},"thumbnailUrl":"https:\/\/presfab.ca\/wp-content\/uploads\/2024\/10\/easyubase-1.png","datePublished":"2025-01-26T19:38:46+00:00","dateModified":"2025-02-09T01:47:44+00:00","description":"Easy U-Base: Trwa\u0142a i przyjazna dla \u015brodowiska gumowa tymczasowa podstawa znaku budowlanego w kszta\u0142cie litery U. Idealna do tymczasowych znak\u00f3w drogowych, oferuje doskona\u0142\u0105 stabilno\u015b\u0107, odporno\u015b\u0107 na uderzenia i odporno\u015b\u0107 na warunki atmosferyczne. Dost\u0119pne w wersjach 30 lbs i 50 lbs. Skontaktuj si\u0119 z nami, aby uzyska\u0107 trwa\u0142e produkty do zarz\u0105dzania ruchem!","breadcrumb":{"@id":"https:\/\/presfab.ca\/pl\/easy-u-base-tymczasowa-podstawa-znaku\/#breadcrumb"},"inLanguage":"pl-PL","potentialAction":[{"@type":"ReadAction","target":["https:\/\/presfab.ca\/pl\/easy-u-base-tymczasowa-podstawa-znaku\/"]}]},{"@type":"ImageObject","inLanguage":"pl-PL","@id":"https:\/\/presfab.ca\/pl\/easy-u-base-tymczasowa-podstawa-znaku\/#primaryimage","url":"https:\/\/presfab.ca\/wp-content\/uploads\/2024\/10\/easyubase-1.png","contentUrl":"https:\/\/presfab.ca\/wp-content\/uploads\/2024\/10\/easyubase-1.png"},{"@type":"BreadcrumbList","@id":"https:\/\/presfab.ca\/pl\/easy-u-base-tymczasowa-podstawa-znaku\/#breadcrumb","itemListElement":[{"@type":"ListItem","position":1,"name":"Home","item":"https:\/\/presfab.ca\/pl\/"},{"@type":"ListItem","position":2,"name":"Easy U-Base: Tymczasowa podstawa znaku"}]},{"@type":"WebSite","@id":"https:\/\/presfab.ca\/pl\/#website","url":"https:\/\/presfab.ca\/pl\/","name":"PRESFAB HIGHWAY","description":"Manhole Riser Rings, Delineator Bases, Channelizer Bases, Sign bases and more!","publisher":{"@id":"https:\/\/presfab.ca\/pl\/#organization"},"potentialAction":[{"@type":"SearchAction","target":{"@type":"EntryPoint","urlTemplate":"https:\/\/presfab.ca\/pl\/?s={search_term_string}"},"query-input":{"@type":"PropertyValueSpecification","valueRequired":true,"valueName":"search_term_string"}}],"inLanguage":"pl-PL"},{"@type":"Organization","@id":"https:\/\/presfab.ca\/pl\/#organization","name":"PRESFAB HIGHWAY","url":"https:\/\/presfab.ca\/pl\/","logo":{"@type":"ImageObject","inLanguage":"pl-PL","@id":"https:\/\/presfab.ca\/pl\/#\/schema\/logo\/image\/","url":"https:\/\/presfab.ca\/wp-content\/uploads\/2025\/01\/Asset-1ZoomOut.png","contentUrl":"https:\/\/presfab.ca\/wp-content\/uploads\/2025\/01\/Asset-1ZoomOut.png","width":118,"height":46,"caption":"PRESFAB HIGHWAY"},"image":{"@id":"https:\/\/presfab.ca\/pl\/#\/schema\/logo\/image\/"},"sameAs":["https:\/\/www.facebook.com\/PresfabHighway","https:\/\/x.com\/PresfabHighway","https:\/\/www.linkedin.com\/company\/presfab-highway\/?viewAsMember=true"],"description":"Presfab Highway is a manufacturer of traffic safety products, and manhole and aquaduct grade riser rings. We make bases for Channelizer drums (TR& & TC54), Bases for RD-10 Delineator Posts, Temporary sign bases, speed bumps.","email":"sales@presfab.ca","telephone":"450-979-0007"}]}},"jetpack_sharing_enabled":true,"_links":{"self":[{"href":"https:\/\/presfab.ca\/pl\/wp-json\/wp\/v2\/pages\/3377","targetHints":{"allow":["GET"]}}],"collection":[{"href":"https:\/\/presfab.ca\/pl\/wp-json\/wp\/v2\/pages"}],"about":[{"href":"https:\/\/presfab.ca\/pl\/wp-json\/wp\/v2\/types\/page"}],"author":[{"embeddable":true,"href":"https:\/\/presfab.ca\/pl\/wp-json\/wp\/v2\/users\/2"}],"replies":[{"embeddable":true,"href":"https:\/\/presfab.ca\/pl\/wp-json\/wp\/v2\/comments?post=3377"}],"version-history":[{"count":1,"href":"https:\/\/presfab.ca\/pl\/wp-json\/wp\/v2\/pages\/3377\/revisions"}],"predecessor-version":[{"id":3380,"href":"https:\/\/presfab.ca\/pl\/wp-json\/wp\/v2\/pages\/3377\/revisions\/3380"}],"wp:attachment":[{"href":"https:\/\/presfab.ca\/pl\/wp-json\/wp\/v2\/media?parent=3377"}],"curies":[{"name":"wp","href":"https:\/\/api.w.org\/{rel}","templated":true}]}}