{"id":3378,"date":"2025-01-26T19:40:45","date_gmt":"2025-01-26T19:40:45","guid":{"rendered":"https:\/\/presfab.ca\/podstawa-kanalizatora\/"},"modified":"2025-08-06T00:54:47","modified_gmt":"2025-08-06T00:54:47","slug":"podstawa-kanalizatora","status":"publish","type":"page","link":"https:\/\/presfab.ca\/pl\/podstawa-kanalizatora\/","title":{"rendered":"Podstawa kanalizatora"},"content":{"rendered":"\t\t<div data-elementor-type=\"wp-page\" data-elementor-id=\"3378\" class=\"elementor elementor-3378 elementor-1612\" data-elementor-post-type=\"page\">\n\t\t\t\t<div class=\"elementor-element elementor-element-a157cda e-flex e-con-boxed e-con e-parent\" data-id=\"a157cda\" data-element_type=\"container\" data-settings=\"{&quot;ekit_has_onepagescroll_dot&quot;:&quot;yes&quot;}\">\n\t\t\t\t\t<div class=\"e-con-inner\">\n\t\t<div class=\"elementor-element elementor-element-b84231e e-con-full e-flex e-con e-child\" data-id=\"b84231e\" data-element_type=\"container\" data-settings=\"{&quot;ekit_has_onepagescroll_dot&quot;:&quot;yes&quot;}\">\n\t\t<div class=\"elementor-element elementor-element-f34017d e-con-full e-flex e-con e-child\" data-id=\"f34017d\" data-element_type=\"container\" data-settings=\"{&quot;ekit_has_onepagescroll_dot&quot;:&quot;yes&quot;}\">\n\t\t\t\t<div class=\"elementor-element elementor-element-e2c0af8 elementor-widget elementor-widget-shortcode\" data-id=\"e2c0af8\" data-element_type=\"widget\" data-settings=\"{&quot;ekit_we_effect_on&quot;:&quot;none&quot;}\" data-widget_type=\"shortcode.default\">\n\t\t\t\t<div class=\"elementor-widget-container\">\n\t\t\t\t\t\t\t<div class=\"elementor-shortcode\">\n        <div class=\"modelViewerBlock\" data-attributes='{&quot;align&quot;:&quot;center&quot;,&quot;uniqueId&quot;:&quot;model3597&quot;,&quot;currentViewer&quot;:&quot;modelViewer&quot;,&quot;multiple&quot;:false,&quot;model&quot;:{&quot;modelUrl&quot;:&quot;https:\\\/\\\/presfab.ca\\\/wp-content\\\/uploads\\\/2025\\\/08\\\/ImageToStl.com_Hexagon28inPresfab-v3.glb&quot;,&quot;poster&quot;:&quot;&quot;},&quot;O3DVSettings&quot;:{&quot;isFullscreen&quot;:true,&quot;isPagination&quot;:false,&quot;isNavigation&quot;:true,&quot;camera&quot;:null,&quot;mouseControl&quot;:true},&quot;models&quot;:[],&quot;lazyLoad&quot;:false,&quot;loading&quot;:&quot;auto&quot;,&quot;autoplay&quot;:false,&quot;shadow&quot;:true,&quot;autoRotate&quot;:false,&quot;zoom&quot;:true,&quot;isPagination&quot;:false,&quot;isNavigation&quot;:true,&quot;preload&quot;:&quot;auto&quot;,&quot;rotationPerSecond&quot;:&quot;30&quot;,&quot;mouseControl&quot;:true,&quot;fullscreen&quot;:true,&quot;variant&quot;:false,&quot;loadingPercentage&quot;:false,&quot;progressBar&quot;:true,&quot;rotate&quot;:false,&quot;rotateAlongX&quot;:&quot;0&quot;,&quot;rotateAlongY&quot;:&quot;75&quot;,&quot;exposure&quot;:&quot;1&quot;,&quot;styles&quot;:{&quot;width&quot;:&quot;100%&quot;,&quot;height&quot;:&quot;400px&quot;,&quot;bgColor&quot;:&quot;transparent&quot;,&quot;progressBarColor&quot;:&quot;&quot;},&quot;stylesheet&quot;:null,&quot;additional&quot;:{&quot;ID&quot;:&quot;&quot;,&quot;Class&quot;:&quot;&quot;,&quot;CSS&quot;:&quot;&quot;},&quot;animation&quot;:false,&quot;woo&quot;:false,&quot;selectedAnimation&quot;:&quot;&quot;}'><\/div>\n\n        <\/div>\n\t\t\t\t\t\t<\/div>\n\t\t\t\t<\/div>\n\t\t\t\t<div class=\"elementor-element elementor-element-2a11639 elementor-widget elementor-widget-text-editor\" data-id=\"2a11639\" data-element_type=\"widget\" data-settings=\"{&quot;ekit_we_effect_on&quot;:&quot;none&quot;}\" data-widget_type=\"text-editor.default\">\n\t\t\t\t<div class=\"elementor-widget-container\">\n\t\t\t\t\t\t\t\t\t<p><strong>Gumowa podstawa b\u0119bna kanalizacyjnego Easy Grip Hex<\/strong><\/p>\n<p>Zapewnij stabilno\u015b\u0107 i trwa\u0142o\u015b\u0107 b\u0119bn\u00f3w sygnalizacyjnych dzi\u0119ki <strong>gumowej podstawie Easy Grip Hex\u2122<\/strong>. Zaprojektowana, aby idealnie pasowa\u0107 do <strong>b\u0119bn\u00f3w<\/strong> <strong>T-RV-7 (B54-Q)<\/strong>, <strong>T-RV-6 (B52-Q)<\/strong> i <strong>TC54<\/strong>, ta obci\u0105\u017cona podstawa zapewnia doskona\u0142\u0105 wydajno\u015b\u0107 w wymagaj\u0105cych zastosowaniach zwi\u0105zanych z kontrol\u0105 ruchu drogowego. <\/p>\n<h3><strong>Kluczowe cechy<\/strong><\/h3>\n<ul>\n<li><strong>Kauczuk pochodz\u0105cy w 100% z recyklingu:<\/strong> ekologiczne i zr\u00f3wnowa\u017cone rozwi\u0105zanie.<\/li>\n<li><strong>Kompatybilny z popularnymi b\u0119bnami:<\/strong> Dostosowany do modeli T-RV-7, T-RV-6 i TC54.<\/li>\n<li><strong>Odporno\u015b\u0107 na uderzenia:<\/strong> wytrzymuje kolizje bez uszczerbku dla funkcjonalno\u015bci.<\/li>\n<li><strong>Odporno\u015b\u0107 na warunki atmosferyczne:<\/strong> Odporno\u015b\u0107 na promienie UV, ekstremalne temperatury i trudne warunki pogodowe.<\/li>\n<li><strong>Wygodna konstrukcja:<\/strong>\n<ul>\n<li>Dwa ergonomiczne uchwyty u\u0142atwiaj\u0105 transport i instalacj\u0119.<\/li>\n<li>Mo\u017cliwo\u015b\u0107 sztaplowania dla efektywnego przechowywania.<\/li>\n<\/ul>\n<\/li>\n<li><strong>Op\u0142acalno\u015b\u0107:<\/strong> Nie wymaga konserwacji, w przeciwie\u0144stwie do tradycyjnych podstaw obr\u0119czy opon.<\/li>\n<\/ul>\n<h3><strong>Dost\u0119pne wagi<\/strong><\/h3>\n<p>Wybierz wag\u0119 odpowiedni\u0105 do swoich potrzeb: od <strong>20 do 30 funt\u00f3w<\/strong>.<\/p>\n<hr>\n<h3><strong>Dlaczego warto wybra\u0107 podstaw\u0119 Easy Grip Hex\u2122?<\/strong><\/h3>\n<p><strong>Gumowa podstawa kanalizatora Easy Grip Hex\u2122<\/strong> \u0142\u0105czy w sobie trwa\u0142o\u015b\u0107, \u0142atwo\u015b\u0107 u\u017cytkowania i odpowiedzialno\u015b\u0107 za \u015brodowisko. Jej wytrzyma\u0142a konstrukcja zapewnia, \u017ce b\u0119bny pozostan\u0105 bezpiecznie na swoim miejscu, nawet w trudnych warunkach pogodowych lub przy du\u017cym obci\u0105\u017ceniu. Dzi\u0119ki ergonomicznej konstrukcji, kt\u00f3r\u0105 mo\u017cna sztaplowa\u0107, jest \u0142atwa w przechowywaniu i transporcie, minimalizuj\u0105c przestoje w terenie.  <\/p>\n<p>Ulepsz swoj\u0105 konfiguracj\u0119 zarz\u0105dzania ruchem dzi\u0119ki niezawodnej i bezobs\u0142ugowej <strong>podstawie Easy Grip Hex\u2122<\/strong> ju\u017c dzi\u015b!<\/p>\n\t\t\t\t\t\t\t\t<\/div>\n\t\t\t\t<\/div>\n\t\t\t\t<\/div>\n\t\t\t\t<div class=\"elementor-element elementor-element-2b50f2f elementor-align-justify elementor-widget elementor-widget-button\" data-id=\"2b50f2f\" data-element_type=\"widget\" data-settings=\"{&quot;ekit_we_effect_on&quot;:&quot;none&quot;}\" data-widget_type=\"button.default\">\n\t\t\t\t<div class=\"elementor-widget-container\">\n\t\t\t\t\t\t\t\t\t<div class=\"elementor-button-wrapper\">\n\t\t\t\t\t<a class=\"elementor-button elementor-button-link elementor-size-sm\" href=\"https:\/\/presfab.ca\/pl\/kontakt\/\">\n\t\t\t\t\t\t<span class=\"elementor-button-content-wrapper\">\n\t\t\t\t\t\t\t\t\t<span class=\"elementor-button-text\">Uzyskaj wycen\u0119<\/span>\n\t\t\t\t\t<\/span>\n\t\t\t\t\t<\/a>\n\t\t\t\t<\/div>\n\t\t\t\t\t\t\t\t<\/div>\n\t\t\t\t<\/div>\n\t\t\t\t<\/div>\n\t\t\t\t\t<\/div>\n\t\t\t\t<\/div>\n\t\t\t\t<\/div>\n\t\t","protected":false},"excerpt":{"rendered":"<p>Gumowa podstawa b\u0119bna kanalizacyjnego Easy Grip Hex Zapewnij stabilno\u015b\u0107 i trwa\u0142o\u015b\u0107 b\u0119bn\u00f3w sygnalizacyjnych dzi\u0119ki gumowej podstawie Easy Grip Hex\u2122. Zaprojektowana, aby idealnie pasowa\u0107 do b\u0119bn\u00f3w T-RV-7 (B54-Q), T-RV-6 (B52-Q) i TC54, ta obci\u0105\u017cona podstawa zapewnia doskona\u0142\u0105 wydajno\u015b\u0107 w wymagaj\u0105cych zastosowaniach zwi\u0105zanych z kontrol\u0105 ruchu drogowego. Kluczowe cechy Kauczuk pochodz\u0105cy w 100% z recyklingu: ekologiczne i [&hellip;]<\/p>\n","protected":false},"author":2,"featured_media":0,"parent":0,"menu_order":0,"comment_status":"closed","ping_status":"closed","template":"","meta":{"content-type":"","footnotes":""},"class_list":["post-3378","page","type-page","status-publish","hentry"],"yoast_head":"<!-- This site is optimized with the Yoast SEO Premium plugin v24.3 (Yoast SEO v24.3) - https:\/\/yoast.com\/wordpress\/plugins\/seo\/ -->\n<title>Podstawa Channelizer dla b\u0119bn\u00f3w ulicznych: Stabilno\u015b\u0107 i trwa\u0142o\u015b\u0107 - PRESFAB HIGHWAY<\/title>\n<meta name=\"description\" content=\"Gumowa podstawa kanalizatora Easy Grip Hex\u2122 poprawia bezpiecze\u0144stwo ruchu drogowego. Wykonana w 100% z gumy pochodz\u0105cej z recyklingu, ta odporna na warunki atmosferyczne i uderzenia podstawa zapewnia doskona\u0142\u0105 wydajno\u015b\u0107.\" \/>\n<meta name=\"robots\" content=\"index, follow, max-snippet:-1, max-image-preview:large, max-video-preview:-1\" \/>\n<link rel=\"canonical\" href=\"https:\/\/presfab.ca\/pl\/podstawa-kanalizatora\/\" \/>\n<meta property=\"og:locale\" content=\"pl_PL\" \/>\n<meta property=\"og:type\" content=\"article\" \/>\n<meta property=\"og:title\" content=\"Podstawa kanalizatora\" \/>\n<meta property=\"og:description\" content=\"Gumowa podstawa kanalizatora Easy Grip Hex\u2122 poprawia bezpiecze\u0144stwo ruchu drogowego. Wykonana w 100% z gumy pochodz\u0105cej z recyklingu, ta odporna na warunki atmosferyczne i uderzenia podstawa zapewnia doskona\u0142\u0105 wydajno\u015b\u0107.\" \/>\n<meta property=\"og:url\" content=\"https:\/\/presfab.ca\/pl\/podstawa-kanalizatora\/\" \/>\n<meta property=\"og:site_name\" content=\"PRESFAB HIGHWAY\" \/>\n<meta property=\"article:publisher\" content=\"https:\/\/www.facebook.com\/PresfabHighway\" \/>\n<meta property=\"article:modified_time\" content=\"2025-08-06T00:54:47+00:00\" \/>\n<meta property=\"og:image\" content=\"https:\/\/presfab.ca\/wp-content\/uploads\/2025\/01\/Asset-1ZoomOut.png\" \/>\n\t<meta property=\"og:image:width\" content=\"118\" \/>\n\t<meta property=\"og:image:height\" content=\"46\" \/>\n\t<meta property=\"og:image:type\" content=\"image\/png\" \/>\n<meta name=\"twitter:card\" content=\"summary_large_image\" \/>\n<meta name=\"twitter:site\" content=\"@PresfabHighway\" \/>\n<meta name=\"twitter:label1\" content=\"Szacowany czas czytania\" \/>\n\t<meta name=\"twitter:data1\" content=\"1 minuta\" \/>\n<script type=\"application\/ld+json\" class=\"yoast-schema-graph\">{\"@context\":\"https:\/\/schema.org\",\"@graph\":[{\"@type\":\"WebPage\",\"@id\":\"https:\/\/presfab.ca\/pl\/podstawa-kanalizatora\/\",\"url\":\"https:\/\/presfab.ca\/pl\/podstawa-kanalizatora\/\",\"name\":\"Podstawa Channelizer dla b\u0119bn\u00f3w ulicznych: Stabilno\u015b\u0107 i trwa\u0142o\u015b\u0107 - PRESFAB HIGHWAY\",\"isPartOf\":{\"@id\":\"https:\/\/presfab.ca\/pl\/#website\"},\"datePublished\":\"2025-01-26T19:40:45+00:00\",\"dateModified\":\"2025-08-06T00:54:47+00:00\",\"description\":\"Gumowa podstawa kanalizatora Easy Grip Hex\u2122 poprawia bezpiecze\u0144stwo ruchu drogowego. Wykonana w 100% z gumy pochodz\u0105cej z recyklingu, ta odporna na warunki atmosferyczne i uderzenia podstawa zapewnia doskona\u0142\u0105 wydajno\u015b\u0107.\",\"breadcrumb\":{\"@id\":\"https:\/\/presfab.ca\/pl\/podstawa-kanalizatora\/#breadcrumb\"},\"inLanguage\":\"pl-PL\",\"potentialAction\":[{\"@type\":\"ReadAction\",\"target\":[\"https:\/\/presfab.ca\/pl\/podstawa-kanalizatora\/\"]}]},{\"@type\":\"BreadcrumbList\",\"@id\":\"https:\/\/presfab.ca\/pl\/podstawa-kanalizatora\/#breadcrumb\",\"itemListElement\":[{\"@type\":\"ListItem\",\"position\":1,\"name\":\"Home\",\"item\":\"https:\/\/presfab.ca\/pl\/\"},{\"@type\":\"ListItem\",\"position\":2,\"name\":\"Podstawa kanalizatora\"}]},{\"@type\":\"WebSite\",\"@id\":\"https:\/\/presfab.ca\/pl\/#website\",\"url\":\"https:\/\/presfab.ca\/pl\/\",\"name\":\"PRESFAB HIGHWAY\",\"description\":\"Manhole Riser Rings, Delineator Bases, Channelizer Bases, Sign bases and more!\",\"publisher\":{\"@id\":\"https:\/\/presfab.ca\/pl\/#organization\"},\"potentialAction\":[{\"@type\":\"SearchAction\",\"target\":{\"@type\":\"EntryPoint\",\"urlTemplate\":\"https:\/\/presfab.ca\/pl\/?s={search_term_string}\"},\"query-input\":{\"@type\":\"PropertyValueSpecification\",\"valueRequired\":true,\"valueName\":\"search_term_string\"}}],\"inLanguage\":\"pl-PL\"},{\"@type\":\"Organization\",\"@id\":\"https:\/\/presfab.ca\/pl\/#organization\",\"name\":\"PRESFAB HIGHWAY\",\"url\":\"https:\/\/presfab.ca\/pl\/\",\"logo\":{\"@type\":\"ImageObject\",\"inLanguage\":\"pl-PL\",\"@id\":\"https:\/\/presfab.ca\/pl\/#\/schema\/logo\/image\/\",\"url\":\"https:\/\/presfab.ca\/wp-content\/uploads\/2025\/01\/Asset-1ZoomOut.png\",\"contentUrl\":\"https:\/\/presfab.ca\/wp-content\/uploads\/2025\/01\/Asset-1ZoomOut.png\",\"width\":118,\"height\":46,\"caption\":\"PRESFAB HIGHWAY\"},\"image\":{\"@id\":\"https:\/\/presfab.ca\/pl\/#\/schema\/logo\/image\/\"},\"sameAs\":[\"https:\/\/www.facebook.com\/PresfabHighway\",\"https:\/\/x.com\/PresfabHighway\",\"https:\/\/www.linkedin.com\/company\/presfab-highway\/?viewAsMember=true\"],\"description\":\"Presfab Highway is a manufacturer of traffic safety products, and manhole and aquaduct grade riser rings. We make bases for Channelizer drums (TR& & TC54), Bases for RD-10 Delineator Posts, Temporary sign bases, speed bumps.\",\"email\":\"sales@presfab.ca\",\"telephone\":\"450-979-0007\"}]}<\/script>\n<!-- \/ Yoast SEO Premium plugin. -->","yoast_head_json":{"title":"Podstawa Channelizer dla b\u0119bn\u00f3w ulicznych: Stabilno\u015b\u0107 i trwa\u0142o\u015b\u0107 - PRESFAB HIGHWAY","description":"Gumowa podstawa kanalizatora Easy Grip Hex\u2122 poprawia bezpiecze\u0144stwo ruchu drogowego. Wykonana w 100% z gumy pochodz\u0105cej z recyklingu, ta odporna na warunki atmosferyczne i uderzenia podstawa zapewnia doskona\u0142\u0105 wydajno\u015b\u0107.","robots":{"index":"index","follow":"follow","max-snippet":"max-snippet:-1","max-image-preview":"max-image-preview:large","max-video-preview":"max-video-preview:-1"},"canonical":"https:\/\/presfab.ca\/pl\/podstawa-kanalizatora\/","og_locale":"pl_PL","og_type":"article","og_title":"Podstawa kanalizatora","og_description":"Gumowa podstawa kanalizatora Easy Grip Hex\u2122 poprawia bezpiecze\u0144stwo ruchu drogowego. Wykonana w 100% z gumy pochodz\u0105cej z recyklingu, ta odporna na warunki atmosferyczne i uderzenia podstawa zapewnia doskona\u0142\u0105 wydajno\u015b\u0107.","og_url":"https:\/\/presfab.ca\/pl\/podstawa-kanalizatora\/","og_site_name":"PRESFAB HIGHWAY","article_publisher":"https:\/\/www.facebook.com\/PresfabHighway","article_modified_time":"2025-08-06T00:54:47+00:00","og_image":[{"width":118,"height":46,"url":"https:\/\/presfab.ca\/wp-content\/uploads\/2025\/01\/Asset-1ZoomOut.png","type":"image\/png"}],"twitter_card":"summary_large_image","twitter_site":"@PresfabHighway","twitter_misc":{"Szacowany czas czytania":"1 minuta"},"schema":{"@context":"https:\/\/schema.org","@graph":[{"@type":"WebPage","@id":"https:\/\/presfab.ca\/pl\/podstawa-kanalizatora\/","url":"https:\/\/presfab.ca\/pl\/podstawa-kanalizatora\/","name":"Podstawa Channelizer dla b\u0119bn\u00f3w ulicznych: Stabilno\u015b\u0107 i trwa\u0142o\u015b\u0107 - PRESFAB HIGHWAY","isPartOf":{"@id":"https:\/\/presfab.ca\/pl\/#website"},"datePublished":"2025-01-26T19:40:45+00:00","dateModified":"2025-08-06T00:54:47+00:00","description":"Gumowa podstawa kanalizatora Easy Grip Hex\u2122 poprawia bezpiecze\u0144stwo ruchu drogowego. Wykonana w 100% z gumy pochodz\u0105cej z recyklingu, ta odporna na warunki atmosferyczne i uderzenia podstawa zapewnia doskona\u0142\u0105 wydajno\u015b\u0107.","breadcrumb":{"@id":"https:\/\/presfab.ca\/pl\/podstawa-kanalizatora\/#breadcrumb"},"inLanguage":"pl-PL","potentialAction":[{"@type":"ReadAction","target":["https:\/\/presfab.ca\/pl\/podstawa-kanalizatora\/"]}]},{"@type":"BreadcrumbList","@id":"https:\/\/presfab.ca\/pl\/podstawa-kanalizatora\/#breadcrumb","itemListElement":[{"@type":"ListItem","position":1,"name":"Home","item":"https:\/\/presfab.ca\/pl\/"},{"@type":"ListItem","position":2,"name":"Podstawa kanalizatora"}]},{"@type":"WebSite","@id":"https:\/\/presfab.ca\/pl\/#website","url":"https:\/\/presfab.ca\/pl\/","name":"PRESFAB HIGHWAY","description":"Manhole Riser Rings, Delineator Bases, Channelizer Bases, Sign bases and more!","publisher":{"@id":"https:\/\/presfab.ca\/pl\/#organization"},"potentialAction":[{"@type":"SearchAction","target":{"@type":"EntryPoint","urlTemplate":"https:\/\/presfab.ca\/pl\/?s={search_term_string}"},"query-input":{"@type":"PropertyValueSpecification","valueRequired":true,"valueName":"search_term_string"}}],"inLanguage":"pl-PL"},{"@type":"Organization","@id":"https:\/\/presfab.ca\/pl\/#organization","name":"PRESFAB HIGHWAY","url":"https:\/\/presfab.ca\/pl\/","logo":{"@type":"ImageObject","inLanguage":"pl-PL","@id":"https:\/\/presfab.ca\/pl\/#\/schema\/logo\/image\/","url":"https:\/\/presfab.ca\/wp-content\/uploads\/2025\/01\/Asset-1ZoomOut.png","contentUrl":"https:\/\/presfab.ca\/wp-content\/uploads\/2025\/01\/Asset-1ZoomOut.png","width":118,"height":46,"caption":"PRESFAB HIGHWAY"},"image":{"@id":"https:\/\/presfab.ca\/pl\/#\/schema\/logo\/image\/"},"sameAs":["https:\/\/www.facebook.com\/PresfabHighway","https:\/\/x.com\/PresfabHighway","https:\/\/www.linkedin.com\/company\/presfab-highway\/?viewAsMember=true"],"description":"Presfab Highway is a manufacturer of traffic safety products, and manhole and aquaduct grade riser rings. We make bases for Channelizer drums (TR& & TC54), Bases for RD-10 Delineator Posts, Temporary sign bases, speed bumps.","email":"sales@presfab.ca","telephone":"450-979-0007"}]}},"jetpack_sharing_enabled":true,"_links":{"self":[{"href":"https:\/\/presfab.ca\/pl\/wp-json\/wp\/v2\/pages\/3378","targetHints":{"allow":["GET"]}}],"collection":[{"href":"https:\/\/presfab.ca\/pl\/wp-json\/wp\/v2\/pages"}],"about":[{"href":"https:\/\/presfab.ca\/pl\/wp-json\/wp\/v2\/types\/page"}],"author":[{"embeddable":true,"href":"https:\/\/presfab.ca\/pl\/wp-json\/wp\/v2\/users\/2"}],"replies":[{"embeddable":true,"href":"https:\/\/presfab.ca\/pl\/wp-json\/wp\/v2\/comments?post=3378"}],"version-history":[{"count":8,"href":"https:\/\/presfab.ca\/pl\/wp-json\/wp\/v2\/pages\/3378\/revisions"}],"predecessor-version":[{"id":3673,"href":"https:\/\/presfab.ca\/pl\/wp-json\/wp\/v2\/pages\/3378\/revisions\/3673"}],"wp:attachment":[{"href":"https:\/\/presfab.ca\/pl\/wp-json\/wp\/v2\/media?parent=3378"}],"curies":[{"name":"wp","href":"https:\/\/api.w.org\/{rel}","templated":true}]}}