{"id":3397,"date":"2025-01-26T19:35:59","date_gmt":"2025-01-26T19:35:59","guid":{"rendered":"https:\/\/presfab.ca\/sinusoidalny-skok-predkosci\/"},"modified":"2025-02-09T01:47:49","modified_gmt":"2025-02-09T01:47:49","slug":"sinusoidalny-skok-predkosci","status":"publish","type":"page","link":"https:\/\/presfab.ca\/pl\/sinusoidalny-skok-predkosci\/","title":{"rendered":"Sinusoidalny skok pr\u0119dko\u015bci"},"content":{"rendered":"\t\t<div data-elementor-type=\"wp-page\" data-elementor-id=\"3397\" class=\"elementor elementor-3397 elementor-1601\" data-elementor-post-type=\"page\">\n\t\t\t\t<div class=\"elementor-element elementor-element-57426f1 e-flex e-con-boxed e-con e-parent\" data-id=\"57426f1\" data-element_type=\"container\" data-settings=\"{&quot;ekit_has_onepagescroll_dot&quot;:&quot;yes&quot;}\">\n\t\t\t\t\t<div class=\"e-con-inner\">\n\t\t<div class=\"elementor-element elementor-element-6dfc3f6 e-con-full e-flex e-con e-child\" data-id=\"6dfc3f6\" data-element_type=\"container\" data-settings=\"{&quot;ekit_has_onepagescroll_dot&quot;:&quot;yes&quot;}\">\n\t\t<div class=\"elementor-element elementor-element-a8e3594 e-con-full e-flex e-con e-child\" data-id=\"a8e3594\" data-element_type=\"container\" data-settings=\"{&quot;ekit_has_onepagescroll_dot&quot;:&quot;yes&quot;}\">\n\t\t\t\t<div class=\"elementor-element elementor-element-2d56b94 elementor-widget elementor-widget-image\" data-id=\"2d56b94\" data-element_type=\"widget\" data-settings=\"{&quot;ekit_we_effect_on&quot;:&quot;none&quot;}\" data-widget_type=\"image.default\">\n\t\t\t\t<div class=\"elementor-widget-container\">\n\t\t\t\t\t\t\t\t\t\t\t\t\t\t\t<img fetchpriority=\"high\" decoding=\"async\" width=\"593\" height=\"297\" src=\"https:\/\/presfab.ca\/wp-content\/uploads\/2024\/10\/speedbump.png\" class=\"attachment-full size-full wp-image-790\" alt=\"\" srcset=\"https:\/\/presfab.ca\/wp-content\/uploads\/2024\/10\/speedbump.png 593w, https:\/\/presfab.ca\/wp-content\/uploads\/2024\/10\/speedbump-300x150.png 300w\" sizes=\"(max-width: 593px) 100vw, 593px\" \/>\t\t\t\t\t\t\t\t\t\t\t\t\t\t\t<\/div>\n\t\t\t\t<\/div>\n\t\t\t\t<div class=\"elementor-element elementor-element-6f7c157 elementor-widget elementor-widget-text-editor\" data-id=\"6f7c157\" data-element_type=\"widget\" data-settings=\"{&quot;ekit_we_effect_on&quot;:&quot;none&quot;}\" data-widget_type=\"text-editor.default\">\n\t\t\t\t<div class=\"elementor-widget-container\">\n\t\t\t\t\t\t\t\t\t<h5><strong>CECHY I KORZY\u015aCI<\/strong><\/h5>\n<ul>\n<li>Wykonane w 100% z gumy pochodz\u0105cej z recyklingu<\/li>\n<li>Odporno\u015b\u0107 na ka\u017cd\u0105 pogod\u0119<\/li>\n<li>Odporno\u015b\u0107 na promienie UV<\/li>\n<li>Odporno\u015b\u0107 na wilgo\u0107 i olej.<\/li>\n<li>Odporno\u015b\u0107 na ekstremalne zmiany temperatury.<\/li>\n<li>Mo\u017ce by\u0107 zainstalowany przez jedn\u0105 osob\u0119 w mniej ni\u017c 10 minut<\/li>\n<li>Trwa\u0142o\u015b\u0107<\/li>\n<li>Bezobs\u0142ugowy<\/li>\n<li>Elastyczny, umo\u017cliwiaj\u0105cy dopasowanie do niedoskona\u0142o\u015bci powierzchni<\/li>\n<li>Wykonany z 2 kana\u0142ami umo\u017cliwiaj\u0105cymi instalacj\u0119 kabli, rur i przewod\u00f3w pod spodem.<\/li>\n<li>Idealny do obszar\u00f3w mieszkalnych, szkolnych, parkowych, a tak\u017ce parking\u00f3w, parking\u00f3w hotelowych, centr\u00f3w handlowych i innych.<\/li>\n<\/ul>\n\t\t\t\t\t\t\t\t<\/div>\n\t\t\t\t<\/div>\n\t\t\t\t<\/div>\n\t\t<div class=\"elementor-element elementor-element-59a20cc e-con-full e-flex e-con e-child\" data-id=\"59a20cc\" data-element_type=\"container\" data-settings=\"{&quot;ekit_has_onepagescroll_dot&quot;:&quot;yes&quot;}\">\n\t\t\t\t<div class=\"elementor-element elementor-element-4d3dca6 elementor-align-justify elementor-widget elementor-widget-button\" data-id=\"4d3dca6\" data-element_type=\"widget\" data-settings=\"{&quot;ekit_we_effect_on&quot;:&quot;none&quot;}\" data-widget_type=\"button.default\">\n\t\t\t\t<div class=\"elementor-widget-container\">\n\t\t\t\t\t\t\t\t\t<div class=\"elementor-button-wrapper\">\n\t\t\t\t\t<a class=\"elementor-button elementor-button-link elementor-size-sm\" href=\"https:\/\/presfab.ca\/pl\/kontakt\/\">\n\t\t\t\t\t\t<span class=\"elementor-button-content-wrapper\">\n\t\t\t\t\t\t\t\t\t<span class=\"elementor-button-text\">Uzyskaj wycen\u0119<\/span>\n\t\t\t\t\t<\/span>\n\t\t\t\t\t<\/a>\n\t\t\t\t<\/div>\n\t\t\t\t\t\t\t\t<\/div>\n\t\t\t\t<\/div>\n\t\t\t\t<\/div>\n\t\t\t\t<\/div>\n\t\t\t\t\t<\/div>\n\t\t\t\t<\/div>\n\t\t\t\t<\/div>\n\t\t","protected":false},"excerpt":{"rendered":"<p>CECHY I KORZY\u015aCI Wykonane w 100% z gumy pochodz\u0105cej z recyklingu Odporno\u015b\u0107 na ka\u017cd\u0105 pogod\u0119 Odporno\u015b\u0107 na promienie UV Odporno\u015b\u0107 na wilgo\u0107 i olej. Odporno\u015b\u0107 na ekstremalne zmiany temperatury. Mo\u017ce by\u0107 zainstalowany przez jedn\u0105 osob\u0119 w mniej ni\u017c 10 minut Trwa\u0142o\u015b\u0107 Bezobs\u0142ugowy Elastyczny, umo\u017cliwiaj\u0105cy dopasowanie do niedoskona\u0142o\u015bci powierzchni Wykonany z 2 kana\u0142ami umo\u017cliwiaj\u0105cymi instalacj\u0119 kabli, [&hellip;]<\/p>\n","protected":false},"author":2,"featured_media":0,"parent":0,"menu_order":0,"comment_status":"closed","ping_status":"closed","template":"","meta":{"content-type":"","footnotes":""},"class_list":["post-3397","page","type-page","status-publish","hentry"],"yoast_head":"<!-- This site is optimized with the Yoast SEO Premium plugin v24.3 (Yoast SEO v24.3) - https:\/\/yoast.com\/wordpress\/plugins\/seo\/ -->\n<title>Sinusoidalny skok pr\u0119dko\u015bci - PRESFAB HIGHWAY<\/title>\n<meta name=\"robots\" content=\"index, follow, max-snippet:-1, max-image-preview:large, max-video-preview:-1\" \/>\n<link rel=\"canonical\" href=\"https:\/\/presfab.ca\/pl\/sinusoidalny-skok-predkosci\/\" \/>\n<meta property=\"og:locale\" content=\"pl_PL\" \/>\n<meta property=\"og:type\" content=\"article\" \/>\n<meta property=\"og:title\" content=\"Sinusoidalny skok pr\u0119dko\u015bci\" \/>\n<meta property=\"og:description\" content=\"CECHY I KORZY\u015aCI Wykonane w 100% z gumy pochodz\u0105cej z recyklingu Odporno\u015b\u0107 na ka\u017cd\u0105 pogod\u0119 Odporno\u015b\u0107 na promienie UV Odporno\u015b\u0107 na wilgo\u0107 i olej. Odporno\u015b\u0107 na ekstremalne zmiany temperatury. Mo\u017ce by\u0107 zainstalowany przez jedn\u0105 osob\u0119 w mniej ni\u017c 10 minut Trwa\u0142o\u015b\u0107 Bezobs\u0142ugowy Elastyczny, umo\u017cliwiaj\u0105cy dopasowanie do niedoskona\u0142o\u015bci powierzchni Wykonany z 2 kana\u0142ami umo\u017cliwiaj\u0105cymi instalacj\u0119 kabli, [&hellip;]\" \/>\n<meta property=\"og:url\" content=\"https:\/\/presfab.ca\/pl\/sinusoidalny-skok-predkosci\/\" \/>\n<meta property=\"og:site_name\" content=\"PRESFAB HIGHWAY\" \/>\n<meta property=\"article:publisher\" content=\"https:\/\/www.facebook.com\/PresfabHighway\" \/>\n<meta property=\"article:modified_time\" content=\"2025-02-09T01:47:49+00:00\" \/>\n<meta property=\"og:image\" content=\"https:\/\/presfab.ca\/wp-content\/uploads\/2024\/10\/speedbump.png\" \/>\n\t<meta property=\"og:image:width\" content=\"593\" \/>\n\t<meta property=\"og:image:height\" content=\"297\" \/>\n\t<meta property=\"og:image:type\" content=\"image\/png\" \/>\n<meta name=\"twitter:card\" content=\"summary_large_image\" \/>\n<meta name=\"twitter:site\" content=\"@PresfabHighway\" \/>\n<script type=\"application\/ld+json\" class=\"yoast-schema-graph\">{\"@context\":\"https:\/\/schema.org\",\"@graph\":[{\"@type\":\"WebPage\",\"@id\":\"https:\/\/presfab.ca\/pl\/sinusoidalny-skok-predkosci\/\",\"url\":\"https:\/\/presfab.ca\/pl\/sinusoidalny-skok-predkosci\/\",\"name\":\"Sinusoidalny skok pr\u0119dko\u015bci - PRESFAB HIGHWAY\",\"isPartOf\":{\"@id\":\"https:\/\/presfab.ca\/pl\/#website\"},\"primaryImageOfPage\":{\"@id\":\"https:\/\/presfab.ca\/pl\/sinusoidalny-skok-predkosci\/#primaryimage\"},\"image\":{\"@id\":\"https:\/\/presfab.ca\/pl\/sinusoidalny-skok-predkosci\/#primaryimage\"},\"thumbnailUrl\":\"https:\/\/presfab.ca\/wp-content\/uploads\/2024\/10\/speedbump.png\",\"datePublished\":\"2025-01-26T19:35:59+00:00\",\"dateModified\":\"2025-02-09T01:47:49+00:00\",\"breadcrumb\":{\"@id\":\"https:\/\/presfab.ca\/pl\/sinusoidalny-skok-predkosci\/#breadcrumb\"},\"inLanguage\":\"pl-PL\",\"potentialAction\":[{\"@type\":\"ReadAction\",\"target\":[\"https:\/\/presfab.ca\/pl\/sinusoidalny-skok-predkosci\/\"]}]},{\"@type\":\"ImageObject\",\"inLanguage\":\"pl-PL\",\"@id\":\"https:\/\/presfab.ca\/pl\/sinusoidalny-skok-predkosci\/#primaryimage\",\"url\":\"https:\/\/presfab.ca\/wp-content\/uploads\/2024\/10\/speedbump.png\",\"contentUrl\":\"https:\/\/presfab.ca\/wp-content\/uploads\/2024\/10\/speedbump.png\"},{\"@type\":\"BreadcrumbList\",\"@id\":\"https:\/\/presfab.ca\/pl\/sinusoidalny-skok-predkosci\/#breadcrumb\",\"itemListElement\":[{\"@type\":\"ListItem\",\"position\":1,\"name\":\"Home\",\"item\":\"https:\/\/presfab.ca\/pl\/\"},{\"@type\":\"ListItem\",\"position\":2,\"name\":\"Sinusoidalny skok pr\u0119dko\u015bci\"}]},{\"@type\":\"WebSite\",\"@id\":\"https:\/\/presfab.ca\/pl\/#website\",\"url\":\"https:\/\/presfab.ca\/pl\/\",\"name\":\"PRESFAB HIGHWAY\",\"description\":\"Manhole Riser Rings, Delineator Bases, Channelizer Bases, Sign bases and more!\",\"publisher\":{\"@id\":\"https:\/\/presfab.ca\/pl\/#organization\"},\"potentialAction\":[{\"@type\":\"SearchAction\",\"target\":{\"@type\":\"EntryPoint\",\"urlTemplate\":\"https:\/\/presfab.ca\/pl\/?s={search_term_string}\"},\"query-input\":{\"@type\":\"PropertyValueSpecification\",\"valueRequired\":true,\"valueName\":\"search_term_string\"}}],\"inLanguage\":\"pl-PL\"},{\"@type\":\"Organization\",\"@id\":\"https:\/\/presfab.ca\/pl\/#organization\",\"name\":\"PRESFAB HIGHWAY\",\"url\":\"https:\/\/presfab.ca\/pl\/\",\"logo\":{\"@type\":\"ImageObject\",\"inLanguage\":\"pl-PL\",\"@id\":\"https:\/\/presfab.ca\/pl\/#\/schema\/logo\/image\/\",\"url\":\"https:\/\/presfab.ca\/wp-content\/uploads\/2025\/01\/Asset-1ZoomOut.png\",\"contentUrl\":\"https:\/\/presfab.ca\/wp-content\/uploads\/2025\/01\/Asset-1ZoomOut.png\",\"width\":118,\"height\":46,\"caption\":\"PRESFAB HIGHWAY\"},\"image\":{\"@id\":\"https:\/\/presfab.ca\/pl\/#\/schema\/logo\/image\/\"},\"sameAs\":[\"https:\/\/www.facebook.com\/PresfabHighway\",\"https:\/\/x.com\/PresfabHighway\",\"https:\/\/www.linkedin.com\/company\/presfab-highway\/?viewAsMember=true\"],\"description\":\"Presfab Highway is a manufacturer of traffic safety products, and manhole and aquaduct grade riser rings. We make bases for Channelizer drums (TR& & TC54), Bases for RD-10 Delineator Posts, Temporary sign bases, speed bumps.\",\"email\":\"sales@presfab.ca\",\"telephone\":\"450-979-0007\"}]}<\/script>\n<!-- \/ Yoast SEO Premium plugin. -->","yoast_head_json":{"title":"Sinusoidalny skok pr\u0119dko\u015bci - PRESFAB HIGHWAY","robots":{"index":"index","follow":"follow","max-snippet":"max-snippet:-1","max-image-preview":"max-image-preview:large","max-video-preview":"max-video-preview:-1"},"canonical":"https:\/\/presfab.ca\/pl\/sinusoidalny-skok-predkosci\/","og_locale":"pl_PL","og_type":"article","og_title":"Sinusoidalny skok pr\u0119dko\u015bci","og_description":"CECHY I KORZY\u015aCI Wykonane w 100% z gumy pochodz\u0105cej z recyklingu Odporno\u015b\u0107 na ka\u017cd\u0105 pogod\u0119 Odporno\u015b\u0107 na promienie UV Odporno\u015b\u0107 na wilgo\u0107 i olej. Odporno\u015b\u0107 na ekstremalne zmiany temperatury. Mo\u017ce by\u0107 zainstalowany przez jedn\u0105 osob\u0119 w mniej ni\u017c 10 minut Trwa\u0142o\u015b\u0107 Bezobs\u0142ugowy Elastyczny, umo\u017cliwiaj\u0105cy dopasowanie do niedoskona\u0142o\u015bci powierzchni Wykonany z 2 kana\u0142ami umo\u017cliwiaj\u0105cymi instalacj\u0119 kabli, [&hellip;]","og_url":"https:\/\/presfab.ca\/pl\/sinusoidalny-skok-predkosci\/","og_site_name":"PRESFAB HIGHWAY","article_publisher":"https:\/\/www.facebook.com\/PresfabHighway","article_modified_time":"2025-02-09T01:47:49+00:00","og_image":[{"width":593,"height":297,"url":"https:\/\/presfab.ca\/wp-content\/uploads\/2024\/10\/speedbump.png","type":"image\/png"}],"twitter_card":"summary_large_image","twitter_site":"@PresfabHighway","schema":{"@context":"https:\/\/schema.org","@graph":[{"@type":"WebPage","@id":"https:\/\/presfab.ca\/pl\/sinusoidalny-skok-predkosci\/","url":"https:\/\/presfab.ca\/pl\/sinusoidalny-skok-predkosci\/","name":"Sinusoidalny skok pr\u0119dko\u015bci - PRESFAB HIGHWAY","isPartOf":{"@id":"https:\/\/presfab.ca\/pl\/#website"},"primaryImageOfPage":{"@id":"https:\/\/presfab.ca\/pl\/sinusoidalny-skok-predkosci\/#primaryimage"},"image":{"@id":"https:\/\/presfab.ca\/pl\/sinusoidalny-skok-predkosci\/#primaryimage"},"thumbnailUrl":"https:\/\/presfab.ca\/wp-content\/uploads\/2024\/10\/speedbump.png","datePublished":"2025-01-26T19:35:59+00:00","dateModified":"2025-02-09T01:47:49+00:00","breadcrumb":{"@id":"https:\/\/presfab.ca\/pl\/sinusoidalny-skok-predkosci\/#breadcrumb"},"inLanguage":"pl-PL","potentialAction":[{"@type":"ReadAction","target":["https:\/\/presfab.ca\/pl\/sinusoidalny-skok-predkosci\/"]}]},{"@type":"ImageObject","inLanguage":"pl-PL","@id":"https:\/\/presfab.ca\/pl\/sinusoidalny-skok-predkosci\/#primaryimage","url":"https:\/\/presfab.ca\/wp-content\/uploads\/2024\/10\/speedbump.png","contentUrl":"https:\/\/presfab.ca\/wp-content\/uploads\/2024\/10\/speedbump.png"},{"@type":"BreadcrumbList","@id":"https:\/\/presfab.ca\/pl\/sinusoidalny-skok-predkosci\/#breadcrumb","itemListElement":[{"@type":"ListItem","position":1,"name":"Home","item":"https:\/\/presfab.ca\/pl\/"},{"@type":"ListItem","position":2,"name":"Sinusoidalny skok pr\u0119dko\u015bci"}]},{"@type":"WebSite","@id":"https:\/\/presfab.ca\/pl\/#website","url":"https:\/\/presfab.ca\/pl\/","name":"PRESFAB HIGHWAY","description":"Manhole Riser Rings, Delineator Bases, Channelizer Bases, Sign bases and more!","publisher":{"@id":"https:\/\/presfab.ca\/pl\/#organization"},"potentialAction":[{"@type":"SearchAction","target":{"@type":"EntryPoint","urlTemplate":"https:\/\/presfab.ca\/pl\/?s={search_term_string}"},"query-input":{"@type":"PropertyValueSpecification","valueRequired":true,"valueName":"search_term_string"}}],"inLanguage":"pl-PL"},{"@type":"Organization","@id":"https:\/\/presfab.ca\/pl\/#organization","name":"PRESFAB HIGHWAY","url":"https:\/\/presfab.ca\/pl\/","logo":{"@type":"ImageObject","inLanguage":"pl-PL","@id":"https:\/\/presfab.ca\/pl\/#\/schema\/logo\/image\/","url":"https:\/\/presfab.ca\/wp-content\/uploads\/2025\/01\/Asset-1ZoomOut.png","contentUrl":"https:\/\/presfab.ca\/wp-content\/uploads\/2025\/01\/Asset-1ZoomOut.png","width":118,"height":46,"caption":"PRESFAB HIGHWAY"},"image":{"@id":"https:\/\/presfab.ca\/pl\/#\/schema\/logo\/image\/"},"sameAs":["https:\/\/www.facebook.com\/PresfabHighway","https:\/\/x.com\/PresfabHighway","https:\/\/www.linkedin.com\/company\/presfab-highway\/?viewAsMember=true"],"description":"Presfab Highway is a manufacturer of traffic safety products, and manhole and aquaduct grade riser rings. We make bases for Channelizer drums (TR& & TC54), Bases for RD-10 Delineator Posts, Temporary sign bases, speed bumps.","email":"sales@presfab.ca","telephone":"450-979-0007"}]}},"jetpack_sharing_enabled":true,"_links":{"self":[{"href":"https:\/\/presfab.ca\/pl\/wp-json\/wp\/v2\/pages\/3397","targetHints":{"allow":["GET"]}}],"collection":[{"href":"https:\/\/presfab.ca\/pl\/wp-json\/wp\/v2\/pages"}],"about":[{"href":"https:\/\/presfab.ca\/pl\/wp-json\/wp\/v2\/types\/page"}],"author":[{"embeddable":true,"href":"https:\/\/presfab.ca\/pl\/wp-json\/wp\/v2\/users\/2"}],"replies":[{"embeddable":true,"href":"https:\/\/presfab.ca\/pl\/wp-json\/wp\/v2\/comments?post=3397"}],"version-history":[{"count":1,"href":"https:\/\/presfab.ca\/pl\/wp-json\/wp\/v2\/pages\/3397\/revisions"}],"predecessor-version":[{"id":3399,"href":"https:\/\/presfab.ca\/pl\/wp-json\/wp\/v2\/pages\/3397\/revisions\/3399"}],"wp:attachment":[{"href":"https:\/\/presfab.ca\/pl\/wp-json\/wp\/v2\/media?parent=3397"}],"curies":[{"name":"wp","href":"https:\/\/api.w.org\/{rel}","templated":true}]}}