{"id":3419,"date":"2024-10-30T09:49:08","date_gmt":"2024-10-30T09:49:08","guid":{"rendered":"https:\/\/presfab.ca\/produkty-komercyjne\/"},"modified":"2025-02-09T01:47:56","modified_gmt":"2025-02-09T01:47:56","slug":"produkty-komercyjne","status":"publish","type":"page","link":"https:\/\/presfab.ca\/pl\/produkty-komercyjne\/","title":{"rendered":"Produkty komercyjne"},"content":{"rendered":"\t\t<div data-elementor-type=\"wp-page\" data-elementor-id=\"3419\" class=\"elementor elementor-3419 elementor-1453\" data-elementor-post-type=\"page\">\n\t\t\t\t\t\t<section class=\"elementor-section elementor-top-section elementor-element elementor-element-2425578 elementor-section-boxed elementor-section-height-default elementor-section-height-default\" data-id=\"2425578\" data-element_type=\"section\" data-settings=\"{&quot;background_background&quot;:&quot;classic&quot;,&quot;ekit_has_onepagescroll_dot&quot;:&quot;yes&quot;}\">\n\t\t\t\t\t\t<div class=\"elementor-container elementor-column-gap-default\">\n\t\t\t\t\t<div class=\"elementor-column elementor-col-100 elementor-top-column elementor-element elementor-element-557b219\" data-id=\"557b219\" data-element_type=\"column\">\n\t\t\t<div class=\"elementor-widget-wrap elementor-element-populated\">\n\t\t\t\t\t\t<div class=\"elementor-element elementor-element-9d45f1d elementor-widget__width-auto elementor-widget elementor-widget-heading\" data-id=\"9d45f1d\" data-element_type=\"widget\" data-settings=\"{&quot;ekit_we_effect_on&quot;:&quot;none&quot;}\" data-widget_type=\"heading.default\">\n\t\t\t\t<div class=\"elementor-widget-container\">\n\t\t\t\t\t<span class=\"elementor-heading-title elementor-size-default\">Strona g\u0142\u00f3wna \/<\/span>\t\t\t\t<\/div>\n\t\t\t\t<\/div>\n\t\t\t\t<div class=\"elementor-element elementor-element-ee1cd24 elementor-widget__width-auto elementor-widget-tablet__width-auto elementor-widget elementor-widget-heading\" data-id=\"ee1cd24\" data-element_type=\"widget\" data-settings=\"{&quot;ekit_we_effect_on&quot;:&quot;none&quot;}\" data-widget_type=\"heading.default\">\n\t\t\t\t<div class=\"elementor-widget-container\">\n\t\t\t\t\t<span class=\"elementor-heading-title elementor-size-default\">Produkty komercyjne<\/span>\t\t\t\t<\/div>\n\t\t\t\t<\/div>\n\t\t\t\t\t<\/div>\n\t\t<\/div>\n\t\t\t\t\t<\/div>\n\t\t<\/section>\n\t\t\t\t<section class=\"elementor-section elementor-top-section elementor-element elementor-element-8f33d7b elementor-section-height-min-height elementor-section-boxed elementor-section-height-default elementor-section-items-middle\" data-id=\"8f33d7b\" data-element_type=\"section\" data-settings=\"{&quot;background_background&quot;:&quot;classic&quot;,&quot;ekit_has_onepagescroll_dot&quot;:&quot;yes&quot;}\">\n\t\t\t\t\t\t<div class=\"elementor-container elementor-column-gap-default\">\n\t\t\t\t\t<div class=\"elementor-column elementor-col-100 elementor-top-column elementor-element elementor-element-01eacc0\" data-id=\"01eacc0\" data-element_type=\"column\">\n\t\t\t<div class=\"elementor-widget-wrap elementor-element-populated\">\n\t\t\t\t\t\t<div class=\"elementor-element elementor-element-853ed01 elementor-widget elementor-widget-image\" data-id=\"853ed01\" data-element_type=\"widget\" data-settings=\"{&quot;ekit_we_effect_on&quot;:&quot;none&quot;}\" data-widget_type=\"image.default\">\n\t\t\t\t<div class=\"elementor-widget-container\">\n\t\t\t\t\t\t\t\t\t\t\t\t\t\t\t<img fetchpriority=\"high\" decoding=\"async\" width=\"735\" height=\"647\" src=\"https:\/\/presfab.ca\/wp-content\/uploads\/2024\/10\/CARPET-01.1-compress.jpg\" class=\"attachment-full size-full wp-image-1467\" alt=\"\" srcset=\"https:\/\/presfab.ca\/wp-content\/uploads\/2024\/10\/CARPET-01.1-compress.jpg 735w, https:\/\/presfab.ca\/wp-content\/uploads\/2024\/10\/CARPET-01.1-compress-300x264.jpg 300w, https:\/\/presfab.ca\/wp-content\/uploads\/2024\/10\/CARPET-01.1-compress-600x528.jpg 600w\" sizes=\"(max-width: 735px) 100vw, 735px\" \/>\t\t\t\t\t\t\t\t\t\t\t\t\t\t\t<\/div>\n\t\t\t\t<\/div>\n\t\t<div class=\"elementor-element elementor-element-74d7d3e e-con-full e-flex e-con e-child\" data-id=\"74d7d3e\" data-element_type=\"container\" data-settings=\"{&quot;ekit_has_onepagescroll_dot&quot;:&quot;yes&quot;}\">\n\t\t\t\t<div class=\"elementor-element elementor-element-3625478 elementor-widget elementor-widget-button\" data-id=\"3625478\" data-element_type=\"widget\" data-settings=\"{&quot;ekit_we_effect_on&quot;:&quot;none&quot;}\" data-widget_type=\"button.default\">\n\t\t\t\t<div class=\"elementor-widget-container\">\n\t\t\t\t\t\t\t\t\t<div class=\"elementor-button-wrapper\">\n\t\t\t\t\t<a class=\"elementor-button elementor-button-link elementor-size-sm\" href=\"https:\/\/presfab.ca\/pl\/produkty\/\">\n\t\t\t\t\t\t<span class=\"elementor-button-content-wrapper\">\n\t\t\t\t\t\t<span class=\"elementor-button-icon\">\n\t\t\t\t<svg aria-hidden=\"true\" class=\"e-font-icon-svg e-fas-long-arrow-alt-right\" viewBox=\"0 0 448 512\" xmlns=\"http:\/\/www.w3.org\/2000\/svg\"><path d=\"M313.941 216H12c-6.627 0-12 5.373-12 12v56c0 6.627 5.373 12 12 12h301.941v46.059c0 21.382 25.851 32.09 40.971 16.971l86.059-86.059c9.373-9.373 9.373-24.569 0-33.941l-86.059-86.059c-15.119-15.119-40.971-4.411-40.971 16.971V216z\"><\/path><\/svg>\t\t\t<\/span>\n\t\t\t\t\t\t\t\t\t<span class=\"elementor-button-text\">PRODUKTY TRAFFICE<\/span>\n\t\t\t\t\t<\/span>\n\t\t\t\t\t<\/a>\n\t\t\t\t<\/div>\n\t\t\t\t\t\t\t\t<\/div>\n\t\t\t\t<\/div>\n\t\t\t\t<div class=\"elementor-element elementor-element-848ec3d elementor-widget elementor-widget-button\" data-id=\"848ec3d\" data-element_type=\"widget\" data-settings=\"{&quot;ekit_we_effect_on&quot;:&quot;none&quot;}\" data-widget_type=\"button.default\">\n\t\t\t\t<div class=\"elementor-widget-container\">\n\t\t\t\t\t\t\t\t\t<div class=\"elementor-button-wrapper\">\n\t\t\t\t\t<a class=\"elementor-button elementor-button-link elementor-size-sm\" href=\"https:\/\/presfab.ca\/pl\/produkty-komercyjne\/\">\n\t\t\t\t\t\t<span class=\"elementor-button-content-wrapper\">\n\t\t\t\t\t\t<span class=\"elementor-button-icon\">\n\t\t\t\t<svg aria-hidden=\"true\" class=\"e-font-icon-svg e-fas-long-arrow-alt-right\" viewBox=\"0 0 448 512\" xmlns=\"http:\/\/www.w3.org\/2000\/svg\"><path d=\"M313.941 216H12c-6.627 0-12 5.373-12 12v56c0 6.627 5.373 12 12 12h301.941v46.059c0 21.382 25.851 32.09 40.971 16.971l86.059-86.059c9.373-9.373 9.373-24.569 0-33.941l-86.059-86.059c-15.119-15.119-40.971-4.411-40.971 16.971V216z\"><\/path><\/svg>\t\t\t<\/span>\n\t\t\t\t\t\t\t\t\t<span class=\"elementor-button-text\">PRODUKTY HANDLOWE<\/span>\n\t\t\t\t\t<\/span>\n\t\t\t\t\t<\/a>\n\t\t\t\t<\/div>\n\t\t\t\t\t\t\t\t<\/div>\n\t\t\t\t<\/div>\n\t\t\t\t<\/div>\n\t\t\t\t\t<\/div>\n\t\t<\/div>\n\t\t\t\t\t<\/div>\n\t\t<\/section>\n\t\t<div class=\"elementor-element elementor-element-43f1091 e-flex e-con-boxed e-con e-parent\" data-id=\"43f1091\" data-element_type=\"container\" data-settings=\"{&quot;ekit_has_onepagescroll_dot&quot;:&quot;yes&quot;}\">\n\t\t\t\t\t<div class=\"e-con-inner\">\n\t\t\t\t<div class=\"elementor-element elementor-element-f8fb820 elementor-widget elementor-widget-heading\" data-id=\"f8fb820\" data-element_type=\"widget\" data-settings=\"{&quot;ekit_we_effect_on&quot;:&quot;none&quot;}\" data-widget_type=\"heading.default\">\n\t\t\t\t<div class=\"elementor-widget-container\">\n\t\t\t\t\t<h2 class=\"elementor-heading-title elementor-size-default\">PRODUKTY HANDLOWE\n<\/h2>\t\t\t\t<\/div>\n\t\t\t\t<\/div>\n\t\t\t\t<div class=\"elementor-element elementor-element-17005d5 elementor-widget elementor-widget-text-editor\" data-id=\"17005d5\" data-element_type=\"widget\" data-settings=\"{&quot;ekit_we_effect_on&quot;:&quot;none&quot;}\" data-widget_type=\"text-editor.default\">\n\t\t\t\t<div class=\"elementor-widget-container\">\n\t\t\t\t\t\t\t\t\t<h5 class=\" translation-block\">NASZA MATA JEST WYKONANA W 100% Z OPON POCHODZ\u0104CYCH Z RECYKLINGU<\/h5>\n\t\t\t\t\t\t\t\t<\/div>\n\t\t\t\t<\/div>\n\t\t<div class=\"elementor-element elementor-element-7371513 e-grid e-con-full e-con e-child\" data-id=\"7371513\" data-element_type=\"container\" data-settings=\"{&quot;ekit_has_onepagescroll_dot&quot;:&quot;yes&quot;}\">\n\t\t<div class=\"elementor-element elementor-element-cb35f75 e-con-full custom-box e-flex e-con e-child\" data-id=\"cb35f75\" data-element_type=\"container\" data-settings=\"{&quot;ekit_has_onepagescroll_dot&quot;:&quot;yes&quot;}\">\n\t\t\t\t<div class=\"elementor-element elementor-element-546ca9d elementor-widget elementor-widget-image\" data-id=\"546ca9d\" data-element_type=\"widget\" data-settings=\"{&quot;ekit_we_effect_on&quot;:&quot;none&quot;}\" data-widget_type=\"image.default\">\n\t\t\t\t<div class=\"elementor-widget-container\">\n\t\t\t\t\t\t\t\t\t\t\t\t\t\t\t<img fetchpriority=\"high\" decoding=\"async\" width=\"735\" height=\"647\" src=\"https:\/\/presfab.ca\/wp-content\/uploads\/2024\/10\/CARPET-01.1-compress.jpg\" class=\"attachment-full size-full wp-image-1467\" alt=\"\" srcset=\"https:\/\/presfab.ca\/wp-content\/uploads\/2024\/10\/CARPET-01.1-compress.jpg 735w, https:\/\/presfab.ca\/wp-content\/uploads\/2024\/10\/CARPET-01.1-compress-300x264.jpg 300w, https:\/\/presfab.ca\/wp-content\/uploads\/2024\/10\/CARPET-01.1-compress-600x528.jpg 600w\" sizes=\"(max-width: 735px) 100vw, 735px\" \/>\t\t\t\t\t\t\t\t\t\t\t\t\t\t\t<\/div>\n\t\t\t\t<\/div>\n\t\t\t\t<div class=\"elementor-element elementor-element-2e72116 elementor-widget elementor-widget-heading\" data-id=\"2e72116\" data-element_type=\"widget\" data-settings=\"{&quot;ekit_we_effect_on&quot;:&quot;none&quot;}\" data-widget_type=\"heading.default\">\n\t\t\t\t<div class=\"elementor-widget-container\">\n\t\t\t\t\t<h2 class=\"elementor-heading-title elementor-size-default\">  Kraw\u0119\u017cnik parkingowy<\/h2>\t\t\t\t<\/div>\n\t\t\t\t<\/div>\n\t\t\t\t<div class=\"elementor-element elementor-element-75b04e6 elementor-widget elementor-widget-text-editor\" data-id=\"75b04e6\" data-element_type=\"widget\" data-settings=\"{&quot;ekit_we_effect_on&quot;:&quot;none&quot;}\" data-widget_type=\"text-editor.default\">\n\t\t\t\t<div class=\"elementor-widget-container\">\n\t\t\t\t\t\t\t\t\t<p><strong>NASZA MATA JEST WYKONANA W 100% Z OPON POCHODZ\u0104CYCH Z RECYKLINGU<\/strong><\/p>\n<p>&#8211; SZANUJE \u015aRODOWISKO<br \/>&#8211; BEZZAPACHOWY<br \/>&#8211; POCH\u0141ANIA D\u0179WI\u0118K<br \/>&#8211; ANTYPO\u015aLIZGOWY<br \/>&#8211; POCH\u0141ANIA WSTRZ\u0104SY<br \/>&#8211; WSZECHSTRONNY PRODUKT<br \/>&#8211; ODWRACALNY<br \/>&#8211; PRZECIWZM\u0118CZENIOWY<br \/>&#8211; GWARANTOWANA JAKO\u015a\u0106 I TRWA\u0141O\u015a\u0106!<\/p>\n\t\t\t\t\t\t\t\t<\/div>\n\t\t\t\t<\/div>\n\t\t\t\t<div class=\"elementor-element elementor-element-81f1564 elementor-align-center elementor-widget elementor-widget-button\" data-id=\"81f1564\" data-element_type=\"widget\" data-settings=\"{&quot;ekit_we_effect_on&quot;:&quot;none&quot;}\" data-widget_type=\"button.default\">\n\t\t\t\t<div class=\"elementor-widget-container\">\n\t\t\t\t\t\t\t\t\t<div class=\"elementor-button-wrapper\">\n\t\t\t\t\t<a class=\"elementor-button elementor-button-link elementor-size-sm\" href=\"https:\/\/presfab.ca\/wp-content\/uploads\/2024\/10\/ubber-carpet-specs2.pdf\">\n\t\t\t\t\t\t<span class=\"elementor-button-content-wrapper\">\n\t\t\t\t\t\t<span class=\"elementor-button-icon\">\n\t\t\t\t<svg aria-hidden=\"true\" class=\"e-font-icon-svg e-fas-long-arrow-alt-right\" viewBox=\"0 0 448 512\" xmlns=\"http:\/\/www.w3.org\/2000\/svg\"><path d=\"M313.941 216H12c-6.627 0-12 5.373-12 12v56c0 6.627 5.373 12 12 12h301.941v46.059c0 21.382 25.851 32.09 40.971 16.971l86.059-86.059c9.373-9.373 9.373-24.569 0-33.941l-86.059-86.059c-15.119-15.119-40.971-4.411-40.971 16.971V216z\"><\/path><\/svg>\t\t\t<\/span>\n\t\t\t\t\t\t\t\t\t<span class=\"elementor-button-text\">POBIERZ KART\u0118 TECHNICZN\u0104 W FORMACIE PDF<\/span>\n\t\t\t\t\t<\/span>\n\t\t\t\t\t<\/a>\n\t\t\t\t<\/div>\n\t\t\t\t\t\t\t\t<\/div>\n\t\t\t\t<\/div>\n\t\t\t\t<\/div>\n\t\t\t\t<\/div>\n\t\t\t\t\t<\/div>\n\t\t\t\t<\/div>\n\t\t\t\t<\/div>\n\t\t","protected":false},"excerpt":{"rendered":"<p>Strona g\u0142\u00f3wna \/ Produkty komercyjne PRODUKTY TRAFFICE PRODUKTY HANDLOWE PRODUKTY HANDLOWE NASZA MATA JEST WYKONANA W 100% Z OPON POCHODZ\u0104CYCH Z RECYKLINGU Kraw\u0119\u017cnik parkingowy NASZA MATA JEST WYKONANA W 100% Z OPON POCHODZ\u0104CYCH Z RECYKLINGU &#8211; SZANUJE \u015aRODOWISKO&#8211; BEZZAPACHOWY&#8211; POCH\u0141ANIA D\u0179WI\u0118K&#8211; ANTYPO\u015aLIZGOWY&#8211; POCH\u0141ANIA WSTRZ\u0104SY&#8211; WSZECHSTRONNY PRODUKT&#8211; ODWRACALNY&#8211; PRZECIWZM\u0118CZENIOWY&#8211; GWARANTOWANA JAKO\u015a\u0106 I TRWA\u0141O\u015a\u0106! POBIERZ KART\u0118 TECHNICZN\u0104 [&hellip;]<\/p>\n","protected":false},"author":1,"featured_media":0,"parent":0,"menu_order":0,"comment_status":"closed","ping_status":"closed","template":"elementor_header_footer","meta":{"content-type":"","footnotes":""},"class_list":["post-3419","page","type-page","status-publish","hentry"],"yoast_head":"<!-- This site is optimized with the Yoast SEO Premium plugin v24.3 (Yoast SEO v24.3) - https:\/\/yoast.com\/wordpress\/plugins\/seo\/ -->\n<title>Produkty komercyjne - PRESFAB HIGHWAY<\/title>\n<meta name=\"robots\" content=\"index, follow, max-snippet:-1, max-image-preview:large, max-video-preview:-1\" \/>\n<link rel=\"canonical\" href=\"https:\/\/presfab.ca\/pl\/produkty-komercyjne\/\" \/>\n<meta property=\"og:locale\" content=\"pl_PL\" \/>\n<meta property=\"og:type\" content=\"article\" \/>\n<meta property=\"og:title\" content=\"Produkty komercyjne\" \/>\n<meta property=\"og:description\" content=\"Strona g\u0142\u00f3wna \/ Produkty komercyjne PRODUKTY TRAFFICE PRODUKTY HANDLOWE PRODUKTY HANDLOWE NASZA MATA JEST WYKONANA W 100% Z OPON POCHODZ\u0104CYCH Z RECYKLINGU Kraw\u0119\u017cnik parkingowy NASZA MATA JEST WYKONANA W 100% Z OPON POCHODZ\u0104CYCH Z RECYKLINGU &#8211; SZANUJE \u015aRODOWISKO&#8211; BEZZAPACHOWY&#8211; POCH\u0141ANIA D\u0179WI\u0118K&#8211; ANTYPO\u015aLIZGOWY&#8211; POCH\u0141ANIA WSTRZ\u0104SY&#8211; WSZECHSTRONNY PRODUKT&#8211; ODWRACALNY&#8211; PRZECIWZM\u0118CZENIOWY&#8211; GWARANTOWANA JAKO\u015a\u0106 I TRWA\u0141O\u015a\u0106! POBIERZ KART\u0118 TECHNICZN\u0104 [&hellip;]\" \/>\n<meta property=\"og:url\" content=\"https:\/\/presfab.ca\/pl\/produkty-komercyjne\/\" \/>\n<meta property=\"og:site_name\" content=\"PRESFAB HIGHWAY\" \/>\n<meta property=\"article:publisher\" content=\"https:\/\/www.facebook.com\/PresfabHighway\" \/>\n<meta property=\"article:modified_time\" content=\"2025-02-09T01:47:56+00:00\" \/>\n<meta property=\"og:image\" content=\"https:\/\/presfab.ca\/wp-content\/uploads\/2024\/10\/CARPET-01.1-compress.jpg\" \/>\n\t<meta property=\"og:image:width\" content=\"735\" \/>\n\t<meta property=\"og:image:height\" content=\"647\" \/>\n\t<meta property=\"og:image:type\" content=\"image\/jpeg\" \/>\n<meta name=\"twitter:card\" content=\"summary_large_image\" \/>\n<meta name=\"twitter:site\" content=\"@PresfabHighway\" \/>\n<script type=\"application\/ld+json\" class=\"yoast-schema-graph\">{\"@context\":\"https:\/\/schema.org\",\"@graph\":[{\"@type\":\"WebPage\",\"@id\":\"https:\/\/presfab.ca\/pl\/produkty-komercyjne\/\",\"url\":\"https:\/\/presfab.ca\/pl\/produkty-komercyjne\/\",\"name\":\"Produkty komercyjne - PRESFAB HIGHWAY\",\"isPartOf\":{\"@id\":\"https:\/\/presfab.ca\/pl\/#website\"},\"primaryImageOfPage\":{\"@id\":\"https:\/\/presfab.ca\/pl\/produkty-komercyjne\/#primaryimage\"},\"image\":{\"@id\":\"https:\/\/presfab.ca\/pl\/produkty-komercyjne\/#primaryimage\"},\"thumbnailUrl\":\"https:\/\/presfab.ca\/wp-content\/uploads\/2024\/10\/CARPET-01.1-compress.jpg\",\"datePublished\":\"2024-10-30T09:49:08+00:00\",\"dateModified\":\"2025-02-09T01:47:56+00:00\",\"breadcrumb\":{\"@id\":\"https:\/\/presfab.ca\/pl\/produkty-komercyjne\/#breadcrumb\"},\"inLanguage\":\"pl-PL\",\"potentialAction\":[{\"@type\":\"ReadAction\",\"target\":[\"https:\/\/presfab.ca\/pl\/produkty-komercyjne\/\"]}]},{\"@type\":\"ImageObject\",\"inLanguage\":\"pl-PL\",\"@id\":\"https:\/\/presfab.ca\/pl\/produkty-komercyjne\/#primaryimage\",\"url\":\"https:\/\/presfab.ca\/wp-content\/uploads\/2024\/10\/CARPET-01.1-compress.jpg\",\"contentUrl\":\"https:\/\/presfab.ca\/wp-content\/uploads\/2024\/10\/CARPET-01.1-compress.jpg\"},{\"@type\":\"BreadcrumbList\",\"@id\":\"https:\/\/presfab.ca\/pl\/produkty-komercyjne\/#breadcrumb\",\"itemListElement\":[{\"@type\":\"ListItem\",\"position\":1,\"name\":\"Home\",\"item\":\"https:\/\/presfab.ca\/pl\/\"},{\"@type\":\"ListItem\",\"position\":2,\"name\":\"Produkty komercyjne\"}]},{\"@type\":\"WebSite\",\"@id\":\"https:\/\/presfab.ca\/pl\/#website\",\"url\":\"https:\/\/presfab.ca\/pl\/\",\"name\":\"PRESFAB HIGHWAY\",\"description\":\"Manhole Riser Rings, Delineator Bases, Channelizer Bases, Sign bases and more!\",\"publisher\":{\"@id\":\"https:\/\/presfab.ca\/pl\/#organization\"},\"potentialAction\":[{\"@type\":\"SearchAction\",\"target\":{\"@type\":\"EntryPoint\",\"urlTemplate\":\"https:\/\/presfab.ca\/pl\/?s={search_term_string}\"},\"query-input\":{\"@type\":\"PropertyValueSpecification\",\"valueRequired\":true,\"valueName\":\"search_term_string\"}}],\"inLanguage\":\"pl-PL\"},{\"@type\":\"Organization\",\"@id\":\"https:\/\/presfab.ca\/pl\/#organization\",\"name\":\"PRESFAB HIGHWAY\",\"url\":\"https:\/\/presfab.ca\/pl\/\",\"logo\":{\"@type\":\"ImageObject\",\"inLanguage\":\"pl-PL\",\"@id\":\"https:\/\/presfab.ca\/pl\/#\/schema\/logo\/image\/\",\"url\":\"https:\/\/presfab.ca\/wp-content\/uploads\/2025\/01\/Asset-1ZoomOut.png\",\"contentUrl\":\"https:\/\/presfab.ca\/wp-content\/uploads\/2025\/01\/Asset-1ZoomOut.png\",\"width\":118,\"height\":46,\"caption\":\"PRESFAB HIGHWAY\"},\"image\":{\"@id\":\"https:\/\/presfab.ca\/pl\/#\/schema\/logo\/image\/\"},\"sameAs\":[\"https:\/\/www.facebook.com\/PresfabHighway\",\"https:\/\/x.com\/PresfabHighway\",\"https:\/\/www.linkedin.com\/company\/presfab-highway\/?viewAsMember=true\"],\"description\":\"Presfab Highway is a manufacturer of traffic safety products, and manhole and aquaduct grade riser rings. We make bases for Channelizer drums (TR& & TC54), Bases for RD-10 Delineator Posts, Temporary sign bases, speed bumps.\",\"email\":\"sales@presfab.ca\",\"telephone\":\"450-979-0007\"}]}<\/script>\n<!-- \/ Yoast SEO Premium plugin. -->","yoast_head_json":{"title":"Produkty komercyjne - PRESFAB HIGHWAY","robots":{"index":"index","follow":"follow","max-snippet":"max-snippet:-1","max-image-preview":"max-image-preview:large","max-video-preview":"max-video-preview:-1"},"canonical":"https:\/\/presfab.ca\/pl\/produkty-komercyjne\/","og_locale":"pl_PL","og_type":"article","og_title":"Produkty komercyjne","og_description":"Strona g\u0142\u00f3wna \/ Produkty komercyjne PRODUKTY TRAFFICE PRODUKTY HANDLOWE PRODUKTY HANDLOWE NASZA MATA JEST WYKONANA W 100% Z OPON POCHODZ\u0104CYCH Z RECYKLINGU Kraw\u0119\u017cnik parkingowy NASZA MATA JEST WYKONANA W 100% Z OPON POCHODZ\u0104CYCH Z RECYKLINGU &#8211; SZANUJE \u015aRODOWISKO&#8211; BEZZAPACHOWY&#8211; POCH\u0141ANIA D\u0179WI\u0118K&#8211; ANTYPO\u015aLIZGOWY&#8211; POCH\u0141ANIA WSTRZ\u0104SY&#8211; WSZECHSTRONNY PRODUKT&#8211; ODWRACALNY&#8211; PRZECIWZM\u0118CZENIOWY&#8211; GWARANTOWANA JAKO\u015a\u0106 I TRWA\u0141O\u015a\u0106! POBIERZ KART\u0118 TECHNICZN\u0104 [&hellip;]","og_url":"https:\/\/presfab.ca\/pl\/produkty-komercyjne\/","og_site_name":"PRESFAB HIGHWAY","article_publisher":"https:\/\/www.facebook.com\/PresfabHighway","article_modified_time":"2025-02-09T01:47:56+00:00","og_image":[{"width":735,"height":647,"url":"https:\/\/presfab.ca\/wp-content\/uploads\/2024\/10\/CARPET-01.1-compress.jpg","type":"image\/jpeg"}],"twitter_card":"summary_large_image","twitter_site":"@PresfabHighway","schema":{"@context":"https:\/\/schema.org","@graph":[{"@type":"WebPage","@id":"https:\/\/presfab.ca\/pl\/produkty-komercyjne\/","url":"https:\/\/presfab.ca\/pl\/produkty-komercyjne\/","name":"Produkty komercyjne - PRESFAB HIGHWAY","isPartOf":{"@id":"https:\/\/presfab.ca\/pl\/#website"},"primaryImageOfPage":{"@id":"https:\/\/presfab.ca\/pl\/produkty-komercyjne\/#primaryimage"},"image":{"@id":"https:\/\/presfab.ca\/pl\/produkty-komercyjne\/#primaryimage"},"thumbnailUrl":"https:\/\/presfab.ca\/wp-content\/uploads\/2024\/10\/CARPET-01.1-compress.jpg","datePublished":"2024-10-30T09:49:08+00:00","dateModified":"2025-02-09T01:47:56+00:00","breadcrumb":{"@id":"https:\/\/presfab.ca\/pl\/produkty-komercyjne\/#breadcrumb"},"inLanguage":"pl-PL","potentialAction":[{"@type":"ReadAction","target":["https:\/\/presfab.ca\/pl\/produkty-komercyjne\/"]}]},{"@type":"ImageObject","inLanguage":"pl-PL","@id":"https:\/\/presfab.ca\/pl\/produkty-komercyjne\/#primaryimage","url":"https:\/\/presfab.ca\/wp-content\/uploads\/2024\/10\/CARPET-01.1-compress.jpg","contentUrl":"https:\/\/presfab.ca\/wp-content\/uploads\/2024\/10\/CARPET-01.1-compress.jpg"},{"@type":"BreadcrumbList","@id":"https:\/\/presfab.ca\/pl\/produkty-komercyjne\/#breadcrumb","itemListElement":[{"@type":"ListItem","position":1,"name":"Home","item":"https:\/\/presfab.ca\/pl\/"},{"@type":"ListItem","position":2,"name":"Produkty komercyjne"}]},{"@type":"WebSite","@id":"https:\/\/presfab.ca\/pl\/#website","url":"https:\/\/presfab.ca\/pl\/","name":"PRESFAB HIGHWAY","description":"Manhole Riser Rings, Delineator Bases, Channelizer Bases, Sign bases and more!","publisher":{"@id":"https:\/\/presfab.ca\/pl\/#organization"},"potentialAction":[{"@type":"SearchAction","target":{"@type":"EntryPoint","urlTemplate":"https:\/\/presfab.ca\/pl\/?s={search_term_string}"},"query-input":{"@type":"PropertyValueSpecification","valueRequired":true,"valueName":"search_term_string"}}],"inLanguage":"pl-PL"},{"@type":"Organization","@id":"https:\/\/presfab.ca\/pl\/#organization","name":"PRESFAB HIGHWAY","url":"https:\/\/presfab.ca\/pl\/","logo":{"@type":"ImageObject","inLanguage":"pl-PL","@id":"https:\/\/presfab.ca\/pl\/#\/schema\/logo\/image\/","url":"https:\/\/presfab.ca\/wp-content\/uploads\/2025\/01\/Asset-1ZoomOut.png","contentUrl":"https:\/\/presfab.ca\/wp-content\/uploads\/2025\/01\/Asset-1ZoomOut.png","width":118,"height":46,"caption":"PRESFAB HIGHWAY"},"image":{"@id":"https:\/\/presfab.ca\/pl\/#\/schema\/logo\/image\/"},"sameAs":["https:\/\/www.facebook.com\/PresfabHighway","https:\/\/x.com\/PresfabHighway","https:\/\/www.linkedin.com\/company\/presfab-highway\/?viewAsMember=true"],"description":"Presfab Highway is a manufacturer of traffic safety products, and manhole and aquaduct grade riser rings. We make bases for Channelizer drums (TR& & TC54), Bases for RD-10 Delineator Posts, Temporary sign bases, speed bumps.","email":"sales@presfab.ca","telephone":"450-979-0007"}]}},"jetpack_sharing_enabled":true,"_links":{"self":[{"href":"https:\/\/presfab.ca\/pl\/wp-json\/wp\/v2\/pages\/3419","targetHints":{"allow":["GET"]}}],"collection":[{"href":"https:\/\/presfab.ca\/pl\/wp-json\/wp\/v2\/pages"}],"about":[{"href":"https:\/\/presfab.ca\/pl\/wp-json\/wp\/v2\/types\/page"}],"author":[{"embeddable":true,"href":"https:\/\/presfab.ca\/pl\/wp-json\/wp\/v2\/users\/1"}],"replies":[{"embeddable":true,"href":"https:\/\/presfab.ca\/pl\/wp-json\/wp\/v2\/comments?post=3419"}],"version-history":[{"count":1,"href":"https:\/\/presfab.ca\/pl\/wp-json\/wp\/v2\/pages\/3419\/revisions"}],"predecessor-version":[{"id":3423,"href":"https:\/\/presfab.ca\/pl\/wp-json\/wp\/v2\/pages\/3419\/revisions\/3423"}],"wp:attachment":[{"href":"https:\/\/presfab.ca\/pl\/wp-json\/wp\/v2\/media?parent=3419"}],"curies":[{"name":"wp","href":"https:\/\/api.w.org\/{rel}","templated":true}]}}